{"id":53109,"date":"2025-02-19T13:06:25","date_gmt":"2025-02-19T12:06:25","guid":{"rendered":"https:\/\/www.oudadl.testontwikkeling.nl\/?post_type=product&#038;p=53109"},"modified":"2025-11-14T02:46:31","modified_gmt":"2025-11-14T01:46:31","slug":"hella-jumbo-full-led-verstraler-staand","status":"publish","type":"product","link":"https:\/\/www.oudadl.testontwikkeling.nl\/de\/product\/hella-jumbo-full-led-verstraler-staand\/","title":{"rendered":"Hella Jumbo Full LED - STEHEND"},"content":{"rendered":"<p><span style=\"color: #000000\"><strong>Hella Jumbo Full LED Scheinwerfer STEHEND, f\u00fcr 12 und 24 Volt.\u00a0<\/strong><\/span><\/p>\n<p><span style=\"color: #000000\">Sie suchen einen leistungsstarken Scheinwerfer, der Ihren LKW nicht nur sicherer macht, sondern ihm auch ein professionelles und robustes Erscheinungsbild verleiht? Dann ist der Strahler Hella Jumbo LED genau das Richtige f\u00fcr Sie. Dieser vollwertige LED-Strahler ist sowohl f\u00fcr 12 als auch f\u00fcr 24 Volt geeignet, f\u00fcr die aufrechte Montage konzipiert und bietet zuverl\u00e4ssige Leistung unter allen Bedingungen. Dank der 100% LED Technologie und der charakteristischen Edge Light Positionsbeleuchtung bleiben Sie sowohl tags\u00fcber als auch nachts immer gut sichtbar. Die einzigartige streetsmile-Lichtsignatur verleiht der Lampe ein erkennbares und modernes Aussehen, durch das Ihr Lkw sofort auff\u00e4llt.<\/span><\/p>\n<p><span style=\"color: #000000\">Eingeschaltet zeigt der Strahler Hella Jumbo LED im Stehen sofort seine volle Power: Das helle Licht ist mit Tageslicht vergleichbar. Das bedeutet hervorragende Sicht, weniger Erm\u00fcdung und mehr Sicherheit im Stra\u00dfenverkehr, insbesondere bei schlechtem Wetter oder im Dunkeln. Das verz\u00f6gerungsfreie Lichtsignal bietet zudem eine auff\u00e4llige Signalfunktion. Das robuste Kunststoffgeh\u00e4use ist leicht, aber besonders robust und dank des geringen Energieverbrauchs k\u00f6nnen Sie sicher sein, dass Ihr Akku nicht unn\u00f6tig entladen wird. Selbstverst\u00e4ndlich ist dieser Scheinwerfer vollst\u00e4ndig TP141Tig ECE-zugelassen. Kurz gesagt: maximale Sichtbarkeit, modernes Design und zuverl\u00e4ssige Technologie in einer leistungsstarken LED-Lampe.<\/span><\/p>\n<h5><span style=\"color: #000000\"><strong>Abmessungen:<\/strong><\/span><\/h5>\n<p><span style=\"color: #000000\">Damit Sie diesen stehenden Vollstrahler LED der Marke Hella auch an Ihrem Auto oder LKW montieren k\u00f6nnen, haben wir Ihnen die Ma\u00dfe unten notiert:<\/span><\/p>\n<ul>\n<li><span style=\"color: #000000\">H\u00f6he: 132 mm (141 mm inkl. Halter)<\/span><\/li>\n<li><span style=\"color: #000000\">L\u00e4nge: 238 mm<\/span><\/li>\n<li><span style=\"color: #000000\">Dicke: 113 mm<\/span><\/li>\n<\/ul>\n<p><span style=\"color: #000000\"><em>Hella Artikelnummer: 1FE 016 773-001<\/em><\/span><\/p>\n<h5><span style=\"color: #000000\"><strong>Andere Versionen:\u00a0<\/strong><\/span><\/h5>\n<p><span style=\"color: #000000\">Ist das genau das Modell, das Sie suchen, aber Sie ben\u00f6tigen eine h\u00e4ngende Version? Schauen Sie sich auch den Pendelstrahler Hella Jumbo LED an, der dieselbe starke Leistung bietet, aber f\u00fcr eine andere Montageoption geeignet ist.<\/span><\/p>\n<ul>\n<li><a href=\"https:\/\/www.oudadl.testontwikkeling.nl\/de\/produkt\/hella-jumbo-full-led-verstraler-hangend\/\"><span style=\"color: #000000\"><strong>Hella Jumbo Vollstrahler LED H\u00c4NGEND<\/strong><\/span><\/a><\/li>\n<\/ul>\n<p><span style=\"color: #000000\">Sie sind unsicher, ob dieses Modell das Richtige f\u00fcr Sie ist? Vielleicht entspricht die Form, Technik oder Verarbeitung nicht Ihren Vorstellungen. Dann klicken Sie sich unbedingt durch zu unserer \u00dcbersichtsseite mit allen <a style=\"color: #000000\" href=\"https:\/\/www.oudadl.testontwikkeling.nl\/de\/produkt-kategorie\/scheinwerfer\/\">Scheinwerfer<\/a>. Dort finden Sie noch viele weitere Modelle, von gro\u00df bis klein, klassisch oder modern, bestimmt ist auch das passende Modell f\u00fcr Ihre Anspr\u00fcche dabei.<br \/>\n<\/span><\/p>","protected":false},"excerpt":{"rendered":"<p>Hella Jumbo full LED verstraler STAAND, voor 12 en 24 volt.\u00a0 Zoek je een krachtige verstraler die jouw vrachtwagen niet alleen veiliger maakt, maar ook een professionele en robuuste uitstraling geeft? Dan is de Hella Jumbo LED verstraler precies wat je zoekt. Deze full LED verstraler is geschikt voor zowel 12 als 24 volt en [&hellip;]<\/p>\n","protected":false},"featured_media":55149,"comment_status":"open","ping_status":"closed","template":"","meta":{"_acf_changed":false,"site-sidebar-layout":"default","site-content-layout":"","ast-site-content-layout":"default","site-content-style":"default","site-sidebar-style":"default","ast-global-header-display":"","ast-banner-title-visibility":"","ast-main-header-display":"","ast-hfb-above-header-display":"","ast-hfb-below-header-display":"","ast-hfb-mobile-header-display":"","site-post-title":"","ast-breadcrumbs-content":"","ast-featured-img":"","footer-sml-layout":"","ast-disable-related-posts":"","theme-transparent-header-meta":"default","adv-header-id-meta":"","stick-header-meta":"","header-above-stick-meta":"","header-main-stick-meta":"","header-below-stick-meta":"","astra-migrate-meta-layouts":"set","ast-page-background-enabled":"default","ast-page-background-meta":{"desktop":{"background-color":"","background-image":"","background-repeat":"repeat","background-position":"center center","background-size":"auto","background-attachment":"scroll","background-type":"","background-media":"","overlay-type":"","overlay-color":"","overlay-opacity":"","overlay-gradient":""},"tablet":{"background-color":"","background-image":"","background-repeat":"repeat","background-position":"center center","background-size":"auto","background-attachment":"scroll","background-type":"","background-media":"","overlay-type":"","overlay-color":"","overlay-opacity":"","overlay-gradient":""},"mobile":{"background-color":"","background-image":"","background-repeat":"repeat","background-position":"center center","background-size":"auto","background-attachment":"scroll","background-type":"","background-media":"","overlay-type":"","overlay-color":"","overlay-opacity":"","overlay-gradient":""}},"ast-content-background-meta":{"desktop":{"background-color":"var(--ast-global-color-5)","background-image":"","background-repeat":"repeat","background-position":"center center","background-size":"auto","background-attachment":"scroll","background-type":"","background-media":"","overlay-type":"","overlay-color":"","overlay-opacity":"","overlay-gradient":""},"tablet":{"background-color":"var(--ast-global-color-5)","background-image":"","background-repeat":"repeat","background-position":"center center","background-size":"auto","background-attachment":"scroll","background-type":"","background-media":"","overlay-type":"","overlay-color":"","overlay-opacity":"","overlay-gradient":""},"mobile":{"background-color":"var(--ast-global-color-5)","background-image":"","background-repeat":"repeat","background-position":"center center","background-size":"auto","background-attachment":"scroll","background-type":"","background-media":"","overlay-type":"","overlay-color":"","overlay-opacity":"","overlay-gradient":""}}},"product_brand":[],"product_cat":[7963],"product_tag":[267,2466,5817,5822,5823,5824,5825,5821,2465],"class_list":{"0":"post-53109","1":"product","2":"type-product","3":"status-publish","4":"has-post-thumbnail","6":"product_cat-verstraler-ovaal","7":"product_tag-hella","8":"product_tag-verstraler-hella","9":"product_tag-led-verstraler","10":"product_tag-led-verstraler-auto","11":"product_tag-led-verstraler-camper","12":"product_tag-led-verstraler-pickup","13":"product_tag-led-verstraler-tractor","14":"product_tag-led-verstraler-vrachtwagen","15":"product_tag-verstraler-met-stadslicht","16":"pa_merkk-product-hella","17":"desktop-align-left","18":"tablet-align-left","19":"mobile-align-left","21":"first","22":"instock","23":"taxable","24":"shipping-taxable","25":"purchasable","26":"product-type-simple"},"acf":[],"yoast_head":"<!-- This site is optimized with the Yoast SEO Premium plugin v25.9 (Yoast SEO v27.6) - https:\/\/yoast.com\/product\/yoast-seo-premium-wordpress\/ -->\n<title>Hella Jumbo LED verstraler staand - LED verstraler - All Day Led - 12&amp;24v<\/title>\n<meta name=\"description\" content=\"Hella Jumbo LED verstraler - voor 12&amp;24 volt - 1FE 016 773-001 - full LED verstraler - staand model - met ECE R10 keurmerk - voor vrachtwagen en meer\" \/>\n<meta name=\"robots\" content=\"noindex, follow, max-snippet:-1, max-image-preview:large, max-video-preview:-1\" \/>\n<meta property=\"og:locale\" content=\"de_DE\" \/>\n<meta property=\"og:type\" content=\"article\" \/>\n<meta property=\"og:title\" content=\"Hella Jumbo LED verstraler staand - LED verstraler - All Day Led - 12&amp;24v\" \/>\n<meta property=\"og:description\" content=\"Hella Jumbo LED verstraler - voor 12&amp;24 volt - 1FE 016 773-001 - full LED verstraler - staand model - met ECE R10 keurmerk - voor vrachtwagen en meer\" \/>\n<meta property=\"og:url\" content=\"https:\/\/www.oudadl.testontwikkeling.nl\/de\/produkt\/hella-jumbo-full-led-verstraler-staand\/\" \/>\n<meta property=\"og:site_name\" content=\"All Day Led\" \/>\n<meta property=\"article:publisher\" content=\"https:\/\/www.facebook.com\/alldayled\/\" \/>\n<meta property=\"article:modified_time\" content=\"2025-11-14T01:46:31+00:00\" \/>\n<meta property=\"og:image\" content=\"https:\/\/www.oudadl.testontwikkeling.nl\/wp-content\/uploads\/2025\/02\/ADL773001-SM-2.png\" \/>\n\t<meta property=\"og:image:width\" content=\"800\" \/>\n\t<meta property=\"og:image:height\" content=\"800\" \/>\n\t<meta property=\"og:image:type\" content=\"image\/png\" \/>\n<meta name=\"twitter:label1\" content=\"Preis\" \/>\n\t<meta name=\"twitter:data1\" content=\"&euro;169,00\" \/>\n\t<meta name=\"twitter:label2\" content=\"Verf\u00fcgbarkeit\" \/>\n\t<meta name=\"twitter:data2\" content=\"Auf Lager\" \/>\n<script type=\"application\/ld+json\" class=\"yoast-schema-graph\">{\"@context\":\"https:\\\/\\\/schema.org\",\"@graph\":[{\"@type\":\"WebPage\",\"@id\":\"https:\\\/\\\/www.oudadl.testontwikkeling.nl\\\/product\\\/hella-jumbo-full-led-verstraler-staand\\\/\",\"url\":\"https:\\\/\\\/www.oudadl.testontwikkeling.nl\\\/product\\\/hella-jumbo-full-led-verstraler-staand\\\/\",\"name\":\"Hella Jumbo LED verstraler staand - LED verstraler - All Day Led - 12&24v\",\"isPartOf\":{\"@id\":\"https:\\\/\\\/www.oudadl.testontwikkeling.nl\\\/#website\"},\"primaryImageOfPage\":{\"@id\":\"https:\\\/\\\/www.oudadl.testontwikkeling.nl\\\/product\\\/hella-jumbo-full-led-verstraler-staand\\\/#primaryimage\"},\"image\":{\"@id\":\"https:\\\/\\\/www.oudadl.testontwikkeling.nl\\\/product\\\/hella-jumbo-full-led-verstraler-staand\\\/#primaryimage\"},\"thumbnailUrl\":\"https:\\\/\\\/www.oudadl.testontwikkeling.nl\\\/wp-content\\\/uploads\\\/2025\\\/04\\\/ADL773001.png\",\"datePublished\":\"2025-02-19T12:06:25+00:00\",\"dateModified\":\"2025-11-14T01:46:31+00:00\",\"description\":\"Hella Jumbo LED verstraler - voor 12&24 volt - 1FE 016 773-001 - full LED verstraler - staand model - met ECE R10 keurmerk - voor vrachtwagen en meer\",\"breadcrumb\":{\"@id\":\"https:\\\/\\\/www.oudadl.testontwikkeling.nl\\\/product\\\/hella-jumbo-full-led-verstraler-staand\\\/#breadcrumb\"},\"inLanguage\":\"de\",\"potentialAction\":[{\"@type\":\"ReadAction\",\"target\":[\"https:\\\/\\\/www.oudadl.testontwikkeling.nl\\\/product\\\/hella-jumbo-full-led-verstraler-staand\\\/\"]}]},{\"@type\":\"ImageObject\",\"inLanguage\":\"de\",\"@id\":\"https:\\\/\\\/www.oudadl.testontwikkeling.nl\\\/product\\\/hella-jumbo-full-led-verstraler-staand\\\/#primaryimage\",\"url\":\"https:\\\/\\\/www.oudadl.testontwikkeling.nl\\\/wp-content\\\/uploads\\\/2025\\\/04\\\/ADL773001.png\",\"contentUrl\":\"https:\\\/\\\/www.oudadl.testontwikkeling.nl\\\/wp-content\\\/uploads\\\/2025\\\/04\\\/ADL773001.png\",\"width\":800,\"height\":600,\"caption\":\"Hella Jumbo full LED verstraler staand - geschikt voor 12 en \\\/ of 24 volt gebruik - 1FE 016 773-001 - edge light\"},{\"@type\":\"BreadcrumbList\",\"@id\":\"https:\\\/\\\/www.oudadl.testontwikkeling.nl\\\/product\\\/hella-jumbo-full-led-verstraler-staand\\\/#breadcrumb\",\"itemListElement\":[{\"@type\":\"ListItem\",\"position\":1,\"name\":\"Home\",\"item\":\"https:\\\/\\\/www.oudadl.testontwikkeling.nl\\\/\"},{\"@type\":\"ListItem\",\"position\":2,\"name\":\"Shop\",\"item\":\"https:\\\/\\\/www.oudadl.testontwikkeling.nl\\\/de\\\/shop\\\/\"},{\"@type\":\"ListItem\",\"position\":3,\"name\":\"Verstralers\",\"item\":\"https:\\\/\\\/www.oudadl.testontwikkeling.nl\\\/product-categorie\\\/verstralers\\\/\"},{\"@type\":\"ListItem\",\"position\":4,\"name\":\"Verstraler ovaal\",\"item\":\"https:\\\/\\\/www.oudadl.testontwikkeling.nl\\\/product-categorie\\\/verstralers\\\/verstraler-ovaal\\\/\"},{\"@type\":\"ListItem\",\"position\":5,\"name\":\"Hella Jumbo full LED verstraler &#8211; STAAND\"}]},{\"@type\":\"WebSite\",\"@id\":\"https:\\\/\\\/www.oudadl.testontwikkeling.nl\\\/#website\",\"url\":\"https:\\\/\\\/www.oudadl.testontwikkeling.nl\\\/\",\"name\":\"All Day Led\",\"description\":\"\",\"publisher\":{\"@id\":\"https:\\\/\\\/www.oudadl.testontwikkeling.nl\\\/#organization\"},\"potentialAction\":[{\"@type\":\"SearchAction\",\"target\":{\"@type\":\"EntryPoint\",\"urlTemplate\":\"https:\\\/\\\/www.oudadl.testontwikkeling.nl\\\/?s={search_term_string}\"},\"query-input\":{\"@type\":\"PropertyValueSpecification\",\"valueRequired\":true,\"valueName\":\"search_term_string\"}}],\"inLanguage\":\"de\"},{\"@type\":\"Organization\",\"@id\":\"https:\\\/\\\/www.oudadl.testontwikkeling.nl\\\/#organization\",\"name\":\"All Day Led\",\"url\":\"https:\\\/\\\/www.oudadl.testontwikkeling.nl\\\/\",\"logo\":{\"@type\":\"ImageObject\",\"inLanguage\":\"de\",\"@id\":\"https:\\\/\\\/www.oudadl.testontwikkeling.nl\\\/#\\\/schema\\\/logo\\\/image\\\/\",\"url\":\"https:\\\/\\\/www.oudadl.testontwikkeling.nl\\\/wp-content\\\/uploads\\\/2022\\\/08\\\/Logo-ALL-DAY-LED-800x800-zwart-witte-letters.png\",\"contentUrl\":\"https:\\\/\\\/www.oudadl.testontwikkeling.nl\\\/wp-content\\\/uploads\\\/2022\\\/08\\\/Logo-ALL-DAY-LED-800x800-zwart-witte-letters.png\",\"width\":800,\"height\":800,\"caption\":\"All Day Led\"},\"image\":{\"@id\":\"https:\\\/\\\/www.oudadl.testontwikkeling.nl\\\/#\\\/schema\\\/logo\\\/image\\\/\"},\"sameAs\":[\"https:\\\/\\\/www.facebook.com\\\/alldayled\\\/\",\"https:\\\/\\\/www.instagram.com\\\/alldayled\\\/\"],\"vatID\":\"NL863960133B01\",\"taxID\":\"86416545\",\"hasMerchantReturnPolicy\":{\"@type\":\"MerchantReturnPolicy\",\"merchantReturnLink\":\"https:\\\/\\\/www.oudadl.testontwikkeling.nl\\\/de\\\/verzenden-retourneren\\\/\"}}]}<\/script>\n<meta property=\"product:brand\" content=\"Hella\" \/>\n<meta property=\"product:price:amount\" content=\"169.00\" \/>\n<meta property=\"product:price:currency\" content=\"EUR\" \/>\n<meta property=\"og:availability\" content=\"instock\" \/>\n<meta property=\"product:availability\" content=\"instock\" \/>\n<meta property=\"product:retailer_item_id\" content=\"ADL773001\" \/>\n<meta property=\"product:condition\" content=\"new\" \/>\n<!-- \/ Yoast SEO Premium plugin. -->","yoast_head_json":{"title":"Hella Jumbo Full LED Scheinwerfer stehend - LED Strahler - All Day Led - 12&amp;24v","description":"Hella Jumbo Full LED Scheinwerfer - f\u00fcr 12&amp;24 volt - 1FE 016 773-001  - modell: STEHEND - mit ECE R10 Pr\u00fcfzeichen - f\u00fcr LKW und mehr","robots":{"index":"noindex","follow":"follow","max-snippet":"max-snippet:-1","max-image-preview":"max-image-preview:large","max-video-preview":"max-video-preview:-1"},"og_locale":"de_DE","og_type":"article","og_title":"Hella Jumbo LED verstraler staand - LED verstraler - All Day Led - 12&24v","og_description":"Hella Jumbo LED verstraler - voor 12&24 volt - 1FE 016 773-001 - full LED verstraler - staand model - met ECE R10 keurmerk - voor vrachtwagen en meer","og_url":"https:\/\/www.oudadl.testontwikkeling.nl\/de\/produkt\/hella-jumbo-full-led-verstraler-staand\/","og_site_name":"All Day Led","article_publisher":"https:\/\/www.facebook.com\/alldayled\/","article_modified_time":"2025-11-14T01:46:31+00:00","og_image":[{"width":800,"height":800,"url":"https:\/\/www.oudadl.testontwikkeling.nl\/wp-content\/uploads\/2025\/02\/ADL773001-SM-2.png","type":"image\/png"}],"twitter_misc":{"Preis":"&euro;169,00","Verf\u00fcgbarkeit":"Auf Lager"},"schema":{"@context":"https:\/\/schema.org","@graph":[{"@type":"WebPage","@id":"https:\/\/www.oudadl.testontwikkeling.nl\/product\/hella-jumbo-full-led-verstraler-staand\/","url":"https:\/\/www.oudadl.testontwikkeling.nl\/product\/hella-jumbo-full-led-verstraler-staand\/","name":"Hella Jumbo Full LED Scheinwerfer stehend - LED Strahler - All Day Led - 12&amp;24v","isPartOf":{"@id":"https:\/\/www.oudadl.testontwikkeling.nl\/#website"},"primaryImageOfPage":{"@id":"https:\/\/www.oudadl.testontwikkeling.nl\/product\/hella-jumbo-full-led-verstraler-staand\/#primaryimage"},"image":{"@id":"https:\/\/www.oudadl.testontwikkeling.nl\/product\/hella-jumbo-full-led-verstraler-staand\/#primaryimage"},"thumbnailUrl":"https:\/\/www.oudadl.testontwikkeling.nl\/wp-content\/uploads\/2025\/04\/ADL773001.png","datePublished":"2025-02-19T12:06:25+00:00","dateModified":"2025-11-14T01:46:31+00:00","description":"Hella Jumbo Full LED Scheinwerfer - f\u00fcr 12&amp;24 volt - 1FE 016 773-001  - modell: STEHEND - mit ECE R10 Pr\u00fcfzeichen - f\u00fcr LKW und mehr","breadcrumb":{"@id":"https:\/\/www.oudadl.testontwikkeling.nl\/product\/hella-jumbo-full-led-verstraler-staand\/#breadcrumb"},"inLanguage":"de","potentialAction":[{"@type":"ReadAction","target":["https:\/\/www.oudadl.testontwikkeling.nl\/product\/hella-jumbo-full-led-verstraler-staand\/"]}]},{"@type":"ImageObject","inLanguage":"de","@id":"https:\/\/www.oudadl.testontwikkeling.nl\/product\/hella-jumbo-full-led-verstraler-staand\/#primaryimage","url":"https:\/\/www.oudadl.testontwikkeling.nl\/wp-content\/uploads\/2025\/04\/ADL773001.png","contentUrl":"https:\/\/www.oudadl.testontwikkeling.nl\/wp-content\/uploads\/2025\/04\/ADL773001.png","width":800,"height":600,"caption":"Hella Jumbo full LED verstraler staand - geschikt voor 12 en \/ of 24 volt gebruik - 1FE 016 773-001 - edge light"},{"@type":"BreadcrumbList","@id":"https:\/\/www.oudadl.testontwikkeling.nl\/product\/hella-jumbo-full-led-verstraler-staand\/#breadcrumb","itemListElement":[{"@type":"ListItem","position":1,"name":"Home","item":"https:\/\/www.oudadl.testontwikkeling.nl\/"},{"@type":"ListItem","position":2,"name":"Shop","item":"https:\/\/www.oudadl.testontwikkeling.nl\/de\/shop\/"},{"@type":"ListItem","position":3,"name":"Verstralers","item":"https:\/\/www.oudadl.testontwikkeling.nl\/product-categorie\/verstralers\/"},{"@type":"ListItem","position":4,"name":"Verstraler ovaal","item":"https:\/\/www.oudadl.testontwikkeling.nl\/product-categorie\/verstralers\/verstraler-ovaal\/"},{"@type":"ListItem","position":5,"name":"Hella Jumbo full LED verstraler &#8211; STAAND"}]},{"@type":"WebSite","@id":"https:\/\/www.oudadl.testontwikkeling.nl\/#website","url":"https:\/\/www.oudadl.testontwikkeling.nl\/","name":"All Day Led","description":"","publisher":{"@id":"https:\/\/www.oudadl.testontwikkeling.nl\/#organization"},"potentialAction":[{"@type":"SearchAction","target":{"@type":"EntryPoint","urlTemplate":"https:\/\/www.oudadl.testontwikkeling.nl\/?s={search_term_string}"},"query-input":{"@type":"PropertyValueSpecification","valueRequired":true,"valueName":"search_term_string"}}],"inLanguage":"de"},{"@type":"Organization","@id":"https:\/\/www.oudadl.testontwikkeling.nl\/#organization","name":"All Day Led","url":"https:\/\/www.oudadl.testontwikkeling.nl\/","logo":{"@type":"ImageObject","inLanguage":"de","@id":"https:\/\/www.oudadl.testontwikkeling.nl\/#\/schema\/logo\/image\/","url":"https:\/\/www.oudadl.testontwikkeling.nl\/wp-content\/uploads\/2022\/08\/Logo-ALL-DAY-LED-800x800-zwart-witte-letters.png","contentUrl":"https:\/\/www.oudadl.testontwikkeling.nl\/wp-content\/uploads\/2022\/08\/Logo-ALL-DAY-LED-800x800-zwart-witte-letters.png","width":800,"height":800,"caption":"All Day Led"},"image":{"@id":"https:\/\/www.oudadl.testontwikkeling.nl\/#\/schema\/logo\/image\/"},"sameAs":["https:\/\/www.facebook.com\/alldayled\/","https:\/\/www.instagram.com\/alldayled\/"],"vatID":"NL863960133B01","taxID":"86416545","hasMerchantReturnPolicy":{"@type":"MerchantReturnPolicy","merchantReturnLink":"https:\/\/www.oudadl.testontwikkeling.nl\/de\/verzenden-retourneren\/"}}]},"product_brand":"Hella","product_price_amount":"169.00","product_price_currency":"EUR","og_availability":"instock","product_availability":"instock","product_retailer_item_id":"ADL773001","product_condition":"new"},"_links":{"self":[{"href":"https:\/\/www.oudadl.testontwikkeling.nl\/de\/wp-json\/wp\/v2\/product\/53109","targetHints":{"allow":["GET"]}}],"collection":[{"href":"https:\/\/www.oudadl.testontwikkeling.nl\/de\/wp-json\/wp\/v2\/product"}],"about":[{"href":"https:\/\/www.oudadl.testontwikkeling.nl\/de\/wp-json\/wp\/v2\/types\/product"}],"replies":[{"embeddable":true,"href":"https:\/\/www.oudadl.testontwikkeling.nl\/de\/wp-json\/wp\/v2\/comments?post=53109"}],"wp:featuredmedia":[{"embeddable":true,"href":"https:\/\/www.oudadl.testontwikkeling.nl\/de\/wp-json\/wp\/v2\/media\/55149"}],"wp:attachment":[{"href":"https:\/\/www.oudadl.testontwikkeling.nl\/de\/wp-json\/wp\/v2\/media?parent=53109"}],"wp:term":[{"taxonomy":"product_brand","embeddable":true,"href":"https:\/\/www.oudadl.testontwikkeling.nl\/de\/wp-json\/wp\/v2\/product_brand?post=53109"},{"taxonomy":"product_cat","embeddable":true,"href":"https:\/\/www.oudadl.testontwikkeling.nl\/de\/wp-json\/wp\/v2\/product_cat?post=53109"},{"taxonomy":"product_tag","embeddable":true,"href":"https:\/\/www.oudadl.testontwikkeling.nl\/de\/wp-json\/wp\/v2\/product_tag?post=53109"}],"curies":[{"name":"wp","href":"https:\/\/api.w.org\/{rel}","templated":true}]}}