{"id":52914,"date":"2025-02-05T16:25:10","date_gmt":"2025-02-05T15:25:10","guid":{"rendered":"https:\/\/www.oudadl.testontwikkeling.nl\/?post_type=product&#038;p=52914"},"modified":"2025-04-15T13:25:32","modified_gmt":"2025-04-15T11:25:32","slug":"strands-siberia-xp-led-bar-dr-42","status":"publish","type":"product","link":"https:\/\/www.oudadl.testontwikkeling.nl\/de\/product\/strands-siberia-xp-led-bar-dr-42\/","title":{"rendered":"Strands Siberia XP LED bar DR - 42''"},"content":{"rendered":"<p><span style=\"color: #000000;\"><strong>Strands Siberia XP LED bar double row 42 Zoll, f\u00fcr 12 und 24 Volt.<\/strong><\/span><\/p>\n<p><span style=\"color: #000000;\">Sie suchen nach dem perfekten LED bar f\u00fcr Ihr Auto, Ihren LKW, Ihren SUV, Ihr Wohnmobil oder Ihren Traktor, sind sich aber nicht sicher, welches Sie w\u00e4hlen sollen? Das Siberia XP LED bar DR 42&quot; ist m\u00f6glicherweise die ideale Wahl! Dieses leistungsstarke LED bar ist mit der DUAL COLOR-Standlichtfunktion ausgestattet, mit der Sie zwischen wei\u00dfem und gelbem Licht wechseln k\u00f6nnen. Egal, ob Sie ein 12- oder 24-Volt-Fahrzeug fahren, dieses LED bar passt sich m\u00fchelos an. Dar\u00fcber hinaus ist das Strands Siberia XP LED bar nach den ECE R148- und R149-Pr\u00fcfzeichen zugelassen, sodass Sie es problemlos auf \u00f6ffentlichen Stra\u00dfen verwenden k\u00f6nnen.<\/span><\/p>\n<p><span style=\"color: #000000;\">Sind Sie sicher, dass dies die richtige Lampe f\u00fcr Sie ist? Kein Problem! Wir haben die wichtigsten Spezifikationen f\u00fcr Sie aufgelistet. Der Strands Siberia XP LED bar Double Row 42&quot; verf\u00fcgt nicht nur \u00fcber die ECE R148- und R149-Zulassungen, sondern ist auch aus robustem Aluminium gefertigt und mit einer Polycarbonatlinse ausgestattet. Dies macht den LED bar langlebig und f\u00fcr verschiedene Fahrzeuge geeignet. Kurz gesagt: Dieser LED bar bietet alles, was Sie suchen: Top-Qualit\u00e4t, bew\u00e4hrte Leistung und eine lange Lebensdauer!<\/span><\/p>\n<h5><span style=\"color: #000000;\"><strong>Abmessungen:<\/strong><\/span><\/h5>\n<p><span style=\"color: #000000;\">Damit Sie sicher sein k\u00f6nnen, dass die Lampe auch dort passt, wo Sie sie anbringen m\u00f6chten, ist es wichtig, die Ma\u00dfe zu kennen. Die Abmessungen des Strands Siberia XP LED bar Double Row 42\u201d sind wie folgt:<\/span><\/p>\n<ul>\n<li><span style=\"color: #000000;\">H\u00f6he: 76 mm (96,6 mm inkl. Halterung)<\/span><\/li>\n<li><span style=\"color: #000000;\">Breite: 1075,4 mm<\/span><\/li>\n<li><span style=\"color: #000000;\">Dicke: 71,6 mm<\/span><\/li>\n<\/ul>\n<p><span style=\"color: #000000;\">Bitte beachten Sie, dass die Lampe Strands Siberia XP LED standardm\u00e4\u00dfig mit einem Satz Montagehalterungen geliefert wird. Diese Halterungen erm\u00f6glichen Ihnen die Befestigung der Lampe von der R\u00fcckseite. Um Ihnen eine klare Vorstellung davon zu geben, was wir meinen, empfehlen wir Ihnen einen Blick auf Abbildung 7 zu werfen.<\/span><\/p>\n<h5><span style=\"color: #000000;\"><strong>Andere Abmessungen:\u00a0<\/strong><\/span><\/h5>\n<p><span style=\"color: #000000;\">Sie m\u00f6chten ein LED bar f\u00fcr Ihr Auto, SUV, Wohnmobil oder Ihren LKW, aber das Strands Siberia XP LED bar Double Row 42 Zoll ist nicht ganz das, was Sie suchen? Vielleicht weil die L\u00e4nge nicht optimal zu Ihrem Fahrzeug passt? Kein Problem! Strands bietet diese leistungsstarke LED-Leiste in mehreren Gr\u00f6\u00dfen an, sodass f\u00fcr Sie immer eine passende Option dabei ist. Sehen Sie sich unten die verschiedenen Optionen an.<\/span><\/p>\n<ul>\n<li><span style=\"color: #000000;\"><a style=\"color: #000000;\" href=\"https:\/\/www.oudadl.testontwikkeling.nl\/de\/produkt\/strands-siberia-xp-led-bar-dr-8\/\"><strong>Siberia XP DR 8 Zoll<\/strong><\/a><\/span><\/li>\n<li><span style=\"color: #000000;\"><a style=\"color: #000000;\" href=\"https:\/\/www.oudadl.testontwikkeling.nl\/de\/produkt\/strands-siberia-xp-led-bar-dr-12\/\"><strong>Siberia XP DR 12 Zoll<\/strong><\/a><\/span><\/li>\n<li><span style=\"color: #000000;\"><a style=\"color: #000000;\" href=\"https:\/\/www.oudadl.testontwikkeling.nl\/de\/produkt\/strands-siberia-xp-led-bar-dr-22\/\"><strong>Siberia XP DR 22 Zoll<\/strong><\/a><\/span><\/li>\n<li><span style=\"color: #000000;\"><a style=\"color: #000000;\" href=\"https:\/\/www.oudadl.testontwikkeling.nl\/de\/produkt\/strands-siberia-xp-led-bar-dr-32\/\"><strong>Siberia XP DR 32 Zoll<\/strong><\/a><\/span><\/li>\n<li><span style=\"color: #000000;\"><a style=\"color: #000000;\" href=\"https:\/\/www.oudadl.testontwikkeling.nl\/de\/produkt\/strands-siberia-xp-led-bar-dr-50\/\"><strong>Siberia XP DR 50 Zoll<\/strong><\/a><\/span><\/li>\n<\/ul>\n<p><span style=\"color: #000000;\">Sie haben alle Informationen gelesen, sind sich aber noch unsicher, ob dies die richtige Lampe f\u00fcr Sie ist? Vielleicht entspricht die Lichtleistung, Wattzahl oder Form des Strands Siberia XP LED bar Double Row 42 Zoll nicht ganz Ihren Anforderungen. Kein Problem! Sehen Sie sich hier die vollst\u00e4ndige Ausgabe von ledige an <a style=\"color: #000000;\" href=\"https:\/\/www.oudadl.testontwikkeling.nl\/de\/merk\/produkt-strands-beleuchtungsabteilung\/\" target=\"_blank\" rel=\"noopener\">Strands<\/a>\u00a0Sortiment und finden Sie heraus, ob das perfekte Modell f\u00fcr Ihr Fahrzeug dabei ist.<\/span><\/p>","protected":false},"excerpt":{"rendered":"<p>Strands Siberia XP LED bar double row 42 &#8221;, voor 12 en 24 volt. Op zoek naar de perfecte LED bar voor je auto, vrachtwagen, SUV, camper of tractor, maar weet je niet welke je moet kiezen? De Siberia XP LED bar DR 42 &#8221; zou zomaar eens de ideale keuze kunnen zijn! Deze krachtige [&hellip;]<\/p>\n","protected":false},"featured_media":54165,"comment_status":"open","ping_status":"closed","template":"","meta":{"_acf_changed":false,"site-sidebar-layout":"default","site-content-layout":"default","ast-site-content-layout":"default","site-content-style":"default","site-sidebar-style":"default","ast-global-header-display":"","ast-banner-title-visibility":"","ast-main-header-display":"","ast-hfb-above-header-display":"","ast-hfb-below-header-display":"","ast-hfb-mobile-header-display":"","site-post-title":"","ast-breadcrumbs-content":"","ast-featured-img":"","footer-sml-layout":"","ast-disable-related-posts":"","theme-transparent-header-meta":"default","adv-header-id-meta":"","stick-header-meta":"","header-above-stick-meta":"","header-main-stick-meta":"","header-below-stick-meta":"","astra-migrate-meta-layouts":"set","ast-page-background-enabled":"default","ast-page-background-meta":{"desktop":{"background-color":"","background-image":"","background-repeat":"repeat","background-position":"center center","background-size":"auto","background-attachment":"scroll","background-type":"","background-media":"","overlay-type":"","overlay-color":"","overlay-opacity":"","overlay-gradient":""},"tablet":{"background-color":"","background-image":"","background-repeat":"repeat","background-position":"center center","background-size":"auto","background-attachment":"scroll","background-type":"","background-media":"","overlay-type":"","overlay-color":"","overlay-opacity":"","overlay-gradient":""},"mobile":{"background-color":"","background-image":"","background-repeat":"repeat","background-position":"center center","background-size":"auto","background-attachment":"scroll","background-type":"","background-media":"","overlay-type":"","overlay-color":"","overlay-opacity":"","overlay-gradient":""}},"ast-content-background-meta":{"desktop":{"background-color":"var(--ast-global-color-5)","background-image":"","background-repeat":"repeat","background-position":"center center","background-size":"auto","background-attachment":"scroll","background-type":"","background-media":"","overlay-type":"","overlay-color":"","overlay-opacity":"","overlay-gradient":""},"tablet":{"background-color":"var(--ast-global-color-5)","background-image":"","background-repeat":"repeat","background-position":"center center","background-size":"auto","background-attachment":"scroll","background-type":"","background-media":"","overlay-type":"","overlay-color":"","overlay-opacity":"","overlay-gradient":""},"mobile":{"background-color":"var(--ast-global-color-5)","background-image":"","background-repeat":"repeat","background-position":"center center","background-size":"auto","background-attachment":"scroll","background-type":"","background-media":"","overlay-type":"","overlay-color":"","overlay-opacity":"","overlay-gradient":""}}},"product_brand":[],"product_cat":[7964,7258],"product_tag":[3786,3789,3788,5822,5823,5824,5825,5821,373,2426,3787,2427,6550,6551,2465],"class_list":{"0":"post-52914","1":"product","2":"type-product","3":"status-publish","4":"has-post-thumbnail","6":"product_cat-led-bar","7":"product_cat-strands-siberia","8":"product_tag-led-bar","9":"product_tag-led-bar-auto","10":"product_tag-led-bar-vrachtwagen","11":"product_tag-led-verstraler-auto","12":"product_tag-led-verstraler-camper","13":"product_tag-led-verstraler-pickup","14":"product_tag-led-verstraler-tractor","15":"product_tag-led-verstraler-vrachtwagen","16":"product_tag-led-werklamp","17":"product_tag-strands-led-verlichting","18":"product_tag-strands-werklamp","19":"product_tag-strands-lighting-division","20":"product_tag-strands-siberia-led-bar","21":"product_tag-strands-siberia-verstraler","22":"product_tag-verstraler-met-stadslicht","23":"pa_merkk-product-strands-lighting-division","24":"desktop-align-left","25":"tablet-align-left","26":"mobile-align-left","28":"first","29":"instock","30":"taxable","31":"shipping-taxable","32":"purchasable","33":"product-type-simple"},"acf":[],"yoast_head":"<!-- This site is optimized with the Yoast SEO Premium plugin v25.9 (Yoast SEO v27.6) - https:\/\/yoast.com\/product\/yoast-seo-premium-wordpress\/ -->\n<title>Siberia XP LED bar DR 42&#039;&#039; - Strands Lighting Division - All Day Led - voor 12&amp;24V<\/title>\n<meta name=\"description\" content=\"Strands Siberia XP LED bar DR 42&quot; - LED balk met aluminium behuizing en IP68\/69K keurmerk - met ECE R148 en ECE R149 keurmerk - Strands 809429\" \/>\n<meta name=\"robots\" content=\"noindex, follow, max-snippet:-1, max-image-preview:large, max-video-preview:-1\" \/>\n<meta property=\"og:locale\" content=\"de_DE\" \/>\n<meta property=\"og:type\" content=\"article\" \/>\n<meta property=\"og:title\" content=\"Siberia XP LED bar DR 42&#039;&#039; - Strands Lighting Division - All Day Led - voor 12&amp;24V\" \/>\n<meta property=\"og:description\" content=\"Strands Siberia XP LED bar DR 42&quot; - LED balk met aluminium behuizing en IP68\/69K keurmerk - met ECE R148 en ECE R149 keurmerk - Strands 809429\" \/>\n<meta property=\"og:url\" content=\"https:\/\/www.oudadl.testontwikkeling.nl\/de\/produkt\/strands-siberia-xp-led-bar-dr-42\/\" \/>\n<meta property=\"og:site_name\" content=\"All Day Led\" \/>\n<meta property=\"article:publisher\" content=\"https:\/\/www.facebook.com\/alldayled\/\" \/>\n<meta property=\"article:modified_time\" content=\"2025-04-15T11:25:32+00:00\" \/>\n<meta property=\"og:image\" content=\"https:\/\/www.oudadl.testontwikkeling.nl\/wp-content\/uploads\/2025\/03\/ADL809429.01.png\" \/>\n\t<meta property=\"og:image:width\" content=\"800\" \/>\n\t<meta property=\"og:image:height\" content=\"800\" \/>\n\t<meta property=\"og:image:type\" content=\"image\/png\" \/>\n<meta name=\"twitter:label1\" content=\"Preis\" \/>\n\t<meta name=\"twitter:data1\" content=\"&euro;559,00\" \/>\n\t<meta name=\"twitter:label2\" content=\"Verf\u00fcgbarkeit\" \/>\n\t<meta name=\"twitter:data2\" content=\"Auf Lager\" \/>\n<script type=\"application\/ld+json\" class=\"yoast-schema-graph\">{\"@context\":\"https:\\\/\\\/schema.org\",\"@graph\":[{\"@type\":\"WebPage\",\"@id\":\"https:\\\/\\\/www.oudadl.testontwikkeling.nl\\\/product\\\/strands-siberia-xp-led-bar-dr-42\\\/\",\"url\":\"https:\\\/\\\/www.oudadl.testontwikkeling.nl\\\/product\\\/strands-siberia-xp-led-bar-dr-42\\\/\",\"name\":\"Siberia XP LED bar DR 42'' - Strands Lighting Division - All Day Led - voor 12&24V\",\"isPartOf\":{\"@id\":\"https:\\\/\\\/www.oudadl.testontwikkeling.nl\\\/#website\"},\"primaryImageOfPage\":{\"@id\":\"https:\\\/\\\/www.oudadl.testontwikkeling.nl\\\/product\\\/strands-siberia-xp-led-bar-dr-42\\\/#primaryimage\"},\"image\":{\"@id\":\"https:\\\/\\\/www.oudadl.testontwikkeling.nl\\\/product\\\/strands-siberia-xp-led-bar-dr-42\\\/#primaryimage\"},\"thumbnailUrl\":\"https:\\\/\\\/www.oudadl.testontwikkeling.nl\\\/wp-content\\\/uploads\\\/2025\\\/02\\\/ADL809429.png\",\"datePublished\":\"2025-02-05T15:25:10+00:00\",\"dateModified\":\"2025-04-15T11:25:32+00:00\",\"description\":\"Strands Siberia XP LED bar DR 42\\\" - LED balk met aluminium behuizing en IP68\\\/69K keurmerk - met ECE R148 en ECE R149 keurmerk - Strands 809429\",\"breadcrumb\":{\"@id\":\"https:\\\/\\\/www.oudadl.testontwikkeling.nl\\\/product\\\/strands-siberia-xp-led-bar-dr-42\\\/#breadcrumb\"},\"inLanguage\":\"de\",\"potentialAction\":[{\"@type\":\"ReadAction\",\"target\":[\"https:\\\/\\\/www.oudadl.testontwikkeling.nl\\\/product\\\/strands-siberia-xp-led-bar-dr-42\\\/\"]}]},{\"@type\":\"ImageObject\",\"inLanguage\":\"de\",\"@id\":\"https:\\\/\\\/www.oudadl.testontwikkeling.nl\\\/product\\\/strands-siberia-xp-led-bar-dr-42\\\/#primaryimage\",\"url\":\"https:\\\/\\\/www.oudadl.testontwikkeling.nl\\\/wp-content\\\/uploads\\\/2025\\\/02\\\/ADL809429.png\",\"contentUrl\":\"https:\\\/\\\/www.oudadl.testontwikkeling.nl\\\/wp-content\\\/uploads\\\/2025\\\/02\\\/ADL809429.png\",\"width\":800,\"height\":600,\"caption\":\"Strands Siberia XP LED bar DR 42 inch - LED balk met 2 kleuren standlicht GEEL \\\/ WIT die geschikt is voor 12 en \\\/ of 24 volt gebruik - Strands 809429 - SIBERIA XP DR LED BAR 42\u2033 - EAN: 7323030192754\"},{\"@type\":\"BreadcrumbList\",\"@id\":\"https:\\\/\\\/www.oudadl.testontwikkeling.nl\\\/product\\\/strands-siberia-xp-led-bar-dr-42\\\/#breadcrumb\",\"itemListElement\":[{\"@type\":\"ListItem\",\"position\":1,\"name\":\"Home\",\"item\":\"https:\\\/\\\/www.oudadl.testontwikkeling.nl\\\/\"},{\"@type\":\"ListItem\",\"position\":2,\"name\":\"Shop\",\"item\":\"https:\\\/\\\/www.oudadl.testontwikkeling.nl\\\/de\\\/shop\\\/\"},{\"@type\":\"ListItem\",\"position\":3,\"name\":\"Verstralers\",\"item\":\"https:\\\/\\\/www.oudadl.testontwikkeling.nl\\\/product-categorie\\\/verstralers\\\/\"},{\"@type\":\"ListItem\",\"position\":4,\"name\":\"LED bar\",\"item\":\"https:\\\/\\\/www.oudadl.testontwikkeling.nl\\\/product-categorie\\\/verstralers\\\/led-bar\\\/\"},{\"@type\":\"ListItem\",\"position\":5,\"name\":\"Strands Siberia XP LED bar DR &#8211; 42&#8221;\"}]},{\"@type\":\"WebSite\",\"@id\":\"https:\\\/\\\/www.oudadl.testontwikkeling.nl\\\/#website\",\"url\":\"https:\\\/\\\/www.oudadl.testontwikkeling.nl\\\/\",\"name\":\"All Day Led\",\"description\":\"\",\"publisher\":{\"@id\":\"https:\\\/\\\/www.oudadl.testontwikkeling.nl\\\/#organization\"},\"potentialAction\":[{\"@type\":\"SearchAction\",\"target\":{\"@type\":\"EntryPoint\",\"urlTemplate\":\"https:\\\/\\\/www.oudadl.testontwikkeling.nl\\\/?s={search_term_string}\"},\"query-input\":{\"@type\":\"PropertyValueSpecification\",\"valueRequired\":true,\"valueName\":\"search_term_string\"}}],\"inLanguage\":\"de\"},{\"@type\":\"Organization\",\"@id\":\"https:\\\/\\\/www.oudadl.testontwikkeling.nl\\\/#organization\",\"name\":\"All Day Led\",\"url\":\"https:\\\/\\\/www.oudadl.testontwikkeling.nl\\\/\",\"logo\":{\"@type\":\"ImageObject\",\"inLanguage\":\"de\",\"@id\":\"https:\\\/\\\/www.oudadl.testontwikkeling.nl\\\/#\\\/schema\\\/logo\\\/image\\\/\",\"url\":\"https:\\\/\\\/www.oudadl.testontwikkeling.nl\\\/wp-content\\\/uploads\\\/2022\\\/08\\\/Logo-ALL-DAY-LED-800x800-zwart-witte-letters.png\",\"contentUrl\":\"https:\\\/\\\/www.oudadl.testontwikkeling.nl\\\/wp-content\\\/uploads\\\/2022\\\/08\\\/Logo-ALL-DAY-LED-800x800-zwart-witte-letters.png\",\"width\":800,\"height\":800,\"caption\":\"All Day Led\"},\"image\":{\"@id\":\"https:\\\/\\\/www.oudadl.testontwikkeling.nl\\\/#\\\/schema\\\/logo\\\/image\\\/\"},\"sameAs\":[\"https:\\\/\\\/www.facebook.com\\\/alldayled\\\/\",\"https:\\\/\\\/www.instagram.com\\\/alldayled\\\/\"],\"vatID\":\"NL863960133B01\",\"taxID\":\"86416545\",\"hasMerchantReturnPolicy\":{\"@type\":\"MerchantReturnPolicy\",\"merchantReturnLink\":\"https:\\\/\\\/www.oudadl.testontwikkeling.nl\\\/de\\\/verzenden-retourneren\\\/\"}}]}<\/script>\n<meta property=\"product:brand\" content=\"Strands\" \/>\n<meta property=\"product:price:amount\" content=\"559.00\" \/>\n<meta property=\"product:price:currency\" content=\"EUR\" \/>\n<meta property=\"og:availability\" content=\"instock\" \/>\n<meta property=\"product:availability\" content=\"instock\" \/>\n<meta property=\"product:retailer_item_id\" content=\"ADL809429\" \/>\n<meta property=\"product:condition\" content=\"new\" \/>\n<!-- \/ Yoast SEO Premium plugin. -->","yoast_head_json":{"title":"Siberia XP LED bar DR 42&#039;&#039; - Strands Beleuchtungsabteilung - All Day Led - f\u00fcr 12&amp;24V","description":"Strands Siberia XP LED bar DR 42\" - LED Bar mit Aluminiumgeh\u00e4use und IP68\/69K Zulassung - mit ECE R148 und ECE R149 Zulassung - Strands 809429","robots":{"index":"noindex","follow":"follow","max-snippet":"max-snippet:-1","max-image-preview":"max-image-preview:large","max-video-preview":"max-video-preview:-1"},"og_locale":"de_DE","og_type":"article","og_title":"Siberia XP LED bar DR 42'' - Strands Lighting Division - All Day Led - voor 12&24V","og_description":"Strands Siberia XP LED bar DR 42\" - LED balk met aluminium behuizing en IP68\/69K keurmerk - met ECE R148 en ECE R149 keurmerk - Strands 809429","og_url":"https:\/\/www.oudadl.testontwikkeling.nl\/de\/produkt\/strands-siberia-xp-led-bar-dr-42\/","og_site_name":"All Day Led","article_publisher":"https:\/\/www.facebook.com\/alldayled\/","article_modified_time":"2025-04-15T11:25:32+00:00","og_image":[{"width":800,"height":800,"url":"https:\/\/www.oudadl.testontwikkeling.nl\/wp-content\/uploads\/2025\/03\/ADL809429.01.png","type":"image\/png"}],"twitter_misc":{"Preis":"&euro;559,00","Verf\u00fcgbarkeit":"Auf Lager"},"schema":{"@context":"https:\/\/schema.org","@graph":[{"@type":"WebPage","@id":"https:\/\/www.oudadl.testontwikkeling.nl\/product\/strands-siberia-xp-led-bar-dr-42\/","url":"https:\/\/www.oudadl.testontwikkeling.nl\/product\/strands-siberia-xp-led-bar-dr-42\/","name":"Siberia XP LED bar DR 42&#039;&#039; - Strands Beleuchtungsabteilung - All Day Led - f\u00fcr 12&amp;24V","isPartOf":{"@id":"https:\/\/www.oudadl.testontwikkeling.nl\/#website"},"primaryImageOfPage":{"@id":"https:\/\/www.oudadl.testontwikkeling.nl\/product\/strands-siberia-xp-led-bar-dr-42\/#primaryimage"},"image":{"@id":"https:\/\/www.oudadl.testontwikkeling.nl\/product\/strands-siberia-xp-led-bar-dr-42\/#primaryimage"},"thumbnailUrl":"https:\/\/www.oudadl.testontwikkeling.nl\/wp-content\/uploads\/2025\/02\/ADL809429.png","datePublished":"2025-02-05T15:25:10+00:00","dateModified":"2025-04-15T11:25:32+00:00","description":"Strands Siberia XP LED bar DR 42\" - LED Bar mit Aluminiumgeh\u00e4use und IP68\/69K Zulassung - mit ECE R148 und ECE R149 Zulassung - Strands 809429","breadcrumb":{"@id":"https:\/\/www.oudadl.testontwikkeling.nl\/product\/strands-siberia-xp-led-bar-dr-42\/#breadcrumb"},"inLanguage":"de","potentialAction":[{"@type":"ReadAction","target":["https:\/\/www.oudadl.testontwikkeling.nl\/product\/strands-siberia-xp-led-bar-dr-42\/"]}]},{"@type":"ImageObject","inLanguage":"de","@id":"https:\/\/www.oudadl.testontwikkeling.nl\/product\/strands-siberia-xp-led-bar-dr-42\/#primaryimage","url":"https:\/\/www.oudadl.testontwikkeling.nl\/wp-content\/uploads\/2025\/02\/ADL809429.png","contentUrl":"https:\/\/www.oudadl.testontwikkeling.nl\/wp-content\/uploads\/2025\/02\/ADL809429.png","width":800,"height":600,"caption":"Strands Siberia XP LED bar DR 42 inch - LED balk met 2 kleuren standlicht GEEL \/ WIT die geschikt is voor 12 en \/ of 24 volt gebruik - Strands 809429 - SIBERIA XP DR LED BAR 42\u2033 - EAN: 7323030192754"},{"@type":"BreadcrumbList","@id":"https:\/\/www.oudadl.testontwikkeling.nl\/product\/strands-siberia-xp-led-bar-dr-42\/#breadcrumb","itemListElement":[{"@type":"ListItem","position":1,"name":"Home","item":"https:\/\/www.oudadl.testontwikkeling.nl\/"},{"@type":"ListItem","position":2,"name":"Shop","item":"https:\/\/www.oudadl.testontwikkeling.nl\/de\/shop\/"},{"@type":"ListItem","position":3,"name":"Verstralers","item":"https:\/\/www.oudadl.testontwikkeling.nl\/product-categorie\/verstralers\/"},{"@type":"ListItem","position":4,"name":"LED bar","item":"https:\/\/www.oudadl.testontwikkeling.nl\/product-categorie\/verstralers\/led-bar\/"},{"@type":"ListItem","position":5,"name":"Strands Siberia XP LED bar DR &#8211; 42&#8221;"}]},{"@type":"WebSite","@id":"https:\/\/www.oudadl.testontwikkeling.nl\/#website","url":"https:\/\/www.oudadl.testontwikkeling.nl\/","name":"All Day Led","description":"","publisher":{"@id":"https:\/\/www.oudadl.testontwikkeling.nl\/#organization"},"potentialAction":[{"@type":"SearchAction","target":{"@type":"EntryPoint","urlTemplate":"https:\/\/www.oudadl.testontwikkeling.nl\/?s={search_term_string}"},"query-input":{"@type":"PropertyValueSpecification","valueRequired":true,"valueName":"search_term_string"}}],"inLanguage":"de"},{"@type":"Organization","@id":"https:\/\/www.oudadl.testontwikkeling.nl\/#organization","name":"All Day Led","url":"https:\/\/www.oudadl.testontwikkeling.nl\/","logo":{"@type":"ImageObject","inLanguage":"de","@id":"https:\/\/www.oudadl.testontwikkeling.nl\/#\/schema\/logo\/image\/","url":"https:\/\/www.oudadl.testontwikkeling.nl\/wp-content\/uploads\/2022\/08\/Logo-ALL-DAY-LED-800x800-zwart-witte-letters.png","contentUrl":"https:\/\/www.oudadl.testontwikkeling.nl\/wp-content\/uploads\/2022\/08\/Logo-ALL-DAY-LED-800x800-zwart-witte-letters.png","width":800,"height":800,"caption":"All Day Led"},"image":{"@id":"https:\/\/www.oudadl.testontwikkeling.nl\/#\/schema\/logo\/image\/"},"sameAs":["https:\/\/www.facebook.com\/alldayled\/","https:\/\/www.instagram.com\/alldayled\/"],"vatID":"NL863960133B01","taxID":"86416545","hasMerchantReturnPolicy":{"@type":"MerchantReturnPolicy","merchantReturnLink":"https:\/\/www.oudadl.testontwikkeling.nl\/de\/verzenden-retourneren\/"}}]},"product_brand":"Strands","product_price_amount":"559.00","product_price_currency":"EUR","og_availability":"instock","product_availability":"instock","product_retailer_item_id":"ADL809429","product_condition":"new"},"_links":{"self":[{"href":"https:\/\/www.oudadl.testontwikkeling.nl\/de\/wp-json\/wp\/v2\/product\/52914","targetHints":{"allow":["GET"]}}],"collection":[{"href":"https:\/\/www.oudadl.testontwikkeling.nl\/de\/wp-json\/wp\/v2\/product"}],"about":[{"href":"https:\/\/www.oudadl.testontwikkeling.nl\/de\/wp-json\/wp\/v2\/types\/product"}],"replies":[{"embeddable":true,"href":"https:\/\/www.oudadl.testontwikkeling.nl\/de\/wp-json\/wp\/v2\/comments?post=52914"}],"wp:featuredmedia":[{"embeddable":true,"href":"https:\/\/www.oudadl.testontwikkeling.nl\/de\/wp-json\/wp\/v2\/media\/54165"}],"wp:attachment":[{"href":"https:\/\/www.oudadl.testontwikkeling.nl\/de\/wp-json\/wp\/v2\/media?parent=52914"}],"wp:term":[{"taxonomy":"product_brand","embeddable":true,"href":"https:\/\/www.oudadl.testontwikkeling.nl\/de\/wp-json\/wp\/v2\/product_brand?post=52914"},{"taxonomy":"product_cat","embeddable":true,"href":"https:\/\/www.oudadl.testontwikkeling.nl\/de\/wp-json\/wp\/v2\/product_cat?post=52914"},{"taxonomy":"product_tag","embeddable":true,"href":"https:\/\/www.oudadl.testontwikkeling.nl\/de\/wp-json\/wp\/v2\/product_tag?post=52914"}],"curies":[{"name":"wp","href":"https:\/\/api.w.org\/{rel}","templated":true}]}}