{"id":52872,"date":"2025-01-16T13:30:16","date_gmt":"2025-01-16T12:30:16","guid":{"rendered":"https:\/\/www.oudadl.testontwikkeling.nl\/?post_type=product&#038;p=52872"},"modified":"2025-04-15T11:13:19","modified_gmt":"2025-04-15T09:13:19","slug":"strands-siberia-xp-led-bar-src-22","status":"publish","type":"product","link":"https:\/\/www.oudadl.testontwikkeling.nl\/de\/product\/strands-siberia-xp-led-bar-src-22\/","title":{"rendered":"Strands Siberia XP LED bar SRC - 22\u201d"},"content":{"rendered":"<p><span style=\"color: #000000;\"><strong>Strands Siberia XP LED bar SRC 22 Zoll, f\u00fcr 12 und 24 Volt Einsatz. <\/strong><\/span><\/p>\n<p><span style=\"color: #000000;\">Sie m\u00f6chten Ihr Auto, SUV, Wohnmobil oder LKW mit einer sch\u00f6nen geschwungenen LED bar ausstatten, wissen aber nicht, welche Lampe Sie suchen? Vielleicht ist die Strands Siberia XP LED bar SRC 22 Zoll die Lampe, die Sie suchen. Dieses LED bar ist mit einem DUAL COLOR-Positionslicht ausgestattet, das auf WEISS oder GELB eingestellt werden kann. Dar\u00fcber hinaus ist das LED bar f\u00fcr den 12 und 24 Volt Einsatz geeignet. Dies bedeutet, dass Sie die Stange LED beispielsweise an Ihrem Auto, LKW, Wohnmobil oder einem anderen Fahrzeugtyp verwenden k\u00f6nnen.<\/span><\/p>\n<p><span style=\"color: #000000;\">Denn Sie m\u00f6chten vor dem Kauf sicher sein, dass es sich tats\u00e4chlich um die Lampe handelt, die Sie suchen. Nachfolgend haben wir einige Spezifikationen der Lampe aufgeschrieben. All dies soll deutlich machen, warum dies die Lampe sein k\u00f6nnte, nach der Sie suchen. Das wichtigste Merkmal des LED bar ist, dass es \u00fcber das G\u00fctezeichen IP68 und IP69K verf\u00fcgt. Die Qualit\u00e4tszeichen weisen darauf hin, dass die Lampe LED vollst\u00e4ndig staub- und feuchtigkeitsbest\u00e4ndig ist. Dadurch ist die Lampe f\u00fcr verschiedene Wetterbedingungen geeignet. Gut zu wissen ist au\u00dferdem, dass der Strands Siberia XP LED bar Single Row Curved 22 Zoll aus Aluminium gefertigt und mit einer Polycarbonatlinse ausgestattet ist. Dadurch ist die Lampe f\u00fcr verschiedene Fahrzeuge bestens geeignet.\u00a0<\/span><\/p>\n<h5><span style=\"color: #000000;\"><strong>Abmessungen:<\/strong><\/span><\/h5>\n<p><span style=\"color: #000000;\">Damit Sie sicher sein k\u00f6nnen, dass die gebogene Lampe auch dort hineinpasst, wo Sie sie anbringen m\u00f6chten, ist es wichtig die Ma\u00dfe zu kennen. Die Abmessungen des Strands Siberia XP LED bar Single Row Curved 22 Zoll sind wie folgt:<\/span><\/p>\n<ul>\n<li><span style=\"color: #000000;\">H\u00f6he: 45 mm (64,5 mm inkl. Halterung)<\/span><\/li>\n<li><span style=\"color: #000000;\">Breite: 556,2 mm<\/span><\/li>\n<li><span style=\"color: #000000;\">Tiefe: 67,7 mm<\/span><\/li>\n<\/ul>\n<p><span style=\"color: #000000;\">Bitte beachten Sie, dass die Lampe Strands Siberia XP LED standardm\u00e4\u00dfig mit einem Satz Montagehalterungen geliefert wird. Diese Halterungen erm\u00f6glichen Ihnen die Befestigung der Lampe von der R\u00fcckseite. Um Ihnen eine klare Vorstellung davon zu geben, was wir meinen, empfehlen wir Ihnen einen Blick auf Abbildung 6 zu werfen.<\/span><\/p>\n<h5><span style=\"color: #000000;\"><strong>Andere Abmessungen:\u00a0<\/strong><\/span><\/h5>\n<p><span style=\"color: #000000;\">Sie m\u00f6chten Ihr Auto, SUV, Wohnmobil oder LKW mit einem LED bar ausstatten? Aber ist die Strands Siberia XP LED bar Single Row Curved 22 Zoll Version nicht die Lampe, die Sie suchen? Einfach weil die L\u00e4nge nicht zu Dir passt? Dann wissen Sie, dass Strands diesen LED-Tr\u00e4ger auch in verschiedenen Gr\u00f6\u00dfen hat. Weitere Optionen finden Sie weiter unten:\u00a0<\/span><\/p>\n<ul>\n<li><span style=\"color: #000000;\"><a style=\"color: #000000;\" href=\"https:\/\/www.oudadl.testontwikkeling.nl\/de\/produkt\/strands-siberia-xp-led-bar-src-32\/\"><strong>Siberia XP SR 32 Zoll<\/strong><\/a><\/span><\/li>\n<li><span style=\"color: #000000;\"><a style=\"color: #000000;\" href=\"https:\/\/www.oudadl.testontwikkeling.nl\/de\/produkt\/strands-siberia-xp-led-bar-src-42\/\"><strong>Siberia XP SR 42 Zoll<\/strong><\/a><\/span><\/li>\n<li><span style=\"color: #000000;\"><a style=\"color: #000000;\" href=\"https:\/\/www.oudadl.testontwikkeling.nl\/de\/produkt\/strands-siberia-xp-led-bar-src-50\/\"><strong>Siberia XP SR 50 Zoll<\/strong><\/a><\/span><\/li>\n<\/ul>\n<p><span style=\"color: #000000;\">Sind Sie nach dem Lesen der obigen Informationen immer noch nicht \u00fcberzeugt, dass dies die Lampe ist, die Sie suchen? Einfach weil Ihnen die Lichtleistung, Wattzahl oder Form des Strands Siberia XP LED bar SRC 22 Zoll nicht zusagt? Dann sehen Sie sich hier das komplette Sortiment an <a style=\"color: #000000;\" href=\"https:\/\/www.oudadl.testontwikkeling.nl\/de\/merk\/produkt-strands-beleuchtungsabteilung\/\" target=\"_blank\" rel=\"noopener\">Strands<\/a>. M\u00f6glicherweise finden Sie hier Ihr gew\u00fcnschtes Lampenmodell.\u00a0<\/span><\/p>","protected":false},"excerpt":{"rendered":"<p>Strands Siberia XP LED bar SRC 22 inch, voor 12 en 24 volt gebruik. Wil jij je auto, SUV, camper of vrachtwagen voorzien van een mooie gebogen LED bar, maar weet je niet welke lamp je zoekt? Wellicht is de Strands Siberia XP LED bar SRC 22 inch dan wel d\u00e9 lamp die je zoekt. [&hellip;]<\/p>\n","protected":false},"featured_media":53585,"comment_status":"open","ping_status":"closed","template":"","meta":{"_acf_changed":false,"site-sidebar-layout":"default","site-content-layout":"default","ast-site-content-layout":"default","site-content-style":"default","site-sidebar-style":"default","ast-global-header-display":"","ast-banner-title-visibility":"","ast-main-header-display":"","ast-hfb-above-header-display":"","ast-hfb-below-header-display":"","ast-hfb-mobile-header-display":"","site-post-title":"","ast-breadcrumbs-content":"","ast-featured-img":"","footer-sml-layout":"","ast-disable-related-posts":"","theme-transparent-header-meta":"default","adv-header-id-meta":"","stick-header-meta":"","header-above-stick-meta":"","header-main-stick-meta":"","header-below-stick-meta":"","astra-migrate-meta-layouts":"set","ast-page-background-enabled":"default","ast-page-background-meta":{"desktop":{"background-color":"","background-image":"","background-repeat":"repeat","background-position":"center center","background-size":"auto","background-attachment":"scroll","background-type":"","background-media":"","overlay-type":"","overlay-color":"","overlay-opacity":"","overlay-gradient":""},"tablet":{"background-color":"","background-image":"","background-repeat":"repeat","background-position":"center center","background-size":"auto","background-attachment":"scroll","background-type":"","background-media":"","overlay-type":"","overlay-color":"","overlay-opacity":"","overlay-gradient":""},"mobile":{"background-color":"","background-image":"","background-repeat":"repeat","background-position":"center center","background-size":"auto","background-attachment":"scroll","background-type":"","background-media":"","overlay-type":"","overlay-color":"","overlay-opacity":"","overlay-gradient":""}},"ast-content-background-meta":{"desktop":{"background-color":"var(--ast-global-color-5)","background-image":"","background-repeat":"repeat","background-position":"center center","background-size":"auto","background-attachment":"scroll","background-type":"","background-media":"","overlay-type":"","overlay-color":"","overlay-opacity":"","overlay-gradient":""},"tablet":{"background-color":"var(--ast-global-color-5)","background-image":"","background-repeat":"repeat","background-position":"center center","background-size":"auto","background-attachment":"scroll","background-type":"","background-media":"","overlay-type":"","overlay-color":"","overlay-opacity":"","overlay-gradient":""},"mobile":{"background-color":"var(--ast-global-color-5)","background-image":"","background-repeat":"repeat","background-position":"center center","background-size":"auto","background-attachment":"scroll","background-type":"","background-media":"","overlay-type":"","overlay-color":"","overlay-opacity":"","overlay-gradient":""}}},"product_brand":[],"product_cat":[7964,7258],"product_tag":[3786,3789,3788,5817,5822,5823,5824,5825,5821,373,2426,3787,2427,6550,6551,2465],"class_list":{"0":"post-52872","1":"product","2":"type-product","3":"status-publish","4":"has-post-thumbnail","6":"product_cat-led-bar","7":"product_cat-strands-siberia","8":"product_tag-led-bar","9":"product_tag-led-bar-auto","10":"product_tag-led-bar-vrachtwagen","11":"product_tag-led-verstraler","12":"product_tag-led-verstraler-auto","13":"product_tag-led-verstraler-camper","14":"product_tag-led-verstraler-pickup","15":"product_tag-led-verstraler-tractor","16":"product_tag-led-verstraler-vrachtwagen","17":"product_tag-led-werklamp","18":"product_tag-strands-led-verlichting","19":"product_tag-strands-werklamp","20":"product_tag-strands-lighting-division","21":"product_tag-strands-siberia-led-bar","22":"product_tag-strands-siberia-verstraler","23":"product_tag-verstraler-met-stadslicht","24":"pa_merkk-product-strands-lighting-division","25":"desktop-align-left","26":"tablet-align-left","27":"mobile-align-left","29":"first","30":"instock","31":"taxable","32":"shipping-taxable","33":"purchasable","34":"product-type-simple"},"acf":[],"yoast_head":"<!-- This site is optimized with the Yoast SEO Premium plugin v25.9 (Yoast SEO v27.6) - https:\/\/yoast.com\/product\/yoast-seo-premium-wordpress\/ -->\n<title>Siberia XP LED bar SRC 22 - Strands Lighting Division - All Day Led - 12&amp;24V<\/title>\n<meta name=\"description\" content=\"Strands Siberia XP LED bar SRC 22 - LED balk met aluminium behuizing en IP68\/69K keurmerk - E mode: 3175 Lumen XP mode: 7050 Lumen - Strands 809416\" \/>\n<meta name=\"robots\" content=\"noindex, follow, max-snippet:-1, max-image-preview:large, max-video-preview:-1\" \/>\n<meta property=\"og:locale\" content=\"de_DE\" \/>\n<meta property=\"og:type\" content=\"article\" \/>\n<meta property=\"og:title\" content=\"Siberia XP LED bar SRC 22 - Strands Lighting Division - All Day Led - 12&amp;24V\" \/>\n<meta property=\"og:description\" content=\"Strands Siberia XP LED bar SRC 22 - LED balk met aluminium behuizing en IP68\/69K keurmerk - E mode: 3175 Lumen XP mode: 7050 Lumen - Strands 809416\" \/>\n<meta property=\"og:url\" content=\"https:\/\/www.oudadl.testontwikkeling.nl\/de\/produkt\/strands-siberia-xp-led-bar-src-22\/\" \/>\n<meta property=\"og:site_name\" content=\"All Day Led\" \/>\n<meta property=\"article:publisher\" content=\"https:\/\/www.facebook.com\/alldayled\/\" \/>\n<meta property=\"article:modified_time\" content=\"2025-04-15T09:13:19+00:00\" \/>\n<meta property=\"og:image\" content=\"https:\/\/www.oudadl.testontwikkeling.nl\/wp-content\/uploads\/2025\/03\/ADL809416.01.png\" \/>\n\t<meta property=\"og:image:width\" content=\"800\" \/>\n\t<meta property=\"og:image:height\" content=\"800\" \/>\n\t<meta property=\"og:image:type\" content=\"image\/png\" \/>\n<meta name=\"twitter:label1\" content=\"Preis\" \/>\n\t<meta name=\"twitter:data1\" content=\"&euro;259,00\" \/>\n\t<meta name=\"twitter:label2\" content=\"Verf\u00fcgbarkeit\" \/>\n\t<meta name=\"twitter:data2\" content=\"Auf Lager\" \/>\n<script type=\"application\/ld+json\" class=\"yoast-schema-graph\">{\"@context\":\"https:\\\/\\\/schema.org\",\"@graph\":[{\"@type\":\"WebPage\",\"@id\":\"https:\\\/\\\/www.oudadl.testontwikkeling.nl\\\/product\\\/strands-siberia-xp-led-bar-src-22\\\/\",\"url\":\"https:\\\/\\\/www.oudadl.testontwikkeling.nl\\\/product\\\/strands-siberia-xp-led-bar-src-22\\\/\",\"name\":\"Siberia XP LED bar SRC 22 - Strands Lighting Division - All Day Led - 12&24V\",\"isPartOf\":{\"@id\":\"https:\\\/\\\/www.oudadl.testontwikkeling.nl\\\/#website\"},\"primaryImageOfPage\":{\"@id\":\"https:\\\/\\\/www.oudadl.testontwikkeling.nl\\\/product\\\/strands-siberia-xp-led-bar-src-22\\\/#primaryimage\"},\"image\":{\"@id\":\"https:\\\/\\\/www.oudadl.testontwikkeling.nl\\\/product\\\/strands-siberia-xp-led-bar-src-22\\\/#primaryimage\"},\"thumbnailUrl\":\"https:\\\/\\\/www.oudadl.testontwikkeling.nl\\\/wp-content\\\/uploads\\\/2025\\\/02\\\/ADL809416.png\",\"datePublished\":\"2025-01-16T12:30:16+00:00\",\"dateModified\":\"2025-04-15T09:13:19+00:00\",\"description\":\"Strands Siberia XP LED bar SRC 22 - LED balk met aluminium behuizing en IP68\\\/69K keurmerk - E mode: 3175 Lumen XP mode: 7050 Lumen - Strands 809416\",\"breadcrumb\":{\"@id\":\"https:\\\/\\\/www.oudadl.testontwikkeling.nl\\\/product\\\/strands-siberia-xp-led-bar-src-22\\\/#breadcrumb\"},\"inLanguage\":\"de\",\"potentialAction\":[{\"@type\":\"ReadAction\",\"target\":[\"https:\\\/\\\/www.oudadl.testontwikkeling.nl\\\/product\\\/strands-siberia-xp-led-bar-src-22\\\/\"]}]},{\"@type\":\"ImageObject\",\"inLanguage\":\"de\",\"@id\":\"https:\\\/\\\/www.oudadl.testontwikkeling.nl\\\/product\\\/strands-siberia-xp-led-bar-src-22\\\/#primaryimage\",\"url\":\"https:\\\/\\\/www.oudadl.testontwikkeling.nl\\\/wp-content\\\/uploads\\\/2025\\\/02\\\/ADL809416.png\",\"contentUrl\":\"https:\\\/\\\/www.oudadl.testontwikkeling.nl\\\/wp-content\\\/uploads\\\/2025\\\/02\\\/ADL809416.png\",\"width\":800,\"height\":600,\"caption\":\"Strands Siberia XP LED bar SRC 22 inch - LED balk met 2 kleuren standlicht GEEL \\\/ WIT die geschikt is voor 12 en \\\/ of 24 volt gebruik - Strands 809416 - SIBERIA XP SRC LED BAR 22\u2033 - EAN: 7323030192648\"},{\"@type\":\"BreadcrumbList\",\"@id\":\"https:\\\/\\\/www.oudadl.testontwikkeling.nl\\\/product\\\/strands-siberia-xp-led-bar-src-22\\\/#breadcrumb\",\"itemListElement\":[{\"@type\":\"ListItem\",\"position\":1,\"name\":\"Home\",\"item\":\"https:\\\/\\\/www.oudadl.testontwikkeling.nl\\\/\"},{\"@type\":\"ListItem\",\"position\":2,\"name\":\"Shop\",\"item\":\"https:\\\/\\\/www.oudadl.testontwikkeling.nl\\\/de\\\/shop\\\/\"},{\"@type\":\"ListItem\",\"position\":3,\"name\":\"Verstralers\",\"item\":\"https:\\\/\\\/www.oudadl.testontwikkeling.nl\\\/product-categorie\\\/verstralers\\\/\"},{\"@type\":\"ListItem\",\"position\":4,\"name\":\"LED bar\",\"item\":\"https:\\\/\\\/www.oudadl.testontwikkeling.nl\\\/product-categorie\\\/verstralers\\\/led-bar\\\/\"},{\"@type\":\"ListItem\",\"position\":5,\"name\":\"Strands Siberia XP LED bar SRC &#8211; 22&#8221;\"}]},{\"@type\":\"WebSite\",\"@id\":\"https:\\\/\\\/www.oudadl.testontwikkeling.nl\\\/#website\",\"url\":\"https:\\\/\\\/www.oudadl.testontwikkeling.nl\\\/\",\"name\":\"All Day Led\",\"description\":\"\",\"publisher\":{\"@id\":\"https:\\\/\\\/www.oudadl.testontwikkeling.nl\\\/#organization\"},\"potentialAction\":[{\"@type\":\"SearchAction\",\"target\":{\"@type\":\"EntryPoint\",\"urlTemplate\":\"https:\\\/\\\/www.oudadl.testontwikkeling.nl\\\/?s={search_term_string}\"},\"query-input\":{\"@type\":\"PropertyValueSpecification\",\"valueRequired\":true,\"valueName\":\"search_term_string\"}}],\"inLanguage\":\"de\"},{\"@type\":\"Organization\",\"@id\":\"https:\\\/\\\/www.oudadl.testontwikkeling.nl\\\/#organization\",\"name\":\"All Day Led\",\"url\":\"https:\\\/\\\/www.oudadl.testontwikkeling.nl\\\/\",\"logo\":{\"@type\":\"ImageObject\",\"inLanguage\":\"de\",\"@id\":\"https:\\\/\\\/www.oudadl.testontwikkeling.nl\\\/#\\\/schema\\\/logo\\\/image\\\/\",\"url\":\"https:\\\/\\\/www.oudadl.testontwikkeling.nl\\\/wp-content\\\/uploads\\\/2022\\\/08\\\/Logo-ALL-DAY-LED-800x800-zwart-witte-letters.png\",\"contentUrl\":\"https:\\\/\\\/www.oudadl.testontwikkeling.nl\\\/wp-content\\\/uploads\\\/2022\\\/08\\\/Logo-ALL-DAY-LED-800x800-zwart-witte-letters.png\",\"width\":800,\"height\":800,\"caption\":\"All Day Led\"},\"image\":{\"@id\":\"https:\\\/\\\/www.oudadl.testontwikkeling.nl\\\/#\\\/schema\\\/logo\\\/image\\\/\"},\"sameAs\":[\"https:\\\/\\\/www.facebook.com\\\/alldayled\\\/\",\"https:\\\/\\\/www.instagram.com\\\/alldayled\\\/\"],\"vatID\":\"NL863960133B01\",\"taxID\":\"86416545\",\"hasMerchantReturnPolicy\":{\"@type\":\"MerchantReturnPolicy\",\"merchantReturnLink\":\"https:\\\/\\\/www.oudadl.testontwikkeling.nl\\\/de\\\/verzenden-retourneren\\\/\"}}]}<\/script>\n<meta property=\"product:brand\" content=\"Strands\" \/>\n<meta property=\"product:price:amount\" content=\"259.00\" \/>\n<meta property=\"product:price:currency\" content=\"EUR\" \/>\n<meta property=\"og:availability\" content=\"instock\" \/>\n<meta property=\"product:availability\" content=\"instock\" \/>\n<meta property=\"product:retailer_item_id\" content=\"ADL809416\" \/>\n<meta property=\"product:condition\" content=\"new\" \/>\n<!-- \/ Yoast SEO Premium plugin. -->","yoast_head_json":{"title":"Siberia XP LED bar SRC 22 - Strands Lighting Division - All Day Led - 12&amp;24V","description":"Strands Siberia XP LED bar SRC 22 - LED bar mit Aluminiumgeh\u00e4use und IP68\/69K-Zulassung - E-Modus: 3175 Lumen XP-Modus: 7050 Lumen - Strands 809416","robots":{"index":"noindex","follow":"follow","max-snippet":"max-snippet:-1","max-image-preview":"max-image-preview:large","max-video-preview":"max-video-preview:-1"},"og_locale":"de_DE","og_type":"article","og_title":"Siberia XP LED bar SRC 22 - Strands Lighting Division - All Day Led - 12&24V","og_description":"Strands Siberia XP LED bar SRC 22 - LED balk met aluminium behuizing en IP68\/69K keurmerk - E mode: 3175 Lumen XP mode: 7050 Lumen - Strands 809416","og_url":"https:\/\/www.oudadl.testontwikkeling.nl\/de\/produkt\/strands-siberia-xp-led-bar-src-22\/","og_site_name":"All Day Led","article_publisher":"https:\/\/www.facebook.com\/alldayled\/","article_modified_time":"2025-04-15T09:13:19+00:00","og_image":[{"width":800,"height":800,"url":"https:\/\/www.oudadl.testontwikkeling.nl\/wp-content\/uploads\/2025\/03\/ADL809416.01.png","type":"image\/png"}],"twitter_misc":{"Preis":"&euro;259,00","Verf\u00fcgbarkeit":"Auf Lager"},"schema":{"@context":"https:\/\/schema.org","@graph":[{"@type":"WebPage","@id":"https:\/\/www.oudadl.testontwikkeling.nl\/product\/strands-siberia-xp-led-bar-src-22\/","url":"https:\/\/www.oudadl.testontwikkeling.nl\/product\/strands-siberia-xp-led-bar-src-22\/","name":"Siberia XP LED bar SRC 22 - Strands Lighting Division - All Day Led - 12&amp;24V","isPartOf":{"@id":"https:\/\/www.oudadl.testontwikkeling.nl\/#website"},"primaryImageOfPage":{"@id":"https:\/\/www.oudadl.testontwikkeling.nl\/product\/strands-siberia-xp-led-bar-src-22\/#primaryimage"},"image":{"@id":"https:\/\/www.oudadl.testontwikkeling.nl\/product\/strands-siberia-xp-led-bar-src-22\/#primaryimage"},"thumbnailUrl":"https:\/\/www.oudadl.testontwikkeling.nl\/wp-content\/uploads\/2025\/02\/ADL809416.png","datePublished":"2025-01-16T12:30:16+00:00","dateModified":"2025-04-15T09:13:19+00:00","description":"Strands Siberia XP LED bar SRC 22 - LED bar mit Aluminiumgeh\u00e4use und IP68\/69K-Zulassung - E-Modus: 3175 Lumen XP-Modus: 7050 Lumen - Strands 809416","breadcrumb":{"@id":"https:\/\/www.oudadl.testontwikkeling.nl\/product\/strands-siberia-xp-led-bar-src-22\/#breadcrumb"},"inLanguage":"de","potentialAction":[{"@type":"ReadAction","target":["https:\/\/www.oudadl.testontwikkeling.nl\/product\/strands-siberia-xp-led-bar-src-22\/"]}]},{"@type":"ImageObject","inLanguage":"de","@id":"https:\/\/www.oudadl.testontwikkeling.nl\/product\/strands-siberia-xp-led-bar-src-22\/#primaryimage","url":"https:\/\/www.oudadl.testontwikkeling.nl\/wp-content\/uploads\/2025\/02\/ADL809416.png","contentUrl":"https:\/\/www.oudadl.testontwikkeling.nl\/wp-content\/uploads\/2025\/02\/ADL809416.png","width":800,"height":600,"caption":"Strands Siberia XP LED bar SRC 22 inch - LED balk met 2 kleuren standlicht GEEL \/ WIT die geschikt is voor 12 en \/ of 24 volt gebruik - Strands 809416 - SIBERIA XP SRC LED BAR 22\u2033 - EAN: 7323030192648"},{"@type":"BreadcrumbList","@id":"https:\/\/www.oudadl.testontwikkeling.nl\/product\/strands-siberia-xp-led-bar-src-22\/#breadcrumb","itemListElement":[{"@type":"ListItem","position":1,"name":"Home","item":"https:\/\/www.oudadl.testontwikkeling.nl\/"},{"@type":"ListItem","position":2,"name":"Shop","item":"https:\/\/www.oudadl.testontwikkeling.nl\/de\/shop\/"},{"@type":"ListItem","position":3,"name":"Verstralers","item":"https:\/\/www.oudadl.testontwikkeling.nl\/product-categorie\/verstralers\/"},{"@type":"ListItem","position":4,"name":"LED bar","item":"https:\/\/www.oudadl.testontwikkeling.nl\/product-categorie\/verstralers\/led-bar\/"},{"@type":"ListItem","position":5,"name":"Strands Siberia XP LED bar SRC &#8211; 22&#8221;"}]},{"@type":"WebSite","@id":"https:\/\/www.oudadl.testontwikkeling.nl\/#website","url":"https:\/\/www.oudadl.testontwikkeling.nl\/","name":"All Day Led","description":"","publisher":{"@id":"https:\/\/www.oudadl.testontwikkeling.nl\/#organization"},"potentialAction":[{"@type":"SearchAction","target":{"@type":"EntryPoint","urlTemplate":"https:\/\/www.oudadl.testontwikkeling.nl\/?s={search_term_string}"},"query-input":{"@type":"PropertyValueSpecification","valueRequired":true,"valueName":"search_term_string"}}],"inLanguage":"de"},{"@type":"Organization","@id":"https:\/\/www.oudadl.testontwikkeling.nl\/#organization","name":"All Day Led","url":"https:\/\/www.oudadl.testontwikkeling.nl\/","logo":{"@type":"ImageObject","inLanguage":"de","@id":"https:\/\/www.oudadl.testontwikkeling.nl\/#\/schema\/logo\/image\/","url":"https:\/\/www.oudadl.testontwikkeling.nl\/wp-content\/uploads\/2022\/08\/Logo-ALL-DAY-LED-800x800-zwart-witte-letters.png","contentUrl":"https:\/\/www.oudadl.testontwikkeling.nl\/wp-content\/uploads\/2022\/08\/Logo-ALL-DAY-LED-800x800-zwart-witte-letters.png","width":800,"height":800,"caption":"All Day Led"},"image":{"@id":"https:\/\/www.oudadl.testontwikkeling.nl\/#\/schema\/logo\/image\/"},"sameAs":["https:\/\/www.facebook.com\/alldayled\/","https:\/\/www.instagram.com\/alldayled\/"],"vatID":"NL863960133B01","taxID":"86416545","hasMerchantReturnPolicy":{"@type":"MerchantReturnPolicy","merchantReturnLink":"https:\/\/www.oudadl.testontwikkeling.nl\/de\/verzenden-retourneren\/"}}]},"product_brand":"Strands","product_price_amount":"259.00","product_price_currency":"EUR","og_availability":"instock","product_availability":"instock","product_retailer_item_id":"ADL809416","product_condition":"new"},"_links":{"self":[{"href":"https:\/\/www.oudadl.testontwikkeling.nl\/de\/wp-json\/wp\/v2\/product\/52872","targetHints":{"allow":["GET"]}}],"collection":[{"href":"https:\/\/www.oudadl.testontwikkeling.nl\/de\/wp-json\/wp\/v2\/product"}],"about":[{"href":"https:\/\/www.oudadl.testontwikkeling.nl\/de\/wp-json\/wp\/v2\/types\/product"}],"replies":[{"embeddable":true,"href":"https:\/\/www.oudadl.testontwikkeling.nl\/de\/wp-json\/wp\/v2\/comments?post=52872"}],"wp:featuredmedia":[{"embeddable":true,"href":"https:\/\/www.oudadl.testontwikkeling.nl\/de\/wp-json\/wp\/v2\/media\/53585"}],"wp:attachment":[{"href":"https:\/\/www.oudadl.testontwikkeling.nl\/de\/wp-json\/wp\/v2\/media?parent=52872"}],"wp:term":[{"taxonomy":"product_brand","embeddable":true,"href":"https:\/\/www.oudadl.testontwikkeling.nl\/de\/wp-json\/wp\/v2\/product_brand?post=52872"},{"taxonomy":"product_cat","embeddable":true,"href":"https:\/\/www.oudadl.testontwikkeling.nl\/de\/wp-json\/wp\/v2\/product_cat?post=52872"},{"taxonomy":"product_tag","embeddable":true,"href":"https:\/\/www.oudadl.testontwikkeling.nl\/de\/wp-json\/wp\/v2\/product_tag?post=52872"}],"curies":[{"name":"wp","href":"https:\/\/api.w.org\/{rel}","templated":true}]}}