{"id":51803,"date":"2024-12-30T15:43:25","date_gmt":"2024-12-30T14:43:25","guid":{"rendered":"https:\/\/www.oudadl.testontwikkeling.nl\/?post_type=product&#038;p=51803"},"modified":"2025-12-10T01:05:19","modified_gmt":"2025-12-10T00:05:19","slug":"strands-unity-ultra-flat-werklamp","status":"publish","type":"product","link":"https:\/\/www.oudadl.testontwikkeling.nl\/de\/product\/strands-unity-ultra-flat-werklamp\/","title":{"rendered":"Strands Unity Ultra Flat Arbeitsscheinwerfer"},"content":{"rendered":"<p><span style=\"color: #000000;\"><strong>Strands Unity Ultra Flat Arbeitsscheinwerfer 22w, f\u00fcr 12 und 24 Volt.<\/strong><\/span><\/p>\n<p><span style=\"color: #000000;\">Sie suchen eine kompakte Arbeitsleuchte der Marke Strands? Vielleicht ist die Strands Unity Ultra Flat Arbeitsscheinwerfer das Modell, nach dem Sie suchen. Die kleine Arbeitsleuchte ist mit mehreren kleinen LED-Punkten ausgestattet und hat eine theoretische Lichtleistung von 2900 Lumen. Diese ultrad\u00fcnne Arbeitslampe funktioniert mit 12 und 24 Volt. Das bedeutet, dass Sie den flachen Arbeitsscheinwerfer LED f\u00fcr Ihr Auto, Ihren LKW, Ihren Traktor, Ihren Anh\u00e4nger oder einen anderen Fahrzeugtyp verwenden k\u00f6nnen.<\/span><\/p>\n<p><span style=\"color: #000000;\">Denn Sie m\u00f6chten vor dem Kauf sicher sein, dass der kleine R\u00fcckfahrscheinwerfer LED oder Strands auch wirklich das Licht ist, das Sie suchen. Einige Eigenschaften der Lampe haben wir hier zusammengefasst. So verf\u00fcgt beispielsweise der Arbeitsscheinwerfer Strands Unity Ultra Flat \u00fcber das G\u00fctezeichen ECE R10. Dieses G\u00fctezeichen bedeutet, dass die Lampe bei fachgerechter Montage beim Einschalten keine St\u00f6rungen, beispielsweise Ihres Funksignals, verursacht. Dar\u00fcber hinaus verf\u00fcgt die kleine Lampe \u00fcber das IP68 und IP69K G\u00fctezeichen. Diese G\u00fctezeichen weisen darauf hin, dass die Arbeitsleuchte absolut staub- und wasserdicht ist.\u00a0<\/span><\/p>\n<h5><span style=\"color: #000000;\"><strong>Abmessungen:<\/strong><\/span><\/h5>\n<p><span style=\"color: #000000;\">Denn Sie m\u00f6chten vor dem Kauf auch sichergehen, dass die Lampe LED dort passt, wo Sie sie anbringen m\u00f6chten. Nat\u00fcrlich m\u00f6chtest Du wissen, welche Ma\u00dfe die Arbeitsleuchte hat. Die Abmessungen der Strands Unity Ultra Flat Arbeitsscheinwerfer sind wie folgt:<\/span><\/p>\n<ul>\n<li><span style=\"color: #000000;\">H\u00f6he: 15 mm (22,4 mm inkl. Halterung)<\/span><\/li>\n<li><span style=\"color: #000000;\">Breite: 90 mm<\/span><\/li>\n<li><span style=\"color: #000000;\">Tiefe: 40,1 mm<\/span><\/li>\n<\/ul>\n<h5><span style=\"color: #000000;\"><strong>Andere Versionen:<\/strong><\/span><\/h5>\n<p><span style=\"color: #000000;\">Sie m\u00f6chten eine Mini-Arbeitsleuchte LED der Marke Strands einbauen, aber die Unity Ultra Flat Arbeitsscheinwerfer ist nicht die Variante die Sie suchen? Bitte beachten Sie, dass Strands diese Arbeitsleuchte auch in vielen anderen Lichtst\u00e4rken und Ausf\u00fchrungen anbietet. Sehen Sie sich unten die verschiedenen Optionen an, die wir in unser Sortiment aufgenommen haben.\u00a0<\/span><\/p>\n<ul>\n<li><span style=\"color: #000000;\"><a style=\"color: #000000;\" href=\"https:\/\/www.oudadl.testontwikkeling.nl\/de\/produkt\/strands-unity-ultra-flat-duo\/\"><strong>Strands Unity UF DUO Lampe<\/strong><\/a><\/span><\/li>\n<li><span style=\"color: #000000;\"><a style=\"color: #000000;\" href=\"https:\/\/www.oudadl.testontwikkeling.nl\/de\/produkt\/strands-unity-scene-light\/\"><strong>Strands Unity SL Lampe<\/strong><\/a><\/span><\/li>\n<\/ul>\n<p><span style=\"color: #000000;\">Sind Sie nach dem Lesen aller Spezifikationen und dem Betrachten der Fotos immer noch nicht \u00fcberzeugt? Einfach weil Ihnen die Form, Lichtleistung oder Farbe der Strands Unity Ultra Flat Lampe nicht gef\u00e4llt? Dann sehen Sie sich hier das komplette Sortiment an <a style=\"color: #000000;\" href=\"https:\/\/www.oudadl.testontwikkeling.nl\/de\/merk\/produkt-strands-beleuchtungsabteilung\/\">Strands<\/a>. M\u00f6glicherweise finden Sie hier das Lampenmodell, das Sie suchen.<\/span><\/p>","protected":false},"excerpt":{"rendered":"<p>Strands Unity Ultra Flat werklamp 22w, voor 12 en 24 volt. Ben je op zoek naar een compacte werklamp van het merk Strands? Welllicht is de Strands Unity Ultra Flat werklamp dan wel het model dat je zoekt. De kleine werklamp is voorzien van diverse kleine LED punten en heeft een theoretische lichtopbrengst van 2900 [&hellip;]<\/p>\n","protected":false},"featured_media":53153,"comment_status":"open","ping_status":"closed","template":"","meta":{"_acf_changed":false,"site-sidebar-layout":"default","site-content-layout":"default","ast-site-content-layout":"default","site-content-style":"default","site-sidebar-style":"default","ast-global-header-display":"","ast-banner-title-visibility":"","ast-main-header-display":"","ast-hfb-above-header-display":"","ast-hfb-below-header-display":"","ast-hfb-mobile-header-display":"","site-post-title":"","ast-breadcrumbs-content":"","ast-featured-img":"","footer-sml-layout":"","ast-disable-related-posts":"","theme-transparent-header-meta":"default","adv-header-id-meta":"","stick-header-meta":"","header-above-stick-meta":"","header-main-stick-meta":"","header-below-stick-meta":"","astra-migrate-meta-layouts":"set","ast-page-background-enabled":"default","ast-page-background-meta":{"desktop":{"background-color":"","background-image":"","background-repeat":"repeat","background-position":"center center","background-size":"auto","background-attachment":"scroll","background-type":"","background-media":"","overlay-type":"","overlay-color":"","overlay-opacity":"","overlay-gradient":""},"tablet":{"background-color":"","background-image":"","background-repeat":"repeat","background-position":"center center","background-size":"auto","background-attachment":"scroll","background-type":"","background-media":"","overlay-type":"","overlay-color":"","overlay-opacity":"","overlay-gradient":""},"mobile":{"background-color":"","background-image":"","background-repeat":"repeat","background-position":"center center","background-size":"auto","background-attachment":"scroll","background-type":"","background-media":"","overlay-type":"","overlay-color":"","overlay-opacity":"","overlay-gradient":""}},"ast-content-background-meta":{"desktop":{"background-color":"var(--ast-global-color-5)","background-image":"","background-repeat":"repeat","background-position":"center center","background-size":"auto","background-attachment":"scroll","background-type":"","background-media":"","overlay-type":"","overlay-color":"","overlay-opacity":"","overlay-gradient":""},"tablet":{"background-color":"var(--ast-global-color-5)","background-image":"","background-repeat":"repeat","background-position":"center center","background-size":"auto","background-attachment":"scroll","background-type":"","background-media":"","overlay-type":"","overlay-color":"","overlay-opacity":"","overlay-gradient":""},"mobile":{"background-color":"var(--ast-global-color-5)","background-image":"","background-repeat":"repeat","background-position":"center center","background-size":"auto","background-attachment":"scroll","background-type":"","background-media":"","overlay-type":"","overlay-color":"","overlay-opacity":"","overlay-gradient":""}}},"product_brand":[],"product_cat":[8151],"product_tag":[373,2426,3787,2427,6551,2419,2421,2422,2423,2420,2418],"class_list":{"0":"post-51803","1":"product","2":"type-product","3":"status-publish","4":"has-post-thumbnail","6":"product_cat-werklamp-overig","7":"product_tag-led-werklamp","8":"product_tag-strands-led-verlichting","9":"product_tag-strands-werklamp","10":"product_tag-strands-lighting-division","11":"product_tag-strands-siberia-verstraler","12":"product_tag-werklamp-aanhanger","13":"product_tag-werklamp-heftruck","14":"product_tag-werklamp-kooiaap","15":"product_tag-werklamp-tractor","16":"product_tag-werklamp-trailer","17":"product_tag-werklamp-vrachtwagen","18":"pa_merkk-product-strands-lighting-division","19":"desktop-align-left","20":"tablet-align-left","21":"mobile-align-left","23":"first","24":"instock","25":"taxable","26":"shipping-taxable","27":"purchasable","28":"product-type-simple"},"acf":[],"yoast_head":"<!-- This site is optimized with the Yoast SEO Premium plugin v25.9 (Yoast SEO v27.6) - https:\/\/yoast.com\/product\/yoast-seo-premium-wordpress\/ -->\n<title>Strands Unity Ultra Flat werklamp - All Day Led - mini lamp van Strands<\/title>\n<meta name=\"description\" content=\"Strands Unity Ultra Flat werklamp - compacte werklamp met RVS bevestigingsbeugel - 2900 Lumen - 1 Lux @ 32 meter - IP68 en IP69K waterdicht\" \/>\n<meta name=\"robots\" content=\"noindex, follow, max-snippet:-1, max-image-preview:large, max-video-preview:-1\" \/>\n<meta property=\"og:locale\" content=\"de_DE\" \/>\n<meta property=\"og:type\" content=\"article\" \/>\n<meta property=\"og:title\" content=\"Strands Unity Ultra Flat werklamp - All Day Led - mini lamp van Strands\" \/>\n<meta property=\"og:description\" content=\"Strands Unity Ultra Flat werklamp - compacte werklamp met RVS bevestigingsbeugel - 2900 Lumen - 1 Lux @ 32 meter - IP68 en IP69K waterdicht\" \/>\n<meta property=\"og:url\" content=\"https:\/\/www.oudadl.testontwikkeling.nl\/de\/produkt\/strands-unity-ultra-flat-werklamp\/\" \/>\n<meta property=\"og:site_name\" content=\"All Day Led\" \/>\n<meta property=\"article:publisher\" content=\"https:\/\/www.facebook.com\/alldayled\/\" \/>\n<meta property=\"article:modified_time\" content=\"2025-12-10T00:05:19+00:00\" \/>\n<meta property=\"og:image\" content=\"https:\/\/www.oudadl.testontwikkeling.nl\/wp-content\/uploads\/2025\/02\/ADL800552.03.png\" \/>\n\t<meta property=\"og:image:width\" content=\"800\" \/>\n\t<meta property=\"og:image:height\" content=\"800\" \/>\n\t<meta property=\"og:image:type\" content=\"image\/png\" \/>\n<meta name=\"twitter:label1\" content=\"Preis\" \/>\n\t<meta name=\"twitter:data1\" content=\"&euro;59,00\" \/>\n\t<meta name=\"twitter:label2\" content=\"Verf\u00fcgbarkeit\" \/>\n\t<meta name=\"twitter:data2\" content=\"Auf Lager\" \/>\n<script type=\"application\/ld+json\" class=\"yoast-schema-graph\">{\"@context\":\"https:\\\/\\\/schema.org\",\"@graph\":[{\"@type\":\"WebPage\",\"@id\":\"https:\\\/\\\/www.oudadl.testontwikkeling.nl\\\/product\\\/strands-unity-ultra-flat-werklamp\\\/\",\"url\":\"https:\\\/\\\/www.oudadl.testontwikkeling.nl\\\/product\\\/strands-unity-ultra-flat-werklamp\\\/\",\"name\":\"Strands Unity Ultra Flat werklamp - All Day Led - mini lamp van Strands\",\"isPartOf\":{\"@id\":\"https:\\\/\\\/www.oudadl.testontwikkeling.nl\\\/#website\"},\"primaryImageOfPage\":{\"@id\":\"https:\\\/\\\/www.oudadl.testontwikkeling.nl\\\/product\\\/strands-unity-ultra-flat-werklamp\\\/#primaryimage\"},\"image\":{\"@id\":\"https:\\\/\\\/www.oudadl.testontwikkeling.nl\\\/product\\\/strands-unity-ultra-flat-werklamp\\\/#primaryimage\"},\"thumbnailUrl\":\"https:\\\/\\\/www.oudadl.testontwikkeling.nl\\\/wp-content\\\/uploads\\\/2024\\\/12\\\/ADL800552.png\",\"datePublished\":\"2024-12-30T14:43:25+00:00\",\"dateModified\":\"2025-12-10T00:05:19+00:00\",\"description\":\"Strands Unity Ultra Flat werklamp - compacte werklamp met RVS bevestigingsbeugel - 2900 Lumen - 1 Lux @ 32 meter - IP68 en IP69K waterdicht\",\"breadcrumb\":{\"@id\":\"https:\\\/\\\/www.oudadl.testontwikkeling.nl\\\/product\\\/strands-unity-ultra-flat-werklamp\\\/#breadcrumb\"},\"inLanguage\":\"de\",\"potentialAction\":[{\"@type\":\"ReadAction\",\"target\":[\"https:\\\/\\\/www.oudadl.testontwikkeling.nl\\\/product\\\/strands-unity-ultra-flat-werklamp\\\/\"]}]},{\"@type\":\"ImageObject\",\"inLanguage\":\"de\",\"@id\":\"https:\\\/\\\/www.oudadl.testontwikkeling.nl\\\/product\\\/strands-unity-ultra-flat-werklamp\\\/#primaryimage\",\"url\":\"https:\\\/\\\/www.oudadl.testontwikkeling.nl\\\/wp-content\\\/uploads\\\/2024\\\/12\\\/ADL800552.png\",\"contentUrl\":\"https:\\\/\\\/www.oudadl.testontwikkeling.nl\\\/wp-content\\\/uploads\\\/2024\\\/12\\\/ADL800552.png\",\"width\":800,\"height\":600,\"caption\":\"Strands Unity Ultra Flat werklamp - werklamp die geschikt is voor 12 en \\\/ of 24 volt gebruik - Strands 800552 - UNITY ULTRA FLAT WORK LIGHT 22W - EAN: 7323030190002\"},{\"@type\":\"BreadcrumbList\",\"@id\":\"https:\\\/\\\/www.oudadl.testontwikkeling.nl\\\/product\\\/strands-unity-ultra-flat-werklamp\\\/#breadcrumb\",\"itemListElement\":[{\"@type\":\"ListItem\",\"position\":1,\"name\":\"Home\",\"item\":\"https:\\\/\\\/www.oudadl.testontwikkeling.nl\\\/\"},{\"@type\":\"ListItem\",\"position\":2,\"name\":\"Shop\",\"item\":\"https:\\\/\\\/www.oudadl.testontwikkeling.nl\\\/de\\\/shop\\\/\"},{\"@type\":\"ListItem\",\"position\":3,\"name\":\"Werklampen\",\"item\":\"https:\\\/\\\/www.oudadl.testontwikkeling.nl\\\/product-categorie\\\/werklampen\\\/\"},{\"@type\":\"ListItem\",\"position\":4,\"name\":\"Werklamp overig\",\"item\":\"https:\\\/\\\/www.oudadl.testontwikkeling.nl\\\/product-categorie\\\/werklampen\\\/werklamp-overig\\\/\"},{\"@type\":\"ListItem\",\"position\":5,\"name\":\"Strands Unity Ultra Flat werklamp\"}]},{\"@type\":\"WebSite\",\"@id\":\"https:\\\/\\\/www.oudadl.testontwikkeling.nl\\\/#website\",\"url\":\"https:\\\/\\\/www.oudadl.testontwikkeling.nl\\\/\",\"name\":\"All Day Led\",\"description\":\"\",\"publisher\":{\"@id\":\"https:\\\/\\\/www.oudadl.testontwikkeling.nl\\\/#organization\"},\"potentialAction\":[{\"@type\":\"SearchAction\",\"target\":{\"@type\":\"EntryPoint\",\"urlTemplate\":\"https:\\\/\\\/www.oudadl.testontwikkeling.nl\\\/?s={search_term_string}\"},\"query-input\":{\"@type\":\"PropertyValueSpecification\",\"valueRequired\":true,\"valueName\":\"search_term_string\"}}],\"inLanguage\":\"de\"},{\"@type\":\"Organization\",\"@id\":\"https:\\\/\\\/www.oudadl.testontwikkeling.nl\\\/#organization\",\"name\":\"All Day Led\",\"url\":\"https:\\\/\\\/www.oudadl.testontwikkeling.nl\\\/\",\"logo\":{\"@type\":\"ImageObject\",\"inLanguage\":\"de\",\"@id\":\"https:\\\/\\\/www.oudadl.testontwikkeling.nl\\\/#\\\/schema\\\/logo\\\/image\\\/\",\"url\":\"https:\\\/\\\/www.oudadl.testontwikkeling.nl\\\/wp-content\\\/uploads\\\/2022\\\/08\\\/Logo-ALL-DAY-LED-800x800-zwart-witte-letters.png\",\"contentUrl\":\"https:\\\/\\\/www.oudadl.testontwikkeling.nl\\\/wp-content\\\/uploads\\\/2022\\\/08\\\/Logo-ALL-DAY-LED-800x800-zwart-witte-letters.png\",\"width\":800,\"height\":800,\"caption\":\"All Day Led\"},\"image\":{\"@id\":\"https:\\\/\\\/www.oudadl.testontwikkeling.nl\\\/#\\\/schema\\\/logo\\\/image\\\/\"},\"sameAs\":[\"https:\\\/\\\/www.facebook.com\\\/alldayled\\\/\",\"https:\\\/\\\/www.instagram.com\\\/alldayled\\\/\"],\"vatID\":\"NL863960133B01\",\"taxID\":\"86416545\",\"hasMerchantReturnPolicy\":{\"@type\":\"MerchantReturnPolicy\",\"merchantReturnLink\":\"https:\\\/\\\/www.oudadl.testontwikkeling.nl\\\/de\\\/verzenden-retourneren\\\/\"}}]}<\/script>\n<meta property=\"product:brand\" content=\"Strands\" \/>\n<meta property=\"product:price:amount\" content=\"59.00\" \/>\n<meta property=\"product:price:currency\" content=\"EUR\" \/>\n<meta property=\"og:availability\" content=\"instock\" \/>\n<meta property=\"product:availability\" content=\"instock\" \/>\n<meta property=\"product:retailer_item_id\" content=\"ADL800552\" \/>\n<meta property=\"product:condition\" content=\"new\" \/>\n<!-- \/ Yoast SEO Premium plugin. -->","yoast_head_json":{"title":"Strands Unity Ultraflache Arbeitsleuchte - All Day Led - Mini Lampe von Strands","description":"Strands Unity Ultra Flat Arbeitsscheinwerfer - kompakte Leuchte mit Edelstahl-Montagehalterung - 2900 Lumen - 1 Lux @ 32 Meter - IP68 und IP69K waterproof","robots":{"index":"noindex","follow":"follow","max-snippet":"max-snippet:-1","max-image-preview":"max-image-preview:large","max-video-preview":"max-video-preview:-1"},"og_locale":"de_DE","og_type":"article","og_title":"Strands Unity Ultra Flat werklamp - All Day Led - mini lamp van Strands","og_description":"Strands Unity Ultra Flat werklamp - compacte werklamp met RVS bevestigingsbeugel - 2900 Lumen - 1 Lux @ 32 meter - IP68 en IP69K waterdicht","og_url":"https:\/\/www.oudadl.testontwikkeling.nl\/de\/produkt\/strands-unity-ultra-flat-werklamp\/","og_site_name":"All Day Led","article_publisher":"https:\/\/www.facebook.com\/alldayled\/","article_modified_time":"2025-12-10T00:05:19+00:00","og_image":[{"width":800,"height":800,"url":"https:\/\/www.oudadl.testontwikkeling.nl\/wp-content\/uploads\/2025\/02\/ADL800552.03.png","type":"image\/png"}],"twitter_misc":{"Preis":"&euro;59,00","Verf\u00fcgbarkeit":"Auf Lager"},"schema":{"@context":"https:\/\/schema.org","@graph":[{"@type":"WebPage","@id":"https:\/\/www.oudadl.testontwikkeling.nl\/product\/strands-unity-ultra-flat-werklamp\/","url":"https:\/\/www.oudadl.testontwikkeling.nl\/product\/strands-unity-ultra-flat-werklamp\/","name":"Strands Unity Ultraflache Arbeitsleuchte - All Day Led - Mini Lampe von Strands","isPartOf":{"@id":"https:\/\/www.oudadl.testontwikkeling.nl\/#website"},"primaryImageOfPage":{"@id":"https:\/\/www.oudadl.testontwikkeling.nl\/product\/strands-unity-ultra-flat-werklamp\/#primaryimage"},"image":{"@id":"https:\/\/www.oudadl.testontwikkeling.nl\/product\/strands-unity-ultra-flat-werklamp\/#primaryimage"},"thumbnailUrl":"https:\/\/www.oudadl.testontwikkeling.nl\/wp-content\/uploads\/2024\/12\/ADL800552.png","datePublished":"2024-12-30T14:43:25+00:00","dateModified":"2025-12-10T00:05:19+00:00","description":"Strands Unity Ultra Flat Arbeitsscheinwerfer - kompakte Leuchte mit Edelstahl-Montagehalterung - 2900 Lumen - 1 Lux @ 32 Meter - IP68 und IP69K waterproof","breadcrumb":{"@id":"https:\/\/www.oudadl.testontwikkeling.nl\/product\/strands-unity-ultra-flat-werklamp\/#breadcrumb"},"inLanguage":"de","potentialAction":[{"@type":"ReadAction","target":["https:\/\/www.oudadl.testontwikkeling.nl\/product\/strands-unity-ultra-flat-werklamp\/"]}]},{"@type":"ImageObject","inLanguage":"de","@id":"https:\/\/www.oudadl.testontwikkeling.nl\/product\/strands-unity-ultra-flat-werklamp\/#primaryimage","url":"https:\/\/www.oudadl.testontwikkeling.nl\/wp-content\/uploads\/2024\/12\/ADL800552.png","contentUrl":"https:\/\/www.oudadl.testontwikkeling.nl\/wp-content\/uploads\/2024\/12\/ADL800552.png","width":800,"height":600,"caption":"Strands Unity Ultra Flat werklamp - werklamp die geschikt is voor 12 en \/ of 24 volt gebruik - Strands 800552 - UNITY ULTRA FLAT WORK LIGHT 22W - EAN: 7323030190002"},{"@type":"BreadcrumbList","@id":"https:\/\/www.oudadl.testontwikkeling.nl\/product\/strands-unity-ultra-flat-werklamp\/#breadcrumb","itemListElement":[{"@type":"ListItem","position":1,"name":"Home","item":"https:\/\/www.oudadl.testontwikkeling.nl\/"},{"@type":"ListItem","position":2,"name":"Shop","item":"https:\/\/www.oudadl.testontwikkeling.nl\/de\/shop\/"},{"@type":"ListItem","position":3,"name":"Werklampen","item":"https:\/\/www.oudadl.testontwikkeling.nl\/product-categorie\/werklampen\/"},{"@type":"ListItem","position":4,"name":"Werklamp overig","item":"https:\/\/www.oudadl.testontwikkeling.nl\/product-categorie\/werklampen\/werklamp-overig\/"},{"@type":"ListItem","position":5,"name":"Strands Unity Ultra Flat werklamp"}]},{"@type":"WebSite","@id":"https:\/\/www.oudadl.testontwikkeling.nl\/#website","url":"https:\/\/www.oudadl.testontwikkeling.nl\/","name":"All Day Led","description":"","publisher":{"@id":"https:\/\/www.oudadl.testontwikkeling.nl\/#organization"},"potentialAction":[{"@type":"SearchAction","target":{"@type":"EntryPoint","urlTemplate":"https:\/\/www.oudadl.testontwikkeling.nl\/?s={search_term_string}"},"query-input":{"@type":"PropertyValueSpecification","valueRequired":true,"valueName":"search_term_string"}}],"inLanguage":"de"},{"@type":"Organization","@id":"https:\/\/www.oudadl.testontwikkeling.nl\/#organization","name":"All Day Led","url":"https:\/\/www.oudadl.testontwikkeling.nl\/","logo":{"@type":"ImageObject","inLanguage":"de","@id":"https:\/\/www.oudadl.testontwikkeling.nl\/#\/schema\/logo\/image\/","url":"https:\/\/www.oudadl.testontwikkeling.nl\/wp-content\/uploads\/2022\/08\/Logo-ALL-DAY-LED-800x800-zwart-witte-letters.png","contentUrl":"https:\/\/www.oudadl.testontwikkeling.nl\/wp-content\/uploads\/2022\/08\/Logo-ALL-DAY-LED-800x800-zwart-witte-letters.png","width":800,"height":800,"caption":"All Day Led"},"image":{"@id":"https:\/\/www.oudadl.testontwikkeling.nl\/#\/schema\/logo\/image\/"},"sameAs":["https:\/\/www.facebook.com\/alldayled\/","https:\/\/www.instagram.com\/alldayled\/"],"vatID":"NL863960133B01","taxID":"86416545","hasMerchantReturnPolicy":{"@type":"MerchantReturnPolicy","merchantReturnLink":"https:\/\/www.oudadl.testontwikkeling.nl\/de\/verzenden-retourneren\/"}}]},"product_brand":"Strands","product_price_amount":"59.00","product_price_currency":"EUR","og_availability":"instock","product_availability":"instock","product_retailer_item_id":"ADL800552","product_condition":"new"},"_links":{"self":[{"href":"https:\/\/www.oudadl.testontwikkeling.nl\/de\/wp-json\/wp\/v2\/product\/51803","targetHints":{"allow":["GET"]}}],"collection":[{"href":"https:\/\/www.oudadl.testontwikkeling.nl\/de\/wp-json\/wp\/v2\/product"}],"about":[{"href":"https:\/\/www.oudadl.testontwikkeling.nl\/de\/wp-json\/wp\/v2\/types\/product"}],"replies":[{"embeddable":true,"href":"https:\/\/www.oudadl.testontwikkeling.nl\/de\/wp-json\/wp\/v2\/comments?post=51803"}],"wp:featuredmedia":[{"embeddable":true,"href":"https:\/\/www.oudadl.testontwikkeling.nl\/de\/wp-json\/wp\/v2\/media\/53153"}],"wp:attachment":[{"href":"https:\/\/www.oudadl.testontwikkeling.nl\/de\/wp-json\/wp\/v2\/media?parent=51803"}],"wp:term":[{"taxonomy":"product_brand","embeddable":true,"href":"https:\/\/www.oudadl.testontwikkeling.nl\/de\/wp-json\/wp\/v2\/product_brand?post=51803"},{"taxonomy":"product_cat","embeddable":true,"href":"https:\/\/www.oudadl.testontwikkeling.nl\/de\/wp-json\/wp\/v2\/product_cat?post=51803"},{"taxonomy":"product_tag","embeddable":true,"href":"https:\/\/www.oudadl.testontwikkeling.nl\/de\/wp-json\/wp\/v2\/product_tag?post=51803"}],"curies":[{"name":"wp","href":"https:\/\/api.w.org\/{rel}","templated":true}]}}