{"id":51082,"date":"2023-11-16T10:00:48","date_gmt":"2023-11-16T09:00:48","guid":{"rendered":"https:\/\/www.oudadl.testontwikkeling.nl\/?post_type=product&#038;p=51082"},"modified":"2025-08-01T11:00:21","modified_gmt":"2025-08-01T09:00:21","slug":"was-w254-led-markeringslamp-wit","status":"publish","type":"product","link":"https:\/\/www.oudadl.testontwikkeling.nl\/de\/product\/was-w254-led-markeringslamp-wit\/","title":{"rendered":"WA\u015a W254 LED Umrissleuchte wei\u00df"},"content":{"rendered":"<p><span style=\"color: #000000;\"><strong>WA\u015a W254 LED Umrissleuchte wei\u00df mit Reflektor, geeignet f\u00fcr 12 und 24 Volt.\u00a0<\/strong><\/span><\/p>\n<p><span style=\"color: #000000;\">Sie m\u00f6chten Ihr Fahrzeug oder Ihren Anh\u00e4nger mit einer neuen oder zus\u00e4tzlichen Markierungsleuchte ausstatten und m\u00f6chten, dass diese \u00fcber einen Reflektor verf\u00fcgt? Sie wissen aber nicht, welche Lampe am besten zu Ihnen passt? Vielleicht ist die Markierungsleuchte WA\u015a W254 LED WEISS die Lampe, die Sie suchen. Die LED-Lampe verf\u00fcgt \u00fcber 16 kleine LED-Punkte, die streifenf\u00f6rmig in der Farbe WEISS leuchten. Dar\u00fcber hinaus funktioniert die Markierungsleuchte LED mit 12 und 24 Volt. Das bedeutet, dass Sie die LED-Lampe an Ihrem Auto, Wohnmobil, LKW, Anh\u00e4nger oder einem anderen Fahrzeugtyp montieren k\u00f6nnen.<\/span><\/p>\n<p><span style=\"color: #000000;\">Denn vor dem Kauf m\u00f6chten Sie sicher sein, dass dies die Lampe ist, die Sie suchen. Nachfolgend haben wir einige Features der Markierungsleuchte LED mit Reflektorfunktion aufgelistet. Die Begrenzungsleuchte ist unter anderem mit ECE R10 ausgestattet. Die Markierungsleuchte LED WHITE der Marke WA\u015a verf\u00fcgt au\u00dferdem \u00fcber das ECE R148-G\u00fctezeichen. Dieses G\u00fctezeichen weist darauf hin, dass die Lampe LED als Positionsleuchte verwendet werden darf.<\/span><\/p>\n<h5><span style=\"color: #000000;\"><strong>Abmessungen:<\/strong><\/span><\/h5>\n<p><span style=\"color: #000000;\">Denn vor dem Kauf m\u00f6chten Sie sicher sein, dass Sie die LED-Lampe mit rechtwinkliger Montagehalterung und Reflektor dort montieren k\u00f6nnen, wo Sie m\u00f6chten. Nachfolgend haben wir die Abmessungen der LED-Lampe notiert. Die Abmessungen der Markierungsleuchte WA\u015a W254 LED WEISS sind wie folgt:<\/span><\/p>\n<ul>\n<li><span style=\"color: #000000;\">H\u00f6he: 36 mm (49 mm inkl. Halterung)<\/span><\/li>\n<li><span style=\"color: #000000;\">Breite: 103 mm<\/span><\/li>\n<li><span style=\"color: #000000;\">Dicke: 18 mm<\/span><\/li>\n<li><span style=\"color: #000000;\">Mitte-zu-Mitte: 75 mm<\/span><\/li>\n<\/ul>\n<h5><span style=\"color: #000000;\"><strong>Andere Farben:<\/strong><\/span><\/h5>\n<p><span style=\"color: #000000;\">M\u00f6chten Sie eine Markierungsleuchte LED von WA\u015a in Ihr Auto, Ihren LKW oder Anh\u00e4nger einbauen? Aber ist die Markierungsleuchte WA\u015a W254 LED WEISS nicht die Farbe, die Sie suchen? Dann wissen Sie, dass die Lampe WA\u015a W254 auch in anderen Farben erh\u00e4ltlich ist. Sehen Sie sich unten eine Liste der anderen Farben an.<\/span><\/p>\n<ul>\n<li><span style=\"color: #000000;\"><a style=\"color: #000000;\" href=\"https:\/\/www.oudadl.testontwikkeling.nl\/de\/produkt\/was-w254-led-markeringslamp-oranje\/\"><strong>WA\u015a W254 LED Umrissleuchte orange<\/strong><\/a><\/span><\/li>\n<li><span style=\"color: #000000;\"><a style=\"color: #000000;\" href=\"https:\/\/www.oudadl.testontwikkeling.nl\/de\/produkt\/was-w254-led-markeringslamp-rood\/\"><strong>WA\u015a W254 LED Umrissleuchte rot<\/strong><\/a><\/span><\/li>\n<\/ul>\n<p><span style=\"color: #000000;\">Sind Sie nach dem Lesen aller Spezifikationen immer noch nicht davon \u00fcberzeugt, dass die WA\u015a W254 LED Umrissleuchte WEISS mit Montagehalterung und Reflektor das ist, was Sie suchen? Einfach weil Ihnen die Farbe, Form oder L\u00e4nge nicht gef\u00e4llt? Dann sehen Sie sich hier das komplette Sortiment der Marke an <a style=\"color: #000000;\" href=\"https:\/\/www.oudadl.testontwikkeling.nl\/de\/merk\/product-was\/\">WAR.<\/a><\/span><\/p>","protected":false},"excerpt":{"rendered":"<p>WA\u015a W254 LED markeringslamp wit met reflector, geschikt voor 12 en 24 volt.\u00a0 Wil jij je voertuig of aanhanger voorzien van een nieuwe of extra markeringslamp en wil je dat hier een reflector op zit? Maar weet je niet welke lamp het beste bij je past? Wellicht is de WA\u015a W254 LED markeringslamp WIT dan [&hellip;]<\/p>\n","protected":false},"featured_media":52233,"comment_status":"open","ping_status":"closed","template":"","meta":{"_acf_changed":false,"site-sidebar-layout":"default","site-content-layout":"default","ast-site-content-layout":"default","site-content-style":"default","site-sidebar-style":"default","ast-global-header-display":"","ast-banner-title-visibility":"","ast-main-header-display":"","ast-hfb-above-header-display":"","ast-hfb-below-header-display":"","ast-hfb-mobile-header-display":"","site-post-title":"","ast-breadcrumbs-content":"","ast-featured-img":"","footer-sml-layout":"","ast-disable-related-posts":"","theme-transparent-header-meta":"default","adv-header-id-meta":"","stick-header-meta":"","header-above-stick-meta":"","header-main-stick-meta":"","header-below-stick-meta":"","astra-migrate-meta-layouts":"set","ast-page-background-enabled":"default","ast-page-background-meta":{"desktop":{"background-color":"","background-image":"","background-repeat":"repeat","background-position":"center center","background-size":"auto","background-attachment":"scroll","background-type":"","background-media":"","overlay-type":"","overlay-color":"","overlay-opacity":"","overlay-gradient":""},"tablet":{"background-color":"","background-image":"","background-repeat":"repeat","background-position":"center center","background-size":"auto","background-attachment":"scroll","background-type":"","background-media":"","overlay-type":"","overlay-color":"","overlay-opacity":"","overlay-gradient":""},"mobile":{"background-color":"","background-image":"","background-repeat":"repeat","background-position":"center center","background-size":"auto","background-attachment":"scroll","background-type":"","background-media":"","overlay-type":"","overlay-color":"","overlay-opacity":"","overlay-gradient":""}},"ast-content-background-meta":{"desktop":{"background-color":"var(--ast-global-color-5)","background-image":"","background-repeat":"repeat","background-position":"center center","background-size":"auto","background-attachment":"scroll","background-type":"","background-media":"","overlay-type":"","overlay-color":"","overlay-opacity":"","overlay-gradient":""},"tablet":{"background-color":"var(--ast-global-color-5)","background-image":"","background-repeat":"repeat","background-position":"center center","background-size":"auto","background-attachment":"scroll","background-type":"","background-media":"","overlay-type":"","overlay-color":"","overlay-opacity":"","overlay-gradient":""},"mobile":{"background-color":"var(--ast-global-color-5)","background-image":"","background-repeat":"repeat","background-position":"center center","background-size":"auto","background-attachment":"scroll","background-type":"","background-media":"","overlay-type":"","overlay-color":"","overlay-opacity":"","overlay-gradient":""}}},"product_brand":[],"product_cat":[262],"product_tag":[263,2483,2476,5486,5485,2554,2473,2477,2474,2475,2519],"class_list":{"0":"post-51082","1":"product","2":"type-product","3":"status-publish","4":"has-post-thumbnail","6":"product_cat-markeringslampen","7":"product_tag-contourverlichting","8":"product_tag-led-markering-wit","9":"product_tag-led-markeringslamp","10":"product_tag-led-markeringslamp-12-volt","11":"product_tag-led-markeringslamp-24-volt","12":"product_tag-led-markeringslamp-wit","13":"product_tag-markeringslamp-aanhanger","14":"product_tag-markeringslamp-camper","15":"product_tag-markeringslamp-trailer","16":"product_tag-markeringslamp-vrachtwagen","17":"product_tag-was-led-verlichting","18":"pa_merkk-product-was","19":"desktop-align-left","20":"tablet-align-left","21":"mobile-align-left","23":"first","24":"instock","25":"taxable","26":"shipping-taxable","27":"purchasable","28":"product-type-simple"},"acf":[],"yoast_head":"<!-- This site is optimized with the Yoast SEO Premium plugin v25.9 (Yoast SEO v27.6) - https:\/\/yoast.com\/product\/yoast-seo-premium-wordpress\/ -->\n<title>W254 LED markeringslamp wit - WA\u015a - All Day Led - geschikt voor 12&amp;24V<\/title>\n<meta name=\"description\" content=\"W254 LED markeringslamp wit - 12&amp;24 volt - markeringslamp met NEON LOOK - auto, vrachtwagen, camper, aanhanger en meer - met ECE R148 keurmerk\" \/>\n<meta name=\"robots\" content=\"noindex, follow, max-snippet:-1, max-image-preview:large, max-video-preview:-1\" \/>\n<meta property=\"og:locale\" content=\"de_DE\" \/>\n<meta property=\"og:type\" content=\"article\" \/>\n<meta property=\"og:title\" content=\"W254 LED markeringslamp wit - WA\u015a - All Day Led - geschikt voor 12&amp;24V\" \/>\n<meta property=\"og:description\" content=\"W254 LED markeringslamp wit - 12&amp;24 volt - markeringslamp met NEON LOOK - auto, vrachtwagen, camper, aanhanger en meer - met ECE R148 keurmerk\" \/>\n<meta property=\"og:url\" content=\"https:\/\/www.oudadl.testontwikkeling.nl\/de\/produkt\/was-w254-led-markeringslamp-wit\/\" \/>\n<meta property=\"og:site_name\" content=\"All Day Led\" \/>\n<meta property=\"article:publisher\" content=\"https:\/\/www.facebook.com\/alldayled\/\" \/>\n<meta property=\"article:modified_time\" content=\"2025-08-01T09:00:21+00:00\" \/>\n<meta property=\"og:image\" content=\"https:\/\/www.oudadl.testontwikkeling.nl\/wp-content\/uploads\/2024\/12\/ADL02035.png\" \/>\n\t<meta property=\"og:image:width\" content=\"800\" \/>\n\t<meta property=\"og:image:height\" content=\"600\" \/>\n\t<meta property=\"og:image:type\" content=\"image\/png\" \/>\n<meta name=\"twitter:label1\" content=\"Preis\" \/>\n\t<meta name=\"twitter:data1\" content=\"&euro;9,75\" \/>\n\t<meta name=\"twitter:label2\" content=\"Verf\u00fcgbarkeit\" \/>\n\t<meta name=\"twitter:data2\" content=\"Auf Lager\" \/>\n<script type=\"application\/ld+json\" class=\"yoast-schema-graph\">{\"@context\":\"https:\\\/\\\/schema.org\",\"@graph\":[{\"@type\":\"WebPage\",\"@id\":\"https:\\\/\\\/www.oudadl.testontwikkeling.nl\\\/product\\\/was-w254-led-markeringslamp-wit\\\/\",\"url\":\"https:\\\/\\\/www.oudadl.testontwikkeling.nl\\\/product\\\/was-w254-led-markeringslamp-wit\\\/\",\"name\":\"W254 LED markeringslamp wit - WA\u015a - All Day Led - geschikt voor 12&24V\",\"isPartOf\":{\"@id\":\"https:\\\/\\\/www.oudadl.testontwikkeling.nl\\\/#website\"},\"primaryImageOfPage\":{\"@id\":\"https:\\\/\\\/www.oudadl.testontwikkeling.nl\\\/product\\\/was-w254-led-markeringslamp-wit\\\/#primaryimage\"},\"image\":{\"@id\":\"https:\\\/\\\/www.oudadl.testontwikkeling.nl\\\/product\\\/was-w254-led-markeringslamp-wit\\\/#primaryimage\"},\"thumbnailUrl\":\"https:\\\/\\\/www.oudadl.testontwikkeling.nl\\\/wp-content\\\/uploads\\\/2024\\\/12\\\/ADL02035.png\",\"datePublished\":\"2023-11-16T09:00:48+00:00\",\"dateModified\":\"2025-08-01T09:00:21+00:00\",\"description\":\"W254 LED markeringslamp wit - 12&24 volt - markeringslamp met NEON LOOK - auto, vrachtwagen, camper, aanhanger en meer - met ECE R148 keurmerk\",\"breadcrumb\":{\"@id\":\"https:\\\/\\\/www.oudadl.testontwikkeling.nl\\\/product\\\/was-w254-led-markeringslamp-wit\\\/#breadcrumb\"},\"inLanguage\":\"de\",\"potentialAction\":[{\"@type\":\"ReadAction\",\"target\":[\"https:\\\/\\\/www.oudadl.testontwikkeling.nl\\\/product\\\/was-w254-led-markeringslamp-wit\\\/\"]}]},{\"@type\":\"ImageObject\",\"inLanguage\":\"de\",\"@id\":\"https:\\\/\\\/www.oudadl.testontwikkeling.nl\\\/product\\\/was-w254-led-markeringslamp-wit\\\/#primaryimage\",\"url\":\"https:\\\/\\\/www.oudadl.testontwikkeling.nl\\\/wp-content\\\/uploads\\\/2024\\\/12\\\/ADL02035.png\",\"contentUrl\":\"https:\\\/\\\/www.oudadl.testontwikkeling.nl\\\/wp-content\\\/uploads\\\/2024\\\/12\\\/ADL02035.png\",\"width\":800,\"height\":600,\"caption\":\"WA\u015a W254 LED markeringslamp WIT - LED lamp met ingebouwde reflector en ECE R148 keurmerk - WA\u015a 2035 - lamp is geschikt voor 12 en 24 volt gebruik - EAN: 5903098130312\"},{\"@type\":\"BreadcrumbList\",\"@id\":\"https:\\\/\\\/www.oudadl.testontwikkeling.nl\\\/product\\\/was-w254-led-markeringslamp-wit\\\/#breadcrumb\",\"itemListElement\":[{\"@type\":\"ListItem\",\"position\":1,\"name\":\"Home\",\"item\":\"https:\\\/\\\/www.oudadl.testontwikkeling.nl\\\/\"},{\"@type\":\"ListItem\",\"position\":2,\"name\":\"Shop\",\"item\":\"https:\\\/\\\/www.oudadl.testontwikkeling.nl\\\/de\\\/shop\\\/\"},{\"@type\":\"ListItem\",\"position\":3,\"name\":\"Positielampen\",\"item\":\"https:\\\/\\\/www.oudadl.testontwikkeling.nl\\\/product-categorie\\\/positielampen\\\/\"},{\"@type\":\"ListItem\",\"position\":4,\"name\":\"Markeringslampen\",\"item\":\"https:\\\/\\\/www.oudadl.testontwikkeling.nl\\\/product-categorie\\\/positielampen\\\/markeringslampen\\\/\"},{\"@type\":\"ListItem\",\"position\":5,\"name\":\"WA\u015a W254 LED markeringslamp wit\"}]},{\"@type\":\"WebSite\",\"@id\":\"https:\\\/\\\/www.oudadl.testontwikkeling.nl\\\/#website\",\"url\":\"https:\\\/\\\/www.oudadl.testontwikkeling.nl\\\/\",\"name\":\"All Day Led\",\"description\":\"\",\"publisher\":{\"@id\":\"https:\\\/\\\/www.oudadl.testontwikkeling.nl\\\/#organization\"},\"potentialAction\":[{\"@type\":\"SearchAction\",\"target\":{\"@type\":\"EntryPoint\",\"urlTemplate\":\"https:\\\/\\\/www.oudadl.testontwikkeling.nl\\\/?s={search_term_string}\"},\"query-input\":{\"@type\":\"PropertyValueSpecification\",\"valueRequired\":true,\"valueName\":\"search_term_string\"}}],\"inLanguage\":\"de\"},{\"@type\":\"Organization\",\"@id\":\"https:\\\/\\\/www.oudadl.testontwikkeling.nl\\\/#organization\",\"name\":\"All Day Led\",\"url\":\"https:\\\/\\\/www.oudadl.testontwikkeling.nl\\\/\",\"logo\":{\"@type\":\"ImageObject\",\"inLanguage\":\"de\",\"@id\":\"https:\\\/\\\/www.oudadl.testontwikkeling.nl\\\/#\\\/schema\\\/logo\\\/image\\\/\",\"url\":\"https:\\\/\\\/www.oudadl.testontwikkeling.nl\\\/wp-content\\\/uploads\\\/2022\\\/08\\\/Logo-ALL-DAY-LED-800x800-zwart-witte-letters.png\",\"contentUrl\":\"https:\\\/\\\/www.oudadl.testontwikkeling.nl\\\/wp-content\\\/uploads\\\/2022\\\/08\\\/Logo-ALL-DAY-LED-800x800-zwart-witte-letters.png\",\"width\":800,\"height\":800,\"caption\":\"All Day Led\"},\"image\":{\"@id\":\"https:\\\/\\\/www.oudadl.testontwikkeling.nl\\\/#\\\/schema\\\/logo\\\/image\\\/\"},\"sameAs\":[\"https:\\\/\\\/www.facebook.com\\\/alldayled\\\/\",\"https:\\\/\\\/www.instagram.com\\\/alldayled\\\/\"],\"vatID\":\"NL863960133B01\",\"taxID\":\"86416545\",\"hasMerchantReturnPolicy\":{\"@type\":\"MerchantReturnPolicy\",\"merchantReturnLink\":\"https:\\\/\\\/www.oudadl.testontwikkeling.nl\\\/de\\\/verzenden-retourneren\\\/\"}}]}<\/script>\n<meta property=\"product:brand\" content=\"WA\u015a\" \/>\n<meta property=\"product:price:amount\" content=\"9.75\" \/>\n<meta property=\"product:price:currency\" content=\"EUR\" \/>\n<meta property=\"og:availability\" content=\"instock\" \/>\n<meta property=\"product:availability\" content=\"instock\" \/>\n<meta property=\"product:retailer_item_id\" content=\"ADL02035\" \/>\n<meta property=\"product:condition\" content=\"new\" \/>\n<!-- \/ Yoast SEO Premium plugin. -->","yoast_head_json":{"title":"W254 LED Umrissleuchte wei\u00df - WA\u015a - All Day Led - passend f\u00fcr 12&amp;24V","description":"W254 LED Umrissleuchte wei\u00df - 12&amp;24 volt - Begrenzungsleuchte im NEON-LOOK - PKW, LKW, Wohnmobil, Anh\u00e4nger und mehr - mit ECE R148-G\u00fctezeichen","robots":{"index":"noindex","follow":"follow","max-snippet":"max-snippet:-1","max-image-preview":"max-image-preview:large","max-video-preview":"max-video-preview:-1"},"og_locale":"de_DE","og_type":"article","og_title":"W254 LED markeringslamp wit - WA\u015a - All Day Led - geschikt voor 12&24V","og_description":"W254 LED markeringslamp wit - 12&24 volt - markeringslamp met NEON LOOK - auto, vrachtwagen, camper, aanhanger en meer - met ECE R148 keurmerk","og_url":"https:\/\/www.oudadl.testontwikkeling.nl\/de\/produkt\/was-w254-led-markeringslamp-wit\/","og_site_name":"All Day Led","article_publisher":"https:\/\/www.facebook.com\/alldayled\/","article_modified_time":"2025-08-01T09:00:21+00:00","og_image":[{"width":800,"height":600,"url":"https:\/\/www.oudadl.testontwikkeling.nl\/wp-content\/uploads\/2024\/12\/ADL02035.png","type":"image\/png"}],"twitter_misc":{"Preis":"&euro;9,75","Verf\u00fcgbarkeit":"Auf Lager"},"schema":{"@context":"https:\/\/schema.org","@graph":[{"@type":"WebPage","@id":"https:\/\/www.oudadl.testontwikkeling.nl\/product\/was-w254-led-markeringslamp-wit\/","url":"https:\/\/www.oudadl.testontwikkeling.nl\/product\/was-w254-led-markeringslamp-wit\/","name":"W254 LED Umrissleuchte wei\u00df - WA\u015a - All Day Led - passend f\u00fcr 12&amp;24V","isPartOf":{"@id":"https:\/\/www.oudadl.testontwikkeling.nl\/#website"},"primaryImageOfPage":{"@id":"https:\/\/www.oudadl.testontwikkeling.nl\/product\/was-w254-led-markeringslamp-wit\/#primaryimage"},"image":{"@id":"https:\/\/www.oudadl.testontwikkeling.nl\/product\/was-w254-led-markeringslamp-wit\/#primaryimage"},"thumbnailUrl":"https:\/\/www.oudadl.testontwikkeling.nl\/wp-content\/uploads\/2024\/12\/ADL02035.png","datePublished":"2023-11-16T09:00:48+00:00","dateModified":"2025-08-01T09:00:21+00:00","description":"W254 LED Umrissleuchte wei\u00df - 12&amp;24 volt - Begrenzungsleuchte im NEON-LOOK - PKW, LKW, Wohnmobil, Anh\u00e4nger und mehr - mit ECE R148-G\u00fctezeichen","breadcrumb":{"@id":"https:\/\/www.oudadl.testontwikkeling.nl\/product\/was-w254-led-markeringslamp-wit\/#breadcrumb"},"inLanguage":"de","potentialAction":[{"@type":"ReadAction","target":["https:\/\/www.oudadl.testontwikkeling.nl\/product\/was-w254-led-markeringslamp-wit\/"]}]},{"@type":"ImageObject","inLanguage":"de","@id":"https:\/\/www.oudadl.testontwikkeling.nl\/product\/was-w254-led-markeringslamp-wit\/#primaryimage","url":"https:\/\/www.oudadl.testontwikkeling.nl\/wp-content\/uploads\/2024\/12\/ADL02035.png","contentUrl":"https:\/\/www.oudadl.testontwikkeling.nl\/wp-content\/uploads\/2024\/12\/ADL02035.png","width":800,"height":600,"caption":"WA\u015a W254 LED markeringslamp WIT - LED lamp met ingebouwde reflector en ECE R148 keurmerk - WA\u015a 2035 - lamp is geschikt voor 12 en 24 volt gebruik - EAN: 5903098130312"},{"@type":"BreadcrumbList","@id":"https:\/\/www.oudadl.testontwikkeling.nl\/product\/was-w254-led-markeringslamp-wit\/#breadcrumb","itemListElement":[{"@type":"ListItem","position":1,"name":"Home","item":"https:\/\/www.oudadl.testontwikkeling.nl\/"},{"@type":"ListItem","position":2,"name":"Shop","item":"https:\/\/www.oudadl.testontwikkeling.nl\/de\/shop\/"},{"@type":"ListItem","position":3,"name":"Positielampen","item":"https:\/\/www.oudadl.testontwikkeling.nl\/product-categorie\/positielampen\/"},{"@type":"ListItem","position":4,"name":"Markeringslampen","item":"https:\/\/www.oudadl.testontwikkeling.nl\/product-categorie\/positielampen\/markeringslampen\/"},{"@type":"ListItem","position":5,"name":"WA\u015a W254 LED markeringslamp wit"}]},{"@type":"WebSite","@id":"https:\/\/www.oudadl.testontwikkeling.nl\/#website","url":"https:\/\/www.oudadl.testontwikkeling.nl\/","name":"All Day Led","description":"","publisher":{"@id":"https:\/\/www.oudadl.testontwikkeling.nl\/#organization"},"potentialAction":[{"@type":"SearchAction","target":{"@type":"EntryPoint","urlTemplate":"https:\/\/www.oudadl.testontwikkeling.nl\/?s={search_term_string}"},"query-input":{"@type":"PropertyValueSpecification","valueRequired":true,"valueName":"search_term_string"}}],"inLanguage":"de"},{"@type":"Organization","@id":"https:\/\/www.oudadl.testontwikkeling.nl\/#organization","name":"All Day Led","url":"https:\/\/www.oudadl.testontwikkeling.nl\/","logo":{"@type":"ImageObject","inLanguage":"de","@id":"https:\/\/www.oudadl.testontwikkeling.nl\/#\/schema\/logo\/image\/","url":"https:\/\/www.oudadl.testontwikkeling.nl\/wp-content\/uploads\/2022\/08\/Logo-ALL-DAY-LED-800x800-zwart-witte-letters.png","contentUrl":"https:\/\/www.oudadl.testontwikkeling.nl\/wp-content\/uploads\/2022\/08\/Logo-ALL-DAY-LED-800x800-zwart-witte-letters.png","width":800,"height":800,"caption":"All Day Led"},"image":{"@id":"https:\/\/www.oudadl.testontwikkeling.nl\/#\/schema\/logo\/image\/"},"sameAs":["https:\/\/www.facebook.com\/alldayled\/","https:\/\/www.instagram.com\/alldayled\/"],"vatID":"NL863960133B01","taxID":"86416545","hasMerchantReturnPolicy":{"@type":"MerchantReturnPolicy","merchantReturnLink":"https:\/\/www.oudadl.testontwikkeling.nl\/de\/verzenden-retourneren\/"}}]},"product_brand":"WA\u015a","product_price_amount":"9.75","product_price_currency":"EUR","og_availability":"instock","product_availability":"instock","product_retailer_item_id":"ADL02035","product_condition":"new"},"_links":{"self":[{"href":"https:\/\/www.oudadl.testontwikkeling.nl\/de\/wp-json\/wp\/v2\/product\/51082","targetHints":{"allow":["GET"]}}],"collection":[{"href":"https:\/\/www.oudadl.testontwikkeling.nl\/de\/wp-json\/wp\/v2\/product"}],"about":[{"href":"https:\/\/www.oudadl.testontwikkeling.nl\/de\/wp-json\/wp\/v2\/types\/product"}],"replies":[{"embeddable":true,"href":"https:\/\/www.oudadl.testontwikkeling.nl\/de\/wp-json\/wp\/v2\/comments?post=51082"}],"wp:featuredmedia":[{"embeddable":true,"href":"https:\/\/www.oudadl.testontwikkeling.nl\/de\/wp-json\/wp\/v2\/media\/52233"}],"wp:attachment":[{"href":"https:\/\/www.oudadl.testontwikkeling.nl\/de\/wp-json\/wp\/v2\/media?parent=51082"}],"wp:term":[{"taxonomy":"product_brand","embeddable":true,"href":"https:\/\/www.oudadl.testontwikkeling.nl\/de\/wp-json\/wp\/v2\/product_brand?post=51082"},{"taxonomy":"product_cat","embeddable":true,"href":"https:\/\/www.oudadl.testontwikkeling.nl\/de\/wp-json\/wp\/v2\/product_cat?post=51082"},{"taxonomy":"product_tag","embeddable":true,"href":"https:\/\/www.oudadl.testontwikkeling.nl\/de\/wp-json\/wp\/v2\/product_tag?post=51082"}],"curies":[{"name":"wp","href":"https:\/\/api.w.org\/{rel}","templated":true}]}}