{"id":50080,"date":"2023-01-01T14:15:32","date_gmt":"2023-01-01T13:15:32","guid":{"rendered":"https:\/\/www.oudadl.testontwikkeling.nl\/?post_type=product&#038;p=50080"},"modified":"2025-11-09T16:36:53","modified_gmt":"2025-11-09T15:36:53","slug":"kabelboom-voor-5-zonneklep-lampen","status":"publish","type":"product","link":"https:\/\/www.oudadl.testontwikkeling.nl\/de\/product\/kabelboom-voor-5-zonneklep-lampen\/","title":{"rendered":"Kabelbaum f\u00fcr 5 Sonnenblend lampe"},"content":{"rendered":"<p><span style=\"color: #000000\"><strong>Kabelbaum f\u00fcr 5 Sonnenblend lampe. <\/strong><\/span><\/p>\n<p><span style=\"color: #000000\">Sie haben an Ihrem Auto eine Sonnenblende mit 5 Lampen und m\u00f6chten diese einfach und schnell mit einem guten Kabelbaum versehen? Dann k\u00f6nnte der MTRS-Kabelbaum f\u00fcr 5 Sonnenblendenlampen das Zubeh\u00f6r sein, das Sie suchen. Der Kabelbaum ist f\u00fcr 5 Lampen geeignet, die wie folgt verteilt sind: 1 links \u2013 3 in der Mitte \u2013 1 rechts. Am Ende jedes Kabels befindet sich ein Anschlussstecker, der zu den Original-Sonnenblendenlampen passt.<\/span><\/p>\n<p><span style=\"color: #000000\">Denn Sie m\u00f6chten vor dem Kauf sicher sein, dass dies das Zubeh\u00f6r ist, das Sie suchen. Einige wichtige Eigenschaften haben wir hier aufgeschrieben. Eines der wichtigsten Merkmale ist, dass der Kabelbaum mit einem Scania-Stecker ausgestattet ist. Da der Kabelbaum am Eingang mit diesem Stecker ausgestattet ist, ist die Installation recht einfach. Gut zu wissen ist auch, dass der Kabelbaum am Stecker mit einem Gummidichtring ausgestattet ist. Dadurch k\u00f6nnen Sie bei korrekter Installation das Loch richtig abdichten und verhindern, dass Wasser eindringt. Bitte beachten Sie, dass wir empfehlen, die Installation von einem anerkannten Unternehmen durchf\u00fchren zu lassen.\u00a0<\/span><\/p>\n<h5><span style=\"color: #000000\"><strong>Weitere Artikel:<\/strong><\/span><\/h5>\n<p><span style=\"color: #000000\">Sie haben bereits den Kabelbaum f\u00fcr 5 Sonnenblendenlampen an Ihrem LKW, k\u00f6nnen die Lampen aber noch nicht an den Kabelbaum anschlie\u00dfen? Sehen Sie sich unten eine \u00dcbersicht der anderen Artikel an, die Sie h\u00e4ufig in Kombination mit dem Kabelbaum verwenden k\u00f6nnen.\u00a0<\/span><\/p>\n<ul>\n<li><span style=\"color: #000000\"><a style=\"color: #000000\" href=\"https:\/\/www.oudadl.testontwikkeling.nl\/de\/produkt\/aansluitkabel-voor-zonneklep-lamp\/\"><strong>MTRS-Kabel-Sonnenblendenlampe<\/strong><\/a><\/span><\/li>\n<\/ul>\n<p><span style=\"color: #000000\">Sind Sie nach dem Lesen der obigen Beschreibung immer noch nicht davon \u00fcberzeugt, dass der MTRS-Kabelbaum f\u00fcr 5 Sonnenblendenlampen das ist, was Sie suchen? Einfach weil es nicht das Zubeh\u00f6r ist, das Sie suchen? Werfen Sie unbedingt einen Blick auf unser gesamtes Sortiment <a style=\"color: #000000\" href=\"https:\/\/www.oudadl.testontwikkeling.nl\/de\/merk\/mtrs\/\">MTRS.<\/a> M\u00f6glicherweise finden Sie hier das Zubeh\u00f6r oder die Lampe, die Sie suchen.<\/span><\/p>","protected":false},"excerpt":{"rendered":"<p>Kabelboom voor 5 zonneklep lampen. Heb je een zonneklep op de wagen zitten met daarin 5 lampen en wil je deze eenvoudig en snel voorzien van een goede kabelboom? Dan is de MTRS kabelboom voor 5 zonneklep lampen wellicht d\u00e9 accessoire die je zoekt. De kabelboom is geschikt voor 5 lampen die als volgt zijn [&hellip;]<\/p>\n","protected":false},"featured_media":51263,"comment_status":"open","ping_status":"closed","template":"","meta":{"_acf_changed":false,"site-sidebar-layout":"default","site-content-layout":"default","ast-site-content-layout":"default","site-content-style":"default","site-sidebar-style":"default","ast-global-header-display":"","ast-banner-title-visibility":"","ast-main-header-display":"","ast-hfb-above-header-display":"","ast-hfb-below-header-display":"","ast-hfb-mobile-header-display":"","site-post-title":"","ast-breadcrumbs-content":"","ast-featured-img":"","footer-sml-layout":"","ast-disable-related-posts":"","theme-transparent-header-meta":"default","adv-header-id-meta":"","stick-header-meta":"","header-above-stick-meta":"","header-main-stick-meta":"","header-below-stick-meta":"","astra-migrate-meta-layouts":"set","ast-page-background-enabled":"default","ast-page-background-meta":{"desktop":{"background-color":"","background-image":"","background-repeat":"repeat","background-position":"center center","background-size":"auto","background-attachment":"scroll","background-type":"","background-media":"","overlay-type":"","overlay-color":"","overlay-opacity":"","overlay-gradient":""},"tablet":{"background-color":"","background-image":"","background-repeat":"repeat","background-position":"center center","background-size":"auto","background-attachment":"scroll","background-type":"","background-media":"","overlay-type":"","overlay-color":"","overlay-opacity":"","overlay-gradient":""},"mobile":{"background-color":"","background-image":"","background-repeat":"repeat","background-position":"center center","background-size":"auto","background-attachment":"scroll","background-type":"","background-media":"","overlay-type":"","overlay-color":"","overlay-opacity":"","overlay-gradient":""}},"ast-content-background-meta":{"desktop":{"background-color":"var(--ast-global-color-5)","background-image":"","background-repeat":"repeat","background-position":"center center","background-size":"auto","background-attachment":"scroll","background-type":"","background-media":"","overlay-type":"","overlay-color":"","overlay-opacity":"","overlay-gradient":""},"tablet":{"background-color":"var(--ast-global-color-5)","background-image":"","background-repeat":"repeat","background-position":"center center","background-size":"auto","background-attachment":"scroll","background-type":"","background-media":"","overlay-type":"","overlay-color":"","overlay-opacity":"","overlay-gradient":""},"mobile":{"background-color":"var(--ast-global-color-5)","background-image":"","background-repeat":"repeat","background-position":"center center","background-size":"auto","background-attachment":"scroll","background-type":"","background-media":"","overlay-type":"","overlay-color":"","overlay-opacity":"","overlay-gradient":""}}},"product_brand":[],"product_cat":[384],"product_tag":[],"class_list":{"0":"post-50080","1":"product","2":"type-product","3":"status-publish","4":"has-post-thumbnail","6":"product_cat-fittingen-en-kabels","7":"pa_merkk-mtrs","8":"desktop-align-left","9":"tablet-align-left","10":"mobile-align-left","12":"first","13":"instock","14":"taxable","15":"shipping-taxable","16":"purchasable","17":"product-type-simple"},"acf":[],"yoast_head":"<!-- This site is optimized with the Yoast SEO Premium plugin v25.9 (Yoast SEO v27.6) - https:\/\/yoast.com\/product\/yoast-seo-premium-wordpress\/ -->\n<title>Kabelboom voor 5 zonneklep lampen - All Day Led - plug and play<\/title>\n<meta name=\"description\" content=\"Kabelboom voor 5 zonneklep lampen - originele Scania connector op de input - verdeling: 1 links - 3 in het midden - 1 rechts - plug and play product\" \/>\n<meta name=\"robots\" content=\"noindex, follow, max-snippet:-1, max-image-preview:large, max-video-preview:-1\" \/>\n<meta property=\"og:locale\" content=\"de_DE\" \/>\n<meta property=\"og:type\" content=\"article\" \/>\n<meta property=\"og:title\" content=\"Kabelboom voor 5 zonneklep lampen - All Day Led - plug and play\" \/>\n<meta property=\"og:description\" content=\"Kabelboom voor 5 zonneklep lampen - originele Scania connector op de input - verdeling: 1 links - 3 in het midden - 1 rechts - plug and play product\" \/>\n<meta property=\"og:url\" content=\"https:\/\/www.oudadl.testontwikkeling.nl\/de\/produkt\/kabelboom-voor-5-zonneklep-lampen\/\" \/>\n<meta property=\"og:site_name\" content=\"All Day Led\" \/>\n<meta property=\"article:publisher\" content=\"https:\/\/www.facebook.com\/alldayled\/\" \/>\n<meta property=\"article:modified_time\" content=\"2025-11-09T15:36:53+00:00\" \/>\n<meta property=\"og:image\" content=\"https:\/\/www.oudadl.testontwikkeling.nl\/wp-content\/uploads\/2024\/10\/ADL40861.png\" \/>\n\t<meta property=\"og:image:width\" content=\"800\" \/>\n\t<meta property=\"og:image:height\" content=\"600\" \/>\n\t<meta property=\"og:image:type\" content=\"image\/png\" \/>\n<meta name=\"twitter:label1\" content=\"Preis\" \/>\n\t<meta name=\"twitter:data1\" content=\"&euro;69,95\" \/>\n\t<meta name=\"twitter:label2\" content=\"Verf\u00fcgbarkeit\" \/>\n\t<meta name=\"twitter:data2\" content=\"Auf Lager\" \/>\n<script type=\"application\/ld+json\" class=\"yoast-schema-graph\">{\"@context\":\"https:\\\/\\\/schema.org\",\"@graph\":[{\"@type\":\"WebPage\",\"@id\":\"https:\\\/\\\/www.oudadl.testontwikkeling.nl\\\/product\\\/kabelboom-voor-5-zonneklep-lampen\\\/\",\"url\":\"https:\\\/\\\/www.oudadl.testontwikkeling.nl\\\/product\\\/kabelboom-voor-5-zonneklep-lampen\\\/\",\"name\":\"Kabelboom voor 5 zonneklep lampen - All Day Led - plug and play\",\"isPartOf\":{\"@id\":\"https:\\\/\\\/www.oudadl.testontwikkeling.nl\\\/#website\"},\"primaryImageOfPage\":{\"@id\":\"https:\\\/\\\/www.oudadl.testontwikkeling.nl\\\/product\\\/kabelboom-voor-5-zonneklep-lampen\\\/#primaryimage\"},\"image\":{\"@id\":\"https:\\\/\\\/www.oudadl.testontwikkeling.nl\\\/product\\\/kabelboom-voor-5-zonneklep-lampen\\\/#primaryimage\"},\"thumbnailUrl\":\"https:\\\/\\\/www.oudadl.testontwikkeling.nl\\\/wp-content\\\/uploads\\\/2024\\\/10\\\/ADL40861.png\",\"datePublished\":\"2023-01-01T13:15:32+00:00\",\"dateModified\":\"2025-11-09T15:36:53+00:00\",\"description\":\"Kabelboom voor 5 zonneklep lampen - originele Scania connector op de input - verdeling: 1 links - 3 in het midden - 1 rechts - plug and play product\",\"breadcrumb\":{\"@id\":\"https:\\\/\\\/www.oudadl.testontwikkeling.nl\\\/product\\\/kabelboom-voor-5-zonneklep-lampen\\\/#breadcrumb\"},\"inLanguage\":\"de\",\"potentialAction\":[{\"@type\":\"ReadAction\",\"target\":[\"https:\\\/\\\/www.oudadl.testontwikkeling.nl\\\/product\\\/kabelboom-voor-5-zonneklep-lampen\\\/\"]}]},{\"@type\":\"ImageObject\",\"inLanguage\":\"de\",\"@id\":\"https:\\\/\\\/www.oudadl.testontwikkeling.nl\\\/product\\\/kabelboom-voor-5-zonneklep-lampen\\\/#primaryimage\",\"url\":\"https:\\\/\\\/www.oudadl.testontwikkeling.nl\\\/wp-content\\\/uploads\\\/2024\\\/10\\\/ADL40861.png\",\"contentUrl\":\"https:\\\/\\\/www.oudadl.testontwikkeling.nl\\\/wp-content\\\/uploads\\\/2024\\\/10\\\/ADL40861.png\",\"width\":800,\"height\":600,\"caption\":\"MTRS Kabelboom voor 5 zonneklep lampen - met originele Scania connector op de input - EAN: 7423515596562\"},{\"@type\":\"BreadcrumbList\",\"@id\":\"https:\\\/\\\/www.oudadl.testontwikkeling.nl\\\/product\\\/kabelboom-voor-5-zonneklep-lampen\\\/#breadcrumb\",\"itemListElement\":[{\"@type\":\"ListItem\",\"position\":1,\"name\":\"Home\",\"item\":\"https:\\\/\\\/www.oudadl.testontwikkeling.nl\\\/\"},{\"@type\":\"ListItem\",\"position\":2,\"name\":\"Shop\",\"item\":\"https:\\\/\\\/www.oudadl.testontwikkeling.nl\\\/de\\\/shop\\\/\"},{\"@type\":\"ListItem\",\"position\":3,\"name\":\"Overige\",\"item\":\"https:\\\/\\\/www.oudadl.testontwikkeling.nl\\\/product-categorie\\\/overige-producten\\\/\"},{\"@type\":\"ListItem\",\"position\":4,\"name\":\"Fittingen en kabels\",\"item\":\"https:\\\/\\\/www.oudadl.testontwikkeling.nl\\\/product-categorie\\\/overige-producten\\\/fittingen-en-kabels\\\/\"},{\"@type\":\"ListItem\",\"position\":5,\"name\":\"Kabelboom voor 5 zonneklep lampen\"}]},{\"@type\":\"WebSite\",\"@id\":\"https:\\\/\\\/www.oudadl.testontwikkeling.nl\\\/#website\",\"url\":\"https:\\\/\\\/www.oudadl.testontwikkeling.nl\\\/\",\"name\":\"All Day Led\",\"description\":\"\",\"publisher\":{\"@id\":\"https:\\\/\\\/www.oudadl.testontwikkeling.nl\\\/#organization\"},\"potentialAction\":[{\"@type\":\"SearchAction\",\"target\":{\"@type\":\"EntryPoint\",\"urlTemplate\":\"https:\\\/\\\/www.oudadl.testontwikkeling.nl\\\/?s={search_term_string}\"},\"query-input\":{\"@type\":\"PropertyValueSpecification\",\"valueRequired\":true,\"valueName\":\"search_term_string\"}}],\"inLanguage\":\"de\"},{\"@type\":\"Organization\",\"@id\":\"https:\\\/\\\/www.oudadl.testontwikkeling.nl\\\/#organization\",\"name\":\"All Day Led\",\"url\":\"https:\\\/\\\/www.oudadl.testontwikkeling.nl\\\/\",\"logo\":{\"@type\":\"ImageObject\",\"inLanguage\":\"de\",\"@id\":\"https:\\\/\\\/www.oudadl.testontwikkeling.nl\\\/#\\\/schema\\\/logo\\\/image\\\/\",\"url\":\"https:\\\/\\\/www.oudadl.testontwikkeling.nl\\\/wp-content\\\/uploads\\\/2022\\\/08\\\/Logo-ALL-DAY-LED-800x800-zwart-witte-letters.png\",\"contentUrl\":\"https:\\\/\\\/www.oudadl.testontwikkeling.nl\\\/wp-content\\\/uploads\\\/2022\\\/08\\\/Logo-ALL-DAY-LED-800x800-zwart-witte-letters.png\",\"width\":800,\"height\":800,\"caption\":\"All Day Led\"},\"image\":{\"@id\":\"https:\\\/\\\/www.oudadl.testontwikkeling.nl\\\/#\\\/schema\\\/logo\\\/image\\\/\"},\"sameAs\":[\"https:\\\/\\\/www.facebook.com\\\/alldayled\\\/\",\"https:\\\/\\\/www.instagram.com\\\/alldayled\\\/\"],\"vatID\":\"NL863960133B01\",\"taxID\":\"86416545\",\"hasMerchantReturnPolicy\":{\"@type\":\"MerchantReturnPolicy\",\"merchantReturnLink\":\"https:\\\/\\\/www.oudadl.testontwikkeling.nl\\\/de\\\/verzenden-retourneren\\\/\"}}]}<\/script>\n<meta property=\"product:brand\" content=\"MTRS\" \/>\n<meta property=\"product:price:amount\" content=\"69.95\" \/>\n<meta property=\"product:price:currency\" content=\"EUR\" \/>\n<meta property=\"og:availability\" content=\"instock\" \/>\n<meta property=\"product:availability\" content=\"instock\" \/>\n<meta property=\"product:retailer_item_id\" content=\"ADL40861\" \/>\n<meta property=\"product:condition\" content=\"new\" \/>\n<!-- \/ Yoast SEO Premium plugin. -->","yoast_head_json":{"title":"Kabelbaum f\u00fcr 5 Sonnenblend lampe - All Day Led - Plug and Play","description":"Kabelbaum f\u00fcr 5 Sonnenblend lampe \u2013 Original-Scania-Stecker am Eingang \u2013 Verteilung: 1 links \u2013 3 in der Mitte \u2013 1 rechts \u2013 Plug-and-Play-Produkt","robots":{"index":"noindex","follow":"follow","max-snippet":"max-snippet:-1","max-image-preview":"max-image-preview:large","max-video-preview":"max-video-preview:-1"},"og_locale":"de_DE","og_type":"article","og_title":"Kabelboom voor 5 zonneklep lampen - All Day Led - plug and play","og_description":"Kabelboom voor 5 zonneklep lampen - originele Scania connector op de input - verdeling: 1 links - 3 in het midden - 1 rechts - plug and play product","og_url":"https:\/\/www.oudadl.testontwikkeling.nl\/de\/produkt\/kabelboom-voor-5-zonneklep-lampen\/","og_site_name":"All Day Led","article_publisher":"https:\/\/www.facebook.com\/alldayled\/","article_modified_time":"2025-11-09T15:36:53+00:00","og_image":[{"width":800,"height":600,"url":"https:\/\/www.oudadl.testontwikkeling.nl\/wp-content\/uploads\/2024\/10\/ADL40861.png","type":"image\/png"}],"twitter_misc":{"Preis":"&euro;69,95","Verf\u00fcgbarkeit":"Auf Lager"},"schema":{"@context":"https:\/\/schema.org","@graph":[{"@type":"WebPage","@id":"https:\/\/www.oudadl.testontwikkeling.nl\/product\/kabelboom-voor-5-zonneklep-lampen\/","url":"https:\/\/www.oudadl.testontwikkeling.nl\/product\/kabelboom-voor-5-zonneklep-lampen\/","name":"Kabelbaum f\u00fcr 5 Sonnenblend lampe - All Day Led - Plug and Play","isPartOf":{"@id":"https:\/\/www.oudadl.testontwikkeling.nl\/#website"},"primaryImageOfPage":{"@id":"https:\/\/www.oudadl.testontwikkeling.nl\/product\/kabelboom-voor-5-zonneklep-lampen\/#primaryimage"},"image":{"@id":"https:\/\/www.oudadl.testontwikkeling.nl\/product\/kabelboom-voor-5-zonneklep-lampen\/#primaryimage"},"thumbnailUrl":"https:\/\/www.oudadl.testontwikkeling.nl\/wp-content\/uploads\/2024\/10\/ADL40861.png","datePublished":"2023-01-01T13:15:32+00:00","dateModified":"2025-11-09T15:36:53+00:00","description":"Kabelbaum f\u00fcr 5 Sonnenblend lampe \u2013 Original-Scania-Stecker am Eingang \u2013 Verteilung: 1 links \u2013 3 in der Mitte \u2013 1 rechts \u2013 Plug-and-Play-Produkt","breadcrumb":{"@id":"https:\/\/www.oudadl.testontwikkeling.nl\/product\/kabelboom-voor-5-zonneklep-lampen\/#breadcrumb"},"inLanguage":"de","potentialAction":[{"@type":"ReadAction","target":["https:\/\/www.oudadl.testontwikkeling.nl\/product\/kabelboom-voor-5-zonneklep-lampen\/"]}]},{"@type":"ImageObject","inLanguage":"de","@id":"https:\/\/www.oudadl.testontwikkeling.nl\/product\/kabelboom-voor-5-zonneklep-lampen\/#primaryimage","url":"https:\/\/www.oudadl.testontwikkeling.nl\/wp-content\/uploads\/2024\/10\/ADL40861.png","contentUrl":"https:\/\/www.oudadl.testontwikkeling.nl\/wp-content\/uploads\/2024\/10\/ADL40861.png","width":800,"height":600,"caption":"MTRS Kabelboom voor 5 zonneklep lampen - met originele Scania connector op de input - EAN: 7423515596562"},{"@type":"BreadcrumbList","@id":"https:\/\/www.oudadl.testontwikkeling.nl\/product\/kabelboom-voor-5-zonneklep-lampen\/#breadcrumb","itemListElement":[{"@type":"ListItem","position":1,"name":"Home","item":"https:\/\/www.oudadl.testontwikkeling.nl\/"},{"@type":"ListItem","position":2,"name":"Shop","item":"https:\/\/www.oudadl.testontwikkeling.nl\/de\/shop\/"},{"@type":"ListItem","position":3,"name":"Overige","item":"https:\/\/www.oudadl.testontwikkeling.nl\/product-categorie\/overige-producten\/"},{"@type":"ListItem","position":4,"name":"Fittingen en kabels","item":"https:\/\/www.oudadl.testontwikkeling.nl\/product-categorie\/overige-producten\/fittingen-en-kabels\/"},{"@type":"ListItem","position":5,"name":"Kabelboom voor 5 zonneklep lampen"}]},{"@type":"WebSite","@id":"https:\/\/www.oudadl.testontwikkeling.nl\/#website","url":"https:\/\/www.oudadl.testontwikkeling.nl\/","name":"All Day Led","description":"","publisher":{"@id":"https:\/\/www.oudadl.testontwikkeling.nl\/#organization"},"potentialAction":[{"@type":"SearchAction","target":{"@type":"EntryPoint","urlTemplate":"https:\/\/www.oudadl.testontwikkeling.nl\/?s={search_term_string}"},"query-input":{"@type":"PropertyValueSpecification","valueRequired":true,"valueName":"search_term_string"}}],"inLanguage":"de"},{"@type":"Organization","@id":"https:\/\/www.oudadl.testontwikkeling.nl\/#organization","name":"All Day Led","url":"https:\/\/www.oudadl.testontwikkeling.nl\/","logo":{"@type":"ImageObject","inLanguage":"de","@id":"https:\/\/www.oudadl.testontwikkeling.nl\/#\/schema\/logo\/image\/","url":"https:\/\/www.oudadl.testontwikkeling.nl\/wp-content\/uploads\/2022\/08\/Logo-ALL-DAY-LED-800x800-zwart-witte-letters.png","contentUrl":"https:\/\/www.oudadl.testontwikkeling.nl\/wp-content\/uploads\/2022\/08\/Logo-ALL-DAY-LED-800x800-zwart-witte-letters.png","width":800,"height":800,"caption":"All Day Led"},"image":{"@id":"https:\/\/www.oudadl.testontwikkeling.nl\/#\/schema\/logo\/image\/"},"sameAs":["https:\/\/www.facebook.com\/alldayled\/","https:\/\/www.instagram.com\/alldayled\/"],"vatID":"NL863960133B01","taxID":"86416545","hasMerchantReturnPolicy":{"@type":"MerchantReturnPolicy","merchantReturnLink":"https:\/\/www.oudadl.testontwikkeling.nl\/de\/verzenden-retourneren\/"}}]},"product_brand":"MTRS","product_price_amount":"69.95","product_price_currency":"EUR","og_availability":"instock","product_availability":"instock","product_retailer_item_id":"ADL40861","product_condition":"new"},"_links":{"self":[{"href":"https:\/\/www.oudadl.testontwikkeling.nl\/de\/wp-json\/wp\/v2\/product\/50080","targetHints":{"allow":["GET"]}}],"collection":[{"href":"https:\/\/www.oudadl.testontwikkeling.nl\/de\/wp-json\/wp\/v2\/product"}],"about":[{"href":"https:\/\/www.oudadl.testontwikkeling.nl\/de\/wp-json\/wp\/v2\/types\/product"}],"replies":[{"embeddable":true,"href":"https:\/\/www.oudadl.testontwikkeling.nl\/de\/wp-json\/wp\/v2\/comments?post=50080"}],"wp:featuredmedia":[{"embeddable":true,"href":"https:\/\/www.oudadl.testontwikkeling.nl\/de\/wp-json\/wp\/v2\/media\/51263"}],"wp:attachment":[{"href":"https:\/\/www.oudadl.testontwikkeling.nl\/de\/wp-json\/wp\/v2\/media?parent=50080"}],"wp:term":[{"taxonomy":"product_brand","embeddable":true,"href":"https:\/\/www.oudadl.testontwikkeling.nl\/de\/wp-json\/wp\/v2\/product_brand?post=50080"},{"taxonomy":"product_cat","embeddable":true,"href":"https:\/\/www.oudadl.testontwikkeling.nl\/de\/wp-json\/wp\/v2\/product_cat?post=50080"},{"taxonomy":"product_tag","embeddable":true,"href":"https:\/\/www.oudadl.testontwikkeling.nl\/de\/wp-json\/wp\/v2\/product_tag?post=50080"}],"curies":[{"name":"wp","href":"https:\/\/api.w.org\/{rel}","templated":true}]}}