{"id":49797,"date":"2023-01-01T14:14:57","date_gmt":"2023-01-01T13:14:57","guid":{"rendered":"https:\/\/www.oudadl.testontwikkeling.nl\/?post_type=product&#038;p=49797"},"modified":"2025-10-20T17:05:17","modified_gmt":"2025-10-20T15:05:17","slug":"dual-color-zonneklep-lamp-adapter","status":"publish","type":"product","link":"https:\/\/www.oudadl.testontwikkeling.nl\/de\/product\/dual-color-zonneklep-lamp-adapter\/","title":{"rendered":"Dual Color Sonnenblend lampe adapter"},"content":{"rendered":"<p><span style=\"color: #000000\"><strong>Dual Color Sonnenblend lampe adapter f\u00fcr 24 Volt.\u00a0<\/strong><\/span><\/p>\n<p><span style=\"color: #000000\">Sie haben eine MTRS DUAL COLOR Sonnenblendenlampe bestellt und m\u00f6chten deren Farbe einfach \u00e4ndern? Dann verwenden Sie den Dual Color Sonnenblendenlampen-Adapter f\u00fcr 24 Volt. Der Adapter ist mit einem Stecker ausgestattet, der direkt auf den Kabelbaum der Sonnenblende passt. Da der Adapter \u00fcber einen Stecker verf\u00fcgt, ist die Installation recht einfach. Sie m\u00fcssen das zus\u00e4tzliche Kabel montieren, das am Plus des Schalters montiert ist, damit Sie die Farbe mit dieser Taste \u00e4ndern k\u00f6nnen. Mit nur einem Modul k\u00f6nnen Sie die Farbe von bis zu 15 Lampen \u00e4ndern.\u00a0<\/span><\/p>\n<p><span style=\"color: #000000\">Denn Sie m\u00f6chten vor dem Kauf sicher sein, dass dies das Zubeh\u00f6r ist, das Sie suchen. Einige Eigenschaften haben wir hier aufgeschrieben. Eine der wichtigsten Eigenschaften des Adapters ist, dass er direkt auf den originalen Kabelbaum der Sonnenblende aufgesetzt werden kann. Dies vereinfacht die Installation und Sie m\u00fcssen lediglich das zus\u00e4tzliche Schalterkabel an einen Schalter anschlie\u00dfen. Gut zu wissen ist auch, dass dem Modul ein 5 Meter langes Anschlusskabel beiliegt. Auf diese Weise k\u00f6nnen Sie den MTRS DUAL COLOR-Adapter an verschiedenen Orten trocken lagern. Und das, ohne \u00c4rger mit einem zu kurzen Kabel zu bekommen. Bitte beachten Sie, dass wir empfehlen, die Installation von einem anerkannten Unternehmen durchf\u00fchren zu lassen.\u00a0<\/span><\/p>\n<h5><span style=\"color: #000000\"><strong>Weitere Artikel:<\/strong><\/span><\/h5>\n<p><span style=\"color: #000000\">Haben Sie den Dual Color Sonnenblendenlampen-Adapter bereits an Ihrem Fahrzeug verbaut und sind nur auf der Suche nach den Lampen, die Sie damit betreiben k\u00f6nnen? Dann sehen Sie sich unten die MTRS LED-Lampen an, die f\u00fcr diesen Adapter geeignet sind.<\/span><\/p>\n<ul>\n<li><span style=\"color: #000000\"><a style=\"color: #000000\" href=\"https:\/\/www.oudadl.testontwikkeling.nl\/de\/produkt\/scania-next-gen-zonneklep-lamp-wit-oranje-zwart\/\"><strong>MTRS DUAL COLOR LAMPE SCHWARZ<\/strong><\/a><\/span><\/li>\n<li><span style=\"color: #000000\"><a style=\"color: #000000\" href=\"https:\/\/www.oudadl.testontwikkeling.nl\/de\/produkt\/scania-next-gen-zonneklep-lamp-wit-oranje-wit\/\"><strong>MTRS DUAL COLOR LAMPE WEISS<\/strong><\/a><\/span><\/li>\n<\/ul>\n<p><span style=\"color: #000000\">Sind Sie nach dem Lesen der obigen Beschreibung immer noch nicht davon \u00fcberzeugt, dass der MTRS Dual Color-Sonnenblendenlampenadapter das ist, was Sie suchen? Einfach weil es nicht das Zubeh\u00f6r ist, das Sie suchen? Werfen Sie unbedingt einen Blick auf unser gesamtes Sortiment <a style=\"color: #000000\" href=\"https:\/\/www.oudadl.testontwikkeling.nl\/de\/merk\/mtrs\/\">MTRS.<\/a> M\u00f6glicherweise finden Sie hier das Zubeh\u00f6r oder die Lampe, die Sie suchen.<\/span><\/p>","protected":false},"excerpt":{"rendered":"<p>Dual color zonneklep lamp adapter voor 24 volt.\u00a0 Heb je een MTRS DUAL COLOR zonneklep lamp besteld en wil je deze eenvoudig van kleur laten wisselen? Maak dan gebruik van de Dual Color zonneklep lamp adapter voor 24 volt. De adapter is voorzien van een stekker die direct op de zonneklep kabelboom past. Doordat de [&hellip;]<\/p>\n","protected":false},"featured_media":50086,"comment_status":"open","ping_status":"closed","template":"","meta":{"_acf_changed":false,"site-sidebar-layout":"default","site-content-layout":"default","ast-site-content-layout":"default","site-content-style":"default","site-sidebar-style":"default","ast-global-header-display":"","ast-banner-title-visibility":"","ast-main-header-display":"","ast-hfb-above-header-display":"","ast-hfb-below-header-display":"","ast-hfb-mobile-header-display":"","site-post-title":"","ast-breadcrumbs-content":"","ast-featured-img":"","footer-sml-layout":"","ast-disable-related-posts":"","theme-transparent-header-meta":"default","adv-header-id-meta":"","stick-header-meta":"","header-above-stick-meta":"","header-main-stick-meta":"","header-below-stick-meta":"","astra-migrate-meta-layouts":"set","ast-page-background-enabled":"default","ast-page-background-meta":{"desktop":{"background-color":"","background-image":"","background-repeat":"repeat","background-position":"center center","background-size":"auto","background-attachment":"scroll","background-type":"","background-media":"","overlay-type":"","overlay-color":"","overlay-opacity":"","overlay-gradient":""},"tablet":{"background-color":"","background-image":"","background-repeat":"repeat","background-position":"center center","background-size":"auto","background-attachment":"scroll","background-type":"","background-media":"","overlay-type":"","overlay-color":"","overlay-opacity":"","overlay-gradient":""},"mobile":{"background-color":"","background-image":"","background-repeat":"repeat","background-position":"center center","background-size":"auto","background-attachment":"scroll","background-type":"","background-media":"","overlay-type":"","overlay-color":"","overlay-opacity":"","overlay-gradient":""}},"ast-content-background-meta":{"desktop":{"background-color":"var(--ast-global-color-5)","background-image":"","background-repeat":"repeat","background-position":"center center","background-size":"auto","background-attachment":"scroll","background-type":"","background-media":"","overlay-type":"","overlay-color":"","overlay-opacity":"","overlay-gradient":""},"tablet":{"background-color":"var(--ast-global-color-5)","background-image":"","background-repeat":"repeat","background-position":"center center","background-size":"auto","background-attachment":"scroll","background-type":"","background-media":"","overlay-type":"","overlay-color":"","overlay-opacity":"","overlay-gradient":""},"mobile":{"background-color":"var(--ast-global-color-5)","background-image":"","background-repeat":"repeat","background-position":"center center","background-size":"auto","background-attachment":"scroll","background-type":"","background-media":"","overlay-type":"","overlay-color":"","overlay-opacity":"","overlay-gradient":""}}},"product_brand":[],"product_cat":[384],"product_tag":[],"class_list":{"0":"post-49797","1":"product","2":"type-product","3":"status-publish","4":"has-post-thumbnail","6":"product_cat-fittingen-en-kabels","7":"pa_merkk-mtrs","8":"desktop-align-left","9":"tablet-align-left","10":"mobile-align-left","12":"first","13":"instock","14":"taxable","15":"shipping-taxable","16":"purchasable","17":"product-type-simple"},"acf":[],"yoast_head":"<!-- This site is optimized with the Yoast SEO Premium plugin v25.9 (Yoast SEO v27.6) - https:\/\/yoast.com\/product\/yoast-seo-premium-wordpress\/ -->\n<title>Dual color lamp adapter - All Day Led - voor zonneklep lamp 24 Volt<\/title>\n<meta name=\"description\" content=\"DUAL COLOR LAMP ADAPTER - voor Scania zonneklep lamp - originele kabelboom aansluit stekker - voor 15 lampen - plug and play - !24 volt only!\" \/>\n<meta name=\"robots\" content=\"noindex, follow, max-snippet:-1, max-image-preview:large, max-video-preview:-1\" \/>\n<meta property=\"og:locale\" content=\"de_DE\" \/>\n<meta property=\"og:type\" content=\"article\" \/>\n<meta property=\"og:title\" content=\"Dual color lamp adapter - All Day Led - voor zonneklep lamp 24 Volt\" \/>\n<meta property=\"og:description\" content=\"DUAL COLOR LAMP ADAPTER - voor Scania zonneklep lamp - originele kabelboom aansluit stekker - voor 15 lampen - plug and play - !24 volt only!\" \/>\n<meta property=\"og:url\" content=\"https:\/\/www.oudadl.testontwikkeling.nl\/de\/produkt\/dual-color-zonneklep-lamp-adapter\/\" \/>\n<meta property=\"og:site_name\" content=\"All Day Led\" \/>\n<meta property=\"article:publisher\" content=\"https:\/\/www.facebook.com\/alldayled\/\" \/>\n<meta property=\"article:modified_time\" content=\"2025-10-20T15:05:17+00:00\" \/>\n<meta property=\"og:image\" content=\"https:\/\/www.oudadl.testontwikkeling.nl\/wp-content\/uploads\/2024\/10\/ADL40919.png\" \/>\n\t<meta property=\"og:image:width\" content=\"800\" \/>\n\t<meta property=\"og:image:height\" content=\"600\" \/>\n\t<meta property=\"og:image:type\" content=\"image\/png\" \/>\n<meta name=\"twitter:label1\" content=\"Preis\" \/>\n\t<meta name=\"twitter:data1\" content=\"&euro;49,95\" \/>\n\t<meta name=\"twitter:label2\" content=\"Verf\u00fcgbarkeit\" \/>\n\t<meta name=\"twitter:data2\" content=\"Auf Lager\" \/>\n<script type=\"application\/ld+json\" class=\"yoast-schema-graph\">{\"@context\":\"https:\\\/\\\/schema.org\",\"@graph\":[{\"@type\":\"WebPage\",\"@id\":\"https:\\\/\\\/www.oudadl.testontwikkeling.nl\\\/product\\\/dual-color-zonneklep-lamp-adapter\\\/\",\"url\":\"https:\\\/\\\/www.oudadl.testontwikkeling.nl\\\/product\\\/dual-color-zonneklep-lamp-adapter\\\/\",\"name\":\"Dual color lamp adapter - All Day Led - voor zonneklep lamp 24 Volt\",\"isPartOf\":{\"@id\":\"https:\\\/\\\/www.oudadl.testontwikkeling.nl\\\/#website\"},\"primaryImageOfPage\":{\"@id\":\"https:\\\/\\\/www.oudadl.testontwikkeling.nl\\\/product\\\/dual-color-zonneklep-lamp-adapter\\\/#primaryimage\"},\"image\":{\"@id\":\"https:\\\/\\\/www.oudadl.testontwikkeling.nl\\\/product\\\/dual-color-zonneklep-lamp-adapter\\\/#primaryimage\"},\"thumbnailUrl\":\"https:\\\/\\\/www.oudadl.testontwikkeling.nl\\\/wp-content\\\/uploads\\\/2024\\\/10\\\/ADL40919.png\",\"datePublished\":\"2023-01-01T13:14:57+00:00\",\"dateModified\":\"2025-10-20T15:05:17+00:00\",\"description\":\"DUAL COLOR LAMP ADAPTER - voor Scania zonneklep lamp - originele kabelboom aansluit stekker - voor 15 lampen - plug and play - !24 volt only!\",\"breadcrumb\":{\"@id\":\"https:\\\/\\\/www.oudadl.testontwikkeling.nl\\\/product\\\/dual-color-zonneklep-lamp-adapter\\\/#breadcrumb\"},\"inLanguage\":\"de\",\"potentialAction\":[{\"@type\":\"ReadAction\",\"target\":[\"https:\\\/\\\/www.oudadl.testontwikkeling.nl\\\/product\\\/dual-color-zonneklep-lamp-adapter\\\/\"]}]},{\"@type\":\"ImageObject\",\"inLanguage\":\"de\",\"@id\":\"https:\\\/\\\/www.oudadl.testontwikkeling.nl\\\/product\\\/dual-color-zonneklep-lamp-adapter\\\/#primaryimage\",\"url\":\"https:\\\/\\\/www.oudadl.testontwikkeling.nl\\\/wp-content\\\/uploads\\\/2024\\\/10\\\/ADL40919.png\",\"contentUrl\":\"https:\\\/\\\/www.oudadl.testontwikkeling.nl\\\/wp-content\\\/uploads\\\/2024\\\/10\\\/ADL40919.png\",\"width\":800,\"height\":600,\"caption\":\"MTRS Dual color zonneklep lamp adapter - accessoire die een DUAL COLOR zonneklep lamp nodig heeft om een kleurenwissel te realiseren - EAN: 7423515590584\"},{\"@type\":\"BreadcrumbList\",\"@id\":\"https:\\\/\\\/www.oudadl.testontwikkeling.nl\\\/product\\\/dual-color-zonneklep-lamp-adapter\\\/#breadcrumb\",\"itemListElement\":[{\"@type\":\"ListItem\",\"position\":1,\"name\":\"Home\",\"item\":\"https:\\\/\\\/www.oudadl.testontwikkeling.nl\\\/\"},{\"@type\":\"ListItem\",\"position\":2,\"name\":\"Shop\",\"item\":\"https:\\\/\\\/www.oudadl.testontwikkeling.nl\\\/de\\\/shop\\\/\"},{\"@type\":\"ListItem\",\"position\":3,\"name\":\"Overige\",\"item\":\"https:\\\/\\\/www.oudadl.testontwikkeling.nl\\\/product-categorie\\\/overige-producten\\\/\"},{\"@type\":\"ListItem\",\"position\":4,\"name\":\"Fittingen en kabels\",\"item\":\"https:\\\/\\\/www.oudadl.testontwikkeling.nl\\\/product-categorie\\\/overige-producten\\\/fittingen-en-kabels\\\/\"},{\"@type\":\"ListItem\",\"position\":5,\"name\":\"Dual color zonneklep lamp adapter\"}]},{\"@type\":\"WebSite\",\"@id\":\"https:\\\/\\\/www.oudadl.testontwikkeling.nl\\\/#website\",\"url\":\"https:\\\/\\\/www.oudadl.testontwikkeling.nl\\\/\",\"name\":\"All Day Led\",\"description\":\"\",\"publisher\":{\"@id\":\"https:\\\/\\\/www.oudadl.testontwikkeling.nl\\\/#organization\"},\"potentialAction\":[{\"@type\":\"SearchAction\",\"target\":{\"@type\":\"EntryPoint\",\"urlTemplate\":\"https:\\\/\\\/www.oudadl.testontwikkeling.nl\\\/?s={search_term_string}\"},\"query-input\":{\"@type\":\"PropertyValueSpecification\",\"valueRequired\":true,\"valueName\":\"search_term_string\"}}],\"inLanguage\":\"de\"},{\"@type\":\"Organization\",\"@id\":\"https:\\\/\\\/www.oudadl.testontwikkeling.nl\\\/#organization\",\"name\":\"All Day Led\",\"url\":\"https:\\\/\\\/www.oudadl.testontwikkeling.nl\\\/\",\"logo\":{\"@type\":\"ImageObject\",\"inLanguage\":\"de\",\"@id\":\"https:\\\/\\\/www.oudadl.testontwikkeling.nl\\\/#\\\/schema\\\/logo\\\/image\\\/\",\"url\":\"https:\\\/\\\/www.oudadl.testontwikkeling.nl\\\/wp-content\\\/uploads\\\/2022\\\/08\\\/Logo-ALL-DAY-LED-800x800-zwart-witte-letters.png\",\"contentUrl\":\"https:\\\/\\\/www.oudadl.testontwikkeling.nl\\\/wp-content\\\/uploads\\\/2022\\\/08\\\/Logo-ALL-DAY-LED-800x800-zwart-witte-letters.png\",\"width\":800,\"height\":800,\"caption\":\"All Day Led\"},\"image\":{\"@id\":\"https:\\\/\\\/www.oudadl.testontwikkeling.nl\\\/#\\\/schema\\\/logo\\\/image\\\/\"},\"sameAs\":[\"https:\\\/\\\/www.facebook.com\\\/alldayled\\\/\",\"https:\\\/\\\/www.instagram.com\\\/alldayled\\\/\"],\"vatID\":\"NL863960133B01\",\"taxID\":\"86416545\",\"hasMerchantReturnPolicy\":{\"@type\":\"MerchantReturnPolicy\",\"merchantReturnLink\":\"https:\\\/\\\/www.oudadl.testontwikkeling.nl\\\/de\\\/verzenden-retourneren\\\/\"}}]}<\/script>\n<meta property=\"product:brand\" content=\"MTRS\" \/>\n<meta property=\"product:price:amount\" content=\"49.95\" \/>\n<meta property=\"product:price:currency\" content=\"EUR\" \/>\n<meta property=\"og:availability\" content=\"instock\" \/>\n<meta property=\"product:availability\" content=\"instock\" \/>\n<meta property=\"product:retailer_item_id\" content=\"ADL40919\" \/>\n<meta property=\"product:condition\" content=\"new\" \/>\n<!-- \/ Yoast SEO Premium plugin. -->","yoast_head_json":{"title":"Zweifarbiger Lampenadapter - All Day Led - f\u00fcr Sonnenblendenlampe 24 Volt","description":"DUAL COLOR LAMPE ADAPTER - f\u00fcr Scania Sonnenblendenlampe - Original-Kabelbaum-Anschlussstecker - f\u00fcr 15 Lampen - Plug and Play - !Nur 24 Volt!","robots":{"index":"noindex","follow":"follow","max-snippet":"max-snippet:-1","max-image-preview":"max-image-preview:large","max-video-preview":"max-video-preview:-1"},"og_locale":"de_DE","og_type":"article","og_title":"Dual color lamp adapter - All Day Led - voor zonneklep lamp 24 Volt","og_description":"DUAL COLOR LAMP ADAPTER - voor Scania zonneklep lamp - originele kabelboom aansluit stekker - voor 15 lampen - plug and play - !24 volt only!","og_url":"https:\/\/www.oudadl.testontwikkeling.nl\/de\/produkt\/dual-color-zonneklep-lamp-adapter\/","og_site_name":"All Day Led","article_publisher":"https:\/\/www.facebook.com\/alldayled\/","article_modified_time":"2025-10-20T15:05:17+00:00","og_image":[{"width":800,"height":600,"url":"https:\/\/www.oudadl.testontwikkeling.nl\/wp-content\/uploads\/2024\/10\/ADL40919.png","type":"image\/png"}],"twitter_misc":{"Preis":"&euro;49,95","Verf\u00fcgbarkeit":"Auf Lager"},"schema":{"@context":"https:\/\/schema.org","@graph":[{"@type":"WebPage","@id":"https:\/\/www.oudadl.testontwikkeling.nl\/product\/dual-color-zonneklep-lamp-adapter\/","url":"https:\/\/www.oudadl.testontwikkeling.nl\/product\/dual-color-zonneklep-lamp-adapter\/","name":"Zweifarbiger Lampenadapter - All Day Led - f\u00fcr Sonnenblendenlampe 24 Volt","isPartOf":{"@id":"https:\/\/www.oudadl.testontwikkeling.nl\/#website"},"primaryImageOfPage":{"@id":"https:\/\/www.oudadl.testontwikkeling.nl\/product\/dual-color-zonneklep-lamp-adapter\/#primaryimage"},"image":{"@id":"https:\/\/www.oudadl.testontwikkeling.nl\/product\/dual-color-zonneklep-lamp-adapter\/#primaryimage"},"thumbnailUrl":"https:\/\/www.oudadl.testontwikkeling.nl\/wp-content\/uploads\/2024\/10\/ADL40919.png","datePublished":"2023-01-01T13:14:57+00:00","dateModified":"2025-10-20T15:05:17+00:00","description":"DUAL COLOR LAMPE ADAPTER - f\u00fcr Scania Sonnenblendenlampe - Original-Kabelbaum-Anschlussstecker - f\u00fcr 15 Lampen - Plug and Play - !Nur 24 Volt!","breadcrumb":{"@id":"https:\/\/www.oudadl.testontwikkeling.nl\/product\/dual-color-zonneklep-lamp-adapter\/#breadcrumb"},"inLanguage":"de","potentialAction":[{"@type":"ReadAction","target":["https:\/\/www.oudadl.testontwikkeling.nl\/product\/dual-color-zonneklep-lamp-adapter\/"]}]},{"@type":"ImageObject","inLanguage":"de","@id":"https:\/\/www.oudadl.testontwikkeling.nl\/product\/dual-color-zonneklep-lamp-adapter\/#primaryimage","url":"https:\/\/www.oudadl.testontwikkeling.nl\/wp-content\/uploads\/2024\/10\/ADL40919.png","contentUrl":"https:\/\/www.oudadl.testontwikkeling.nl\/wp-content\/uploads\/2024\/10\/ADL40919.png","width":800,"height":600,"caption":"MTRS Dual color zonneklep lamp adapter - accessoire die een DUAL COLOR zonneklep lamp nodig heeft om een kleurenwissel te realiseren - EAN: 7423515590584"},{"@type":"BreadcrumbList","@id":"https:\/\/www.oudadl.testontwikkeling.nl\/product\/dual-color-zonneklep-lamp-adapter\/#breadcrumb","itemListElement":[{"@type":"ListItem","position":1,"name":"Home","item":"https:\/\/www.oudadl.testontwikkeling.nl\/"},{"@type":"ListItem","position":2,"name":"Shop","item":"https:\/\/www.oudadl.testontwikkeling.nl\/de\/shop\/"},{"@type":"ListItem","position":3,"name":"Overige","item":"https:\/\/www.oudadl.testontwikkeling.nl\/product-categorie\/overige-producten\/"},{"@type":"ListItem","position":4,"name":"Fittingen en kabels","item":"https:\/\/www.oudadl.testontwikkeling.nl\/product-categorie\/overige-producten\/fittingen-en-kabels\/"},{"@type":"ListItem","position":5,"name":"Dual color zonneklep lamp adapter"}]},{"@type":"WebSite","@id":"https:\/\/www.oudadl.testontwikkeling.nl\/#website","url":"https:\/\/www.oudadl.testontwikkeling.nl\/","name":"All Day Led","description":"","publisher":{"@id":"https:\/\/www.oudadl.testontwikkeling.nl\/#organization"},"potentialAction":[{"@type":"SearchAction","target":{"@type":"EntryPoint","urlTemplate":"https:\/\/www.oudadl.testontwikkeling.nl\/?s={search_term_string}"},"query-input":{"@type":"PropertyValueSpecification","valueRequired":true,"valueName":"search_term_string"}}],"inLanguage":"de"},{"@type":"Organization","@id":"https:\/\/www.oudadl.testontwikkeling.nl\/#organization","name":"All Day Led","url":"https:\/\/www.oudadl.testontwikkeling.nl\/","logo":{"@type":"ImageObject","inLanguage":"de","@id":"https:\/\/www.oudadl.testontwikkeling.nl\/#\/schema\/logo\/image\/","url":"https:\/\/www.oudadl.testontwikkeling.nl\/wp-content\/uploads\/2022\/08\/Logo-ALL-DAY-LED-800x800-zwart-witte-letters.png","contentUrl":"https:\/\/www.oudadl.testontwikkeling.nl\/wp-content\/uploads\/2022\/08\/Logo-ALL-DAY-LED-800x800-zwart-witte-letters.png","width":800,"height":800,"caption":"All Day Led"},"image":{"@id":"https:\/\/www.oudadl.testontwikkeling.nl\/#\/schema\/logo\/image\/"},"sameAs":["https:\/\/www.facebook.com\/alldayled\/","https:\/\/www.instagram.com\/alldayled\/"],"vatID":"NL863960133B01","taxID":"86416545","hasMerchantReturnPolicy":{"@type":"MerchantReturnPolicy","merchantReturnLink":"https:\/\/www.oudadl.testontwikkeling.nl\/de\/verzenden-retourneren\/"}}]},"product_brand":"MTRS","product_price_amount":"49.95","product_price_currency":"EUR","og_availability":"instock","product_availability":"instock","product_retailer_item_id":"ADL40919","product_condition":"new"},"_links":{"self":[{"href":"https:\/\/www.oudadl.testontwikkeling.nl\/de\/wp-json\/wp\/v2\/product\/49797","targetHints":{"allow":["GET"]}}],"collection":[{"href":"https:\/\/www.oudadl.testontwikkeling.nl\/de\/wp-json\/wp\/v2\/product"}],"about":[{"href":"https:\/\/www.oudadl.testontwikkeling.nl\/de\/wp-json\/wp\/v2\/types\/product"}],"replies":[{"embeddable":true,"href":"https:\/\/www.oudadl.testontwikkeling.nl\/de\/wp-json\/wp\/v2\/comments?post=49797"}],"wp:featuredmedia":[{"embeddable":true,"href":"https:\/\/www.oudadl.testontwikkeling.nl\/de\/wp-json\/wp\/v2\/media\/50086"}],"wp:attachment":[{"href":"https:\/\/www.oudadl.testontwikkeling.nl\/de\/wp-json\/wp\/v2\/media?parent=49797"}],"wp:term":[{"taxonomy":"product_brand","embeddable":true,"href":"https:\/\/www.oudadl.testontwikkeling.nl\/de\/wp-json\/wp\/v2\/product_brand?post=49797"},{"taxonomy":"product_cat","embeddable":true,"href":"https:\/\/www.oudadl.testontwikkeling.nl\/de\/wp-json\/wp\/v2\/product_cat?post=49797"},{"taxonomy":"product_tag","embeddable":true,"href":"https:\/\/www.oudadl.testontwikkeling.nl\/de\/wp-json\/wp\/v2\/product_tag?post=49797"}],"curies":[{"name":"wp","href":"https:\/\/api.w.org\/{rel}","templated":true}]}}