{"id":49796,"date":"2024-10-10T14:55:33","date_gmt":"2024-10-10T13:55:33","guid":{"rendered":"https:\/\/www.oudadl.testontwikkeling.nl\/?post_type=product&#038;p=49796"},"modified":"2025-11-02T16:59:09","modified_gmt":"2025-11-02T15:59:09","slug":"mtrs-zonneklep-lamp-wit-oranje-wit","status":"publish","type":"product","link":"https:\/\/www.oudadl.testontwikkeling.nl\/de\/product\/mtrs-zonneklep-lamp-wit-oranje-wit\/","title":{"rendered":"MTRS Sonnenblendenleuchte wei\u00df \/ orange - WEISS"},"content":{"rendered":"<p><span style=\"color: #000000\"><strong>MTRS Sonnenblendenleuchte DUAL COLOR 24 Volt wei\u00df, passend f\u00fcr Scania Next Gen.<\/strong><\/span><\/p>\n<p><span style=\"color: #000000\">Suchen Sie eine LED-Oberleuchte, die Sie beispielsweise in der Sonnenblende Ihres LKWs montieren k\u00f6nnen? Aber m\u00f6chten Sie zwischen Wei\u00df und Orange wechseln k\u00f6nnen? Dann k\u00f6nnte die MTRS Sonnenblendenleuchte DUAL COLOR wei\u00df die Lampe sein, die Sie suchen. Die Sonnenblendenlampe verf\u00fcgt \u00fcber 12 LED-Punkte und kann in WEISS oder ORANGE beleuchtet werden. Dar\u00fcber hinaus verf\u00fcgt die LED-Lampe \u00fcber ein wei\u00dfes Geh\u00e4use und ein 10 Zentimeter langes Anschlusskabel. Die obere Lampe DUAL COLOR funktioniert nur mit 24 Volt. Das bedeutet, dass Sie die Sonnenblendenlampe beispielsweise nur f\u00fcr Ihren LKW oder Anh\u00e4nger verwenden k\u00f6nnen.<\/span><\/p>\n<p><span style=\"color: #000000\">Denn Sie m\u00f6chten vor dem Kauf sicher sein, dass dies die Lampe ist, die Sie suchen. Nachfolgend haben wir einige Eigenschaften der LED-Lampe aufgeschrieben. Beispielsweise ist die MTRS Sonnenblendenlampe DUAL COLOR mit wei\u00dfem Geh\u00e4use mit einem originalen Anschlussstecker ausgestattet. Dies und die gute Passform machen die Montage und den Anschluss der Lampe sehr einfach. Dar\u00fcber hinaus wurden an der Lampe zwei Klemmen angebracht, so dass die Lampe sehr gut an Ort und Stelle bleibt. Wichtig zu wissen ist auch, dass der Schalter \u00fcber einen Plus- und Minusschalter funktioniert. Schlie\u00dflich wird die Lampe mit Milchglas geliefert, so dass die Aussicht auch im ausgeschalteten Zustand sch\u00f6n ist.<\/span><\/p>\n<h5><span style=\"color: #000000\"><strong>Andere Optionen:<\/strong><\/span><\/h5>\n<p><span style=\"color: #000000\">M\u00f6chten Sie Ihren LKW mit einer DUAL COLOR-Sonnenblendenlampe ausstatten, ist diese jedoch nicht die von Ihnen gesuchte Version? Oder suchen Sie einfach ein Modul, mit dem Sie die Farbe der Lampe \u00e4ndern k\u00f6nnen? Dann schauen Sie sich die Teile an, die wir zus\u00e4tzlich zur MTRS Sonnenblendenleuchte DUAL COLOR mit wei\u00dfem Geh\u00e4use anbieten.\u00a0<\/span><\/p>\n<ul>\n<li><span style=\"color: #000000\"><a style=\"color: #000000\" href=\"https:\/\/www.oudadl.testontwikkeling.nl\/de\/produkt\/mtrs-zonneklep-lamp-wit-oranje-zwart\/\"><strong>DUAL COLOR Lampe SCHWARZ<\/strong><\/a><\/span><\/li>\n<li><span style=\"color: #000000\"><a style=\"color: #000000\" href=\"https:\/\/www.oudadl.testontwikkeling.nl\/de\/produkt\/dual-color-zonneklep-lamp-adapter\/\"><strong>Lamp adapter<\/strong><\/a><\/span><\/li>\n<\/ul>\n<p><span style=\"color: #000000\">Sind Sie, nachdem Sie alles gelesen haben, immer noch der Meinung, dass die Sonnenblendenlampe DUAL COLOR mit wei\u00dfem Geh\u00e4use nicht das ist, was Sie suchen? Einfach weil Ihnen die Farbe oder die Spannung nicht gef\u00e4llt? Schauen Sie sich unbedingt unsere Seite an <a style=\"color: #000000\" href=\"https:\/\/www.oudadl.testontwikkeling.nl\/de\/produkt-kategorie\/beleuchtungswagen\/\">LKW-Beleuchtung<\/a>. M\u00f6glicherweise finden Sie hier das Lampenmodell oder Teil, das Sie suchen.\u00a0<\/span><\/p>","protected":false},"excerpt":{"rendered":"<p>MTRS zonneklep lamp DUAL COLOR 24 volt wit, geschikt voor onder andere Scania Next Gen. Bent u op zoek naar een LED toplamp die u bijvoorbeeld kunt monteren in de zonneklep van uw vrachtwagen? Maar wilt u deze kunnen laten wisselen tussen de kleur wit en oranje? Dan is de MTRS zonneklep lamp DUAL COLOR [&hellip;]<\/p>\n","protected":false},"featured_media":49873,"comment_status":"open","ping_status":"closed","template":"","meta":{"_acf_changed":false,"site-sidebar-layout":"default","site-content-layout":"default","ast-site-content-layout":"default","site-content-style":"default","site-sidebar-style":"default","ast-global-header-display":"","ast-banner-title-visibility":"","ast-main-header-display":"","ast-hfb-above-header-display":"","ast-hfb-below-header-display":"","ast-hfb-mobile-header-display":"","site-post-title":"","ast-breadcrumbs-content":"","ast-featured-img":"","footer-sml-layout":"","ast-disable-related-posts":"","theme-transparent-header-meta":"default","adv-header-id-meta":"","stick-header-meta":"","header-above-stick-meta":"","header-main-stick-meta":"","header-below-stick-meta":"","astra-migrate-meta-layouts":"set","ast-page-background-enabled":"default","ast-page-background-meta":{"desktop":{"background-color":"","background-image":"","background-repeat":"repeat","background-position":"center center","background-size":"auto","background-attachment":"scroll","background-type":"","background-media":"","overlay-type":"","overlay-color":"","overlay-opacity":"","overlay-gradient":""},"tablet":{"background-color":"","background-image":"","background-repeat":"repeat","background-position":"center center","background-size":"auto","background-attachment":"scroll","background-type":"","background-media":"","overlay-type":"","overlay-color":"","overlay-opacity":"","overlay-gradient":""},"mobile":{"background-color":"","background-image":"","background-repeat":"repeat","background-position":"center center","background-size":"auto","background-attachment":"scroll","background-type":"","background-media":"","overlay-type":"","overlay-color":"","overlay-opacity":"","overlay-gradient":""}},"ast-content-background-meta":{"desktop":{"background-color":"var(--ast-global-color-5)","background-image":"","background-repeat":"repeat","background-position":"center center","background-size":"auto","background-attachment":"scroll","background-type":"","background-media":"","overlay-type":"","overlay-color":"","overlay-opacity":"","overlay-gradient":""},"tablet":{"background-color":"var(--ast-global-color-5)","background-image":"","background-repeat":"repeat","background-position":"center center","background-size":"auto","background-attachment":"scroll","background-type":"","background-media":"","overlay-type":"","overlay-color":"","overlay-opacity":"","overlay-gradient":""},"mobile":{"background-color":"var(--ast-global-color-5)","background-image":"","background-repeat":"repeat","background-position":"center center","background-size":"auto","background-attachment":"scroll","background-type":"","background-media":"","overlay-type":"","overlay-color":"","overlay-opacity":"","overlay-gradient":""}}},"product_brand":[],"product_cat":[217,270],"product_tag":[289,290,2236],"class_list":{"0":"post-49796","1":"product","2":"type-product","3":"status-publish","4":"has-post-thumbnail","6":"product_cat-scania-verlichting","7":"product_cat-toplichten","8":"product_tag-scania","9":"product_tag-scania-next-gen","10":"product_tag-scania-toplamp","11":"pa_merkk-mtrs","12":"desktop-align-left","13":"tablet-align-left","14":"mobile-align-left","16":"first","17":"instock","18":"taxable","19":"shipping-taxable","20":"purchasable","21":"product-type-simple"},"acf":[],"yoast_head":"<!-- This site is optimized with the Yoast SEO Premium plugin v25.9 (Yoast SEO v27.6) - https:\/\/yoast.com\/product\/yoast-seo-premium-wordpress\/ -->\n<title>MTRS zonneklep lamp DUAL COLOR wit - All Day Led - Kleur: WIT \/ ORANJE<\/title>\n<meta name=\"description\" content=\"MTRS zonneklep lamp DUAL COLOR wit - schakelbare LED lamp - geschikt voor Scania zonneklep met nieuwe lampgaten - WIT en ORANJE in \u00e9\u00e9n lamp\" \/>\n<meta name=\"robots\" content=\"noindex, follow, max-snippet:-1, max-image-preview:large, max-video-preview:-1\" \/>\n<meta property=\"og:locale\" content=\"de_DE\" \/>\n<meta property=\"og:type\" content=\"article\" \/>\n<meta property=\"og:title\" content=\"MTRS zonneklep lamp DUAL COLOR wit - All Day Led - Kleur: WIT \/ ORANJE\" \/>\n<meta property=\"og:description\" content=\"MTRS zonneklep lamp DUAL COLOR wit - schakelbare LED lamp - geschikt voor Scania zonneklep met nieuwe lampgaten - WIT en ORANJE in \u00e9\u00e9n lamp\" \/>\n<meta property=\"og:url\" content=\"https:\/\/www.oudadl.testontwikkeling.nl\/de\/produkt\/mtrs-zonneklep-lamp-wit-oranje-wit\/\" \/>\n<meta property=\"og:site_name\" content=\"All Day Led\" \/>\n<meta property=\"article:publisher\" content=\"https:\/\/www.facebook.com\/alldayled\/\" \/>\n<meta property=\"article:modified_time\" content=\"2025-11-02T15:59:09+00:00\" \/>\n<meta property=\"og:image\" content=\"https:\/\/www.oudadl.testontwikkeling.nl\/wp-content\/uploads\/2024\/10\/ADL40925.png\" \/>\n\t<meta property=\"og:image:width\" content=\"800\" \/>\n\t<meta property=\"og:image:height\" content=\"600\" \/>\n\t<meta property=\"og:image:type\" content=\"image\/png\" \/>\n<meta name=\"twitter:label1\" content=\"Preis\" \/>\n\t<meta name=\"twitter:data1\" content=\"&euro;64,95\" \/>\n\t<meta name=\"twitter:label2\" content=\"Verf\u00fcgbarkeit\" \/>\n\t<meta name=\"twitter:data2\" content=\"Auf Lager\" \/>\n<script type=\"application\/ld+json\" class=\"yoast-schema-graph\">{\"@context\":\"https:\\\/\\\/schema.org\",\"@graph\":[{\"@type\":\"WebPage\",\"@id\":\"https:\\\/\\\/www.oudadl.testontwikkeling.nl\\\/product\\\/mtrs-zonneklep-lamp-wit-oranje-wit\\\/\",\"url\":\"https:\\\/\\\/www.oudadl.testontwikkeling.nl\\\/product\\\/mtrs-zonneklep-lamp-wit-oranje-wit\\\/\",\"name\":\"MTRS zonneklep lamp DUAL COLOR wit - All Day Led - Kleur: WIT \\\/ ORANJE\",\"isPartOf\":{\"@id\":\"https:\\\/\\\/www.oudadl.testontwikkeling.nl\\\/#website\"},\"primaryImageOfPage\":{\"@id\":\"https:\\\/\\\/www.oudadl.testontwikkeling.nl\\\/product\\\/mtrs-zonneklep-lamp-wit-oranje-wit\\\/#primaryimage\"},\"image\":{\"@id\":\"https:\\\/\\\/www.oudadl.testontwikkeling.nl\\\/product\\\/mtrs-zonneklep-lamp-wit-oranje-wit\\\/#primaryimage\"},\"thumbnailUrl\":\"https:\\\/\\\/www.oudadl.testontwikkeling.nl\\\/wp-content\\\/uploads\\\/2024\\\/10\\\/ADL40925.png\",\"datePublished\":\"2024-10-10T13:55:33+00:00\",\"dateModified\":\"2025-11-02T15:59:09+00:00\",\"description\":\"MTRS zonneklep lamp DUAL COLOR wit - schakelbare LED lamp - geschikt voor Scania zonneklep met nieuwe lampgaten - WIT en ORANJE in \u00e9\u00e9n lamp\",\"breadcrumb\":{\"@id\":\"https:\\\/\\\/www.oudadl.testontwikkeling.nl\\\/product\\\/mtrs-zonneklep-lamp-wit-oranje-wit\\\/#breadcrumb\"},\"inLanguage\":\"de\",\"potentialAction\":[{\"@type\":\"ReadAction\",\"target\":[\"https:\\\/\\\/www.oudadl.testontwikkeling.nl\\\/product\\\/mtrs-zonneklep-lamp-wit-oranje-wit\\\/\"]}]},{\"@type\":\"ImageObject\",\"inLanguage\":\"de\",\"@id\":\"https:\\\/\\\/www.oudadl.testontwikkeling.nl\\\/product\\\/mtrs-zonneklep-lamp-wit-oranje-wit\\\/#primaryimage\",\"url\":\"https:\\\/\\\/www.oudadl.testontwikkeling.nl\\\/wp-content\\\/uploads\\\/2024\\\/10\\\/ADL40925.png\",\"contentUrl\":\"https:\\\/\\\/www.oudadl.testontwikkeling.nl\\\/wp-content\\\/uploads\\\/2024\\\/10\\\/ADL40925.png\",\"width\":800,\"height\":600,\"caption\":\"MTRS Scania Next Gen LED zonneklep lamp DUAL COLOR - zonneklep lamp voor nieuwe lampgaten - schakelbaar tussen ORANJE en WIT - behuizing is WIT van kleur - Matronics nummer 240925-AMCW - EAN:\"},{\"@type\":\"BreadcrumbList\",\"@id\":\"https:\\\/\\\/www.oudadl.testontwikkeling.nl\\\/product\\\/mtrs-zonneklep-lamp-wit-oranje-wit\\\/#breadcrumb\",\"itemListElement\":[{\"@type\":\"ListItem\",\"position\":1,\"name\":\"Home\",\"item\":\"https:\\\/\\\/www.oudadl.testontwikkeling.nl\\\/\"},{\"@type\":\"ListItem\",\"position\":2,\"name\":\"Shop\",\"item\":\"https:\\\/\\\/www.oudadl.testontwikkeling.nl\\\/de\\\/shop\\\/\"},{\"@type\":\"ListItem\",\"position\":3,\"name\":\"Overige\",\"item\":\"https:\\\/\\\/www.oudadl.testontwikkeling.nl\\\/product-categorie\\\/overige-producten\\\/\"},{\"@type\":\"ListItem\",\"position\":4,\"name\":\"Toplichten\",\"item\":\"https:\\\/\\\/www.oudadl.testontwikkeling.nl\\\/product-categorie\\\/overige-producten\\\/toplichten\\\/\"},{\"@type\":\"ListItem\",\"position\":5,\"name\":\"MTRS zonneklep lamp wit \\\/ oranje &#8211; WIT\"}]},{\"@type\":\"WebSite\",\"@id\":\"https:\\\/\\\/www.oudadl.testontwikkeling.nl\\\/#website\",\"url\":\"https:\\\/\\\/www.oudadl.testontwikkeling.nl\\\/\",\"name\":\"All Day Led\",\"description\":\"\",\"publisher\":{\"@id\":\"https:\\\/\\\/www.oudadl.testontwikkeling.nl\\\/#organization\"},\"potentialAction\":[{\"@type\":\"SearchAction\",\"target\":{\"@type\":\"EntryPoint\",\"urlTemplate\":\"https:\\\/\\\/www.oudadl.testontwikkeling.nl\\\/?s={search_term_string}\"},\"query-input\":{\"@type\":\"PropertyValueSpecification\",\"valueRequired\":true,\"valueName\":\"search_term_string\"}}],\"inLanguage\":\"de\"},{\"@type\":\"Organization\",\"@id\":\"https:\\\/\\\/www.oudadl.testontwikkeling.nl\\\/#organization\",\"name\":\"All Day Led\",\"url\":\"https:\\\/\\\/www.oudadl.testontwikkeling.nl\\\/\",\"logo\":{\"@type\":\"ImageObject\",\"inLanguage\":\"de\",\"@id\":\"https:\\\/\\\/www.oudadl.testontwikkeling.nl\\\/#\\\/schema\\\/logo\\\/image\\\/\",\"url\":\"https:\\\/\\\/www.oudadl.testontwikkeling.nl\\\/wp-content\\\/uploads\\\/2022\\\/08\\\/Logo-ALL-DAY-LED-800x800-zwart-witte-letters.png\",\"contentUrl\":\"https:\\\/\\\/www.oudadl.testontwikkeling.nl\\\/wp-content\\\/uploads\\\/2022\\\/08\\\/Logo-ALL-DAY-LED-800x800-zwart-witte-letters.png\",\"width\":800,\"height\":800,\"caption\":\"All Day Led\"},\"image\":{\"@id\":\"https:\\\/\\\/www.oudadl.testontwikkeling.nl\\\/#\\\/schema\\\/logo\\\/image\\\/\"},\"sameAs\":[\"https:\\\/\\\/www.facebook.com\\\/alldayled\\\/\",\"https:\\\/\\\/www.instagram.com\\\/alldayled\\\/\"],\"vatID\":\"NL863960133B01\",\"taxID\":\"86416545\",\"hasMerchantReturnPolicy\":{\"@type\":\"MerchantReturnPolicy\",\"merchantReturnLink\":\"https:\\\/\\\/www.oudadl.testontwikkeling.nl\\\/de\\\/verzenden-retourneren\\\/\"}}]}<\/script>\n<meta property=\"product:brand\" content=\"MTRS\" \/>\n<meta property=\"product:price:amount\" content=\"64.95\" \/>\n<meta property=\"product:price:currency\" content=\"EUR\" \/>\n<meta property=\"og:availability\" content=\"instock\" \/>\n<meta property=\"product:availability\" content=\"instock\" \/>\n<meta property=\"product:retailer_item_id\" content=\"ADL40925\" \/>\n<meta property=\"product:condition\" content=\"new\" \/>\n<!-- \/ Yoast SEO Premium plugin. -->","yoast_head_json":{"title":"MTRS Sonnenblendenleuchte DUAL COLOR wei\u00df - All Day Led - Farbe: WEISS \/ ORANGE","description":"MTRS Sonnenblendenleuchte DUAL COLOR wei\u00df - umschaltbare LED Lampe - passend f\u00fcr Scania Sonnenblende mit neuen Lampenl\u00f6chern - WEISS und ORANGE in einer Lampe","robots":{"index":"noindex","follow":"follow","max-snippet":"max-snippet:-1","max-image-preview":"max-image-preview:large","max-video-preview":"max-video-preview:-1"},"og_locale":"de_DE","og_type":"article","og_title":"MTRS zonneklep lamp DUAL COLOR wit - All Day Led - Kleur: WIT \/ ORANJE","og_description":"MTRS zonneklep lamp DUAL COLOR wit - schakelbare LED lamp - geschikt voor Scania zonneklep met nieuwe lampgaten - WIT en ORANJE in \u00e9\u00e9n lamp","og_url":"https:\/\/www.oudadl.testontwikkeling.nl\/de\/produkt\/mtrs-zonneklep-lamp-wit-oranje-wit\/","og_site_name":"All Day Led","article_publisher":"https:\/\/www.facebook.com\/alldayled\/","article_modified_time":"2025-11-02T15:59:09+00:00","og_image":[{"width":800,"height":600,"url":"https:\/\/www.oudadl.testontwikkeling.nl\/wp-content\/uploads\/2024\/10\/ADL40925.png","type":"image\/png"}],"twitter_misc":{"Preis":"&euro;64,95","Verf\u00fcgbarkeit":"Auf Lager"},"schema":{"@context":"https:\/\/schema.org","@graph":[{"@type":"WebPage","@id":"https:\/\/www.oudadl.testontwikkeling.nl\/product\/mtrs-zonneklep-lamp-wit-oranje-wit\/","url":"https:\/\/www.oudadl.testontwikkeling.nl\/product\/mtrs-zonneklep-lamp-wit-oranje-wit\/","name":"MTRS Sonnenblendenleuchte DUAL COLOR wei\u00df - All Day Led - Farbe: WEISS \/ ORANGE","isPartOf":{"@id":"https:\/\/www.oudadl.testontwikkeling.nl\/#website"},"primaryImageOfPage":{"@id":"https:\/\/www.oudadl.testontwikkeling.nl\/product\/mtrs-zonneklep-lamp-wit-oranje-wit\/#primaryimage"},"image":{"@id":"https:\/\/www.oudadl.testontwikkeling.nl\/product\/mtrs-zonneklep-lamp-wit-oranje-wit\/#primaryimage"},"thumbnailUrl":"https:\/\/www.oudadl.testontwikkeling.nl\/wp-content\/uploads\/2024\/10\/ADL40925.png","datePublished":"2024-10-10T13:55:33+00:00","dateModified":"2025-11-02T15:59:09+00:00","description":"MTRS Sonnenblendenleuchte DUAL COLOR wei\u00df - umschaltbare LED Lampe - passend f\u00fcr Scania Sonnenblende mit neuen Lampenl\u00f6chern - WEISS und ORANGE in einer Lampe","breadcrumb":{"@id":"https:\/\/www.oudadl.testontwikkeling.nl\/product\/mtrs-zonneklep-lamp-wit-oranje-wit\/#breadcrumb"},"inLanguage":"de","potentialAction":[{"@type":"ReadAction","target":["https:\/\/www.oudadl.testontwikkeling.nl\/product\/mtrs-zonneklep-lamp-wit-oranje-wit\/"]}]},{"@type":"ImageObject","inLanguage":"de","@id":"https:\/\/www.oudadl.testontwikkeling.nl\/product\/mtrs-zonneklep-lamp-wit-oranje-wit\/#primaryimage","url":"https:\/\/www.oudadl.testontwikkeling.nl\/wp-content\/uploads\/2024\/10\/ADL40925.png","contentUrl":"https:\/\/www.oudadl.testontwikkeling.nl\/wp-content\/uploads\/2024\/10\/ADL40925.png","width":800,"height":600,"caption":"MTRS Scania Next Gen LED zonneklep lamp DUAL COLOR - zonneklep lamp voor nieuwe lampgaten - schakelbaar tussen ORANJE en WIT - behuizing is WIT van kleur - Matronics nummer 240925-AMCW - EAN:"},{"@type":"BreadcrumbList","@id":"https:\/\/www.oudadl.testontwikkeling.nl\/product\/mtrs-zonneklep-lamp-wit-oranje-wit\/#breadcrumb","itemListElement":[{"@type":"ListItem","position":1,"name":"Home","item":"https:\/\/www.oudadl.testontwikkeling.nl\/"},{"@type":"ListItem","position":2,"name":"Shop","item":"https:\/\/www.oudadl.testontwikkeling.nl\/de\/shop\/"},{"@type":"ListItem","position":3,"name":"Overige","item":"https:\/\/www.oudadl.testontwikkeling.nl\/product-categorie\/overige-producten\/"},{"@type":"ListItem","position":4,"name":"Toplichten","item":"https:\/\/www.oudadl.testontwikkeling.nl\/product-categorie\/overige-producten\/toplichten\/"},{"@type":"ListItem","position":5,"name":"MTRS zonneklep lamp wit \/ oranje &#8211; WIT"}]},{"@type":"WebSite","@id":"https:\/\/www.oudadl.testontwikkeling.nl\/#website","url":"https:\/\/www.oudadl.testontwikkeling.nl\/","name":"All Day Led","description":"","publisher":{"@id":"https:\/\/www.oudadl.testontwikkeling.nl\/#organization"},"potentialAction":[{"@type":"SearchAction","target":{"@type":"EntryPoint","urlTemplate":"https:\/\/www.oudadl.testontwikkeling.nl\/?s={search_term_string}"},"query-input":{"@type":"PropertyValueSpecification","valueRequired":true,"valueName":"search_term_string"}}],"inLanguage":"de"},{"@type":"Organization","@id":"https:\/\/www.oudadl.testontwikkeling.nl\/#organization","name":"All Day Led","url":"https:\/\/www.oudadl.testontwikkeling.nl\/","logo":{"@type":"ImageObject","inLanguage":"de","@id":"https:\/\/www.oudadl.testontwikkeling.nl\/#\/schema\/logo\/image\/","url":"https:\/\/www.oudadl.testontwikkeling.nl\/wp-content\/uploads\/2022\/08\/Logo-ALL-DAY-LED-800x800-zwart-witte-letters.png","contentUrl":"https:\/\/www.oudadl.testontwikkeling.nl\/wp-content\/uploads\/2022\/08\/Logo-ALL-DAY-LED-800x800-zwart-witte-letters.png","width":800,"height":800,"caption":"All Day Led"},"image":{"@id":"https:\/\/www.oudadl.testontwikkeling.nl\/#\/schema\/logo\/image\/"},"sameAs":["https:\/\/www.facebook.com\/alldayled\/","https:\/\/www.instagram.com\/alldayled\/"],"vatID":"NL863960133B01","taxID":"86416545","hasMerchantReturnPolicy":{"@type":"MerchantReturnPolicy","merchantReturnLink":"https:\/\/www.oudadl.testontwikkeling.nl\/de\/verzenden-retourneren\/"}}]},"product_brand":"MTRS","product_price_amount":"64.95","product_price_currency":"EUR","og_availability":"instock","product_availability":"instock","product_retailer_item_id":"ADL40925","product_condition":"new"},"_links":{"self":[{"href":"https:\/\/www.oudadl.testontwikkeling.nl\/de\/wp-json\/wp\/v2\/product\/49796","targetHints":{"allow":["GET"]}}],"collection":[{"href":"https:\/\/www.oudadl.testontwikkeling.nl\/de\/wp-json\/wp\/v2\/product"}],"about":[{"href":"https:\/\/www.oudadl.testontwikkeling.nl\/de\/wp-json\/wp\/v2\/types\/product"}],"replies":[{"embeddable":true,"href":"https:\/\/www.oudadl.testontwikkeling.nl\/de\/wp-json\/wp\/v2\/comments?post=49796"}],"wp:featuredmedia":[{"embeddable":true,"href":"https:\/\/www.oudadl.testontwikkeling.nl\/de\/wp-json\/wp\/v2\/media\/49873"}],"wp:attachment":[{"href":"https:\/\/www.oudadl.testontwikkeling.nl\/de\/wp-json\/wp\/v2\/media?parent=49796"}],"wp:term":[{"taxonomy":"product_brand","embeddable":true,"href":"https:\/\/www.oudadl.testontwikkeling.nl\/de\/wp-json\/wp\/v2\/product_brand?post=49796"},{"taxonomy":"product_cat","embeddable":true,"href":"https:\/\/www.oudadl.testontwikkeling.nl\/de\/wp-json\/wp\/v2\/product_cat?post=49796"},{"taxonomy":"product_tag","embeddable":true,"href":"https:\/\/www.oudadl.testontwikkeling.nl\/de\/wp-json\/wp\/v2\/product_tag?post=49796"}],"curies":[{"name":"wp","href":"https:\/\/api.w.org\/{rel}","templated":true}]}}