{"id":48640,"date":"2023-03-15T13:25:02","date_gmt":"2023-03-15T12:25:02","guid":{"rendered":"https:\/\/www.oudadl.testontwikkeling.nl\/?post_type=product&#038;p=48640"},"modified":"2025-11-14T11:54:31","modified_gmt":"2025-11-14T10:54:31","slug":"scania-drl-halogeen-koplamp-oranje","status":"publish","type":"product","link":"https:\/\/www.oudadl.testontwikkeling.nl\/de\/product\/scania-drl-halogeen-koplamp-oranje\/","title":{"rendered":"Tagfahrlicht Scania Halogen - orange"},"content":{"rendered":"<p><span style=\"color: #000000;\"><strong>DRL unit ORANGE, passend f\u00fcr einen Scania Next Gen ab Baujahr 2016.<\/strong><\/span><\/p>\n<p><span style=\"color: #000000;\">M\u00f6chten Sie die originale wei\u00dfe Tagfahrlichteinheit Ihres Scania Next Gen mit Halogenscheinwerfern durch die orangefarbene Version ersetzen? Dann k\u00f6nnte dieses Set genau das Richtige f\u00fcr Sie sein. Es besteht aus zwei LED-Platten, mit denen Sie sowohl das linke als auch das rechte Modul austauschen k\u00f6nnen. Das Set ist speziell f\u00fcr einen Scania Next Gen-Lkw konzipiert und passt nicht auf andere Modelle.\u00a0 <strong><em>BITTE BEACHTEN SIE, Sie k\u00f6nnen das Set nur installieren, wenn Sie \u00fcber originale Halogenscheinwerfer verf\u00fcgen.\u00a0<\/em><\/strong><\/span><\/p>\n<p><span style=\"color: #000000;\">Damit Sie vor dem Kauf sicher sein k\u00f6nnen, dass das Kit f\u00fcr Ihren Lkw geeignet ist, haben wir hier einige wichtige Punkte aufgelistet. Es ist wichtig, dass die Originaleinheiten genau mit denen in Bild zwei \u00fcbereinstimmen. Stimmt die Originaleinheit nicht \u00fcberein, passen die abgebildeten Leiterplatten nicht. Au\u00dferdem sind die orangefarbenen Tagfahrleuchten der Scania Next Gen nur f\u00fcr Modelle ab Baujahr 2016 geeignet und m\u00fcssen mit Halogenscheinwerfern ausgestattet sein. Bitte beachten Sie, dass die Tagfahrleuchteneinheit nicht E-gepr\u00fcft ist. F\u00fcr die Fahrzeuginspektion (APK) m\u00fcssen Sie die Originaleinheit wieder einbauen.\u00a0<\/span><\/p>\n<h5><span style=\"color: #000000;\"><strong>Andere Modelle:<\/strong><\/span><\/h5>\n<p><span style=\"color: #000000;\">Besitzen Sie einen Scania Next Gen-Lkw, m\u00f6chten aber das Tagfahrlicht nicht auf Orange umstellen? Oder stimmen die montierten Platinen nicht mit denen auf dem Foto \u00fcberein? Dann wissen Sie, dass dieses DRL-Modul auch in anderen Farben und Modellen erh\u00e4ltlich ist. Unten finden Sie weitere Modelle, die wir liefern k\u00f6nnen.<\/span><\/p>\n<ul>\n<li><span style=\"color: #000000;\"><a style=\"color: #000000;\" href=\"https:\/\/www.oudadl.testontwikkeling.nl\/de\/produkt\/scania-drl-unit-wit-oranje-led-koplamp\/\"><strong>Scania DRL-Set LED Abblendlicht - ORANGE\/WEISS\/STROBE<\/strong><\/a><\/span><\/li>\n<li><span style=\"color: #000000;\"><a style=\"color: #000000;\" href=\"https:\/\/www.oudadl.testontwikkeling.nl\/de\/produkt\/scania-drl-unit-oranje-halogeen-koplamp\/\"><strong>Scania DRL-Set Halogen-Abblendlicht \u2013 WARMWEISS<\/strong><\/a><\/span><\/li>\n<li><span style=\"color: #000000;\"><a style=\"color: #000000;\" href=\"https:\/\/www.oudadl.testontwikkeling.nl\/de\/produkt\/scania-drl-unit-warm-wit-led-koplamp\/\"><strong>Scania DRL-Set LED Abblendlicht - WARMWEISS<\/strong><\/a><\/span><\/li>\n<li><span style=\"color: #000000;\"><a style=\"color: #000000;\" href=\"https:\/\/www.oudadl.testontwikkeling.nl\/de\/produkt\/dagrijverlichting-scania-led-xenon-wit\/\"><strong>SCANIA DRL-Set LED Abblendlicht XENON WEISS<\/strong><\/a><\/span><\/li>\n<li><span style=\"color: #000000;\"><a style=\"color: #000000;\" href=\"https:\/\/www.oudadl.testontwikkeling.nl\/de\/produkt\/scania-drl-unit-oranje-led-koplamp\/\"><strong>Scania DRL-Set LED Abblendlicht - ORANGE<\/strong><\/a><\/span><\/li>\n<\/ul>\n<p><span style=\"color: #000000;\">M\u00f6chten Sie nicht nur das Scania Next Gen DRL ORANGE in Ihren Halogenscheinwerfer einbauen? Suchen Sie nach weiteren Beleuchtungsoptionen f\u00fcr Ihren Scania? Dann schauen Sie sich die Seite an <a style=\"color: #000000;\" href=\"https:\/\/www.oudadl.testontwikkeling.nl\/de\/produkt-kategorie\/beleuchtungswagen\/scania-verlichting\/\" target=\"_blank\" rel=\"noopener\">Scania-Beleuchtung.<\/a> Vielleicht finden Sie hier das Zubeh\u00f6r oder die Lampe, die Sie suchen.<\/span><\/p>","protected":false},"excerpt":{"rendered":"<p>DRL unit ORANJE, geschikt voor een Scania Next Gen met bouwjaar 2016+. Wil je de origineel wit gemonteerde DRL unit van jouw Scania Next Gen met halogeen koplamp vervangen voor de oranje variant? Dan is deze set wellicht d\u00e9 set waarnaar je opzoek bent. Deze set bestaat uit twee LED platen waarmee je zowel de [&hellip;]<\/p>\n","protected":false},"featured_media":49256,"comment_status":"open","ping_status":"closed","template":"","meta":{"_acf_changed":false,"site-sidebar-layout":"default","site-content-layout":"default","ast-site-content-layout":"default","site-content-style":"default","site-sidebar-style":"default","ast-global-header-display":"","ast-banner-title-visibility":"","ast-main-header-display":"","ast-hfb-above-header-display":"","ast-hfb-below-header-display":"","ast-hfb-mobile-header-display":"","site-post-title":"","ast-breadcrumbs-content":"","ast-featured-img":"","footer-sml-layout":"","ast-disable-related-posts":"","theme-transparent-header-meta":"default","adv-header-id-meta":"","stick-header-meta":"","header-above-stick-meta":"","header-main-stick-meta":"","header-below-stick-meta":"","astra-migrate-meta-layouts":"set","ast-page-background-enabled":"default","ast-page-background-meta":{"desktop":{"background-color":"","background-image":"","background-repeat":"repeat","background-position":"center center","background-size":"auto","background-attachment":"scroll","background-type":"","background-media":"","overlay-type":"","overlay-color":"","overlay-opacity":"","overlay-gradient":""},"tablet":{"background-color":"","background-image":"","background-repeat":"repeat","background-position":"center center","background-size":"auto","background-attachment":"scroll","background-type":"","background-media":"","overlay-type":"","overlay-color":"","overlay-opacity":"","overlay-gradient":""},"mobile":{"background-color":"","background-image":"","background-repeat":"repeat","background-position":"center center","background-size":"auto","background-attachment":"scroll","background-type":"","background-media":"","overlay-type":"","overlay-color":"","overlay-opacity":"","overlay-gradient":""}},"ast-content-background-meta":{"desktop":{"background-color":"var(--ast-global-color-5)","background-image":"","background-repeat":"repeat","background-position":"center center","background-size":"auto","background-attachment":"scroll","background-type":"","background-media":"","overlay-type":"","overlay-color":"","overlay-opacity":"","overlay-gradient":""},"tablet":{"background-color":"var(--ast-global-color-5)","background-image":"","background-repeat":"repeat","background-position":"center center","background-size":"auto","background-attachment":"scroll","background-type":"","background-media":"","overlay-type":"","overlay-color":"","overlay-opacity":"","overlay-gradient":""},"mobile":{"background-color":"var(--ast-global-color-5)","background-image":"","background-repeat":"repeat","background-position":"center center","background-size":"auto","background-attachment":"scroll","background-type":"","background-media":"","overlay-type":"","overlay-color":"","overlay-opacity":"","overlay-gradient":""}}},"product_brand":[],"product_cat":[210,217],"product_tag":[6440,6441,6428,6429,1988],"class_list":{"0":"post-48640","1":"product","2":"type-product","3":"status-publish","4":"has-post-thumbnail","6":"product_cat-dagrijlampen","7":"product_cat-scania-verlichting","8":"product_tag-dagrijverlichting-scania","9":"product_tag-dagrijverlichting-scania-next-gen","10":"product_tag-dagrijverlichting-vrachtwagen","11":"product_tag-drl-module","12":"product_tag-led-dagrijverlichting","13":"pa_merkk-mtrs","14":"desktop-align-left","15":"tablet-align-left","16":"mobile-align-left","18":"first","19":"instock","20":"taxable","21":"shipping-taxable","22":"purchasable","23":"product-type-simple"},"acf":[],"yoast_head":"<!-- This site is optimized with the Yoast SEO Premium plugin v25.9 (Yoast SEO v27.6) - https:\/\/yoast.com\/product\/yoast-seo-premium-wordpress\/ -->\n<title>Scania DRL halogeen koplamp oranje - All Day Led - 24 Volt unit<\/title>\n<meta name=\"description\" content=\"Scania DRL halogeen koplamp oranje - Scania Next Gen model R &amp; S - bouwjaar 2016+ - met halogeen koplamp - Scania DRL unit ORANJE -\" \/>\n<meta name=\"robots\" content=\"noindex, follow, max-snippet:-1, max-image-preview:large, max-video-preview:-1\" \/>\n<meta property=\"og:locale\" content=\"de_DE\" \/>\n<meta property=\"og:type\" content=\"article\" \/>\n<meta property=\"og:title\" content=\"Scania DRL halogeen koplamp oranje - All Day Led - 24 Volt unit\" \/>\n<meta property=\"og:description\" content=\"Scania DRL halogeen koplamp oranje - Scania Next Gen model R &amp; S - bouwjaar 2016+ - met halogeen koplamp - Scania DRL unit ORANJE -\" \/>\n<meta property=\"og:url\" content=\"https:\/\/www.oudadl.testontwikkeling.nl\/de\/produkt\/scania-drl-halogeen-koplamp-oranje\/\" \/>\n<meta property=\"og:site_name\" content=\"All Day Led\" \/>\n<meta property=\"article:publisher\" content=\"https:\/\/www.facebook.com\/alldayled\/\" \/>\n<meta property=\"article:modified_time\" content=\"2025-11-14T10:54:31+00:00\" \/>\n<meta property=\"og:image\" content=\"https:\/\/www.oudadl.testontwikkeling.nl\/wp-content\/uploads\/2025\/05\/ADL40850-S-M-2.png\" \/>\n\t<meta property=\"og:image:width\" content=\"800\" \/>\n\t<meta property=\"og:image:height\" content=\"800\" \/>\n\t<meta property=\"og:image:type\" content=\"image\/png\" \/>\n<meta name=\"twitter:label1\" content=\"Preis\" \/>\n\t<meta name=\"twitter:data1\" content=\"&euro;150,00\" \/>\n\t<meta name=\"twitter:label2\" content=\"Verf\u00fcgbarkeit\" \/>\n\t<meta name=\"twitter:data2\" content=\"Auf Lager\" \/>\n<script type=\"application\/ld+json\" class=\"yoast-schema-graph\">{\"@context\":\"https:\\\/\\\/schema.org\",\"@graph\":[{\"@type\":\"WebPage\",\"@id\":\"https:\\\/\\\/www.oudadl.testontwikkeling.nl\\\/product\\\/scania-drl-halogeen-koplamp-oranje\\\/\",\"url\":\"https:\\\/\\\/www.oudadl.testontwikkeling.nl\\\/product\\\/scania-drl-halogeen-koplamp-oranje\\\/\",\"name\":\"Scania DRL halogeen koplamp oranje - All Day Led - 24 Volt unit\",\"isPartOf\":{\"@id\":\"https:\\\/\\\/www.oudadl.testontwikkeling.nl\\\/#website\"},\"primaryImageOfPage\":{\"@id\":\"https:\\\/\\\/www.oudadl.testontwikkeling.nl\\\/product\\\/scania-drl-halogeen-koplamp-oranje\\\/#primaryimage\"},\"image\":{\"@id\":\"https:\\\/\\\/www.oudadl.testontwikkeling.nl\\\/product\\\/scania-drl-halogeen-koplamp-oranje\\\/#primaryimage\"},\"thumbnailUrl\":\"https:\\\/\\\/www.oudadl.testontwikkeling.nl\\\/wp-content\\\/uploads\\\/2024\\\/09\\\/ADL40850.png\",\"datePublished\":\"2023-03-15T12:25:02+00:00\",\"dateModified\":\"2025-11-14T10:54:31+00:00\",\"description\":\"Scania DRL halogeen koplamp oranje - Scania Next Gen model R & S - bouwjaar 2016+ - met halogeen koplamp - Scania DRL unit ORANJE -\",\"breadcrumb\":{\"@id\":\"https:\\\/\\\/www.oudadl.testontwikkeling.nl\\\/product\\\/scania-drl-halogeen-koplamp-oranje\\\/#breadcrumb\"},\"inLanguage\":\"de\",\"potentialAction\":[{\"@type\":\"ReadAction\",\"target\":[\"https:\\\/\\\/www.oudadl.testontwikkeling.nl\\\/product\\\/scania-drl-halogeen-koplamp-oranje\\\/\"]}]},{\"@type\":\"ImageObject\",\"inLanguage\":\"de\",\"@id\":\"https:\\\/\\\/www.oudadl.testontwikkeling.nl\\\/product\\\/scania-drl-halogeen-koplamp-oranje\\\/#primaryimage\",\"url\":\"https:\\\/\\\/www.oudadl.testontwikkeling.nl\\\/wp-content\\\/uploads\\\/2024\\\/09\\\/ADL40850.png\",\"contentUrl\":\"https:\\\/\\\/www.oudadl.testontwikkeling.nl\\\/wp-content\\\/uploads\\\/2024\\\/09\\\/ADL40850.png\",\"width\":800,\"height\":600,\"caption\":\"Scania Next Gen LED dagrijverlichting voor halogeen koplamp - LED DRL unit die geschikt is voor Scania Next Gen vrachtwagen van 2016+ - ORANJE DRL unit voor de vrachtwagen - EAN: 6090429833888\"},{\"@type\":\"BreadcrumbList\",\"@id\":\"https:\\\/\\\/www.oudadl.testontwikkeling.nl\\\/product\\\/scania-drl-halogeen-koplamp-oranje\\\/#breadcrumb\",\"itemListElement\":[{\"@type\":\"ListItem\",\"position\":1,\"name\":\"Home\",\"item\":\"https:\\\/\\\/www.oudadl.testontwikkeling.nl\\\/\"},{\"@type\":\"ListItem\",\"position\":2,\"name\":\"Shop\",\"item\":\"https:\\\/\\\/www.oudadl.testontwikkeling.nl\\\/de\\\/shop\\\/\"},{\"@type\":\"ListItem\",\"position\":3,\"name\":\"Overige\",\"item\":\"https:\\\/\\\/www.oudadl.testontwikkeling.nl\\\/product-categorie\\\/overige-producten\\\/\"},{\"@type\":\"ListItem\",\"position\":4,\"name\":\"Dagrijlampen\",\"item\":\"https:\\\/\\\/www.oudadl.testontwikkeling.nl\\\/product-categorie\\\/overige-producten\\\/dagrijlampen\\\/\"},{\"@type\":\"ListItem\",\"position\":5,\"name\":\"Dagrijverlichting Scania halogeen &#8211; oranje\"}]},{\"@type\":\"WebSite\",\"@id\":\"https:\\\/\\\/www.oudadl.testontwikkeling.nl\\\/#website\",\"url\":\"https:\\\/\\\/www.oudadl.testontwikkeling.nl\\\/\",\"name\":\"All Day Led\",\"description\":\"\",\"publisher\":{\"@id\":\"https:\\\/\\\/www.oudadl.testontwikkeling.nl\\\/#organization\"},\"potentialAction\":[{\"@type\":\"SearchAction\",\"target\":{\"@type\":\"EntryPoint\",\"urlTemplate\":\"https:\\\/\\\/www.oudadl.testontwikkeling.nl\\\/?s={search_term_string}\"},\"query-input\":{\"@type\":\"PropertyValueSpecification\",\"valueRequired\":true,\"valueName\":\"search_term_string\"}}],\"inLanguage\":\"de\"},{\"@type\":\"Organization\",\"@id\":\"https:\\\/\\\/www.oudadl.testontwikkeling.nl\\\/#organization\",\"name\":\"All Day Led\",\"url\":\"https:\\\/\\\/www.oudadl.testontwikkeling.nl\\\/\",\"logo\":{\"@type\":\"ImageObject\",\"inLanguage\":\"de\",\"@id\":\"https:\\\/\\\/www.oudadl.testontwikkeling.nl\\\/#\\\/schema\\\/logo\\\/image\\\/\",\"url\":\"https:\\\/\\\/www.oudadl.testontwikkeling.nl\\\/wp-content\\\/uploads\\\/2022\\\/08\\\/Logo-ALL-DAY-LED-800x800-zwart-witte-letters.png\",\"contentUrl\":\"https:\\\/\\\/www.oudadl.testontwikkeling.nl\\\/wp-content\\\/uploads\\\/2022\\\/08\\\/Logo-ALL-DAY-LED-800x800-zwart-witte-letters.png\",\"width\":800,\"height\":800,\"caption\":\"All Day Led\"},\"image\":{\"@id\":\"https:\\\/\\\/www.oudadl.testontwikkeling.nl\\\/#\\\/schema\\\/logo\\\/image\\\/\"},\"sameAs\":[\"https:\\\/\\\/www.facebook.com\\\/alldayled\\\/\",\"https:\\\/\\\/www.instagram.com\\\/alldayled\\\/\"],\"vatID\":\"NL863960133B01\",\"taxID\":\"86416545\",\"hasMerchantReturnPolicy\":{\"@type\":\"MerchantReturnPolicy\",\"merchantReturnLink\":\"https:\\\/\\\/www.oudadl.testontwikkeling.nl\\\/de\\\/verzenden-retourneren\\\/\"}}]}<\/script>\n<meta property=\"product:brand\" content=\"MTRS\" \/>\n<meta property=\"product:price:amount\" content=\"150.00\" \/>\n<meta property=\"product:price:currency\" content=\"EUR\" \/>\n<meta property=\"og:availability\" content=\"instock\" \/>\n<meta property=\"product:availability\" content=\"instock\" \/>\n<meta property=\"product:retailer_item_id\" content=\"ADL40850\" \/>\n<meta property=\"product:condition\" content=\"new\" \/>\n<!-- \/ Yoast SEO Premium plugin. -->","yoast_head_json":{"title":"Scania DRL unit Halogen Scheinwerfer orange \u2013 All Day Led \u2013 24-Volt-Einheit","description":"Scania DRL unit Halogen Scheinwerfer orange \u2013 Scania Next Gen Modell R &amp; S 2016+ \u2013 mit Halogenscheinwerfer \u2013 Scania DRL-Unit ORANGE \u2013","robots":{"index":"noindex","follow":"follow","max-snippet":"max-snippet:-1","max-image-preview":"max-image-preview:large","max-video-preview":"max-video-preview:-1"},"og_locale":"de_DE","og_type":"article","og_title":"Scania DRL halogeen koplamp oranje - All Day Led - 24 Volt unit","og_description":"Scania DRL halogeen koplamp oranje - Scania Next Gen model R & S - bouwjaar 2016+ - met halogeen koplamp - Scania DRL unit ORANJE -","og_url":"https:\/\/www.oudadl.testontwikkeling.nl\/de\/produkt\/scania-drl-halogeen-koplamp-oranje\/","og_site_name":"All Day Led","article_publisher":"https:\/\/www.facebook.com\/alldayled\/","article_modified_time":"2025-11-14T10:54:31+00:00","og_image":[{"width":800,"height":800,"url":"https:\/\/www.oudadl.testontwikkeling.nl\/wp-content\/uploads\/2025\/05\/ADL40850-S-M-2.png","type":"image\/png"}],"twitter_misc":{"Preis":"&euro;150,00","Verf\u00fcgbarkeit":"Auf Lager"},"schema":{"@context":"https:\/\/schema.org","@graph":[{"@type":"WebPage","@id":"https:\/\/www.oudadl.testontwikkeling.nl\/product\/scania-drl-halogeen-koplamp-oranje\/","url":"https:\/\/www.oudadl.testontwikkeling.nl\/product\/scania-drl-halogeen-koplamp-oranje\/","name":"Scania DRL unit Halogen Scheinwerfer orange \u2013 All Day Led \u2013 24-Volt-Einheit","isPartOf":{"@id":"https:\/\/www.oudadl.testontwikkeling.nl\/#website"},"primaryImageOfPage":{"@id":"https:\/\/www.oudadl.testontwikkeling.nl\/product\/scania-drl-halogeen-koplamp-oranje\/#primaryimage"},"image":{"@id":"https:\/\/www.oudadl.testontwikkeling.nl\/product\/scania-drl-halogeen-koplamp-oranje\/#primaryimage"},"thumbnailUrl":"https:\/\/www.oudadl.testontwikkeling.nl\/wp-content\/uploads\/2024\/09\/ADL40850.png","datePublished":"2023-03-15T12:25:02+00:00","dateModified":"2025-11-14T10:54:31+00:00","description":"Scania DRL unit Halogen Scheinwerfer orange \u2013 Scania Next Gen Modell R &amp; S 2016+ \u2013 mit Halogenscheinwerfer \u2013 Scania DRL-Unit ORANGE \u2013","breadcrumb":{"@id":"https:\/\/www.oudadl.testontwikkeling.nl\/product\/scania-drl-halogeen-koplamp-oranje\/#breadcrumb"},"inLanguage":"de","potentialAction":[{"@type":"ReadAction","target":["https:\/\/www.oudadl.testontwikkeling.nl\/product\/scania-drl-halogeen-koplamp-oranje\/"]}]},{"@type":"ImageObject","inLanguage":"de","@id":"https:\/\/www.oudadl.testontwikkeling.nl\/product\/scania-drl-halogeen-koplamp-oranje\/#primaryimage","url":"https:\/\/www.oudadl.testontwikkeling.nl\/wp-content\/uploads\/2024\/09\/ADL40850.png","contentUrl":"https:\/\/www.oudadl.testontwikkeling.nl\/wp-content\/uploads\/2024\/09\/ADL40850.png","width":800,"height":600,"caption":"Scania Next Gen LED dagrijverlichting voor halogeen koplamp - LED DRL unit die geschikt is voor Scania Next Gen vrachtwagen van 2016+ - ORANJE DRL unit voor de vrachtwagen - EAN: 6090429833888"},{"@type":"BreadcrumbList","@id":"https:\/\/www.oudadl.testontwikkeling.nl\/product\/scania-drl-halogeen-koplamp-oranje\/#breadcrumb","itemListElement":[{"@type":"ListItem","position":1,"name":"Home","item":"https:\/\/www.oudadl.testontwikkeling.nl\/"},{"@type":"ListItem","position":2,"name":"Shop","item":"https:\/\/www.oudadl.testontwikkeling.nl\/de\/shop\/"},{"@type":"ListItem","position":3,"name":"Overige","item":"https:\/\/www.oudadl.testontwikkeling.nl\/product-categorie\/overige-producten\/"},{"@type":"ListItem","position":4,"name":"Dagrijlampen","item":"https:\/\/www.oudadl.testontwikkeling.nl\/product-categorie\/overige-producten\/dagrijlampen\/"},{"@type":"ListItem","position":5,"name":"Dagrijverlichting Scania halogeen &#8211; oranje"}]},{"@type":"WebSite","@id":"https:\/\/www.oudadl.testontwikkeling.nl\/#website","url":"https:\/\/www.oudadl.testontwikkeling.nl\/","name":"All Day Led","description":"","publisher":{"@id":"https:\/\/www.oudadl.testontwikkeling.nl\/#organization"},"potentialAction":[{"@type":"SearchAction","target":{"@type":"EntryPoint","urlTemplate":"https:\/\/www.oudadl.testontwikkeling.nl\/?s={search_term_string}"},"query-input":{"@type":"PropertyValueSpecification","valueRequired":true,"valueName":"search_term_string"}}],"inLanguage":"de"},{"@type":"Organization","@id":"https:\/\/www.oudadl.testontwikkeling.nl\/#organization","name":"All Day Led","url":"https:\/\/www.oudadl.testontwikkeling.nl\/","logo":{"@type":"ImageObject","inLanguage":"de","@id":"https:\/\/www.oudadl.testontwikkeling.nl\/#\/schema\/logo\/image\/","url":"https:\/\/www.oudadl.testontwikkeling.nl\/wp-content\/uploads\/2022\/08\/Logo-ALL-DAY-LED-800x800-zwart-witte-letters.png","contentUrl":"https:\/\/www.oudadl.testontwikkeling.nl\/wp-content\/uploads\/2022\/08\/Logo-ALL-DAY-LED-800x800-zwart-witte-letters.png","width":800,"height":800,"caption":"All Day Led"},"image":{"@id":"https:\/\/www.oudadl.testontwikkeling.nl\/#\/schema\/logo\/image\/"},"sameAs":["https:\/\/www.facebook.com\/alldayled\/","https:\/\/www.instagram.com\/alldayled\/"],"vatID":"NL863960133B01","taxID":"86416545","hasMerchantReturnPolicy":{"@type":"MerchantReturnPolicy","merchantReturnLink":"https:\/\/www.oudadl.testontwikkeling.nl\/de\/verzenden-retourneren\/"}}]},"product_brand":"MTRS","product_price_amount":"150.00","product_price_currency":"EUR","og_availability":"instock","product_availability":"instock","product_retailer_item_id":"ADL40850","product_condition":"new"},"_links":{"self":[{"href":"https:\/\/www.oudadl.testontwikkeling.nl\/de\/wp-json\/wp\/v2\/product\/48640","targetHints":{"allow":["GET"]}}],"collection":[{"href":"https:\/\/www.oudadl.testontwikkeling.nl\/de\/wp-json\/wp\/v2\/product"}],"about":[{"href":"https:\/\/www.oudadl.testontwikkeling.nl\/de\/wp-json\/wp\/v2\/types\/product"}],"replies":[{"embeddable":true,"href":"https:\/\/www.oudadl.testontwikkeling.nl\/de\/wp-json\/wp\/v2\/comments?post=48640"}],"wp:featuredmedia":[{"embeddable":true,"href":"https:\/\/www.oudadl.testontwikkeling.nl\/de\/wp-json\/wp\/v2\/media\/49256"}],"wp:attachment":[{"href":"https:\/\/www.oudadl.testontwikkeling.nl\/de\/wp-json\/wp\/v2\/media?parent=48640"}],"wp:term":[{"taxonomy":"product_brand","embeddable":true,"href":"https:\/\/www.oudadl.testontwikkeling.nl\/de\/wp-json\/wp\/v2\/product_brand?post=48640"},{"taxonomy":"product_cat","embeddable":true,"href":"https:\/\/www.oudadl.testontwikkeling.nl\/de\/wp-json\/wp\/v2\/product_cat?post=48640"},{"taxonomy":"product_tag","embeddable":true,"href":"https:\/\/www.oudadl.testontwikkeling.nl\/de\/wp-json\/wp\/v2\/product_tag?post=48640"}],"curies":[{"name":"wp","href":"https:\/\/api.w.org\/{rel}","templated":true}]}}