{"id":48457,"date":"2024-07-20T11:13:12","date_gmt":"2024-07-20T10:13:12","guid":{"rendered":"https:\/\/www.oudadl.testontwikkeling.nl\/?post_type=product&#038;p=48457"},"modified":"2025-12-02T09:18:26","modified_gmt":"2025-12-02T08:18:26","slug":"boreman-led-markeringslamp-smoke-oranje","status":"publish","type":"product","link":"https:\/\/www.oudadl.testontwikkeling.nl\/de\/product\/boreman-led-markeringslamp-smoke-oranje\/","title":{"rendered":"Boreman LED Markierungsleuchte Smoke - ORANGE"},"content":{"rendered":"<p><span style=\"color: #000000\"><strong>Boreman LED Markierungsleuchte orange, Easy Fit mit Smoke Glas, f\u00fcr 12 und 24 Volt.<\/strong><\/span><\/p>\n<p><span style=\"color: #000000\">Suchen Sie eine Markierungsleuchte LED mit Rauchglas? Und soll die Lampe LED in der Farbe ORANGE leuchten? Dann k\u00f6nnte die Boreman LED Markierungsleuchte Easy Fit ORANGE mit Rauchglas genau die Lampe sein, die Sie suchen. Die Markierungsleuchte ist mit 2 LED-Punkten ausgestattet und wird mit Montagegummi geliefert. Die einfach zu montierende ORANGE Markierungsleuchte funktioniert mit 12 und 24 Volt. Das bedeutet, dass Sie die LED-Lampe an Ihrem Auto, Wohnmobil, LKW, Anh\u00e4nger oder einem anderen Fahrzeugtyp montieren k\u00f6nnen.\u00a0<\/span><\/p>\n<p><span style=\"color: #000000\">Denn Sie m\u00f6chten vor dem Kauf sicher sein, dass dies die Lampe ist, die Sie suchen. Nachfolgend haben wir eine Reihe von Merkmalen dieser LED-Lampe aufgelistet. Die Konturbeleuchtung mit dunklem Glas ist unter anderem mit ECE R10 ausgestattet. Die Boreman LED Markierungsleuchte Easy Fit ORANGE verf\u00fcgt au\u00dferdem \u00fcber das ECE R91-G\u00fctezeichen. Dieses G\u00fctezeichen weist darauf hin, dass Sie die Leuchte als Markierungsleuchte verwenden d\u00fcrfen. Dar\u00fcber hinaus wird die Leuchte mit einem 50 Zentimeter langen Anschlusskabel und zwei Arten von Montagegummis geliefert.<\/span><\/p>\n<h5><span style=\"color: #000000\"><strong>Abmessungen:<\/strong><\/span><\/h5>\n<p><span style=\"color: #000000\">Denn vor dem Kauf m\u00f6chten Sie sicher sein, dass Sie die Lampe dort montieren k\u00f6nnen, wo Sie m\u00f6chten. Nachfolgend haben wir die Abmessungen der LED-Lampe notiert. Die Abmessungen der Boreman LED Markierungsleuchte ORANGE in der Smoke version sind wie folgt.<\/span><\/p>\n<ul>\n<li><span style=\"color: #000000\">L\u00e4nge: 77 mm<\/span><\/li>\n<li><span style=\"color: #000000\">H\u00f6he: 24 mm<\/span><\/li>\n<li><span style=\"color: #000000\">Dicke: 9 mm<\/span><\/li>\n<li><span style=\"color: #000000\">HH: 58 mm<\/span><\/li>\n<\/ul>\n<h5><span style=\"color: #000000\"><strong>Andere Farben:<\/strong><\/span><\/h5>\n<p><span style=\"color: #000000\">Sie sind auf der Suche nach einer Boreman Easy Fit Markierungsleuchte  Smoke, m\u00f6chten aber nicht die ORANGE Variante kaufen? Dann wissen Sie, dass die Konturbeleuchtung LED mit 2 Arten von Montagegummis auch in folgenden Ausf\u00fchrungen erh\u00e4ltlich ist:\u00a0<\/span><\/p>\n<ul>\n<li><span style=\"color: #000000\"><a style=\"color: #000000\" href=\"https:\/\/www.oudadl.testontwikkeling.nl\/de\/produkt\/boreman-led-markeringslamp-smoke-rood\/\"><strong>Easy Fit Lampe ROT<\/strong><\/a><\/span><\/li>\n<li><span style=\"color: #000000\"><a style=\"color: #000000\" href=\"https:\/\/www.oudadl.testontwikkeling.nl\/de\/produkt\/boreman-led-markeringslamp-smoke-wit\/\"><strong>Easy Fit Lampe WEISS<\/strong><\/a><\/span><\/li>\n<\/ul>\n<p><span style=\"color: #000000\">Sind Sie immer noch nicht \u00fcberzeugt, nachdem Sie alle Spezifikationen und Funktionen dieser Lampe gelesen haben? Einfach weil Ihnen die Farbe, Form oder Spannung der Boreman Easy Fit Markierungsleuchte ORANGE mit Rauchglas nicht gef\u00e4llt? Oder m\u00f6chten Sie eine Lampe erwerben, die nicht seitlich montiert werden muss? Sehen Sie sich hier das komplette Beleuchtungssortiment der Marke an <a style=\"color: #000000\" href=\"https:\/\/www.oudadl.testontwikkeling.nl\/de\/merk\/product-boreman\/\">Boreman.<\/a><\/span><\/p>","protected":false},"excerpt":{"rendered":"<p>Boreman LED markeringslamp oranje easy fit met smoke glas, voor 12 en 24 volt. Bent u opzoek naar een LED markeringslamp met smoke glas? En wilt u dat de LED lamp in de kleur ORANJE oplicht? Dan is de Boreman LED markeringslamp easy fit ORANJE met smoke glas wellicht d\u00e9 lamp die u zoekt. De [&hellip;]<\/p>\n","protected":false},"featured_media":48736,"comment_status":"open","ping_status":"closed","template":"","meta":{"_acf_changed":false,"site-sidebar-layout":"default","site-content-layout":"default","ast-site-content-layout":"default","site-content-style":"default","site-sidebar-style":"default","ast-global-header-display":"","ast-banner-title-visibility":"","ast-main-header-display":"","ast-hfb-above-header-display":"","ast-hfb-below-header-display":"","ast-hfb-mobile-header-display":"","site-post-title":"","ast-breadcrumbs-content":"","ast-featured-img":"","footer-sml-layout":"","ast-disable-related-posts":"","theme-transparent-header-meta":"default","adv-header-id-meta":"","stick-header-meta":"","header-above-stick-meta":"","header-main-stick-meta":"","header-below-stick-meta":"","astra-migrate-meta-layouts":"set","ast-page-background-enabled":"default","ast-page-background-meta":{"desktop":{"background-color":"","background-image":"","background-repeat":"repeat","background-position":"center center","background-size":"auto","background-attachment":"scroll","background-type":"","background-media":"","overlay-type":"","overlay-color":"","overlay-opacity":"","overlay-gradient":""},"tablet":{"background-color":"","background-image":"","background-repeat":"repeat","background-position":"center center","background-size":"auto","background-attachment":"scroll","background-type":"","background-media":"","overlay-type":"","overlay-color":"","overlay-opacity":"","overlay-gradient":""},"mobile":{"background-color":"","background-image":"","background-repeat":"repeat","background-position":"center center","background-size":"auto","background-attachment":"scroll","background-type":"","background-media":"","overlay-type":"","overlay-color":"","overlay-opacity":"","overlay-gradient":""}},"ast-content-background-meta":{"desktop":{"background-color":"var(--ast-global-color-5)","background-image":"","background-repeat":"repeat","background-position":"center center","background-size":"auto","background-attachment":"scroll","background-type":"","background-media":"","overlay-type":"","overlay-color":"","overlay-opacity":"","overlay-gradient":""},"tablet":{"background-color":"var(--ast-global-color-5)","background-image":"","background-repeat":"repeat","background-position":"center center","background-size":"auto","background-attachment":"scroll","background-type":"","background-media":"","overlay-type":"","overlay-color":"","overlay-opacity":"","overlay-gradient":""},"mobile":{"background-color":"var(--ast-global-color-5)","background-image":"","background-repeat":"repeat","background-position":"center center","background-size":"auto","background-attachment":"scroll","background-type":"","background-media":"","overlay-type":"","overlay-color":"","overlay-opacity":"","overlay-gradient":""}}},"product_brand":[],"product_cat":[262],"product_tag":[263,2478,2476,5486,5485,2555,2473,2477,2474,2475],"class_list":{"0":"post-48457","1":"product","2":"type-product","3":"status-publish","4":"has-post-thumbnail","6":"product_cat-markeringslampen","7":"product_tag-contourverlichting","8":"product_tag-led-markering-rood","9":"product_tag-led-markeringslamp","10":"product_tag-led-markeringslamp-12-volt","11":"product_tag-led-markeringslamp-24-volt","12":"product_tag-led-markeringslamp-rood","13":"product_tag-markeringslamp-aanhanger","14":"product_tag-markeringslamp-camper","15":"product_tag-markeringslamp-trailer","16":"product_tag-markeringslamp-vrachtwagen","17":"pa_merkk-product-boreman","18":"desktop-align-left","19":"tablet-align-left","20":"mobile-align-left","22":"first","23":"instock","24":"taxable","25":"shipping-taxable","26":"purchasable","27":"product-type-simple"},"acf":[],"yoast_head":"<!-- This site is optimized with the Yoast SEO Premium plugin v25.9 (Yoast SEO v27.6) - https:\/\/yoast.com\/product\/yoast-seo-premium-wordpress\/ -->\n<title>Boreman easy fit smoke ORANJE - All Day Led - lamp voor 12&amp;24V<\/title>\n<meta name=\"description\" content=\"Boreman easy fit smoke ORANJE - voor 12 &amp; 24 volt - ECE R7 - met dubbel montagerubber - auto, vrachtwagen, tractor en meer - 1001-4500-A-SMK\" \/>\n<meta name=\"robots\" content=\"noindex, follow, max-snippet:-1, max-image-preview:large, max-video-preview:-1\" \/>\n<meta property=\"og:locale\" content=\"de_DE\" \/>\n<meta property=\"og:type\" content=\"article\" \/>\n<meta property=\"og:title\" content=\"Boreman easy fit smoke ORANJE - All Day Led - lamp voor 12&amp;24V\" \/>\n<meta property=\"og:description\" content=\"Boreman easy fit smoke ORANJE - voor 12 &amp; 24 volt - ECE R7 - met dubbel montagerubber - auto, vrachtwagen, tractor en meer - 1001-4500-A-SMK\" \/>\n<meta property=\"og:url\" content=\"https:\/\/www.oudadl.testontwikkeling.nl\/de\/produkt\/boreman-led-markeringslamp-smoke-oranje\/\" \/>\n<meta property=\"og:site_name\" content=\"All Day Led\" \/>\n<meta property=\"article:publisher\" content=\"https:\/\/www.facebook.com\/alldayled\/\" \/>\n<meta property=\"article:modified_time\" content=\"2025-12-02T08:18:26+00:00\" \/>\n<meta property=\"og:image\" content=\"https:\/\/www.oudadl.testontwikkeling.nl\/wp-content\/uploads\/2024\/09\/ADL34500-O-06.png\" \/>\n\t<meta property=\"og:image:width\" content=\"800\" \/>\n\t<meta property=\"og:image:height\" content=\"800\" \/>\n\t<meta property=\"og:image:type\" content=\"image\/png\" \/>\n<meta name=\"twitter:label1\" content=\"Preis\" \/>\n\t<meta name=\"twitter:data1\" content=\"&euro;14,95\" \/>\n\t<meta name=\"twitter:label2\" content=\"Verf\u00fcgbarkeit\" \/>\n\t<meta name=\"twitter:data2\" content=\"Auf Lager\" \/>\n<script type=\"application\/ld+json\" class=\"yoast-schema-graph\">{\"@context\":\"https:\\\/\\\/schema.org\",\"@graph\":[{\"@type\":\"WebPage\",\"@id\":\"https:\\\/\\\/www.oudadl.testontwikkeling.nl\\\/product\\\/boreman-led-markeringslamp-smoke-oranje\\\/\",\"url\":\"https:\\\/\\\/www.oudadl.testontwikkeling.nl\\\/product\\\/boreman-led-markeringslamp-smoke-oranje\\\/\",\"name\":\"Boreman easy fit smoke ORANJE - All Day Led - lamp voor 12&24V\",\"isPartOf\":{\"@id\":\"https:\\\/\\\/www.oudadl.testontwikkeling.nl\\\/#website\"},\"primaryImageOfPage\":{\"@id\":\"https:\\\/\\\/www.oudadl.testontwikkeling.nl\\\/product\\\/boreman-led-markeringslamp-smoke-oranje\\\/#primaryimage\"},\"image\":{\"@id\":\"https:\\\/\\\/www.oudadl.testontwikkeling.nl\\\/product\\\/boreman-led-markeringslamp-smoke-oranje\\\/#primaryimage\"},\"thumbnailUrl\":\"https:\\\/\\\/www.oudadl.testontwikkeling.nl\\\/wp-content\\\/uploads\\\/2024\\\/09\\\/ADL34500-O.png\",\"datePublished\":\"2024-07-20T10:13:12+00:00\",\"dateModified\":\"2025-12-02T08:18:26+00:00\",\"description\":\"Boreman easy fit smoke ORANJE - voor 12 & 24 volt - ECE R7 - met dubbel montagerubber - auto, vrachtwagen, tractor en meer - 1001-4500-A-SMK\",\"breadcrumb\":{\"@id\":\"https:\\\/\\\/www.oudadl.testontwikkeling.nl\\\/product\\\/boreman-led-markeringslamp-smoke-oranje\\\/#breadcrumb\"},\"inLanguage\":\"de\",\"potentialAction\":[{\"@type\":\"ReadAction\",\"target\":[\"https:\\\/\\\/www.oudadl.testontwikkeling.nl\\\/product\\\/boreman-led-markeringslamp-smoke-oranje\\\/\"]}]},{\"@type\":\"ImageObject\",\"inLanguage\":\"de\",\"@id\":\"https:\\\/\\\/www.oudadl.testontwikkeling.nl\\\/product\\\/boreman-led-markeringslamp-smoke-oranje\\\/#primaryimage\",\"url\":\"https:\\\/\\\/www.oudadl.testontwikkeling.nl\\\/wp-content\\\/uploads\\\/2024\\\/09\\\/ADL34500-O.png\",\"contentUrl\":\"https:\\\/\\\/www.oudadl.testontwikkeling.nl\\\/wp-content\\\/uploads\\\/2024\\\/09\\\/ADL34500-O.png\",\"width\":800,\"height\":600,\"caption\":\"Boreman LED markeringslamp oranje easy fit met smoke glas - contourverlichting die geschikt is voor 12 en 24 volt gebruik - BOREMAN 1001-4500-A-SMK - auto, aanhanger, camper, vrachtwagen, shovel en meer - EAN: 5391528111497\"},{\"@type\":\"BreadcrumbList\",\"@id\":\"https:\\\/\\\/www.oudadl.testontwikkeling.nl\\\/product\\\/boreman-led-markeringslamp-smoke-oranje\\\/#breadcrumb\",\"itemListElement\":[{\"@type\":\"ListItem\",\"position\":1,\"name\":\"Home\",\"item\":\"https:\\\/\\\/www.oudadl.testontwikkeling.nl\\\/\"},{\"@type\":\"ListItem\",\"position\":2,\"name\":\"Shop\",\"item\":\"https:\\\/\\\/www.oudadl.testontwikkeling.nl\\\/de\\\/shop\\\/\"},{\"@type\":\"ListItem\",\"position\":3,\"name\":\"Positielampen\",\"item\":\"https:\\\/\\\/www.oudadl.testontwikkeling.nl\\\/product-categorie\\\/positielampen\\\/\"},{\"@type\":\"ListItem\",\"position\":4,\"name\":\"Markeringslampen\",\"item\":\"https:\\\/\\\/www.oudadl.testontwikkeling.nl\\\/product-categorie\\\/positielampen\\\/markeringslampen\\\/\"},{\"@type\":\"ListItem\",\"position\":5,\"name\":\"Boreman LED markeringslamp smoke &#8211; ORANJE\"}]},{\"@type\":\"WebSite\",\"@id\":\"https:\\\/\\\/www.oudadl.testontwikkeling.nl\\\/#website\",\"url\":\"https:\\\/\\\/www.oudadl.testontwikkeling.nl\\\/\",\"name\":\"All Day Led\",\"description\":\"\",\"publisher\":{\"@id\":\"https:\\\/\\\/www.oudadl.testontwikkeling.nl\\\/#organization\"},\"potentialAction\":[{\"@type\":\"SearchAction\",\"target\":{\"@type\":\"EntryPoint\",\"urlTemplate\":\"https:\\\/\\\/www.oudadl.testontwikkeling.nl\\\/?s={search_term_string}\"},\"query-input\":{\"@type\":\"PropertyValueSpecification\",\"valueRequired\":true,\"valueName\":\"search_term_string\"}}],\"inLanguage\":\"de\"},{\"@type\":\"Organization\",\"@id\":\"https:\\\/\\\/www.oudadl.testontwikkeling.nl\\\/#organization\",\"name\":\"All Day Led\",\"url\":\"https:\\\/\\\/www.oudadl.testontwikkeling.nl\\\/\",\"logo\":{\"@type\":\"ImageObject\",\"inLanguage\":\"de\",\"@id\":\"https:\\\/\\\/www.oudadl.testontwikkeling.nl\\\/#\\\/schema\\\/logo\\\/image\\\/\",\"url\":\"https:\\\/\\\/www.oudadl.testontwikkeling.nl\\\/wp-content\\\/uploads\\\/2022\\\/08\\\/Logo-ALL-DAY-LED-800x800-zwart-witte-letters.png\",\"contentUrl\":\"https:\\\/\\\/www.oudadl.testontwikkeling.nl\\\/wp-content\\\/uploads\\\/2022\\\/08\\\/Logo-ALL-DAY-LED-800x800-zwart-witte-letters.png\",\"width\":800,\"height\":800,\"caption\":\"All Day Led\"},\"image\":{\"@id\":\"https:\\\/\\\/www.oudadl.testontwikkeling.nl\\\/#\\\/schema\\\/logo\\\/image\\\/\"},\"sameAs\":[\"https:\\\/\\\/www.facebook.com\\\/alldayled\\\/\",\"https:\\\/\\\/www.instagram.com\\\/alldayled\\\/\"],\"vatID\":\"NL863960133B01\",\"taxID\":\"86416545\",\"hasMerchantReturnPolicy\":{\"@type\":\"MerchantReturnPolicy\",\"merchantReturnLink\":\"https:\\\/\\\/www.oudadl.testontwikkeling.nl\\\/de\\\/verzenden-retourneren\\\/\"}}]}<\/script>\n<meta property=\"product:brand\" content=\"Boreman\" \/>\n<meta property=\"product:price:amount\" content=\"14.95\" \/>\n<meta property=\"product:price:currency\" content=\"EUR\" \/>\n<meta property=\"og:availability\" content=\"instock\" \/>\n<meta property=\"product:availability\" content=\"instock\" \/>\n<meta property=\"product:retailer_item_id\" content=\"ADL34500-O\" \/>\n<meta property=\"product:condition\" content=\"new\" \/>\n<!-- \/ Yoast SEO Premium plugin. -->","yoast_head_json":{"title":"Boreman Easy Fit Smoke ORANGE \u2013 All Day Led \u2013 Lampe f\u00fcr 12&amp;24V","description":"Boreman Easy Fit Smoke ORANGE \u2013 f\u00fcr 12 und 24 Volt \u2013 ECE R7 \u2013 mit doppeltem Befestigungsgummi \u2013 PKW, LKW, Traktor und mehr \u2013 1001-4500-A-SMK","robots":{"index":"noindex","follow":"follow","max-snippet":"max-snippet:-1","max-image-preview":"max-image-preview:large","max-video-preview":"max-video-preview:-1"},"og_locale":"de_DE","og_type":"article","og_title":"Boreman easy fit smoke ORANJE - All Day Led - lamp voor 12&24V","og_description":"Boreman easy fit smoke ORANJE - voor 12 & 24 volt - ECE R7 - met dubbel montagerubber - auto, vrachtwagen, tractor en meer - 1001-4500-A-SMK","og_url":"https:\/\/www.oudadl.testontwikkeling.nl\/de\/produkt\/boreman-led-markeringslamp-smoke-oranje\/","og_site_name":"All Day Led","article_publisher":"https:\/\/www.facebook.com\/alldayled\/","article_modified_time":"2025-12-02T08:18:26+00:00","og_image":[{"width":800,"height":800,"url":"https:\/\/www.oudadl.testontwikkeling.nl\/wp-content\/uploads\/2024\/09\/ADL34500-O-06.png","type":"image\/png"}],"twitter_misc":{"Preis":"&euro;14,95","Verf\u00fcgbarkeit":"Auf Lager"},"schema":{"@context":"https:\/\/schema.org","@graph":[{"@type":"WebPage","@id":"https:\/\/www.oudadl.testontwikkeling.nl\/product\/boreman-led-markeringslamp-smoke-oranje\/","url":"https:\/\/www.oudadl.testontwikkeling.nl\/product\/boreman-led-markeringslamp-smoke-oranje\/","name":"Boreman Easy Fit Smoke ORANGE \u2013 All Day Led \u2013 Lampe f\u00fcr 12&amp;24V","isPartOf":{"@id":"https:\/\/www.oudadl.testontwikkeling.nl\/#website"},"primaryImageOfPage":{"@id":"https:\/\/www.oudadl.testontwikkeling.nl\/product\/boreman-led-markeringslamp-smoke-oranje\/#primaryimage"},"image":{"@id":"https:\/\/www.oudadl.testontwikkeling.nl\/product\/boreman-led-markeringslamp-smoke-oranje\/#primaryimage"},"thumbnailUrl":"https:\/\/www.oudadl.testontwikkeling.nl\/wp-content\/uploads\/2024\/09\/ADL34500-O.png","datePublished":"2024-07-20T10:13:12+00:00","dateModified":"2025-12-02T08:18:26+00:00","description":"Boreman Easy Fit Smoke ORANGE \u2013 f\u00fcr 12 und 24 Volt \u2013 ECE R7 \u2013 mit doppeltem Befestigungsgummi \u2013 PKW, LKW, Traktor und mehr \u2013 1001-4500-A-SMK","breadcrumb":{"@id":"https:\/\/www.oudadl.testontwikkeling.nl\/product\/boreman-led-markeringslamp-smoke-oranje\/#breadcrumb"},"inLanguage":"de","potentialAction":[{"@type":"ReadAction","target":["https:\/\/www.oudadl.testontwikkeling.nl\/product\/boreman-led-markeringslamp-smoke-oranje\/"]}]},{"@type":"ImageObject","inLanguage":"de","@id":"https:\/\/www.oudadl.testontwikkeling.nl\/product\/boreman-led-markeringslamp-smoke-oranje\/#primaryimage","url":"https:\/\/www.oudadl.testontwikkeling.nl\/wp-content\/uploads\/2024\/09\/ADL34500-O.png","contentUrl":"https:\/\/www.oudadl.testontwikkeling.nl\/wp-content\/uploads\/2024\/09\/ADL34500-O.png","width":800,"height":600,"caption":"Boreman LED markeringslamp oranje easy fit met smoke glas - contourverlichting die geschikt is voor 12 en 24 volt gebruik - BOREMAN 1001-4500-A-SMK - auto, aanhanger, camper, vrachtwagen, shovel en meer - EAN: 5391528111497"},{"@type":"BreadcrumbList","@id":"https:\/\/www.oudadl.testontwikkeling.nl\/product\/boreman-led-markeringslamp-smoke-oranje\/#breadcrumb","itemListElement":[{"@type":"ListItem","position":1,"name":"Home","item":"https:\/\/www.oudadl.testontwikkeling.nl\/"},{"@type":"ListItem","position":2,"name":"Shop","item":"https:\/\/www.oudadl.testontwikkeling.nl\/de\/shop\/"},{"@type":"ListItem","position":3,"name":"Positielampen","item":"https:\/\/www.oudadl.testontwikkeling.nl\/product-categorie\/positielampen\/"},{"@type":"ListItem","position":4,"name":"Markeringslampen","item":"https:\/\/www.oudadl.testontwikkeling.nl\/product-categorie\/positielampen\/markeringslampen\/"},{"@type":"ListItem","position":5,"name":"Boreman LED markeringslamp smoke &#8211; ORANJE"}]},{"@type":"WebSite","@id":"https:\/\/www.oudadl.testontwikkeling.nl\/#website","url":"https:\/\/www.oudadl.testontwikkeling.nl\/","name":"All Day Led","description":"","publisher":{"@id":"https:\/\/www.oudadl.testontwikkeling.nl\/#organization"},"potentialAction":[{"@type":"SearchAction","target":{"@type":"EntryPoint","urlTemplate":"https:\/\/www.oudadl.testontwikkeling.nl\/?s={search_term_string}"},"query-input":{"@type":"PropertyValueSpecification","valueRequired":true,"valueName":"search_term_string"}}],"inLanguage":"de"},{"@type":"Organization","@id":"https:\/\/www.oudadl.testontwikkeling.nl\/#organization","name":"All Day Led","url":"https:\/\/www.oudadl.testontwikkeling.nl\/","logo":{"@type":"ImageObject","inLanguage":"de","@id":"https:\/\/www.oudadl.testontwikkeling.nl\/#\/schema\/logo\/image\/","url":"https:\/\/www.oudadl.testontwikkeling.nl\/wp-content\/uploads\/2022\/08\/Logo-ALL-DAY-LED-800x800-zwart-witte-letters.png","contentUrl":"https:\/\/www.oudadl.testontwikkeling.nl\/wp-content\/uploads\/2022\/08\/Logo-ALL-DAY-LED-800x800-zwart-witte-letters.png","width":800,"height":800,"caption":"All Day Led"},"image":{"@id":"https:\/\/www.oudadl.testontwikkeling.nl\/#\/schema\/logo\/image\/"},"sameAs":["https:\/\/www.facebook.com\/alldayled\/","https:\/\/www.instagram.com\/alldayled\/"],"vatID":"NL863960133B01","taxID":"86416545","hasMerchantReturnPolicy":{"@type":"MerchantReturnPolicy","merchantReturnLink":"https:\/\/www.oudadl.testontwikkeling.nl\/de\/verzenden-retourneren\/"}}]},"product_brand":"Boreman","product_price_amount":"14.95","product_price_currency":"EUR","og_availability":"instock","product_availability":"instock","product_retailer_item_id":"ADL34500-O","product_condition":"new"},"_links":{"self":[{"href":"https:\/\/www.oudadl.testontwikkeling.nl\/de\/wp-json\/wp\/v2\/product\/48457","targetHints":{"allow":["GET"]}}],"collection":[{"href":"https:\/\/www.oudadl.testontwikkeling.nl\/de\/wp-json\/wp\/v2\/product"}],"about":[{"href":"https:\/\/www.oudadl.testontwikkeling.nl\/de\/wp-json\/wp\/v2\/types\/product"}],"replies":[{"embeddable":true,"href":"https:\/\/www.oudadl.testontwikkeling.nl\/de\/wp-json\/wp\/v2\/comments?post=48457"}],"wp:featuredmedia":[{"embeddable":true,"href":"https:\/\/www.oudadl.testontwikkeling.nl\/de\/wp-json\/wp\/v2\/media\/48736"}],"wp:attachment":[{"href":"https:\/\/www.oudadl.testontwikkeling.nl\/de\/wp-json\/wp\/v2\/media?parent=48457"}],"wp:term":[{"taxonomy":"product_brand","embeddable":true,"href":"https:\/\/www.oudadl.testontwikkeling.nl\/de\/wp-json\/wp\/v2\/product_brand?post=48457"},{"taxonomy":"product_cat","embeddable":true,"href":"https:\/\/www.oudadl.testontwikkeling.nl\/de\/wp-json\/wp\/v2\/product_cat?post=48457"},{"taxonomy":"product_tag","embeddable":true,"href":"https:\/\/www.oudadl.testontwikkeling.nl\/de\/wp-json\/wp\/v2\/product_tag?post=48457"}],"curies":[{"name":"wp","href":"https:\/\/api.w.org\/{rel}","templated":true}]}}