{"id":47957,"date":"2024-07-14T05:15:54","date_gmt":"2024-07-14T04:15:54","guid":{"rendered":"https:\/\/www.oudadl.testontwikkeling.nl\/?post_type=product&#038;p=47957"},"modified":"2025-12-03T13:02:09","modified_gmt":"2025-12-03T12:02:09","slug":"m-led-edge-werklamp-65w","status":"publish","type":"product","link":"https:\/\/www.oudadl.testontwikkeling.nl\/de\/product\/m-led-edge-werklamp-65w\/","title":{"rendered":"M-LED EDGE Arbeitsscheinwerfer 65W"},"content":{"rendered":"<p><span style=\"color: #000000\"><strong>M-LED EDGE Arbeitsscheinwerfer 65W Black-Serie, f\u00fcr 12 und 24 Volt.<\/strong><\/span><\/p>\n<p><span style=\"color: #000000\">Sind Sie auf der Suche nach einer neuen LED Arbeitsscheinwerfer Modell, die mit einer Dunkelsicht ausgestattet ist? Dann k\u00f6nnte die Arbeitsleuchte M-LED EDGE genau die Lampe sein, nach der Sie suchen. Die LED-Lampe verf\u00fcgt \u00fcber 9 LED-Punkte und hat eine Lichtleistung von 7200 Lumen. Die wei\u00df leuchtende Arbeitsleuchte M-LED kann mit 12 und 24 Volt betrieben werden. Das bedeutet, dass Sie den leichten Arbeitsscheinwerfer LED f\u00fcr Ihr Auto, Ihren LKW, Ihren Traktor, Ihren Anh\u00e4nger oder einen anderen Fahrzeugtyp verwenden k\u00f6nnen.<\/span><\/p>\n<p><span style=\"color: #000000\">Denn vor dem Kauf m\u00f6chten Sie sicher sein, dass die M-LED EDGE Arbeitsscheinwerfer 65w die Lampe ist, die Sie suchen. Nachfolgend haben wir einige Spezifikationen aufgeschrieben. All dies, um Ihnen klar zu machen, warum dies m\u00f6glicherweise die Lampe ist, nach der Sie suchen. Der Arbeitsscheinwerfer LED beispielsweise verf\u00fcgt \u00fcber die G\u00fctezeichen ECE R10 und CISPR25 CLASS 5. Die G\u00fctezeichen weisen darauf hin, dass die Lampe beim Einschalten keine St\u00f6rungen, beispielsweise bei Ihrem Funksignal, verursacht. Die Arbeitsleuchte LED verf\u00fcgt au\u00dferdem \u00fcber das G\u00fctesiegel IP67 und IP69K. Dieses Qualit\u00e4tszeichen weist darauf hin, dass die Arbeitsleuchte volledig staub- und wasserdicht ist. Um das Ganze abzurunden, wird die Arbeitsleuchte LED mit Montagematerial aus Edelstahl geliefert. <\/span><\/p>\n<h5><span style=\"color: #000000\"><strong>Abmessungen:<\/strong><\/span><\/h5>\n<p><span style=\"color: #000000\">Denn vor dem Kauf m\u00f6chten Sie auch sicher sein, dass die LED-Lampe dort passt, wo Sie sie montieren m\u00f6chten. M\u00f6chten Sie nat\u00fcrlich die Abmessungen dieser Arbeitsleuchte mit 9 LED-Punkten wissen? Die Abmessungen der M-LED EDGE Arbeitsscheinwerfer 65w sind wie folgt:<\/span><\/p>\n<ul>\n<li><span style=\"color: #000000\">H\u00f6he: 100 mm (115 mm inkl. Montage)<\/span><\/li>\n<li><span style=\"color: #000000\">Breite: 100 mm<\/span><\/li>\n<li><span style=\"color: #000000\">Dicke: 40 mm<\/span><\/li>\n<\/ul>\n<h5><span style=\"color: #000000\"><strong>Andere Versionen:<\/strong><\/span><\/h5>\n<p><span style=\"color: #000000\">Sie sind auf der Suche nach einer EDGE-Arbeitsleuchte der Marke M-LED, aber die 65-Watt-Version der Black-Serie ist nicht das, was Sie suchen? Dann wissen Sie, dass die Mobiled WL358 Arbeitsscheinwerfer auch in verschiedenen anderen Modellen erh\u00e4ltlich ist. Sehen Sie sich unten die verschiedenen Optionen an, die wir in unser Sortiment aufgenommen haben.\u00a0<\/span><\/p>\n<ul>\n<li><span style=\"color: #000000\"><a style=\"color: #000000\" href=\"https:\/\/www.oudadl.testontwikkeling.nl\/de\/produkt\/m-led-edge-werklamp-30w\/\"><strong>M-LED Arbeitsscheinwerfer 30W<\/strong><\/a><\/span><\/li>\n<li><span style=\"color: #000000\"><a style=\"color: #000000\" href=\"https:\/\/www.oudadl.testontwikkeling.nl\/de\/produkt\/m-led-edge-werklamp-40w\/\"><strong>M-LED Arbeitsscheinwerfer 40w<\/strong><\/a><\/span><\/li>\n<\/ul>\n<div class=\"truncated\">\n<p><span style=\"color: #000000\">Denken Sie immer noch, dass die M-LED EDGE Arbeitsscheinwerfer 65W nicht das ist, was Sie suchen? Einfach, weil die Lichtleistung, Wattzahl oder Form nicht Ihren W\u00fcnschen entspricht? Dann sehen Sie sich hier das komplette Sortiment an <a style=\"color: #000000\" href=\"https:\/\/www.oudadl.testontwikkeling.nl\/de\/merk\/product-m-led\/\" target=\"_blank\" rel=\"noopener\">M-LED\/Mobiled.<\/a> M\u00f6glicherweise finden Sie hier die LED-Lampe, die Sie suchen.\u00a0<\/span><\/p>\n<\/div>","protected":false},"excerpt":{"rendered":"<p>M-LED EDGE werklamp 65w Black-Serie, voor 12 &amp; 24 volt. Bent u opzoek naar een nieuw model LED werklamp die voorzien is van een donkere inkijk? Dan is de M-LED EDGE werklamp wellicht d\u00e9 lamp waar u naar op zoek bent. De LED lamp is voorzien van 9 LED punten en heeft een lichtopbrengst van [&hellip;]<\/p>\n","protected":false},"featured_media":48408,"comment_status":"open","ping_status":"closed","template":"","meta":{"_acf_changed":false,"site-sidebar-layout":"default","site-content-layout":"default","ast-site-content-layout":"default","site-content-style":"default","site-sidebar-style":"default","ast-global-header-display":"","ast-banner-title-visibility":"","ast-main-header-display":"","ast-hfb-above-header-display":"","ast-hfb-below-header-display":"","ast-hfb-mobile-header-display":"","site-post-title":"","ast-breadcrumbs-content":"","ast-featured-img":"","footer-sml-layout":"","ast-disable-related-posts":"","theme-transparent-header-meta":"default","adv-header-id-meta":"","stick-header-meta":"","header-above-stick-meta":"","header-main-stick-meta":"","header-below-stick-meta":"","astra-migrate-meta-layouts":"set","ast-page-background-enabled":"default","ast-page-background-meta":{"desktop":{"background-color":"","background-image":"","background-repeat":"repeat","background-position":"center center","background-size":"auto","background-attachment":"scroll","background-type":"","background-media":"","overlay-type":"","overlay-color":"","overlay-opacity":"","overlay-gradient":""},"tablet":{"background-color":"","background-image":"","background-repeat":"repeat","background-position":"center center","background-size":"auto","background-attachment":"scroll","background-type":"","background-media":"","overlay-type":"","overlay-color":"","overlay-opacity":"","overlay-gradient":""},"mobile":{"background-color":"","background-image":"","background-repeat":"repeat","background-position":"center center","background-size":"auto","background-attachment":"scroll","background-type":"","background-media":"","overlay-type":"","overlay-color":"","overlay-opacity":"","overlay-gradient":""}},"ast-content-background-meta":{"desktop":{"background-color":"var(--ast-global-color-5)","background-image":"","background-repeat":"repeat","background-position":"center center","background-size":"auto","background-attachment":"scroll","background-type":"","background-media":"","overlay-type":"","overlay-color":"","overlay-opacity":"","overlay-gradient":""},"tablet":{"background-color":"var(--ast-global-color-5)","background-image":"","background-repeat":"repeat","background-position":"center center","background-size":"auto","background-attachment":"scroll","background-type":"","background-media":"","overlay-type":"","overlay-color":"","overlay-opacity":"","overlay-gradient":""},"mobile":{"background-color":"var(--ast-global-color-5)","background-image":"","background-repeat":"repeat","background-position":"center center","background-size":"auto","background-attachment":"scroll","background-type":"","background-media":"","overlay-type":"","overlay-color":"","overlay-opacity":"","overlay-gradient":""}}},"product_brand":[],"product_cat":[8150],"product_tag":[373,2419,2421,2422,2423,2420,2418],"class_list":{"0":"post-47957","1":"product","2":"type-product","3":"status-publish","4":"has-post-thumbnail","6":"product_cat-werklamp-vierkant","7":"product_tag-led-werklamp","8":"product_tag-werklamp-aanhanger","9":"product_tag-werklamp-heftruck","10":"product_tag-werklamp-kooiaap","11":"product_tag-werklamp-tractor","12":"product_tag-werklamp-trailer","13":"product_tag-werklamp-vrachtwagen","14":"pa_merkk-product-m-led","15":"desktop-align-left","16":"tablet-align-left","17":"mobile-align-left","19":"first","20":"instock","21":"taxable","22":"shipping-taxable","23":"purchasable","24":"product-type-simple"},"acf":[],"yoast_head":"<!-- This site is optimized with the Yoast SEO Premium plugin v25.9 (Yoast SEO v27.6) - https:\/\/yoast.com\/product\/yoast-seo-premium-wordpress\/ -->\n<title>M-LED EDGE werklamp 65W - All Day Led - geschikt voor 12&amp;24 Volt<\/title>\n<meta name=\"description\" content=\"M-LED EDGE werklamp 65W - voor auto, vrachtwagen, aanhanger en meer - lichtgewicht LED werklamp voor 12 &amp; 24 volt - met DT2 aansluiting - 7200 lumen\" \/>\n<meta name=\"robots\" content=\"noindex, follow, max-snippet:-1, max-image-preview:large, max-video-preview:-1\" \/>\n<meta property=\"og:locale\" content=\"de_DE\" \/>\n<meta property=\"og:type\" content=\"article\" \/>\n<meta property=\"og:title\" content=\"M-LED EDGE werklamp 65W - All Day Led - geschikt voor 12&amp;24 Volt\" \/>\n<meta property=\"og:description\" content=\"M-LED EDGE werklamp 65W - voor auto, vrachtwagen, aanhanger en meer - lichtgewicht LED werklamp voor 12 &amp; 24 volt - met DT2 aansluiting - 7200 lumen\" \/>\n<meta property=\"og:url\" content=\"https:\/\/www.oudadl.testontwikkeling.nl\/de\/produkt\/m-led-edge-werklamp-65w\/\" \/>\n<meta property=\"og:site_name\" content=\"All Day Led\" \/>\n<meta property=\"article:publisher\" content=\"https:\/\/www.facebook.com\/alldayled\/\" \/>\n<meta property=\"article:modified_time\" content=\"2025-12-03T12:02:09+00:00\" \/>\n<meta property=\"og:image\" content=\"https:\/\/www.oudadl.testontwikkeling.nl\/wp-content\/uploads\/2024\/09\/ADL20358.01.png\" \/>\n\t<meta property=\"og:image:width\" content=\"800\" \/>\n\t<meta property=\"og:image:height\" content=\"800\" \/>\n\t<meta property=\"og:image:type\" content=\"image\/png\" \/>\n<meta name=\"twitter:label1\" content=\"Preis\" \/>\n\t<meta name=\"twitter:data1\" content=\"&euro;54,95\" \/>\n\t<meta name=\"twitter:label2\" content=\"Verf\u00fcgbarkeit\" \/>\n\t<meta name=\"twitter:data2\" content=\"Auf Lager\" \/>\n<script type=\"application\/ld+json\" class=\"yoast-schema-graph\">{\"@context\":\"https:\\\/\\\/schema.org\",\"@graph\":[{\"@type\":\"WebPage\",\"@id\":\"https:\\\/\\\/www.oudadl.testontwikkeling.nl\\\/product\\\/m-led-edge-werklamp-65w\\\/\",\"url\":\"https:\\\/\\\/www.oudadl.testontwikkeling.nl\\\/product\\\/m-led-edge-werklamp-65w\\\/\",\"name\":\"M-LED EDGE werklamp 65W - All Day Led - geschikt voor 12&24 Volt\",\"isPartOf\":{\"@id\":\"https:\\\/\\\/www.oudadl.testontwikkeling.nl\\\/#website\"},\"primaryImageOfPage\":{\"@id\":\"https:\\\/\\\/www.oudadl.testontwikkeling.nl\\\/product\\\/m-led-edge-werklamp-65w\\\/#primaryimage\"},\"image\":{\"@id\":\"https:\\\/\\\/www.oudadl.testontwikkeling.nl\\\/product\\\/m-led-edge-werklamp-65w\\\/#primaryimage\"},\"thumbnailUrl\":\"https:\\\/\\\/www.oudadl.testontwikkeling.nl\\\/wp-content\\\/uploads\\\/2024\\\/08\\\/ADL20358.png\",\"datePublished\":\"2024-07-14T04:15:54+00:00\",\"dateModified\":\"2025-12-03T12:02:09+00:00\",\"description\":\"M-LED EDGE werklamp 65W - voor auto, vrachtwagen, aanhanger en meer - lichtgewicht LED werklamp voor 12 & 24 volt - met DT2 aansluiting - 7200 lumen\",\"breadcrumb\":{\"@id\":\"https:\\\/\\\/www.oudadl.testontwikkeling.nl\\\/product\\\/m-led-edge-werklamp-65w\\\/#breadcrumb\"},\"inLanguage\":\"de\",\"potentialAction\":[{\"@type\":\"ReadAction\",\"target\":[\"https:\\\/\\\/www.oudadl.testontwikkeling.nl\\\/product\\\/m-led-edge-werklamp-65w\\\/\"]}]},{\"@type\":\"ImageObject\",\"inLanguage\":\"de\",\"@id\":\"https:\\\/\\\/www.oudadl.testontwikkeling.nl\\\/product\\\/m-led-edge-werklamp-65w\\\/#primaryimage\",\"url\":\"https:\\\/\\\/www.oudadl.testontwikkeling.nl\\\/wp-content\\\/uploads\\\/2024\\\/08\\\/ADL20358.png\",\"contentUrl\":\"https:\\\/\\\/www.oudadl.testontwikkeling.nl\\\/wp-content\\\/uploads\\\/2024\\\/08\\\/ADL20358.png\",\"width\":800,\"height\":600,\"caption\":\"M-LED EDGE werklamp 65W - LED lamp voor bijvoorbeeld een auto, vrachtwagen, aanhanger, boottrailer, paardentrailer, shovel, graafmachine, camper of ander soort voertuig - met DT2 aansluit kabel - met EMC CISPR25 Class 5 keurmerk - compacte en lichtgewicht LED werklamp voor 12 en 24 volt gebruik - Mobiled \\\/ M-LED WL358\"},{\"@type\":\"BreadcrumbList\",\"@id\":\"https:\\\/\\\/www.oudadl.testontwikkeling.nl\\\/product\\\/m-led-edge-werklamp-65w\\\/#breadcrumb\",\"itemListElement\":[{\"@type\":\"ListItem\",\"position\":1,\"name\":\"Home\",\"item\":\"https:\\\/\\\/www.oudadl.testontwikkeling.nl\\\/\"},{\"@type\":\"ListItem\",\"position\":2,\"name\":\"Shop\",\"item\":\"https:\\\/\\\/www.oudadl.testontwikkeling.nl\\\/de\\\/shop\\\/\"},{\"@type\":\"ListItem\",\"position\":3,\"name\":\"Werklampen\",\"item\":\"https:\\\/\\\/www.oudadl.testontwikkeling.nl\\\/product-categorie\\\/werklampen\\\/\"},{\"@type\":\"ListItem\",\"position\":4,\"name\":\"Werklamp vierkant\",\"item\":\"https:\\\/\\\/www.oudadl.testontwikkeling.nl\\\/product-categorie\\\/werklampen\\\/werklamp-vierkant\\\/\"},{\"@type\":\"ListItem\",\"position\":5,\"name\":\"M-LED EDGE werklamp 65W\"}]},{\"@type\":\"WebSite\",\"@id\":\"https:\\\/\\\/www.oudadl.testontwikkeling.nl\\\/#website\",\"url\":\"https:\\\/\\\/www.oudadl.testontwikkeling.nl\\\/\",\"name\":\"All Day Led\",\"description\":\"\",\"publisher\":{\"@id\":\"https:\\\/\\\/www.oudadl.testontwikkeling.nl\\\/#organization\"},\"potentialAction\":[{\"@type\":\"SearchAction\",\"target\":{\"@type\":\"EntryPoint\",\"urlTemplate\":\"https:\\\/\\\/www.oudadl.testontwikkeling.nl\\\/?s={search_term_string}\"},\"query-input\":{\"@type\":\"PropertyValueSpecification\",\"valueRequired\":true,\"valueName\":\"search_term_string\"}}],\"inLanguage\":\"de\"},{\"@type\":\"Organization\",\"@id\":\"https:\\\/\\\/www.oudadl.testontwikkeling.nl\\\/#organization\",\"name\":\"All Day Led\",\"url\":\"https:\\\/\\\/www.oudadl.testontwikkeling.nl\\\/\",\"logo\":{\"@type\":\"ImageObject\",\"inLanguage\":\"de\",\"@id\":\"https:\\\/\\\/www.oudadl.testontwikkeling.nl\\\/#\\\/schema\\\/logo\\\/image\\\/\",\"url\":\"https:\\\/\\\/www.oudadl.testontwikkeling.nl\\\/wp-content\\\/uploads\\\/2022\\\/08\\\/Logo-ALL-DAY-LED-800x800-zwart-witte-letters.png\",\"contentUrl\":\"https:\\\/\\\/www.oudadl.testontwikkeling.nl\\\/wp-content\\\/uploads\\\/2022\\\/08\\\/Logo-ALL-DAY-LED-800x800-zwart-witte-letters.png\",\"width\":800,\"height\":800,\"caption\":\"All Day Led\"},\"image\":{\"@id\":\"https:\\\/\\\/www.oudadl.testontwikkeling.nl\\\/#\\\/schema\\\/logo\\\/image\\\/\"},\"sameAs\":[\"https:\\\/\\\/www.facebook.com\\\/alldayled\\\/\",\"https:\\\/\\\/www.instagram.com\\\/alldayled\\\/\"],\"vatID\":\"NL863960133B01\",\"taxID\":\"86416545\",\"hasMerchantReturnPolicy\":{\"@type\":\"MerchantReturnPolicy\",\"merchantReturnLink\":\"https:\\\/\\\/www.oudadl.testontwikkeling.nl\\\/de\\\/verzenden-retourneren\\\/\"}}]}<\/script>\n<meta property=\"product:brand\" content=\"M-LED\" \/>\n<meta property=\"product:price:amount\" content=\"54.95\" \/>\n<meta property=\"product:price:currency\" content=\"EUR\" \/>\n<meta property=\"og:availability\" content=\"instock\" \/>\n<meta property=\"product:availability\" content=\"instock\" \/>\n<meta property=\"product:retailer_item_id\" content=\"ADL20358\" \/>\n<meta property=\"product:condition\" content=\"new\" \/>\n<!-- \/ Yoast SEO Premium plugin. -->","yoast_head_json":{"title":"M-LED EDGE Arbeitsscheinwerfer 65W - All Day Led - passend f\u00fcr 12&amp;24 Volt","description":"M-LED EDGE Arbeitsscheinwerfer 65W \u2013 f\u00fcr PKW, LKW, Anh\u00e4nger und mehr \u2013 leichte LED Arbeitsleuchte f\u00fcr 12 &amp; 24 Volt \u2013 mit DT2-Anschluss \u2013 7200 Lumen","robots":{"index":"noindex","follow":"follow","max-snippet":"max-snippet:-1","max-image-preview":"max-image-preview:large","max-video-preview":"max-video-preview:-1"},"og_locale":"de_DE","og_type":"article","og_title":"M-LED EDGE werklamp 65W - All Day Led - geschikt voor 12&24 Volt","og_description":"M-LED EDGE werklamp 65W - voor auto, vrachtwagen, aanhanger en meer - lichtgewicht LED werklamp voor 12 & 24 volt - met DT2 aansluiting - 7200 lumen","og_url":"https:\/\/www.oudadl.testontwikkeling.nl\/de\/produkt\/m-led-edge-werklamp-65w\/","og_site_name":"All Day Led","article_publisher":"https:\/\/www.facebook.com\/alldayled\/","article_modified_time":"2025-12-03T12:02:09+00:00","og_image":[{"width":800,"height":800,"url":"https:\/\/www.oudadl.testontwikkeling.nl\/wp-content\/uploads\/2024\/09\/ADL20358.01.png","type":"image\/png"}],"twitter_misc":{"Preis":"&euro;54,95","Verf\u00fcgbarkeit":"Auf Lager"},"schema":{"@context":"https:\/\/schema.org","@graph":[{"@type":"WebPage","@id":"https:\/\/www.oudadl.testontwikkeling.nl\/product\/m-led-edge-werklamp-65w\/","url":"https:\/\/www.oudadl.testontwikkeling.nl\/product\/m-led-edge-werklamp-65w\/","name":"M-LED EDGE Arbeitsscheinwerfer 65W - All Day Led - passend f\u00fcr 12&amp;24 Volt","isPartOf":{"@id":"https:\/\/www.oudadl.testontwikkeling.nl\/#website"},"primaryImageOfPage":{"@id":"https:\/\/www.oudadl.testontwikkeling.nl\/product\/m-led-edge-werklamp-65w\/#primaryimage"},"image":{"@id":"https:\/\/www.oudadl.testontwikkeling.nl\/product\/m-led-edge-werklamp-65w\/#primaryimage"},"thumbnailUrl":"https:\/\/www.oudadl.testontwikkeling.nl\/wp-content\/uploads\/2024\/08\/ADL20358.png","datePublished":"2024-07-14T04:15:54+00:00","dateModified":"2025-12-03T12:02:09+00:00","description":"M-LED EDGE Arbeitsscheinwerfer 65W \u2013 f\u00fcr PKW, LKW, Anh\u00e4nger und mehr \u2013 leichte LED Arbeitsleuchte f\u00fcr 12 &amp; 24 Volt \u2013 mit DT2-Anschluss \u2013 7200 Lumen","breadcrumb":{"@id":"https:\/\/www.oudadl.testontwikkeling.nl\/product\/m-led-edge-werklamp-65w\/#breadcrumb"},"inLanguage":"de","potentialAction":[{"@type":"ReadAction","target":["https:\/\/www.oudadl.testontwikkeling.nl\/product\/m-led-edge-werklamp-65w\/"]}]},{"@type":"ImageObject","inLanguage":"de","@id":"https:\/\/www.oudadl.testontwikkeling.nl\/product\/m-led-edge-werklamp-65w\/#primaryimage","url":"https:\/\/www.oudadl.testontwikkeling.nl\/wp-content\/uploads\/2024\/08\/ADL20358.png","contentUrl":"https:\/\/www.oudadl.testontwikkeling.nl\/wp-content\/uploads\/2024\/08\/ADL20358.png","width":800,"height":600,"caption":"M-LED EDGE werklamp 65W - LED lamp voor bijvoorbeeld een auto, vrachtwagen, aanhanger, boottrailer, paardentrailer, shovel, graafmachine, camper of ander soort voertuig - met DT2 aansluit kabel - met EMC CISPR25 Class 5 keurmerk - compacte en lichtgewicht LED werklamp voor 12 en 24 volt gebruik - Mobiled \/ M-LED WL358"},{"@type":"BreadcrumbList","@id":"https:\/\/www.oudadl.testontwikkeling.nl\/product\/m-led-edge-werklamp-65w\/#breadcrumb","itemListElement":[{"@type":"ListItem","position":1,"name":"Home","item":"https:\/\/www.oudadl.testontwikkeling.nl\/"},{"@type":"ListItem","position":2,"name":"Shop","item":"https:\/\/www.oudadl.testontwikkeling.nl\/de\/shop\/"},{"@type":"ListItem","position":3,"name":"Werklampen","item":"https:\/\/www.oudadl.testontwikkeling.nl\/product-categorie\/werklampen\/"},{"@type":"ListItem","position":4,"name":"Werklamp vierkant","item":"https:\/\/www.oudadl.testontwikkeling.nl\/product-categorie\/werklampen\/werklamp-vierkant\/"},{"@type":"ListItem","position":5,"name":"M-LED EDGE werklamp 65W"}]},{"@type":"WebSite","@id":"https:\/\/www.oudadl.testontwikkeling.nl\/#website","url":"https:\/\/www.oudadl.testontwikkeling.nl\/","name":"All Day Led","description":"","publisher":{"@id":"https:\/\/www.oudadl.testontwikkeling.nl\/#organization"},"potentialAction":[{"@type":"SearchAction","target":{"@type":"EntryPoint","urlTemplate":"https:\/\/www.oudadl.testontwikkeling.nl\/?s={search_term_string}"},"query-input":{"@type":"PropertyValueSpecification","valueRequired":true,"valueName":"search_term_string"}}],"inLanguage":"de"},{"@type":"Organization","@id":"https:\/\/www.oudadl.testontwikkeling.nl\/#organization","name":"All Day Led","url":"https:\/\/www.oudadl.testontwikkeling.nl\/","logo":{"@type":"ImageObject","inLanguage":"de","@id":"https:\/\/www.oudadl.testontwikkeling.nl\/#\/schema\/logo\/image\/","url":"https:\/\/www.oudadl.testontwikkeling.nl\/wp-content\/uploads\/2022\/08\/Logo-ALL-DAY-LED-800x800-zwart-witte-letters.png","contentUrl":"https:\/\/www.oudadl.testontwikkeling.nl\/wp-content\/uploads\/2022\/08\/Logo-ALL-DAY-LED-800x800-zwart-witte-letters.png","width":800,"height":800,"caption":"All Day Led"},"image":{"@id":"https:\/\/www.oudadl.testontwikkeling.nl\/#\/schema\/logo\/image\/"},"sameAs":["https:\/\/www.facebook.com\/alldayled\/","https:\/\/www.instagram.com\/alldayled\/"],"vatID":"NL863960133B01","taxID":"86416545","hasMerchantReturnPolicy":{"@type":"MerchantReturnPolicy","merchantReturnLink":"https:\/\/www.oudadl.testontwikkeling.nl\/de\/verzenden-retourneren\/"}}]},"product_brand":"M-LED","product_price_amount":"54.95","product_price_currency":"EUR","og_availability":"instock","product_availability":"instock","product_retailer_item_id":"ADL20358","product_condition":"new"},"_links":{"self":[{"href":"https:\/\/www.oudadl.testontwikkeling.nl\/de\/wp-json\/wp\/v2\/product\/47957","targetHints":{"allow":["GET"]}}],"collection":[{"href":"https:\/\/www.oudadl.testontwikkeling.nl\/de\/wp-json\/wp\/v2\/product"}],"about":[{"href":"https:\/\/www.oudadl.testontwikkeling.nl\/de\/wp-json\/wp\/v2\/types\/product"}],"replies":[{"embeddable":true,"href":"https:\/\/www.oudadl.testontwikkeling.nl\/de\/wp-json\/wp\/v2\/comments?post=47957"}],"wp:featuredmedia":[{"embeddable":true,"href":"https:\/\/www.oudadl.testontwikkeling.nl\/de\/wp-json\/wp\/v2\/media\/48408"}],"wp:attachment":[{"href":"https:\/\/www.oudadl.testontwikkeling.nl\/de\/wp-json\/wp\/v2\/media?parent=47957"}],"wp:term":[{"taxonomy":"product_brand","embeddable":true,"href":"https:\/\/www.oudadl.testontwikkeling.nl\/de\/wp-json\/wp\/v2\/product_brand?post=47957"},{"taxonomy":"product_cat","embeddable":true,"href":"https:\/\/www.oudadl.testontwikkeling.nl\/de\/wp-json\/wp\/v2\/product_cat?post=47957"},{"taxonomy":"product_tag","embeddable":true,"href":"https:\/\/www.oudadl.testontwikkeling.nl\/de\/wp-json\/wp\/v2\/product_tag?post=47957"}],"curies":[{"name":"wp","href":"https:\/\/api.w.org\/{rel}","templated":true}]}}