{"id":47487,"date":"2023-03-17T16:13:29","date_gmt":"2023-03-17T15:13:29","guid":{"rendered":"https:\/\/www.oudadl.testontwikkeling.nl\/?post_type=product&#038;p=47487"},"modified":"2025-08-25T15:02:49","modified_gmt":"2025-08-25T13:02:49","slug":"iveco-s-way-drl-unit-oranje","status":"publish","type":"product","link":"https:\/\/www.oudadl.testontwikkeling.nl\/de\/product\/iveco-s-way-drl-unit-oranje\/","title":{"rendered":"Tagfahrlicht Iveco 2020+ orange"},"content":{"rendered":"<p><span style=\"color: #000000;\"><strong>Tagfahrlicht unit ORANGE, passend f\u00fcr einen Iveco S-Way ab Baujahr 2020.<\/strong><\/span><\/p>\n<p><span style=\"color: #000000;\">M\u00f6chten Sie das Tagfahrlicht Ihres Iveco S-Way durch eine orange leuchtende Version ersetzen? Dann ist dieses DRL-Set m\u00f6glicherweise das Set, das Sie suchen. Dieses Set besteht aus vier LED-Platten, mit denen Sie sowohl das linke als auch das rechte Modul wechseln k\u00f6nnen. Sie k\u00f6nnen die urspr\u00fcnglich verbaute Beleuchtung problemlos durch die orange Variante ersetzen. Unten auf der Seite finden Sie die Schritte, die Sie befolgen m\u00fcssen. <\/span><\/p>\n<p><span style=\"color: #000000;\">Da Sie vor dem Kauf wissen m\u00f6chten, ob das Set f\u00fcr Ihren LKW geeignet ist, haben wir hier einige wichtige Punkte aufgeschrieben. Es ist wichtig, dass die urspr\u00fcnglich montierten Einheiten genau mit denen in Bild zwei \u00fcbereinstimmen. Sollte die urspr\u00fcnglich verbaute Einheit nicht passen, passt diese Ersatzlampe nicht. Dar\u00fcber hinaus sind die Iveco S-Way Tagfahrlichter Orange nur f\u00fcr Modelle ab Baujahr 2020+ geeignet. Bitte beachten Sie, dass die DRL-Einheit kein E-Pr\u00fcfzeichen hat, was bedeutet, dass Sie f\u00fcr den T\u00dcV das Originalger\u00e4t neu einbauen m\u00fcssen.\u00a0<\/span><\/p>\n<h5><span style=\"color: #000000;\"><strong>Andere Modelle:\u00a0<\/strong><\/span><\/h5>\n<p><span style=\"color: #000000;\">Haben Sie einen Iveco-Lkw? Aber ist dieser nicht mit den gleichen Einheiten wie in Bild 2 ausgestattet? Oder m\u00f6chten Sie einfach eine andere Farbe? Dann sehen Sie sich hier die anderen verf\u00fcgbaren Modelle von DRL-Einheiten f\u00fcr den Iveco-Lkw an:\u00a0<\/span><\/p>\n<ul>\n<li><span style=\"color: #000000;\"><a style=\"color: #000000;\" href=\"https:\/\/www.oudadl.testontwikkeling.nl\/de\/produkt\/iveco-s-way-drl-unit-warm-wit\/\"><strong>S-Way 2020+ WARMWEISS<\/strong><\/a><\/span><\/li>\n<\/ul>\n<h5><span style=\"color: #000000;\"><strong>Installation:<\/strong><\/span><\/h5>\n<p><span style=\"color: #000000;\">Um das Iveco S-Way Tagfahrlicht orange zu montieren, m\u00fcssen Sie die folgenden Schritte befolgen. Die Installation der orangefarbenen DRL-Einheit dauert pro Scheinwerfer etwa eine Stunde. Die Abbildungen 3 und 4 zeigen beispielhaft, wie das Set nach der Installation letztendlich aufleuchtet.<\/span><\/p>\n<ol>\n<li><span style=\"color: #000000;\">Entfernen Sie den Stecker von der vorhandenen Beleuchtung.<\/span><\/li>\n<li><span style=\"color: #000000;\">Entfernen Sie die Schrauben, mit denen die Originaldiodenhalter befestigt sind.<\/span><\/li>\n<li><span style=\"color: #000000;\">Entfernen Sie die Diodenhalter von den K\u00fchlplatten.<\/span><\/li>\n<li><span style=\"color: #000000;\">Entfernen Sie die W\u00e4rmeleitpaste und reinigen Sie die Oberfl\u00e4che gut.<\/span><\/li>\n<li><span style=\"color: #000000;\">Bringen Sie das Gelieferte mit <a style=\"color: #000000;\" href=\"https:\/\/www.oudadl.testontwikkeling.nl\/de\/produkt\/gd900-warmeleitpaste-fur-drl-unit\/\">W\u00e4rmeleitpaste<\/a> in einer d\u00fcnnen, gleichm\u00e4\u00dfigen Schicht auf die K\u00fchlplatten, wo die Lampe montiert wird.<\/span><\/li>\n<li><span style=\"color: #000000;\">Schieben Sie den Diodenhalter in die W\u00e4rmeleitpaste und befestigen Sie ihn vorsichtig mit der Originalschraube.<\/span><\/li>\n<li><span style=\"color: #000000;\">Stecken Sie den Stecker in den neuen Diodenhalter.<\/span><\/li>\n<li><span style=\"color: #000000;\">Das Tagfahrlicht Ihres Iveco S-Way ist betriebsbereit.<\/span><\/li>\n<\/ol>\n<p><span style=\"color: #000000;\">M\u00f6chten Sie nicht einfach nur die orangefarbenen Tagfahrlichter Ihres Iveco S-Way austauschen? Aber suchen Sie nach weiteren LED-Beleuchtungen, die Sie in oder um Ihren Iveco-Lkw montieren k\u00f6nnen? Dann werfen Sie einen Blick auf die Seite <a style=\"color: #000000;\" href=\"https:\/\/www.oudadl.testontwikkeling.nl\/de\/produkt-kategorie\/beleuchtungswagen\/iveco-verlichting\/\" target=\"_blank\" rel=\"noopener\">Iveco Beleuchtung<\/a>.<\/span><\/p>","protected":false},"excerpt":{"rendered":"<p>Dagrijverlichting unit ORANJE, geschikt voor een Iveco S-Way met bouwjaar 2020+. Wilt u uw dagrijverlichting van uw Iveco S-Way vervangen voor een oranje oplichtende variant? Dan is deze DRL set wellicht de set waarnaar u opzoek bent. Deze set bestaat uit vier LED plaatjes waarmee u zowel de linker als rechter module kunt veranderen. De [&hellip;]<\/p>\n","protected":false},"featured_media":47903,"comment_status":"open","ping_status":"closed","template":"","meta":{"_acf_changed":false,"site-sidebar-layout":"default","site-content-layout":"default","ast-site-content-layout":"default","site-content-style":"default","site-sidebar-style":"default","ast-global-header-display":"","ast-banner-title-visibility":"","ast-main-header-display":"","ast-hfb-above-header-display":"","ast-hfb-below-header-display":"","ast-hfb-mobile-header-display":"","site-post-title":"","ast-breadcrumbs-content":"","ast-featured-img":"","footer-sml-layout":"","ast-disable-related-posts":"","theme-transparent-header-meta":"default","adv-header-id-meta":"","stick-header-meta":"","header-above-stick-meta":"","header-main-stick-meta":"","header-below-stick-meta":"","astra-migrate-meta-layouts":"set","ast-page-background-enabled":"default","ast-page-background-meta":{"desktop":{"background-color":"","background-image":"","background-repeat":"repeat","background-position":"center center","background-size":"auto","background-attachment":"scroll","background-type":"","background-media":"","overlay-type":"","overlay-color":"","overlay-opacity":"","overlay-gradient":""},"tablet":{"background-color":"","background-image":"","background-repeat":"repeat","background-position":"center center","background-size":"auto","background-attachment":"scroll","background-type":"","background-media":"","overlay-type":"","overlay-color":"","overlay-opacity":"","overlay-gradient":""},"mobile":{"background-color":"","background-image":"","background-repeat":"repeat","background-position":"center center","background-size":"auto","background-attachment":"scroll","background-type":"","background-media":"","overlay-type":"","overlay-color":"","overlay-opacity":"","overlay-gradient":""}},"ast-content-background-meta":{"desktop":{"background-color":"var(--ast-global-color-5)","background-image":"","background-repeat":"repeat","background-position":"center center","background-size":"auto","background-attachment":"scroll","background-type":"","background-media":"","overlay-type":"","overlay-color":"","overlay-opacity":"","overlay-gradient":""},"tablet":{"background-color":"var(--ast-global-color-5)","background-image":"","background-repeat":"repeat","background-position":"center center","background-size":"auto","background-attachment":"scroll","background-type":"","background-media":"","overlay-type":"","overlay-color":"","overlay-opacity":"","overlay-gradient":""},"mobile":{"background-color":"var(--ast-global-color-5)","background-image":"","background-repeat":"repeat","background-position":"center center","background-size":"auto","background-attachment":"scroll","background-type":"","background-media":"","overlay-type":"","overlay-color":"","overlay-opacity":"","overlay-gradient":""}}},"product_brand":[],"product_cat":[210,7209],"product_tag":[6428,6429,1988],"class_list":{"0":"post-47487","1":"product","2":"type-product","3":"status-publish","4":"has-post-thumbnail","6":"product_cat-dagrijlampen","7":"product_cat-iveco-verlichting","8":"product_tag-dagrijverlichting-vrachtwagen","9":"product_tag-drl-module","10":"product_tag-led-dagrijverlichting","11":"pa_merkk-mtrs","12":"desktop-align-left","13":"tablet-align-left","14":"mobile-align-left","16":"first","17":"instock","18":"taxable","19":"shipping-taxable","20":"purchasable","21":"product-type-simple"},"acf":[],"yoast_head":"<!-- This site is optimized with the Yoast SEO Premium plugin v25.9 (Yoast SEO v27.6) - https:\/\/yoast.com\/product\/yoast-seo-premium-wordpress\/ -->\n<title>Iveco S-Way dagrijverlichting ORANJE - All Day Led - Bj 2020+<\/title>\n<meta name=\"description\" content=\"Iveco S-Way dagrijverlichting oranje - bouwjaar 2020+ - voor de S-Way modellen - DRL unit - plug &amp; play - oranje vrachtwagen verlichting\" \/>\n<meta name=\"robots\" content=\"noindex, follow, max-snippet:-1, max-image-preview:large, max-video-preview:-1\" \/>\n<meta property=\"og:locale\" content=\"de_DE\" \/>\n<meta property=\"og:type\" content=\"article\" \/>\n<meta property=\"og:title\" content=\"Iveco S-Way dagrijverlichting ORANJE - All Day Led - Bj 2020+\" \/>\n<meta property=\"og:description\" content=\"Iveco S-Way dagrijverlichting oranje - bouwjaar 2020+ - voor de S-Way modellen - DRL unit - plug &amp; play - oranje vrachtwagen verlichting\" \/>\n<meta property=\"og:url\" content=\"https:\/\/www.oudadl.testontwikkeling.nl\/de\/produkt\/iveco-s-way-drl-unit-oranje\/\" \/>\n<meta property=\"og:site_name\" content=\"All Day Led\" \/>\n<meta property=\"article:publisher\" content=\"https:\/\/www.facebook.com\/alldayled\/\" \/>\n<meta property=\"article:modified_time\" content=\"2025-08-25T13:02:49+00:00\" \/>\n<meta property=\"og:image\" content=\"https:\/\/www.oudadl.testontwikkeling.nl\/wp-content\/uploads\/2023\/03\/ADL40990-SM-2.png\" \/>\n\t<meta property=\"og:image:width\" content=\"800\" \/>\n\t<meta property=\"og:image:height\" content=\"800\" \/>\n\t<meta property=\"og:image:type\" content=\"image\/png\" \/>\n<meta name=\"twitter:label1\" content=\"Preis\" \/>\n\t<meta name=\"twitter:data1\" content=\"&euro;165,00\" \/>\n\t<meta name=\"twitter:label2\" content=\"Verf\u00fcgbarkeit\" \/>\n\t<meta name=\"twitter:data2\" content=\"Auf Lager\" \/>\n<script type=\"application\/ld+json\" class=\"yoast-schema-graph\">{\"@context\":\"https:\\\/\\\/schema.org\",\"@graph\":[{\"@type\":\"WebPage\",\"@id\":\"https:\\\/\\\/www.oudadl.testontwikkeling.nl\\\/product\\\/iveco-s-way-drl-unit-oranje\\\/\",\"url\":\"https:\\\/\\\/www.oudadl.testontwikkeling.nl\\\/product\\\/iveco-s-way-drl-unit-oranje\\\/\",\"name\":\"Iveco S-Way dagrijverlichting ORANJE - All Day Led - Bj 2020+\",\"isPartOf\":{\"@id\":\"https:\\\/\\\/www.oudadl.testontwikkeling.nl\\\/#website\"},\"primaryImageOfPage\":{\"@id\":\"https:\\\/\\\/www.oudadl.testontwikkeling.nl\\\/product\\\/iveco-s-way-drl-unit-oranje\\\/#primaryimage\"},\"image\":{\"@id\":\"https:\\\/\\\/www.oudadl.testontwikkeling.nl\\\/product\\\/iveco-s-way-drl-unit-oranje\\\/#primaryimage\"},\"thumbnailUrl\":\"https:\\\/\\\/www.oudadl.testontwikkeling.nl\\\/wp-content\\\/uploads\\\/2024\\\/07\\\/ADL40990.png\",\"datePublished\":\"2023-03-17T15:13:29+00:00\",\"dateModified\":\"2025-08-25T13:02:49+00:00\",\"description\":\"Iveco S-Way dagrijverlichting oranje - bouwjaar 2020+ - voor de S-Way modellen - DRL unit - plug & play - oranje vrachtwagen verlichting\",\"breadcrumb\":{\"@id\":\"https:\\\/\\\/www.oudadl.testontwikkeling.nl\\\/product\\\/iveco-s-way-drl-unit-oranje\\\/#breadcrumb\"},\"inLanguage\":\"de\",\"potentialAction\":[{\"@type\":\"ReadAction\",\"target\":[\"https:\\\/\\\/www.oudadl.testontwikkeling.nl\\\/product\\\/iveco-s-way-drl-unit-oranje\\\/\"]}]},{\"@type\":\"ImageObject\",\"inLanguage\":\"de\",\"@id\":\"https:\\\/\\\/www.oudadl.testontwikkeling.nl\\\/product\\\/iveco-s-way-drl-unit-oranje\\\/#primaryimage\",\"url\":\"https:\\\/\\\/www.oudadl.testontwikkeling.nl\\\/wp-content\\\/uploads\\\/2024\\\/07\\\/ADL40990.png\",\"contentUrl\":\"https:\\\/\\\/www.oudadl.testontwikkeling.nl\\\/wp-content\\\/uploads\\\/2024\\\/07\\\/ADL40990.png\",\"width\":800,\"height\":600,\"caption\":\"Iveco LED dagrijverlichting ORANJE - voor Iveco S-way - bouwjaar 2020+ - EAN: 6090536279227\"},{\"@type\":\"BreadcrumbList\",\"@id\":\"https:\\\/\\\/www.oudadl.testontwikkeling.nl\\\/product\\\/iveco-s-way-drl-unit-oranje\\\/#breadcrumb\",\"itemListElement\":[{\"@type\":\"ListItem\",\"position\":1,\"name\":\"Home\",\"item\":\"https:\\\/\\\/www.oudadl.testontwikkeling.nl\\\/\"},{\"@type\":\"ListItem\",\"position\":2,\"name\":\"Shop\",\"item\":\"https:\\\/\\\/www.oudadl.testontwikkeling.nl\\\/de\\\/shop\\\/\"},{\"@type\":\"ListItem\",\"position\":3,\"name\":\"Overige\",\"item\":\"https:\\\/\\\/www.oudadl.testontwikkeling.nl\\\/product-categorie\\\/overige-producten\\\/\"},{\"@type\":\"ListItem\",\"position\":4,\"name\":\"Dagrijlampen\",\"item\":\"https:\\\/\\\/www.oudadl.testontwikkeling.nl\\\/product-categorie\\\/overige-producten\\\/dagrijlampen\\\/\"},{\"@type\":\"ListItem\",\"position\":5,\"name\":\"Dagrijverlichting Iveco 2020+ oranje\"}]},{\"@type\":\"WebSite\",\"@id\":\"https:\\\/\\\/www.oudadl.testontwikkeling.nl\\\/#website\",\"url\":\"https:\\\/\\\/www.oudadl.testontwikkeling.nl\\\/\",\"name\":\"All Day Led\",\"description\":\"\",\"publisher\":{\"@id\":\"https:\\\/\\\/www.oudadl.testontwikkeling.nl\\\/#organization\"},\"potentialAction\":[{\"@type\":\"SearchAction\",\"target\":{\"@type\":\"EntryPoint\",\"urlTemplate\":\"https:\\\/\\\/www.oudadl.testontwikkeling.nl\\\/?s={search_term_string}\"},\"query-input\":{\"@type\":\"PropertyValueSpecification\",\"valueRequired\":true,\"valueName\":\"search_term_string\"}}],\"inLanguage\":\"de\"},{\"@type\":\"Organization\",\"@id\":\"https:\\\/\\\/www.oudadl.testontwikkeling.nl\\\/#organization\",\"name\":\"All Day Led\",\"url\":\"https:\\\/\\\/www.oudadl.testontwikkeling.nl\\\/\",\"logo\":{\"@type\":\"ImageObject\",\"inLanguage\":\"de\",\"@id\":\"https:\\\/\\\/www.oudadl.testontwikkeling.nl\\\/#\\\/schema\\\/logo\\\/image\\\/\",\"url\":\"https:\\\/\\\/www.oudadl.testontwikkeling.nl\\\/wp-content\\\/uploads\\\/2022\\\/08\\\/Logo-ALL-DAY-LED-800x800-zwart-witte-letters.png\",\"contentUrl\":\"https:\\\/\\\/www.oudadl.testontwikkeling.nl\\\/wp-content\\\/uploads\\\/2022\\\/08\\\/Logo-ALL-DAY-LED-800x800-zwart-witte-letters.png\",\"width\":800,\"height\":800,\"caption\":\"All Day Led\"},\"image\":{\"@id\":\"https:\\\/\\\/www.oudadl.testontwikkeling.nl\\\/#\\\/schema\\\/logo\\\/image\\\/\"},\"sameAs\":[\"https:\\\/\\\/www.facebook.com\\\/alldayled\\\/\",\"https:\\\/\\\/www.instagram.com\\\/alldayled\\\/\"],\"vatID\":\"NL863960133B01\",\"taxID\":\"86416545\",\"hasMerchantReturnPolicy\":{\"@type\":\"MerchantReturnPolicy\",\"merchantReturnLink\":\"https:\\\/\\\/www.oudadl.testontwikkeling.nl\\\/de\\\/verzenden-retourneren\\\/\"}}]}<\/script>\n<meta property=\"product:brand\" content=\"MTRS\" \/>\n<meta property=\"product:price:amount\" content=\"165.00\" \/>\n<meta property=\"product:price:currency\" content=\"EUR\" \/>\n<meta property=\"og:availability\" content=\"instock\" \/>\n<meta property=\"product:availability\" content=\"instock\" \/>\n<meta property=\"product:retailer_item_id\" content=\"ADL40990\" \/>\n<meta property=\"product:condition\" content=\"new\" \/>\n<!-- \/ Yoast SEO Premium plugin. -->","yoast_head_json":{"title":"Iveco S-Way Tagfahrlicht ORANGE - All Day Led - Bj 2020+","description":"Iveco S-Way Tagfahrlichter orange \u2013 Baujahr 2020+ \u2013 f\u00fcr die S-Way-Modelle \u2013 DRL Unit \u2013 Plug &amp; Play \u2013 orange LKW-Beleuchtung","robots":{"index":"noindex","follow":"follow","max-snippet":"max-snippet:-1","max-image-preview":"max-image-preview:large","max-video-preview":"max-video-preview:-1"},"og_locale":"de_DE","og_type":"article","og_title":"Iveco S-Way dagrijverlichting ORANJE - All Day Led - Bj 2020+","og_description":"Iveco S-Way dagrijverlichting oranje - bouwjaar 2020+ - voor de S-Way modellen - DRL unit - plug & play - oranje vrachtwagen verlichting","og_url":"https:\/\/www.oudadl.testontwikkeling.nl\/de\/produkt\/iveco-s-way-drl-unit-oranje\/","og_site_name":"All Day Led","article_publisher":"https:\/\/www.facebook.com\/alldayled\/","article_modified_time":"2025-08-25T13:02:49+00:00","og_image":[{"width":800,"height":800,"url":"https:\/\/www.oudadl.testontwikkeling.nl\/wp-content\/uploads\/2023\/03\/ADL40990-SM-2.png","type":"image\/png"}],"twitter_misc":{"Preis":"&euro;165,00","Verf\u00fcgbarkeit":"Auf Lager"},"schema":{"@context":"https:\/\/schema.org","@graph":[{"@type":"WebPage","@id":"https:\/\/www.oudadl.testontwikkeling.nl\/product\/iveco-s-way-drl-unit-oranje\/","url":"https:\/\/www.oudadl.testontwikkeling.nl\/product\/iveco-s-way-drl-unit-oranje\/","name":"Iveco S-Way Tagfahrlicht ORANGE - All Day Led - Bj 2020+","isPartOf":{"@id":"https:\/\/www.oudadl.testontwikkeling.nl\/#website"},"primaryImageOfPage":{"@id":"https:\/\/www.oudadl.testontwikkeling.nl\/product\/iveco-s-way-drl-unit-oranje\/#primaryimage"},"image":{"@id":"https:\/\/www.oudadl.testontwikkeling.nl\/product\/iveco-s-way-drl-unit-oranje\/#primaryimage"},"thumbnailUrl":"https:\/\/www.oudadl.testontwikkeling.nl\/wp-content\/uploads\/2024\/07\/ADL40990.png","datePublished":"2023-03-17T15:13:29+00:00","dateModified":"2025-08-25T13:02:49+00:00","description":"Iveco S-Way Tagfahrlichter orange \u2013 Baujahr 2020+ \u2013 f\u00fcr die S-Way-Modelle \u2013 DRL Unit \u2013 Plug &amp; Play \u2013 orange LKW-Beleuchtung","breadcrumb":{"@id":"https:\/\/www.oudadl.testontwikkeling.nl\/product\/iveco-s-way-drl-unit-oranje\/#breadcrumb"},"inLanguage":"de","potentialAction":[{"@type":"ReadAction","target":["https:\/\/www.oudadl.testontwikkeling.nl\/product\/iveco-s-way-drl-unit-oranje\/"]}]},{"@type":"ImageObject","inLanguage":"de","@id":"https:\/\/www.oudadl.testontwikkeling.nl\/product\/iveco-s-way-drl-unit-oranje\/#primaryimage","url":"https:\/\/www.oudadl.testontwikkeling.nl\/wp-content\/uploads\/2024\/07\/ADL40990.png","contentUrl":"https:\/\/www.oudadl.testontwikkeling.nl\/wp-content\/uploads\/2024\/07\/ADL40990.png","width":800,"height":600,"caption":"Iveco LED dagrijverlichting ORANJE - voor Iveco S-way - bouwjaar 2020+ - EAN: 6090536279227"},{"@type":"BreadcrumbList","@id":"https:\/\/www.oudadl.testontwikkeling.nl\/product\/iveco-s-way-drl-unit-oranje\/#breadcrumb","itemListElement":[{"@type":"ListItem","position":1,"name":"Home","item":"https:\/\/www.oudadl.testontwikkeling.nl\/"},{"@type":"ListItem","position":2,"name":"Shop","item":"https:\/\/www.oudadl.testontwikkeling.nl\/de\/shop\/"},{"@type":"ListItem","position":3,"name":"Overige","item":"https:\/\/www.oudadl.testontwikkeling.nl\/product-categorie\/overige-producten\/"},{"@type":"ListItem","position":4,"name":"Dagrijlampen","item":"https:\/\/www.oudadl.testontwikkeling.nl\/product-categorie\/overige-producten\/dagrijlampen\/"},{"@type":"ListItem","position":5,"name":"Dagrijverlichting Iveco 2020+ oranje"}]},{"@type":"WebSite","@id":"https:\/\/www.oudadl.testontwikkeling.nl\/#website","url":"https:\/\/www.oudadl.testontwikkeling.nl\/","name":"All Day Led","description":"","publisher":{"@id":"https:\/\/www.oudadl.testontwikkeling.nl\/#organization"},"potentialAction":[{"@type":"SearchAction","target":{"@type":"EntryPoint","urlTemplate":"https:\/\/www.oudadl.testontwikkeling.nl\/?s={search_term_string}"},"query-input":{"@type":"PropertyValueSpecification","valueRequired":true,"valueName":"search_term_string"}}],"inLanguage":"de"},{"@type":"Organization","@id":"https:\/\/www.oudadl.testontwikkeling.nl\/#organization","name":"All Day Led","url":"https:\/\/www.oudadl.testontwikkeling.nl\/","logo":{"@type":"ImageObject","inLanguage":"de","@id":"https:\/\/www.oudadl.testontwikkeling.nl\/#\/schema\/logo\/image\/","url":"https:\/\/www.oudadl.testontwikkeling.nl\/wp-content\/uploads\/2022\/08\/Logo-ALL-DAY-LED-800x800-zwart-witte-letters.png","contentUrl":"https:\/\/www.oudadl.testontwikkeling.nl\/wp-content\/uploads\/2022\/08\/Logo-ALL-DAY-LED-800x800-zwart-witte-letters.png","width":800,"height":800,"caption":"All Day Led"},"image":{"@id":"https:\/\/www.oudadl.testontwikkeling.nl\/#\/schema\/logo\/image\/"},"sameAs":["https:\/\/www.facebook.com\/alldayled\/","https:\/\/www.instagram.com\/alldayled\/"],"vatID":"NL863960133B01","taxID":"86416545","hasMerchantReturnPolicy":{"@type":"MerchantReturnPolicy","merchantReturnLink":"https:\/\/www.oudadl.testontwikkeling.nl\/de\/verzenden-retourneren\/"}}]},"product_brand":"MTRS","product_price_amount":"165.00","product_price_currency":"EUR","og_availability":"instock","product_availability":"instock","product_retailer_item_id":"ADL40990","product_condition":"new"},"_links":{"self":[{"href":"https:\/\/www.oudadl.testontwikkeling.nl\/de\/wp-json\/wp\/v2\/product\/47487","targetHints":{"allow":["GET"]}}],"collection":[{"href":"https:\/\/www.oudadl.testontwikkeling.nl\/de\/wp-json\/wp\/v2\/product"}],"about":[{"href":"https:\/\/www.oudadl.testontwikkeling.nl\/de\/wp-json\/wp\/v2\/types\/product"}],"replies":[{"embeddable":true,"href":"https:\/\/www.oudadl.testontwikkeling.nl\/de\/wp-json\/wp\/v2\/comments?post=47487"}],"wp:featuredmedia":[{"embeddable":true,"href":"https:\/\/www.oudadl.testontwikkeling.nl\/de\/wp-json\/wp\/v2\/media\/47903"}],"wp:attachment":[{"href":"https:\/\/www.oudadl.testontwikkeling.nl\/de\/wp-json\/wp\/v2\/media?parent=47487"}],"wp:term":[{"taxonomy":"product_brand","embeddable":true,"href":"https:\/\/www.oudadl.testontwikkeling.nl\/de\/wp-json\/wp\/v2\/product_brand?post=47487"},{"taxonomy":"product_cat","embeddable":true,"href":"https:\/\/www.oudadl.testontwikkeling.nl\/de\/wp-json\/wp\/v2\/product_cat?post=47487"},{"taxonomy":"product_tag","embeddable":true,"href":"https:\/\/www.oudadl.testontwikkeling.nl\/de\/wp-json\/wp\/v2\/product_tag?post=47487"}],"curies":[{"name":"wp","href":"https:\/\/api.w.org\/{rel}","templated":true}]}}