{"id":47238,"date":"2024-07-19T07:11:46","date_gmt":"2024-07-19T06:11:46","guid":{"rendered":"https:\/\/www.oudadl.testontwikkeling.nl\/?post_type=product&#038;p=47238"},"modified":"2025-10-15T15:22:50","modified_gmt":"2025-10-15T13:22:50","slug":"strands-firefly-verstraler-9inch-zwart","status":"publish","type":"product","link":"https:\/\/www.oudadl.testontwikkeling.nl\/de\/product\/strands-firefly-verstraler-9inch-zwart\/","title":{"rendered":"Strands Firefly Scheinwerfer 9 Zoll - Schwarz"},"content":{"rendered":"<p><span style=\"color: #000000;\"><strong>Strands Firefly 9 Zoll Scheinwerfer schwarz mit Blitzlampe, f\u00fcr 12 und 24 Volt.\u00a0<\/strong><\/span><\/p>\n<p><span style=\"color: #000000;\">Sie m\u00f6chten Ihr Auto, Ihren SUV, LKW, Ihr Nutzfahrzeug oder einen anderen Fahrzeugtyp mit einem neuen Scheinwerfertyp ausstatten, wissen aber nicht genau, was Sie suchen? Vielleicht ist der Firefly 9 Zoll LED Strahler mit zweifarbigem Standlicht die Lampe, die Sie suchen. Der vollst\u00e4ndig ledig ECE-zugelassene Scheinwerfer ist mit 28 LED-Punkten ausgestattet und hat eine theoretische Lichtleistung von 16.800 Lumen. Dar\u00fcber hinaus arbeitet der Firefly Strahler SCHWARZ mit 12 und 24 Volt und wird zus\u00e4tzlich mit einem DT6-Anschlusskabel geliefert.<\/span><\/p>\n<p><span style=\"color: #000000;\">Denn vor dem Kauf m\u00f6chten Sie sicher sein, dass der Strands Firefly 9 Zoll Scheinwerfer SCHWARZ f\u00fcr Ihr Fahrzeug geeignet ist. Nachfolgend haben wir einige Spezifikationen aufgeschrieben. All dies, um Ihnen klar zu machen, warum dies m\u00f6glicherweise die Lampe ist, nach der Sie suchen. Der vollst\u00e4ndige LED tr\u00e4gt das ECE R10-G\u00fctezeichen. Dieses Qualit\u00e4tszeichen bedeutet, dass die Lampe w\u00e4hrend der Aktivierung beispielsweise Ihr Funksignal nicht st\u00f6rt. Schlie\u00dflich tr\u00e4gt der Vollscheinwerfer LED das G\u00fctezeichen ECE R65, ECE R148 und R149. Diese G\u00fctezeichen weisen darauf hin, dass der Strands voll LED Scheinwerfer voll ledig f\u00fcr den Einsatz im \u00f6ffentlichen Stra\u00dfenverkehr zugelassen ist.<\/span><\/p>\n<h5><span style=\"color: #000000;\"><strong>Abmessungen:<\/strong><\/span><\/h5>\n<p><span style=\"color: #000000;\">Damit Sie die LED-Lampe an Ihrem Fahrzeug montieren k\u00f6nnen, wo immer Sie m\u00f6chten. Nachfolgend haben wir die Ma\u00dfe der Lampe notiert. Die Abmessungen des Strands Firefly Scheinwerfer schwarz in 9 Zoll Ausf\u00fchrung sind wie folgt:<\/span><\/p>\n<ul>\n<li><span style=\"color: #000000;\">H\u00f6he: 220 (239 mm inkl. Halter)<\/span><\/li>\n<li><span style=\"color: #000000;\">Durchmesser: 220 mm<\/span><\/li>\n<li><span style=\"color: #000000;\">Dicke: 85 mm<\/span><\/li>\n<\/ul>\n<h5><span style=\"color: #000000;\"><strong>Andere Versionen:<\/strong><\/span><\/h5>\n<p><span style=\"color: #000000;\">Suchen Sie eine LED-Lampe aus der Strands-Firefly-Line? Aber ist der Strands Firefly 9 Zoll Scheinwerfer SCHWARZ nicht die Lampe, die Sie suchen? Dann wissen Sie, dass die Firefly-Line der Marke Strands auch verschiedene andere Lampentypen umfasst. Nachfolgend finden Sie eine Liste der anderen Modelle, die Strands anbietet.\u00a0<\/span><\/p>\n<ul>\n<li><span style=\"color: #000000;\"><a style=\"color: #000000;\" href=\"https:\/\/www.oudadl.testontwikkeling.nl\/de\/produkt\/strands-firefly-verstraler-9inch-wit\/\"><strong>Firefly Strahler 9'' wei\u00df<\/strong><\/a><\/span><\/li>\n<li><span style=\"color: #000000;\"><a style=\"color: #000000;\" href=\"https:\/\/www.oudadl.testontwikkeling.nl\/de\/produkt\/strands-firefly-one-verstraler\/\"><strong>Firefly Strahler oval<\/strong><\/a><\/span><\/li>\n<li><span style=\"color: #000000;\"><strong><a style=\"color: #000000;\" href=\"https:\/\/www.oudadl.testontwikkeling.nl\/de\/produkt\/strands-firefly-led-bar-20-inch\/\">Firefly LED bar 20&quot;<\/a><\/strong><\/span><\/li>\n<li><span style=\"color: #000000;\"><a style=\"color: #000000;\" href=\"https:\/\/www.oudadl.testontwikkeling.nl\/de\/produkt\/strands-firefly-led-bar-10-inch\/\"><strong>Firefly LED bar 10&quot;<\/strong><\/a><\/span><\/li>\n<li><span style=\"color: #000000;\"><a style=\"color: #000000;\" href=\"https:\/\/www.oudadl.testontwikkeling.nl\/de\/produkt\/strands-firefly-best-view-led-lamp\/\"><strong>Firefly best view<\/strong><\/a><\/span><\/li>\n<\/ul>\n<p><span style=\"color: #000000;\">Sind Sie immer noch nicht davon \u00fcberzeugt, dass der Strands Firefly Scheinwerfer schwarz in der 9-Zoll-Version das ist, was Sie suchen? Einfach, weil Ihnen die Lichtleistung, Wattzahl oder Form nicht gef\u00e4llt? Sehen Sie sich hier das komplette Sortiment an <a style=\"color: #000000;\" href=\"https:\/\/www.oudadl.testontwikkeling.nl\/de\/merk\/produkt-strands-beleuchtungsabteilung\/\" target=\"_blank\" rel=\"noopener\">Strands.<\/a> M\u00f6glicherweise finden Sie hier die Lampe oder das Zubeh\u00f6r, nach dem Sie suchen. Ansehen <a style=\"color: #000000;\" href=\"https:\/\/strandseurope.com\/product\/firefly-driving-light-9-led-professional-black\/\" target=\"_blank\" rel=\"noopener\">hier<\/a> die umfangreiche Produktseite von Strands.<\/span><\/p>","protected":false},"excerpt":{"rendered":"<p>Strands Firefly 9 inch verstraler zwart met flitslamp, voor 12 en 24 volt.\u00a0 Wilt u uw auto, SUV, vrachtwagen, bedrijfswagen of ander soort voertuig voorzien van een nieuw type verstraler, maar weet u niet precies wat u zoekt? Wellicht is de Firefly 9 inch LED verstraler met tweekleurig standlicht dan wel d\u00e9 lamp die u [&hellip;]<\/p>\n","protected":false},"featured_media":47370,"comment_status":"open","ping_status":"closed","template":"","meta":{"_acf_changed":false,"site-sidebar-layout":"default","site-content-layout":"default","ast-site-content-layout":"default","site-content-style":"default","site-sidebar-style":"default","ast-global-header-display":"","ast-banner-title-visibility":"","ast-main-header-display":"","ast-hfb-above-header-display":"","ast-hfb-below-header-display":"","ast-hfb-mobile-header-display":"","site-post-title":"","ast-breadcrumbs-content":"","ast-featured-img":"","footer-sml-layout":"","ast-disable-related-posts":"","theme-transparent-header-meta":"default","adv-header-id-meta":"","stick-header-meta":"","header-above-stick-meta":"","header-main-stick-meta":"","header-below-stick-meta":"","astra-migrate-meta-layouts":"set","ast-page-background-enabled":"default","ast-page-background-meta":{"desktop":{"background-color":"","background-image":"","background-repeat":"repeat","background-position":"center center","background-size":"auto","background-attachment":"scroll","background-type":"","background-media":"","overlay-type":"","overlay-color":"","overlay-opacity":"","overlay-gradient":""},"tablet":{"background-color":"","background-image":"","background-repeat":"repeat","background-position":"center center","background-size":"auto","background-attachment":"scroll","background-type":"","background-media":"","overlay-type":"","overlay-color":"","overlay-opacity":"","overlay-gradient":""},"mobile":{"background-color":"","background-image":"","background-repeat":"repeat","background-position":"center center","background-size":"auto","background-attachment":"scroll","background-type":"","background-media":"","overlay-type":"","overlay-color":"","overlay-opacity":"","overlay-gradient":""}},"ast-content-background-meta":{"desktop":{"background-color":"var(--ast-global-color-5)","background-image":"","background-repeat":"repeat","background-position":"center center","background-size":"auto","background-attachment":"scroll","background-type":"","background-media":"","overlay-type":"","overlay-color":"","overlay-opacity":"","overlay-gradient":""},"tablet":{"background-color":"var(--ast-global-color-5)","background-image":"","background-repeat":"repeat","background-position":"center center","background-size":"auto","background-attachment":"scroll","background-type":"","background-media":"","overlay-type":"","overlay-color":"","overlay-opacity":"","overlay-gradient":""},"mobile":{"background-color":"var(--ast-global-color-5)","background-image":"","background-repeat":"repeat","background-position":"center center","background-size":"auto","background-attachment":"scroll","background-type":"","background-media":"","overlay-type":"","overlay-color":"","overlay-opacity":"","overlay-gradient":""}}},"product_brand":[],"product_cat":[7962],"product_tag":[5822,5823,5824,5825,5821,2426,2427,2465],"class_list":{"0":"post-47238","1":"product","2":"type-product","3":"status-publish","4":"has-post-thumbnail","6":"product_cat-verstraler-rond","7":"product_tag-led-verstraler-auto","8":"product_tag-led-verstraler-camper","9":"product_tag-led-verstraler-pickup","10":"product_tag-led-verstraler-tractor","11":"product_tag-led-verstraler-vrachtwagen","12":"product_tag-strands-led-verlichting","13":"product_tag-strands-lighting-division","14":"product_tag-verstraler-met-stadslicht","15":"pa_merkk-product-strands-lighting-division","16":"desktop-align-left","17":"tablet-align-left","18":"mobile-align-left","20":"first","21":"instock","22":"taxable","23":"shipping-taxable","24":"purchasable","25":"product-type-simple"},"acf":[],"yoast_head":"<!-- This site is optimized with the Yoast SEO Premium plugin v25.9 (Yoast SEO v27.6) - https:\/\/yoast.com\/product\/yoast-seo-premium-wordpress\/ -->\n<title>Strands Firefly verstraler zwart - FULL LED LAMP - All Day Led - 12&amp;24V gebruik<\/title>\n<meta name=\"description\" content=\"Strands Firefly verstraler zwart - Strands - voor 12&amp;24V - 16.800 Lumen! - oranje - wit standlicht en flitser - met ECE R65, R148 en R149 goedkeuring\" \/>\n<meta name=\"robots\" content=\"noindex, follow, max-snippet:-1, max-image-preview:large, max-video-preview:-1\" \/>\n<meta property=\"og:locale\" content=\"de_DE\" \/>\n<meta property=\"og:type\" content=\"article\" \/>\n<meta property=\"og:title\" content=\"Strands Firefly verstraler zwart - FULL LED LAMP - All Day Led - 12&amp;24V gebruik\" \/>\n<meta property=\"og:description\" content=\"Strands Firefly verstraler zwart - Strands - voor 12&amp;24V - 16.800 Lumen! - oranje - wit standlicht en flitser - met ECE R65, R148 en R149 goedkeuring\" \/>\n<meta property=\"og:url\" content=\"https:\/\/www.oudadl.testontwikkeling.nl\/de\/produkt\/strands-firefly-verstraler-9inch-zwart\/\" \/>\n<meta property=\"og:site_name\" content=\"All Day Led\" \/>\n<meta property=\"article:publisher\" content=\"https:\/\/www.facebook.com\/alldayled\/\" \/>\n<meta property=\"article:modified_time\" content=\"2025-10-15T13:22:50+00:00\" \/>\n<meta property=\"og:image\" content=\"https:\/\/www.oudadl.testontwikkeling.nl\/wp-content\/uploads\/2024\/07\/ADL70956-07.png\" \/>\n\t<meta property=\"og:image:width\" content=\"800\" \/>\n\t<meta property=\"og:image:height\" content=\"800\" \/>\n\t<meta property=\"og:image:type\" content=\"image\/png\" \/>\n<meta name=\"twitter:label1\" content=\"Preis\" \/>\n\t<meta name=\"twitter:data1\" content=\"&euro;309,00\" \/>\n\t<meta name=\"twitter:label2\" content=\"Verf\u00fcgbarkeit\" \/>\n\t<meta name=\"twitter:data2\" content=\"Auf Lager\" \/>\n<script type=\"application\/ld+json\" class=\"yoast-schema-graph\">{\"@context\":\"https:\\\/\\\/schema.org\",\"@graph\":[{\"@type\":[\"WebPage\",\"ItemPage\"],\"@id\":\"https:\\\/\\\/www.oudadl.testontwikkeling.nl\\\/product\\\/strands-firefly-verstraler-9inch-zwart\\\/\",\"url\":\"https:\\\/\\\/www.oudadl.testontwikkeling.nl\\\/product\\\/strands-firefly-verstraler-9inch-zwart\\\/\",\"name\":\"Strands Firefly verstraler zwart - FULL LED LAMP - All Day Led - 12&24V gebruik\",\"isPartOf\":{\"@id\":\"https:\\\/\\\/www.oudadl.testontwikkeling.nl\\\/#website\"},\"primaryImageOfPage\":{\"@id\":\"https:\\\/\\\/www.oudadl.testontwikkeling.nl\\\/product\\\/strands-firefly-verstraler-9inch-zwart\\\/#primaryimage\"},\"image\":{\"@id\":\"https:\\\/\\\/www.oudadl.testontwikkeling.nl\\\/product\\\/strands-firefly-verstraler-9inch-zwart\\\/#primaryimage\"},\"thumbnailUrl\":\"https:\\\/\\\/www.oudadl.testontwikkeling.nl\\\/wp-content\\\/uploads\\\/2024\\\/07\\\/ADL70956.png\",\"datePublished\":\"2024-07-19T06:11:46+00:00\",\"dateModified\":\"2025-10-15T13:22:50+00:00\",\"description\":\"Strands Firefly verstraler zwart - Strands - voor 12&24V - 16.800 Lumen! - oranje - wit standlicht en flitser - met ECE R65, R148 en R149 goedkeuring\",\"breadcrumb\":{\"@id\":\"https:\\\/\\\/www.oudadl.testontwikkeling.nl\\\/product\\\/strands-firefly-verstraler-9inch-zwart\\\/#breadcrumb\"},\"inLanguage\":\"de\",\"potentialAction\":[{\"@type\":\"ReadAction\",\"target\":[\"https:\\\/\\\/www.oudadl.testontwikkeling.nl\\\/product\\\/strands-firefly-verstraler-9inch-zwart\\\/\"]}]},{\"@type\":\"ImageObject\",\"inLanguage\":\"de\",\"@id\":\"https:\\\/\\\/www.oudadl.testontwikkeling.nl\\\/product\\\/strands-firefly-verstraler-9inch-zwart\\\/#primaryimage\",\"url\":\"https:\\\/\\\/www.oudadl.testontwikkeling.nl\\\/wp-content\\\/uploads\\\/2024\\\/07\\\/ADL70956.png\",\"contentUrl\":\"https:\\\/\\\/www.oudadl.testontwikkeling.nl\\\/wp-content\\\/uploads\\\/2024\\\/07\\\/ADL70956.png\",\"width\":800,\"height\":600,\"caption\":\"Strands Firefly full LED verstraler 9 inch - A revolutionary driving light that stands out by blending in with your vehicle - SUPERDIK - geschikt voor auto, vrachtwagen, camper, tractor en meer - werkzaam op 12 en 24 volt - EAN: 7350133816331\"},{\"@type\":\"BreadcrumbList\",\"@id\":\"https:\\\/\\\/www.oudadl.testontwikkeling.nl\\\/product\\\/strands-firefly-verstraler-9inch-zwart\\\/#breadcrumb\",\"itemListElement\":[{\"@type\":\"ListItem\",\"position\":1,\"name\":\"Home\",\"item\":\"https:\\\/\\\/www.oudadl.testontwikkeling.nl\\\/\"},{\"@type\":\"ListItem\",\"position\":2,\"name\":\"Shop\",\"item\":\"https:\\\/\\\/www.oudadl.testontwikkeling.nl\\\/de\\\/shop\\\/\"},{\"@type\":\"ListItem\",\"position\":3,\"name\":\"Verstralers\",\"item\":\"https:\\\/\\\/www.oudadl.testontwikkeling.nl\\\/product-categorie\\\/verstralers\\\/\"},{\"@type\":\"ListItem\",\"position\":4,\"name\":\"Verstraler rond\",\"item\":\"https:\\\/\\\/www.oudadl.testontwikkeling.nl\\\/product-categorie\\\/verstralers\\\/verstraler-rond\\\/\"},{\"@type\":\"ListItem\",\"position\":5,\"name\":\"Strands Firefly verstraler 9 inch &#8211; zwart\"}]},{\"@type\":\"WebSite\",\"@id\":\"https:\\\/\\\/www.oudadl.testontwikkeling.nl\\\/#website\",\"url\":\"https:\\\/\\\/www.oudadl.testontwikkeling.nl\\\/\",\"name\":\"All Day Led\",\"description\":\"\",\"publisher\":{\"@id\":\"https:\\\/\\\/www.oudadl.testontwikkeling.nl\\\/#organization\"},\"potentialAction\":[{\"@type\":\"SearchAction\",\"target\":{\"@type\":\"EntryPoint\",\"urlTemplate\":\"https:\\\/\\\/www.oudadl.testontwikkeling.nl\\\/?s={search_term_string}\"},\"query-input\":{\"@type\":\"PropertyValueSpecification\",\"valueRequired\":true,\"valueName\":\"search_term_string\"}}],\"inLanguage\":\"de\"},{\"@type\":\"Organization\",\"@id\":\"https:\\\/\\\/www.oudadl.testontwikkeling.nl\\\/#organization\",\"name\":\"All Day Led\",\"url\":\"https:\\\/\\\/www.oudadl.testontwikkeling.nl\\\/\",\"logo\":{\"@type\":\"ImageObject\",\"inLanguage\":\"de\",\"@id\":\"https:\\\/\\\/www.oudadl.testontwikkeling.nl\\\/#\\\/schema\\\/logo\\\/image\\\/\",\"url\":\"https:\\\/\\\/www.oudadl.testontwikkeling.nl\\\/wp-content\\\/uploads\\\/2022\\\/08\\\/Logo-ALL-DAY-LED-800x800-zwart-witte-letters.png\",\"contentUrl\":\"https:\\\/\\\/www.oudadl.testontwikkeling.nl\\\/wp-content\\\/uploads\\\/2022\\\/08\\\/Logo-ALL-DAY-LED-800x800-zwart-witte-letters.png\",\"width\":800,\"height\":800,\"caption\":\"All Day Led\"},\"image\":{\"@id\":\"https:\\\/\\\/www.oudadl.testontwikkeling.nl\\\/#\\\/schema\\\/logo\\\/image\\\/\"},\"sameAs\":[\"https:\\\/\\\/www.facebook.com\\\/alldayled\\\/\",\"https:\\\/\\\/www.instagram.com\\\/alldayled\\\/\"],\"vatID\":\"NL863960133B01\",\"taxID\":\"86416545\",\"hasMerchantReturnPolicy\":{\"@type\":\"MerchantReturnPolicy\",\"merchantReturnLink\":\"https:\\\/\\\/www.oudadl.testontwikkeling.nl\\\/de\\\/verzenden-retourneren\\\/\"}}]}<\/script>\n<meta property=\"product:brand\" content=\"Strands\" \/>\n<meta property=\"product:price:amount\" content=\"309.00\" \/>\n<meta property=\"product:price:currency\" content=\"EUR\" \/>\n<meta property=\"og:availability\" content=\"instock\" \/>\n<meta property=\"product:availability\" content=\"instock\" \/>\n<meta property=\"product:retailer_item_id\" content=\"ADL270956\" \/>\n<meta property=\"product:condition\" content=\"new\" \/>\n<!-- \/ Yoast SEO Premium plugin. -->","yoast_head_json":{"title":"Strands Firefly Scheinwerfer schwarz - Full LED LAMPE - All Day Led - 12&amp;24V Einsatz","description":"Strands Firefly Scheinwerfer schwarz - Strands - f\u00fcr 12&amp;24V - 16.800 Lumen! - orange - wei\u00dfes Standlicht und Blitz - mit ECE R65, R148 und R149 Zulassung","robots":{"index":"noindex","follow":"follow","max-snippet":"max-snippet:-1","max-image-preview":"max-image-preview:large","max-video-preview":"max-video-preview:-1"},"og_locale":"de_DE","og_type":"article","og_title":"Strands Firefly verstraler zwart - FULL LED LAMP - All Day Led - 12&24V gebruik","og_description":"Strands Firefly verstraler zwart - Strands - voor 12&24V - 16.800 Lumen! - oranje - wit standlicht en flitser - met ECE R65, R148 en R149 goedkeuring","og_url":"https:\/\/www.oudadl.testontwikkeling.nl\/de\/produkt\/strands-firefly-verstraler-9inch-zwart\/","og_site_name":"All Day Led","article_publisher":"https:\/\/www.facebook.com\/alldayled\/","article_modified_time":"2025-10-15T13:22:50+00:00","og_image":[{"width":800,"height":800,"url":"https:\/\/www.oudadl.testontwikkeling.nl\/wp-content\/uploads\/2024\/07\/ADL70956-07.png","type":"image\/png"}],"twitter_misc":{"Preis":"&euro;309,00","Verf\u00fcgbarkeit":"Auf Lager"},"schema":{"@context":"https:\/\/schema.org","@graph":[{"@type":["WebPage","ItemPage"],"@id":"https:\/\/www.oudadl.testontwikkeling.nl\/product\/strands-firefly-verstraler-9inch-zwart\/","url":"https:\/\/www.oudadl.testontwikkeling.nl\/product\/strands-firefly-verstraler-9inch-zwart\/","name":"Strands Firefly Scheinwerfer schwarz - Full LED LAMPE - All Day Led - 12&amp;24V Einsatz","isPartOf":{"@id":"https:\/\/www.oudadl.testontwikkeling.nl\/#website"},"primaryImageOfPage":{"@id":"https:\/\/www.oudadl.testontwikkeling.nl\/product\/strands-firefly-verstraler-9inch-zwart\/#primaryimage"},"image":{"@id":"https:\/\/www.oudadl.testontwikkeling.nl\/product\/strands-firefly-verstraler-9inch-zwart\/#primaryimage"},"thumbnailUrl":"https:\/\/www.oudadl.testontwikkeling.nl\/wp-content\/uploads\/2024\/07\/ADL70956.png","datePublished":"2024-07-19T06:11:46+00:00","dateModified":"2025-10-15T13:22:50+00:00","description":"Strands Firefly Scheinwerfer schwarz - Strands - f\u00fcr 12&amp;24V - 16.800 Lumen! - orange - wei\u00dfes Standlicht und Blitz - mit ECE R65, R148 und R149 Zulassung","breadcrumb":{"@id":"https:\/\/www.oudadl.testontwikkeling.nl\/product\/strands-firefly-verstraler-9inch-zwart\/#breadcrumb"},"inLanguage":"de","potentialAction":[{"@type":"ReadAction","target":["https:\/\/www.oudadl.testontwikkeling.nl\/product\/strands-firefly-verstraler-9inch-zwart\/"]}]},{"@type":"ImageObject","inLanguage":"de","@id":"https:\/\/www.oudadl.testontwikkeling.nl\/product\/strands-firefly-verstraler-9inch-zwart\/#primaryimage","url":"https:\/\/www.oudadl.testontwikkeling.nl\/wp-content\/uploads\/2024\/07\/ADL70956.png","contentUrl":"https:\/\/www.oudadl.testontwikkeling.nl\/wp-content\/uploads\/2024\/07\/ADL70956.png","width":800,"height":600,"caption":"Strands Firefly full LED verstraler 9 inch - A revolutionary driving light that stands out by blending in with your vehicle - SUPERDIK - geschikt voor auto, vrachtwagen, camper, tractor en meer - werkzaam op 12 en 24 volt - EAN: 7350133816331"},{"@type":"BreadcrumbList","@id":"https:\/\/www.oudadl.testontwikkeling.nl\/product\/strands-firefly-verstraler-9inch-zwart\/#breadcrumb","itemListElement":[{"@type":"ListItem","position":1,"name":"Home","item":"https:\/\/www.oudadl.testontwikkeling.nl\/"},{"@type":"ListItem","position":2,"name":"Shop","item":"https:\/\/www.oudadl.testontwikkeling.nl\/de\/shop\/"},{"@type":"ListItem","position":3,"name":"Verstralers","item":"https:\/\/www.oudadl.testontwikkeling.nl\/product-categorie\/verstralers\/"},{"@type":"ListItem","position":4,"name":"Verstraler rond","item":"https:\/\/www.oudadl.testontwikkeling.nl\/product-categorie\/verstralers\/verstraler-rond\/"},{"@type":"ListItem","position":5,"name":"Strands Firefly verstraler 9 inch &#8211; zwart"}]},{"@type":"WebSite","@id":"https:\/\/www.oudadl.testontwikkeling.nl\/#website","url":"https:\/\/www.oudadl.testontwikkeling.nl\/","name":"All Day Led","description":"","publisher":{"@id":"https:\/\/www.oudadl.testontwikkeling.nl\/#organization"},"potentialAction":[{"@type":"SearchAction","target":{"@type":"EntryPoint","urlTemplate":"https:\/\/www.oudadl.testontwikkeling.nl\/?s={search_term_string}"},"query-input":{"@type":"PropertyValueSpecification","valueRequired":true,"valueName":"search_term_string"}}],"inLanguage":"de"},{"@type":"Organization","@id":"https:\/\/www.oudadl.testontwikkeling.nl\/#organization","name":"All Day Led","url":"https:\/\/www.oudadl.testontwikkeling.nl\/","logo":{"@type":"ImageObject","inLanguage":"de","@id":"https:\/\/www.oudadl.testontwikkeling.nl\/#\/schema\/logo\/image\/","url":"https:\/\/www.oudadl.testontwikkeling.nl\/wp-content\/uploads\/2022\/08\/Logo-ALL-DAY-LED-800x800-zwart-witte-letters.png","contentUrl":"https:\/\/www.oudadl.testontwikkeling.nl\/wp-content\/uploads\/2022\/08\/Logo-ALL-DAY-LED-800x800-zwart-witte-letters.png","width":800,"height":800,"caption":"All Day Led"},"image":{"@id":"https:\/\/www.oudadl.testontwikkeling.nl\/#\/schema\/logo\/image\/"},"sameAs":["https:\/\/www.facebook.com\/alldayled\/","https:\/\/www.instagram.com\/alldayled\/"],"vatID":"NL863960133B01","taxID":"86416545","hasMerchantReturnPolicy":{"@type":"MerchantReturnPolicy","merchantReturnLink":"https:\/\/www.oudadl.testontwikkeling.nl\/de\/verzenden-retourneren\/"}}]},"product_brand":"Strands","product_price_amount":"309.00","product_price_currency":"EUR","og_availability":"instock","product_availability":"instock","product_retailer_item_id":"ADL270956","product_condition":"new"},"_links":{"self":[{"href":"https:\/\/www.oudadl.testontwikkeling.nl\/de\/wp-json\/wp\/v2\/product\/47238","targetHints":{"allow":["GET"]}}],"collection":[{"href":"https:\/\/www.oudadl.testontwikkeling.nl\/de\/wp-json\/wp\/v2\/product"}],"about":[{"href":"https:\/\/www.oudadl.testontwikkeling.nl\/de\/wp-json\/wp\/v2\/types\/product"}],"replies":[{"embeddable":true,"href":"https:\/\/www.oudadl.testontwikkeling.nl\/de\/wp-json\/wp\/v2\/comments?post=47238"}],"wp:featuredmedia":[{"embeddable":true,"href":"https:\/\/www.oudadl.testontwikkeling.nl\/de\/wp-json\/wp\/v2\/media\/47370"}],"wp:attachment":[{"href":"https:\/\/www.oudadl.testontwikkeling.nl\/de\/wp-json\/wp\/v2\/media?parent=47238"}],"wp:term":[{"taxonomy":"product_brand","embeddable":true,"href":"https:\/\/www.oudadl.testontwikkeling.nl\/de\/wp-json\/wp\/v2\/product_brand?post=47238"},{"taxonomy":"product_cat","embeddable":true,"href":"https:\/\/www.oudadl.testontwikkeling.nl\/de\/wp-json\/wp\/v2\/product_cat?post=47238"},{"taxonomy":"product_tag","embeddable":true,"href":"https:\/\/www.oudadl.testontwikkeling.nl\/de\/wp-json\/wp\/v2\/product_tag?post=47238"}],"curies":[{"name":"wp","href":"https:\/\/api.w.org\/{rel}","templated":true}]}}