{"id":47189,"date":"2024-07-16T09:18:03","date_gmt":"2024-07-16T08:18:03","guid":{"rendered":"https:\/\/www.oudadl.testontwikkeling.nl\/?post_type=product&#038;p=47189"},"modified":"2025-11-20T14:47:57","modified_gmt":"2025-11-20T13:47:57","slug":"led-toplamp-dual-color","status":"publish","type":"product","link":"https:\/\/www.oudadl.testontwikkeling.nl\/de\/product\/led-toplamp-dual-color\/","title":{"rendered":"LED Topleuchte DUAL COLOR"},"content":{"rendered":"<p><span style=\"color: #000000\"><strong>LED Topleuchte DUAL COLOR, f\u00fcr 24 Volt Betrieb.<\/strong><\/span><\/p>\n<p><span style=\"color: #000000\">Suchen Sie die bekannte Volvo LED Oberleuchte mit flachem Boden und zweifarbigem Licht? Dann k\u00f6nnte die LED-Toplampe DUAL COLOR der Marke Nedking die Lampe sein, nach der Sie suchen. Das zweifarbige Oberlicht der Marke Nedking ist mit 3 LED-Punkten ausgestattet und kann wahlweise in Wei\u00df oder Orange leuchten, was je nach Wunsch eingestellt werden kann. Die Volvo-Topleuchte funktioniert nur mit 24 Volt. Dadurch k\u00f6nnen Sie die LED-Lampe beispielsweise an Ihrem LKW oder Anh\u00e4nger montieren.<\/span><\/p>\n<p><span style=\"color: #000000\">Denn vor dem Kauf m\u00f6chten Sie sicher sein, dass die Top-Lampe genau das ist, was Sie suchen. Nachfolgend haben wir einige Merkmale der Lampe beschrieben. Die Volvo-Oberleuchte DUAL COLOR wird mit einem flachen Befestigungsgummi geliefert. Dank des Gummis k\u00f6nnen Sie die Lampe beispielsweise problemlos an Ihrer Kabine montieren. Dar\u00fcber hinaus verf\u00fcgt die LED-Lampe \u00fcber das ECE-R10-G\u00fctezeichen. Dieses G\u00fctezeichen bedeutet, dass die Lampe bei korrekter Installation beispielsweise Ihr Funksignal nicht st\u00f6rt. Dar\u00fcber hinaus wird die LED-Lampe mit einem 20 cm langen Kabel geliefert, was eine einfache Installation erm\u00f6glicht.<\/span><\/p>\n<h5><span style=\"color: #000000\"><strong>Andere Modelle:<\/strong><\/span><\/h5>\n<p><span style=\"color: #000000\">M\u00f6chten Sie eine Volvo LED Topleuchte einbauen, ist die DUAL COLOR mit flachem Montagegummi jedoch nicht die Lampe, die Sie suchen? Dann wissen Sie, dass Nedking in den folgenden Versionen auch die zweifarbige Oberleuchte LED anbietet.<\/span><\/p>\n<ul>\n<li><span style=\"color: #000000\"><a style=\"color: #000000\" href=\"https:\/\/www.oudadl.testontwikkeling.nl\/de\/produkt\/led-toplamp-dual-color-rechts\/\"><strong>Volvo LED Topleuchte RECHTS<\/strong><\/a><\/span><\/li>\n<li><span style=\"color: #000000\"><a style=\"color: #000000\" href=\"https:\/\/www.oudadl.testontwikkeling.nl\/de\/produkt\/led-toplamp-dual-color-links\/\"><strong>Volvo LED Topleuchte LINKS<\/strong><\/a><\/span><\/li>\n<\/ul>\n<p><span style=\"color: #000000\">Sind Sie immer noch nicht \u00fcberzeugt, nachdem Sie alle Spezifikationen und Funktionen dieser Lampe gelesen haben? Einfach, weil Ihnen die Farbe, Form oder Spannung der LED Topleuchte DUAL COLOR nicht gef\u00e4llt? Sehen Sie sich hier das komplette Beleuchtungssortiment der Marke an <a style=\"color: #000000\" href=\"https:\/\/www.oudadl.testontwikkeling.nl\/de\/merk\/produktabdeckung\/\" target=\"_blank\" rel=\"noopener\">Nedking.<\/a><\/span><\/p>","protected":false},"excerpt":{"rendered":"<p>LED toplamp DUAL COLOR, voor 24 volt gebruik. Bent u opzoek naar de welbekende Volvo LED toplamp met vlakke onderkant en tweekleurig licht erin? Dan is de LED toplamp DUAL COLOR van het merk Nedking wellicht de lamp die u zoekt. Het tweekleurige toplicht van het merk Nedking is voorzien van 3 LED punten en [&hellip;]<\/p>\n","protected":false},"featured_media":47208,"comment_status":"open","ping_status":"closed","template":"","meta":{"_acf_changed":false,"site-sidebar-layout":"default","site-content-layout":"default","ast-site-content-layout":"default","site-content-style":"default","site-sidebar-style":"default","ast-global-header-display":"","ast-banner-title-visibility":"","ast-main-header-display":"","ast-hfb-above-header-display":"","ast-hfb-below-header-display":"","ast-hfb-mobile-header-display":"","site-post-title":"","ast-breadcrumbs-content":"","ast-featured-img":"","footer-sml-layout":"","ast-disable-related-posts":"","theme-transparent-header-meta":"default","adv-header-id-meta":"","stick-header-meta":"","header-above-stick-meta":"","header-main-stick-meta":"","header-below-stick-meta":"","astra-migrate-meta-layouts":"set","ast-page-background-enabled":"default","ast-page-background-meta":{"desktop":{"background-color":"","background-image":"","background-repeat":"repeat","background-position":"center center","background-size":"auto","background-attachment":"scroll","background-type":"","background-media":"","overlay-type":"","overlay-color":"","overlay-opacity":"","overlay-gradient":""},"tablet":{"background-color":"","background-image":"","background-repeat":"repeat","background-position":"center center","background-size":"auto","background-attachment":"scroll","background-type":"","background-media":"","overlay-type":"","overlay-color":"","overlay-opacity":"","overlay-gradient":""},"mobile":{"background-color":"","background-image":"","background-repeat":"repeat","background-position":"center center","background-size":"auto","background-attachment":"scroll","background-type":"","background-media":"","overlay-type":"","overlay-color":"","overlay-opacity":"","overlay-gradient":""}},"ast-content-background-meta":{"desktop":{"background-color":"var(--ast-global-color-5)","background-image":"","background-repeat":"repeat","background-position":"center center","background-size":"auto","background-attachment":"scroll","background-type":"","background-media":"","overlay-type":"","overlay-color":"","overlay-opacity":"","overlay-gradient":""},"tablet":{"background-color":"var(--ast-global-color-5)","background-image":"","background-repeat":"repeat","background-position":"center center","background-size":"auto","background-attachment":"scroll","background-type":"","background-media":"","overlay-type":"","overlay-color":"","overlay-opacity":"","overlay-gradient":""},"mobile":{"background-color":"var(--ast-global-color-5)","background-image":"","background-repeat":"repeat","background-position":"center center","background-size":"auto","background-attachment":"scroll","background-type":"","background-media":"","overlay-type":"","overlay-color":"","overlay-opacity":"","overlay-gradient":""}}},"product_brand":[],"product_cat":[270],"product_tag":[2248,2397,5001,2250],"class_list":{"0":"post-47189","1":"product","2":"type-product","3":"status-publish","4":"has-post-thumbnail","6":"product_cat-toplichten","7":"product_tag-led-toplamp","8":"product_tag-nedking","9":"product_tag-nedking-verlichting","10":"product_tag-volvo-verlichting","11":"pa_merkk-product-nedking","12":"desktop-align-left","13":"tablet-align-left","14":"mobile-align-left","16":"first","17":"instock","18":"taxable","19":"shipping-taxable","20":"purchasable","21":"product-type-simple"},"acf":[],"yoast_head":"<!-- This site is optimized with the Yoast SEO Premium plugin v25.9 (Yoast SEO v27.6) - https:\/\/yoast.com\/product\/yoast-seo-premium-wordpress\/ -->\n<title>LED toplamp DUAL COLOR - All Day Led - voor 24 volt gebruik<\/title>\n<meta name=\"description\" content=\"LED toplamp DUAL COLOR - welbekende Volvo LED toplamp met vlak montage rubber - DUAL COLOR WIT-AMBER - voor op een vrachtwagen cabine\" \/>\n<meta name=\"robots\" content=\"noindex, follow, max-snippet:-1, max-image-preview:large, max-video-preview:-1\" \/>\n<meta property=\"og:locale\" content=\"de_DE\" \/>\n<meta property=\"og:type\" content=\"article\" \/>\n<meta property=\"og:title\" content=\"LED toplamp DUAL COLOR - All Day Led - voor 24 volt gebruik\" \/>\n<meta property=\"og:description\" content=\"LED toplamp DUAL COLOR - welbekende Volvo LED toplamp met vlak montage rubber - DUAL COLOR WIT-AMBER - voor op een vrachtwagen cabine\" \/>\n<meta property=\"og:url\" content=\"https:\/\/www.oudadl.testontwikkeling.nl\/de\/produkt\/led-toplamp-dual-color\/\" \/>\n<meta property=\"og:site_name\" content=\"All Day Led\" \/>\n<meta property=\"article:publisher\" content=\"https:\/\/www.facebook.com\/alldayled\/\" \/>\n<meta property=\"article:modified_time\" content=\"2025-11-20T13:47:57+00:00\" \/>\n<meta property=\"og:image\" content=\"https:\/\/www.oudadl.testontwikkeling.nl\/wp-content\/uploads\/2024\/08\/ADL81012WA-LED.01.png\" \/>\n\t<meta property=\"og:image:width\" content=\"800\" \/>\n\t<meta property=\"og:image:height\" content=\"800\" \/>\n\t<meta property=\"og:image:type\" content=\"image\/png\" \/>\n<meta name=\"twitter:label1\" content=\"Preis\" \/>\n\t<meta name=\"twitter:data1\" content=\"&euro;29,95\" \/>\n\t<meta name=\"twitter:label2\" content=\"Verf\u00fcgbarkeit\" \/>\n\t<meta name=\"twitter:data2\" content=\"Auf Lager\" \/>\n<script type=\"application\/ld+json\" class=\"yoast-schema-graph\">{\"@context\":\"https:\\\/\\\/schema.org\",\"@graph\":[{\"@type\":\"WebPage\",\"@id\":\"https:\\\/\\\/www.oudadl.testontwikkeling.nl\\\/nl\\\/product\\\/led-toplamp-dual-color\\\/\",\"url\":\"https:\\\/\\\/www.oudadl.testontwikkeling.nl\\\/nl\\\/product\\\/led-toplamp-dual-color\\\/\",\"name\":\"LED toplamp DUAL COLOR - All Day Led - voor 24 volt gebruik\",\"isPartOf\":{\"@id\":\"https:\\\/\\\/www.oudadl.testontwikkeling.nl\\\/#website\"},\"primaryImageOfPage\":{\"@id\":\"https:\\\/\\\/www.oudadl.testontwikkeling.nl\\\/nl\\\/product\\\/led-toplamp-dual-color\\\/#primaryimage\"},\"image\":{\"@id\":\"https:\\\/\\\/www.oudadl.testontwikkeling.nl\\\/nl\\\/product\\\/led-toplamp-dual-color\\\/#primaryimage\"},\"thumbnailUrl\":\"https:\\\/\\\/www.oudadl.testontwikkeling.nl\\\/wp-content\\\/uploads\\\/2024\\\/07\\\/ADL81012WA-LED.png\",\"datePublished\":\"2024-07-16T08:18:03+00:00\",\"dateModified\":\"2025-11-20T13:47:57+00:00\",\"description\":\"LED toplamp DUAL COLOR - welbekende Volvo LED toplamp met vlak montage rubber - DUAL COLOR WIT-AMBER - voor op een vrachtwagen cabine\",\"breadcrumb\":{\"@id\":\"https:\\\/\\\/www.oudadl.testontwikkeling.nl\\\/nl\\\/product\\\/led-toplamp-dual-color\\\/#breadcrumb\"},\"inLanguage\":\"de\",\"potentialAction\":[{\"@type\":\"ReadAction\",\"target\":[\"https:\\\/\\\/www.oudadl.testontwikkeling.nl\\\/nl\\\/product\\\/led-toplamp-dual-color\\\/\"]}]},{\"@type\":\"ImageObject\",\"inLanguage\":\"de\",\"@id\":\"https:\\\/\\\/www.oudadl.testontwikkeling.nl\\\/nl\\\/product\\\/led-toplamp-dual-color\\\/#primaryimage\",\"url\":\"https:\\\/\\\/www.oudadl.testontwikkeling.nl\\\/wp-content\\\/uploads\\\/2024\\\/07\\\/ADL81012WA-LED.png\",\"contentUrl\":\"https:\\\/\\\/www.oudadl.testontwikkeling.nl\\\/wp-content\\\/uploads\\\/2024\\\/07\\\/ADL81012WA-LED.png\",\"width\":800,\"height\":600,\"caption\":\"Volvo LED toplamp DUAL COLOR - NEDKING LED toplamp voor een vrachtwagen cabine - tweekleurig standlicht ORANJE\\\/WIT - geschikt voor onder andere cabine dak\"},{\"@type\":\"BreadcrumbList\",\"@id\":\"https:\\\/\\\/www.oudadl.testontwikkeling.nl\\\/nl\\\/product\\\/led-toplamp-dual-color\\\/#breadcrumb\",\"itemListElement\":[{\"@type\":\"ListItem\",\"position\":1,\"name\":\"Home\",\"item\":\"https:\\\/\\\/www.oudadl.testontwikkeling.nl\\\/\"},{\"@type\":\"ListItem\",\"position\":2,\"name\":\"Shop\",\"item\":\"https:\\\/\\\/www.oudadl.testontwikkeling.nl\\\/de\\\/shop\\\/\"},{\"@type\":\"ListItem\",\"position\":3,\"name\":\"Overige\",\"item\":\"https:\\\/\\\/www.oudadl.testontwikkeling.nl\\\/product-categorie\\\/overige-producten\\\/\"},{\"@type\":\"ListItem\",\"position\":4,\"name\":\"Toplichten\",\"item\":\"https:\\\/\\\/www.oudadl.testontwikkeling.nl\\\/product-categorie\\\/overige-producten\\\/toplichten\\\/\"},{\"@type\":\"ListItem\",\"position\":5,\"name\":\"LED toplamp DUAL COLOR\"}]},{\"@type\":\"WebSite\",\"@id\":\"https:\\\/\\\/www.oudadl.testontwikkeling.nl\\\/#website\",\"url\":\"https:\\\/\\\/www.oudadl.testontwikkeling.nl\\\/\",\"name\":\"All Day Led\",\"description\":\"\",\"publisher\":{\"@id\":\"https:\\\/\\\/www.oudadl.testontwikkeling.nl\\\/#organization\"},\"potentialAction\":[{\"@type\":\"SearchAction\",\"target\":{\"@type\":\"EntryPoint\",\"urlTemplate\":\"https:\\\/\\\/www.oudadl.testontwikkeling.nl\\\/?s={search_term_string}\"},\"query-input\":{\"@type\":\"PropertyValueSpecification\",\"valueRequired\":true,\"valueName\":\"search_term_string\"}}],\"inLanguage\":\"de\"},{\"@type\":\"Organization\",\"@id\":\"https:\\\/\\\/www.oudadl.testontwikkeling.nl\\\/#organization\",\"name\":\"All Day Led\",\"url\":\"https:\\\/\\\/www.oudadl.testontwikkeling.nl\\\/\",\"logo\":{\"@type\":\"ImageObject\",\"inLanguage\":\"de\",\"@id\":\"https:\\\/\\\/www.oudadl.testontwikkeling.nl\\\/#\\\/schema\\\/logo\\\/image\\\/\",\"url\":\"https:\\\/\\\/www.oudadl.testontwikkeling.nl\\\/wp-content\\\/uploads\\\/2022\\\/08\\\/Logo-ALL-DAY-LED-800x800-zwart-witte-letters.png\",\"contentUrl\":\"https:\\\/\\\/www.oudadl.testontwikkeling.nl\\\/wp-content\\\/uploads\\\/2022\\\/08\\\/Logo-ALL-DAY-LED-800x800-zwart-witte-letters.png\",\"width\":800,\"height\":800,\"caption\":\"All Day Led\"},\"image\":{\"@id\":\"https:\\\/\\\/www.oudadl.testontwikkeling.nl\\\/#\\\/schema\\\/logo\\\/image\\\/\"},\"sameAs\":[\"https:\\\/\\\/www.facebook.com\\\/alldayled\\\/\",\"https:\\\/\\\/www.instagram.com\\\/alldayled\\\/\"],\"vatID\":\"NL863960133B01\",\"taxID\":\"86416545\",\"hasMerchantReturnPolicy\":{\"@type\":\"MerchantReturnPolicy\",\"merchantReturnLink\":\"https:\\\/\\\/www.oudadl.testontwikkeling.nl\\\/de\\\/verzenden-retourneren\\\/\"}}]}<\/script>\n<meta property=\"product:brand\" content=\"Nedking\" \/>\n<meta property=\"product:price:amount\" content=\"29.95\" \/>\n<meta property=\"product:price:currency\" content=\"EUR\" \/>\n<meta property=\"og:availability\" content=\"instock\" \/>\n<meta property=\"product:availability\" content=\"instock\" \/>\n<meta property=\"product:retailer_item_id\" content=\"ADL81012WA-LED\" \/>\n<meta property=\"product:condition\" content=\"new\" \/>\n<!-- \/ Yoast SEO Premium plugin. -->","yoast_head_json":{"title":"LED Topleuchte DUAL COLOR - All Day Led - f\u00fcr 24-Volt-Betrieb","description":"LED Topleuchte DUAL COLOR \u2013 bekannte Volvo LED Oberleuchte mit flachem Befestigungsgummi \u2013 DUAL COLOR WEISS-AMBER \u2013 f\u00fcr eine LKW-Kabine","robots":{"index":"noindex","follow":"follow","max-snippet":"max-snippet:-1","max-image-preview":"max-image-preview:large","max-video-preview":"max-video-preview:-1"},"og_locale":"de_DE","og_type":"article","og_title":"LED toplamp DUAL COLOR - All Day Led - voor 24 volt gebruik","og_description":"LED toplamp DUAL COLOR - welbekende Volvo LED toplamp met vlak montage rubber - DUAL COLOR WIT-AMBER - voor op een vrachtwagen cabine","og_url":"https:\/\/www.oudadl.testontwikkeling.nl\/de\/produkt\/led-toplamp-dual-color\/","og_site_name":"All Day Led","article_publisher":"https:\/\/www.facebook.com\/alldayled\/","article_modified_time":"2025-11-20T13:47:57+00:00","og_image":[{"width":800,"height":800,"url":"https:\/\/www.oudadl.testontwikkeling.nl\/wp-content\/uploads\/2024\/08\/ADL81012WA-LED.01.png","type":"image\/png"}],"twitter_misc":{"Preis":"&euro;29,95","Verf\u00fcgbarkeit":"Auf Lager"},"schema":{"@context":"https:\/\/schema.org","@graph":[{"@type":"WebPage","@id":"https:\/\/www.oudadl.testontwikkeling.nl\/nl\/product\/led-toplamp-dual-color\/","url":"https:\/\/www.oudadl.testontwikkeling.nl\/nl\/product\/led-toplamp-dual-color\/","name":"LED Topleuchte DUAL COLOR - All Day Led - f\u00fcr 24-Volt-Betrieb","isPartOf":{"@id":"https:\/\/www.oudadl.testontwikkeling.nl\/#website"},"primaryImageOfPage":{"@id":"https:\/\/www.oudadl.testontwikkeling.nl\/nl\/product\/led-toplamp-dual-color\/#primaryimage"},"image":{"@id":"https:\/\/www.oudadl.testontwikkeling.nl\/nl\/product\/led-toplamp-dual-color\/#primaryimage"},"thumbnailUrl":"https:\/\/www.oudadl.testontwikkeling.nl\/wp-content\/uploads\/2024\/07\/ADL81012WA-LED.png","datePublished":"2024-07-16T08:18:03+00:00","dateModified":"2025-11-20T13:47:57+00:00","description":"LED Topleuchte DUAL COLOR \u2013 bekannte Volvo LED Oberleuchte mit flachem Befestigungsgummi \u2013 DUAL COLOR WEISS-AMBER \u2013 f\u00fcr eine LKW-Kabine","breadcrumb":{"@id":"https:\/\/www.oudadl.testontwikkeling.nl\/nl\/product\/led-toplamp-dual-color\/#breadcrumb"},"inLanguage":"de","potentialAction":[{"@type":"ReadAction","target":["https:\/\/www.oudadl.testontwikkeling.nl\/nl\/product\/led-toplamp-dual-color\/"]}]},{"@type":"ImageObject","inLanguage":"de","@id":"https:\/\/www.oudadl.testontwikkeling.nl\/nl\/product\/led-toplamp-dual-color\/#primaryimage","url":"https:\/\/www.oudadl.testontwikkeling.nl\/wp-content\/uploads\/2024\/07\/ADL81012WA-LED.png","contentUrl":"https:\/\/www.oudadl.testontwikkeling.nl\/wp-content\/uploads\/2024\/07\/ADL81012WA-LED.png","width":800,"height":600,"caption":"Volvo LED toplamp DUAL COLOR - NEDKING LED toplamp voor een vrachtwagen cabine - tweekleurig standlicht ORANJE\/WIT - geschikt voor onder andere cabine dak"},{"@type":"BreadcrumbList","@id":"https:\/\/www.oudadl.testontwikkeling.nl\/nl\/product\/led-toplamp-dual-color\/#breadcrumb","itemListElement":[{"@type":"ListItem","position":1,"name":"Home","item":"https:\/\/www.oudadl.testontwikkeling.nl\/"},{"@type":"ListItem","position":2,"name":"Shop","item":"https:\/\/www.oudadl.testontwikkeling.nl\/de\/shop\/"},{"@type":"ListItem","position":3,"name":"Overige","item":"https:\/\/www.oudadl.testontwikkeling.nl\/product-categorie\/overige-producten\/"},{"@type":"ListItem","position":4,"name":"Toplichten","item":"https:\/\/www.oudadl.testontwikkeling.nl\/product-categorie\/overige-producten\/toplichten\/"},{"@type":"ListItem","position":5,"name":"LED toplamp DUAL COLOR"}]},{"@type":"WebSite","@id":"https:\/\/www.oudadl.testontwikkeling.nl\/#website","url":"https:\/\/www.oudadl.testontwikkeling.nl\/","name":"All Day Led","description":"","publisher":{"@id":"https:\/\/www.oudadl.testontwikkeling.nl\/#organization"},"potentialAction":[{"@type":"SearchAction","target":{"@type":"EntryPoint","urlTemplate":"https:\/\/www.oudadl.testontwikkeling.nl\/?s={search_term_string}"},"query-input":{"@type":"PropertyValueSpecification","valueRequired":true,"valueName":"search_term_string"}}],"inLanguage":"de"},{"@type":"Organization","@id":"https:\/\/www.oudadl.testontwikkeling.nl\/#organization","name":"All Day Led","url":"https:\/\/www.oudadl.testontwikkeling.nl\/","logo":{"@type":"ImageObject","inLanguage":"de","@id":"https:\/\/www.oudadl.testontwikkeling.nl\/#\/schema\/logo\/image\/","url":"https:\/\/www.oudadl.testontwikkeling.nl\/wp-content\/uploads\/2022\/08\/Logo-ALL-DAY-LED-800x800-zwart-witte-letters.png","contentUrl":"https:\/\/www.oudadl.testontwikkeling.nl\/wp-content\/uploads\/2022\/08\/Logo-ALL-DAY-LED-800x800-zwart-witte-letters.png","width":800,"height":800,"caption":"All Day Led"},"image":{"@id":"https:\/\/www.oudadl.testontwikkeling.nl\/#\/schema\/logo\/image\/"},"sameAs":["https:\/\/www.facebook.com\/alldayled\/","https:\/\/www.instagram.com\/alldayled\/"],"vatID":"NL863960133B01","taxID":"86416545","hasMerchantReturnPolicy":{"@type":"MerchantReturnPolicy","merchantReturnLink":"https:\/\/www.oudadl.testontwikkeling.nl\/de\/verzenden-retourneren\/"}}]},"product_brand":"Nedking","product_price_amount":"29.95","product_price_currency":"EUR","og_availability":"instock","product_availability":"instock","product_retailer_item_id":"ADL81012WA-LED","product_condition":"new"},"_links":{"self":[{"href":"https:\/\/www.oudadl.testontwikkeling.nl\/de\/wp-json\/wp\/v2\/product\/47189","targetHints":{"allow":["GET"]}}],"collection":[{"href":"https:\/\/www.oudadl.testontwikkeling.nl\/de\/wp-json\/wp\/v2\/product"}],"about":[{"href":"https:\/\/www.oudadl.testontwikkeling.nl\/de\/wp-json\/wp\/v2\/types\/product"}],"replies":[{"embeddable":true,"href":"https:\/\/www.oudadl.testontwikkeling.nl\/de\/wp-json\/wp\/v2\/comments?post=47189"}],"wp:featuredmedia":[{"embeddable":true,"href":"https:\/\/www.oudadl.testontwikkeling.nl\/de\/wp-json\/wp\/v2\/media\/47208"}],"wp:attachment":[{"href":"https:\/\/www.oudadl.testontwikkeling.nl\/de\/wp-json\/wp\/v2\/media?parent=47189"}],"wp:term":[{"taxonomy":"product_brand","embeddable":true,"href":"https:\/\/www.oudadl.testontwikkeling.nl\/de\/wp-json\/wp\/v2\/product_brand?post=47189"},{"taxonomy":"product_cat","embeddable":true,"href":"https:\/\/www.oudadl.testontwikkeling.nl\/de\/wp-json\/wp\/v2\/product_cat?post=47189"},{"taxonomy":"product_tag","embeddable":true,"href":"https:\/\/www.oudadl.testontwikkeling.nl\/de\/wp-json\/wp\/v2\/product_tag?post=47189"}],"curies":[{"name":"wp","href":"https:\/\/api.w.org\/{rel}","templated":true}]}}