{"id":47154,"date":"2024-07-15T14:38:37","date_gmt":"2024-07-15T13:38:37","guid":{"rendered":"https:\/\/www.oudadl.testontwikkeling.nl\/?post_type=product&#038;p=47154"},"modified":"2025-05-23T09:02:56","modified_gmt":"2025-05-23T07:02:56","slug":"strands-torpedo-toplamp-silver-arrow","status":"publish","type":"product","link":"https:\/\/www.oudadl.testontwikkeling.nl\/de\/product\/strands-torpedo-toplamp-silver-arrow\/","title":{"rendered":"Strands torpedo toplamp SILVER ARROW"},"content":{"rendered":"<p><span style=\"color: #000000\"><strong>Strands torpedo toplamp SILVER ARROW mit orange LED Blitz.\u00a0<\/strong><\/span><\/p>\n<p><span style=\"color: #000000\">Sie m\u00f6chten Ihren LKW oder Ihr Nutzfahrzeug mit einem neuartigen Oberlicht ausstatten, wissen aber nicht genau, was Sie suchen? Vielleicht ist die Strands Silver Arrow Toplampe mit integriertem LED Blitz die Lampe, die Sie suchen. Die zweifarbige Oberleuchte verf\u00fcgt \u00fcber 24 LED-Punkte und leuchtet in Orange oder Wei\u00df. Dar\u00fcber hinaus wird die Aufsatzlampe LED mit 12 und 24 Volt betrieben. Das bedeutet, dass die Oberleuchte LED beispielsweise f\u00fcr ein Auto, ein Nutzfahrzeug, ein Wohnmobil und einen LKW verwendet werden kann.<\/span><\/p>\n<p><span style=\"color: #000000\">Um sicherzustellen, dass die Strands Silver Arrow-Oberleuchte mit integriertem Blitz f\u00fcr Ihren LKW oder einen anderen Fahrzeugtyp geeignet ist. Nachfolgend haben wir einige Spezifikationen aufgeschrieben. All dies, um Ihnen klar zu machen, warum dies m\u00f6glicherweise die Lampe ist, nach der Sie suchen. Die Torpedolampe wird mit Edelstahl-Befestigungsmaterial und Gummiplatte geliefert. Die Gummiplatte muss zwischen Lampe und Kabine montiert werden. Durch die Gummiplatte zwischen Lack und Lampe ist das Risiko einer Lackbesch\u00e4digung minimal. Dar\u00fcber hinaus verf\u00fcgt die zweifarbige Lampe \u00fcber das ECE R148-G\u00fctezeichen. Dieses G\u00fctezeichen bedeutet, dass Sie die Lampe LED im \u00f6ffentlichen Stra\u00dfenverkehr verwenden d\u00fcrfen.\u00a0<\/span><\/p>\n<h5><span style=\"color: #000000\"><strong>Abmessungen:<\/strong><\/span><\/h5>\n<p><span style=\"color: #000000\">Denn vor dem Kauf m\u00f6chten Sie sicher sein, dass die Aufsatzlampe dort passt, wo Sie sie montieren m\u00f6chten. Die Abmessungen der torpedof\u00f6rmigen Lampe haben wir unten notiert. Die Abmessungen der Strands Silver Arrow torpedo toplamp mit zweifarbigem Standlicht sind wie folgt.<\/span><\/p>\n<ul>\n<li><span style=\"color: #000000\">L\u00e4nge: 426,6 mm<\/span><\/li>\n<li><span style=\"color: #000000\">Breite: 93,1 mm<\/span><\/li>\n<li><span style=\"color: #000000\">H\u00f6he: 94,1 mm<\/span><\/li>\n<\/ul>\n<h5><span style=\"color: #000000\"><strong>Andere Farben:<\/strong><\/span><\/h5>\n<p><span style=\"color: #000000\">Sie m\u00f6chten eine Strands LED Torpedo-Top-Lampe einbauen, aber ist die Version mit Chromgeh\u00e4use nicht die Lampe, die Sie suchen? Dann wissen Sie, dass die Strands Torpedo-Aufsatzleuchte SILVER ARROW mit zweifarbigem Standlicht auch in einer schwarzen Version erh\u00e4ltlich ist. Die schwarze Version finden Sie hier.<\/span><\/p>\n<ul>\n<li><span style=\"color: #000000\"><a style=\"color: #000000\" href=\"https:\/\/www.oudadl.testontwikkeling.nl\/de\/produkt\/strands-torpedo-toplamp-black-bullet\/\"><strong>Strands Black Bullet toplicht<\/strong><\/a><\/span><\/li>\n<\/ul>\n<p><span style=\"color: #000000\">Sind Sie nach dem Lesen aller Spezifikationen immer noch nicht davon \u00fcberzeugt, dass die Strands Torpedo-Toplampe SILVER ARROW das ist, was Sie suchen? Einfach weil Ihnen die Farbe, Form oder L\u00e4nge nicht gef\u00e4llt? Dann sehen Sie sich hier das komplette Sortiment der Marke an <a style=\"color: #000000\" href=\"https:\/\/www.oudadl.testontwikkeling.nl\/de\/merk\/produkt-strands-beleuchtungsabteilung\/\" target=\"_blank\" rel=\"noopener\">Strands.<\/a><\/span><\/p>","protected":false},"excerpt":{"rendered":"<p>Strands torpedo toplamp SILVER ARROW met oranje LED flitser.\u00a0 Wilt u uw vrachtwagen of bedrijfswagen voorzien van een nieuw soort toplicht, maar weet u niet precies wat u zoekt? Wellicht is de Strands Silver Arrow toplamp met ingebouwde LED flitser dan wel d\u00e9 lamp die u zoekt. De twee kleurige toplamp is voorzien van 24 [&hellip;]<\/p>\n","protected":false},"featured_media":55399,"comment_status":"open","ping_status":"closed","template":"","meta":{"_acf_changed":false,"site-sidebar-layout":"default","site-content-layout":"default","ast-site-content-layout":"default","site-content-style":"default","site-sidebar-style":"default","ast-global-header-display":"","ast-banner-title-visibility":"","ast-main-header-display":"","ast-hfb-above-header-display":"","ast-hfb-below-header-display":"","ast-hfb-mobile-header-display":"","site-post-title":"","ast-breadcrumbs-content":"","ast-featured-img":"","footer-sml-layout":"","ast-disable-related-posts":"","theme-transparent-header-meta":"default","adv-header-id-meta":"","stick-header-meta":"","header-above-stick-meta":"","header-main-stick-meta":"","header-below-stick-meta":"","astra-migrate-meta-layouts":"set","ast-page-background-enabled":"default","ast-page-background-meta":{"desktop":{"background-color":"","background-image":"","background-repeat":"repeat","background-position":"center center","background-size":"auto","background-attachment":"scroll","background-type":"","background-media":"","overlay-type":"","overlay-color":"","overlay-opacity":"","overlay-gradient":""},"tablet":{"background-color":"","background-image":"","background-repeat":"repeat","background-position":"center center","background-size":"auto","background-attachment":"scroll","background-type":"","background-media":"","overlay-type":"","overlay-color":"","overlay-opacity":"","overlay-gradient":""},"mobile":{"background-color":"","background-image":"","background-repeat":"repeat","background-position":"center center","background-size":"auto","background-attachment":"scroll","background-type":"","background-media":"","overlay-type":"","overlay-color":"","overlay-opacity":"","overlay-gradient":""}},"ast-content-background-meta":{"desktop":{"background-color":"var(--ast-global-color-5)","background-image":"","background-repeat":"repeat","background-position":"center center","background-size":"auto","background-attachment":"scroll","background-type":"","background-media":"","overlay-type":"","overlay-color":"","overlay-opacity":"","overlay-gradient":""},"tablet":{"background-color":"var(--ast-global-color-5)","background-image":"","background-repeat":"repeat","background-position":"center center","background-size":"auto","background-attachment":"scroll","background-type":"","background-media":"","overlay-type":"","overlay-color":"","overlay-opacity":"","overlay-gradient":""},"mobile":{"background-color":"var(--ast-global-color-5)","background-image":"","background-repeat":"repeat","background-position":"center center","background-size":"auto","background-attachment":"scroll","background-type":"","background-media":"","overlay-type":"","overlay-color":"","overlay-opacity":"","overlay-gradient":""}}},"product_brand":[],"product_cat":[270],"product_tag":[],"class_list":{"0":"post-47154","1":"product","2":"type-product","3":"status-publish","4":"has-post-thumbnail","6":"product_cat-toplichten","7":"pa_merkk-product-strands-lighting-division","8":"desktop-align-left","9":"tablet-align-left","10":"mobile-align-left","12":"first","13":"instock","14":"taxable","15":"shipping-taxable","16":"purchasable","17":"product-type-simple"},"acf":[],"yoast_head":"<!-- This site is optimized with the Yoast SEO Premium plugin v25.9 (Yoast SEO v27.6) - https:\/\/yoast.com\/product\/yoast-seo-premium-wordpress\/ -->\n<title>Strands torpedo toplamp SILVER ARROW - All Day Led - met oranje flitser<\/title>\n<meta name=\"description\" content=\"Strands torpedo toplamp SILVER ARROW - Amerikaanse LED toplamp met ingebouwde flitser - DUAL COLOR standlicht ORANJE\/WIT - voor 12 &amp; 24 volt gebruik\" \/>\n<meta name=\"robots\" content=\"noindex, follow, max-snippet:-1, max-image-preview:large, max-video-preview:-1\" \/>\n<meta property=\"og:locale\" content=\"de_DE\" \/>\n<meta property=\"og:type\" content=\"article\" \/>\n<meta property=\"og:title\" content=\"Strands torpedo toplamp SILVER ARROW - All Day Led - met oranje flitser\" \/>\n<meta property=\"og:description\" content=\"Strands torpedo toplamp SILVER ARROW - Amerikaanse LED toplamp met ingebouwde flitser - DUAL COLOR standlicht ORANJE\/WIT - voor 12 &amp; 24 volt gebruik\" \/>\n<meta property=\"og:url\" content=\"https:\/\/www.oudadl.testontwikkeling.nl\/de\/produkt\/strands-torpedo-toplamp-silver-arrow\/\" \/>\n<meta property=\"og:site_name\" content=\"All Day Led\" \/>\n<meta property=\"article:publisher\" content=\"https:\/\/www.facebook.com\/alldayled\/\" \/>\n<meta property=\"article:modified_time\" content=\"2025-05-23T07:02:56+00:00\" \/>\n<meta property=\"og:image\" content=\"https:\/\/www.oudadl.testontwikkeling.nl\/wp-content\/uploads\/2024\/07\/ADL850427.png\" \/>\n\t<meta property=\"og:image:width\" content=\"800\" \/>\n\t<meta property=\"og:image:height\" content=\"800\" \/>\n\t<meta property=\"og:image:type\" content=\"image\/png\" \/>\n<meta name=\"twitter:label1\" content=\"Preis\" \/>\n\t<meta name=\"twitter:data1\" content=\"&euro;64,95\" \/>\n\t<meta name=\"twitter:label2\" content=\"Verf\u00fcgbarkeit\" \/>\n\t<meta name=\"twitter:data2\" content=\"Auf Lager\" \/>\n<script type=\"application\/ld+json\" class=\"yoast-schema-graph\">{\"@context\":\"https:\\\/\\\/schema.org\",\"@graph\":[{\"@type\":\"WebPage\",\"@id\":\"https:\\\/\\\/www.oudadl.testontwikkeling.nl\\\/product\\\/strands-torpedo-toplamp-silver-arrow\\\/\",\"url\":\"https:\\\/\\\/www.oudadl.testontwikkeling.nl\\\/product\\\/strands-torpedo-toplamp-silver-arrow\\\/\",\"name\":\"Strands torpedo toplamp SILVER ARROW - All Day Led - met oranje flitser\",\"isPartOf\":{\"@id\":\"https:\\\/\\\/www.oudadl.testontwikkeling.nl\\\/#website\"},\"primaryImageOfPage\":{\"@id\":\"https:\\\/\\\/www.oudadl.testontwikkeling.nl\\\/product\\\/strands-torpedo-toplamp-silver-arrow\\\/#primaryimage\"},\"image\":{\"@id\":\"https:\\\/\\\/www.oudadl.testontwikkeling.nl\\\/product\\\/strands-torpedo-toplamp-silver-arrow\\\/#primaryimage\"},\"thumbnailUrl\":\"https:\\\/\\\/www.oudadl.testontwikkeling.nl\\\/wp-content\\\/uploads\\\/2024\\\/07\\\/ADL80427-10.png\",\"datePublished\":\"2024-07-15T13:38:37+00:00\",\"dateModified\":\"2025-05-23T07:02:56+00:00\",\"description\":\"Strands torpedo toplamp SILVER ARROW - Amerikaanse LED toplamp met ingebouwde flitser - DUAL COLOR standlicht ORANJE\\\/WIT - voor 12 & 24 volt gebruik\",\"breadcrumb\":{\"@id\":\"https:\\\/\\\/www.oudadl.testontwikkeling.nl\\\/product\\\/strands-torpedo-toplamp-silver-arrow\\\/#breadcrumb\"},\"inLanguage\":\"de\",\"potentialAction\":[{\"@type\":\"ReadAction\",\"target\":[\"https:\\\/\\\/www.oudadl.testontwikkeling.nl\\\/product\\\/strands-torpedo-toplamp-silver-arrow\\\/\"]}]},{\"@type\":\"ImageObject\",\"inLanguage\":\"de\",\"@id\":\"https:\\\/\\\/www.oudadl.testontwikkeling.nl\\\/product\\\/strands-torpedo-toplamp-silver-arrow\\\/#primaryimage\",\"url\":\"https:\\\/\\\/www.oudadl.testontwikkeling.nl\\\/wp-content\\\/uploads\\\/2024\\\/07\\\/ADL80427-10.png\",\"contentUrl\":\"https:\\\/\\\/www.oudadl.testontwikkeling.nl\\\/wp-content\\\/uploads\\\/2024\\\/07\\\/ADL80427-10.png\",\"width\":800,\"height\":600,\"caption\":\"Strands 850427 - EAN: 7323030001667\"},{\"@type\":\"BreadcrumbList\",\"@id\":\"https:\\\/\\\/www.oudadl.testontwikkeling.nl\\\/product\\\/strands-torpedo-toplamp-silver-arrow\\\/#breadcrumb\",\"itemListElement\":[{\"@type\":\"ListItem\",\"position\":1,\"name\":\"Home\",\"item\":\"https:\\\/\\\/www.oudadl.testontwikkeling.nl\\\/\"},{\"@type\":\"ListItem\",\"position\":2,\"name\":\"Shop\",\"item\":\"https:\\\/\\\/www.oudadl.testontwikkeling.nl\\\/de\\\/shop\\\/\"},{\"@type\":\"ListItem\",\"position\":3,\"name\":\"Overige\",\"item\":\"https:\\\/\\\/www.oudadl.testontwikkeling.nl\\\/product-categorie\\\/overige-producten\\\/\"},{\"@type\":\"ListItem\",\"position\":4,\"name\":\"Toplichten\",\"item\":\"https:\\\/\\\/www.oudadl.testontwikkeling.nl\\\/product-categorie\\\/overige-producten\\\/toplichten\\\/\"},{\"@type\":\"ListItem\",\"position\":5,\"name\":\"Strands torpedo toplamp SILVER ARROW\"}]},{\"@type\":\"WebSite\",\"@id\":\"https:\\\/\\\/www.oudadl.testontwikkeling.nl\\\/#website\",\"url\":\"https:\\\/\\\/www.oudadl.testontwikkeling.nl\\\/\",\"name\":\"All Day Led\",\"description\":\"\",\"publisher\":{\"@id\":\"https:\\\/\\\/www.oudadl.testontwikkeling.nl\\\/#organization\"},\"potentialAction\":[{\"@type\":\"SearchAction\",\"target\":{\"@type\":\"EntryPoint\",\"urlTemplate\":\"https:\\\/\\\/www.oudadl.testontwikkeling.nl\\\/?s={search_term_string}\"},\"query-input\":{\"@type\":\"PropertyValueSpecification\",\"valueRequired\":true,\"valueName\":\"search_term_string\"}}],\"inLanguage\":\"de\"},{\"@type\":\"Organization\",\"@id\":\"https:\\\/\\\/www.oudadl.testontwikkeling.nl\\\/#organization\",\"name\":\"All Day Led\",\"url\":\"https:\\\/\\\/www.oudadl.testontwikkeling.nl\\\/\",\"logo\":{\"@type\":\"ImageObject\",\"inLanguage\":\"de\",\"@id\":\"https:\\\/\\\/www.oudadl.testontwikkeling.nl\\\/#\\\/schema\\\/logo\\\/image\\\/\",\"url\":\"https:\\\/\\\/www.oudadl.testontwikkeling.nl\\\/wp-content\\\/uploads\\\/2022\\\/08\\\/Logo-ALL-DAY-LED-800x800-zwart-witte-letters.png\",\"contentUrl\":\"https:\\\/\\\/www.oudadl.testontwikkeling.nl\\\/wp-content\\\/uploads\\\/2022\\\/08\\\/Logo-ALL-DAY-LED-800x800-zwart-witte-letters.png\",\"width\":800,\"height\":800,\"caption\":\"All Day Led\"},\"image\":{\"@id\":\"https:\\\/\\\/www.oudadl.testontwikkeling.nl\\\/#\\\/schema\\\/logo\\\/image\\\/\"},\"sameAs\":[\"https:\\\/\\\/www.facebook.com\\\/alldayled\\\/\",\"https:\\\/\\\/www.instagram.com\\\/alldayled\\\/\"],\"vatID\":\"NL863960133B01\",\"taxID\":\"86416545\",\"hasMerchantReturnPolicy\":{\"@type\":\"MerchantReturnPolicy\",\"merchantReturnLink\":\"https:\\\/\\\/www.oudadl.testontwikkeling.nl\\\/de\\\/verzenden-retourneren\\\/\"}}]}<\/script>\n<meta property=\"product:brand\" content=\"Strands\" \/>\n<meta property=\"product:price:amount\" content=\"64.95\" \/>\n<meta property=\"product:price:currency\" content=\"EUR\" \/>\n<meta property=\"og:availability\" content=\"instock\" \/>\n<meta property=\"product:availability\" content=\"instock\" \/>\n<meta property=\"product:retailer_item_id\" content=\"ADL850427\" \/>\n<meta property=\"product:condition\" content=\"new\" \/>\n<!-- \/ Yoast SEO Premium plugin. -->","yoast_head_json":{"title":"Strands torpedo toplamp SILVER ARROW \u2013 All Day Led \u2013 mit orange Blitz","description":"Strands torpedo toplamp SILVER ARROW \u2013 Amerikanische LED Toplampe mit integriertem Blitz \u2013 ZWEIFARBIGES Standlicht ORANGE\/WEISS \u2013 f\u00fcr 12- und 24-Volt-Nutzung","robots":{"index":"noindex","follow":"follow","max-snippet":"max-snippet:-1","max-image-preview":"max-image-preview:large","max-video-preview":"max-video-preview:-1"},"og_locale":"de_DE","og_type":"article","og_title":"Strands torpedo toplamp SILVER ARROW - All Day Led - met oranje flitser","og_description":"Strands torpedo toplamp SILVER ARROW - Amerikaanse LED toplamp met ingebouwde flitser - DUAL COLOR standlicht ORANJE\/WIT - voor 12 & 24 volt gebruik","og_url":"https:\/\/www.oudadl.testontwikkeling.nl\/de\/produkt\/strands-torpedo-toplamp-silver-arrow\/","og_site_name":"All Day Led","article_publisher":"https:\/\/www.facebook.com\/alldayled\/","article_modified_time":"2025-05-23T07:02:56+00:00","og_image":[{"width":800,"height":800,"url":"https:\/\/www.oudadl.testontwikkeling.nl\/wp-content\/uploads\/2024\/07\/ADL850427.png","type":"image\/png"}],"twitter_misc":{"Preis":"&euro;64,95","Verf\u00fcgbarkeit":"Auf Lager"},"schema":{"@context":"https:\/\/schema.org","@graph":[{"@type":"WebPage","@id":"https:\/\/www.oudadl.testontwikkeling.nl\/product\/strands-torpedo-toplamp-silver-arrow\/","url":"https:\/\/www.oudadl.testontwikkeling.nl\/product\/strands-torpedo-toplamp-silver-arrow\/","name":"Strands torpedo toplamp SILVER ARROW \u2013 All Day Led \u2013 mit orange Blitz","isPartOf":{"@id":"https:\/\/www.oudadl.testontwikkeling.nl\/#website"},"primaryImageOfPage":{"@id":"https:\/\/www.oudadl.testontwikkeling.nl\/product\/strands-torpedo-toplamp-silver-arrow\/#primaryimage"},"image":{"@id":"https:\/\/www.oudadl.testontwikkeling.nl\/product\/strands-torpedo-toplamp-silver-arrow\/#primaryimage"},"thumbnailUrl":"https:\/\/www.oudadl.testontwikkeling.nl\/wp-content\/uploads\/2024\/07\/ADL80427-10.png","datePublished":"2024-07-15T13:38:37+00:00","dateModified":"2025-05-23T07:02:56+00:00","description":"Strands torpedo toplamp SILVER ARROW \u2013 Amerikanische LED Toplampe mit integriertem Blitz \u2013 ZWEIFARBIGES Standlicht ORANGE\/WEISS \u2013 f\u00fcr 12- und 24-Volt-Nutzung","breadcrumb":{"@id":"https:\/\/www.oudadl.testontwikkeling.nl\/product\/strands-torpedo-toplamp-silver-arrow\/#breadcrumb"},"inLanguage":"de","potentialAction":[{"@type":"ReadAction","target":["https:\/\/www.oudadl.testontwikkeling.nl\/product\/strands-torpedo-toplamp-silver-arrow\/"]}]},{"@type":"ImageObject","inLanguage":"de","@id":"https:\/\/www.oudadl.testontwikkeling.nl\/product\/strands-torpedo-toplamp-silver-arrow\/#primaryimage","url":"https:\/\/www.oudadl.testontwikkeling.nl\/wp-content\/uploads\/2024\/07\/ADL80427-10.png","contentUrl":"https:\/\/www.oudadl.testontwikkeling.nl\/wp-content\/uploads\/2024\/07\/ADL80427-10.png","width":800,"height":600,"caption":"Strands 850427 - EAN: 7323030001667"},{"@type":"BreadcrumbList","@id":"https:\/\/www.oudadl.testontwikkeling.nl\/product\/strands-torpedo-toplamp-silver-arrow\/#breadcrumb","itemListElement":[{"@type":"ListItem","position":1,"name":"Home","item":"https:\/\/www.oudadl.testontwikkeling.nl\/"},{"@type":"ListItem","position":2,"name":"Shop","item":"https:\/\/www.oudadl.testontwikkeling.nl\/de\/shop\/"},{"@type":"ListItem","position":3,"name":"Overige","item":"https:\/\/www.oudadl.testontwikkeling.nl\/product-categorie\/overige-producten\/"},{"@type":"ListItem","position":4,"name":"Toplichten","item":"https:\/\/www.oudadl.testontwikkeling.nl\/product-categorie\/overige-producten\/toplichten\/"},{"@type":"ListItem","position":5,"name":"Strands torpedo toplamp SILVER ARROW"}]},{"@type":"WebSite","@id":"https:\/\/www.oudadl.testontwikkeling.nl\/#website","url":"https:\/\/www.oudadl.testontwikkeling.nl\/","name":"All Day Led","description":"","publisher":{"@id":"https:\/\/www.oudadl.testontwikkeling.nl\/#organization"},"potentialAction":[{"@type":"SearchAction","target":{"@type":"EntryPoint","urlTemplate":"https:\/\/www.oudadl.testontwikkeling.nl\/?s={search_term_string}"},"query-input":{"@type":"PropertyValueSpecification","valueRequired":true,"valueName":"search_term_string"}}],"inLanguage":"de"},{"@type":"Organization","@id":"https:\/\/www.oudadl.testontwikkeling.nl\/#organization","name":"All Day Led","url":"https:\/\/www.oudadl.testontwikkeling.nl\/","logo":{"@type":"ImageObject","inLanguage":"de","@id":"https:\/\/www.oudadl.testontwikkeling.nl\/#\/schema\/logo\/image\/","url":"https:\/\/www.oudadl.testontwikkeling.nl\/wp-content\/uploads\/2022\/08\/Logo-ALL-DAY-LED-800x800-zwart-witte-letters.png","contentUrl":"https:\/\/www.oudadl.testontwikkeling.nl\/wp-content\/uploads\/2022\/08\/Logo-ALL-DAY-LED-800x800-zwart-witte-letters.png","width":800,"height":800,"caption":"All Day Led"},"image":{"@id":"https:\/\/www.oudadl.testontwikkeling.nl\/#\/schema\/logo\/image\/"},"sameAs":["https:\/\/www.facebook.com\/alldayled\/","https:\/\/www.instagram.com\/alldayled\/"],"vatID":"NL863960133B01","taxID":"86416545","hasMerchantReturnPolicy":{"@type":"MerchantReturnPolicy","merchantReturnLink":"https:\/\/www.oudadl.testontwikkeling.nl\/de\/verzenden-retourneren\/"}}]},"product_brand":"Strands","product_price_amount":"64.95","product_price_currency":"EUR","og_availability":"instock","product_availability":"instock","product_retailer_item_id":"ADL850427","product_condition":"new"},"_links":{"self":[{"href":"https:\/\/www.oudadl.testontwikkeling.nl\/de\/wp-json\/wp\/v2\/product\/47154","targetHints":{"allow":["GET"]}}],"collection":[{"href":"https:\/\/www.oudadl.testontwikkeling.nl\/de\/wp-json\/wp\/v2\/product"}],"about":[{"href":"https:\/\/www.oudadl.testontwikkeling.nl\/de\/wp-json\/wp\/v2\/types\/product"}],"replies":[{"embeddable":true,"href":"https:\/\/www.oudadl.testontwikkeling.nl\/de\/wp-json\/wp\/v2\/comments?post=47154"}],"wp:featuredmedia":[{"embeddable":true,"href":"https:\/\/www.oudadl.testontwikkeling.nl\/de\/wp-json\/wp\/v2\/media\/55399"}],"wp:attachment":[{"href":"https:\/\/www.oudadl.testontwikkeling.nl\/de\/wp-json\/wp\/v2\/media?parent=47154"}],"wp:term":[{"taxonomy":"product_brand","embeddable":true,"href":"https:\/\/www.oudadl.testontwikkeling.nl\/de\/wp-json\/wp\/v2\/product_brand?post=47154"},{"taxonomy":"product_cat","embeddable":true,"href":"https:\/\/www.oudadl.testontwikkeling.nl\/de\/wp-json\/wp\/v2\/product_cat?post=47154"},{"taxonomy":"product_tag","embeddable":true,"href":"https:\/\/www.oudadl.testontwikkeling.nl\/de\/wp-json\/wp\/v2\/product_tag?post=47154"}],"curies":[{"name":"wp","href":"https:\/\/api.w.org\/{rel}","templated":true}]}}