{"id":46580,"date":"2024-06-20T14:32:44","date_gmt":"2024-06-20T13:32:44","guid":{"rendered":"https:\/\/www.oudadl.testontwikkeling.nl\/?post_type=product&#038;p=46580"},"modified":"2025-12-09T22:41:54","modified_gmt":"2025-12-09T21:41:54","slug":"strands-big-energy-zwaailampbalk-90cm","status":"publish","type":"product","link":"https:\/\/www.oudadl.testontwikkeling.nl\/de\/product\/strands-big-energy-zwaailampbalk-90cm\/","title":{"rendered":"Strands BIG Energy Warnanlage - 90 cm"},"content":{"rendered":"<p><span style=\"color: #000000\"><strong>Strands BIG Energy Warnanlage 90cm, geeignet f\u00fcr 12 und 24 Volt Betrieb.\u00a0<\/strong><\/span><\/p>\n<p><span style=\"color: #000000\">Suchen Sie eine kleine LED Leuchtfeuerleiste, die mit 27 verschiedenen Mustern ausgestattet ist? Dann k\u00f6nnte die BIG Energy roof bar 900mm der Marke Strands die Lampe sein, die Sie suchen. Die kompakte Leuchtfeuerleiste ist mit 156 LED-Punkten ausgestattet und hat eine theoretische Lichtleistung von 156 W bei 12 und 24 V. Dar\u00fcber hinaus ist die flache Kennleuchtenleiste LED mit dunklem Glas ausgestattet, was im ausgeschalteten Zustand f\u00fcr ein sch\u00f6nes Erscheinungsbild sorgt. Dar\u00fcber hinaus funktioniert die Signalleuchte mit 12 und 24 Volt. Das bedeutet, dass Sie die Lampe f\u00fcr Ihr Auto, Ihren LKW, Ihren Traktor oder einen anderen Fahrzeugtyp verwenden k\u00f6nnen.\u00a0<\/span><\/p>\n<p><span style=\"color: #000000\">Denn Sie m\u00f6chten vor dem Kauf sicher sein, dass dies die Lampe ist, die Sie suchen. Nachfolgend haben wir einige Eigenschaften der Lampe aufgelistet. Beispielsweise verf\u00fcgt die Kennleuchte Strands BIG Energy 90cm \u00fcber das G\u00fctezeichen ECE R10. Das ECE R10-G\u00fctezeichen bedeutet, dass die Lampe bei der Aktivierung keine St\u00f6rungen, beispielsweise auf Ihrem Funksignal, verursacht. Der Leuchtbalken ist au\u00dferdem mit dem G\u00fctezeichen ECE R65 Klasse 1 versehen. Dieses G\u00fctezeichen weist darauf hin, dass die Lampe LED als Warnlampe verwendet werden darf. Sie sind noch nicht ganz \u00fcberzeugt und m\u00f6chten sich gerne ein Video des Artikels ansehen? Dann werfen Sie einen Blick darauf <a style=\"color: #000000\" href=\"https:\/\/youtu.be\/w8BC4oImj1Y?si=d2tV5dN5GgV9BE4t\" target=\"_blank\" rel=\"noopener\">hier\u00a0<\/a>das Einf\u00fchrungsvideo von Strands.\u00a0<\/span><\/p>\n<h5><span style=\"color: #000000\"><strong>Abmessungen:<\/strong><\/span><\/h5>\n<p><span style=\"color: #000000\">Denn Sie m\u00f6chten vorab sicher sein, dass die Lampe dort passt, wo Sie sie montieren m\u00f6chten. M\u00f6chten Sie die Abmessungen dieses Artikels erfahren? Die Abmessungen des Strands BIG Energy Leuchtfeuerstrahls 90 cm sind wie folgt.\u00a0<\/span><\/p>\n<ul>\n<li><span style=\"color: #000000\">H\u00f6he: 33,5 mm (88 mm inkl. Halter)<\/span><\/li>\n<li><span style=\"color: #000000\">Breite: 900 mm<\/span><\/li>\n<li><span style=\"color: #000000\">Tiefe: 100 mm<\/span><\/li>\n<\/ul>\n<h5><span style=\"color: #000000\"><strong>Andere Versionen:\u00a0<\/strong><\/span><\/h5>\n<p><span style=\"color: #000000\">Sind Sie vom BIG Energy roof bar \u00fcberzeugt, aber ist das 900 mm lange Modell nicht die Version, die Sie suchen? Dann wissen Sie, dass der Strands BIG Energy Warnanlage 90cm auch in verschiedenen anderen Gr\u00f6\u00dfen erh\u00e4ltlich ist. Unten sehen Sie eine \u00dcbersicht \u00fcber die anderen Dimensionen.\u00a0\u00a0<\/span><\/p>\n<ul>\n<li><span style=\"color: #000000\"><a style=\"color: #000000\" href=\"https:\/\/www.oudadl.testontwikkeling.nl\/de\/produkt\/strands-big-energy-zwaailampbalk-60cm\/\"><strong>Strands ROOF BAR 600mm<\/strong><\/a><\/span><\/li>\n<li><span style=\"color: #000000\"><a style=\"color: #000000\" href=\"https:\/\/www.oudadl.testontwikkeling.nl\/de\/produkt\/strands-big-energy-zwaailampbalk-120cm\/\"><strong>Strands ROOF BAR 1200mm<\/strong><\/a><\/span><\/li>\n<li><span style=\"color: #000000\"><a style=\"color: #000000\" href=\"https:\/\/www.oudadl.testontwikkeling.nl\/de\/produkt\/strands-big-energy-zwaailampbalk-150cm\/\"><strong>Strands ROOF BAR 1500mm<\/strong><\/a><\/span><\/li>\n<li><span style=\"color: #000000\"><a style=\"color: #000000\" href=\"https:\/\/www.oudadl.testontwikkeling.nl\/de\/produkt\/strands-big-energy-zwaailampbalk-180cm\/\"><strong>Strands ROOF BAR 1800mm<\/strong><\/a><\/span><\/li>\n<\/ul>\n<p><span style=\"color: #000000\">Sind Sie nach der Lekt\u00fcre der oben genannten Punkte immer noch nicht davon \u00fcberzeugt, dass der Strands BIG Energy Warnanlage 90cm das ist, was Sie suchen? Einfach, weil Lichtleistung, Wattzahl oder Form des Produkts nicht Ihren W\u00fcnschen entspricht? Dann sehen Sie sich hier das komplette Sortiment an <a style=\"color: #000000\" href=\"https:\/\/www.oudadl.testontwikkeling.nl\/de\/merk\/produkt-strands-beleuchtungsabteilung\/\" target=\"_blank\" rel=\"noopener\">Strands<\/a>. M\u00f6glicherweise finden Sie hier das Lampenmodell, das Sie suchen.<\/span><\/p>","protected":false},"excerpt":{"rendered":"<p>Strands BIG Energy zwaailampbalk 90cm, geschikt voor 12 &amp; 24 volt gebruik.\u00a0 Bent u opzoek naar een kleine LED zwaailampbalk, die voorzien is van 27 verschillende patronen? Dan is de BIG Energy roof bar 900mm van het merk Strands wellicht d\u00e9 lamp die u zoekt. De compacte zwaailampbalk is voorzien 156 LED punten en heeft [&hellip;]<\/p>\n","protected":false},"featured_media":46598,"comment_status":"open","ping_status":"closed","template":"","meta":{"_acf_changed":false,"site-sidebar-layout":"default","site-content-layout":"default","ast-site-content-layout":"default","site-content-style":"default","site-sidebar-style":"default","ast-global-header-display":"","ast-banner-title-visibility":"","ast-main-header-display":"","ast-hfb-above-header-display":"","ast-hfb-below-header-display":"","ast-hfb-mobile-header-display":"","site-post-title":"","ast-breadcrumbs-content":"","ast-featured-img":"","footer-sml-layout":"","ast-disable-related-posts":"","theme-transparent-header-meta":"default","adv-header-id-meta":"","stick-header-meta":"","header-above-stick-meta":"","header-main-stick-meta":"","header-below-stick-meta":"","astra-migrate-meta-layouts":"set","ast-page-background-enabled":"default","ast-page-background-meta":{"desktop":{"background-color":"","background-image":"","background-repeat":"repeat","background-position":"center center","background-size":"auto","background-attachment":"scroll","background-type":"","background-media":"","overlay-type":"","overlay-color":"","overlay-opacity":"","overlay-gradient":""},"tablet":{"background-color":"","background-image":"","background-repeat":"repeat","background-position":"center center","background-size":"auto","background-attachment":"scroll","background-type":"","background-media":"","overlay-type":"","overlay-color":"","overlay-opacity":"","overlay-gradient":""},"mobile":{"background-color":"","background-image":"","background-repeat":"repeat","background-position":"center center","background-size":"auto","background-attachment":"scroll","background-type":"","background-media":"","overlay-type":"","overlay-color":"","overlay-opacity":"","overlay-gradient":""}},"ast-content-background-meta":{"desktop":{"background-color":"var(--ast-global-color-5)","background-image":"","background-repeat":"repeat","background-position":"center center","background-size":"auto","background-attachment":"scroll","background-type":"","background-media":"","overlay-type":"","overlay-color":"","overlay-opacity":"","overlay-gradient":""},"tablet":{"background-color":"var(--ast-global-color-5)","background-image":"","background-repeat":"repeat","background-position":"center center","background-size":"auto","background-attachment":"scroll","background-type":"","background-media":"","overlay-type":"","overlay-color":"","overlay-opacity":"","overlay-gradient":""},"mobile":{"background-color":"var(--ast-global-color-5)","background-image":"","background-repeat":"repeat","background-position":"center center","background-size":"auto","background-attachment":"scroll","background-type":"","background-media":"","overlay-type":"","overlay-color":"","overlay-opacity":"","overlay-gradient":""}}},"product_brand":[],"product_cat":[8148],"product_tag":[4844,4847,4846,4854,4931,4849,4852,4848,4851,4853,4845],"class_list":{"0":"post-46580","1":"product","2":"type-product","3":"status-publish","4":"has-post-thumbnail","6":"product_cat-zwaailampbalk","7":"product_tag-led-zwaailamp","8":"product_tag-led-zwaailamp-12-volt","9":"product_tag-led-zwaailamp-24-volt","10":"product_tag-led-zwaailamp-aanhanger","11":"product_tag-led-zwaailamp-auto","12":"product_tag-led-zwaailamp-klein","13":"product_tag-led-zwaailamp-kooiaap","14":"product_tag-led-zwaailamp-met-ece-r65","15":"product_tag-led-zwaailamp-tractor","16":"product_tag-led-zwaailamp-vrachtwagen","17":"product_tag-strands-led-zwaailamp","18":"pa_merkk-product-strands-lighting-division","19":"desktop-align-left","20":"tablet-align-left","21":"mobile-align-left","23":"first","24":"instock","25":"taxable","26":"shipping-taxable","27":"purchasable","28":"product-type-simple"},"acf":[],"yoast_head":"<!-- This site is optimized with the Yoast SEO Premium plugin v25.9 (Yoast SEO v27.6) - https:\/\/yoast.com\/product\/yoast-seo-premium-wordpress\/ -->\n<title>Strands BIG Energy zwaailampbalk 90cm - All Day Led - 12&amp;24V<\/title>\n<meta name=\"description\" content=\"Strands BIG Energy zwaailampbalk 90cm - met ECE R65 - BIG ENERGY ROOF BAR 900mm - 12&amp;24 volt - auto, vrachtwagen, aanhanger, tractor en meer\" \/>\n<meta name=\"robots\" content=\"noindex, follow, max-snippet:-1, max-image-preview:large, max-video-preview:-1\" \/>\n<meta property=\"og:locale\" content=\"de_DE\" \/>\n<meta property=\"og:type\" content=\"article\" \/>\n<meta property=\"og:title\" content=\"Strands BIG Energy zwaailampbalk 90cm - All Day Led - 12&amp;24V\" \/>\n<meta property=\"og:description\" content=\"Strands BIG Energy zwaailampbalk 90cm - met ECE R65 - BIG ENERGY ROOF BAR 900mm - 12&amp;24 volt - auto, vrachtwagen, aanhanger, tractor en meer\" \/>\n<meta property=\"og:url\" content=\"https:\/\/www.oudadl.testontwikkeling.nl\/de\/produkt\/strands-big-energy-zwaailampbalk-90cm\/\" \/>\n<meta property=\"og:site_name\" content=\"All Day Led\" \/>\n<meta property=\"article:publisher\" content=\"https:\/\/www.facebook.com\/alldayled\/\" \/>\n<meta property=\"article:modified_time\" content=\"2025-12-09T21:41:54+00:00\" \/>\n<meta property=\"og:image\" content=\"https:\/\/www.oudadl.testontwikkeling.nl\/wp-content\/uploads\/2024\/06\/ADL850161.png\" \/>\n\t<meta property=\"og:image:width\" content=\"800\" \/>\n\t<meta property=\"og:image:height\" content=\"800\" \/>\n\t<meta property=\"og:image:type\" content=\"image\/png\" \/>\n<meta name=\"twitter:label1\" content=\"Preis\" \/>\n\t<meta name=\"twitter:data1\" content=\"&euro;299,00\" \/>\n\t<meta name=\"twitter:label2\" content=\"Verf\u00fcgbarkeit\" \/>\n\t<meta name=\"twitter:data2\" content=\"Auf Lager\" \/>\n<script type=\"application\/ld+json\" class=\"yoast-schema-graph\">{\"@context\":\"https:\\\/\\\/schema.org\",\"@graph\":[{\"@type\":\"WebPage\",\"@id\":\"https:\\\/\\\/www.oudadl.testontwikkeling.nl\\\/product\\\/strands-big-energy-zwaailampbalk-90cm\\\/\",\"url\":\"https:\\\/\\\/www.oudadl.testontwikkeling.nl\\\/product\\\/strands-big-energy-zwaailampbalk-90cm\\\/\",\"name\":\"Strands BIG Energy zwaailampbalk 90cm - All Day Led - 12&24V\",\"isPartOf\":{\"@id\":\"https:\\\/\\\/www.oudadl.testontwikkeling.nl\\\/#website\"},\"primaryImageOfPage\":{\"@id\":\"https:\\\/\\\/www.oudadl.testontwikkeling.nl\\\/product\\\/strands-big-energy-zwaailampbalk-90cm\\\/#primaryimage\"},\"image\":{\"@id\":\"https:\\\/\\\/www.oudadl.testontwikkeling.nl\\\/product\\\/strands-big-energy-zwaailampbalk-90cm\\\/#primaryimage\"},\"thumbnailUrl\":\"https:\\\/\\\/www.oudadl.testontwikkeling.nl\\\/wp-content\\\/uploads\\\/2024\\\/06\\\/ADL850161-1.png\",\"datePublished\":\"2024-06-20T13:32:44+00:00\",\"dateModified\":\"2025-12-09T21:41:54+00:00\",\"description\":\"Strands BIG Energy zwaailampbalk 90cm - met ECE R65 - BIG ENERGY ROOF BAR 900mm - 12&24 volt - auto, vrachtwagen, aanhanger, tractor en meer\",\"breadcrumb\":{\"@id\":\"https:\\\/\\\/www.oudadl.testontwikkeling.nl\\\/product\\\/strands-big-energy-zwaailampbalk-90cm\\\/#breadcrumb\"},\"inLanguage\":\"de\",\"potentialAction\":[{\"@type\":\"ReadAction\",\"target\":[\"https:\\\/\\\/www.oudadl.testontwikkeling.nl\\\/product\\\/strands-big-energy-zwaailampbalk-90cm\\\/\"]}]},{\"@type\":\"ImageObject\",\"inLanguage\":\"de\",\"@id\":\"https:\\\/\\\/www.oudadl.testontwikkeling.nl\\\/product\\\/strands-big-energy-zwaailampbalk-90cm\\\/#primaryimage\",\"url\":\"https:\\\/\\\/www.oudadl.testontwikkeling.nl\\\/wp-content\\\/uploads\\\/2024\\\/06\\\/ADL850161-1.png\",\"contentUrl\":\"https:\\\/\\\/www.oudadl.testontwikkeling.nl\\\/wp-content\\\/uploads\\\/2024\\\/06\\\/ADL850161-1.png\",\"width\":800,\"height\":600,\"caption\":\"Strands BIG ENERGY ROOF BAR 900MM - Strands 850161 - LED verlichting voor 12 en 24 volt gebruik - geschikt voor buiten met IP67 keuring - ook als LED cruise light lamp te gebruiken - EAN: 7323030191825\"},{\"@type\":\"BreadcrumbList\",\"@id\":\"https:\\\/\\\/www.oudadl.testontwikkeling.nl\\\/product\\\/strands-big-energy-zwaailampbalk-90cm\\\/#breadcrumb\",\"itemListElement\":[{\"@type\":\"ListItem\",\"position\":1,\"name\":\"Home\",\"item\":\"https:\\\/\\\/www.oudadl.testontwikkeling.nl\\\/\"},{\"@type\":\"ListItem\",\"position\":2,\"name\":\"Shop\",\"item\":\"https:\\\/\\\/www.oudadl.testontwikkeling.nl\\\/de\\\/shop\\\/\"},{\"@type\":\"ListItem\",\"position\":3,\"name\":\"Flitsers en zwaailampen\",\"item\":\"https:\\\/\\\/www.oudadl.testontwikkeling.nl\\\/product-categorie\\\/flitsers-zwaailampen\\\/\"},{\"@type\":\"ListItem\",\"position\":4,\"name\":\"Zwaailampbalk\",\"item\":\"https:\\\/\\\/www.oudadl.testontwikkeling.nl\\\/product-categorie\\\/flitsers-zwaailampen\\\/zwaailampbalk\\\/\"},{\"@type\":\"ListItem\",\"position\":5,\"name\":\"Strands BIG Energy zwaailampbalk &#8211; 90cm\"}]},{\"@type\":\"WebSite\",\"@id\":\"https:\\\/\\\/www.oudadl.testontwikkeling.nl\\\/#website\",\"url\":\"https:\\\/\\\/www.oudadl.testontwikkeling.nl\\\/\",\"name\":\"All Day Led\",\"description\":\"\",\"publisher\":{\"@id\":\"https:\\\/\\\/www.oudadl.testontwikkeling.nl\\\/#organization\"},\"potentialAction\":[{\"@type\":\"SearchAction\",\"target\":{\"@type\":\"EntryPoint\",\"urlTemplate\":\"https:\\\/\\\/www.oudadl.testontwikkeling.nl\\\/?s={search_term_string}\"},\"query-input\":{\"@type\":\"PropertyValueSpecification\",\"valueRequired\":true,\"valueName\":\"search_term_string\"}}],\"inLanguage\":\"de\"},{\"@type\":\"Organization\",\"@id\":\"https:\\\/\\\/www.oudadl.testontwikkeling.nl\\\/#organization\",\"name\":\"All Day Led\",\"url\":\"https:\\\/\\\/www.oudadl.testontwikkeling.nl\\\/\",\"logo\":{\"@type\":\"ImageObject\",\"inLanguage\":\"de\",\"@id\":\"https:\\\/\\\/www.oudadl.testontwikkeling.nl\\\/#\\\/schema\\\/logo\\\/image\\\/\",\"url\":\"https:\\\/\\\/www.oudadl.testontwikkeling.nl\\\/wp-content\\\/uploads\\\/2022\\\/08\\\/Logo-ALL-DAY-LED-800x800-zwart-witte-letters.png\",\"contentUrl\":\"https:\\\/\\\/www.oudadl.testontwikkeling.nl\\\/wp-content\\\/uploads\\\/2022\\\/08\\\/Logo-ALL-DAY-LED-800x800-zwart-witte-letters.png\",\"width\":800,\"height\":800,\"caption\":\"All Day Led\"},\"image\":{\"@id\":\"https:\\\/\\\/www.oudadl.testontwikkeling.nl\\\/#\\\/schema\\\/logo\\\/image\\\/\"},\"sameAs\":[\"https:\\\/\\\/www.facebook.com\\\/alldayled\\\/\",\"https:\\\/\\\/www.instagram.com\\\/alldayled\\\/\"],\"vatID\":\"NL863960133B01\",\"taxID\":\"86416545\",\"hasMerchantReturnPolicy\":{\"@type\":\"MerchantReturnPolicy\",\"merchantReturnLink\":\"https:\\\/\\\/www.oudadl.testontwikkeling.nl\\\/de\\\/verzenden-retourneren\\\/\"}}]}<\/script>\n<meta property=\"product:brand\" content=\"Strands\" \/>\n<meta property=\"product:price:amount\" content=\"299.00\" \/>\n<meta property=\"product:price:currency\" content=\"EUR\" \/>\n<meta property=\"og:availability\" content=\"instock\" \/>\n<meta property=\"product:availability\" content=\"instock\" \/>\n<meta property=\"product:retailer_item_id\" content=\"ADL850161\" \/>\n<meta property=\"product:condition\" content=\"new\" \/>\n<!-- \/ Yoast SEO Premium plugin. -->","yoast_head_json":{"title":"Strands BIG Energy Warnanlage 90 cm - All Day Led - 12&amp;24V","description":"Strands BIG Energy Warnanlage 90 cm \u2013 mit ECE R65 \u2013 BIG ENERGY ROOF BAR 900mm \u2013 12&amp;24 volt \u2013 PKW, LKW, Anh\u00e4nger, Traktor und mehr","robots":{"index":"noindex","follow":"follow","max-snippet":"max-snippet:-1","max-image-preview":"max-image-preview:large","max-video-preview":"max-video-preview:-1"},"og_locale":"de_DE","og_type":"article","og_title":"Strands BIG Energy zwaailampbalk 90cm - All Day Led - 12&24V","og_description":"Strands BIG Energy zwaailampbalk 90cm - met ECE R65 - BIG ENERGY ROOF BAR 900mm - 12&24 volt - auto, vrachtwagen, aanhanger, tractor en meer","og_url":"https:\/\/www.oudadl.testontwikkeling.nl\/de\/produkt\/strands-big-energy-zwaailampbalk-90cm\/","og_site_name":"All Day Led","article_publisher":"https:\/\/www.facebook.com\/alldayled\/","article_modified_time":"2025-12-09T21:41:54+00:00","og_image":[{"width":800,"height":800,"url":"https:\/\/www.oudadl.testontwikkeling.nl\/wp-content\/uploads\/2024\/06\/ADL850161.png","type":"image\/png"}],"twitter_misc":{"Preis":"&euro;299,00","Verf\u00fcgbarkeit":"Auf Lager"},"schema":{"@context":"https:\/\/schema.org","@graph":[{"@type":"WebPage","@id":"https:\/\/www.oudadl.testontwikkeling.nl\/product\/strands-big-energy-zwaailampbalk-90cm\/","url":"https:\/\/www.oudadl.testontwikkeling.nl\/product\/strands-big-energy-zwaailampbalk-90cm\/","name":"Strands BIG Energy Warnanlage 90 cm - All Day Led - 12&amp;24V","isPartOf":{"@id":"https:\/\/www.oudadl.testontwikkeling.nl\/#website"},"primaryImageOfPage":{"@id":"https:\/\/www.oudadl.testontwikkeling.nl\/product\/strands-big-energy-zwaailampbalk-90cm\/#primaryimage"},"image":{"@id":"https:\/\/www.oudadl.testontwikkeling.nl\/product\/strands-big-energy-zwaailampbalk-90cm\/#primaryimage"},"thumbnailUrl":"https:\/\/www.oudadl.testontwikkeling.nl\/wp-content\/uploads\/2024\/06\/ADL850161-1.png","datePublished":"2024-06-20T13:32:44+00:00","dateModified":"2025-12-09T21:41:54+00:00","description":"Strands BIG Energy Warnanlage 90 cm \u2013 mit ECE R65 \u2013 BIG ENERGY ROOF BAR 900mm \u2013 12&amp;24 volt \u2013 PKW, LKW, Anh\u00e4nger, Traktor und mehr","breadcrumb":{"@id":"https:\/\/www.oudadl.testontwikkeling.nl\/product\/strands-big-energy-zwaailampbalk-90cm\/#breadcrumb"},"inLanguage":"de","potentialAction":[{"@type":"ReadAction","target":["https:\/\/www.oudadl.testontwikkeling.nl\/product\/strands-big-energy-zwaailampbalk-90cm\/"]}]},{"@type":"ImageObject","inLanguage":"de","@id":"https:\/\/www.oudadl.testontwikkeling.nl\/product\/strands-big-energy-zwaailampbalk-90cm\/#primaryimage","url":"https:\/\/www.oudadl.testontwikkeling.nl\/wp-content\/uploads\/2024\/06\/ADL850161-1.png","contentUrl":"https:\/\/www.oudadl.testontwikkeling.nl\/wp-content\/uploads\/2024\/06\/ADL850161-1.png","width":800,"height":600,"caption":"Strands BIG ENERGY ROOF BAR 900MM - Strands 850161 - LED verlichting voor 12 en 24 volt gebruik - geschikt voor buiten met IP67 keuring - ook als LED cruise light lamp te gebruiken - EAN: 7323030191825"},{"@type":"BreadcrumbList","@id":"https:\/\/www.oudadl.testontwikkeling.nl\/product\/strands-big-energy-zwaailampbalk-90cm\/#breadcrumb","itemListElement":[{"@type":"ListItem","position":1,"name":"Home","item":"https:\/\/www.oudadl.testontwikkeling.nl\/"},{"@type":"ListItem","position":2,"name":"Shop","item":"https:\/\/www.oudadl.testontwikkeling.nl\/de\/shop\/"},{"@type":"ListItem","position":3,"name":"Flitsers en zwaailampen","item":"https:\/\/www.oudadl.testontwikkeling.nl\/product-categorie\/flitsers-zwaailampen\/"},{"@type":"ListItem","position":4,"name":"Zwaailampbalk","item":"https:\/\/www.oudadl.testontwikkeling.nl\/product-categorie\/flitsers-zwaailampen\/zwaailampbalk\/"},{"@type":"ListItem","position":5,"name":"Strands BIG Energy zwaailampbalk &#8211; 90cm"}]},{"@type":"WebSite","@id":"https:\/\/www.oudadl.testontwikkeling.nl\/#website","url":"https:\/\/www.oudadl.testontwikkeling.nl\/","name":"All Day Led","description":"","publisher":{"@id":"https:\/\/www.oudadl.testontwikkeling.nl\/#organization"},"potentialAction":[{"@type":"SearchAction","target":{"@type":"EntryPoint","urlTemplate":"https:\/\/www.oudadl.testontwikkeling.nl\/?s={search_term_string}"},"query-input":{"@type":"PropertyValueSpecification","valueRequired":true,"valueName":"search_term_string"}}],"inLanguage":"de"},{"@type":"Organization","@id":"https:\/\/www.oudadl.testontwikkeling.nl\/#organization","name":"All Day Led","url":"https:\/\/www.oudadl.testontwikkeling.nl\/","logo":{"@type":"ImageObject","inLanguage":"de","@id":"https:\/\/www.oudadl.testontwikkeling.nl\/#\/schema\/logo\/image\/","url":"https:\/\/www.oudadl.testontwikkeling.nl\/wp-content\/uploads\/2022\/08\/Logo-ALL-DAY-LED-800x800-zwart-witte-letters.png","contentUrl":"https:\/\/www.oudadl.testontwikkeling.nl\/wp-content\/uploads\/2022\/08\/Logo-ALL-DAY-LED-800x800-zwart-witte-letters.png","width":800,"height":800,"caption":"All Day Led"},"image":{"@id":"https:\/\/www.oudadl.testontwikkeling.nl\/#\/schema\/logo\/image\/"},"sameAs":["https:\/\/www.facebook.com\/alldayled\/","https:\/\/www.instagram.com\/alldayled\/"],"vatID":"NL863960133B01","taxID":"86416545","hasMerchantReturnPolicy":{"@type":"MerchantReturnPolicy","merchantReturnLink":"https:\/\/www.oudadl.testontwikkeling.nl\/de\/verzenden-retourneren\/"}}]},"product_brand":"Strands","product_price_amount":"299.00","product_price_currency":"EUR","og_availability":"instock","product_availability":"instock","product_retailer_item_id":"ADL850161","product_condition":"new"},"_links":{"self":[{"href":"https:\/\/www.oudadl.testontwikkeling.nl\/de\/wp-json\/wp\/v2\/product\/46580","targetHints":{"allow":["GET"]}}],"collection":[{"href":"https:\/\/www.oudadl.testontwikkeling.nl\/de\/wp-json\/wp\/v2\/product"}],"about":[{"href":"https:\/\/www.oudadl.testontwikkeling.nl\/de\/wp-json\/wp\/v2\/types\/product"}],"replies":[{"embeddable":true,"href":"https:\/\/www.oudadl.testontwikkeling.nl\/de\/wp-json\/wp\/v2\/comments?post=46580"}],"wp:featuredmedia":[{"embeddable":true,"href":"https:\/\/www.oudadl.testontwikkeling.nl\/de\/wp-json\/wp\/v2\/media\/46598"}],"wp:attachment":[{"href":"https:\/\/www.oudadl.testontwikkeling.nl\/de\/wp-json\/wp\/v2\/media?parent=46580"}],"wp:term":[{"taxonomy":"product_brand","embeddable":true,"href":"https:\/\/www.oudadl.testontwikkeling.nl\/de\/wp-json\/wp\/v2\/product_brand?post=46580"},{"taxonomy":"product_cat","embeddable":true,"href":"https:\/\/www.oudadl.testontwikkeling.nl\/de\/wp-json\/wp\/v2\/product_cat?post=46580"},{"taxonomy":"product_tag","embeddable":true,"href":"https:\/\/www.oudadl.testontwikkeling.nl\/de\/wp-json\/wp\/v2\/product_tag?post=46580"}],"curies":[{"name":"wp","href":"https:\/\/api.w.org\/{rel}","templated":true}]}}