{"id":43956,"date":"2024-01-01T10:20:35","date_gmt":"2024-01-01T09:20:35","guid":{"rendered":"https:\/\/www.oudadl.testontwikkeling.nl\/?post_type=product&#038;p=43956"},"modified":"2025-11-20T02:51:51","modified_gmt":"2025-11-20T01:51:51","slug":"mini-led-spot-wit-24v-5-stuks-zwart","status":"publish","type":"product","link":"https:\/\/www.oudadl.testontwikkeling.nl\/de\/product\/mini-led-spot-wit-24v-5-stuks-zwart\/","title":{"rendered":"Mini LED Spot WEISS 24V - 5 St\u00fcck - Schwarz"},"content":{"rendered":"<p><span style=\"color: #000000\"><strong>Mini LED Spot WEISS 24V mit Schwarz Geh\u00e4use.<\/strong><\/span><\/p>\n<p><span style=\"color: #000000\">M\u00f6chten Sie den Innenraum Ihres LKWs oder Wohnmobils wei\u00df erstrahlen lassen? Sie wissen aber nicht, wo Sie anfangen sollen? Vielleicht ist der Innenstrahler WHITE 24V mit schwarzem Geh\u00e4use genau das Richtige f\u00fcr Sie. Die LED-Punkte mit schwarzem Geh\u00e4use werden im 5er-Pack geliefert und verf\u00fcgen jeweils \u00fcber ein 1 Meter langes Kabel. Der Mini-LED-Spot XENON WHITE funktioniert nur mit 24 V. Das bedeutet, dass Sie die Innenbeleuchtung nur in einen LKW oder Wohnmobil mit 24-Volt-Stromversorgung einbauen k\u00f6nnen.\u00a0<\/span><\/p>\n<p><span style=\"color: #000000\">Denn vor dem Kauf m\u00f6chten Sie sicher sein, dass die Lampen Ihren Vorstellungen entsprechen. Nachfolgend haben wir einige Eigenschaften der Beleuchtung aufgeschrieben. Der Spot Mini LED WEISS 24 V beispielsweise verf\u00fcgt \u00fcber das ECE R10-G\u00fctezeichen. Dieses Qualit\u00e4tszeichen bedeutet, dass die wei\u00dfe Lampe w\u00e4hrend der Aktivierung beispielsweise Ihr Funksignal nicht st\u00f6rt. Gut zu wissen ist auch, dass der LED Spot auch gedimmt werden kann. Da Sie die Lampe dimmen k\u00f6nnen, ist sie eine ideale Lampe f\u00fcr den Einsatz im LKW-Innenraum. Ein weiterer zus\u00e4tzlicher Vorteil ist die Kabell\u00e4nge von 1 Meter pro Lampe. Dadurch k\u00f6nnen Sie die Lampen weiter auseinander platzieren und sie trotzdem miteinander verbinden.\u00a0<\/span><\/p>\n<h5><span style=\"color: #000000\"><strong>Abmessungen:<\/strong><\/span><\/h5>\n<p><span style=\"color: #000000\">Denn vor dem Kauf m\u00f6chten Sie wissen, ob die Innenleuchte dorthin passt, wo Sie sie montieren m\u00f6chten. Die Ma\u00dfe der Alu-Innenleuchte haben wir hier notiert. Die Abmessungen des Mini LED Spot XENON WHITE 24V mit schwarzem Geh\u00e4use sind wie folgt.\u00a0<\/span><\/p>\n<ul>\n<li><span style=\"color: #000000\">Lampendurchmesser: 10 mm<\/span><\/li>\n<li><span style=\"color: #000000\">Ringdurchmesser: 17 mm<\/span><\/li>\n<li><span style=\"color: #000000\">Bohrloch: 9 mm<\/span><\/li>\n<li><span style=\"color: #000000\">Tiefe: 13 mm<\/span><\/li>\n<\/ul>\n<h5><span style=\"color: #000000\"><strong>Andere Farben:<\/strong><\/span><\/h5>\n<p><span style=\"color: #000000\">M\u00f6chten Sie einen Innenstrahler kaufen? Aber ist der Mini LED Spot WHITE 24V mit schwarzem Geh\u00e4use nicht die Version, die Sie suchen? Dann wissen Sie, dass die Innenstrahler auch in verschiedenen anderen Designs erh\u00e4ltlich sind. Bitte beachten Sie, dass Sie f\u00fcr die RGB-Variante zus\u00e4tzlich eine Fernbedienung erwerben m\u00fcssen.<\/span><\/p>\n<ul>\n<li><span style=\"color: #000000\"><a style=\"color: #000000\" href=\"https:\/\/www.oudadl.testontwikkeling.nl\/de\/produkt\/mini-led-spot-rood-24v-5-stuks-chrome\/\"><strong>Mini LED Spot ROT - Chrom<\/strong><\/a><\/span><\/li>\n<li><span style=\"color: #000000\"><a style=\"color: #000000\" href=\"https:\/\/www.oudadl.testontwikkeling.nl\/de\/produkt\/mini-led-spot-rgb-24v-5-stuks-chrome\/\"><strong>Mini LED Spot RGB - Chrom<\/strong><\/a><\/span><\/li>\n<li><span style=\"color: #000000\"><a style=\"color: #000000\" href=\"https:\/\/www.oudadl.testontwikkeling.nl\/de\/produkt\/mini-led-spot-rood-24v-5-stuks-zwart\/\"><strong>Mini LED Spot ROT - Schwarz<\/strong><\/a><\/span><\/li>\n<li><span style=\"color: #000000\"><a style=\"color: #000000\" href=\"https:\/\/www.oudadl.testontwikkeling.nl\/de\/produkt\/mini-led-spot-wit-24v-5-stuks-chrome\/\"><strong>Mini LED Spot WEISS - Chrom<\/strong><\/a><\/span><\/li>\n<li><span style=\"color: #000000\"><a style=\"color: #000000\" href=\"https:\/\/www.oudadl.testontwikkeling.nl\/de\/produkt\/mini-led-spot-rgb-24v-5-stuks-zwart\/\"><strong>Mini LED Spot RGB - Schwarz<\/strong><\/a><\/span><\/li>\n<li><span style=\"color: #000000\"><a style=\"color: #000000\" href=\"https:\/\/www.oudadl.testontwikkeling.nl\/de\/produkt\/luxe-rgb-fernbedienung-12-24v\/\" rel=\"noopener\"><strong>RGB-Fernbedienung<\/strong><\/a><\/span><\/li>\n<\/ul>\n<p><span style=\"color: #000000\">Sind Sie letztendlich der Meinung, dass der im 5er-Pack gelieferte Mini-Spot LED XENON WHITE 24V nicht das ist, was Sie suchen? Einfach weil Ihnen die schwarze Farbe oder Form nicht gef\u00e4llt? Schauen Sie sich unbedingt unsere Seite an <a style=\"color: #000000\" href=\"https:\/\/www.oudadl.testontwikkeling.nl\/de\/produkt-kategorie\/beleuchtung\/verlichting-24-volt\/inbouw-verlichting\/\">Einbauleuchten<\/a>. M\u00f6glicherweise finden Sie hier das Lampenmodell, das Sie suchen.<\/span><\/p>","protected":false},"excerpt":{"rendered":"<p>Mini LED spot WIT 24V met zwarte behuizing. Wilt u het interieur van bijvoorbeeld uw vrachtwagen of camper wit laten oplichten? Maar weet u niet waar u moet beginnen? Wellicht is de interieurspot WIT 24v met zwarte behuizing dan wel het artikel dat u zoekt. De LED punten met zwarte behuizing worden per 5 stuks [&hellip;]<\/p>\n","protected":false},"featured_media":44003,"comment_status":"open","ping_status":"closed","template":"","meta":{"_acf_changed":false,"site-sidebar-layout":"default","site-content-layout":"default","ast-site-content-layout":"default","site-content-style":"default","site-sidebar-style":"default","ast-global-header-display":"","ast-banner-title-visibility":"","ast-main-header-display":"","ast-hfb-above-header-display":"","ast-hfb-below-header-display":"","ast-hfb-mobile-header-display":"","site-post-title":"","ast-breadcrumbs-content":"","ast-featured-img":"","footer-sml-layout":"","ast-disable-related-posts":"","theme-transparent-header-meta":"default","adv-header-id-meta":"","stick-header-meta":"","header-above-stick-meta":"","header-main-stick-meta":"","header-below-stick-meta":"","astra-migrate-meta-layouts":"set","ast-page-background-enabled":"default","ast-page-background-meta":{"desktop":{"background-color":"","background-image":"","background-repeat":"repeat","background-position":"center center","background-size":"auto","background-attachment":"scroll","background-type":"","background-media":"","overlay-type":"","overlay-color":"","overlay-opacity":"","overlay-gradient":""},"tablet":{"background-color":"","background-image":"","background-repeat":"repeat","background-position":"center center","background-size":"auto","background-attachment":"scroll","background-type":"","background-media":"","overlay-type":"","overlay-color":"","overlay-opacity":"","overlay-gradient":""},"mobile":{"background-color":"","background-image":"","background-repeat":"repeat","background-position":"center center","background-size":"auto","background-attachment":"scroll","background-type":"","background-media":"","overlay-type":"","overlay-color":"","overlay-opacity":"","overlay-gradient":""}},"ast-content-background-meta":{"desktop":{"background-color":"var(--ast-global-color-5)","background-image":"","background-repeat":"repeat","background-position":"center center","background-size":"auto","background-attachment":"scroll","background-type":"","background-media":"","overlay-type":"","overlay-color":"","overlay-opacity":"","overlay-gradient":""},"tablet":{"background-color":"var(--ast-global-color-5)","background-image":"","background-repeat":"repeat","background-position":"center center","background-size":"auto","background-attachment":"scroll","background-type":"","background-media":"","overlay-type":"","overlay-color":"","overlay-opacity":"","overlay-gradient":""},"mobile":{"background-color":"var(--ast-global-color-5)","background-image":"","background-repeat":"repeat","background-position":"center center","background-size":"auto","background-attachment":"scroll","background-type":"","background-media":"","overlay-type":"","overlay-color":"","overlay-opacity":"","overlay-gradient":""}}},"product_brand":[],"product_cat":[383,389],"product_tag":[5654,5653,1961,5661,5659,5651,5649,5658,5657],"class_list":{"0":"post-43956","1":"product","2":"type-product","3":"status-publish","4":"has-post-thumbnail","6":"product_cat-inbouw-verlichting-24-volt","7":"product_cat-verlichting","8":"product_tag-binnenverlichting-camper","9":"product_tag-binnenverlichting-vrachtwagen","10":"product_tag-cabine-verlichting","11":"product_tag-inbouwspot-camper","12":"product_tag-inbouwspot-vrachtwagen","13":"product_tag-interieur-spot-camper","14":"product_tag-interieur-spot-vrachtwagen","15":"product_tag-sterrenhemel-camper","16":"product_tag-sterrenhemel-vrachtwagen","17":"pa_merkk-product-all-day-led","18":"desktop-align-left","19":"tablet-align-left","20":"mobile-align-left","22":"first","23":"instock","24":"taxable","25":"shipping-taxable","26":"purchasable","27":"product-type-simple"},"acf":[],"yoast_head":"<!-- This site is optimized with the Yoast SEO Premium plugin v25.9 (Yoast SEO v27.6) - https:\/\/yoast.com\/product\/yoast-seo-premium-wordpress\/ -->\n<title>Mini LED spot WIT 24V ZWART - 5 stuks All Day Led - interieurlamp<\/title>\n<meta name=\"description\" content=\"Mini LED spot WIT 24V ZWART - interieur verlichting vrachtwagen \/ camper - inhoud 5 stuks - met 1 meter aansluitkabel - bout\/moer-montage\" \/>\n<meta name=\"robots\" content=\"noindex, follow, max-snippet:-1, max-image-preview:large, max-video-preview:-1\" \/>\n<meta property=\"og:locale\" content=\"de_DE\" \/>\n<meta property=\"og:type\" content=\"article\" \/>\n<meta property=\"og:title\" content=\"Mini LED spot WIT 24V ZWART - 5 stuks All Day Led - interieurlamp\" \/>\n<meta property=\"og:description\" content=\"Mini LED spot WIT 24V ZWART - interieur verlichting vrachtwagen \/ camper - inhoud 5 stuks - met 1 meter aansluitkabel - bout\/moer-montage\" \/>\n<meta property=\"og:url\" content=\"https:\/\/www.oudadl.testontwikkeling.nl\/de\/produkt\/mini-led-spot-wit-24v-5-stuks-zwart\/\" \/>\n<meta property=\"og:site_name\" content=\"All Day Led\" \/>\n<meta property=\"article:publisher\" content=\"https:\/\/www.facebook.com\/alldayled\/\" \/>\n<meta property=\"article:modified_time\" content=\"2025-11-20T01:51:51+00:00\" \/>\n<meta property=\"og:image\" content=\"https:\/\/www.oudadl.testontwikkeling.nl\/wp-content\/uploads\/2024\/03\/ADL40723.-04.png\" \/>\n\t<meta property=\"og:image:width\" content=\"800\" \/>\n\t<meta property=\"og:image:height\" content=\"600\" \/>\n\t<meta property=\"og:image:type\" content=\"image\/png\" \/>\n<meta name=\"twitter:label1\" content=\"Preis\" \/>\n\t<meta name=\"twitter:data1\" content=\"&euro;25,00\" \/>\n\t<meta name=\"twitter:label2\" content=\"Verf\u00fcgbarkeit\" \/>\n\t<meta name=\"twitter:data2\" content=\"Auf Lager\" \/>\n<script type=\"application\/ld+json\" class=\"yoast-schema-graph\">{\"@context\":\"https:\\\/\\\/schema.org\",\"@graph\":[{\"@type\":\"WebPage\",\"@id\":\"https:\\\/\\\/www.oudadl.testontwikkeling.nl\\\/nl\\\/product\\\/mini-led-spot-wit-24v-5-stuks-zwart\\\/\",\"url\":\"https:\\\/\\\/www.oudadl.testontwikkeling.nl\\\/nl\\\/product\\\/mini-led-spot-wit-24v-5-stuks-zwart\\\/\",\"name\":\"Mini LED spot WIT 24V ZWART - 5 stuks All Day Led - interieurlamp\",\"isPartOf\":{\"@id\":\"https:\\\/\\\/www.oudadl.testontwikkeling.nl\\\/#website\"},\"primaryImageOfPage\":{\"@id\":\"https:\\\/\\\/www.oudadl.testontwikkeling.nl\\\/nl\\\/product\\\/mini-led-spot-wit-24v-5-stuks-zwart\\\/#primaryimage\"},\"image\":{\"@id\":\"https:\\\/\\\/www.oudadl.testontwikkeling.nl\\\/nl\\\/product\\\/mini-led-spot-wit-24v-5-stuks-zwart\\\/#primaryimage\"},\"thumbnailUrl\":\"https:\\\/\\\/www.oudadl.testontwikkeling.nl\\\/wp-content\\\/uploads\\\/2024\\\/03\\\/ADL40723.png\",\"datePublished\":\"2024-01-01T09:20:35+00:00\",\"dateModified\":\"2025-11-20T01:51:51+00:00\",\"description\":\"Mini LED spot WIT 24V ZWART - interieur verlichting vrachtwagen \\\/ camper - inhoud 5 stuks - met 1 meter aansluitkabel - bout\\\/moer-montage\",\"breadcrumb\":{\"@id\":\"https:\\\/\\\/www.oudadl.testontwikkeling.nl\\\/nl\\\/product\\\/mini-led-spot-wit-24v-5-stuks-zwart\\\/#breadcrumb\"},\"inLanguage\":\"de\",\"potentialAction\":[{\"@type\":\"ReadAction\",\"target\":[\"https:\\\/\\\/www.oudadl.testontwikkeling.nl\\\/nl\\\/product\\\/mini-led-spot-wit-24v-5-stuks-zwart\\\/\"]}]},{\"@type\":\"ImageObject\",\"inLanguage\":\"de\",\"@id\":\"https:\\\/\\\/www.oudadl.testontwikkeling.nl\\\/nl\\\/product\\\/mini-led-spot-wit-24v-5-stuks-zwart\\\/#primaryimage\",\"url\":\"https:\\\/\\\/www.oudadl.testontwikkeling.nl\\\/wp-content\\\/uploads\\\/2024\\\/03\\\/ADL40723.png\",\"contentUrl\":\"https:\\\/\\\/www.oudadl.testontwikkeling.nl\\\/wp-content\\\/uploads\\\/2024\\\/03\\\/ADL40723.png\",\"width\":800,\"height\":600,\"caption\":\"Mini LED spot XENON WIT 24V - 5 stuks - chrome - interieur lamp geschikt voor 24 volt gebruik - vrachtwagen \\\/ camper verlichting - inbouw spot voor sterrenhemel - cabine verlichting vrachtwagen\"},{\"@type\":\"BreadcrumbList\",\"@id\":\"https:\\\/\\\/www.oudadl.testontwikkeling.nl\\\/nl\\\/product\\\/mini-led-spot-wit-24v-5-stuks-zwart\\\/#breadcrumb\",\"itemListElement\":[{\"@type\":\"ListItem\",\"position\":1,\"name\":\"Home\",\"item\":\"https:\\\/\\\/www.oudadl.testontwikkeling.nl\\\/\"},{\"@type\":\"ListItem\",\"position\":2,\"name\":\"Shop\",\"item\":\"https:\\\/\\\/www.oudadl.testontwikkeling.nl\\\/de\\\/shop\\\/\"},{\"@type\":\"ListItem\",\"position\":3,\"name\":\"Verlichting\",\"item\":\"https:\\\/\\\/www.oudadl.testontwikkeling.nl\\\/product-categorie\\\/verlichting\\\/\"},{\"@type\":\"ListItem\",\"position\":4,\"name\":\"Mini LED spot WIT 24V &#8211; 5 stuks &#8211; zwart\"}]},{\"@type\":\"WebSite\",\"@id\":\"https:\\\/\\\/www.oudadl.testontwikkeling.nl\\\/#website\",\"url\":\"https:\\\/\\\/www.oudadl.testontwikkeling.nl\\\/\",\"name\":\"All Day Led\",\"description\":\"\",\"publisher\":{\"@id\":\"https:\\\/\\\/www.oudadl.testontwikkeling.nl\\\/#organization\"},\"potentialAction\":[{\"@type\":\"SearchAction\",\"target\":{\"@type\":\"EntryPoint\",\"urlTemplate\":\"https:\\\/\\\/www.oudadl.testontwikkeling.nl\\\/?s={search_term_string}\"},\"query-input\":{\"@type\":\"PropertyValueSpecification\",\"valueRequired\":true,\"valueName\":\"search_term_string\"}}],\"inLanguage\":\"de\"},{\"@type\":\"Organization\",\"@id\":\"https:\\\/\\\/www.oudadl.testontwikkeling.nl\\\/#organization\",\"name\":\"All Day Led\",\"url\":\"https:\\\/\\\/www.oudadl.testontwikkeling.nl\\\/\",\"logo\":{\"@type\":\"ImageObject\",\"inLanguage\":\"de\",\"@id\":\"https:\\\/\\\/www.oudadl.testontwikkeling.nl\\\/#\\\/schema\\\/logo\\\/image\\\/\",\"url\":\"https:\\\/\\\/www.oudadl.testontwikkeling.nl\\\/wp-content\\\/uploads\\\/2022\\\/08\\\/Logo-ALL-DAY-LED-800x800-zwart-witte-letters.png\",\"contentUrl\":\"https:\\\/\\\/www.oudadl.testontwikkeling.nl\\\/wp-content\\\/uploads\\\/2022\\\/08\\\/Logo-ALL-DAY-LED-800x800-zwart-witte-letters.png\",\"width\":800,\"height\":800,\"caption\":\"All Day Led\"},\"image\":{\"@id\":\"https:\\\/\\\/www.oudadl.testontwikkeling.nl\\\/#\\\/schema\\\/logo\\\/image\\\/\"},\"sameAs\":[\"https:\\\/\\\/www.facebook.com\\\/alldayled\\\/\",\"https:\\\/\\\/www.instagram.com\\\/alldayled\\\/\"],\"vatID\":\"NL863960133B01\",\"taxID\":\"86416545\",\"hasMerchantReturnPolicy\":{\"@type\":\"MerchantReturnPolicy\",\"merchantReturnLink\":\"https:\\\/\\\/www.oudadl.testontwikkeling.nl\\\/de\\\/verzenden-retourneren\\\/\"}}]}<\/script>\n<meta property=\"product:brand\" content=\"All Day Led\" \/>\n<meta property=\"product:price:amount\" content=\"25.00\" \/>\n<meta property=\"product:price:currency\" content=\"EUR\" \/>\n<meta property=\"og:availability\" content=\"instock\" \/>\n<meta property=\"product:availability\" content=\"instock\" \/>\n<meta property=\"product:retailer_item_id\" content=\"ADL40723\" \/>\n<meta property=\"product:condition\" content=\"new\" \/>\n<!-- \/ Yoast SEO Premium plugin. -->","yoast_head_json":{"title":"Mini LED Spot WEISS 24V SCHWARZ - 5 St\u00fcck All Day Led - Innenleuchte","description":"Mini LED Spot WEISS 24V SCHWARZ - Innenbeleuchtung LKW \/ Wohnmobil - Inhalt 5 St\u00fcck - mit 1 Meter Anschlusskabel - Schrauben-\/Muttermontage","robots":{"index":"noindex","follow":"follow","max-snippet":"max-snippet:-1","max-image-preview":"max-image-preview:large","max-video-preview":"max-video-preview:-1"},"og_locale":"de_DE","og_type":"article","og_title":"Mini LED spot WIT 24V ZWART - 5 stuks All Day Led - interieurlamp","og_description":"Mini LED spot WIT 24V ZWART - interieur verlichting vrachtwagen \/ camper - inhoud 5 stuks - met 1 meter aansluitkabel - bout\/moer-montage","og_url":"https:\/\/www.oudadl.testontwikkeling.nl\/de\/produkt\/mini-led-spot-wit-24v-5-stuks-zwart\/","og_site_name":"All Day Led","article_publisher":"https:\/\/www.facebook.com\/alldayled\/","article_modified_time":"2025-11-20T01:51:51+00:00","og_image":[{"width":800,"height":600,"url":"https:\/\/www.oudadl.testontwikkeling.nl\/wp-content\/uploads\/2024\/03\/ADL40723.-04.png","type":"image\/png"}],"twitter_misc":{"Preis":"&euro;25,00","Verf\u00fcgbarkeit":"Auf Lager"},"schema":{"@context":"https:\/\/schema.org","@graph":[{"@type":"WebPage","@id":"https:\/\/www.oudadl.testontwikkeling.nl\/nl\/product\/mini-led-spot-wit-24v-5-stuks-zwart\/","url":"https:\/\/www.oudadl.testontwikkeling.nl\/nl\/product\/mini-led-spot-wit-24v-5-stuks-zwart\/","name":"Mini LED Spot WEISS 24V SCHWARZ - 5 St\u00fcck All Day Led - Innenleuchte","isPartOf":{"@id":"https:\/\/www.oudadl.testontwikkeling.nl\/#website"},"primaryImageOfPage":{"@id":"https:\/\/www.oudadl.testontwikkeling.nl\/nl\/product\/mini-led-spot-wit-24v-5-stuks-zwart\/#primaryimage"},"image":{"@id":"https:\/\/www.oudadl.testontwikkeling.nl\/nl\/product\/mini-led-spot-wit-24v-5-stuks-zwart\/#primaryimage"},"thumbnailUrl":"https:\/\/www.oudadl.testontwikkeling.nl\/wp-content\/uploads\/2024\/03\/ADL40723.png","datePublished":"2024-01-01T09:20:35+00:00","dateModified":"2025-11-20T01:51:51+00:00","description":"Mini LED Spot WEISS 24V SCHWARZ - Innenbeleuchtung LKW \/ Wohnmobil - Inhalt 5 St\u00fcck - mit 1 Meter Anschlusskabel - Schrauben-\/Muttermontage","breadcrumb":{"@id":"https:\/\/www.oudadl.testontwikkeling.nl\/nl\/product\/mini-led-spot-wit-24v-5-stuks-zwart\/#breadcrumb"},"inLanguage":"de","potentialAction":[{"@type":"ReadAction","target":["https:\/\/www.oudadl.testontwikkeling.nl\/nl\/product\/mini-led-spot-wit-24v-5-stuks-zwart\/"]}]},{"@type":"ImageObject","inLanguage":"de","@id":"https:\/\/www.oudadl.testontwikkeling.nl\/nl\/product\/mini-led-spot-wit-24v-5-stuks-zwart\/#primaryimage","url":"https:\/\/www.oudadl.testontwikkeling.nl\/wp-content\/uploads\/2024\/03\/ADL40723.png","contentUrl":"https:\/\/www.oudadl.testontwikkeling.nl\/wp-content\/uploads\/2024\/03\/ADL40723.png","width":800,"height":600,"caption":"Mini LED spot XENON WIT 24V - 5 stuks - chrome - interieur lamp geschikt voor 24 volt gebruik - vrachtwagen \/ camper verlichting - inbouw spot voor sterrenhemel - cabine verlichting vrachtwagen"},{"@type":"BreadcrumbList","@id":"https:\/\/www.oudadl.testontwikkeling.nl\/nl\/product\/mini-led-spot-wit-24v-5-stuks-zwart\/#breadcrumb","itemListElement":[{"@type":"ListItem","position":1,"name":"Home","item":"https:\/\/www.oudadl.testontwikkeling.nl\/"},{"@type":"ListItem","position":2,"name":"Shop","item":"https:\/\/www.oudadl.testontwikkeling.nl\/de\/shop\/"},{"@type":"ListItem","position":3,"name":"Verlichting","item":"https:\/\/www.oudadl.testontwikkeling.nl\/product-categorie\/verlichting\/"},{"@type":"ListItem","position":4,"name":"Mini LED spot WIT 24V &#8211; 5 stuks &#8211; zwart"}]},{"@type":"WebSite","@id":"https:\/\/www.oudadl.testontwikkeling.nl\/#website","url":"https:\/\/www.oudadl.testontwikkeling.nl\/","name":"All Day Led","description":"","publisher":{"@id":"https:\/\/www.oudadl.testontwikkeling.nl\/#organization"},"potentialAction":[{"@type":"SearchAction","target":{"@type":"EntryPoint","urlTemplate":"https:\/\/www.oudadl.testontwikkeling.nl\/?s={search_term_string}"},"query-input":{"@type":"PropertyValueSpecification","valueRequired":true,"valueName":"search_term_string"}}],"inLanguage":"de"},{"@type":"Organization","@id":"https:\/\/www.oudadl.testontwikkeling.nl\/#organization","name":"All Day Led","url":"https:\/\/www.oudadl.testontwikkeling.nl\/","logo":{"@type":"ImageObject","inLanguage":"de","@id":"https:\/\/www.oudadl.testontwikkeling.nl\/#\/schema\/logo\/image\/","url":"https:\/\/www.oudadl.testontwikkeling.nl\/wp-content\/uploads\/2022\/08\/Logo-ALL-DAY-LED-800x800-zwart-witte-letters.png","contentUrl":"https:\/\/www.oudadl.testontwikkeling.nl\/wp-content\/uploads\/2022\/08\/Logo-ALL-DAY-LED-800x800-zwart-witte-letters.png","width":800,"height":800,"caption":"All Day Led"},"image":{"@id":"https:\/\/www.oudadl.testontwikkeling.nl\/#\/schema\/logo\/image\/"},"sameAs":["https:\/\/www.facebook.com\/alldayled\/","https:\/\/www.instagram.com\/alldayled\/"],"vatID":"NL863960133B01","taxID":"86416545","hasMerchantReturnPolicy":{"@type":"MerchantReturnPolicy","merchantReturnLink":"https:\/\/www.oudadl.testontwikkeling.nl\/de\/verzenden-retourneren\/"}}]},"product_brand":"All Day Led","product_price_amount":"25.00","product_price_currency":"EUR","og_availability":"instock","product_availability":"instock","product_retailer_item_id":"ADL40723","product_condition":"new"},"_links":{"self":[{"href":"https:\/\/www.oudadl.testontwikkeling.nl\/de\/wp-json\/wp\/v2\/product\/43956","targetHints":{"allow":["GET"]}}],"collection":[{"href":"https:\/\/www.oudadl.testontwikkeling.nl\/de\/wp-json\/wp\/v2\/product"}],"about":[{"href":"https:\/\/www.oudadl.testontwikkeling.nl\/de\/wp-json\/wp\/v2\/types\/product"}],"replies":[{"embeddable":true,"href":"https:\/\/www.oudadl.testontwikkeling.nl\/de\/wp-json\/wp\/v2\/comments?post=43956"}],"wp:featuredmedia":[{"embeddable":true,"href":"https:\/\/www.oudadl.testontwikkeling.nl\/de\/wp-json\/wp\/v2\/media\/44003"}],"wp:attachment":[{"href":"https:\/\/www.oudadl.testontwikkeling.nl\/de\/wp-json\/wp\/v2\/media?parent=43956"}],"wp:term":[{"taxonomy":"product_brand","embeddable":true,"href":"https:\/\/www.oudadl.testontwikkeling.nl\/de\/wp-json\/wp\/v2\/product_brand?post=43956"},{"taxonomy":"product_cat","embeddable":true,"href":"https:\/\/www.oudadl.testontwikkeling.nl\/de\/wp-json\/wp\/v2\/product_cat?post=43956"},{"taxonomy":"product_tag","embeddable":true,"href":"https:\/\/www.oudadl.testontwikkeling.nl\/de\/wp-json\/wp\/v2\/product_tag?post=43956"}],"curies":[{"name":"wp","href":"https:\/\/api.w.org\/{rel}","templated":true}]}}