{"id":43756,"date":"2024-02-28T15:11:20","date_gmt":"2024-02-28T14:11:20","guid":{"rendered":"https:\/\/www.oudadl.testontwikkeling.nl\/?post_type=product&#038;p=43756"},"modified":"2025-12-09T13:36:07","modified_gmt":"2025-12-09T12:36:07","slug":"strands-unity-interior-light-28cm-amber","status":"publish","type":"product","link":"https:\/\/www.oudadl.testontwikkeling.nl\/de\/product\/strands-unity-interior-light-28cm-amber\/","title":{"rendered":"Strands Unity interior light 28cm AMBER"},"content":{"rendered":"<p><span style=\"color: #000000;\"><strong>Strands Unity interior light 28cm AMBER.\u00a0<\/strong><\/span><\/p>\n<p><span style=\"color: #000000;\">Suchen Sie eine sch\u00f6ne Innenleuchte LED, die in der Farbe Orange leuchtet? Dann k\u00f6nnte die Strands Unity Underglow 28cm Bernstein die Lampe sein, die Sie suchen. Die Innenleuchte ist mit 24 LED-Punkten ausgestattet und liefert 480 Lumen. Die Strands LED Underglow Lampe mit Aluminiumgeh\u00e4use kann mit 12 und 24 Volt betrieben werden. Das bedeutet, dass Sie die Innenleuchte LED f\u00fcr Ihr Auto, Ihren LKW, Ihren Traktor, Ihren Anh\u00e4nger oder einen anderen Fahrzeugtyp verwenden k\u00f6nnen.<\/span><\/p>\n<p><span style=\"color: #000000;\">Um sicherzustellen, dass der Strands Unity interior light 28 cm Bernstein f\u00fcr Ihr Fahrzeug oder Ihren Anh\u00e4nger geeignet ist. Nachfolgend haben wir einige Merkmale des Artikels aufgelistet. Die 28 cm lange Innenleuchte verf\u00fcgt unter anderem \u00fcber das ECE R10-G\u00fctezeichen. Dieses G\u00fctesiegel bedeutet, dass die Lampe beim Einschalten keine St\u00f6rungen, beispielsweise bei Ihrem Funksignal, verursacht. Dar\u00fcber hinaus wird die Lampe mit Schrauben und Clips geliefert, so dass Sie w\u00e4hlen k\u00f6nnen, wie Sie die Lampe befestigen.\u00a0<\/span><\/p>\n<h5><span style=\"color: #000000;\"><strong>Abmessungen:<\/strong><\/span><\/h5>\n<p><span style=\"color: #000000;\">Denn vor dem Kauf m\u00f6chten Sie wissen, ob die Innenleuchte dorthin passt, wo Sie sie einbauen m\u00f6chten. Die Ma\u00dfe der Alu-Innenleuchte haben wir hier notiert. Die Abmessungen des Strands Unity interior light 28cm sind wie folgt.\u00a0<\/span><\/p>\n<ul>\n<li><span style=\"color: #000000;\">L\u00e4nge: 281 mm<br \/>\n<\/span><\/li>\n<li><span style=\"color: #000000;\">Mitte-zu-Mitte: 273 mm<\/span><\/li>\n<li><span style=\"color: #000000;\">H\u00f6he: 16 mm<\/span><\/li>\n<li><span style=\"color: #000000;\">Dicke: 8 mm<\/span><\/li>\n<\/ul>\n<h5><span style=\"color: #000000;\"><strong>Andere Farben:<\/strong><\/span><\/h5>\n<p><span style=\"color: #000000;\">Sie m\u00f6chten ein Strands Unity interior light einbauen, aber das 28cm AMBER ist nicht die von Ihnen gesuchte Version? Dann wissen Sie, dass der Strands Unity Underglow auch in den folgenden Versionen erh\u00e4ltlich ist.<\/span><\/p>\n<ul>\n<li><span style=\"color: #000000;\"><a style=\"color: #000000;\" href=\"https:\/\/www.oudadl.testontwikkeling.nl\/de\/produkt\/strands-unity-interior-light-50cm-amber\/\" target=\"_blank\" rel=\"noopener\"><strong>Unity Underglow 50cm AMBER<\/strong><\/a><\/span><\/li>\n<li><span style=\"color: #000000;\"><a style=\"color: #000000;\" href=\"https:\/\/www.oudadl.testontwikkeling.nl\/de\/produkt\/strands-unity-interior-light-28cm-rood\/\" target=\"_blank\" rel=\"noopener\"><strong>Unity Underglow 28cm ROT<\/strong><\/a><\/span><\/li>\n<li><span style=\"color: #000000;\"><a style=\"color: #000000;\" href=\"https:\/\/www.oudadl.testontwikkeling.nl\/de\/produkt\/strands-unity-interior-light-50cm-rood\/\" target=\"_blank\" rel=\"noopener\"><strong>Unity Underglow 50cm ROT<\/strong><\/a><\/span><\/li>\n<li><span style=\"color: #000000;\"><a style=\"color: #000000;\" href=\"https:\/\/www.oudadl.testontwikkeling.nl\/de\/produkt\/strands-unity-interior-light-28cm-wit\/\" target=\"_blank\" rel=\"noopener\"><strong>Unity Underglow 28cm WEISS<\/strong><\/a><\/span><\/li>\n<li><span style=\"color: #000000;\"><a style=\"color: #000000;\" href=\"https:\/\/www.oudadl.testontwikkeling.nl\/de\/produkt\/strands-unity-interior-light-50cm-wit\/\" target=\"_blank\" rel=\"noopener\"><strong>Unity Underglow 50cm WEISS<\/strong><\/a><\/span><\/li>\n<\/ul>\n<p><span style=\"color: #000000;\">Letztendlich sind Sie der Meinung, dass dies nicht die LED-Lampe ist, die Sie suchen? Einfach weil das Strands Unity interior light 28cm AMBER Ihren Anforderungen nicht entspricht? Dann sehen Sie sich hier das komplette Sortiment an <a style=\"color: #000000;\" href=\"https:\/\/www.oudadl.testontwikkeling.nl\/de\/merk\/produkt-strands-beleuchtungsabteilung\/\" target=\"_blank\" rel=\"noopener\">Strands<\/a>. M\u00f6glicherweise finden Sie hier das Lampenmodell, das Sie suchen.<\/span><\/p>","protected":false},"excerpt":{"rendered":"<p>Strands Unity interior light 28cm AMBER.\u00a0 Bent u opzoek naar een mooie LED interieur lamp die oplicht in de kleur oranje? Dan is de Strands Unity Underglow 28cm amber wellicht d\u00e9 lamp waar u naar op zoek bent. De interieur lamp is voorzien van 24 LED punten en levert 480 lumen. De Strands LED Underglow [&hellip;]<\/p>\n","protected":false},"featured_media":43822,"comment_status":"open","ping_status":"closed","template":"","meta":{"_acf_changed":false,"site-sidebar-layout":"default","site-content-layout":"default","ast-site-content-layout":"default","site-content-style":"default","site-sidebar-style":"default","ast-global-header-display":"","ast-banner-title-visibility":"","ast-main-header-display":"","ast-hfb-above-header-display":"","ast-hfb-below-header-display":"","ast-hfb-mobile-header-display":"","site-post-title":"","ast-breadcrumbs-content":"","ast-featured-img":"","footer-sml-layout":"","ast-disable-related-posts":"","theme-transparent-header-meta":"default","adv-header-id-meta":"","stick-header-meta":"","header-above-stick-meta":"","header-main-stick-meta":"","header-below-stick-meta":"","astra-migrate-meta-layouts":"set","ast-page-background-enabled":"default","ast-page-background-meta":{"desktop":{"background-color":"","background-image":"","background-repeat":"repeat","background-position":"center center","background-size":"auto","background-attachment":"scroll","background-type":"","background-media":"","overlay-type":"","overlay-color":"","overlay-opacity":"","overlay-gradient":""},"tablet":{"background-color":"","background-image":"","background-repeat":"repeat","background-position":"center center","background-size":"auto","background-attachment":"scroll","background-type":"","background-media":"","overlay-type":"","overlay-color":"","overlay-opacity":"","overlay-gradient":""},"mobile":{"background-color":"","background-image":"","background-repeat":"repeat","background-position":"center center","background-size":"auto","background-attachment":"scroll","background-type":"","background-media":"","overlay-type":"","overlay-color":"","overlay-opacity":"","overlay-gradient":""}},"ast-content-background-meta":{"desktop":{"background-color":"var(--ast-global-color-5)","background-image":"","background-repeat":"repeat","background-position":"center center","background-size":"auto","background-attachment":"scroll","background-type":"","background-media":"","overlay-type":"","overlay-color":"","overlay-opacity":"","overlay-gradient":""},"tablet":{"background-color":"var(--ast-global-color-5)","background-image":"","background-repeat":"repeat","background-position":"center center","background-size":"auto","background-attachment":"scroll","background-type":"","background-media":"","overlay-type":"","overlay-color":"","overlay-opacity":"","overlay-gradient":""},"mobile":{"background-color":"var(--ast-global-color-5)","background-image":"","background-repeat":"repeat","background-position":"center center","background-size":"auto","background-attachment":"scroll","background-type":"","background-media":"","overlay-type":"","overlay-color":"","overlay-opacity":"","overlay-gradient":""}}},"product_brand":[],"product_cat":[268,383,262],"product_tag":[2426,2427,252],"class_list":{"0":"post-43756","1":"product","2":"type-product","3":"status-publish","4":"has-post-thumbnail","6":"product_cat-inbouw-verlichting-12-volt","7":"product_cat-inbouw-verlichting-24-volt","8":"product_cat-markeringslampen","9":"product_tag-strands-led-verlichting","10":"product_tag-strands-lighting-division","11":"product_tag-truckstyling","12":"pa_merkk-product-strands-lighting-division","13":"desktop-align-left","14":"tablet-align-left","15":"mobile-align-left","17":"first","18":"instock","19":"taxable","20":"shipping-taxable","21":"purchasable","22":"product-type-simple"},"acf":[],"yoast_head":"<!-- This site is optimized with the Yoast SEO Premium plugin v25.9 (Yoast SEO v27.6) - https:\/\/yoast.com\/product\/yoast-seo-premium-wordpress\/ -->\n<title>Strands Unity interior light 28cm AMBER - All Day Led - LED balk voor 12&amp;24V<\/title>\n<meta name=\"description\" content=\"Strands Unity interior light 28cm AMBER - 24 LED punten - 480 lumen - aluminium behuizing - Strands Underglow ORANJE - voor auto, vrachtwagen en meer\" \/>\n<meta name=\"robots\" content=\"noindex, follow, max-snippet:-1, max-image-preview:large, max-video-preview:-1\" \/>\n<meta property=\"og:locale\" content=\"de_DE\" \/>\n<meta property=\"og:type\" content=\"article\" \/>\n<meta property=\"og:title\" content=\"Strands Unity interior light 28cm AMBER - All Day Led - LED balk voor 12&amp;24V\" \/>\n<meta property=\"og:description\" content=\"Strands Unity interior light 28cm AMBER - 24 LED punten - 480 lumen - aluminium behuizing - Strands Underglow ORANJE - voor auto, vrachtwagen en meer\" \/>\n<meta property=\"og:url\" content=\"https:\/\/www.oudadl.testontwikkeling.nl\/de\/produkt\/strands-unity-interior-light-28cm-amber\/\" \/>\n<meta property=\"og:site_name\" content=\"All Day Led\" \/>\n<meta property=\"article:publisher\" content=\"https:\/\/www.facebook.com\/alldayled\/\" \/>\n<meta property=\"article:modified_time\" content=\"2025-12-09T12:36:07+00:00\" \/>\n<meta property=\"og:image\" content=\"https:\/\/www.oudadl.testontwikkeling.nl\/wp-content\/uploads\/2024\/02\/ADL89269.png\" \/>\n\t<meta property=\"og:image:width\" content=\"800\" \/>\n\t<meta property=\"og:image:height\" content=\"600\" \/>\n\t<meta property=\"og:image:type\" content=\"image\/png\" \/>\n<meta name=\"twitter:label1\" content=\"Preis\" \/>\n\t<meta name=\"twitter:data1\" content=\"&euro;29,00\" \/>\n\t<meta name=\"twitter:label2\" content=\"Verf\u00fcgbarkeit\" \/>\n\t<meta name=\"twitter:data2\" content=\"Auf Lager\" \/>\n<script type=\"application\/ld+json\" class=\"yoast-schema-graph\">{\"@context\":\"https:\\\/\\\/schema.org\",\"@graph\":[{\"@type\":\"WebPage\",\"@id\":\"https:\\\/\\\/www.oudadl.testontwikkeling.nl\\\/product\\\/strands-unity-interior-light-28cm-amber\\\/\",\"url\":\"https:\\\/\\\/www.oudadl.testontwikkeling.nl\\\/product\\\/strands-unity-interior-light-28cm-amber\\\/\",\"name\":\"Strands Unity interior light 28cm AMBER - All Day Led - LED balk voor 12&24V\",\"isPartOf\":{\"@id\":\"https:\\\/\\\/www.oudadl.testontwikkeling.nl\\\/#website\"},\"primaryImageOfPage\":{\"@id\":\"https:\\\/\\\/www.oudadl.testontwikkeling.nl\\\/product\\\/strands-unity-interior-light-28cm-amber\\\/#primaryimage\"},\"image\":{\"@id\":\"https:\\\/\\\/www.oudadl.testontwikkeling.nl\\\/product\\\/strands-unity-interior-light-28cm-amber\\\/#primaryimage\"},\"thumbnailUrl\":\"https:\\\/\\\/www.oudadl.testontwikkeling.nl\\\/wp-content\\\/uploads\\\/2024\\\/02\\\/ADL89269.png\",\"datePublished\":\"2024-02-28T14:11:20+00:00\",\"dateModified\":\"2025-12-09T12:36:07+00:00\",\"description\":\"Strands Unity interior light 28cm AMBER - 24 LED punten - 480 lumen - aluminium behuizing - Strands Underglow ORANJE - voor auto, vrachtwagen en meer\",\"breadcrumb\":{\"@id\":\"https:\\\/\\\/www.oudadl.testontwikkeling.nl\\\/product\\\/strands-unity-interior-light-28cm-amber\\\/#breadcrumb\"},\"inLanguage\":\"de\",\"potentialAction\":[{\"@type\":\"ReadAction\",\"target\":[\"https:\\\/\\\/www.oudadl.testontwikkeling.nl\\\/product\\\/strands-unity-interior-light-28cm-amber\\\/\"]}]},{\"@type\":\"ImageObject\",\"inLanguage\":\"de\",\"@id\":\"https:\\\/\\\/www.oudadl.testontwikkeling.nl\\\/product\\\/strands-unity-interior-light-28cm-amber\\\/#primaryimage\",\"url\":\"https:\\\/\\\/www.oudadl.testontwikkeling.nl\\\/wp-content\\\/uploads\\\/2024\\\/02\\\/ADL89269.png\",\"contentUrl\":\"https:\\\/\\\/www.oudadl.testontwikkeling.nl\\\/wp-content\\\/uploads\\\/2024\\\/02\\\/ADL89269.png\",\"width\":800,\"height\":600,\"caption\":\"Strands Unity Interior light AMBER - LED strip Underglow 28cm - Strands 809269 - LED verlichting voor 12 en 24 volt gebruik - geschikt voor binnen en buiten met IP67 keuring - ook als - EAN: 7323030191597\"},{\"@type\":\"BreadcrumbList\",\"@id\":\"https:\\\/\\\/www.oudadl.testontwikkeling.nl\\\/product\\\/strands-unity-interior-light-28cm-amber\\\/#breadcrumb\",\"itemListElement\":[{\"@type\":\"ListItem\",\"position\":1,\"name\":\"Home\",\"item\":\"https:\\\/\\\/www.oudadl.testontwikkeling.nl\\\/\"},{\"@type\":\"ListItem\",\"position\":2,\"name\":\"Shop\",\"item\":\"https:\\\/\\\/www.oudadl.testontwikkeling.nl\\\/de\\\/shop\\\/\"},{\"@type\":\"ListItem\",\"position\":3,\"name\":\"Positielampen\",\"item\":\"https:\\\/\\\/www.oudadl.testontwikkeling.nl\\\/product-categorie\\\/positielampen\\\/\"},{\"@type\":\"ListItem\",\"position\":4,\"name\":\"Markeringslampen\",\"item\":\"https:\\\/\\\/www.oudadl.testontwikkeling.nl\\\/product-categorie\\\/positielampen\\\/markeringslampen\\\/\"},{\"@type\":\"ListItem\",\"position\":5,\"name\":\"Strands Unity interior light 28cm AMBER\"}]},{\"@type\":\"WebSite\",\"@id\":\"https:\\\/\\\/www.oudadl.testontwikkeling.nl\\\/#website\",\"url\":\"https:\\\/\\\/www.oudadl.testontwikkeling.nl\\\/\",\"name\":\"All Day Led\",\"description\":\"\",\"publisher\":{\"@id\":\"https:\\\/\\\/www.oudadl.testontwikkeling.nl\\\/#organization\"},\"potentialAction\":[{\"@type\":\"SearchAction\",\"target\":{\"@type\":\"EntryPoint\",\"urlTemplate\":\"https:\\\/\\\/www.oudadl.testontwikkeling.nl\\\/?s={search_term_string}\"},\"query-input\":{\"@type\":\"PropertyValueSpecification\",\"valueRequired\":true,\"valueName\":\"search_term_string\"}}],\"inLanguage\":\"de\"},{\"@type\":\"Organization\",\"@id\":\"https:\\\/\\\/www.oudadl.testontwikkeling.nl\\\/#organization\",\"name\":\"All Day Led\",\"url\":\"https:\\\/\\\/www.oudadl.testontwikkeling.nl\\\/\",\"logo\":{\"@type\":\"ImageObject\",\"inLanguage\":\"de\",\"@id\":\"https:\\\/\\\/www.oudadl.testontwikkeling.nl\\\/#\\\/schema\\\/logo\\\/image\\\/\",\"url\":\"https:\\\/\\\/www.oudadl.testontwikkeling.nl\\\/wp-content\\\/uploads\\\/2022\\\/08\\\/Logo-ALL-DAY-LED-800x800-zwart-witte-letters.png\",\"contentUrl\":\"https:\\\/\\\/www.oudadl.testontwikkeling.nl\\\/wp-content\\\/uploads\\\/2022\\\/08\\\/Logo-ALL-DAY-LED-800x800-zwart-witte-letters.png\",\"width\":800,\"height\":800,\"caption\":\"All Day Led\"},\"image\":{\"@id\":\"https:\\\/\\\/www.oudadl.testontwikkeling.nl\\\/#\\\/schema\\\/logo\\\/image\\\/\"},\"sameAs\":[\"https:\\\/\\\/www.facebook.com\\\/alldayled\\\/\",\"https:\\\/\\\/www.instagram.com\\\/alldayled\\\/\"],\"vatID\":\"NL863960133B01\",\"taxID\":\"86416545\",\"hasMerchantReturnPolicy\":{\"@type\":\"MerchantReturnPolicy\",\"merchantReturnLink\":\"https:\\\/\\\/www.oudadl.testontwikkeling.nl\\\/de\\\/verzenden-retourneren\\\/\"}}]}<\/script>\n<meta property=\"product:brand\" content=\"Strands\" \/>\n<meta property=\"product:price:amount\" content=\"29.00\" \/>\n<meta property=\"product:price:currency\" content=\"EUR\" \/>\n<meta property=\"og:availability\" content=\"instock\" \/>\n<meta property=\"product:availability\" content=\"instock\" \/>\n<meta property=\"product:retailer_item_id\" content=\"ADL809269\" \/>\n<meta property=\"product:condition\" content=\"new\" \/>\n<!-- \/ Yoast SEO Premium plugin. -->","yoast_head_json":{"title":"Strands Unity interior light 28cm AMBER - All Day Led - LED Balken f\u00fcr 12&amp;24V","description":"Strands Unity interior light 28cm AMBER \u2013 24 LED Punkte \u2013 480 Lumen \u2013 Aluminiumgeh\u00e4use \u2013 Strands Underglow ORANGE \u2013 f\u00fcr PKW, LKW und mehr","robots":{"index":"noindex","follow":"follow","max-snippet":"max-snippet:-1","max-image-preview":"max-image-preview:large","max-video-preview":"max-video-preview:-1"},"og_locale":"de_DE","og_type":"article","og_title":"Strands Unity interior light 28cm AMBER - All Day Led - LED balk voor 12&24V","og_description":"Strands Unity interior light 28cm AMBER - 24 LED punten - 480 lumen - aluminium behuizing - Strands Underglow ORANJE - voor auto, vrachtwagen en meer","og_url":"https:\/\/www.oudadl.testontwikkeling.nl\/de\/produkt\/strands-unity-interior-light-28cm-amber\/","og_site_name":"All Day Led","article_publisher":"https:\/\/www.facebook.com\/alldayled\/","article_modified_time":"2025-12-09T12:36:07+00:00","og_image":[{"width":800,"height":600,"url":"https:\/\/www.oudadl.testontwikkeling.nl\/wp-content\/uploads\/2024\/02\/ADL89269.png","type":"image\/png"}],"twitter_misc":{"Preis":"&euro;29,00","Verf\u00fcgbarkeit":"Auf Lager"},"schema":{"@context":"https:\/\/schema.org","@graph":[{"@type":"WebPage","@id":"https:\/\/www.oudadl.testontwikkeling.nl\/product\/strands-unity-interior-light-28cm-amber\/","url":"https:\/\/www.oudadl.testontwikkeling.nl\/product\/strands-unity-interior-light-28cm-amber\/","name":"Strands Unity interior light 28cm AMBER - All Day Led - LED Balken f\u00fcr 12&amp;24V","isPartOf":{"@id":"https:\/\/www.oudadl.testontwikkeling.nl\/#website"},"primaryImageOfPage":{"@id":"https:\/\/www.oudadl.testontwikkeling.nl\/product\/strands-unity-interior-light-28cm-amber\/#primaryimage"},"image":{"@id":"https:\/\/www.oudadl.testontwikkeling.nl\/product\/strands-unity-interior-light-28cm-amber\/#primaryimage"},"thumbnailUrl":"https:\/\/www.oudadl.testontwikkeling.nl\/wp-content\/uploads\/2024\/02\/ADL89269.png","datePublished":"2024-02-28T14:11:20+00:00","dateModified":"2025-12-09T12:36:07+00:00","description":"Strands Unity interior light 28cm AMBER \u2013 24 LED Punkte \u2013 480 Lumen \u2013 Aluminiumgeh\u00e4use \u2013 Strands Underglow ORANGE \u2013 f\u00fcr PKW, LKW und mehr","breadcrumb":{"@id":"https:\/\/www.oudadl.testontwikkeling.nl\/product\/strands-unity-interior-light-28cm-amber\/#breadcrumb"},"inLanguage":"de","potentialAction":[{"@type":"ReadAction","target":["https:\/\/www.oudadl.testontwikkeling.nl\/product\/strands-unity-interior-light-28cm-amber\/"]}]},{"@type":"ImageObject","inLanguage":"de","@id":"https:\/\/www.oudadl.testontwikkeling.nl\/product\/strands-unity-interior-light-28cm-amber\/#primaryimage","url":"https:\/\/www.oudadl.testontwikkeling.nl\/wp-content\/uploads\/2024\/02\/ADL89269.png","contentUrl":"https:\/\/www.oudadl.testontwikkeling.nl\/wp-content\/uploads\/2024\/02\/ADL89269.png","width":800,"height":600,"caption":"Strands Unity Interior light AMBER - LED strip Underglow 28cm - Strands 809269 - LED verlichting voor 12 en 24 volt gebruik - geschikt voor binnen en buiten met IP67 keuring - ook als - EAN: 7323030191597"},{"@type":"BreadcrumbList","@id":"https:\/\/www.oudadl.testontwikkeling.nl\/product\/strands-unity-interior-light-28cm-amber\/#breadcrumb","itemListElement":[{"@type":"ListItem","position":1,"name":"Home","item":"https:\/\/www.oudadl.testontwikkeling.nl\/"},{"@type":"ListItem","position":2,"name":"Shop","item":"https:\/\/www.oudadl.testontwikkeling.nl\/de\/shop\/"},{"@type":"ListItem","position":3,"name":"Positielampen","item":"https:\/\/www.oudadl.testontwikkeling.nl\/product-categorie\/positielampen\/"},{"@type":"ListItem","position":4,"name":"Markeringslampen","item":"https:\/\/www.oudadl.testontwikkeling.nl\/product-categorie\/positielampen\/markeringslampen\/"},{"@type":"ListItem","position":5,"name":"Strands Unity interior light 28cm AMBER"}]},{"@type":"WebSite","@id":"https:\/\/www.oudadl.testontwikkeling.nl\/#website","url":"https:\/\/www.oudadl.testontwikkeling.nl\/","name":"All Day Led","description":"","publisher":{"@id":"https:\/\/www.oudadl.testontwikkeling.nl\/#organization"},"potentialAction":[{"@type":"SearchAction","target":{"@type":"EntryPoint","urlTemplate":"https:\/\/www.oudadl.testontwikkeling.nl\/?s={search_term_string}"},"query-input":{"@type":"PropertyValueSpecification","valueRequired":true,"valueName":"search_term_string"}}],"inLanguage":"de"},{"@type":"Organization","@id":"https:\/\/www.oudadl.testontwikkeling.nl\/#organization","name":"All Day Led","url":"https:\/\/www.oudadl.testontwikkeling.nl\/","logo":{"@type":"ImageObject","inLanguage":"de","@id":"https:\/\/www.oudadl.testontwikkeling.nl\/#\/schema\/logo\/image\/","url":"https:\/\/www.oudadl.testontwikkeling.nl\/wp-content\/uploads\/2022\/08\/Logo-ALL-DAY-LED-800x800-zwart-witte-letters.png","contentUrl":"https:\/\/www.oudadl.testontwikkeling.nl\/wp-content\/uploads\/2022\/08\/Logo-ALL-DAY-LED-800x800-zwart-witte-letters.png","width":800,"height":800,"caption":"All Day Led"},"image":{"@id":"https:\/\/www.oudadl.testontwikkeling.nl\/#\/schema\/logo\/image\/"},"sameAs":["https:\/\/www.facebook.com\/alldayled\/","https:\/\/www.instagram.com\/alldayled\/"],"vatID":"NL863960133B01","taxID":"86416545","hasMerchantReturnPolicy":{"@type":"MerchantReturnPolicy","merchantReturnLink":"https:\/\/www.oudadl.testontwikkeling.nl\/de\/verzenden-retourneren\/"}}]},"product_brand":"Strands","product_price_amount":"29.00","product_price_currency":"EUR","og_availability":"instock","product_availability":"instock","product_retailer_item_id":"ADL809269","product_condition":"new"},"_links":{"self":[{"href":"https:\/\/www.oudadl.testontwikkeling.nl\/de\/wp-json\/wp\/v2\/product\/43756","targetHints":{"allow":["GET"]}}],"collection":[{"href":"https:\/\/www.oudadl.testontwikkeling.nl\/de\/wp-json\/wp\/v2\/product"}],"about":[{"href":"https:\/\/www.oudadl.testontwikkeling.nl\/de\/wp-json\/wp\/v2\/types\/product"}],"replies":[{"embeddable":true,"href":"https:\/\/www.oudadl.testontwikkeling.nl\/de\/wp-json\/wp\/v2\/comments?post=43756"}],"wp:featuredmedia":[{"embeddable":true,"href":"https:\/\/www.oudadl.testontwikkeling.nl\/de\/wp-json\/wp\/v2\/media\/43822"}],"wp:attachment":[{"href":"https:\/\/www.oudadl.testontwikkeling.nl\/de\/wp-json\/wp\/v2\/media?parent=43756"}],"wp:term":[{"taxonomy":"product_brand","embeddable":true,"href":"https:\/\/www.oudadl.testontwikkeling.nl\/de\/wp-json\/wp\/v2\/product_brand?post=43756"},{"taxonomy":"product_cat","embeddable":true,"href":"https:\/\/www.oudadl.testontwikkeling.nl\/de\/wp-json\/wp\/v2\/product_cat?post=43756"},{"taxonomy":"product_tag","embeddable":true,"href":"https:\/\/www.oudadl.testontwikkeling.nl\/de\/wp-json\/wp\/v2\/product_tag?post=43756"}],"curies":[{"name":"wp","href":"https:\/\/api.w.org\/{rel}","templated":true}]}}