{"id":43138,"date":"2024-01-27T12:00:49","date_gmt":"2024-01-27T11:00:49","guid":{"rendered":"https:\/\/www.oudadl.testontwikkeling.nl\/?post_type=product&#038;p=43138"},"modified":"2025-11-24T23:19:04","modified_gmt":"2025-11-24T22:19:04","slug":"strands-nuuk-e-line-led-bar-single","status":"publish","type":"product","link":"https:\/\/www.oudadl.testontwikkeling.nl\/de\/product\/strands-nuuk-e-line-led-bar-single\/","title":{"rendered":"Strands Nuuk E-line LED bar"},"content":{"rendered":"<p><span style=\"color: #000000;\"><strong>Strands Nuuk E-LINE LED bar SINGLE mit Kennzeichenhalter.\u00a0<\/strong><\/span><\/p>\n<p><span style=\"color: #000000;\">Suchen Sie einen Kennzeichenhalter mit integriertem LED bar? Dann ist der Strands Nuuk E-LINE Kennzeichenhalter mit integriertem LED bar vielleicht genau das Richtige f\u00fcr Sie! Der nur 3 cm hohe LED bar verf\u00fcgt \u00fcber 18 LED-Punkte und hat eine theoretische Lichtleistung von 8800 Lumen. Der kompakte LED bar mit Kennzeichenhalter funktioniert sowohl mit 12 als auch mit 24 Volt! Das bedeutet, dass Sie den LED bar, der als Fernlicht verwendet werden kann, an Autos und anderen Fahrzeugen montieren k\u00f6nnen.<\/span><\/p>\n<p><span style=\"color: #000000;\">Damit der Strands Nuuk E-LINE Kennzeichenhalter mit integriertem LED bar SINGLE f\u00fcr Ihr Fahrzeug oder Ihren Anh\u00e4nger geeignet ist. Nachfolgend haben wir einige Spezifikationen aufgeschrieben. All dies, um Ihnen klar zu machen, warum dies m\u00f6glicherweise die LED-Lampe mit Zubeh\u00f6r ist, nach der Sie suchen. Der LED bar mit Kennzeichenhalter ist unter anderem mit dem ECE R10-G\u00fctezeichen versehen. Dieses G\u00fctesiegel bedeutet, dass die Lampe beim Einschalten keine St\u00f6rungen, beispielsweise bei Ihrem Funksignal, verursacht. Die LED-Leuchte mit Kennzeichenhalter von Strands ist au\u00dferdem mit der ECE R149 Ref. ausgestattet. G\u00fctesiegel 40. Dieses G\u00fctezeichen bedeutet, dass Sie den LED bar im \u00f6ffentlichen Stra\u00dfenverkehr verwenden d\u00fcrfen!\u00a0<\/span><\/p>\n<h5><span style=\"color: #000000;\"><strong>Abmessungen:<\/strong><\/span><\/h5>\n<p><span style=\"color: #000000;\">Denn vor dem Kauf m\u00f6chten Sie wissen, ob Ihr Kennzeichen in den integrierten Kennzeichenhalter passt. Nachfolgend haben wir die Abmessungen des LED bar notiert. Die Abmessungen des Strands Nuuk E-Line Kennzeichens LED bar SINGLE sind wie folgt:<\/span><\/p>\n<ul>\n<li><span style=\"color: #000000;\">Kennzeichenbreite: 522 mm<\/span><\/li>\n<li><span style=\"color: #000000;\">Gesamtbreite: 535 mm<\/span><\/li>\n<li><span style=\"color: #000000;\">Breite LED bar: 514 mm<\/span><\/li>\n<li><span style=\"color: #000000;\">Kennzeichenh\u00f6he: 114 mm<\/span><\/li>\n<li><span style=\"color: #000000;\">Gesamth\u00f6he: 154,4 mm<\/span><\/li>\n<li><span style=\"color: #000000;\">H\u00f6he LED bar: 30 mm<\/span><\/li>\n<li><span style=\"color: #000000;\">Dicke: 36mm<\/span><\/li>\n<\/ul>\n<p><span style=\"color: #000000;\"><em>Bitte beachten: Der Kennzeichenhalter ist oben abgerundet und folgt der Rundung der Sto\u00dfstange. \u00dcberpr\u00fcfe die Ma\u00dfe vor der Bestellung sorgf\u00e4ltig. So stellst du sicher, dass dein Kennzeichen passt und vermeidest b\u00f6se \u00dcberraschungen.<\/em><\/span><\/p>\n<h5><span style=\"color: #000000;\"><strong>Andere Versionen:<\/strong><\/span><\/h5>\n<p><span style=\"color: #000000;\">M\u00f6chten Sie einen Kennzeichenhalter mit eingebautem LED bar erwerben? Aber ist das Strands Nuuk E-Line Kennzeichen LED bar SINGLE nicht das Modell, das Sie einbauen m\u00f6chten? Dann wissen Sie, dass der Kennzeichenhalter auch in den folgenden Versionen erh\u00e4ltlich ist.\u00a0<\/span><\/p>\n<ul>\n<li><span style=\"color: #000000;\"><a style=\"color: #000000;\" href=\"https:\/\/www.oudadl.testontwikkeling.nl\/de\/produkt\/strands-nuuk-e-line-led-bar-duo\/\" target=\"_blank\" rel=\"noopener\"><strong>Strands Kennzeichenleuchte mit 2 Lampen<\/strong><\/a><\/span><\/li>\n<\/ul>\n<p><span style=\"color: #000000;\">Sind Sie immer noch der Meinung, dass das Strands Nuuk E-LINE Nummernschild LED bar SINGLE nicht das Produkt ist, das Sie suchen? Einfach, weil die Lichtleistung, Wattzahl oder Form nicht Ihren W\u00fcnschen entspricht? Dann sehen Sie sich hier das komplette Sortiment an <a style=\"color: #000000;\" href=\"https:\/\/www.oudadl.testontwikkeling.nl\/de\/merk\/produkt-strands-beleuchtungsabteilung\/\" target=\"_blank\" rel=\"noopener\">Strands<\/a>. Sehen <a style=\"color: #000000;\" href=\"https:\/\/strandseurope.com\/uploads\/2024\/01\/809135-sv-en-manual.pdf\" target=\"_blank\" rel=\"noopener\">hier<\/a> die Anleitung des Kennzeichenhalters mit eingebautem LED bar.<\/span><\/p>","protected":false},"excerpt":{"rendered":"<p>Strands Nuuk E-LINE LED bar SINGLE met kenteken houder.\u00a0 Bent u op zoek naar een kenteken houder met ingebouwde LED bar? Wellicht is de Strands Nuuk E-LINE kenteken houder met ingebouwde LED bar dan wel het product wat u zoekt! De slechts 3 cm hoge LED bar is voorzien van 18 LED punten en heeft [&hellip;]<\/p>\n","protected":false},"featured_media":43692,"comment_status":"open","ping_status":"closed","template":"","meta":{"_acf_changed":false,"site-sidebar-layout":"default","site-content-layout":"default","ast-site-content-layout":"default","site-content-style":"default","site-sidebar-style":"default","ast-global-header-display":"","ast-banner-title-visibility":"","ast-main-header-display":"","ast-hfb-above-header-display":"","ast-hfb-below-header-display":"","ast-hfb-mobile-header-display":"","site-post-title":"","ast-breadcrumbs-content":"","ast-featured-img":"","footer-sml-layout":"","ast-disable-related-posts":"","theme-transparent-header-meta":"default","adv-header-id-meta":"","stick-header-meta":"","header-above-stick-meta":"","header-main-stick-meta":"","header-below-stick-meta":"","astra-migrate-meta-layouts":"set","ast-page-background-enabled":"default","ast-page-background-meta":{"desktop":{"background-color":"","background-image":"","background-repeat":"repeat","background-position":"center center","background-size":"auto","background-attachment":"scroll","background-type":"","background-media":"","overlay-type":"","overlay-color":"","overlay-opacity":"","overlay-gradient":""},"tablet":{"background-color":"","background-image":"","background-repeat":"repeat","background-position":"center center","background-size":"auto","background-attachment":"scroll","background-type":"","background-media":"","overlay-type":"","overlay-color":"","overlay-opacity":"","overlay-gradient":""},"mobile":{"background-color":"","background-image":"","background-repeat":"repeat","background-position":"center center","background-size":"auto","background-attachment":"scroll","background-type":"","background-media":"","overlay-type":"","overlay-color":"","overlay-opacity":"","overlay-gradient":""}},"ast-content-background-meta":{"desktop":{"background-color":"var(--ast-global-color-5)","background-image":"","background-repeat":"repeat","background-position":"center center","background-size":"auto","background-attachment":"scroll","background-type":"","background-media":"","overlay-type":"","overlay-color":"","overlay-opacity":"","overlay-gradient":""},"tablet":{"background-color":"var(--ast-global-color-5)","background-image":"","background-repeat":"repeat","background-position":"center center","background-size":"auto","background-attachment":"scroll","background-type":"","background-media":"","overlay-type":"","overlay-color":"","overlay-opacity":"","overlay-gradient":""},"mobile":{"background-color":"var(--ast-global-color-5)","background-image":"","background-repeat":"repeat","background-position":"center center","background-size":"auto","background-attachment":"scroll","background-type":"","background-media":"","overlay-type":"","overlay-color":"","overlay-opacity":"","overlay-gradient":""}}},"product_brand":[],"product_cat":[7964],"product_tag":[3786,3789,3788,5817,5822,5823,5824,5825,5821,373,2426,3787,2427],"class_list":{"0":"post-43138","1":"product","2":"type-product","3":"status-publish","4":"has-post-thumbnail","6":"product_cat-led-bar","7":"product_tag-led-bar","8":"product_tag-led-bar-auto","9":"product_tag-led-bar-vrachtwagen","10":"product_tag-led-verstraler","11":"product_tag-led-verstraler-auto","12":"product_tag-led-verstraler-camper","13":"product_tag-led-verstraler-pickup","14":"product_tag-led-verstraler-tractor","15":"product_tag-led-verstraler-vrachtwagen","16":"product_tag-led-werklamp","17":"product_tag-strands-led-verlichting","18":"product_tag-strands-werklamp","19":"product_tag-strands-lighting-division","20":"pa_merkk-product-strands-lighting-division","21":"desktop-align-left","22":"tablet-align-left","23":"mobile-align-left","25":"first","26":"instock","27":"taxable","28":"shipping-taxable","29":"purchasable","30":"product-type-simple"},"acf":[],"yoast_head":"<!-- This site is optimized with the Yoast SEO Premium plugin v25.9 (Yoast SEO v27.6) - https:\/\/yoast.com\/product\/yoast-seo-premium-wordpress\/ -->\n<title>Strands Nuuk E-Line LED bar SINGLE - Strands LED lamp - All Day Led - 12&amp;24V<\/title>\n<meta name=\"description\" content=\"Strands Nuuk E-Line LED bar SINGLE - 12&amp;24 volt - auto, vrachtwagen en meer - met ECE R149 ref. 40 keurmerk - lichtopbrengst van 7800 Lumen - 1 LUX @417m\" \/>\n<meta name=\"robots\" content=\"noindex, follow, max-snippet:-1, max-image-preview:large, max-video-preview:-1\" \/>\n<meta property=\"og:locale\" content=\"de_DE\" \/>\n<meta property=\"og:type\" content=\"article\" \/>\n<meta property=\"og:title\" content=\"Strands Nuuk E-Line LED bar SINGLE - Strands LED lamp - All Day Led - 12&amp;24V\" \/>\n<meta property=\"og:description\" content=\"Strands Nuuk E-Line LED bar SINGLE - 12&amp;24 volt - auto, vrachtwagen en meer - met ECE R149 ref. 40 keurmerk - lichtopbrengst van 7800 Lumen - 1 LUX @417m\" \/>\n<meta property=\"og:url\" content=\"https:\/\/www.oudadl.testontwikkeling.nl\/de\/produkt\/strands-nuuk-e-line-led-bar-single\/\" \/>\n<meta property=\"og:site_name\" content=\"All Day Led\" \/>\n<meta property=\"article:publisher\" content=\"https:\/\/www.facebook.com\/alldayled\/\" \/>\n<meta property=\"article:modified_time\" content=\"2025-11-24T22:19:04+00:00\" \/>\n<meta property=\"og:image\" content=\"https:\/\/www.oudadl.testontwikkeling.nl\/wp-content\/uploads\/2024\/02\/ADL89135.-3.png\" \/>\n\t<meta property=\"og:image:width\" content=\"800\" \/>\n\t<meta property=\"og:image:height\" content=\"600\" \/>\n\t<meta property=\"og:image:type\" content=\"image\/png\" \/>\n<meta name=\"twitter:label1\" content=\"Preis\" \/>\n\t<meta name=\"twitter:data1\" content=\"&euro;199,00\" \/>\n\t<meta name=\"twitter:label2\" content=\"Verf\u00fcgbarkeit\" \/>\n\t<meta name=\"twitter:data2\" content=\"Auf Lager\" \/>\n<script type=\"application\/ld+json\" class=\"yoast-schema-graph\">{\"@context\":\"https:\\\/\\\/schema.org\",\"@graph\":[{\"@type\":\"WebPage\",\"@id\":\"https:\\\/\\\/www.oudadl.testontwikkeling.nl\\\/product\\\/strands-nuuk-e-line-led-bar-single\\\/\",\"url\":\"https:\\\/\\\/www.oudadl.testontwikkeling.nl\\\/product\\\/strands-nuuk-e-line-led-bar-single\\\/\",\"name\":\"Strands Nuuk E-Line LED bar SINGLE - Strands LED lamp - All Day Led - 12&24V\",\"isPartOf\":{\"@id\":\"https:\\\/\\\/www.oudadl.testontwikkeling.nl\\\/#website\"},\"primaryImageOfPage\":{\"@id\":\"https:\\\/\\\/www.oudadl.testontwikkeling.nl\\\/product\\\/strands-nuuk-e-line-led-bar-single\\\/#primaryimage\"},\"image\":{\"@id\":\"https:\\\/\\\/www.oudadl.testontwikkeling.nl\\\/product\\\/strands-nuuk-e-line-led-bar-single\\\/#primaryimage\"},\"thumbnailUrl\":\"https:\\\/\\\/www.oudadl.testontwikkeling.nl\\\/wp-content\\\/uploads\\\/2024\\\/02\\\/ADL89135.png\",\"datePublished\":\"2024-01-27T11:00:49+00:00\",\"dateModified\":\"2025-11-24T22:19:04+00:00\",\"description\":\"Strands Nuuk E-Line LED bar SINGLE - 12&24 volt - auto, vrachtwagen en meer - met ECE R149 ref. 40 keurmerk - lichtopbrengst van 7800 Lumen - 1 LUX @417m\",\"breadcrumb\":{\"@id\":\"https:\\\/\\\/www.oudadl.testontwikkeling.nl\\\/product\\\/strands-nuuk-e-line-led-bar-single\\\/#breadcrumb\"},\"inLanguage\":\"de\",\"potentialAction\":[{\"@type\":\"ReadAction\",\"target\":[\"https:\\\/\\\/www.oudadl.testontwikkeling.nl\\\/product\\\/strands-nuuk-e-line-led-bar-single\\\/\"]}]},{\"@type\":\"ImageObject\",\"inLanguage\":\"de\",\"@id\":\"https:\\\/\\\/www.oudadl.testontwikkeling.nl\\\/product\\\/strands-nuuk-e-line-led-bar-single\\\/#primaryimage\",\"url\":\"https:\\\/\\\/www.oudadl.testontwikkeling.nl\\\/wp-content\\\/uploads\\\/2024\\\/02\\\/ADL89135.png\",\"contentUrl\":\"https:\\\/\\\/www.oudadl.testontwikkeling.nl\\\/wp-content\\\/uploads\\\/2024\\\/02\\\/ADL89135.png\",\"width\":800,\"height\":600,\"caption\":\"Strands NUUK E-LINE nummerplaat houder met ingebouwde SOLO LED bar - werkt op 12 en 24 volt - geschikt voor auto, camper, vrachtwagen, tractor en meer - EAN: 7350133816485\"},{\"@type\":\"BreadcrumbList\",\"@id\":\"https:\\\/\\\/www.oudadl.testontwikkeling.nl\\\/product\\\/strands-nuuk-e-line-led-bar-single\\\/#breadcrumb\",\"itemListElement\":[{\"@type\":\"ListItem\",\"position\":1,\"name\":\"Home\",\"item\":\"https:\\\/\\\/www.oudadl.testontwikkeling.nl\\\/\"},{\"@type\":\"ListItem\",\"position\":2,\"name\":\"Shop\",\"item\":\"https:\\\/\\\/www.oudadl.testontwikkeling.nl\\\/de\\\/shop\\\/\"},{\"@type\":\"ListItem\",\"position\":3,\"name\":\"Verstralers\",\"item\":\"https:\\\/\\\/www.oudadl.testontwikkeling.nl\\\/product-categorie\\\/verstralers\\\/\"},{\"@type\":\"ListItem\",\"position\":4,\"name\":\"LED bar\",\"item\":\"https:\\\/\\\/www.oudadl.testontwikkeling.nl\\\/product-categorie\\\/verstralers\\\/led-bar\\\/\"},{\"@type\":\"ListItem\",\"position\":5,\"name\":\"Strands Nuuk E-line LED bar\"}]},{\"@type\":\"WebSite\",\"@id\":\"https:\\\/\\\/www.oudadl.testontwikkeling.nl\\\/#website\",\"url\":\"https:\\\/\\\/www.oudadl.testontwikkeling.nl\\\/\",\"name\":\"All Day Led\",\"description\":\"\",\"publisher\":{\"@id\":\"https:\\\/\\\/www.oudadl.testontwikkeling.nl\\\/#organization\"},\"potentialAction\":[{\"@type\":\"SearchAction\",\"target\":{\"@type\":\"EntryPoint\",\"urlTemplate\":\"https:\\\/\\\/www.oudadl.testontwikkeling.nl\\\/?s={search_term_string}\"},\"query-input\":{\"@type\":\"PropertyValueSpecification\",\"valueRequired\":true,\"valueName\":\"search_term_string\"}}],\"inLanguage\":\"de\"},{\"@type\":\"Organization\",\"@id\":\"https:\\\/\\\/www.oudadl.testontwikkeling.nl\\\/#organization\",\"name\":\"All Day Led\",\"url\":\"https:\\\/\\\/www.oudadl.testontwikkeling.nl\\\/\",\"logo\":{\"@type\":\"ImageObject\",\"inLanguage\":\"de\",\"@id\":\"https:\\\/\\\/www.oudadl.testontwikkeling.nl\\\/#\\\/schema\\\/logo\\\/image\\\/\",\"url\":\"https:\\\/\\\/www.oudadl.testontwikkeling.nl\\\/wp-content\\\/uploads\\\/2022\\\/08\\\/Logo-ALL-DAY-LED-800x800-zwart-witte-letters.png\",\"contentUrl\":\"https:\\\/\\\/www.oudadl.testontwikkeling.nl\\\/wp-content\\\/uploads\\\/2022\\\/08\\\/Logo-ALL-DAY-LED-800x800-zwart-witte-letters.png\",\"width\":800,\"height\":800,\"caption\":\"All Day Led\"},\"image\":{\"@id\":\"https:\\\/\\\/www.oudadl.testontwikkeling.nl\\\/#\\\/schema\\\/logo\\\/image\\\/\"},\"sameAs\":[\"https:\\\/\\\/www.facebook.com\\\/alldayled\\\/\",\"https:\\\/\\\/www.instagram.com\\\/alldayled\\\/\"],\"vatID\":\"NL863960133B01\",\"taxID\":\"86416545\",\"hasMerchantReturnPolicy\":{\"@type\":\"MerchantReturnPolicy\",\"merchantReturnLink\":\"https:\\\/\\\/www.oudadl.testontwikkeling.nl\\\/de\\\/verzenden-retourneren\\\/\"}}]}<\/script>\n<meta property=\"product:brand\" content=\"Strands\" \/>\n<meta property=\"product:price:amount\" content=\"199.00\" \/>\n<meta property=\"product:price:currency\" content=\"EUR\" \/>\n<meta property=\"og:availability\" content=\"instock\" \/>\n<meta property=\"product:availability\" content=\"instock\" \/>\n<meta property=\"product:retailer_item_id\" content=\"ADL809135\" \/>\n<meta property=\"product:condition\" content=\"new\" \/>\n<!-- \/ Yoast SEO Premium plugin. -->","yoast_head_json":{"title":"Strands Nuuk E-Line LED bar SINGLE - Strands LED Lampe - All Day Led - 12&amp;24V","description":"Strands Nuuk E-Line LED bar SINGLE \u2013 12&amp;24 volt \u2013 PKW, LKW und mehr \u2013 mit ECE R149 Ref. 40 \u2013 Lichtleistung von 7800 Lumen \u2013 1 LUX @417m","robots":{"index":"noindex","follow":"follow","max-snippet":"max-snippet:-1","max-image-preview":"max-image-preview:large","max-video-preview":"max-video-preview:-1"},"og_locale":"de_DE","og_type":"article","og_title":"Strands Nuuk E-Line LED bar SINGLE - Strands LED lamp - All Day Led - 12&24V","og_description":"Strands Nuuk E-Line LED bar SINGLE - 12&24 volt - auto, vrachtwagen en meer - met ECE R149 ref. 40 keurmerk - lichtopbrengst van 7800 Lumen - 1 LUX @417m","og_url":"https:\/\/www.oudadl.testontwikkeling.nl\/de\/produkt\/strands-nuuk-e-line-led-bar-single\/","og_site_name":"All Day Led","article_publisher":"https:\/\/www.facebook.com\/alldayled\/","article_modified_time":"2025-11-24T22:19:04+00:00","og_image":[{"width":800,"height":600,"url":"https:\/\/www.oudadl.testontwikkeling.nl\/wp-content\/uploads\/2024\/02\/ADL89135.-3.png","type":"image\/png"}],"twitter_misc":{"Preis":"&euro;199,00","Verf\u00fcgbarkeit":"Auf Lager"},"schema":{"@context":"https:\/\/schema.org","@graph":[{"@type":"WebPage","@id":"https:\/\/www.oudadl.testontwikkeling.nl\/product\/strands-nuuk-e-line-led-bar-single\/","url":"https:\/\/www.oudadl.testontwikkeling.nl\/product\/strands-nuuk-e-line-led-bar-single\/","name":"Strands Nuuk E-Line LED bar SINGLE - Strands LED Lampe - All Day Led - 12&amp;24V","isPartOf":{"@id":"https:\/\/www.oudadl.testontwikkeling.nl\/#website"},"primaryImageOfPage":{"@id":"https:\/\/www.oudadl.testontwikkeling.nl\/product\/strands-nuuk-e-line-led-bar-single\/#primaryimage"},"image":{"@id":"https:\/\/www.oudadl.testontwikkeling.nl\/product\/strands-nuuk-e-line-led-bar-single\/#primaryimage"},"thumbnailUrl":"https:\/\/www.oudadl.testontwikkeling.nl\/wp-content\/uploads\/2024\/02\/ADL89135.png","datePublished":"2024-01-27T11:00:49+00:00","dateModified":"2025-11-24T22:19:04+00:00","description":"Strands Nuuk E-Line LED bar SINGLE \u2013 12&amp;24 volt \u2013 PKW, LKW und mehr \u2013 mit ECE R149 Ref. 40 \u2013 Lichtleistung von 7800 Lumen \u2013 1 LUX @417m","breadcrumb":{"@id":"https:\/\/www.oudadl.testontwikkeling.nl\/product\/strands-nuuk-e-line-led-bar-single\/#breadcrumb"},"inLanguage":"de","potentialAction":[{"@type":"ReadAction","target":["https:\/\/www.oudadl.testontwikkeling.nl\/product\/strands-nuuk-e-line-led-bar-single\/"]}]},{"@type":"ImageObject","inLanguage":"de","@id":"https:\/\/www.oudadl.testontwikkeling.nl\/product\/strands-nuuk-e-line-led-bar-single\/#primaryimage","url":"https:\/\/www.oudadl.testontwikkeling.nl\/wp-content\/uploads\/2024\/02\/ADL89135.png","contentUrl":"https:\/\/www.oudadl.testontwikkeling.nl\/wp-content\/uploads\/2024\/02\/ADL89135.png","width":800,"height":600,"caption":"Strands NUUK E-LINE nummerplaat houder met ingebouwde SOLO LED bar - werkt op 12 en 24 volt - geschikt voor auto, camper, vrachtwagen, tractor en meer - EAN: 7350133816485"},{"@type":"BreadcrumbList","@id":"https:\/\/www.oudadl.testontwikkeling.nl\/product\/strands-nuuk-e-line-led-bar-single\/#breadcrumb","itemListElement":[{"@type":"ListItem","position":1,"name":"Home","item":"https:\/\/www.oudadl.testontwikkeling.nl\/"},{"@type":"ListItem","position":2,"name":"Shop","item":"https:\/\/www.oudadl.testontwikkeling.nl\/de\/shop\/"},{"@type":"ListItem","position":3,"name":"Verstralers","item":"https:\/\/www.oudadl.testontwikkeling.nl\/product-categorie\/verstralers\/"},{"@type":"ListItem","position":4,"name":"LED bar","item":"https:\/\/www.oudadl.testontwikkeling.nl\/product-categorie\/verstralers\/led-bar\/"},{"@type":"ListItem","position":5,"name":"Strands Nuuk E-line LED bar"}]},{"@type":"WebSite","@id":"https:\/\/www.oudadl.testontwikkeling.nl\/#website","url":"https:\/\/www.oudadl.testontwikkeling.nl\/","name":"All Day Led","description":"","publisher":{"@id":"https:\/\/www.oudadl.testontwikkeling.nl\/#organization"},"potentialAction":[{"@type":"SearchAction","target":{"@type":"EntryPoint","urlTemplate":"https:\/\/www.oudadl.testontwikkeling.nl\/?s={search_term_string}"},"query-input":{"@type":"PropertyValueSpecification","valueRequired":true,"valueName":"search_term_string"}}],"inLanguage":"de"},{"@type":"Organization","@id":"https:\/\/www.oudadl.testontwikkeling.nl\/#organization","name":"All Day Led","url":"https:\/\/www.oudadl.testontwikkeling.nl\/","logo":{"@type":"ImageObject","inLanguage":"de","@id":"https:\/\/www.oudadl.testontwikkeling.nl\/#\/schema\/logo\/image\/","url":"https:\/\/www.oudadl.testontwikkeling.nl\/wp-content\/uploads\/2022\/08\/Logo-ALL-DAY-LED-800x800-zwart-witte-letters.png","contentUrl":"https:\/\/www.oudadl.testontwikkeling.nl\/wp-content\/uploads\/2022\/08\/Logo-ALL-DAY-LED-800x800-zwart-witte-letters.png","width":800,"height":800,"caption":"All Day Led"},"image":{"@id":"https:\/\/www.oudadl.testontwikkeling.nl\/#\/schema\/logo\/image\/"},"sameAs":["https:\/\/www.facebook.com\/alldayled\/","https:\/\/www.instagram.com\/alldayled\/"],"vatID":"NL863960133B01","taxID":"86416545","hasMerchantReturnPolicy":{"@type":"MerchantReturnPolicy","merchantReturnLink":"https:\/\/www.oudadl.testontwikkeling.nl\/de\/verzenden-retourneren\/"}}]},"product_brand":"Strands","product_price_amount":"199.00","product_price_currency":"EUR","og_availability":"instock","product_availability":"instock","product_retailer_item_id":"ADL809135","product_condition":"new"},"_links":{"self":[{"href":"https:\/\/www.oudadl.testontwikkeling.nl\/de\/wp-json\/wp\/v2\/product\/43138","targetHints":{"allow":["GET"]}}],"collection":[{"href":"https:\/\/www.oudadl.testontwikkeling.nl\/de\/wp-json\/wp\/v2\/product"}],"about":[{"href":"https:\/\/www.oudadl.testontwikkeling.nl\/de\/wp-json\/wp\/v2\/types\/product"}],"replies":[{"embeddable":true,"href":"https:\/\/www.oudadl.testontwikkeling.nl\/de\/wp-json\/wp\/v2\/comments?post=43138"}],"wp:featuredmedia":[{"embeddable":true,"href":"https:\/\/www.oudadl.testontwikkeling.nl\/de\/wp-json\/wp\/v2\/media\/43692"}],"wp:attachment":[{"href":"https:\/\/www.oudadl.testontwikkeling.nl\/de\/wp-json\/wp\/v2\/media?parent=43138"}],"wp:term":[{"taxonomy":"product_brand","embeddable":true,"href":"https:\/\/www.oudadl.testontwikkeling.nl\/de\/wp-json\/wp\/v2\/product_brand?post=43138"},{"taxonomy":"product_cat","embeddable":true,"href":"https:\/\/www.oudadl.testontwikkeling.nl\/de\/wp-json\/wp\/v2\/product_cat?post=43138"},{"taxonomy":"product_tag","embeddable":true,"href":"https:\/\/www.oudadl.testontwikkeling.nl\/de\/wp-json\/wp\/v2\/product_tag?post=43138"}],"curies":[{"name":"wp","href":"https:\/\/api.w.org\/{rel}","templated":true}]}}