{"id":43137,"date":"2023-12-07T15:21:10","date_gmt":"2023-12-07T14:21:10","guid":{"rendered":"https:\/\/www.oudadl.testontwikkeling.nl\/?post_type=product&#038;p=43137"},"modified":"2025-10-06T11:57:42","modified_gmt":"2025-10-06T09:57:42","slug":"led-strip-lichtbak-140cm-classic-model","status":"publish","type":"product","link":"https:\/\/www.oudadl.testontwikkeling.nl\/de\/product\/led-strip-lichtbak-140cm-classic-model\/","title":{"rendered":"LED Streifen klassischer Leuchtkasten 140 cm \u2013 WEISS"},"content":{"rendered":"<p><span style=\"color: #000000\"><strong>LED strip &amp; power unit f\u00fcr classic Leuchtkasten 140cm, geeignet f\u00fcr 12\/24 Volt.<\/strong><\/span><\/p>\n<p><span style=\"color: #000000\">Haben Sie einen Leuchtkasten im classic \/ Retro-Design der Marke Nedking an Ihrem LKW oder Transporter installiert, aber ist die montierte Beleuchtung defekt? Vielleicht k\u00f6nnen Sie den Nedking LED strip &amp; power unit 140 cm verwenden. Dieses Ersatzteil ist nur f\u00fcr einen klassischen Modell-Leuchtkasten mit einer L\u00e4nge von 140 cm geeignet. Haben Sie einen kleineren oder gr\u00f6\u00dferen Lichtkasten an Ihrem Fahrzeug? Dann sehen Sie sich die anderen Modelle unten auf der Seite an.\u00a0<\/span><\/p>\n<p><span style=\"color: #000000\">Um sicherzustellen, dass der Nedking LED strip &amp; power unit f\u00fcr den 140 cm breiten Lichtkasten f\u00fcr Ihr Fahrzeug geeignet ist. Nachfolgend haben wir einige Spezifikationen aufgeschrieben. Das Ersatzteil des Leuchtkastens ist unter anderem mit dem ECE R10-G\u00fctezeichen versehen. Dieses Qualit\u00e4tszeichen bedeutet, dass die Lampe beim Einschalten keine St\u00f6rungen, beispielsweise bei Ihrem Funksignal, verursacht. Die Lampe mit klarem Glas verf\u00fcgt au\u00dferdem \u00fcber das IP68-G\u00fctezeichen. Dieses Qualit\u00e4tszeichen weist darauf hin, dass der LED-Streifen vollst\u00e4ndig wasser- und staubdicht ist. Das angebrachte 3 m lange Klebeband mit Klebestreifen auf der R\u00fcckseite sorgt daf\u00fcr, dass die Einheiten an Ort und Stelle bleiben.\u00a0<\/span><\/p>\n<h5><span style=\"color: #000000\"><strong>Abmessungen:<\/strong><\/span><\/h5>\n<p><span style=\"color: #000000\">Um sicherzustellen, dass Sie den Nedking LED-Streifen mit wei\u00df leuchtenden LED-Punkten an der gew\u00fcnschten Stelle montieren k\u00f6nnen. Die Ma\u00dfe haben wir unten notiert. Die Abmessungen des Nedking LED strip &amp; power unit 140 cm sind wie folgt.<\/span><\/p>\n<ul>\n<li><span style=\"color: #000000\">Gesamtl\u00e4nge des Streifens: 140 cm<\/span><\/li>\n<li><span style=\"color: #000000\">L\u00e4nge LED-Block: 79 mm<\/span><\/li>\n<li><span style=\"color: #000000\">H\u00f6he LED-Block: 19 mm<\/span><\/li>\n<li><span style=\"color: #000000\">Dicke LED-Block: 14 mm<\/span><\/li>\n<\/ul>\n<h5><span style=\"color: #000000\"><strong>Andere Versionen:<\/strong><\/span><\/h5>\n<p><span style=\"color: #000000\">Sie haben einen defekten LED-Streifen vom Leuchtkasten, aber kein 140cm breites Modell? Dann wissen Sie, dass Nedking den LED strip &amp; power unit neben der 140-cm-Version auch in verschiedenen anderen Versionen anbietet. Sehen Sie sich unten die anderen verf\u00fcgbaren Modelle an.<\/span><\/p>\n<ul>\n<li><span style=\"color: #000000\"><strong><a style=\"color: #000000\" href=\"https:\/\/www.oudadl.testontwikkeling.nl\/de\/produkt\/led-strip-lichtbak-110cm-spoiler-model\/\" target=\"_blank\" rel=\"noopener\">Leuchtkasten Spoilermodell 110 cm<\/a> <\/strong><\/span><\/li>\n<li><span style=\"color: #000000\"><strong><a style=\"color: #000000\" href=\"https:\/\/www.oudadl.testontwikkeling.nl\/de\/produkt\/led-strip-lichtbak-125cm-spoiler-model\/\" target=\"_blank\" rel=\"noopener\">Leuchtkasten Spoilermodell 125 cm\u00a0<\/a><\/strong><\/span><\/li>\n<li><span style=\"color: #000000\"><strong><a style=\"color: #000000\" href=\"https:\/\/www.oudadl.testontwikkeling.nl\/de\/produkt\/led-strip-lichtbak-140cm-spoiler-model\/\" target=\"_blank\" rel=\"noopener\">Leuchtkasten Spoilermodell 140 cm\u00a0<\/a><\/strong><\/span><\/li>\n<li><span style=\"color: #000000\"><strong><a style=\"color: #000000\" href=\"https:\/\/www.oudadl.testontwikkeling.nl\/de\/produkt\/led-strip-lichtbak-160cm-spoiler-model\/\" target=\"_blank\" rel=\"noopener\">Leuchtkasten Spoilermodell 160 cm<\/a><\/strong><\/span><\/li>\n<li><span style=\"color: #000000\"><strong><a style=\"color: #000000\" href=\"https:\/\/www.oudadl.testontwikkeling.nl\/de\/produkt\/led-strip-lichtbak-130cm-classic-model\/\" target=\"_blank\" rel=\"noopener\">Leuchtkasten Retro-Design 130 cm<\/a><\/strong><\/span><\/li>\n<\/ul>\n<div class=\"truncated\">\n<div class=\"truncated\">\n<div class=\"truncated\">\n<p><span style=\"color: #000000\">Sind Sie immer noch nicht davon \u00fcberzeugt, dass die LED-Streifen- und Stromversorgungseinheit 140cm f\u00fcr Ihren Classic Modell-Leuchtkasten geeignet ist? Einfach, weil Sie keinen Retro-Design-Leuchtkasten der Marke Nedking haben oder weil Ihnen die Farbe nicht gef\u00e4llt? Dann sehen Sie sich hier unser komplettes Sortiment an <a style=\"color: #000000\" href=\"https:\/\/www.oudadl.testontwikkeling.nl\/de\/produkt-kategorie\/led-leuchtreklame\/\" target=\"_blank\" rel=\"noopener\">Leuchtk\u00e4sten und Teile<\/a>. M\u00f6glicherweise finden Sie hier das Teil, das Sie suchen.<\/span><\/p>\n<\/div>\n<\/div>\n<\/div>","protected":false},"excerpt":{"rendered":"<p>LED strip &amp; power unit voor classic lichtbak 140cm, geschikt voor 12\/24 volt. Heeft u een classic \/ retro design lichtbak van het merk Nedking op uw vrachtwagen of bestelwagen gemonteerd maar is de gemonteerde verlichting defect? Wellicht kunt u dan gebruik maken van de Nedking LED strip &amp; power unit 140cm. Dit reserve onderdeel [&hellip;]<\/p>\n","protected":false},"featured_media":43519,"comment_status":"open","ping_status":"closed","template":"","meta":{"_acf_changed":false,"site-sidebar-layout":"default","site-content-layout":"default","ast-site-content-layout":"default","site-content-style":"default","site-sidebar-style":"default","ast-global-header-display":"","ast-banner-title-visibility":"","ast-main-header-display":"","ast-hfb-above-header-display":"","ast-hfb-below-header-display":"","ast-hfb-mobile-header-display":"","site-post-title":"","ast-breadcrumbs-content":"","ast-featured-img":"","footer-sml-layout":"","ast-disable-related-posts":"","theme-transparent-header-meta":"default","adv-header-id-meta":"","stick-header-meta":"","header-above-stick-meta":"","header-main-stick-meta":"","header-below-stick-meta":"","astra-migrate-meta-layouts":"set","ast-page-background-enabled":"default","ast-page-background-meta":{"desktop":{"background-color":"","background-image":"","background-repeat":"repeat","background-position":"center center","background-size":"auto","background-attachment":"scroll","background-type":"","background-media":"","overlay-type":"","overlay-color":"","overlay-opacity":"","overlay-gradient":""},"tablet":{"background-color":"","background-image":"","background-repeat":"repeat","background-position":"center center","background-size":"auto","background-attachment":"scroll","background-type":"","background-media":"","overlay-type":"","overlay-color":"","overlay-opacity":"","overlay-gradient":""},"mobile":{"background-color":"","background-image":"","background-repeat":"repeat","background-position":"center center","background-size":"auto","background-attachment":"scroll","background-type":"","background-media":"","overlay-type":"","overlay-color":"","overlay-opacity":"","overlay-gradient":""}},"ast-content-background-meta":{"desktop":{"background-color":"var(--ast-global-color-5)","background-image":"","background-repeat":"repeat","background-position":"center center","background-size":"auto","background-attachment":"scroll","background-type":"","background-media":"","overlay-type":"","overlay-color":"","overlay-opacity":"","overlay-gradient":""},"tablet":{"background-color":"var(--ast-global-color-5)","background-image":"","background-repeat":"repeat","background-position":"center center","background-size":"auto","background-attachment":"scroll","background-type":"","background-media":"","overlay-type":"","overlay-color":"","overlay-opacity":"","overlay-gradient":""},"mobile":{"background-color":"var(--ast-global-color-5)","background-image":"","background-repeat":"repeat","background-position":"center center","background-size":"auto","background-attachment":"scroll","background-type":"","background-media":"","overlay-type":"","overlay-color":"","overlay-opacity":"","overlay-gradient":""}}},"product_brand":[],"product_cat":[324],"product_tag":[],"class_list":{"0":"post-43137","1":"product","2":"type-product","3":"status-publish","4":"has-post-thumbnail","6":"product_cat-led-lichtreclame","7":"pa_merkk-product-nedking","8":"desktop-align-left","9":"tablet-align-left","10":"mobile-align-left","12":"first","13":"instock","14":"taxable","15":"shipping-taxable","16":"purchasable","17":"product-type-simple"},"acf":[],"yoast_head":"<!-- This site is optimized with the Yoast SEO Premium plugin v25.9 (Yoast SEO v27.6) - https:\/\/yoast.com\/product\/yoast-seo-premium-wordpress\/ -->\n<title>LED strip classic lichtbak 140cm - All Day Led - voor Nedking retro design<\/title>\n<meta name=\"description\" content=\"LED strip classic lichtbak 140cm - voor de LED lichtbak van Nedking \/ classic uitvoering - reserve onderdeel voor 12\/24 volt - incl. 3M tape bevestiging\" \/>\n<meta name=\"robots\" content=\"noindex, follow, max-snippet:-1, max-image-preview:large, max-video-preview:-1\" \/>\n<meta property=\"og:locale\" content=\"de_DE\" \/>\n<meta property=\"og:type\" content=\"article\" \/>\n<meta property=\"og:title\" content=\"LED strip classic lichtbak 140cm - All Day Led - voor Nedking retro design\" \/>\n<meta property=\"og:description\" content=\"LED strip classic lichtbak 140cm - voor de LED lichtbak van Nedking \/ classic uitvoering - reserve onderdeel voor 12\/24 volt - incl. 3M tape bevestiging\" \/>\n<meta property=\"og:url\" content=\"https:\/\/www.oudadl.testontwikkeling.nl\/de\/produkt\/led-strip-lichtbak-140cm-classic-model\/\" \/>\n<meta property=\"og:site_name\" content=\"All Day Led\" \/>\n<meta property=\"article:publisher\" content=\"https:\/\/www.facebook.com\/alldayled\/\" \/>\n<meta property=\"article:modified_time\" content=\"2025-10-06T09:57:42+00:00\" \/>\n<meta property=\"og:image\" content=\"https:\/\/www.oudadl.testontwikkeling.nl\/wp-content\/uploads\/2024\/02\/ADL181305.png\" \/>\n\t<meta property=\"og:image:width\" content=\"800\" \/>\n\t<meta property=\"og:image:height\" content=\"600\" \/>\n\t<meta property=\"og:image:type\" content=\"image\/png\" \/>\n<meta name=\"twitter:label1\" content=\"Preis\" \/>\n\t<meta name=\"twitter:data1\" content=\"&euro;129,00\" \/>\n\t<meta name=\"twitter:label2\" content=\"Verf\u00fcgbarkeit\" \/>\n\t<meta name=\"twitter:data2\" content=\"Auf Lager\" \/>\n<script type=\"application\/ld+json\" class=\"yoast-schema-graph\">{\"@context\":\"https:\\\/\\\/schema.org\",\"@graph\":[{\"@type\":\"WebPage\",\"@id\":\"https:\\\/\\\/www.oudadl.testontwikkeling.nl\\\/product\\\/led-strip-lichtbak-140cm-classic-model\\\/\",\"url\":\"https:\\\/\\\/www.oudadl.testontwikkeling.nl\\\/product\\\/led-strip-lichtbak-140cm-classic-model\\\/\",\"name\":\"LED strip classic lichtbak 140cm - All Day Led - voor Nedking retro design\",\"isPartOf\":{\"@id\":\"https:\\\/\\\/www.oudadl.testontwikkeling.nl\\\/#website\"},\"primaryImageOfPage\":{\"@id\":\"https:\\\/\\\/www.oudadl.testontwikkeling.nl\\\/product\\\/led-strip-lichtbak-140cm-classic-model\\\/#primaryimage\"},\"image\":{\"@id\":\"https:\\\/\\\/www.oudadl.testontwikkeling.nl\\\/product\\\/led-strip-lichtbak-140cm-classic-model\\\/#primaryimage\"},\"thumbnailUrl\":\"https:\\\/\\\/www.oudadl.testontwikkeling.nl\\\/wp-content\\\/uploads\\\/2024\\\/02\\\/ADL181305.png\",\"datePublished\":\"2023-12-07T14:21:10+00:00\",\"dateModified\":\"2025-10-06T09:57:42+00:00\",\"description\":\"LED strip classic lichtbak 140cm - voor de LED lichtbak van Nedking \\\/ classic uitvoering - reserve onderdeel voor 12\\\/24 volt - incl. 3M tape bevestiging\",\"breadcrumb\":{\"@id\":\"https:\\\/\\\/www.oudadl.testontwikkeling.nl\\\/product\\\/led-strip-lichtbak-140cm-classic-model\\\/#breadcrumb\"},\"inLanguage\":\"de\",\"potentialAction\":[{\"@type\":\"ReadAction\",\"target\":[\"https:\\\/\\\/www.oudadl.testontwikkeling.nl\\\/product\\\/led-strip-lichtbak-140cm-classic-model\\\/\"]}]},{\"@type\":\"ImageObject\",\"inLanguage\":\"de\",\"@id\":\"https:\\\/\\\/www.oudadl.testontwikkeling.nl\\\/product\\\/led-strip-lichtbak-140cm-classic-model\\\/#primaryimage\",\"url\":\"https:\\\/\\\/www.oudadl.testontwikkeling.nl\\\/wp-content\\\/uploads\\\/2024\\\/02\\\/ADL181305.png\",\"contentUrl\":\"https:\\\/\\\/www.oudadl.testontwikkeling.nl\\\/wp-content\\\/uploads\\\/2024\\\/02\\\/ADL181305.png\",\"width\":800,\"height\":600,\"caption\":\"LED strip voor CLASSIC \\\/ OLD SCOOL model lichtbak met een lengte van 140cm - geschikt voor een RETRO DESIGN NEDKING lichtbak - werkt op 12 en 24 volt - geleverd met POWERUNIT - EAN: 6438203003179\"},{\"@type\":\"BreadcrumbList\",\"@id\":\"https:\\\/\\\/www.oudadl.testontwikkeling.nl\\\/product\\\/led-strip-lichtbak-140cm-classic-model\\\/#breadcrumb\",\"itemListElement\":[{\"@type\":\"ListItem\",\"position\":1,\"name\":\"Home\",\"item\":\"https:\\\/\\\/www.oudadl.testontwikkeling.nl\\\/\"},{\"@type\":\"ListItem\",\"position\":2,\"name\":\"Shop\",\"item\":\"https:\\\/\\\/www.oudadl.testontwikkeling.nl\\\/de\\\/shop\\\/\"},{\"@type\":\"ListItem\",\"position\":3,\"name\":\"Lichtreclame\",\"item\":\"https:\\\/\\\/www.oudadl.testontwikkeling.nl\\\/product-categorie\\\/led-lichtreclame\\\/\"},{\"@type\":\"ListItem\",\"position\":4,\"name\":\"LED strip classic lichtbak 140cm &#8211; WIT\"}]},{\"@type\":\"WebSite\",\"@id\":\"https:\\\/\\\/www.oudadl.testontwikkeling.nl\\\/#website\",\"url\":\"https:\\\/\\\/www.oudadl.testontwikkeling.nl\\\/\",\"name\":\"All Day Led\",\"description\":\"\",\"publisher\":{\"@id\":\"https:\\\/\\\/www.oudadl.testontwikkeling.nl\\\/#organization\"},\"potentialAction\":[{\"@type\":\"SearchAction\",\"target\":{\"@type\":\"EntryPoint\",\"urlTemplate\":\"https:\\\/\\\/www.oudadl.testontwikkeling.nl\\\/?s={search_term_string}\"},\"query-input\":{\"@type\":\"PropertyValueSpecification\",\"valueRequired\":true,\"valueName\":\"search_term_string\"}}],\"inLanguage\":\"de\"},{\"@type\":\"Organization\",\"@id\":\"https:\\\/\\\/www.oudadl.testontwikkeling.nl\\\/#organization\",\"name\":\"All Day Led\",\"url\":\"https:\\\/\\\/www.oudadl.testontwikkeling.nl\\\/\",\"logo\":{\"@type\":\"ImageObject\",\"inLanguage\":\"de\",\"@id\":\"https:\\\/\\\/www.oudadl.testontwikkeling.nl\\\/#\\\/schema\\\/logo\\\/image\\\/\",\"url\":\"https:\\\/\\\/www.oudadl.testontwikkeling.nl\\\/wp-content\\\/uploads\\\/2022\\\/08\\\/Logo-ALL-DAY-LED-800x800-zwart-witte-letters.png\",\"contentUrl\":\"https:\\\/\\\/www.oudadl.testontwikkeling.nl\\\/wp-content\\\/uploads\\\/2022\\\/08\\\/Logo-ALL-DAY-LED-800x800-zwart-witte-letters.png\",\"width\":800,\"height\":800,\"caption\":\"All Day Led\"},\"image\":{\"@id\":\"https:\\\/\\\/www.oudadl.testontwikkeling.nl\\\/#\\\/schema\\\/logo\\\/image\\\/\"},\"sameAs\":[\"https:\\\/\\\/www.facebook.com\\\/alldayled\\\/\",\"https:\\\/\\\/www.instagram.com\\\/alldayled\\\/\"],\"vatID\":\"NL863960133B01\",\"taxID\":\"86416545\",\"hasMerchantReturnPolicy\":{\"@type\":\"MerchantReturnPolicy\",\"merchantReturnLink\":\"https:\\\/\\\/www.oudadl.testontwikkeling.nl\\\/de\\\/verzenden-retourneren\\\/\"}}]}<\/script>\n<meta property=\"product:brand\" content=\"Nedking\" \/>\n<meta property=\"product:price:amount\" content=\"129.00\" \/>\n<meta property=\"product:price:currency\" content=\"EUR\" \/>\n<meta property=\"og:availability\" content=\"instock\" \/>\n<meta property=\"product:availability\" content=\"instock\" \/>\n<meta property=\"product:retailer_item_id\" content=\"ADL181305\" \/>\n<meta property=\"product:condition\" content=\"new\" \/>\n<!-- \/ Yoast SEO Premium plugin. -->","yoast_head_json":{"title":"LED Streifen Classic Leuchtkasten 140 cm \u2013 All Day Led \u2013 f\u00fcr Nedking Retro-Design","description":"LED Strip Classic Leuchtkasten 140cm \u2013 f\u00fcr den LED Leuchtkasten von Nedking \/ Classic-Version \u2013 Ersatzteil f\u00fcr 12\/24 Volt \u2013 inkl. 3M-Klebebandbefestigung","robots":{"index":"noindex","follow":"follow","max-snippet":"max-snippet:-1","max-image-preview":"max-image-preview:large","max-video-preview":"max-video-preview:-1"},"og_locale":"de_DE","og_type":"article","og_title":"LED strip classic lichtbak 140cm - All Day Led - voor Nedking retro design","og_description":"LED strip classic lichtbak 140cm - voor de LED lichtbak van Nedking \/ classic uitvoering - reserve onderdeel voor 12\/24 volt - incl. 3M tape bevestiging","og_url":"https:\/\/www.oudadl.testontwikkeling.nl\/de\/produkt\/led-strip-lichtbak-140cm-classic-model\/","og_site_name":"All Day Led","article_publisher":"https:\/\/www.facebook.com\/alldayled\/","article_modified_time":"2025-10-06T09:57:42+00:00","og_image":[{"width":800,"height":600,"url":"https:\/\/www.oudadl.testontwikkeling.nl\/wp-content\/uploads\/2024\/02\/ADL181305.png","type":"image\/png"}],"twitter_misc":{"Preis":"&euro;129,00","Verf\u00fcgbarkeit":"Auf Lager"},"schema":{"@context":"https:\/\/schema.org","@graph":[{"@type":"WebPage","@id":"https:\/\/www.oudadl.testontwikkeling.nl\/product\/led-strip-lichtbak-140cm-classic-model\/","url":"https:\/\/www.oudadl.testontwikkeling.nl\/product\/led-strip-lichtbak-140cm-classic-model\/","name":"LED Streifen Classic Leuchtkasten 140 cm \u2013 All Day Led \u2013 f\u00fcr Nedking Retro-Design","isPartOf":{"@id":"https:\/\/www.oudadl.testontwikkeling.nl\/#website"},"primaryImageOfPage":{"@id":"https:\/\/www.oudadl.testontwikkeling.nl\/product\/led-strip-lichtbak-140cm-classic-model\/#primaryimage"},"image":{"@id":"https:\/\/www.oudadl.testontwikkeling.nl\/product\/led-strip-lichtbak-140cm-classic-model\/#primaryimage"},"thumbnailUrl":"https:\/\/www.oudadl.testontwikkeling.nl\/wp-content\/uploads\/2024\/02\/ADL181305.png","datePublished":"2023-12-07T14:21:10+00:00","dateModified":"2025-10-06T09:57:42+00:00","description":"LED Strip Classic Leuchtkasten 140cm \u2013 f\u00fcr den LED Leuchtkasten von Nedking \/ Classic-Version \u2013 Ersatzteil f\u00fcr 12\/24 Volt \u2013 inkl. 3M-Klebebandbefestigung","breadcrumb":{"@id":"https:\/\/www.oudadl.testontwikkeling.nl\/product\/led-strip-lichtbak-140cm-classic-model\/#breadcrumb"},"inLanguage":"de","potentialAction":[{"@type":"ReadAction","target":["https:\/\/www.oudadl.testontwikkeling.nl\/product\/led-strip-lichtbak-140cm-classic-model\/"]}]},{"@type":"ImageObject","inLanguage":"de","@id":"https:\/\/www.oudadl.testontwikkeling.nl\/product\/led-strip-lichtbak-140cm-classic-model\/#primaryimage","url":"https:\/\/www.oudadl.testontwikkeling.nl\/wp-content\/uploads\/2024\/02\/ADL181305.png","contentUrl":"https:\/\/www.oudadl.testontwikkeling.nl\/wp-content\/uploads\/2024\/02\/ADL181305.png","width":800,"height":600,"caption":"LED strip voor CLASSIC \/ OLD SCOOL model lichtbak met een lengte van 140cm - geschikt voor een RETRO DESIGN NEDKING lichtbak - werkt op 12 en 24 volt - geleverd met POWERUNIT - EAN: 6438203003179"},{"@type":"BreadcrumbList","@id":"https:\/\/www.oudadl.testontwikkeling.nl\/product\/led-strip-lichtbak-140cm-classic-model\/#breadcrumb","itemListElement":[{"@type":"ListItem","position":1,"name":"Home","item":"https:\/\/www.oudadl.testontwikkeling.nl\/"},{"@type":"ListItem","position":2,"name":"Shop","item":"https:\/\/www.oudadl.testontwikkeling.nl\/de\/shop\/"},{"@type":"ListItem","position":3,"name":"Lichtreclame","item":"https:\/\/www.oudadl.testontwikkeling.nl\/product-categorie\/led-lichtreclame\/"},{"@type":"ListItem","position":4,"name":"LED strip classic lichtbak 140cm &#8211; WIT"}]},{"@type":"WebSite","@id":"https:\/\/www.oudadl.testontwikkeling.nl\/#website","url":"https:\/\/www.oudadl.testontwikkeling.nl\/","name":"All Day Led","description":"","publisher":{"@id":"https:\/\/www.oudadl.testontwikkeling.nl\/#organization"},"potentialAction":[{"@type":"SearchAction","target":{"@type":"EntryPoint","urlTemplate":"https:\/\/www.oudadl.testontwikkeling.nl\/?s={search_term_string}"},"query-input":{"@type":"PropertyValueSpecification","valueRequired":true,"valueName":"search_term_string"}}],"inLanguage":"de"},{"@type":"Organization","@id":"https:\/\/www.oudadl.testontwikkeling.nl\/#organization","name":"All Day Led","url":"https:\/\/www.oudadl.testontwikkeling.nl\/","logo":{"@type":"ImageObject","inLanguage":"de","@id":"https:\/\/www.oudadl.testontwikkeling.nl\/#\/schema\/logo\/image\/","url":"https:\/\/www.oudadl.testontwikkeling.nl\/wp-content\/uploads\/2022\/08\/Logo-ALL-DAY-LED-800x800-zwart-witte-letters.png","contentUrl":"https:\/\/www.oudadl.testontwikkeling.nl\/wp-content\/uploads\/2022\/08\/Logo-ALL-DAY-LED-800x800-zwart-witte-letters.png","width":800,"height":800,"caption":"All Day Led"},"image":{"@id":"https:\/\/www.oudadl.testontwikkeling.nl\/#\/schema\/logo\/image\/"},"sameAs":["https:\/\/www.facebook.com\/alldayled\/","https:\/\/www.instagram.com\/alldayled\/"],"vatID":"NL863960133B01","taxID":"86416545","hasMerchantReturnPolicy":{"@type":"MerchantReturnPolicy","merchantReturnLink":"https:\/\/www.oudadl.testontwikkeling.nl\/de\/verzenden-retourneren\/"}}]},"product_brand":"Nedking","product_price_amount":"129.00","product_price_currency":"EUR","og_availability":"instock","product_availability":"instock","product_retailer_item_id":"ADL181305","product_condition":"new"},"_links":{"self":[{"href":"https:\/\/www.oudadl.testontwikkeling.nl\/de\/wp-json\/wp\/v2\/product\/43137","targetHints":{"allow":["GET"]}}],"collection":[{"href":"https:\/\/www.oudadl.testontwikkeling.nl\/de\/wp-json\/wp\/v2\/product"}],"about":[{"href":"https:\/\/www.oudadl.testontwikkeling.nl\/de\/wp-json\/wp\/v2\/types\/product"}],"replies":[{"embeddable":true,"href":"https:\/\/www.oudadl.testontwikkeling.nl\/de\/wp-json\/wp\/v2\/comments?post=43137"}],"wp:featuredmedia":[{"embeddable":true,"href":"https:\/\/www.oudadl.testontwikkeling.nl\/de\/wp-json\/wp\/v2\/media\/43519"}],"wp:attachment":[{"href":"https:\/\/www.oudadl.testontwikkeling.nl\/de\/wp-json\/wp\/v2\/media?parent=43137"}],"wp:term":[{"taxonomy":"product_brand","embeddable":true,"href":"https:\/\/www.oudadl.testontwikkeling.nl\/de\/wp-json\/wp\/v2\/product_brand?post=43137"},{"taxonomy":"product_cat","embeddable":true,"href":"https:\/\/www.oudadl.testontwikkeling.nl\/de\/wp-json\/wp\/v2\/product_cat?post=43137"},{"taxonomy":"product_tag","embeddable":true,"href":"https:\/\/www.oudadl.testontwikkeling.nl\/de\/wp-json\/wp\/v2\/product_tag?post=43137"}],"curies":[{"name":"wp","href":"https:\/\/api.w.org\/{rel}","templated":true}]}}