{"id":43118,"date":"2023-12-07T16:34:04","date_gmt":"2023-12-07T15:34:04","guid":{"rendered":"https:\/\/www.oudadl.testontwikkeling.nl\/?post_type=product&#038;p=43118"},"modified":"2025-09-23T14:34:52","modified_gmt":"2025-09-23T12:34:52","slug":"led-strip-lichtbak-140cm-spoiler-model","status":"publish","type":"product","link":"https:\/\/www.oudadl.testontwikkeling.nl\/de\/product\/led-strip-lichtbak-140cm-spoiler-model\/","title":{"rendered":"LED Streifenlichtkasten 140 cm \u2013 WEISS"},"content":{"rendered":"<p><span style=\"color: #000000\"><strong>LED strip &amp; power unit f\u00fcr Leuchtkasten 140cm, geeignet f\u00fcr 12\/24 Volt.<\/strong><\/span><\/p>\n<p><span style=\"color: #000000\">Haben Sie einen Spoiler Modell IllumiLED oder einen Nedking-Lichtkasten an Ihrem LKW oder Transporter installiert, aber der LED-Streifen darin ist kaputt? Vielleicht k\u00f6nnen Sie den Nedking LED strip &amp; power unit 140 cm verwenden. Dieses wei\u00df leuchtende Ersatzteil ist nur f\u00fcr einen Spoiler-Modell-Leuchtkasten mit einer L\u00e4nge von 140 cm geeignet. Haben Sie einen kleineren oder gr\u00f6\u00dferen Lichtkasten an Ihrem Fahrzeug? Dann sehen Sie sich die anderen Modelle unten auf der Seite an.\u00a0<\/span><\/p>\n<p><span style=\"color: #000000\">Um sicherzustellen, dass der Nedking LED strip &amp; power unit f\u00fcr den 140 cm breiten Lichtkasten f\u00fcr Ihr Fahrzeug geeignet ist. Nachfolgend haben wir einige Spezifikationen aufgeschrieben. Das Ersatzteil des Leuchtkastens ist unter anderem mit dem ECE R10-G\u00fctezeichen versehen. Dieses G\u00fctezeichen bedeutet, dass die Lampe bei korrekter Installation bei der Aktivierung keine St\u00f6rungen, beispielsweise auf Ihrem Funksignal, verursacht. Auch die LED Leiste mit Klarglas tr\u00e4gt das G\u00fctesiegel IP68. Dieses Qualit\u00e4tszeichen weist darauf hin, dass der LED-Streifen vollst\u00e4ndig wasser- und staubdicht ist. Um eine einfache Montage zu gew\u00e4hrleisten, ist auf der Unterseite der LED-Bl\u00f6cke ein 3M-Klebepunkt angebracht. Der Klebestreifen sorgt daf\u00fcr, dass die Einheiten an Ort und Stelle bleiben.\u00a0<\/span><\/p>\n<h5><span style=\"color: #000000\"><strong>Abmessungen:<\/strong><\/span><\/h5>\n<p><span style=\"color: #000000\">Um sicherzustellen, dass Sie den Nedking LED-Streifen mit wei\u00df leuchtenden LED-Punkten an der gew\u00fcnschten Stelle montieren k\u00f6nnen. Die Ma\u00dfe haben wir unten notiert. Die Abmessungen des Nedking LED strip &amp; power unit 140 cm sind wie folgt.<\/span><\/p>\n<ul>\n<li><span style=\"color: #000000\">Gesamtl\u00e4nge des Streifens: 140 cm<\/span><\/li>\n<li><span style=\"color: #000000\">L\u00e4nge LED-Block: 79 mm<\/span><\/li>\n<li><span style=\"color: #000000\">H\u00f6he LED-Block: 19 mm<\/span><\/li>\n<li><span style=\"color: #000000\">Dicke LED-Block: 14 mm<\/span><\/li>\n<li><span style=\"color: #000000\">Anzahl der Bl\u00f6cke: 9<\/span><\/li>\n<\/ul>\n<h5><span style=\"color: #000000\"><strong>Andere Versionen:<\/strong><\/span><\/h5>\n<p><span style=\"color: #000000\">Sie haben einen defekten LED-Streifen vom Leuchtkasten, aber kein 140cm breites Modell? Dann wissen Sie, dass Nedking den LED strip &amp; power unit neben der 140-cm-Version auch in verschiedenen anderen Versionen anbietet. Sehen Sie sich unten die anderen verf\u00fcgbaren Modelle an.<\/span><\/p>\n<ul>\n<li><span style=\"color: #000000\"><strong><a style=\"color: #000000\" href=\"https:\/\/www.oudadl.testontwikkeling.nl\/de\/produkt\/led-strip-lichtbak-110cm-spoiler-model\/\" target=\"_blank\" rel=\"noopener\">Leuchtkasten Spoilermodell 110 cm<\/a> <\/strong><\/span><\/li>\n<li><span style=\"color: #000000\"><a style=\"color: #000000\" href=\"https:\/\/www.oudadl.testontwikkeling.nl\/de\/produkt\/led-strip-lichtbak-125cm-spoiler-model\/\" target=\"_blank\" rel=\"noopener\"><strong>Leuchtkasten Spoilermodell 125 cm\u00a0<\/strong><\/a><\/span><\/li>\n<li><span style=\"color: #000000\"><a style=\"color: #000000\" href=\"https:\/\/www.oudadl.testontwikkeling.nl\/de\/produkt\/led-strip-lichtbak-160cm-spoiler-model\/\" target=\"_blank\" rel=\"noopener\"><strong>Leuchtkasten Spoilermodell 160 cm<\/strong><\/a><\/span><\/li>\n<li><span style=\"color: #000000\"><a style=\"color: #000000\" href=\"https:\/\/www.oudadl.testontwikkeling.nl\/de\/produkt\/led-strip-lichtbak-130cm-classic-model\/\" target=\"_blank\" rel=\"noopener\"><strong>Klassischer Leuchtkasten 130 cm<\/strong><\/a><\/span><\/li>\n<li><span style=\"color: #000000\"><a style=\"color: #000000\" href=\"https:\/\/www.oudadl.testontwikkeling.nl\/de\/produkt\/led-strip-lichtbak-140cm-classic-model\/\" target=\"_blank\" rel=\"noopener\"><strong>Klassischer Leuchtkasten 140cm<\/strong><\/a><\/span><\/li>\n<\/ul>\n<p><span style=\"color: #000000\">Sind Sie immer noch nicht davon \u00fcberzeugt, dass die LED-Leiste und das Netzteil 140 cm f\u00fcr Sie geeignet sind? Einfach, weil Sie keinen Spoiler-Modell-Leuchtkasten haben oder weil Ihr Leuchtkasten eine andere Gr\u00f6\u00dfe hat? Dann sehen Sie sich hier unser komplettes Sortiment an <a style=\"color: #000000\" href=\"https:\/\/www.oudadl.testontwikkeling.nl\/de\/produkt-kategorie\/led-leuchtreklame\/\">Leuchtk\u00e4sten und Teile<\/a>. M\u00f6glicherweise finden Sie hier das Teil, das Sie suchen. Auch die weiteren verf\u00fcgbaren Farben finden Sie hier.\u00a0<\/span><\/p>","protected":false},"excerpt":{"rendered":"<p>LED strip &amp; power unit voor lichtbak 140cm, geschikt voor 12\/24 volt. Heeft u een spoiler model IllumiLED of Nedking lichtbak op uw vrachtwagen of bestelwagen gemonteerd maar is de LED strip die erin zit kapot? Wellicht kunt u dan gebruik maken van de Nedking LED strip &amp; power unit 140cm. Dit wit oplichtende reserve [&hellip;]<\/p>\n","protected":false},"featured_media":43295,"comment_status":"open","ping_status":"closed","template":"","meta":{"_acf_changed":false,"site-sidebar-layout":"default","site-content-layout":"default","ast-site-content-layout":"default","site-content-style":"default","site-sidebar-style":"default","ast-global-header-display":"","ast-banner-title-visibility":"","ast-main-header-display":"","ast-hfb-above-header-display":"","ast-hfb-below-header-display":"","ast-hfb-mobile-header-display":"","site-post-title":"","ast-breadcrumbs-content":"","ast-featured-img":"","footer-sml-layout":"","ast-disable-related-posts":"","theme-transparent-header-meta":"default","adv-header-id-meta":"","stick-header-meta":"","header-above-stick-meta":"","header-main-stick-meta":"","header-below-stick-meta":"","astra-migrate-meta-layouts":"set","ast-page-background-enabled":"default","ast-page-background-meta":{"desktop":{"background-color":"","background-image":"","background-repeat":"repeat","background-position":"center center","background-size":"auto","background-attachment":"scroll","background-type":"","background-media":"","overlay-type":"","overlay-color":"","overlay-opacity":"","overlay-gradient":""},"tablet":{"background-color":"","background-image":"","background-repeat":"repeat","background-position":"center center","background-size":"auto","background-attachment":"scroll","background-type":"","background-media":"","overlay-type":"","overlay-color":"","overlay-opacity":"","overlay-gradient":""},"mobile":{"background-color":"","background-image":"","background-repeat":"repeat","background-position":"center center","background-size":"auto","background-attachment":"scroll","background-type":"","background-media":"","overlay-type":"","overlay-color":"","overlay-opacity":"","overlay-gradient":""}},"ast-content-background-meta":{"desktop":{"background-color":"var(--ast-global-color-5)","background-image":"","background-repeat":"repeat","background-position":"center center","background-size":"auto","background-attachment":"scroll","background-type":"","background-media":"","overlay-type":"","overlay-color":"","overlay-opacity":"","overlay-gradient":""},"tablet":{"background-color":"var(--ast-global-color-5)","background-image":"","background-repeat":"repeat","background-position":"center center","background-size":"auto","background-attachment":"scroll","background-type":"","background-media":"","overlay-type":"","overlay-color":"","overlay-opacity":"","overlay-gradient":""},"mobile":{"background-color":"var(--ast-global-color-5)","background-image":"","background-repeat":"repeat","background-position":"center center","background-size":"auto","background-attachment":"scroll","background-type":"","background-media":"","overlay-type":"","overlay-color":"","overlay-opacity":"","overlay-gradient":""}}},"product_brand":[],"product_cat":[324],"product_tag":[],"class_list":{"0":"post-43118","1":"product","2":"type-product","3":"status-publish","4":"has-post-thumbnail","6":"product_cat-led-lichtreclame","7":"pa_merkk-product-nedking","8":"desktop-align-left","9":"tablet-align-left","10":"mobile-align-left","12":"first","13":"instock","14":"taxable","15":"shipping-taxable","16":"purchasable","17":"product-type-simple"},"acf":[],"yoast_head":"<!-- This site is optimized with the Yoast SEO Premium plugin v25.9 (Yoast SEO v27.6) - https:\/\/yoast.com\/product\/yoast-seo-premium-wordpress\/ -->\n<title>LED strip lichtbak 140cm - All Day Led - voor IllumiLED en Nedking lichtbak<\/title>\n<meta name=\"description\" content=\"LED strip lichtbak 140cm - voor spoiler model lichtbak IllumiLED en Nedking - reserve onderdeel voor 12\/24 volt - incl. 3M tape bevestiging\" \/>\n<meta name=\"robots\" content=\"noindex, follow, max-snippet:-1, max-image-preview:large, max-video-preview:-1\" \/>\n<meta property=\"og:locale\" content=\"de_DE\" \/>\n<meta property=\"og:type\" content=\"article\" \/>\n<meta property=\"og:title\" content=\"LED strip lichtbak 140cm - All Day Led - voor IllumiLED en Nedking lichtbak\" \/>\n<meta property=\"og:description\" content=\"LED strip lichtbak 140cm - voor spoiler model lichtbak IllumiLED en Nedking - reserve onderdeel voor 12\/24 volt - incl. 3M tape bevestiging\" \/>\n<meta property=\"og:url\" content=\"https:\/\/www.oudadl.testontwikkeling.nl\/de\/produkt\/led-strip-lichtbak-140cm-spoiler-model\/\" \/>\n<meta property=\"og:site_name\" content=\"All Day Led\" \/>\n<meta property=\"article:publisher\" content=\"https:\/\/www.facebook.com\/alldayled\/\" \/>\n<meta property=\"article:modified_time\" content=\"2025-09-23T12:34:52+00:00\" \/>\n<meta property=\"og:image\" content=\"https:\/\/www.oudadl.testontwikkeling.nl\/wp-content\/uploads\/2024\/02\/ADL181302.png\" \/>\n\t<meta property=\"og:image:width\" content=\"800\" \/>\n\t<meta property=\"og:image:height\" content=\"600\" \/>\n\t<meta property=\"og:image:type\" content=\"image\/png\" \/>\n<meta name=\"twitter:label1\" content=\"Preis\" \/>\n\t<meta name=\"twitter:data1\" content=\"&euro;109,00\" \/>\n\t<meta name=\"twitter:label2\" content=\"Verf\u00fcgbarkeit\" \/>\n\t<meta name=\"twitter:data2\" content=\"Auf Lager\" \/>\n<script type=\"application\/ld+json\" class=\"yoast-schema-graph\">{\"@context\":\"https:\\\/\\\/schema.org\",\"@graph\":[{\"@type\":\"WebPage\",\"@id\":\"https:\\\/\\\/www.oudadl.testontwikkeling.nl\\\/product\\\/led-strip-lichtbak-140cm-spoiler-model\\\/\",\"url\":\"https:\\\/\\\/www.oudadl.testontwikkeling.nl\\\/product\\\/led-strip-lichtbak-140cm-spoiler-model\\\/\",\"name\":\"LED strip lichtbak 140cm - All Day Led - voor IllumiLED en Nedking lichtbak\",\"isPartOf\":{\"@id\":\"https:\\\/\\\/www.oudadl.testontwikkeling.nl\\\/#website\"},\"primaryImageOfPage\":{\"@id\":\"https:\\\/\\\/www.oudadl.testontwikkeling.nl\\\/product\\\/led-strip-lichtbak-140cm-spoiler-model\\\/#primaryimage\"},\"image\":{\"@id\":\"https:\\\/\\\/www.oudadl.testontwikkeling.nl\\\/product\\\/led-strip-lichtbak-140cm-spoiler-model\\\/#primaryimage\"},\"thumbnailUrl\":\"https:\\\/\\\/www.oudadl.testontwikkeling.nl\\\/wp-content\\\/uploads\\\/2024\\\/02\\\/ADL181302.png\",\"datePublished\":\"2023-12-07T15:34:04+00:00\",\"dateModified\":\"2025-09-23T12:34:52+00:00\",\"description\":\"LED strip lichtbak 140cm - voor spoiler model lichtbak IllumiLED en Nedking - reserve onderdeel voor 12\\\/24 volt - incl. 3M tape bevestiging\",\"breadcrumb\":{\"@id\":\"https:\\\/\\\/www.oudadl.testontwikkeling.nl\\\/product\\\/led-strip-lichtbak-140cm-spoiler-model\\\/#breadcrumb\"},\"inLanguage\":\"de\",\"potentialAction\":[{\"@type\":\"ReadAction\",\"target\":[\"https:\\\/\\\/www.oudadl.testontwikkeling.nl\\\/product\\\/led-strip-lichtbak-140cm-spoiler-model\\\/\"]}]},{\"@type\":\"ImageObject\",\"inLanguage\":\"de\",\"@id\":\"https:\\\/\\\/www.oudadl.testontwikkeling.nl\\\/product\\\/led-strip-lichtbak-140cm-spoiler-model\\\/#primaryimage\",\"url\":\"https:\\\/\\\/www.oudadl.testontwikkeling.nl\\\/wp-content\\\/uploads\\\/2024\\\/02\\\/ADL181302.png\",\"contentUrl\":\"https:\\\/\\\/www.oudadl.testontwikkeling.nl\\\/wp-content\\\/uploads\\\/2024\\\/02\\\/ADL181302.png\",\"width\":800,\"height\":600,\"caption\":\"LED strip voor spoiler model lichtbak met een lengte van 140cm - geschikt voor lichtbak van IllumiLED en Nedking - werkt op 12 en 24 volt - geleverd met POWERUNIT\"},{\"@type\":\"BreadcrumbList\",\"@id\":\"https:\\\/\\\/www.oudadl.testontwikkeling.nl\\\/product\\\/led-strip-lichtbak-140cm-spoiler-model\\\/#breadcrumb\",\"itemListElement\":[{\"@type\":\"ListItem\",\"position\":1,\"name\":\"Home\",\"item\":\"https:\\\/\\\/www.oudadl.testontwikkeling.nl\\\/\"},{\"@type\":\"ListItem\",\"position\":2,\"name\":\"Shop\",\"item\":\"https:\\\/\\\/www.oudadl.testontwikkeling.nl\\\/de\\\/shop\\\/\"},{\"@type\":\"ListItem\",\"position\":3,\"name\":\"Lichtreclame\",\"item\":\"https:\\\/\\\/www.oudadl.testontwikkeling.nl\\\/product-categorie\\\/led-lichtreclame\\\/\"},{\"@type\":\"ListItem\",\"position\":4,\"name\":\"LED strip lichtbak 140cm &#8211; WIT\"}]},{\"@type\":\"WebSite\",\"@id\":\"https:\\\/\\\/www.oudadl.testontwikkeling.nl\\\/#website\",\"url\":\"https:\\\/\\\/www.oudadl.testontwikkeling.nl\\\/\",\"name\":\"All Day Led\",\"description\":\"\",\"publisher\":{\"@id\":\"https:\\\/\\\/www.oudadl.testontwikkeling.nl\\\/#organization\"},\"potentialAction\":[{\"@type\":\"SearchAction\",\"target\":{\"@type\":\"EntryPoint\",\"urlTemplate\":\"https:\\\/\\\/www.oudadl.testontwikkeling.nl\\\/?s={search_term_string}\"},\"query-input\":{\"@type\":\"PropertyValueSpecification\",\"valueRequired\":true,\"valueName\":\"search_term_string\"}}],\"inLanguage\":\"de\"},{\"@type\":\"Organization\",\"@id\":\"https:\\\/\\\/www.oudadl.testontwikkeling.nl\\\/#organization\",\"name\":\"All Day Led\",\"url\":\"https:\\\/\\\/www.oudadl.testontwikkeling.nl\\\/\",\"logo\":{\"@type\":\"ImageObject\",\"inLanguage\":\"de\",\"@id\":\"https:\\\/\\\/www.oudadl.testontwikkeling.nl\\\/#\\\/schema\\\/logo\\\/image\\\/\",\"url\":\"https:\\\/\\\/www.oudadl.testontwikkeling.nl\\\/wp-content\\\/uploads\\\/2022\\\/08\\\/Logo-ALL-DAY-LED-800x800-zwart-witte-letters.png\",\"contentUrl\":\"https:\\\/\\\/www.oudadl.testontwikkeling.nl\\\/wp-content\\\/uploads\\\/2022\\\/08\\\/Logo-ALL-DAY-LED-800x800-zwart-witte-letters.png\",\"width\":800,\"height\":800,\"caption\":\"All Day Led\"},\"image\":{\"@id\":\"https:\\\/\\\/www.oudadl.testontwikkeling.nl\\\/#\\\/schema\\\/logo\\\/image\\\/\"},\"sameAs\":[\"https:\\\/\\\/www.facebook.com\\\/alldayled\\\/\",\"https:\\\/\\\/www.instagram.com\\\/alldayled\\\/\"],\"vatID\":\"NL863960133B01\",\"taxID\":\"86416545\",\"hasMerchantReturnPolicy\":{\"@type\":\"MerchantReturnPolicy\",\"merchantReturnLink\":\"https:\\\/\\\/www.oudadl.testontwikkeling.nl\\\/de\\\/verzenden-retourneren\\\/\"}}]}<\/script>\n<meta property=\"product:brand\" content=\"Nedking\" \/>\n<meta property=\"product:price:amount\" content=\"109.00\" \/>\n<meta property=\"product:price:currency\" content=\"EUR\" \/>\n<meta property=\"og:availability\" content=\"instock\" \/>\n<meta property=\"product:availability\" content=\"instock\" \/>\n<meta property=\"product:retailer_item_id\" content=\"ADL181302\" \/>\n<meta property=\"product:condition\" content=\"new\" \/>\n<!-- \/ Yoast SEO Premium plugin. -->","yoast_head_json":{"title":"LED Strip Leuchtkasten 140cm \u2013 All Day Led \u2013 f\u00fcr IllumiLED und Nedking-Lichtkasten","description":"LED Strip Leuchtkasten 140cm \u2013 f\u00fcr Spoilermodell-Leuchtkasten IllumiLED und Nedking \u2013 Ersatzteil f\u00fcr 12\/24 Volt \u2013 inkl. 3M-Klebebandbefestigung","robots":{"index":"noindex","follow":"follow","max-snippet":"max-snippet:-1","max-image-preview":"max-image-preview:large","max-video-preview":"max-video-preview:-1"},"og_locale":"de_DE","og_type":"article","og_title":"LED strip lichtbak 140cm - All Day Led - voor IllumiLED en Nedking lichtbak","og_description":"LED strip lichtbak 140cm - voor spoiler model lichtbak IllumiLED en Nedking - reserve onderdeel voor 12\/24 volt - incl. 3M tape bevestiging","og_url":"https:\/\/www.oudadl.testontwikkeling.nl\/de\/produkt\/led-strip-lichtbak-140cm-spoiler-model\/","og_site_name":"All Day Led","article_publisher":"https:\/\/www.facebook.com\/alldayled\/","article_modified_time":"2025-09-23T12:34:52+00:00","og_image":[{"width":800,"height":600,"url":"https:\/\/www.oudadl.testontwikkeling.nl\/wp-content\/uploads\/2024\/02\/ADL181302.png","type":"image\/png"}],"twitter_misc":{"Preis":"&euro;109,00","Verf\u00fcgbarkeit":"Auf Lager"},"schema":{"@context":"https:\/\/schema.org","@graph":[{"@type":"WebPage","@id":"https:\/\/www.oudadl.testontwikkeling.nl\/product\/led-strip-lichtbak-140cm-spoiler-model\/","url":"https:\/\/www.oudadl.testontwikkeling.nl\/product\/led-strip-lichtbak-140cm-spoiler-model\/","name":"LED Strip Leuchtkasten 140cm \u2013 All Day Led \u2013 f\u00fcr IllumiLED und Nedking-Lichtkasten","isPartOf":{"@id":"https:\/\/www.oudadl.testontwikkeling.nl\/#website"},"primaryImageOfPage":{"@id":"https:\/\/www.oudadl.testontwikkeling.nl\/product\/led-strip-lichtbak-140cm-spoiler-model\/#primaryimage"},"image":{"@id":"https:\/\/www.oudadl.testontwikkeling.nl\/product\/led-strip-lichtbak-140cm-spoiler-model\/#primaryimage"},"thumbnailUrl":"https:\/\/www.oudadl.testontwikkeling.nl\/wp-content\/uploads\/2024\/02\/ADL181302.png","datePublished":"2023-12-07T15:34:04+00:00","dateModified":"2025-09-23T12:34:52+00:00","description":"LED Strip Leuchtkasten 140cm \u2013 f\u00fcr Spoilermodell-Leuchtkasten IllumiLED und Nedking \u2013 Ersatzteil f\u00fcr 12\/24 Volt \u2013 inkl. 3M-Klebebandbefestigung","breadcrumb":{"@id":"https:\/\/www.oudadl.testontwikkeling.nl\/product\/led-strip-lichtbak-140cm-spoiler-model\/#breadcrumb"},"inLanguage":"de","potentialAction":[{"@type":"ReadAction","target":["https:\/\/www.oudadl.testontwikkeling.nl\/product\/led-strip-lichtbak-140cm-spoiler-model\/"]}]},{"@type":"ImageObject","inLanguage":"de","@id":"https:\/\/www.oudadl.testontwikkeling.nl\/product\/led-strip-lichtbak-140cm-spoiler-model\/#primaryimage","url":"https:\/\/www.oudadl.testontwikkeling.nl\/wp-content\/uploads\/2024\/02\/ADL181302.png","contentUrl":"https:\/\/www.oudadl.testontwikkeling.nl\/wp-content\/uploads\/2024\/02\/ADL181302.png","width":800,"height":600,"caption":"LED strip voor spoiler model lichtbak met een lengte van 140cm - geschikt voor lichtbak van IllumiLED en Nedking - werkt op 12 en 24 volt - geleverd met POWERUNIT"},{"@type":"BreadcrumbList","@id":"https:\/\/www.oudadl.testontwikkeling.nl\/product\/led-strip-lichtbak-140cm-spoiler-model\/#breadcrumb","itemListElement":[{"@type":"ListItem","position":1,"name":"Home","item":"https:\/\/www.oudadl.testontwikkeling.nl\/"},{"@type":"ListItem","position":2,"name":"Shop","item":"https:\/\/www.oudadl.testontwikkeling.nl\/de\/shop\/"},{"@type":"ListItem","position":3,"name":"Lichtreclame","item":"https:\/\/www.oudadl.testontwikkeling.nl\/product-categorie\/led-lichtreclame\/"},{"@type":"ListItem","position":4,"name":"LED strip lichtbak 140cm &#8211; WIT"}]},{"@type":"WebSite","@id":"https:\/\/www.oudadl.testontwikkeling.nl\/#website","url":"https:\/\/www.oudadl.testontwikkeling.nl\/","name":"All Day Led","description":"","publisher":{"@id":"https:\/\/www.oudadl.testontwikkeling.nl\/#organization"},"potentialAction":[{"@type":"SearchAction","target":{"@type":"EntryPoint","urlTemplate":"https:\/\/www.oudadl.testontwikkeling.nl\/?s={search_term_string}"},"query-input":{"@type":"PropertyValueSpecification","valueRequired":true,"valueName":"search_term_string"}}],"inLanguage":"de"},{"@type":"Organization","@id":"https:\/\/www.oudadl.testontwikkeling.nl\/#organization","name":"All Day Led","url":"https:\/\/www.oudadl.testontwikkeling.nl\/","logo":{"@type":"ImageObject","inLanguage":"de","@id":"https:\/\/www.oudadl.testontwikkeling.nl\/#\/schema\/logo\/image\/","url":"https:\/\/www.oudadl.testontwikkeling.nl\/wp-content\/uploads\/2022\/08\/Logo-ALL-DAY-LED-800x800-zwart-witte-letters.png","contentUrl":"https:\/\/www.oudadl.testontwikkeling.nl\/wp-content\/uploads\/2022\/08\/Logo-ALL-DAY-LED-800x800-zwart-witte-letters.png","width":800,"height":800,"caption":"All Day Led"},"image":{"@id":"https:\/\/www.oudadl.testontwikkeling.nl\/#\/schema\/logo\/image\/"},"sameAs":["https:\/\/www.facebook.com\/alldayled\/","https:\/\/www.instagram.com\/alldayled\/"],"vatID":"NL863960133B01","taxID":"86416545","hasMerchantReturnPolicy":{"@type":"MerchantReturnPolicy","merchantReturnLink":"https:\/\/www.oudadl.testontwikkeling.nl\/de\/verzenden-retourneren\/"}}]},"product_brand":"Nedking","product_price_amount":"109.00","product_price_currency":"EUR","og_availability":"instock","product_availability":"instock","product_retailer_item_id":"ADL181302","product_condition":"new"},"_links":{"self":[{"href":"https:\/\/www.oudadl.testontwikkeling.nl\/de\/wp-json\/wp\/v2\/product\/43118","targetHints":{"allow":["GET"]}}],"collection":[{"href":"https:\/\/www.oudadl.testontwikkeling.nl\/de\/wp-json\/wp\/v2\/product"}],"about":[{"href":"https:\/\/www.oudadl.testontwikkeling.nl\/de\/wp-json\/wp\/v2\/types\/product"}],"replies":[{"embeddable":true,"href":"https:\/\/www.oudadl.testontwikkeling.nl\/de\/wp-json\/wp\/v2\/comments?post=43118"}],"wp:featuredmedia":[{"embeddable":true,"href":"https:\/\/www.oudadl.testontwikkeling.nl\/de\/wp-json\/wp\/v2\/media\/43295"}],"wp:attachment":[{"href":"https:\/\/www.oudadl.testontwikkeling.nl\/de\/wp-json\/wp\/v2\/media?parent=43118"}],"wp:term":[{"taxonomy":"product_brand","embeddable":true,"href":"https:\/\/www.oudadl.testontwikkeling.nl\/de\/wp-json\/wp\/v2\/product_brand?post=43118"},{"taxonomy":"product_cat","embeddable":true,"href":"https:\/\/www.oudadl.testontwikkeling.nl\/de\/wp-json\/wp\/v2\/product_cat?post=43118"},{"taxonomy":"product_tag","embeddable":true,"href":"https:\/\/www.oudadl.testontwikkeling.nl\/de\/wp-json\/wp\/v2\/product_tag?post=43118"}],"curies":[{"name":"wp","href":"https:\/\/api.w.org\/{rel}","templated":true}]}}