{"id":42684,"date":"2024-01-25T16:21:35","date_gmt":"2024-01-25T15:21:35","guid":{"rendered":"https:\/\/www.oudadl.testontwikkeling.nl\/?post_type=product&#038;p=42684"},"modified":"2025-12-08T11:46:02","modified_gmt":"2025-12-08T10:46:02","slug":"gylle-led-unit-oranje","status":"publish","type":"product","link":"https:\/\/www.oudadl.testontwikkeling.nl\/de\/product\/gylle-led-unit-oranje\/","title":{"rendered":"Gylle LED Modul orange"},"content":{"rendered":"<p><span style=\"color: #000000\"><strong>Gylle LED Einheit orange f\u00fcr Gummiarm.<\/strong><\/span><\/p>\n<p><span style=\"color: #000000\">M\u00f6chten Sie eine d\u00e4nische Positionslampe selbst zusammenstellen? Sie wissen aber nicht, wo Sie anfangen sollen? M\u00f6glicherweise ist die Gylle LED Modul orange oder der Artikel, den Sie suchen. Mit der Linse k\u00f6nnen Sie Ihre d\u00e4nische Positionslampe einfach und schnell selbst verschlie\u00dfen. Sie k\u00f6nnen das separate Objektiv mit 6 LED-Punkten in den Gummi-Montagef\u00fc\u00dfen von Gylle, Strands und WA\u015a platzieren. Das Modul LED ist f\u00fcr den 12- und 24-Volt-Betrieb ausgelegt. Dadurch k\u00f6nnen Sie die LED-Lampe beispielsweise an Ihrem Transporter, LKW, Anh\u00e4nger oder einem anderen Fahrzeugtyp montieren.\u00a0<\/span><\/p>\n<p><span style=\"color: #000000\">Um sicherzustellen, dass die Einheit Gylle LED orange f\u00fcr Ihr Fahrzeug oder Ihren Anh\u00e4nger geeignet ist. Nachfolgend haben wir eine Reihe von Merkmalen dieser LED-Lampe aufgelistet. Die Breitleuchteneinheit mit farbiger Linse ist unter anderem mit ECE R10 ausgestattet. Das orange beleuchtete Modul ist au\u00dferdem mit einem 5 Meter langen Kabel ausgestattet. Die oben beschriebenen Eigenschaften weisen darauf hin, dass die Lampe ein Funksignal nicht st\u00f6rt. Die Kabell\u00e4nge von 5 Metern pro Einheit und eine gute Passform garantieren eine schnelle, aber auch einfache Installation.\u00a0<\/span><\/p>\n<h5><span style=\"color: #000000\"><strong>Abmessungen:<\/strong><\/span><\/h5>\n<p><span style=\"color: #000000\">Denn Sie m\u00f6chten sicher sein, dass das Modul f\u00fcr beispielsweise eine Breitenlampe dort passt, wo Sie es montieren m\u00f6chten. Wir haben die Abmessungen des Teils unten geschrieben. Die Abmessungen der Einheit Gylle LED orange sind wie folgt:\u00a0<\/span><\/p>\n<ul>\n<li><span style=\"color: #000000\">Durchmesser: 71 mm (inkl. Kante)<\/span><\/li>\n<li><span style=\"color: #000000\">H\u00f6he: 36 mm (inkl. Rand)<\/span><\/li>\n<\/ul>\n<h5><span style=\"color: #000000\"><strong>Andere Komponenten:\u00a0<\/strong><\/span><\/h5>\n<p><span style=\"color: #000000\">M\u00f6chten Sie eine d\u00e4nische Positionslampe der Marke Gylle selbst zusammenstellen? Aber ist die Einheit Gylle LED orange nicht das Teil, das Sie suchen? Dann wissen Sie, dass die schwedische Marke Gylle auch verschiedene andere Teile zum Zusammenbau einer breiten Lampe anbietet. Schauen Sie sich unten einige dieser Teile an.<\/span><\/p>\n<ul>\n<li><span style=\"color: #000000\"><strong><a style=\"color: #000000\" href=\"https:\/\/www.oudadl.testontwikkeling.nl\/de\/produkt\/gylle-led-unit-xenon-wit-6000k\/\" target=\"_blank\" rel=\"noopener\">LED Modul xenon wei\u00df - 6000k<\/a><\/strong><\/span><\/li>\n<li><span style=\"color: #000000\"><strong><a style=\"color: #000000\" href=\"https:\/\/www.oudadl.testontwikkeling.nl\/de\/produkt\/gylle-led-unit-warm-wit-3000k\/\" target=\"_blank\" rel=\"noopener\">LED Modul warm wei\u00df - 3000k<\/a><\/strong><\/span><\/li>\n<li><span style=\"color: #000000\"><strong><a style=\"color: #000000\" href=\"https:\/\/www.oudadl.testontwikkeling.nl\/de\/produkt\/gylle-led-unit-oranje-helder-glas\/\" target=\"_blank\" rel=\"noopener\">LED Modul orange - Klarglas<\/a><\/strong><\/span><\/li>\n<li><span style=\"color: #000000\"><strong><a style=\"color: #000000\" href=\"https:\/\/www.oudadl.testontwikkeling.nl\/de\/produkt\/gylle-led-unit-rood-helder-glas\/\" target=\"_blank\" rel=\"noopener\">LED Modul rot - Klarglas<\/a><\/strong><\/span><\/li>\n<li><span style=\"color: #000000\"><strong><a style=\"color: #000000\" href=\"https:\/\/www.oudadl.testontwikkeling.nl\/de\/produkt\/gylle-led-unit-rood\/\" target=\"_blank\" rel=\"noopener\">LED Modul rot<\/a><\/strong><\/span><\/li>\n<li><span style=\"color: #000000\"><a style=\"color: #000000\" href=\"https:\/\/www.oudadl.testontwikkeling.nl\/de\/produkt\/gylle-afdichtkap-zwart\/\" target=\"_blank\" rel=\"noopener\"><strong>Abdichtungskappe<\/strong><\/a><\/span><\/li>\n<\/ul>\n<h5><span style=\"color: #000000\"><strong>Stellen Sie sich zusammen:\u00a0<\/strong><\/span><\/h5>\n<p><span style=\"color: #000000\">Um Ihre d\u00e4nische Positionslampe der Marke Gylle selbst zusammenzustellen, haben Sie zwei M\u00f6glichkeiten. Die beiden Optionen werden unten mit einem Link zur Seite beschrieben. Dr\u00fccken Sie Option 1 oder Option 2 und Sie finden alle Artikel auf einer Seite.<br \/>\n<\/span><\/p>\n<ul>\n<li><span style=\"color: #000000\"><a style=\"color: #000000\" href=\"https:\/\/www.oudadl.testontwikkeling.nl\/de\/produkt-schlagwort\/gylle-halogeen-breedtelamp\/\"><strong>Option 1<\/strong><\/a><strong>:<\/strong> Bauen Sie die Lampe selbst zusammen, sodass Sie darin eine Halogen- oder LED-Gl\u00fchbirne einsetzen k\u00f6nnen.<br \/>\n<\/span><\/li>\n<li><span style=\"color: #000000\"><a style=\"color: #000000\" href=\"https:\/\/www.oudadl.testontwikkeling.nl\/de\/produkt-schlagwort\/gylle-led-breedtelamp\/\"><strong>Option 2<\/strong><\/a><strong>:<\/strong> Montieren Sie die Lampe selbst, sodass Sie eine LED-Modul darin platzieren k\u00f6nnen.<\/span><\/li>\n<\/ul>\n<p><span style=\"color: #000000\">Sind Sie immer noch der Meinung, dass die orangefarbene Einheit Gylle LED nicht das ist, was Sie suchen? Einfach weil Ihnen die Farbe oder Form nicht gef\u00e4llt? Dann sehen Sie sich hier das komplette Sortiment an <a style=\"color: #000000\" href=\"https:\/\/www.oudadl.testontwikkeling.nl\/de\/merk\/product-gylle-mec\/\">Gylle<\/a>.<\/span><\/p>","protected":false},"excerpt":{"rendered":"<p>Gylle LED unit oranje voor rubber montagevoet. Wilt u zelf een Deense breedtelamp samenstellen? Maar weet u niet waar u moet beginnen? Wellicht is het Gylle LED unit oranje, dan wel het artikel dat u zoekt. Met de lens kunt u eenvoudig en snel zelf uw Deense breedtelamp dicht maken. De losse lens met 6 [&hellip;]<\/p>\n","protected":false},"featured_media":22960,"comment_status":"open","ping_status":"closed","template":"","meta":{"_acf_changed":false,"site-sidebar-layout":"default","site-content-layout":"default","ast-site-content-layout":"default","site-content-style":"default","site-sidebar-style":"default","ast-global-header-display":"","ast-banner-title-visibility":"","ast-main-header-display":"","ast-hfb-above-header-display":"","ast-hfb-below-header-display":"","ast-hfb-mobile-header-display":"","site-post-title":"","ast-breadcrumbs-content":"","ast-featured-img":"","footer-sml-layout":"","ast-disable-related-posts":"","theme-transparent-header-meta":"default","adv-header-id-meta":"","stick-header-meta":"","header-above-stick-meta":"","header-main-stick-meta":"","header-below-stick-meta":"","astra-migrate-meta-layouts":"set","ast-page-background-enabled":"default","ast-page-background-meta":{"desktop":{"background-color":"","background-image":"","background-repeat":"repeat","background-position":"center center","background-size":"auto","background-attachment":"scroll","background-type":"","background-media":"","overlay-type":"","overlay-color":"","overlay-opacity":"","overlay-gradient":""},"tablet":{"background-color":"","background-image":"","background-repeat":"repeat","background-position":"center center","background-size":"auto","background-attachment":"scroll","background-type":"","background-media":"","overlay-type":"","overlay-color":"","overlay-opacity":"","overlay-gradient":""},"mobile":{"background-color":"","background-image":"","background-repeat":"repeat","background-position":"center center","background-size":"auto","background-attachment":"scroll","background-type":"","background-media":"","overlay-type":"","overlay-color":"","overlay-opacity":"","overlay-gradient":""}},"ast-content-background-meta":{"desktop":{"background-color":"var(--ast-global-color-5)","background-image":"","background-repeat":"repeat","background-position":"center center","background-size":"auto","background-attachment":"scroll","background-type":"","background-media":"","overlay-type":"","overlay-color":"","overlay-opacity":"","overlay-gradient":""},"tablet":{"background-color":"var(--ast-global-color-5)","background-image":"","background-repeat":"repeat","background-position":"center center","background-size":"auto","background-attachment":"scroll","background-type":"","background-media":"","overlay-type":"","overlay-color":"","overlay-opacity":"","overlay-gradient":""},"mobile":{"background-color":"var(--ast-global-color-5)","background-image":"","background-repeat":"repeat","background-position":"center center","background-size":"auto","background-attachment":"scroll","background-type":"","background-media":"","overlay-type":"","overlay-color":"","overlay-opacity":"","overlay-gradient":""}}},"product_brand":[],"product_cat":[295],"product_tag":[6605,1806,6607,6606],"class_list":{"0":"post-42684","1":"product","2":"type-product","3":"status-publish","4":"has-post-thumbnail","6":"product_cat-breedtelampen","7":"product_tag-deense-breedtelamp","8":"product_tag-deense-breedtepaal","9":"product_tag-gylle-led-breedtelamp","10":"product_tag-gylle-verlichting","11":"pa_merkk-product-gylle-mec","12":"desktop-align-left","13":"tablet-align-left","14":"mobile-align-left","16":"first","17":"instock","18":"taxable","19":"shipping-taxable","20":"purchasable","21":"product-type-simple"},"acf":[],"yoast_head":"<!-- This site is optimized with the Yoast SEO Premium plugin v25.9 (Yoast SEO v27.6) - https:\/\/yoast.com\/product\/yoast-seo-premium-wordpress\/ -->\n<title>Gylle LED unit oranje - All Day Led - voor Deense breedtelamp - 12\/24 Volt<\/title>\n<meta name=\"description\" content=\"Gylle LED unit oranje - losse unit ROOD met 6 LED punten - STER vorm - vrachtwagen, aanhanger, tractor en meer - past in de Deense breedtelamp\" \/>\n<meta name=\"robots\" content=\"noindex, follow, max-snippet:-1, max-image-preview:large, max-video-preview:-1\" \/>\n<meta property=\"og:locale\" content=\"de_DE\" \/>\n<meta property=\"og:type\" content=\"article\" \/>\n<meta property=\"og:title\" content=\"Gylle LED unit oranje voor uw Deense breedtelamp - 12&amp; 24V\" \/>\n<meta property=\"og:description\" content=\"Gylle LED unit oranje - moderne look - Deense breedtelamp - voor 12&amp;24 Volt - vrachtwagen, bestelwagen, aanhanger en meer\" \/>\n<meta property=\"og:url\" content=\"https:\/\/www.oudadl.testontwikkeling.nl\/de\/produkt\/gylle-led-unit-oranje\/\" \/>\n<meta property=\"og:site_name\" content=\"All Day Led\" \/>\n<meta property=\"article:publisher\" content=\"https:\/\/www.facebook.com\/alldayled\/\" \/>\n<meta property=\"article:modified_time\" content=\"2025-12-08T10:46:02+00:00\" \/>\n<meta property=\"og:image\" content=\"https:\/\/www.oudadl.testontwikkeling.nl\/wp-content\/uploads\/2020\/08\/ADL35194.-1.png\" \/>\n\t<meta property=\"og:image:width\" content=\"800\" \/>\n\t<meta property=\"og:image:height\" content=\"600\" \/>\n\t<meta property=\"og:image:type\" content=\"image\/png\" \/>\n<meta name=\"twitter:label1\" content=\"Preis\" \/>\n\t<meta name=\"twitter:data1\" content=\"&euro;16,00\" \/>\n\t<meta name=\"twitter:label2\" content=\"Verf\u00fcgbarkeit\" \/>\n\t<meta name=\"twitter:data2\" content=\"Auf Lager\" \/>\n<script type=\"application\/ld+json\" class=\"yoast-schema-graph\">{\"@context\":\"https:\\\/\\\/schema.org\",\"@graph\":[{\"@type\":\"WebPage\",\"@id\":\"https:\\\/\\\/www.oudadl.testontwikkeling.nl\\\/product\\\/gylle-led-unit-oranje\\\/\",\"url\":\"https:\\\/\\\/www.oudadl.testontwikkeling.nl\\\/product\\\/gylle-led-unit-oranje\\\/\",\"name\":\"Gylle LED unit oranje - All Day Led - voor Deense breedtelamp - 12\\\/24 Volt\",\"isPartOf\":{\"@id\":\"https:\\\/\\\/www.oudadl.testontwikkeling.nl\\\/#website\"},\"primaryImageOfPage\":{\"@id\":\"https:\\\/\\\/www.oudadl.testontwikkeling.nl\\\/product\\\/gylle-led-unit-oranje\\\/#primaryimage\"},\"image\":{\"@id\":\"https:\\\/\\\/www.oudadl.testontwikkeling.nl\\\/product\\\/gylle-led-unit-oranje\\\/#primaryimage\"},\"thumbnailUrl\":\"https:\\\/\\\/www.oudadl.testontwikkeling.nl\\\/wp-content\\\/uploads\\\/2020\\\/08\\\/ADL35194..png\",\"datePublished\":\"2024-01-25T15:21:35+00:00\",\"dateModified\":\"2025-12-08T10:46:02+00:00\",\"description\":\"Gylle LED unit oranje - losse unit ROOD met 6 LED punten - STER vorm - vrachtwagen, aanhanger, tractor en meer - past in de Deense breedtelamp\",\"breadcrumb\":{\"@id\":\"https:\\\/\\\/www.oudadl.testontwikkeling.nl\\\/product\\\/gylle-led-unit-oranje\\\/#breadcrumb\"},\"inLanguage\":\"de\",\"potentialAction\":[{\"@type\":\"ReadAction\",\"target\":[\"https:\\\/\\\/www.oudadl.testontwikkeling.nl\\\/product\\\/gylle-led-unit-oranje\\\/\"]}]},{\"@type\":\"ImageObject\",\"inLanguage\":\"de\",\"@id\":\"https:\\\/\\\/www.oudadl.testontwikkeling.nl\\\/product\\\/gylle-led-unit-oranje\\\/#primaryimage\",\"url\":\"https:\\\/\\\/www.oudadl.testontwikkeling.nl\\\/wp-content\\\/uploads\\\/2020\\\/08\\\/ADL35194..png\",\"contentUrl\":\"https:\\\/\\\/www.oudadl.testontwikkeling.nl\\\/wp-content\\\/uploads\\\/2020\\\/08\\\/ADL35194..png\",\"width\":800,\"height\":600,\"caption\":\"Gylle LED oranje met gekleurd glas - onderdeel voor een Deense LED lamp - geschikt voor 12 en 24 volt gebruik - EAN: 7392847307958\"},{\"@type\":\"BreadcrumbList\",\"@id\":\"https:\\\/\\\/www.oudadl.testontwikkeling.nl\\\/product\\\/gylle-led-unit-oranje\\\/#breadcrumb\",\"itemListElement\":[{\"@type\":\"ListItem\",\"position\":1,\"name\":\"Home\",\"item\":\"https:\\\/\\\/www.oudadl.testontwikkeling.nl\\\/\"},{\"@type\":\"ListItem\",\"position\":2,\"name\":\"Shop\",\"item\":\"https:\\\/\\\/www.oudadl.testontwikkeling.nl\\\/de\\\/shop\\\/\"},{\"@type\":\"ListItem\",\"position\":3,\"name\":\"Positielampen\",\"item\":\"https:\\\/\\\/www.oudadl.testontwikkeling.nl\\\/product-categorie\\\/positielampen\\\/\"},{\"@type\":\"ListItem\",\"position\":4,\"name\":\"Breedtelampen\",\"item\":\"https:\\\/\\\/www.oudadl.testontwikkeling.nl\\\/product-categorie\\\/positielampen\\\/breedtelampen\\\/\"},{\"@type\":\"ListItem\",\"position\":5,\"name\":\"Gylle LED unit oranje\"}]},{\"@type\":\"WebSite\",\"@id\":\"https:\\\/\\\/www.oudadl.testontwikkeling.nl\\\/#website\",\"url\":\"https:\\\/\\\/www.oudadl.testontwikkeling.nl\\\/\",\"name\":\"All Day Led\",\"description\":\"\",\"publisher\":{\"@id\":\"https:\\\/\\\/www.oudadl.testontwikkeling.nl\\\/#organization\"},\"potentialAction\":[{\"@type\":\"SearchAction\",\"target\":{\"@type\":\"EntryPoint\",\"urlTemplate\":\"https:\\\/\\\/www.oudadl.testontwikkeling.nl\\\/?s={search_term_string}\"},\"query-input\":{\"@type\":\"PropertyValueSpecification\",\"valueRequired\":true,\"valueName\":\"search_term_string\"}}],\"inLanguage\":\"de\"},{\"@type\":\"Organization\",\"@id\":\"https:\\\/\\\/www.oudadl.testontwikkeling.nl\\\/#organization\",\"name\":\"All Day Led\",\"url\":\"https:\\\/\\\/www.oudadl.testontwikkeling.nl\\\/\",\"logo\":{\"@type\":\"ImageObject\",\"inLanguage\":\"de\",\"@id\":\"https:\\\/\\\/www.oudadl.testontwikkeling.nl\\\/#\\\/schema\\\/logo\\\/image\\\/\",\"url\":\"https:\\\/\\\/www.oudadl.testontwikkeling.nl\\\/wp-content\\\/uploads\\\/2022\\\/08\\\/Logo-ALL-DAY-LED-800x800-zwart-witte-letters.png\",\"contentUrl\":\"https:\\\/\\\/www.oudadl.testontwikkeling.nl\\\/wp-content\\\/uploads\\\/2022\\\/08\\\/Logo-ALL-DAY-LED-800x800-zwart-witte-letters.png\",\"width\":800,\"height\":800,\"caption\":\"All Day Led\"},\"image\":{\"@id\":\"https:\\\/\\\/www.oudadl.testontwikkeling.nl\\\/#\\\/schema\\\/logo\\\/image\\\/\"},\"sameAs\":[\"https:\\\/\\\/www.facebook.com\\\/alldayled\\\/\",\"https:\\\/\\\/www.instagram.com\\\/alldayled\\\/\"],\"vatID\":\"NL863960133B01\",\"taxID\":\"86416545\",\"hasMerchantReturnPolicy\":{\"@type\":\"MerchantReturnPolicy\",\"merchantReturnLink\":\"https:\\\/\\\/www.oudadl.testontwikkeling.nl\\\/de\\\/verzenden-retourneren\\\/\"}}]}<\/script>\n<meta property=\"product:brand\" content=\"Gylle\" \/>\n<meta property=\"product:price:amount\" content=\"16.00\" \/>\n<meta property=\"product:price:currency\" content=\"EUR\" \/>\n<meta property=\"og:availability\" content=\"instock\" \/>\n<meta property=\"product:availability\" content=\"instock\" \/>\n<meta property=\"product:retailer_item_id\" content=\"ADL35194\" \/>\n<meta property=\"product:condition\" content=\"new\" \/>\n<!-- \/ Yoast SEO Premium plugin. -->","yoast_head_json":{"title":"Gylle LED Modul orange - All Day Led - f\u00fcr d\u00e4nische Positionsleuchte - 12\/24 Volt","description":"Gylle LED Modul orange \u2013 separate Einheit ROT mit 6 LED-Punkten \u2013 Sternform \u2013 LKW, Anh\u00e4nger, Traktor und mehr \u2013 passt in die d\u00e4nische Positionsleuchte","robots":{"index":"noindex","follow":"follow","max-snippet":"max-snippet:-1","max-image-preview":"max-image-preview:large","max-video-preview":"max-video-preview:-1"},"og_locale":"de_DE","og_type":"article","og_title":"Gylle LED unit oranje voor uw Deense breedtelamp - 12& 24V","og_description":"Gylle LED unit oranje - moderne look - Deense breedtelamp - voor 12&24 Volt - vrachtwagen, bestelwagen, aanhanger en meer","og_url":"https:\/\/www.oudadl.testontwikkeling.nl\/de\/produkt\/gylle-led-unit-oranje\/","og_site_name":"All Day Led","article_publisher":"https:\/\/www.facebook.com\/alldayled\/","article_modified_time":"2025-12-08T10:46:02+00:00","og_image":[{"width":800,"height":600,"url":"https:\/\/www.oudadl.testontwikkeling.nl\/wp-content\/uploads\/2020\/08\/ADL35194.-1.png","type":"image\/png"}],"twitter_misc":{"Preis":"&euro;16,00","Verf\u00fcgbarkeit":"Auf Lager"},"schema":{"@context":"https:\/\/schema.org","@graph":[{"@type":"WebPage","@id":"https:\/\/www.oudadl.testontwikkeling.nl\/product\/gylle-led-unit-oranje\/","url":"https:\/\/www.oudadl.testontwikkeling.nl\/product\/gylle-led-unit-oranje\/","name":"Gylle LED Modul orange - All Day Led - f\u00fcr d\u00e4nische Positionsleuchte - 12\/24 Volt","isPartOf":{"@id":"https:\/\/www.oudadl.testontwikkeling.nl\/#website"},"primaryImageOfPage":{"@id":"https:\/\/www.oudadl.testontwikkeling.nl\/product\/gylle-led-unit-oranje\/#primaryimage"},"image":{"@id":"https:\/\/www.oudadl.testontwikkeling.nl\/product\/gylle-led-unit-oranje\/#primaryimage"},"thumbnailUrl":"https:\/\/www.oudadl.testontwikkeling.nl\/wp-content\/uploads\/2020\/08\/ADL35194..png","datePublished":"2024-01-25T15:21:35+00:00","dateModified":"2025-12-08T10:46:02+00:00","description":"Gylle LED Modul orange \u2013 separate Einheit ROT mit 6 LED-Punkten \u2013 Sternform \u2013 LKW, Anh\u00e4nger, Traktor und mehr \u2013 passt in die d\u00e4nische Positionsleuchte","breadcrumb":{"@id":"https:\/\/www.oudadl.testontwikkeling.nl\/product\/gylle-led-unit-oranje\/#breadcrumb"},"inLanguage":"de","potentialAction":[{"@type":"ReadAction","target":["https:\/\/www.oudadl.testontwikkeling.nl\/product\/gylle-led-unit-oranje\/"]}]},{"@type":"ImageObject","inLanguage":"de","@id":"https:\/\/www.oudadl.testontwikkeling.nl\/product\/gylle-led-unit-oranje\/#primaryimage","url":"https:\/\/www.oudadl.testontwikkeling.nl\/wp-content\/uploads\/2020\/08\/ADL35194..png","contentUrl":"https:\/\/www.oudadl.testontwikkeling.nl\/wp-content\/uploads\/2020\/08\/ADL35194..png","width":800,"height":600,"caption":"Gylle LED oranje met gekleurd glas - onderdeel voor een Deense LED lamp - geschikt voor 12 en 24 volt gebruik - EAN: 7392847307958"},{"@type":"BreadcrumbList","@id":"https:\/\/www.oudadl.testontwikkeling.nl\/product\/gylle-led-unit-oranje\/#breadcrumb","itemListElement":[{"@type":"ListItem","position":1,"name":"Home","item":"https:\/\/www.oudadl.testontwikkeling.nl\/"},{"@type":"ListItem","position":2,"name":"Shop","item":"https:\/\/www.oudadl.testontwikkeling.nl\/de\/shop\/"},{"@type":"ListItem","position":3,"name":"Positielampen","item":"https:\/\/www.oudadl.testontwikkeling.nl\/product-categorie\/positielampen\/"},{"@type":"ListItem","position":4,"name":"Breedtelampen","item":"https:\/\/www.oudadl.testontwikkeling.nl\/product-categorie\/positielampen\/breedtelampen\/"},{"@type":"ListItem","position":5,"name":"Gylle LED unit oranje"}]},{"@type":"WebSite","@id":"https:\/\/www.oudadl.testontwikkeling.nl\/#website","url":"https:\/\/www.oudadl.testontwikkeling.nl\/","name":"All Day Led","description":"","publisher":{"@id":"https:\/\/www.oudadl.testontwikkeling.nl\/#organization"},"potentialAction":[{"@type":"SearchAction","target":{"@type":"EntryPoint","urlTemplate":"https:\/\/www.oudadl.testontwikkeling.nl\/?s={search_term_string}"},"query-input":{"@type":"PropertyValueSpecification","valueRequired":true,"valueName":"search_term_string"}}],"inLanguage":"de"},{"@type":"Organization","@id":"https:\/\/www.oudadl.testontwikkeling.nl\/#organization","name":"All Day Led","url":"https:\/\/www.oudadl.testontwikkeling.nl\/","logo":{"@type":"ImageObject","inLanguage":"de","@id":"https:\/\/www.oudadl.testontwikkeling.nl\/#\/schema\/logo\/image\/","url":"https:\/\/www.oudadl.testontwikkeling.nl\/wp-content\/uploads\/2022\/08\/Logo-ALL-DAY-LED-800x800-zwart-witte-letters.png","contentUrl":"https:\/\/www.oudadl.testontwikkeling.nl\/wp-content\/uploads\/2022\/08\/Logo-ALL-DAY-LED-800x800-zwart-witte-letters.png","width":800,"height":800,"caption":"All Day Led"},"image":{"@id":"https:\/\/www.oudadl.testontwikkeling.nl\/#\/schema\/logo\/image\/"},"sameAs":["https:\/\/www.facebook.com\/alldayled\/","https:\/\/www.instagram.com\/alldayled\/"],"vatID":"NL863960133B01","taxID":"86416545","hasMerchantReturnPolicy":{"@type":"MerchantReturnPolicy","merchantReturnLink":"https:\/\/www.oudadl.testontwikkeling.nl\/de\/verzenden-retourneren\/"}}]},"product_brand":"Gylle","product_price_amount":"16.00","product_price_currency":"EUR","og_availability":"instock","product_availability":"instock","product_retailer_item_id":"ADL35194","product_condition":"new"},"_links":{"self":[{"href":"https:\/\/www.oudadl.testontwikkeling.nl\/de\/wp-json\/wp\/v2\/product\/42684","targetHints":{"allow":["GET"]}}],"collection":[{"href":"https:\/\/www.oudadl.testontwikkeling.nl\/de\/wp-json\/wp\/v2\/product"}],"about":[{"href":"https:\/\/www.oudadl.testontwikkeling.nl\/de\/wp-json\/wp\/v2\/types\/product"}],"replies":[{"embeddable":true,"href":"https:\/\/www.oudadl.testontwikkeling.nl\/de\/wp-json\/wp\/v2\/comments?post=42684"}],"wp:featuredmedia":[{"embeddable":true,"href":"https:\/\/www.oudadl.testontwikkeling.nl\/de\/wp-json\/wp\/v2\/media\/22960"}],"wp:attachment":[{"href":"https:\/\/www.oudadl.testontwikkeling.nl\/de\/wp-json\/wp\/v2\/media?parent=42684"}],"wp:term":[{"taxonomy":"product_brand","embeddable":true,"href":"https:\/\/www.oudadl.testontwikkeling.nl\/de\/wp-json\/wp\/v2\/product_brand?post=42684"},{"taxonomy":"product_cat","embeddable":true,"href":"https:\/\/www.oudadl.testontwikkeling.nl\/de\/wp-json\/wp\/v2\/product_cat?post=42684"},{"taxonomy":"product_tag","embeddable":true,"href":"https:\/\/www.oudadl.testontwikkeling.nl\/de\/wp-json\/wp\/v2\/product_tag?post=42684"}],"curies":[{"name":"wp","href":"https:\/\/api.w.org\/{rel}","templated":true}]}}