{"id":42562,"date":"2024-01-12T11:20:49","date_gmt":"2024-01-12T10:20:49","guid":{"rendered":"https:\/\/www.oudadl.testontwikkeling.nl\/?post_type=product&#038;p=42562"},"modified":"2025-11-30T10:49:56","modified_gmt":"2025-11-30T09:49:56","slug":"m-led-classic-markeringslamp-oranje","status":"publish","type":"product","link":"https:\/\/www.oudadl.testontwikkeling.nl\/de\/product\/m-led-classic-markeringslamp-oranje\/","title":{"rendered":"M-LED classic Begrenzungsleuchte ORANGE"},"content":{"rendered":"<p><span style=\"color: #000000\"><strong>M-LED classic Begrenzungsleuchte ORANGE.<\/strong><\/span><\/p>\n<p><span style=\"color: #000000\">Sie sind auf der Suche nach der classic Begrenzungsleuchte, aber in einer vollwertigen LED-Version? Dann ist die Blocklampe M-LED m\u00f6glicherweise die Lampe, die Sie suchen. Die Markierungsleuchte ist mit 3 LED-Punkten ausgestattet und verf\u00fcgt \u00fcber einen eingebauten Reflektor. Da die Leuchte \u00fcber eine Reflektorfunktion und die damit verbundene ECE-Kennzeichnung verf\u00fcgt, handelt es sich um eine zugelassene Seitenmarkierungsleuchte. Die Markierungsleuchte M-LED funktioniert mit 12 und 24 Volt. Das bedeutet, dass Sie die LED-Lampe an Ihrem Auto, Wohnmobil, LKW, Anh\u00e4nger oder einem anderen Fahrzeugtyp montieren k\u00f6nnen.\u00a0<\/span><\/p>\n<p><span style=\"color: #000000\">Damit die Markierungsleuchte M-LED classic ORANGE f\u00fcr Ihr Fahrzeug oder Ihren Anh\u00e4nger geeignet ist. Nachfolgend haben wir eine Reihe von Merkmalen dieser LED-Lampe aufgelistet. Die Markierungsleuchte mit oranger Linse ist unter anderem mit ECE R10 ausgestattet. Die orangefarbene Markierungsleuchte LED ist au\u00dferdem mit dem ECE R148- und ECE R150-G\u00fctezeichen versehen. Die G\u00fctezeichen weisen darauf hin, dass Sie die Leuchte als Markierungsleuchte und Reflektorleuchte verwenden d\u00fcrfen. Dar\u00fcber hinaus wird die Lampe mit einem 85 Zentimeter langen Anschlusskabel geliefert, um die Installation zu erleichtern.\u00a0<\/span><\/p>\n<h5><span style=\"color: #000000\"><strong>Abmessungen:<\/strong><\/span><\/h5>\n<p><span style=\"color: #000000\">Denn vor dem Kauf m\u00f6chten Sie sicher sein, dass Sie die Lampe dort montieren k\u00f6nnen, wo Sie m\u00f6chten. Nachfolgend haben wir die Abmessungen der LED-Lampe notiert. Die Abmessungen der Markierungsleuchte M-LED classic ORANGE sind wie folgt.<\/span><\/p>\n<ul>\n<li><span style=\"color: #000000\">Breite: 119 mm<\/span><\/li>\n<li><span style=\"color: #000000\">H\u00f6he: 55,3 mm<\/span><\/li>\n<li><span style=\"color: #000000\">Dicke: 27 mm<\/span><\/li>\n<\/ul>\n<h5><span style=\"color: #000000\"><strong>Andere Farben:<\/strong><\/span><\/h5>\n<p><span style=\"color: #000000\">Sie sind auf der Suche nach einer Markierungsleuchte M-LED, m\u00f6chten aber nicht die ORANGE Version kaufen? Dann wissen Sie, dass die vollwertige Markierungsleuchte LED mit ECE-R148-G\u00fctezeichen auch in den folgenden Versionen erh\u00e4ltlich ist:\u00a0<\/span><\/p>\n<ul>\n<li><span style=\"color: #000000\"><a style=\"color: #000000\" href=\"https:\/\/www.oudadl.testontwikkeling.nl\/de\/produkt\/m-led-classic-markeringslamp-oranje-smoke\/\" target=\"_blank\" rel=\"noopener\"><strong>Begrenzungsleuchte ORANGE \u2013 DUNKEL<\/strong><\/a><\/span><\/li>\n<li><span style=\"color: #000000\"><a style=\"color: #000000\" href=\"https:\/\/www.oudadl.testontwikkeling.nl\/de\/produkt\/m-led-classic-markeringslamp-oranje-helder\/\" target=\"_blank\" rel=\"noopener\"><strong>Begrenzungsleuchte ORANGE \u2013 KLAR\u00a0<\/strong><\/a><\/span><\/li>\n<li><span style=\"color: #000000\"><a style=\"color: #000000\" href=\"https:\/\/www.oudadl.testontwikkeling.nl\/de\/produkt\/m-led-classic-markeringslamp-wit-smoke\/\" target=\"_blank\" rel=\"noopener\"><strong>Begrenzungsleuchte WEISS \u2013 DUNKEL<\/strong><\/a><\/span><\/li>\n<li><span style=\"color: #000000\"><a style=\"color: #000000\" href=\"https:\/\/www.oudadl.testontwikkeling.nl\/de\/produkt\/m-led-classic-markeringslamp-rood\/\" target=\"_blank\" rel=\"noopener\"><strong>Begrenzungsleuchte ROT\u00a0<\/strong><\/a><\/span><\/li>\n<li><span style=\"color: #000000\"><a style=\"color: #000000\" href=\"https:\/\/www.oudadl.testontwikkeling.nl\/de\/produkt\/m-led-classic-markeringslamp-wit\/\" target=\"_blank\" rel=\"noopener\"><strong>Begrenzungsleuchte WEISS\u00a0<\/strong><\/a><\/span><\/li>\n<\/ul>\n<p><span style=\"color: #000000\">Sind Sie immer noch der Meinung, dass die M-LED classic Begrenzungsleuchte ORANGE nicht das ist, was Sie suchen? Einfach, weil Ihnen die Farbe, Form oder das Design nicht gef\u00e4llt? Dann sehen Sie sich hier das komplette Sortiment an <a style=\"color: #000000\" href=\"https:\/\/www.oudadl.testontwikkeling.nl\/de\/merk\/product-m-led\/\" target=\"_blank\" rel=\"noopener\">M-LED<\/a>. M\u00f6glicherweise finden Sie hier das Lampenmodell, das Sie suchen.<\/span><\/p>","protected":false},"excerpt":{"rendered":"<p>M-LED classic markeringslamp ORANJE. Bent u opzoek naar de klassieke markeringslamp, maar zoek je deze in full LED versie? Dan is de M-LED bloklamp wellicht d\u00e9 lamp waar u naar opzoek bent. De markeringslamp is voorzien van 3 LED punten en heeft een ingebouwde reflector. Doordat de lamp een reflector functie heeft en de daarbij [&hellip;]<\/p>\n","protected":false},"featured_media":44865,"comment_status":"open","ping_status":"closed","template":"","meta":{"_acf_changed":false,"site-sidebar-layout":"default","site-content-layout":"default","ast-site-content-layout":"default","site-content-style":"default","site-sidebar-style":"default","ast-global-header-display":"","ast-banner-title-visibility":"","ast-main-header-display":"","ast-hfb-above-header-display":"","ast-hfb-below-header-display":"","ast-hfb-mobile-header-display":"","site-post-title":"","ast-breadcrumbs-content":"","ast-featured-img":"","footer-sml-layout":"","ast-disable-related-posts":"","theme-transparent-header-meta":"default","adv-header-id-meta":"","stick-header-meta":"","header-above-stick-meta":"","header-main-stick-meta":"","header-below-stick-meta":"","astra-migrate-meta-layouts":"set","ast-page-background-enabled":"default","ast-page-background-meta":{"desktop":{"background-color":"","background-image":"","background-repeat":"repeat","background-position":"center center","background-size":"auto","background-attachment":"scroll","background-type":"","background-media":"","overlay-type":"","overlay-color":"","overlay-opacity":"","overlay-gradient":""},"tablet":{"background-color":"","background-image":"","background-repeat":"repeat","background-position":"center center","background-size":"auto","background-attachment":"scroll","background-type":"","background-media":"","overlay-type":"","overlay-color":"","overlay-opacity":"","overlay-gradient":""},"mobile":{"background-color":"","background-image":"","background-repeat":"repeat","background-position":"center center","background-size":"auto","background-attachment":"scroll","background-type":"","background-media":"","overlay-type":"","overlay-color":"","overlay-opacity":"","overlay-gradient":""}},"ast-content-background-meta":{"desktop":{"background-color":"var(--ast-global-color-5)","background-image":"","background-repeat":"repeat","background-position":"center center","background-size":"auto","background-attachment":"scroll","background-type":"","background-media":"","overlay-type":"","overlay-color":"","overlay-opacity":"","overlay-gradient":""},"tablet":{"background-color":"var(--ast-global-color-5)","background-image":"","background-repeat":"repeat","background-position":"center center","background-size":"auto","background-attachment":"scroll","background-type":"","background-media":"","overlay-type":"","overlay-color":"","overlay-opacity":"","overlay-gradient":""},"mobile":{"background-color":"var(--ast-global-color-5)","background-image":"","background-repeat":"repeat","background-position":"center center","background-size":"auto","background-attachment":"scroll","background-type":"","background-media":"","overlay-type":"","overlay-color":"","overlay-opacity":"","overlay-gradient":""}}},"product_brand":[],"product_cat":[262],"product_tag":[263,2476,5486,5485,7980,2473,2477,2474,2475],"class_list":{"0":"post-42562","1":"product","2":"type-product","3":"status-publish","4":"has-post-thumbnail","6":"product_cat-markeringslampen","7":"product_tag-contourverlichting","8":"product_tag-led-markeringslamp","9":"product_tag-led-markeringslamp-12-volt","10":"product_tag-led-markeringslamp-24-volt","11":"product_tag-m-led-verlichting","12":"product_tag-markeringslamp-aanhanger","13":"product_tag-markeringslamp-camper","14":"product_tag-markeringslamp-trailer","15":"product_tag-markeringslamp-vrachtwagen","16":"pa_merkk-product-m-led","17":"desktop-align-left","18":"tablet-align-left","19":"mobile-align-left","21":"first","22":"instock","23":"taxable","24":"shipping-taxable","25":"purchasable","26":"product-type-simple"},"acf":[],"yoast_head":"<!-- This site is optimized with the Yoast SEO Premium plugin v25.9 (Yoast SEO v27.6) - https:\/\/yoast.com\/product\/yoast-seo-premium-wordpress\/ -->\n<title>M-LED classic markeringslamp ORANJE - All Day Led - voor 12 &amp; 24 Volt<\/title>\n<meta name=\"description\" content=\"M-LED classic markeringslamp ORANJE - voor auto, vrachtwagen, camper, aanhanger en meer - voor 12&amp;24V - 3 LED punten - met reflector - ECE R148 + R150\" \/>\n<meta name=\"robots\" content=\"noindex, follow, max-snippet:-1, max-image-preview:large, max-video-preview:-1\" \/>\n<meta property=\"og:locale\" content=\"de_DE\" \/>\n<meta property=\"og:type\" content=\"article\" \/>\n<meta property=\"og:title\" content=\"M-LED classic markeringslamp ORANJE - All Day Led - voor 12 &amp; 24 Volt\" \/>\n<meta property=\"og:description\" content=\"M-LED classic markeringslamp ORANJE - voor auto, vrachtwagen, camper, aanhanger en meer - voor 12&amp;24V - 3 LED punten - met reflector - ECE R148 + R150\" \/>\n<meta property=\"og:url\" content=\"https:\/\/www.oudadl.testontwikkeling.nl\/de\/produkt\/m-led-classic-markeringslamp-oranje\/\" \/>\n<meta property=\"og:site_name\" content=\"All Day Led\" \/>\n<meta property=\"article:publisher\" content=\"https:\/\/www.facebook.com\/alldayled\/\" \/>\n<meta property=\"article:modified_time\" content=\"2025-11-30T09:49:56+00:00\" \/>\n<meta property=\"og:image\" content=\"https:\/\/www.oudadl.testontwikkeling.nl\/wp-content\/uploads\/2024\/08\/ADL20365.01.png\" \/>\n\t<meta property=\"og:image:width\" content=\"800\" \/>\n\t<meta property=\"og:image:height\" content=\"800\" \/>\n\t<meta property=\"og:image:type\" content=\"image\/png\" \/>\n<meta name=\"twitter:label1\" content=\"Preis\" \/>\n\t<meta name=\"twitter:data1\" content=\"&euro;20,00\" \/>\n\t<meta name=\"twitter:label2\" content=\"Verf\u00fcgbarkeit\" \/>\n\t<meta name=\"twitter:data2\" content=\"Auf Lager\" \/>\n<script type=\"application\/ld+json\" class=\"yoast-schema-graph\">{\"@context\":\"https:\\\/\\\/schema.org\",\"@graph\":[{\"@type\":\"WebPage\",\"@id\":\"https:\\\/\\\/www.oudadl.testontwikkeling.nl\\\/product\\\/m-led-classic-markeringslamp-oranje\\\/\",\"url\":\"https:\\\/\\\/www.oudadl.testontwikkeling.nl\\\/product\\\/m-led-classic-markeringslamp-oranje\\\/\",\"name\":\"M-LED classic markeringslamp ORANJE - All Day Led - voor 12 & 24 Volt\",\"isPartOf\":{\"@id\":\"https:\\\/\\\/www.oudadl.testontwikkeling.nl\\\/#website\"},\"primaryImageOfPage\":{\"@id\":\"https:\\\/\\\/www.oudadl.testontwikkeling.nl\\\/product\\\/m-led-classic-markeringslamp-oranje\\\/#primaryimage\"},\"image\":{\"@id\":\"https:\\\/\\\/www.oudadl.testontwikkeling.nl\\\/product\\\/m-led-classic-markeringslamp-oranje\\\/#primaryimage\"},\"thumbnailUrl\":\"https:\\\/\\\/www.oudadl.testontwikkeling.nl\\\/wp-content\\\/uploads\\\/2024\\\/01\\\/ADL20365-1.png\",\"datePublished\":\"2024-01-12T10:20:49+00:00\",\"dateModified\":\"2025-11-30T09:49:56+00:00\",\"description\":\"M-LED classic markeringslamp ORANJE - voor auto, vrachtwagen, camper, aanhanger en meer - voor 12&24V - 3 LED punten - met reflector - ECE R148 + R150\",\"breadcrumb\":{\"@id\":\"https:\\\/\\\/www.oudadl.testontwikkeling.nl\\\/product\\\/m-led-classic-markeringslamp-oranje\\\/#breadcrumb\"},\"inLanguage\":\"de\",\"potentialAction\":[{\"@type\":\"ReadAction\",\"target\":[\"https:\\\/\\\/www.oudadl.testontwikkeling.nl\\\/product\\\/m-led-classic-markeringslamp-oranje\\\/\"]}]},{\"@type\":\"ImageObject\",\"inLanguage\":\"de\",\"@id\":\"https:\\\/\\\/www.oudadl.testontwikkeling.nl\\\/product\\\/m-led-classic-markeringslamp-oranje\\\/#primaryimage\",\"url\":\"https:\\\/\\\/www.oudadl.testontwikkeling.nl\\\/wp-content\\\/uploads\\\/2024\\\/01\\\/ADL20365-1.png\",\"contentUrl\":\"https:\\\/\\\/www.oudadl.testontwikkeling.nl\\\/wp-content\\\/uploads\\\/2024\\\/01\\\/ADL20365-1.png\",\"width\":800,\"height\":600,\"caption\":\"M-LED classic markeringslamp ORANJE - FULL LED bloklamp voor bijvoorbeeld een lichtlat of side skirt voor auto, bestelwagen, vrachtwagen en meer - met ECE R148 en ECE R150 keurmerk - markeringslamp voor 12 en 24 volt gebruik - vervangt Hella 2PS 004 361-001 en 2PS 002 727-001 - M-LED ZM365\"},{\"@type\":\"BreadcrumbList\",\"@id\":\"https:\\\/\\\/www.oudadl.testontwikkeling.nl\\\/product\\\/m-led-classic-markeringslamp-oranje\\\/#breadcrumb\",\"itemListElement\":[{\"@type\":\"ListItem\",\"position\":1,\"name\":\"Home\",\"item\":\"https:\\\/\\\/www.oudadl.testontwikkeling.nl\\\/\"},{\"@type\":\"ListItem\",\"position\":2,\"name\":\"Shop\",\"item\":\"https:\\\/\\\/www.oudadl.testontwikkeling.nl\\\/de\\\/shop\\\/\"},{\"@type\":\"ListItem\",\"position\":3,\"name\":\"Positielampen\",\"item\":\"https:\\\/\\\/www.oudadl.testontwikkeling.nl\\\/product-categorie\\\/positielampen\\\/\"},{\"@type\":\"ListItem\",\"position\":4,\"name\":\"Markeringslampen\",\"item\":\"https:\\\/\\\/www.oudadl.testontwikkeling.nl\\\/product-categorie\\\/positielampen\\\/markeringslampen\\\/\"},{\"@type\":\"ListItem\",\"position\":5,\"name\":\"M-LED classic markeringslamp ORANJE\"}]},{\"@type\":\"WebSite\",\"@id\":\"https:\\\/\\\/www.oudadl.testontwikkeling.nl\\\/#website\",\"url\":\"https:\\\/\\\/www.oudadl.testontwikkeling.nl\\\/\",\"name\":\"All Day Led\",\"description\":\"\",\"publisher\":{\"@id\":\"https:\\\/\\\/www.oudadl.testontwikkeling.nl\\\/#organization\"},\"potentialAction\":[{\"@type\":\"SearchAction\",\"target\":{\"@type\":\"EntryPoint\",\"urlTemplate\":\"https:\\\/\\\/www.oudadl.testontwikkeling.nl\\\/?s={search_term_string}\"},\"query-input\":{\"@type\":\"PropertyValueSpecification\",\"valueRequired\":true,\"valueName\":\"search_term_string\"}}],\"inLanguage\":\"de\"},{\"@type\":\"Organization\",\"@id\":\"https:\\\/\\\/www.oudadl.testontwikkeling.nl\\\/#organization\",\"name\":\"All Day Led\",\"url\":\"https:\\\/\\\/www.oudadl.testontwikkeling.nl\\\/\",\"logo\":{\"@type\":\"ImageObject\",\"inLanguage\":\"de\",\"@id\":\"https:\\\/\\\/www.oudadl.testontwikkeling.nl\\\/#\\\/schema\\\/logo\\\/image\\\/\",\"url\":\"https:\\\/\\\/www.oudadl.testontwikkeling.nl\\\/wp-content\\\/uploads\\\/2022\\\/08\\\/Logo-ALL-DAY-LED-800x800-zwart-witte-letters.png\",\"contentUrl\":\"https:\\\/\\\/www.oudadl.testontwikkeling.nl\\\/wp-content\\\/uploads\\\/2022\\\/08\\\/Logo-ALL-DAY-LED-800x800-zwart-witte-letters.png\",\"width\":800,\"height\":800,\"caption\":\"All Day Led\"},\"image\":{\"@id\":\"https:\\\/\\\/www.oudadl.testontwikkeling.nl\\\/#\\\/schema\\\/logo\\\/image\\\/\"},\"sameAs\":[\"https:\\\/\\\/www.facebook.com\\\/alldayled\\\/\",\"https:\\\/\\\/www.instagram.com\\\/alldayled\\\/\"],\"vatID\":\"NL863960133B01\",\"taxID\":\"86416545\",\"hasMerchantReturnPolicy\":{\"@type\":\"MerchantReturnPolicy\",\"merchantReturnLink\":\"https:\\\/\\\/www.oudadl.testontwikkeling.nl\\\/de\\\/verzenden-retourneren\\\/\"}}]}<\/script>\n<meta property=\"product:brand\" content=\"M-LED\" \/>\n<meta property=\"product:price:amount\" content=\"20.00\" \/>\n<meta property=\"product:price:currency\" content=\"EUR\" \/>\n<meta property=\"og:availability\" content=\"instock\" \/>\n<meta property=\"product:availability\" content=\"instock\" \/>\n<meta property=\"product:retailer_item_id\" content=\"ADL20365\" \/>\n<meta property=\"product:condition\" content=\"new\" \/>\n<!-- \/ Yoast SEO Premium plugin. -->","yoast_head_json":{"title":"M-LED classic Begrenzungsleuchte ORANGE - All Day Led - f\u00fcr 12 &amp; 24 Volt","description":"M-LED classic Begrenzungsleuchte ORANGE \u2013 f\u00fcr PKW, LKW, Wohnmobil, Anh\u00e4nger und mehr \u2013 f\u00fcr 12&amp;24V \u2013 3 LED-Punkte \u2013 mit Reflektor \u2013 ECE R148 + R150","robots":{"index":"noindex","follow":"follow","max-snippet":"max-snippet:-1","max-image-preview":"max-image-preview:large","max-video-preview":"max-video-preview:-1"},"og_locale":"de_DE","og_type":"article","og_title":"M-LED classic markeringslamp ORANJE - All Day Led - voor 12 & 24 Volt","og_description":"M-LED classic markeringslamp ORANJE - voor auto, vrachtwagen, camper, aanhanger en meer - voor 12&24V - 3 LED punten - met reflector - ECE R148 + R150","og_url":"https:\/\/www.oudadl.testontwikkeling.nl\/de\/produkt\/m-led-classic-markeringslamp-oranje\/","og_site_name":"All Day Led","article_publisher":"https:\/\/www.facebook.com\/alldayled\/","article_modified_time":"2025-11-30T09:49:56+00:00","og_image":[{"width":800,"height":800,"url":"https:\/\/www.oudadl.testontwikkeling.nl\/wp-content\/uploads\/2024\/08\/ADL20365.01.png","type":"image\/png"}],"twitter_misc":{"Preis":"&euro;20,00","Verf\u00fcgbarkeit":"Auf Lager"},"schema":{"@context":"https:\/\/schema.org","@graph":[{"@type":"WebPage","@id":"https:\/\/www.oudadl.testontwikkeling.nl\/product\/m-led-classic-markeringslamp-oranje\/","url":"https:\/\/www.oudadl.testontwikkeling.nl\/product\/m-led-classic-markeringslamp-oranje\/","name":"M-LED classic Begrenzungsleuchte ORANGE - All Day Led - f\u00fcr 12 &amp; 24 Volt","isPartOf":{"@id":"https:\/\/www.oudadl.testontwikkeling.nl\/#website"},"primaryImageOfPage":{"@id":"https:\/\/www.oudadl.testontwikkeling.nl\/product\/m-led-classic-markeringslamp-oranje\/#primaryimage"},"image":{"@id":"https:\/\/www.oudadl.testontwikkeling.nl\/product\/m-led-classic-markeringslamp-oranje\/#primaryimage"},"thumbnailUrl":"https:\/\/www.oudadl.testontwikkeling.nl\/wp-content\/uploads\/2024\/01\/ADL20365-1.png","datePublished":"2024-01-12T10:20:49+00:00","dateModified":"2025-11-30T09:49:56+00:00","description":"M-LED classic Begrenzungsleuchte ORANGE \u2013 f\u00fcr PKW, LKW, Wohnmobil, Anh\u00e4nger und mehr \u2013 f\u00fcr 12&amp;24V \u2013 3 LED-Punkte \u2013 mit Reflektor \u2013 ECE R148 + R150","breadcrumb":{"@id":"https:\/\/www.oudadl.testontwikkeling.nl\/product\/m-led-classic-markeringslamp-oranje\/#breadcrumb"},"inLanguage":"de","potentialAction":[{"@type":"ReadAction","target":["https:\/\/www.oudadl.testontwikkeling.nl\/product\/m-led-classic-markeringslamp-oranje\/"]}]},{"@type":"ImageObject","inLanguage":"de","@id":"https:\/\/www.oudadl.testontwikkeling.nl\/product\/m-led-classic-markeringslamp-oranje\/#primaryimage","url":"https:\/\/www.oudadl.testontwikkeling.nl\/wp-content\/uploads\/2024\/01\/ADL20365-1.png","contentUrl":"https:\/\/www.oudadl.testontwikkeling.nl\/wp-content\/uploads\/2024\/01\/ADL20365-1.png","width":800,"height":600,"caption":"M-LED classic markeringslamp ORANJE - FULL LED bloklamp voor bijvoorbeeld een lichtlat of side skirt voor auto, bestelwagen, vrachtwagen en meer - met ECE R148 en ECE R150 keurmerk - markeringslamp voor 12 en 24 volt gebruik - vervangt Hella 2PS 004 361-001 en 2PS 002 727-001 - M-LED ZM365"},{"@type":"BreadcrumbList","@id":"https:\/\/www.oudadl.testontwikkeling.nl\/product\/m-led-classic-markeringslamp-oranje\/#breadcrumb","itemListElement":[{"@type":"ListItem","position":1,"name":"Home","item":"https:\/\/www.oudadl.testontwikkeling.nl\/"},{"@type":"ListItem","position":2,"name":"Shop","item":"https:\/\/www.oudadl.testontwikkeling.nl\/de\/shop\/"},{"@type":"ListItem","position":3,"name":"Positielampen","item":"https:\/\/www.oudadl.testontwikkeling.nl\/product-categorie\/positielampen\/"},{"@type":"ListItem","position":4,"name":"Markeringslampen","item":"https:\/\/www.oudadl.testontwikkeling.nl\/product-categorie\/positielampen\/markeringslampen\/"},{"@type":"ListItem","position":5,"name":"M-LED classic markeringslamp ORANJE"}]},{"@type":"WebSite","@id":"https:\/\/www.oudadl.testontwikkeling.nl\/#website","url":"https:\/\/www.oudadl.testontwikkeling.nl\/","name":"All Day Led","description":"","publisher":{"@id":"https:\/\/www.oudadl.testontwikkeling.nl\/#organization"},"potentialAction":[{"@type":"SearchAction","target":{"@type":"EntryPoint","urlTemplate":"https:\/\/www.oudadl.testontwikkeling.nl\/?s={search_term_string}"},"query-input":{"@type":"PropertyValueSpecification","valueRequired":true,"valueName":"search_term_string"}}],"inLanguage":"de"},{"@type":"Organization","@id":"https:\/\/www.oudadl.testontwikkeling.nl\/#organization","name":"All Day Led","url":"https:\/\/www.oudadl.testontwikkeling.nl\/","logo":{"@type":"ImageObject","inLanguage":"de","@id":"https:\/\/www.oudadl.testontwikkeling.nl\/#\/schema\/logo\/image\/","url":"https:\/\/www.oudadl.testontwikkeling.nl\/wp-content\/uploads\/2022\/08\/Logo-ALL-DAY-LED-800x800-zwart-witte-letters.png","contentUrl":"https:\/\/www.oudadl.testontwikkeling.nl\/wp-content\/uploads\/2022\/08\/Logo-ALL-DAY-LED-800x800-zwart-witte-letters.png","width":800,"height":800,"caption":"All Day Led"},"image":{"@id":"https:\/\/www.oudadl.testontwikkeling.nl\/#\/schema\/logo\/image\/"},"sameAs":["https:\/\/www.facebook.com\/alldayled\/","https:\/\/www.instagram.com\/alldayled\/"],"vatID":"NL863960133B01","taxID":"86416545","hasMerchantReturnPolicy":{"@type":"MerchantReturnPolicy","merchantReturnLink":"https:\/\/www.oudadl.testontwikkeling.nl\/de\/verzenden-retourneren\/"}}]},"product_brand":"M-LED","product_price_amount":"20.00","product_price_currency":"EUR","og_availability":"instock","product_availability":"instock","product_retailer_item_id":"ADL20365","product_condition":"new"},"_links":{"self":[{"href":"https:\/\/www.oudadl.testontwikkeling.nl\/de\/wp-json\/wp\/v2\/product\/42562","targetHints":{"allow":["GET"]}}],"collection":[{"href":"https:\/\/www.oudadl.testontwikkeling.nl\/de\/wp-json\/wp\/v2\/product"}],"about":[{"href":"https:\/\/www.oudadl.testontwikkeling.nl\/de\/wp-json\/wp\/v2\/types\/product"}],"replies":[{"embeddable":true,"href":"https:\/\/www.oudadl.testontwikkeling.nl\/de\/wp-json\/wp\/v2\/comments?post=42562"}],"wp:featuredmedia":[{"embeddable":true,"href":"https:\/\/www.oudadl.testontwikkeling.nl\/de\/wp-json\/wp\/v2\/media\/44865"}],"wp:attachment":[{"href":"https:\/\/www.oudadl.testontwikkeling.nl\/de\/wp-json\/wp\/v2\/media?parent=42562"}],"wp:term":[{"taxonomy":"product_brand","embeddable":true,"href":"https:\/\/www.oudadl.testontwikkeling.nl\/de\/wp-json\/wp\/v2\/product_brand?post=42562"},{"taxonomy":"product_cat","embeddable":true,"href":"https:\/\/www.oudadl.testontwikkeling.nl\/de\/wp-json\/wp\/v2\/product_cat?post=42562"},{"taxonomy":"product_tag","embeddable":true,"href":"https:\/\/www.oudadl.testontwikkeling.nl\/de\/wp-json\/wp\/v2\/product_tag?post=42562"}],"curies":[{"name":"wp","href":"https:\/\/api.w.org\/{rel}","templated":true}]}}