{"id":42264,"date":"2024-03-04T11:30:15","date_gmt":"2024-03-04T10:30:15","guid":{"rendered":"https:\/\/www.oudadl.testontwikkeling.nl\/?post_type=product&#038;p=42264"},"modified":"2025-11-20T15:21:19","modified_gmt":"2025-11-20T14:21:19","slug":"m-led-dubbelbrander-smoke","status":"publish","type":"product","link":"https:\/\/www.oudadl.testontwikkeling.nl\/de\/product\/m-led-dubbelbrander-smoke\/","title":{"rendered":"M-LED Doppelbrenner SMOKE"},"content":{"rendered":"<p><span style=\"color: #000000\"><strong>M-LED Doppelbrenner SMOKE mit dual color Standlicht und Blitz.\u00a0<\/strong><\/span><\/p>\n<p><span style=\"color: #000000\">Suchen Sie einen LED Doppelbrenner? Und m\u00f6chten Sie auch die Farbe ORANGE-WEISS \u00e4ndern k\u00f6nnen, aber braucht es dazu auch ein Flash-Modul? Dann k\u00f6nnte der Doppelbrenner M-LED mit Warnlampe genau das Richtige f\u00fcr Sie sein. Die Markierungsleuchte ist mit 4 LED-Punkten ausgestattet und verf\u00fcgt \u00fcber eine integrierte Strobo-Funktion. Die Blitzfunktion verf\u00fcgt \u00fcber 20 Muster und ist mit anderen synchronisierbar. Der Doppelbrenner M-LED arbeitet mit 12 und 24 Volt. Das bedeutet, dass Sie die LED-Lampe an Ihrem Auto, Wohnmobil, LKW, Anh\u00e4nger oder einem anderen Fahrzeugtyp montieren k\u00f6nnen.\u00a0<\/span><\/p>\n<p><span style=\"color: #000000\">Damit der M-LED Doppelbrenner SMOKE mit 2 Lichtfarben f\u00fcr Ihr Fahrzeug oder Ihren Anh\u00e4nger geeignet ist. Nachfolgend haben wir eine Reihe von Merkmalen dieser LED-Lampe aufgelistet. Der Doppelbrenner mit orangefarbener Linse ist unter anderem mit ECE R10 ausgestattet. Der WEISS-ORANGE LED Doppelbrenner ist au\u00dferdem mit dem ECE-R65- und ECE-R148-G\u00fctezeichen versehen. Diese G\u00fctezeichen weisen darauf hin, dass Sie die Leuchte als Markierungsleuchte und Signalleuchte verwenden d\u00fcrfen. Dar\u00fcber hinaus wird die Lampe mit einem 2 Meter langen Anschlusskabel geliefert, um die Installation zu erleichtern.\u00a0<\/span><\/p>\n<h5><span style=\"color: #000000\"><strong>Abmessungen:<\/strong><\/span><\/h5>\n<p><span style=\"color: #000000\">Denn vor dem Kauf m\u00f6chten Sie sicher sein, dass Sie die Lampe dort montieren k\u00f6nnen, wo Sie m\u00f6chten. Nachfolgend haben wir die Abmessungen der LED-Lampe notiert. Die Abmessungen des M-LED Doppelbrenners SMOKE mit Warnleuchte sind wie folgt.<\/span><\/p>\n<ul>\n<li><span style=\"color: #000000\">Breite: 125 mm<\/span><\/li>\n<li><span style=\"color: #000000\">H\u00f6he: 54 mm<\/span><\/li>\n<li><span style=\"color: #000000\">Dicke: 33 mm<\/span><\/li>\n<\/ul>\n<h5><span style=\"color: #000000\"><strong>Andere Farben:<\/strong><\/span><\/h5>\n<p><span style=\"color: #000000\">Sie suchen einen M-LED Doppelbrenner, m\u00f6chten aber nicht die SMOKE-Version kaufen? Dann wissen Sie, dass der vollwertige Doppelbrenner LED mit Warnleuchte auch in folgenden Ausf\u00fchrungen erh\u00e4ltlich ist:\u00a0<\/span><\/p>\n<ul>\n<li><span style=\"color: #000000\"><a style=\"color: #000000\" href=\"https:\/\/www.oudadl.testontwikkeling.nl\/de\/produkt\/m-led-dubbelbrander-helder\/\" target=\"_blank\" rel=\"noopener\"><strong>Doppelbrenner KLAR\u00a0<\/strong><\/a><\/span><\/li>\n<li><span style=\"color: #000000\"><a style=\"color: #000000\" href=\"https:\/\/www.oudadl.testontwikkeling.nl\/de\/produkt\/m-led-dubbelbrander-oranje\/\" target=\"_blank\" rel=\"noopener\"><strong>Doppelbrenner ORANGE\u00a0<\/strong><\/a><\/span><\/li>\n<\/ul>\n<p><span style=\"color: #000000\">Sind Sie immer noch der Meinung, dass der M-LED Doppelbrenner SMOKE nicht das ist, was Sie suchen? Einfach weil Ihnen die Farbe oder die Spannung nicht gef\u00e4llt? Schauen Sie sich unbedingt unsere Seite an <a style=\"color: #000000\" href=\"https:\/\/www.oudadl.testontwikkeling.nl\/de\/produkt-kategorie\/andere-produkte\/dubbelbranders\/\">Doppelbrenner<\/a>. Vielleicht finden Sie hier das von Ihnen gesuchte Lampenmodell.\u00a0<\/span><\/p>","protected":false},"excerpt":{"rendered":"<p>M-LED dubbelbrander SMOKE met dual color standlicht en flitser.\u00a0 Bent u opzoek naar een LED dubbelbrander? En wilt u deze ook van kleur kunnen wisselen ORANJE-WIT maar moet er ook een flits module in zitten? Dan is de M-LED dubbelbrander met waarschuwingslamp wellicht d\u00e9 lamp waar u naar opzoek bent. De markeringslamp is voorzien van [&hellip;]<\/p>\n","protected":false},"featured_media":42332,"comment_status":"open","ping_status":"closed","template":"","meta":{"_acf_changed":false,"site-sidebar-layout":"default","site-content-layout":"default","ast-site-content-layout":"default","site-content-style":"default","site-sidebar-style":"default","ast-global-header-display":"","ast-banner-title-visibility":"","ast-main-header-display":"","ast-hfb-above-header-display":"","ast-hfb-below-header-display":"","ast-hfb-mobile-header-display":"","site-post-title":"","ast-breadcrumbs-content":"","ast-featured-img":"","footer-sml-layout":"","ast-disable-related-posts":"","theme-transparent-header-meta":"default","adv-header-id-meta":"","stick-header-meta":"","header-above-stick-meta":"","header-main-stick-meta":"","header-below-stick-meta":"","astra-migrate-meta-layouts":"set","ast-page-background-enabled":"default","ast-page-background-meta":{"desktop":{"background-color":"","background-image":"","background-repeat":"repeat","background-position":"center center","background-size":"auto","background-attachment":"scroll","background-type":"","background-media":"","overlay-type":"","overlay-color":"","overlay-opacity":"","overlay-gradient":""},"tablet":{"background-color":"","background-image":"","background-repeat":"repeat","background-position":"center center","background-size":"auto","background-attachment":"scroll","background-type":"","background-media":"","overlay-type":"","overlay-color":"","overlay-opacity":"","overlay-gradient":""},"mobile":{"background-color":"","background-image":"","background-repeat":"repeat","background-position":"center center","background-size":"auto","background-attachment":"scroll","background-type":"","background-media":"","overlay-type":"","overlay-color":"","overlay-opacity":"","overlay-gradient":""}},"ast-content-background-meta":{"desktop":{"background-color":"var(--ast-global-color-5)","background-image":"","background-repeat":"repeat","background-position":"center center","background-size":"auto","background-attachment":"scroll","background-type":"","background-media":"","overlay-type":"","overlay-color":"","overlay-opacity":"","overlay-gradient":""},"tablet":{"background-color":"var(--ast-global-color-5)","background-image":"","background-repeat":"repeat","background-position":"center center","background-size":"auto","background-attachment":"scroll","background-type":"","background-media":"","overlay-type":"","overlay-color":"","overlay-opacity":"","overlay-gradient":""},"mobile":{"background-color":"var(--ast-global-color-5)","background-image":"","background-repeat":"repeat","background-position":"center center","background-size":"auto","background-attachment":"scroll","background-type":"","background-media":"","overlay-type":"","overlay-color":"","overlay-opacity":"","overlay-gradient":""}}},"product_brand":[],"product_cat":[273],"product_tag":[274,6424,6423],"class_list":{"0":"post-42264","1":"product","2":"type-product","3":"status-publish","4":"has-post-thumbnail","6":"product_cat-dubbelbranders","7":"product_tag-dubbelbrander","8":"product_tag-dubbelbrander-trailer","9":"product_tag-dubbelbrander-vrachtwagen","10":"pa_merkk-product-m-led","11":"desktop-align-left","12":"tablet-align-left","13":"mobile-align-left","15":"first","16":"instock","17":"taxable","18":"shipping-taxable","19":"purchasable","20":"product-type-simple"},"acf":[],"yoast_head":"<!-- This site is optimized with the Yoast SEO Premium plugin v25.9 (Yoast SEO v27.6) - https:\/\/yoast.com\/product\/yoast-seo-premium-wordpress\/ -->\n<title>M-LED dubbelbrander SMOKE met flitslamp - All Day Led - voor 12 &amp; 24 Volt<\/title>\n<meta name=\"description\" content=\"M-LED dubbelbrander SMOKE - voor auto, vrachtwagen, camper, aanhanger en meer - met ECE R65 + ECE R148 - ORANJE \/ WIT LED en flitser - voor 12&amp;24V\" \/>\n<meta name=\"robots\" content=\"noindex, follow, max-snippet:-1, max-image-preview:large, max-video-preview:-1\" \/>\n<meta property=\"og:locale\" content=\"de_DE\" \/>\n<meta property=\"og:type\" content=\"article\" \/>\n<meta property=\"og:title\" content=\"M-LED dubbelbrander SMOKE met flitslamp - All Day Led - voor 12 &amp; 24 Volt\" \/>\n<meta property=\"og:description\" content=\"M-LED dubbelbrander SMOKE - voor auto, vrachtwagen, camper, aanhanger en meer - met ECE R65 + ECE R148 - ORANJE \/ WIT LED en flitser - voor 12&amp;24V\" \/>\n<meta property=\"og:url\" content=\"https:\/\/www.oudadl.testontwikkeling.nl\/de\/produkt\/m-led-dubbelbrander-smoke\/\" \/>\n<meta property=\"og:site_name\" content=\"All Day Led\" \/>\n<meta property=\"article:publisher\" content=\"https:\/\/www.facebook.com\/alldayled\/\" \/>\n<meta property=\"article:modified_time\" content=\"2025-11-20T14:21:19+00:00\" \/>\n<meta property=\"og:image\" content=\"https:\/\/www.oudadl.testontwikkeling.nl\/wp-content\/uploads\/2024\/06\/ADL20340.png\" \/>\n\t<meta property=\"og:image:width\" content=\"800\" \/>\n\t<meta property=\"og:image:height\" content=\"800\" \/>\n\t<meta property=\"og:image:type\" content=\"image\/png\" \/>\n<meta name=\"twitter:label1\" content=\"Preis\" \/>\n\t<meta name=\"twitter:data1\" content=\"&euro;49,95\" \/>\n\t<meta name=\"twitter:label2\" content=\"Verf\u00fcgbarkeit\" \/>\n\t<meta name=\"twitter:data2\" content=\"Auf Lager\" \/>\n<script type=\"application\/ld+json\" class=\"yoast-schema-graph\">{\"@context\":\"https:\\\/\\\/schema.org\",\"@graph\":[{\"@type\":\"WebPage\",\"@id\":\"https:\\\/\\\/www.oudadl.testontwikkeling.nl\\\/product\\\/m-led-dubbelbrander-smoke\\\/\",\"url\":\"https:\\\/\\\/www.oudadl.testontwikkeling.nl\\\/product\\\/m-led-dubbelbrander-smoke\\\/\",\"name\":\"M-LED dubbelbrander SMOKE met flitslamp - All Day Led - voor 12 & 24 Volt\",\"isPartOf\":{\"@id\":\"https:\\\/\\\/www.oudadl.testontwikkeling.nl\\\/#website\"},\"primaryImageOfPage\":{\"@id\":\"https:\\\/\\\/www.oudadl.testontwikkeling.nl\\\/product\\\/m-led-dubbelbrander-smoke\\\/#primaryimage\"},\"image\":{\"@id\":\"https:\\\/\\\/www.oudadl.testontwikkeling.nl\\\/product\\\/m-led-dubbelbrander-smoke\\\/#primaryimage\"},\"thumbnailUrl\":\"https:\\\/\\\/www.oudadl.testontwikkeling.nl\\\/wp-content\\\/uploads\\\/2024\\\/01\\\/ADL20340.png\",\"datePublished\":\"2024-03-04T10:30:15+00:00\",\"dateModified\":\"2025-11-20T14:21:19+00:00\",\"description\":\"M-LED dubbelbrander SMOKE - voor auto, vrachtwagen, camper, aanhanger en meer - met ECE R65 + ECE R148 - ORANJE \\\/ WIT LED en flitser - voor 12&24V\",\"breadcrumb\":{\"@id\":\"https:\\\/\\\/www.oudadl.testontwikkeling.nl\\\/product\\\/m-led-dubbelbrander-smoke\\\/#breadcrumb\"},\"inLanguage\":\"de\",\"potentialAction\":[{\"@type\":\"ReadAction\",\"target\":[\"https:\\\/\\\/www.oudadl.testontwikkeling.nl\\\/product\\\/m-led-dubbelbrander-smoke\\\/\"]}]},{\"@type\":\"ImageObject\",\"inLanguage\":\"de\",\"@id\":\"https:\\\/\\\/www.oudadl.testontwikkeling.nl\\\/product\\\/m-led-dubbelbrander-smoke\\\/#primaryimage\",\"url\":\"https:\\\/\\\/www.oudadl.testontwikkeling.nl\\\/wp-content\\\/uploads\\\/2024\\\/01\\\/ADL20340.png\",\"contentUrl\":\"https:\\\/\\\/www.oudadl.testontwikkeling.nl\\\/wp-content\\\/uploads\\\/2024\\\/01\\\/ADL20340.png\",\"width\":800,\"height\":600,\"caption\":\"M-LED dubbelbrander SMOKE - FULL LED dubbelbrander met ORANJE - WIT licht die het ECE R148 en ECE R65 keurmerk draagt - dubbelbrander met LED flitser voor 12 en 24 volt gebruik - M-LED ZM340\"},{\"@type\":\"BreadcrumbList\",\"@id\":\"https:\\\/\\\/www.oudadl.testontwikkeling.nl\\\/product\\\/m-led-dubbelbrander-smoke\\\/#breadcrumb\",\"itemListElement\":[{\"@type\":\"ListItem\",\"position\":1,\"name\":\"Home\",\"item\":\"https:\\\/\\\/www.oudadl.testontwikkeling.nl\\\/\"},{\"@type\":\"ListItem\",\"position\":2,\"name\":\"Shop\",\"item\":\"https:\\\/\\\/www.oudadl.testontwikkeling.nl\\\/de\\\/shop\\\/\"},{\"@type\":\"ListItem\",\"position\":3,\"name\":\"Overige\",\"item\":\"https:\\\/\\\/www.oudadl.testontwikkeling.nl\\\/product-categorie\\\/overige-producten\\\/\"},{\"@type\":\"ListItem\",\"position\":4,\"name\":\"Dubbelbranders\",\"item\":\"https:\\\/\\\/www.oudadl.testontwikkeling.nl\\\/product-categorie\\\/overige-producten\\\/dubbelbranders\\\/\"},{\"@type\":\"ListItem\",\"position\":5,\"name\":\"M-LED dubbelbrander SMOKE\"}]},{\"@type\":\"WebSite\",\"@id\":\"https:\\\/\\\/www.oudadl.testontwikkeling.nl\\\/#website\",\"url\":\"https:\\\/\\\/www.oudadl.testontwikkeling.nl\\\/\",\"name\":\"All Day Led\",\"description\":\"\",\"publisher\":{\"@id\":\"https:\\\/\\\/www.oudadl.testontwikkeling.nl\\\/#organization\"},\"potentialAction\":[{\"@type\":\"SearchAction\",\"target\":{\"@type\":\"EntryPoint\",\"urlTemplate\":\"https:\\\/\\\/www.oudadl.testontwikkeling.nl\\\/?s={search_term_string}\"},\"query-input\":{\"@type\":\"PropertyValueSpecification\",\"valueRequired\":true,\"valueName\":\"search_term_string\"}}],\"inLanguage\":\"de\"},{\"@type\":\"Organization\",\"@id\":\"https:\\\/\\\/www.oudadl.testontwikkeling.nl\\\/#organization\",\"name\":\"All Day Led\",\"url\":\"https:\\\/\\\/www.oudadl.testontwikkeling.nl\\\/\",\"logo\":{\"@type\":\"ImageObject\",\"inLanguage\":\"de\",\"@id\":\"https:\\\/\\\/www.oudadl.testontwikkeling.nl\\\/#\\\/schema\\\/logo\\\/image\\\/\",\"url\":\"https:\\\/\\\/www.oudadl.testontwikkeling.nl\\\/wp-content\\\/uploads\\\/2022\\\/08\\\/Logo-ALL-DAY-LED-800x800-zwart-witte-letters.png\",\"contentUrl\":\"https:\\\/\\\/www.oudadl.testontwikkeling.nl\\\/wp-content\\\/uploads\\\/2022\\\/08\\\/Logo-ALL-DAY-LED-800x800-zwart-witte-letters.png\",\"width\":800,\"height\":800,\"caption\":\"All Day Led\"},\"image\":{\"@id\":\"https:\\\/\\\/www.oudadl.testontwikkeling.nl\\\/#\\\/schema\\\/logo\\\/image\\\/\"},\"sameAs\":[\"https:\\\/\\\/www.facebook.com\\\/alldayled\\\/\",\"https:\\\/\\\/www.instagram.com\\\/alldayled\\\/\"],\"vatID\":\"NL863960133B01\",\"taxID\":\"86416545\",\"hasMerchantReturnPolicy\":{\"@type\":\"MerchantReturnPolicy\",\"merchantReturnLink\":\"https:\\\/\\\/www.oudadl.testontwikkeling.nl\\\/de\\\/verzenden-retourneren\\\/\"}}]}<\/script>\n<meta property=\"product:brand\" content=\"M-LED\" \/>\n<meta property=\"product:price:amount\" content=\"49.95\" \/>\n<meta property=\"product:price:currency\" content=\"EUR\" \/>\n<meta property=\"og:availability\" content=\"instock\" \/>\n<meta property=\"product:availability\" content=\"instock\" \/>\n<meta property=\"product:retailer_item_id\" content=\"ADL20340\" \/>\n<meta property=\"product:condition\" content=\"new\" \/>\n<!-- \/ Yoast SEO Premium plugin. -->","yoast_head_json":{"title":"M-LED Doppelbrenner SMOKE mit Blitzlampe - All Day Led - f\u00fcr 12 &amp; 24 Volt","description":"M-LED Doppelbrenner SMOKE \u2013 f\u00fcr PKW, LKW, Wohnmobil, Anh\u00e4nger und mehr \u2013 mit ECE R65 + ECE R148 \u2013 ORANGE\/WEISS LED und Blitz \u2013 f\u00fcr 12&amp;24V","robots":{"index":"noindex","follow":"follow","max-snippet":"max-snippet:-1","max-image-preview":"max-image-preview:large","max-video-preview":"max-video-preview:-1"},"og_locale":"de_DE","og_type":"article","og_title":"M-LED dubbelbrander SMOKE met flitslamp - All Day Led - voor 12 & 24 Volt","og_description":"M-LED dubbelbrander SMOKE - voor auto, vrachtwagen, camper, aanhanger en meer - met ECE R65 + ECE R148 - ORANJE \/ WIT LED en flitser - voor 12&24V","og_url":"https:\/\/www.oudadl.testontwikkeling.nl\/de\/produkt\/m-led-dubbelbrander-smoke\/","og_site_name":"All Day Led","article_publisher":"https:\/\/www.facebook.com\/alldayled\/","article_modified_time":"2025-11-20T14:21:19+00:00","og_image":[{"width":800,"height":800,"url":"https:\/\/www.oudadl.testontwikkeling.nl\/wp-content\/uploads\/2024\/06\/ADL20340.png","type":"image\/png"}],"twitter_misc":{"Preis":"&euro;49,95","Verf\u00fcgbarkeit":"Auf Lager"},"schema":{"@context":"https:\/\/schema.org","@graph":[{"@type":"WebPage","@id":"https:\/\/www.oudadl.testontwikkeling.nl\/product\/m-led-dubbelbrander-smoke\/","url":"https:\/\/www.oudadl.testontwikkeling.nl\/product\/m-led-dubbelbrander-smoke\/","name":"M-LED Doppelbrenner SMOKE mit Blitzlampe - All Day Led - f\u00fcr 12 &amp; 24 Volt","isPartOf":{"@id":"https:\/\/www.oudadl.testontwikkeling.nl\/#website"},"primaryImageOfPage":{"@id":"https:\/\/www.oudadl.testontwikkeling.nl\/product\/m-led-dubbelbrander-smoke\/#primaryimage"},"image":{"@id":"https:\/\/www.oudadl.testontwikkeling.nl\/product\/m-led-dubbelbrander-smoke\/#primaryimage"},"thumbnailUrl":"https:\/\/www.oudadl.testontwikkeling.nl\/wp-content\/uploads\/2024\/01\/ADL20340.png","datePublished":"2024-03-04T10:30:15+00:00","dateModified":"2025-11-20T14:21:19+00:00","description":"M-LED Doppelbrenner SMOKE \u2013 f\u00fcr PKW, LKW, Wohnmobil, Anh\u00e4nger und mehr \u2013 mit ECE R65 + ECE R148 \u2013 ORANGE\/WEISS LED und Blitz \u2013 f\u00fcr 12&amp;24V","breadcrumb":{"@id":"https:\/\/www.oudadl.testontwikkeling.nl\/product\/m-led-dubbelbrander-smoke\/#breadcrumb"},"inLanguage":"de","potentialAction":[{"@type":"ReadAction","target":["https:\/\/www.oudadl.testontwikkeling.nl\/product\/m-led-dubbelbrander-smoke\/"]}]},{"@type":"ImageObject","inLanguage":"de","@id":"https:\/\/www.oudadl.testontwikkeling.nl\/product\/m-led-dubbelbrander-smoke\/#primaryimage","url":"https:\/\/www.oudadl.testontwikkeling.nl\/wp-content\/uploads\/2024\/01\/ADL20340.png","contentUrl":"https:\/\/www.oudadl.testontwikkeling.nl\/wp-content\/uploads\/2024\/01\/ADL20340.png","width":800,"height":600,"caption":"M-LED dubbelbrander SMOKE - FULL LED dubbelbrander met ORANJE - WIT licht die het ECE R148 en ECE R65 keurmerk draagt - dubbelbrander met LED flitser voor 12 en 24 volt gebruik - M-LED ZM340"},{"@type":"BreadcrumbList","@id":"https:\/\/www.oudadl.testontwikkeling.nl\/product\/m-led-dubbelbrander-smoke\/#breadcrumb","itemListElement":[{"@type":"ListItem","position":1,"name":"Home","item":"https:\/\/www.oudadl.testontwikkeling.nl\/"},{"@type":"ListItem","position":2,"name":"Shop","item":"https:\/\/www.oudadl.testontwikkeling.nl\/de\/shop\/"},{"@type":"ListItem","position":3,"name":"Overige","item":"https:\/\/www.oudadl.testontwikkeling.nl\/product-categorie\/overige-producten\/"},{"@type":"ListItem","position":4,"name":"Dubbelbranders","item":"https:\/\/www.oudadl.testontwikkeling.nl\/product-categorie\/overige-producten\/dubbelbranders\/"},{"@type":"ListItem","position":5,"name":"M-LED dubbelbrander SMOKE"}]},{"@type":"WebSite","@id":"https:\/\/www.oudadl.testontwikkeling.nl\/#website","url":"https:\/\/www.oudadl.testontwikkeling.nl\/","name":"All Day Led","description":"","publisher":{"@id":"https:\/\/www.oudadl.testontwikkeling.nl\/#organization"},"potentialAction":[{"@type":"SearchAction","target":{"@type":"EntryPoint","urlTemplate":"https:\/\/www.oudadl.testontwikkeling.nl\/?s={search_term_string}"},"query-input":{"@type":"PropertyValueSpecification","valueRequired":true,"valueName":"search_term_string"}}],"inLanguage":"de"},{"@type":"Organization","@id":"https:\/\/www.oudadl.testontwikkeling.nl\/#organization","name":"All Day Led","url":"https:\/\/www.oudadl.testontwikkeling.nl\/","logo":{"@type":"ImageObject","inLanguage":"de","@id":"https:\/\/www.oudadl.testontwikkeling.nl\/#\/schema\/logo\/image\/","url":"https:\/\/www.oudadl.testontwikkeling.nl\/wp-content\/uploads\/2022\/08\/Logo-ALL-DAY-LED-800x800-zwart-witte-letters.png","contentUrl":"https:\/\/www.oudadl.testontwikkeling.nl\/wp-content\/uploads\/2022\/08\/Logo-ALL-DAY-LED-800x800-zwart-witte-letters.png","width":800,"height":800,"caption":"All Day Led"},"image":{"@id":"https:\/\/www.oudadl.testontwikkeling.nl\/#\/schema\/logo\/image\/"},"sameAs":["https:\/\/www.facebook.com\/alldayled\/","https:\/\/www.instagram.com\/alldayled\/"],"vatID":"NL863960133B01","taxID":"86416545","hasMerchantReturnPolicy":{"@type":"MerchantReturnPolicy","merchantReturnLink":"https:\/\/www.oudadl.testontwikkeling.nl\/de\/verzenden-retourneren\/"}}]},"product_brand":"M-LED","product_price_amount":"49.95","product_price_currency":"EUR","og_availability":"instock","product_availability":"instock","product_retailer_item_id":"ADL20340","product_condition":"new"},"_links":{"self":[{"href":"https:\/\/www.oudadl.testontwikkeling.nl\/de\/wp-json\/wp\/v2\/product\/42264","targetHints":{"allow":["GET"]}}],"collection":[{"href":"https:\/\/www.oudadl.testontwikkeling.nl\/de\/wp-json\/wp\/v2\/product"}],"about":[{"href":"https:\/\/www.oudadl.testontwikkeling.nl\/de\/wp-json\/wp\/v2\/types\/product"}],"replies":[{"embeddable":true,"href":"https:\/\/www.oudadl.testontwikkeling.nl\/de\/wp-json\/wp\/v2\/comments?post=42264"}],"wp:featuredmedia":[{"embeddable":true,"href":"https:\/\/www.oudadl.testontwikkeling.nl\/de\/wp-json\/wp\/v2\/media\/42332"}],"wp:attachment":[{"href":"https:\/\/www.oudadl.testontwikkeling.nl\/de\/wp-json\/wp\/v2\/media?parent=42264"}],"wp:term":[{"taxonomy":"product_brand","embeddable":true,"href":"https:\/\/www.oudadl.testontwikkeling.nl\/de\/wp-json\/wp\/v2\/product_brand?post=42264"},{"taxonomy":"product_cat","embeddable":true,"href":"https:\/\/www.oudadl.testontwikkeling.nl\/de\/wp-json\/wp\/v2\/product_cat?post=42264"},{"taxonomy":"product_tag","embeddable":true,"href":"https:\/\/www.oudadl.testontwikkeling.nl\/de\/wp-json\/wp\/v2\/product_tag?post=42264"}],"curies":[{"name":"wp","href":"https:\/\/api.w.org\/{rel}","templated":true}]}}