{"id":40554,"date":"2023-11-16T08:33:57","date_gmt":"2023-11-16T07:33:57","guid":{"rendered":"https:\/\/www.oudadl.testontwikkeling.nl\/?post_type=product&#038;p=40554"},"modified":"2025-11-14T12:49:45","modified_gmt":"2025-11-14T11:49:45","slug":"was-w189-markeringslamp-wit","status":"publish","type":"product","link":"https:\/\/www.oudadl.testontwikkeling.nl\/de\/product\/was-w189-markeringslamp-wit\/","title":{"rendered":"WA\u015a W189 Begrenzungsleuchte wei\u00df"},"content":{"rendered":"<p><span style=\"color: #000000;\"><strong>WA\u015a W189 Begrenzungsleuchte wei\u00df.<\/strong><\/span><\/p>\n<p><span style=\"color: #000000;\">Suchen Sie eine gute LED Begrenzungsleuchte mit eingebautem Reflektor? Dann k\u00f6nnte die wei\u00dfe Markierungsleuchte LED der Marke WA\u015a die Lampe sein, die Sie suchen. Die wei\u00df leuchtende Umrissleuchte ist mit 4 LED-Punkten ausgestattet und spendet daher einen sch\u00f6nen Glanz. Die WA\u015a W189 LED Begrenzungsleuchte wei\u00df funktioniert mit 12 und 24 Volt. Dadurch k\u00f6nnen Sie die LED-Lampe an verschiedenen Fahrzeugen anbringen. Sie k\u00f6nnen die Markierungsleuchte LED beispielsweise an einem Auto, LKW, Wohnmobil oder einem anderen Fahrzeugtyp montieren.\u00a0<\/span><\/p>\n<p><span style=\"color: #000000;\">Damit die WA\u015a W189 LED Begrenzungsleuchte wei\u00df f\u00fcr Ihr Fahrzeug oder Ihren Anh\u00e4nger geeignet ist. Nachfolgend haben wir einige Spezifikationen aufgeschrieben. All dies, um Ihnen klar zu machen, warum dies m\u00f6glicherweise die LED-Lampe ist, nach der Sie suchen. Die Markierungsleuchte LED verf\u00fcgt unter anderem \u00fcber das ECE R10-G\u00fctezeichen. Dieses G\u00fctesiegel bedeutet, dass die Lampe beim Einschalten keine St\u00f6rungen, beispielsweise bei Ihrem Funksignal, verursacht. Die wei\u00dfe Markierungsleuchte LED von WA\u015a verf\u00fcgt au\u00dferdem \u00fcber das ECE R3- und R7-G\u00fctezeichen. Die G\u00fctezeichen weisen darauf hin, dass Sie die Lampe LED mit Reflektor als Markierungslampe verwenden d\u00fcrfen.\u00a0<\/span><\/p>\n<h5><span style=\"color: #000000;\"><strong>Abmessungen:<\/strong><\/span><\/h5>\n<p><span style=\"color: #000000;\">Denn vor dem Kauf m\u00f6chten Sie sicher sein, dass Sie die Lampe dort montieren k\u00f6nnen, wo Sie m\u00f6chten. Nachfolgend haben wir die Abmessungen der LED-Umrissleuchte notiert. Die Abmessungen der Markierungsleuchte WA\u015a W189 LED wei\u00df mit klarem Glas sind wie folgt.<\/span><\/p>\n<ul>\n<li><span style=\"color: #000000;\">L\u00e4nge: 110 mm (inkl. Befestigungsgummi)<\/span><\/li>\n<li><span style=\"color: #000000;\">H\u00f6he: 30 mm<\/span><\/li>\n<li><span style=\"color: #000000;\">Dicke: 12 mm<\/span><\/li>\n<li><span style=\"color: #000000;\">HH: 83 mm<\/span><\/li>\n<\/ul>\n<h5><span style=\"color: #000000;\"><strong>Andere Farben:<\/strong><\/span><\/h5>\n<p><span style=\"color: #000000;\">M\u00f6chten Sie eine Umrissleuchte der Marke WA\u015a kaufen? Aber ist die Markierungsleuchte WA\u015a W189 WEISS nicht die Farbe, die Sie suchen? Dann wissen Sie, dass dieses Modell von WA\u015a auch in den folgenden Farben erh\u00e4ltlich ist:<\/span><\/p>\n<ul>\n<li><span style=\"color: #000000;\"><a style=\"color: #000000;\" href=\"https:\/\/www.oudadl.testontwikkeling.nl\/de\/produkt\/was-w189-markeringslamp-oranje\/\" target=\"_blank\" rel=\"noopener\"><strong>W189 Begrenzungsleuchte ORANGE<\/strong><\/a><\/span><\/li>\n<li><span style=\"color: #000000;\"><a style=\"color: #000000;\" href=\"https:\/\/www.oudadl.testontwikkeling.nl\/de\/produkt\/was-w189-markeringslamp-rood\/\" target=\"_blank\" rel=\"noopener\"><strong>W189 Begrenzungsleuchte ROT<\/strong><\/a><\/span><\/li>\n<\/ul>\n<p><span style=\"color: #000000;\">Sind Sie immer noch nicht davon \u00fcberzeugt, dass die WA\u015a W189 LED Begrenzungsleuchte wei\u00df das ist, was Sie suchen? Einfach, weil die Lichtleistung, Wattzahl oder Form nicht Ihren W\u00fcnschen entspricht? Dann sehen Sie sich hier das komplette Sortiment an <a style=\"color: #000000;\" href=\"https:\/\/www.oudadl.testontwikkeling.nl\/de\/merk\/product-was\/\" target=\"_blank\" rel=\"noopener\">WA\u015a<\/a>. M\u00f6glicherweise finden Sie hier das Lampenmodell, das Sie suchen.<\/span><\/p>","protected":false},"excerpt":{"rendered":"<p>WA\u015a W189 markeringslamp wit. Bent u opzoek naar een goede LED markeringslamp met een ingebouwde reflector? Dan is de witte LED markeringslamp van merk WA\u015a wellicht d\u00e9 lamp waar u naar op zoek bent. De wit oplichtende contourlamp is voorzien van 4 LED punten en geeft daardoor een mooie gloed. De WA\u015a W189 LED markeringslamp [&hellip;]<\/p>\n","protected":false},"featured_media":21499,"comment_status":"open","ping_status":"closed","template":"","meta":{"_acf_changed":false,"site-sidebar-layout":"default","site-content-layout":"default","ast-site-content-layout":"default","site-content-style":"default","site-sidebar-style":"default","ast-global-header-display":"","ast-banner-title-visibility":"","ast-main-header-display":"","ast-hfb-above-header-display":"","ast-hfb-below-header-display":"","ast-hfb-mobile-header-display":"","site-post-title":"","ast-breadcrumbs-content":"","ast-featured-img":"","footer-sml-layout":"","ast-disable-related-posts":"","theme-transparent-header-meta":"default","adv-header-id-meta":"","stick-header-meta":"","header-above-stick-meta":"","header-main-stick-meta":"","header-below-stick-meta":"","astra-migrate-meta-layouts":"set","ast-page-background-enabled":"default","ast-page-background-meta":{"desktop":{"background-color":"","background-image":"","background-repeat":"repeat","background-position":"center center","background-size":"auto","background-attachment":"scroll","background-type":"","background-media":"","overlay-type":"","overlay-color":"","overlay-opacity":"","overlay-gradient":""},"tablet":{"background-color":"","background-image":"","background-repeat":"repeat","background-position":"center center","background-size":"auto","background-attachment":"scroll","background-type":"","background-media":"","overlay-type":"","overlay-color":"","overlay-opacity":"","overlay-gradient":""},"mobile":{"background-color":"","background-image":"","background-repeat":"repeat","background-position":"center center","background-size":"auto","background-attachment":"scroll","background-type":"","background-media":"","overlay-type":"","overlay-color":"","overlay-opacity":"","overlay-gradient":""}},"ast-content-background-meta":{"desktop":{"background-color":"var(--ast-global-color-5)","background-image":"","background-repeat":"repeat","background-position":"center center","background-size":"auto","background-attachment":"scroll","background-type":"","background-media":"","overlay-type":"","overlay-color":"","overlay-opacity":"","overlay-gradient":""},"tablet":{"background-color":"var(--ast-global-color-5)","background-image":"","background-repeat":"repeat","background-position":"center center","background-size":"auto","background-attachment":"scroll","background-type":"","background-media":"","overlay-type":"","overlay-color":"","overlay-opacity":"","overlay-gradient":""},"mobile":{"background-color":"var(--ast-global-color-5)","background-image":"","background-repeat":"repeat","background-position":"center center","background-size":"auto","background-attachment":"scroll","background-type":"","background-media":"","overlay-type":"","overlay-color":"","overlay-opacity":"","overlay-gradient":""}}},"product_brand":[],"product_cat":[262],"product_tag":[263,2483,2476,5486,5485,2554,2473,2477,2474,2475,2519],"class_list":{"0":"post-40554","1":"product","2":"type-product","3":"status-publish","4":"has-post-thumbnail","6":"product_cat-markeringslampen","7":"product_tag-contourverlichting","8":"product_tag-led-markering-wit","9":"product_tag-led-markeringslamp","10":"product_tag-led-markeringslamp-12-volt","11":"product_tag-led-markeringslamp-24-volt","12":"product_tag-led-markeringslamp-wit","13":"product_tag-markeringslamp-aanhanger","14":"product_tag-markeringslamp-camper","15":"product_tag-markeringslamp-trailer","16":"product_tag-markeringslamp-vrachtwagen","17":"product_tag-was-led-verlichting","18":"pa_merkk-product-was","19":"desktop-align-left","20":"tablet-align-left","21":"mobile-align-left","23":"first","24":"instock","25":"taxable","26":"shipping-taxable","27":"purchasable","28":"product-type-simple"},"acf":[],"yoast_head":"<!-- This site is optimized with the Yoast SEO Premium plugin v25.9 (Yoast SEO v27.6) - https:\/\/yoast.com\/product\/yoast-seo-premium-wordpress\/ -->\n<title>W189 markeringslamp wit - WA\u015a - All Day Led - geleverd met montagerubber<\/title>\n<meta name=\"description\" content=\"W189 markeringslamp wit van het merk WA\u015a - 12 en 24 volt - auto, aanhanger, vrachtwagen en meer - LED lamp met reflector - ECE R7 keurmerk\" \/>\n<meta name=\"robots\" content=\"noindex, follow, max-snippet:-1, max-image-preview:large, max-video-preview:-1\" \/>\n<meta property=\"og:locale\" content=\"de_DE\" \/>\n<meta property=\"og:type\" content=\"article\" \/>\n<meta property=\"og:title\" content=\"W189 markeringslamp wit - WA\u015a - All Day Led - geleverd met montagerubber\" \/>\n<meta property=\"og:description\" content=\"W189 markeringslamp wit van het merk WA\u015a - 12 en 24 volt - auto, aanhanger, vrachtwagen en meer - LED lamp met reflector - ECE R7 keurmerk\" \/>\n<meta property=\"og:url\" content=\"https:\/\/www.oudadl.testontwikkeling.nl\/de\/produkt\/was-w189-markeringslamp-wit\/\" \/>\n<meta property=\"og:site_name\" content=\"All Day Led\" \/>\n<meta property=\"article:publisher\" content=\"https:\/\/www.facebook.com\/alldayled\/\" \/>\n<meta property=\"article:modified_time\" content=\"2025-11-14T11:49:45+00:00\" \/>\n<meta property=\"og:image\" content=\"https:\/\/www.oudadl.testontwikkeling.nl\/wp-content\/uploads\/2024\/08\/ADL01340.01.png\" \/>\n\t<meta property=\"og:image:width\" content=\"800\" \/>\n\t<meta property=\"og:image:height\" content=\"800\" \/>\n\t<meta property=\"og:image:type\" content=\"image\/png\" \/>\n<meta name=\"twitter:label1\" content=\"Preis\" \/>\n\t<meta name=\"twitter:data1\" content=\"&euro;8,95\" \/>\n\t<meta name=\"twitter:label2\" content=\"Verf\u00fcgbarkeit\" \/>\n\t<meta name=\"twitter:data2\" content=\"Auf Lager\" \/>\n<script type=\"application\/ld+json\" class=\"yoast-schema-graph\">{\"@context\":\"https:\\\/\\\/schema.org\",\"@graph\":[{\"@type\":\"WebPage\",\"@id\":\"https:\\\/\\\/www.oudadl.testontwikkeling.nl\\\/product\\\/was-w189-markeringslamp-wit\\\/\",\"url\":\"https:\\\/\\\/www.oudadl.testontwikkeling.nl\\\/product\\\/was-w189-markeringslamp-wit\\\/\",\"name\":\"W189 markeringslamp wit - WA\u015a - All Day Led - geleverd met montagerubber\",\"isPartOf\":{\"@id\":\"https:\\\/\\\/www.oudadl.testontwikkeling.nl\\\/#website\"},\"primaryImageOfPage\":{\"@id\":\"https:\\\/\\\/www.oudadl.testontwikkeling.nl\\\/product\\\/was-w189-markeringslamp-wit\\\/#primaryimage\"},\"image\":{\"@id\":\"https:\\\/\\\/www.oudadl.testontwikkeling.nl\\\/product\\\/was-w189-markeringslamp-wit\\\/#primaryimage\"},\"thumbnailUrl\":\"https:\\\/\\\/www.oudadl.testontwikkeling.nl\\\/wp-content\\\/uploads\\\/2020\\\/09\\\/ADL01340..png\",\"datePublished\":\"2023-11-16T07:33:57+00:00\",\"dateModified\":\"2025-11-14T11:49:45+00:00\",\"description\":\"W189 markeringslamp wit van het merk WA\u015a - 12 en 24 volt - auto, aanhanger, vrachtwagen en meer - LED lamp met reflector - ECE R7 keurmerk\",\"breadcrumb\":{\"@id\":\"https:\\\/\\\/www.oudadl.testontwikkeling.nl\\\/product\\\/was-w189-markeringslamp-wit\\\/#breadcrumb\"},\"inLanguage\":\"de\",\"potentialAction\":[{\"@type\":\"ReadAction\",\"target\":[\"https:\\\/\\\/www.oudadl.testontwikkeling.nl\\\/product\\\/was-w189-markeringslamp-wit\\\/\"]}]},{\"@type\":\"ImageObject\",\"inLanguage\":\"de\",\"@id\":\"https:\\\/\\\/www.oudadl.testontwikkeling.nl\\\/product\\\/was-w189-markeringslamp-wit\\\/#primaryimage\",\"url\":\"https:\\\/\\\/www.oudadl.testontwikkeling.nl\\\/wp-content\\\/uploads\\\/2020\\\/09\\\/ADL01340..png\",\"contentUrl\":\"https:\\\/\\\/www.oudadl.testontwikkeling.nl\\\/wp-content\\\/uploads\\\/2020\\\/09\\\/ADL01340..png\",\"width\":800,\"height\":600,\"caption\":\"WA\u015a W189 LED markeringslamp voor 12 en 24 volt gebruik - wit - contourverlichting EAN: 5903098109707\"},{\"@type\":\"BreadcrumbList\",\"@id\":\"https:\\\/\\\/www.oudadl.testontwikkeling.nl\\\/product\\\/was-w189-markeringslamp-wit\\\/#breadcrumb\",\"itemListElement\":[{\"@type\":\"ListItem\",\"position\":1,\"name\":\"Home\",\"item\":\"https:\\\/\\\/www.oudadl.testontwikkeling.nl\\\/\"},{\"@type\":\"ListItem\",\"position\":2,\"name\":\"Shop\",\"item\":\"https:\\\/\\\/www.oudadl.testontwikkeling.nl\\\/de\\\/shop\\\/\"},{\"@type\":\"ListItem\",\"position\":3,\"name\":\"Positielampen\",\"item\":\"https:\\\/\\\/www.oudadl.testontwikkeling.nl\\\/product-categorie\\\/positielampen\\\/\"},{\"@type\":\"ListItem\",\"position\":4,\"name\":\"Markeringslampen\",\"item\":\"https:\\\/\\\/www.oudadl.testontwikkeling.nl\\\/product-categorie\\\/positielampen\\\/markeringslampen\\\/\"},{\"@type\":\"ListItem\",\"position\":5,\"name\":\"WA\u015a W189 markeringslamp wit\"}]},{\"@type\":\"WebSite\",\"@id\":\"https:\\\/\\\/www.oudadl.testontwikkeling.nl\\\/#website\",\"url\":\"https:\\\/\\\/www.oudadl.testontwikkeling.nl\\\/\",\"name\":\"All Day Led\",\"description\":\"\",\"publisher\":{\"@id\":\"https:\\\/\\\/www.oudadl.testontwikkeling.nl\\\/#organization\"},\"potentialAction\":[{\"@type\":\"SearchAction\",\"target\":{\"@type\":\"EntryPoint\",\"urlTemplate\":\"https:\\\/\\\/www.oudadl.testontwikkeling.nl\\\/?s={search_term_string}\"},\"query-input\":{\"@type\":\"PropertyValueSpecification\",\"valueRequired\":true,\"valueName\":\"search_term_string\"}}],\"inLanguage\":\"de\"},{\"@type\":\"Organization\",\"@id\":\"https:\\\/\\\/www.oudadl.testontwikkeling.nl\\\/#organization\",\"name\":\"All Day Led\",\"url\":\"https:\\\/\\\/www.oudadl.testontwikkeling.nl\\\/\",\"logo\":{\"@type\":\"ImageObject\",\"inLanguage\":\"de\",\"@id\":\"https:\\\/\\\/www.oudadl.testontwikkeling.nl\\\/#\\\/schema\\\/logo\\\/image\\\/\",\"url\":\"https:\\\/\\\/www.oudadl.testontwikkeling.nl\\\/wp-content\\\/uploads\\\/2022\\\/08\\\/Logo-ALL-DAY-LED-800x800-zwart-witte-letters.png\",\"contentUrl\":\"https:\\\/\\\/www.oudadl.testontwikkeling.nl\\\/wp-content\\\/uploads\\\/2022\\\/08\\\/Logo-ALL-DAY-LED-800x800-zwart-witte-letters.png\",\"width\":800,\"height\":800,\"caption\":\"All Day Led\"},\"image\":{\"@id\":\"https:\\\/\\\/www.oudadl.testontwikkeling.nl\\\/#\\\/schema\\\/logo\\\/image\\\/\"},\"sameAs\":[\"https:\\\/\\\/www.facebook.com\\\/alldayled\\\/\",\"https:\\\/\\\/www.instagram.com\\\/alldayled\\\/\"],\"vatID\":\"NL863960133B01\",\"taxID\":\"86416545\",\"hasMerchantReturnPolicy\":{\"@type\":\"MerchantReturnPolicy\",\"merchantReturnLink\":\"https:\\\/\\\/www.oudadl.testontwikkeling.nl\\\/de\\\/verzenden-retourneren\\\/\"}}]}<\/script>\n<meta property=\"product:brand\" content=\"WA\u015a\" \/>\n<meta property=\"product:price:amount\" content=\"8.95\" \/>\n<meta property=\"product:price:currency\" content=\"EUR\" \/>\n<meta property=\"og:availability\" content=\"instock\" \/>\n<meta property=\"product:availability\" content=\"instock\" \/>\n<meta property=\"product:retailer_item_id\" content=\"ADL01340\" \/>\n<meta property=\"product:condition\" content=\"new\" \/>\n<!-- \/ Yoast SEO Premium plugin. -->","yoast_head_json":{"title":"W189 Begrenzungsleuchte wei\u00df \u2013 WA\u015a \u2013 All Day Led \u2013 Lieferung mit Montagegummi","description":"W189 Begrenzungsleuchte Wei\u00df der Marke WA\u015a \u2013 12 und 24 Volt \u2013 PKW, Anh\u00e4nger, LKW und mehr \u2013 LED-Leuchte mit Reflektor \u2013 ECE-R7-G\u00fctezeichen","robots":{"index":"noindex","follow":"follow","max-snippet":"max-snippet:-1","max-image-preview":"max-image-preview:large","max-video-preview":"max-video-preview:-1"},"og_locale":"de_DE","og_type":"article","og_title":"W189 markeringslamp wit - WA\u015a - All Day Led - geleverd met montagerubber","og_description":"W189 markeringslamp wit van het merk WA\u015a - 12 en 24 volt - auto, aanhanger, vrachtwagen en meer - LED lamp met reflector - ECE R7 keurmerk","og_url":"https:\/\/www.oudadl.testontwikkeling.nl\/de\/produkt\/was-w189-markeringslamp-wit\/","og_site_name":"All Day Led","article_publisher":"https:\/\/www.facebook.com\/alldayled\/","article_modified_time":"2025-11-14T11:49:45+00:00","og_image":[{"width":800,"height":800,"url":"https:\/\/www.oudadl.testontwikkeling.nl\/wp-content\/uploads\/2024\/08\/ADL01340.01.png","type":"image\/png"}],"twitter_misc":{"Preis":"&euro;8,95","Verf\u00fcgbarkeit":"Auf Lager"},"schema":{"@context":"https:\/\/schema.org","@graph":[{"@type":"WebPage","@id":"https:\/\/www.oudadl.testontwikkeling.nl\/product\/was-w189-markeringslamp-wit\/","url":"https:\/\/www.oudadl.testontwikkeling.nl\/product\/was-w189-markeringslamp-wit\/","name":"W189 Begrenzungsleuchte wei\u00df \u2013 WA\u015a \u2013 All Day Led \u2013 Lieferung mit Montagegummi","isPartOf":{"@id":"https:\/\/www.oudadl.testontwikkeling.nl\/#website"},"primaryImageOfPage":{"@id":"https:\/\/www.oudadl.testontwikkeling.nl\/product\/was-w189-markeringslamp-wit\/#primaryimage"},"image":{"@id":"https:\/\/www.oudadl.testontwikkeling.nl\/product\/was-w189-markeringslamp-wit\/#primaryimage"},"thumbnailUrl":"https:\/\/www.oudadl.testontwikkeling.nl\/wp-content\/uploads\/2020\/09\/ADL01340..png","datePublished":"2023-11-16T07:33:57+00:00","dateModified":"2025-11-14T11:49:45+00:00","description":"W189 Begrenzungsleuchte Wei\u00df der Marke WA\u015a \u2013 12 und 24 Volt \u2013 PKW, Anh\u00e4nger, LKW und mehr \u2013 LED-Leuchte mit Reflektor \u2013 ECE-R7-G\u00fctezeichen","breadcrumb":{"@id":"https:\/\/www.oudadl.testontwikkeling.nl\/product\/was-w189-markeringslamp-wit\/#breadcrumb"},"inLanguage":"de","potentialAction":[{"@type":"ReadAction","target":["https:\/\/www.oudadl.testontwikkeling.nl\/product\/was-w189-markeringslamp-wit\/"]}]},{"@type":"ImageObject","inLanguage":"de","@id":"https:\/\/www.oudadl.testontwikkeling.nl\/product\/was-w189-markeringslamp-wit\/#primaryimage","url":"https:\/\/www.oudadl.testontwikkeling.nl\/wp-content\/uploads\/2020\/09\/ADL01340..png","contentUrl":"https:\/\/www.oudadl.testontwikkeling.nl\/wp-content\/uploads\/2020\/09\/ADL01340..png","width":800,"height":600,"caption":"WA\u015a W189 LED markeringslamp voor 12 en 24 volt gebruik - wit - contourverlichting EAN: 5903098109707"},{"@type":"BreadcrumbList","@id":"https:\/\/www.oudadl.testontwikkeling.nl\/product\/was-w189-markeringslamp-wit\/#breadcrumb","itemListElement":[{"@type":"ListItem","position":1,"name":"Home","item":"https:\/\/www.oudadl.testontwikkeling.nl\/"},{"@type":"ListItem","position":2,"name":"Shop","item":"https:\/\/www.oudadl.testontwikkeling.nl\/de\/shop\/"},{"@type":"ListItem","position":3,"name":"Positielampen","item":"https:\/\/www.oudadl.testontwikkeling.nl\/product-categorie\/positielampen\/"},{"@type":"ListItem","position":4,"name":"Markeringslampen","item":"https:\/\/www.oudadl.testontwikkeling.nl\/product-categorie\/positielampen\/markeringslampen\/"},{"@type":"ListItem","position":5,"name":"WA\u015a W189 markeringslamp wit"}]},{"@type":"WebSite","@id":"https:\/\/www.oudadl.testontwikkeling.nl\/#website","url":"https:\/\/www.oudadl.testontwikkeling.nl\/","name":"All Day Led","description":"","publisher":{"@id":"https:\/\/www.oudadl.testontwikkeling.nl\/#organization"},"potentialAction":[{"@type":"SearchAction","target":{"@type":"EntryPoint","urlTemplate":"https:\/\/www.oudadl.testontwikkeling.nl\/?s={search_term_string}"},"query-input":{"@type":"PropertyValueSpecification","valueRequired":true,"valueName":"search_term_string"}}],"inLanguage":"de"},{"@type":"Organization","@id":"https:\/\/www.oudadl.testontwikkeling.nl\/#organization","name":"All Day Led","url":"https:\/\/www.oudadl.testontwikkeling.nl\/","logo":{"@type":"ImageObject","inLanguage":"de","@id":"https:\/\/www.oudadl.testontwikkeling.nl\/#\/schema\/logo\/image\/","url":"https:\/\/www.oudadl.testontwikkeling.nl\/wp-content\/uploads\/2022\/08\/Logo-ALL-DAY-LED-800x800-zwart-witte-letters.png","contentUrl":"https:\/\/www.oudadl.testontwikkeling.nl\/wp-content\/uploads\/2022\/08\/Logo-ALL-DAY-LED-800x800-zwart-witte-letters.png","width":800,"height":800,"caption":"All Day Led"},"image":{"@id":"https:\/\/www.oudadl.testontwikkeling.nl\/#\/schema\/logo\/image\/"},"sameAs":["https:\/\/www.facebook.com\/alldayled\/","https:\/\/www.instagram.com\/alldayled\/"],"vatID":"NL863960133B01","taxID":"86416545","hasMerchantReturnPolicy":{"@type":"MerchantReturnPolicy","merchantReturnLink":"https:\/\/www.oudadl.testontwikkeling.nl\/de\/verzenden-retourneren\/"}}]},"product_brand":"WA\u015a","product_price_amount":"8.95","product_price_currency":"EUR","og_availability":"instock","product_availability":"instock","product_retailer_item_id":"ADL01340","product_condition":"new"},"_links":{"self":[{"href":"https:\/\/www.oudadl.testontwikkeling.nl\/de\/wp-json\/wp\/v2\/product\/40554","targetHints":{"allow":["GET"]}}],"collection":[{"href":"https:\/\/www.oudadl.testontwikkeling.nl\/de\/wp-json\/wp\/v2\/product"}],"about":[{"href":"https:\/\/www.oudadl.testontwikkeling.nl\/de\/wp-json\/wp\/v2\/types\/product"}],"replies":[{"embeddable":true,"href":"https:\/\/www.oudadl.testontwikkeling.nl\/de\/wp-json\/wp\/v2\/comments?post=40554"}],"wp:featuredmedia":[{"embeddable":true,"href":"https:\/\/www.oudadl.testontwikkeling.nl\/de\/wp-json\/wp\/v2\/media\/21499"}],"wp:attachment":[{"href":"https:\/\/www.oudadl.testontwikkeling.nl\/de\/wp-json\/wp\/v2\/media?parent=40554"}],"wp:term":[{"taxonomy":"product_brand","embeddable":true,"href":"https:\/\/www.oudadl.testontwikkeling.nl\/de\/wp-json\/wp\/v2\/product_brand?post=40554"},{"taxonomy":"product_cat","embeddable":true,"href":"https:\/\/www.oudadl.testontwikkeling.nl\/de\/wp-json\/wp\/v2\/product_cat?post=40554"},{"taxonomy":"product_tag","embeddable":true,"href":"https:\/\/www.oudadl.testontwikkeling.nl\/de\/wp-json\/wp\/v2\/product_tag?post=40554"}],"curies":[{"name":"wp","href":"https:\/\/api.w.org\/{rel}","templated":true}]}}