{"id":40462,"date":"2023-11-13T12:23:23","date_gmt":"2023-11-13T11:23:23","guid":{"rendered":"https:\/\/www.oudadl.testontwikkeling.nl\/?post_type=product&#038;p=40462"},"modified":"2025-11-26T21:59:32","modified_gmt":"2025-11-26T20:59:32","slug":"strands-dark-knight-gloria-led-flitser-helder","status":"publish","type":"product","link":"https:\/\/www.oudadl.testontwikkeling.nl\/de\/product\/strands-dark-knight-gloria-led-flitser-helder\/","title":{"rendered":"Strands Dark Knight Gloria LED Blitz - klar"},"content":{"rendered":"<p><span style=\"color: #000000;\"><strong>Strands Dark Knight Gloria LED Blitz orange mit klar Glas.<\/strong><\/span><\/p>\n<p><span style=\"color: #000000;\">Sind Sie auf der Suche nach einem sch\u00f6nen Blitz, den Sie zum Beispiel in eine Sto\u00dfstange oder eine Lampenhalterung umbauen k\u00f6nnen? Dann k\u00f6nnte der Strands Dark Knight Gloria LED Blitz mit Klarglas und 21 verschiedenen Mustern die Lampe sein, die Sie suchen. Die orangefarbene Warnleuchte ist mit 6 hellen LED-Punkten ausgestattet! Der orangefarbene Gloria LED-Blitz funktioniert mit 12 und 24 Volt, sodass Sie die LED-Lampe an verschiedenen Fahrzeugen anbringen k\u00f6nnen. Sie k\u00f6nnen die Warnleuchte LED beispielsweise an einem Auto, Wohnmobil, LKW oder einem anderen Fahrzeugtyp montieren.\u00a0<\/span><\/p>\n<p><span style=\"color: #000000;\">Damit das Strands Dark Knight Gloria LED Blitz orange mit Klarglas f\u00fcr Ihr Fahrzeug oder Ihren Anh\u00e4nger geeignet ist. Nachfolgend haben wir einige Spezifikationen aufgeschrieben. Die Warnleuchte LED der Marke Strands verf\u00fcgt unter anderem \u00fcber das G\u00fctezeichen ECE R65 Klasse 2. Aber auch das ECE-R10-G\u00fctezeichen. Das ECE-R10-G\u00fctezeichen besagt, dass die Lampe bei der Aktivierung keine St\u00f6rungen, beispielsweise auf Ihrem Funksignal, verursacht. Das G\u00fctezeichen ECE R65 Klasse 2 weist darauf hin, dass die Lampe als Warnleuchte im \u00f6ffentlichen Stra\u00dfenverkehr eingesetzt werden darf. Dar\u00fcber hinaus verf\u00fcgt die Lampe \u00fcber das IP69K-G\u00fctezeichen. Dieses G\u00fctezeichen zeigt an, dass die Lampe vollst\u00e4ndig ledig staub- und wasserdicht ist.\u00a0<\/span><\/p>\n<h5><span style=\"color: #000000;\"><strong>Abmessungen:<\/strong><\/span><\/h5>\n<p><span style=\"color: #000000;\">Denn vor dem Kauf m\u00f6chten Sie sicher sein, dass Sie die Lampe dort montieren k\u00f6nnen, wo Sie m\u00f6chten. Nachfolgend haben wir die Abmessungen des LED Einbaublitzes notiert. Die Abmessungen des Strands Dark Knight Gloria LED Blitz mit Klarglas sind wie folgt.<\/span><\/p>\n<ul>\n<li><span style=\"color: #000000;\">L\u00e4nge: 43,4 mm (41 mm f\u00fcr Einbau)<br \/>\n<\/span><\/li>\n<li><span style=\"color: #000000;\">H\u00f6he: 36 mm (51 mm inkl. Halterung)<\/span><\/li>\n<li><span style=\"color: #000000;\">Durchmesser: 36 mm<\/span><\/li>\n<\/ul>\n<p><span style=\"color: #000000;\">Im Lieferumfang sind verschiedene Teile enthalten, sodass Sie diese Lampe dort anbringen k\u00f6nnen, wo Sie m\u00f6chten. In der Verpackung finden Sie unter anderem eine Halterung zur Montage sowie eine Gummiplatte. Die Gummiplatte dient dem Lackschutz. Sie k\u00f6nnen die Gummiplatte zwischen Fahrzeug und Blitz platzieren und so das Risiko von Lacksch\u00e4den verringern.\u00a0<\/span><\/p>\n<h5><span style=\"color: #000000;\"><strong>Andere Versionen:\u00a0<\/strong><\/span><\/h5>\n<p><span style=\"color: #000000;\">M\u00f6chten Sie einen Einbaublitz der Marke Strands? Aber ist der Blitz Strands Dark Knight Gloria LED mit Klarglas nicht das Modell, das Sie suchen? Dann wissen Sie, dass die Warnleuchte LED auch mit einem Rauchglas gefertigt ist. Sehen Sie sich hier die Version mit Rauchglas an. auch in verschiedenen anderen Ausf\u00fchrungen erh\u00e4ltlich. Sehen Sie sich unten die verschiedenen Optionen an, die Strands bietet.\u00a0<\/span><\/p>\n<ul>\n<li><span style=\"color: #000000;\"><a style=\"color: #000000;\" href=\"https:\/\/www.oudadl.testontwikkeling.nl\/de\/produkt\/strands-dark-knight-gloria-led-flitser-donker\/\" target=\"_blank\" rel=\"noopener\"><strong>Strands eingebauter Blitz - SMOKE<\/strong><\/a><\/span><\/li>\n<\/ul>\n<p><span style=\"color: #000000;\">Sie sind immer noch nicht davon \u00fcberzeugt, dass der Strands Dark Knight Gloria LED Blitz Klarglas das ist, was Sie suchen? Einfach, weil die Lichtleistung, Wattzahl oder Form nicht Ihren W\u00fcnschen entspricht? Dann sehen Sie sich hier das komplette Sortiment an <a style=\"color: #000000;\" href=\"https:\/\/www.oudadl.testontwikkeling.nl\/de\/merk\/produkt-strands-beleuchtungsabteilung\/\" target=\"_blank\" rel=\"noopener\">Strands<\/a>. Vielleicht finden Sie hier Ihr gesuchtes Lampenmodell. Ansehen <a style=\"color: #000000;\" href=\"https:\/\/strandseurope.com\/uploads\/2023\/11\/850419850420-manual.pdf\" target=\"_blank\" rel=\"noopener\">hier<\/a> das Handbuch von Strands.<\/span><\/p>","protected":false},"excerpt":{"rendered":"<p>Strands Dark Knight Gloria LED flitser oranje met helder glas. Bent u opzoek naar een mooi formaat flitser die u bijvoorbeeld in een bumper of lampenbeugel kunt maken? Dan is de Strands Dark Knight Gloria LED flitser met helder glas en 21 verschillende patronen wellicht d\u00e9 lamp die u zoekt. De oranje van kleur oplichtende [&hellip;]<\/p>\n","protected":false},"featured_media":40469,"comment_status":"open","ping_status":"closed","template":"","meta":{"_acf_changed":false,"site-sidebar-layout":"default","site-content-layout":"default","ast-site-content-layout":"default","site-content-style":"default","site-sidebar-style":"default","ast-global-header-display":"","ast-banner-title-visibility":"","ast-main-header-display":"","ast-hfb-above-header-display":"","ast-hfb-below-header-display":"","ast-hfb-mobile-header-display":"","site-post-title":"","ast-breadcrumbs-content":"","ast-featured-img":"","footer-sml-layout":"","ast-disable-related-posts":"","theme-transparent-header-meta":"default","adv-header-id-meta":"","stick-header-meta":"","header-above-stick-meta":"","header-main-stick-meta":"","header-below-stick-meta":"","astra-migrate-meta-layouts":"set","ast-page-background-enabled":"default","ast-page-background-meta":{"desktop":{"background-color":"","background-image":"","background-repeat":"repeat","background-position":"center center","background-size":"auto","background-attachment":"scroll","background-type":"","background-media":"","overlay-type":"","overlay-color":"","overlay-opacity":"","overlay-gradient":""},"tablet":{"background-color":"","background-image":"","background-repeat":"repeat","background-position":"center center","background-size":"auto","background-attachment":"scroll","background-type":"","background-media":"","overlay-type":"","overlay-color":"","overlay-opacity":"","overlay-gradient":""},"mobile":{"background-color":"","background-image":"","background-repeat":"repeat","background-position":"center center","background-size":"auto","background-attachment":"scroll","background-type":"","background-media":"","overlay-type":"","overlay-color":"","overlay-opacity":"","overlay-gradient":""}},"ast-content-background-meta":{"desktop":{"background-color":"var(--ast-global-color-5)","background-image":"","background-repeat":"repeat","background-position":"center center","background-size":"auto","background-attachment":"scroll","background-type":"","background-media":"","overlay-type":"","overlay-color":"","overlay-opacity":"","overlay-gradient":""},"tablet":{"background-color":"var(--ast-global-color-5)","background-image":"","background-repeat":"repeat","background-position":"center center","background-size":"auto","background-attachment":"scroll","background-type":"","background-media":"","overlay-type":"","overlay-color":"","overlay-opacity":"","overlay-gradient":""},"mobile":{"background-color":"var(--ast-global-color-5)","background-image":"","background-repeat":"repeat","background-position":"center center","background-size":"auto","background-attachment":"scroll","background-type":"","background-media":"","overlay-type":"","overlay-color":"","overlay-opacity":"","overlay-gradient":""}}},"product_brand":[],"product_cat":[8146,7330],"product_tag":[390,4861,4855,4862,4856,4860,4857,4864,4859,4858],"class_list":{"0":"post-40462","1":"product","2":"type-product","3":"status-publish","4":"has-post-thumbnail","6":"product_cat-flitser","7":"product_cat-strands-dark-knight","8":"product_tag-led-flitser","9":"product_tag-led-flitser-12-volt","10":"product_tag-led-flitser-12v","11":"product_tag-led-flitser-24-volt","12":"product_tag-led-flitser-24v","13":"product_tag-led-flitser-aanhanger","14":"product_tag-led-flitser-auto","15":"product_tag-led-flitser-oranje","16":"product_tag-led-flitster-tractor","17":"product_tag-led-flitser-vrachtwagen","18":"pa_merkk-product-strands-lighting-division","19":"desktop-align-left","20":"tablet-align-left","21":"mobile-align-left","23":"first","24":"instock","25":"taxable","26":"shipping-taxable","27":"purchasable","28":"product-type-simple"},"acf":[],"yoast_head":"<!-- This site is optimized with the Yoast SEO Premium plugin v25.9 (Yoast SEO v27.6) - https:\/\/yoast.com\/product\/yoast-seo-premium-wordpress\/ -->\n<title>Strands Dark Knight gloria helder - LED flitser - All Day Led - 12&amp;24V<\/title>\n<meta name=\"description\" content=\"Strands Dark Knight gloria helder - inbouw waarschuwingslamp met ECE R65 - met 40 cm kabel - voor 12&amp;24V - auto, aanhanger, vrachtwagen en meer\" \/>\n<meta name=\"robots\" content=\"noindex, follow, max-snippet:-1, max-image-preview:large, max-video-preview:-1\" \/>\n<meta property=\"og:locale\" content=\"de_DE\" \/>\n<meta property=\"og:type\" content=\"article\" \/>\n<meta property=\"og:title\" content=\"Strands Dark Knight gloria helder - LED flitser - All Day Led - 12&amp;24V\" \/>\n<meta property=\"og:description\" content=\"Strands Dark Knight gloria helder - inbouw waarschuwingslamp met ECE R65 - met 40 cm kabel - voor 12&amp;24V - auto, aanhanger, vrachtwagen en meer\" \/>\n<meta property=\"og:url\" content=\"https:\/\/www.oudadl.testontwikkeling.nl\/de\/produkt\/strands-dark-knight-gloria-led-flitser-helder\/\" \/>\n<meta property=\"og:site_name\" content=\"All Day Led\" \/>\n<meta property=\"article:publisher\" content=\"https:\/\/www.facebook.com\/alldayled\/\" \/>\n<meta property=\"article:modified_time\" content=\"2025-11-26T20:59:32+00:00\" \/>\n<meta property=\"og:image\" content=\"https:\/\/www.oudadl.testontwikkeling.nl\/wp-content\/uploads\/2023\/11\/ADL85420-02.png\" \/>\n\t<meta property=\"og:image:width\" content=\"800\" \/>\n\t<meta property=\"og:image:height\" content=\"600\" \/>\n\t<meta property=\"og:image:type\" content=\"image\/png\" \/>\n<meta name=\"twitter:label1\" content=\"Preis\" \/>\n\t<meta name=\"twitter:data1\" content=\"&euro;44,95\" \/>\n\t<meta name=\"twitter:label2\" content=\"Verf\u00fcgbarkeit\" \/>\n\t<meta name=\"twitter:data2\" content=\"Auf Lager\" \/>\n<script type=\"application\/ld+json\" class=\"yoast-schema-graph\">{\"@context\":\"https:\\\/\\\/schema.org\",\"@graph\":[{\"@type\":\"WebPage\",\"@id\":\"https:\\\/\\\/www.oudadl.testontwikkeling.nl\\\/product\\\/strands-dark-knight-gloria-led-flitser-helder\\\/\",\"url\":\"https:\\\/\\\/www.oudadl.testontwikkeling.nl\\\/product\\\/strands-dark-knight-gloria-led-flitser-helder\\\/\",\"name\":\"Strands Dark Knight gloria helder - LED flitser - All Day Led - 12&24V\",\"isPartOf\":{\"@id\":\"https:\\\/\\\/www.oudadl.testontwikkeling.nl\\\/#website\"},\"primaryImageOfPage\":{\"@id\":\"https:\\\/\\\/www.oudadl.testontwikkeling.nl\\\/product\\\/strands-dark-knight-gloria-led-flitser-helder\\\/#primaryimage\"},\"image\":{\"@id\":\"https:\\\/\\\/www.oudadl.testontwikkeling.nl\\\/product\\\/strands-dark-knight-gloria-led-flitser-helder\\\/#primaryimage\"},\"thumbnailUrl\":\"https:\\\/\\\/www.oudadl.testontwikkeling.nl\\\/wp-content\\\/uploads\\\/2023\\\/11\\\/ADL85420.png\",\"datePublished\":\"2023-11-13T11:23:23+00:00\",\"dateModified\":\"2025-11-26T20:59:32+00:00\",\"description\":\"Strands Dark Knight gloria helder - inbouw waarschuwingslamp met ECE R65 - met 40 cm kabel - voor 12&24V - auto, aanhanger, vrachtwagen en meer\",\"breadcrumb\":{\"@id\":\"https:\\\/\\\/www.oudadl.testontwikkeling.nl\\\/product\\\/strands-dark-knight-gloria-led-flitser-helder\\\/#breadcrumb\"},\"inLanguage\":\"de\",\"potentialAction\":[{\"@type\":\"ReadAction\",\"target\":[\"https:\\\/\\\/www.oudadl.testontwikkeling.nl\\\/product\\\/strands-dark-knight-gloria-led-flitser-helder\\\/\"]}]},{\"@type\":\"ImageObject\",\"inLanguage\":\"de\",\"@id\":\"https:\\\/\\\/www.oudadl.testontwikkeling.nl\\\/product\\\/strands-dark-knight-gloria-led-flitser-helder\\\/#primaryimage\",\"url\":\"https:\\\/\\\/www.oudadl.testontwikkeling.nl\\\/wp-content\\\/uploads\\\/2023\\\/11\\\/ADL85420.png\",\"contentUrl\":\"https:\\\/\\\/www.oudadl.testontwikkeling.nl\\\/wp-content\\\/uploads\\\/2023\\\/11\\\/ADL85420.png\",\"width\":800,\"height\":600,\"caption\":\"Strands Dark Knight Gloria inbouw flitser met helder glas in kleur ORANJE - LED waarschuwingslamp voor 12 en 24 volt gebruik - Strands 850420 - EAN: 7350133816638\"},{\"@type\":\"BreadcrumbList\",\"@id\":\"https:\\\/\\\/www.oudadl.testontwikkeling.nl\\\/product\\\/strands-dark-knight-gloria-led-flitser-helder\\\/#breadcrumb\",\"itemListElement\":[{\"@type\":\"ListItem\",\"position\":1,\"name\":\"Home\",\"item\":\"https:\\\/\\\/www.oudadl.testontwikkeling.nl\\\/\"},{\"@type\":\"ListItem\",\"position\":2,\"name\":\"Shop\",\"item\":\"https:\\\/\\\/www.oudadl.testontwikkeling.nl\\\/de\\\/shop\\\/\"},{\"@type\":\"ListItem\",\"position\":3,\"name\":\"Flitsers en zwaailampen\",\"item\":\"https:\\\/\\\/www.oudadl.testontwikkeling.nl\\\/product-categorie\\\/flitsers-zwaailampen\\\/\"},{\"@type\":\"ListItem\",\"position\":4,\"name\":\"Flitser\",\"item\":\"https:\\\/\\\/www.oudadl.testontwikkeling.nl\\\/product-categorie\\\/flitsers-zwaailampen\\\/flitser\\\/\"},{\"@type\":\"ListItem\",\"position\":5,\"name\":\"Strands Dark Knight Gloria LED flitser &#8211; helder\"}]},{\"@type\":\"WebSite\",\"@id\":\"https:\\\/\\\/www.oudadl.testontwikkeling.nl\\\/#website\",\"url\":\"https:\\\/\\\/www.oudadl.testontwikkeling.nl\\\/\",\"name\":\"All Day Led\",\"description\":\"\",\"publisher\":{\"@id\":\"https:\\\/\\\/www.oudadl.testontwikkeling.nl\\\/#organization\"},\"potentialAction\":[{\"@type\":\"SearchAction\",\"target\":{\"@type\":\"EntryPoint\",\"urlTemplate\":\"https:\\\/\\\/www.oudadl.testontwikkeling.nl\\\/?s={search_term_string}\"},\"query-input\":{\"@type\":\"PropertyValueSpecification\",\"valueRequired\":true,\"valueName\":\"search_term_string\"}}],\"inLanguage\":\"de\"},{\"@type\":\"Organization\",\"@id\":\"https:\\\/\\\/www.oudadl.testontwikkeling.nl\\\/#organization\",\"name\":\"All Day Led\",\"url\":\"https:\\\/\\\/www.oudadl.testontwikkeling.nl\\\/\",\"logo\":{\"@type\":\"ImageObject\",\"inLanguage\":\"de\",\"@id\":\"https:\\\/\\\/www.oudadl.testontwikkeling.nl\\\/#\\\/schema\\\/logo\\\/image\\\/\",\"url\":\"https:\\\/\\\/www.oudadl.testontwikkeling.nl\\\/wp-content\\\/uploads\\\/2022\\\/08\\\/Logo-ALL-DAY-LED-800x800-zwart-witte-letters.png\",\"contentUrl\":\"https:\\\/\\\/www.oudadl.testontwikkeling.nl\\\/wp-content\\\/uploads\\\/2022\\\/08\\\/Logo-ALL-DAY-LED-800x800-zwart-witte-letters.png\",\"width\":800,\"height\":800,\"caption\":\"All Day Led\"},\"image\":{\"@id\":\"https:\\\/\\\/www.oudadl.testontwikkeling.nl\\\/#\\\/schema\\\/logo\\\/image\\\/\"},\"sameAs\":[\"https:\\\/\\\/www.facebook.com\\\/alldayled\\\/\",\"https:\\\/\\\/www.instagram.com\\\/alldayled\\\/\"],\"vatID\":\"NL863960133B01\",\"taxID\":\"86416545\",\"hasMerchantReturnPolicy\":{\"@type\":\"MerchantReturnPolicy\",\"merchantReturnLink\":\"https:\\\/\\\/www.oudadl.testontwikkeling.nl\\\/de\\\/verzenden-retourneren\\\/\"}}]}<\/script>\n<meta property=\"product:brand\" content=\"Strands\" \/>\n<meta property=\"product:price:amount\" content=\"44.95\" \/>\n<meta property=\"product:price:currency\" content=\"EUR\" \/>\n<meta property=\"og:availability\" content=\"instock\" \/>\n<meta property=\"product:availability\" content=\"instock\" \/>\n<meta property=\"product:retailer_item_id\" content=\"ADL850420\" \/>\n<meta property=\"product:condition\" content=\"new\" \/>\n<!-- \/ Yoast SEO Premium plugin. -->","yoast_head_json":{"title":"Strands Dark Knight Gloria klar \u2013 LED Blitz \u2013 All Day Led \u2013 12&amp;24V","description":"Strands Dark Knight Gloria klar \u2013 Einbau-Warnleuchte mit ECE R65 \u2013 mit 40 cm Kabel \u2013 f\u00fcr 12&amp;24V \u2013 PKW, Anh\u00e4nger, LKW und mehr","robots":{"index":"noindex","follow":"follow","max-snippet":"max-snippet:-1","max-image-preview":"max-image-preview:large","max-video-preview":"max-video-preview:-1"},"og_locale":"de_DE","og_type":"article","og_title":"Strands Dark Knight gloria helder - LED flitser - All Day Led - 12&24V","og_description":"Strands Dark Knight gloria helder - inbouw waarschuwingslamp met ECE R65 - met 40 cm kabel - voor 12&24V - auto, aanhanger, vrachtwagen en meer","og_url":"https:\/\/www.oudadl.testontwikkeling.nl\/de\/produkt\/strands-dark-knight-gloria-led-flitser-helder\/","og_site_name":"All Day Led","article_publisher":"https:\/\/www.facebook.com\/alldayled\/","article_modified_time":"2025-11-26T20:59:32+00:00","og_image":[{"width":800,"height":600,"url":"https:\/\/www.oudadl.testontwikkeling.nl\/wp-content\/uploads\/2023\/11\/ADL85420-02.png","type":"image\/png"}],"twitter_misc":{"Preis":"&euro;44,95","Verf\u00fcgbarkeit":"Auf Lager"},"schema":{"@context":"https:\/\/schema.org","@graph":[{"@type":"WebPage","@id":"https:\/\/www.oudadl.testontwikkeling.nl\/product\/strands-dark-knight-gloria-led-flitser-helder\/","url":"https:\/\/www.oudadl.testontwikkeling.nl\/product\/strands-dark-knight-gloria-led-flitser-helder\/","name":"Strands Dark Knight Gloria klar \u2013 LED Blitz \u2013 All Day Led \u2013 12&amp;24V","isPartOf":{"@id":"https:\/\/www.oudadl.testontwikkeling.nl\/#website"},"primaryImageOfPage":{"@id":"https:\/\/www.oudadl.testontwikkeling.nl\/product\/strands-dark-knight-gloria-led-flitser-helder\/#primaryimage"},"image":{"@id":"https:\/\/www.oudadl.testontwikkeling.nl\/product\/strands-dark-knight-gloria-led-flitser-helder\/#primaryimage"},"thumbnailUrl":"https:\/\/www.oudadl.testontwikkeling.nl\/wp-content\/uploads\/2023\/11\/ADL85420.png","datePublished":"2023-11-13T11:23:23+00:00","dateModified":"2025-11-26T20:59:32+00:00","description":"Strands Dark Knight Gloria klar \u2013 Einbau-Warnleuchte mit ECE R65 \u2013 mit 40 cm Kabel \u2013 f\u00fcr 12&amp;24V \u2013 PKW, Anh\u00e4nger, LKW und mehr","breadcrumb":{"@id":"https:\/\/www.oudadl.testontwikkeling.nl\/product\/strands-dark-knight-gloria-led-flitser-helder\/#breadcrumb"},"inLanguage":"de","potentialAction":[{"@type":"ReadAction","target":["https:\/\/www.oudadl.testontwikkeling.nl\/product\/strands-dark-knight-gloria-led-flitser-helder\/"]}]},{"@type":"ImageObject","inLanguage":"de","@id":"https:\/\/www.oudadl.testontwikkeling.nl\/product\/strands-dark-knight-gloria-led-flitser-helder\/#primaryimage","url":"https:\/\/www.oudadl.testontwikkeling.nl\/wp-content\/uploads\/2023\/11\/ADL85420.png","contentUrl":"https:\/\/www.oudadl.testontwikkeling.nl\/wp-content\/uploads\/2023\/11\/ADL85420.png","width":800,"height":600,"caption":"Strands Dark Knight Gloria inbouw flitser met helder glas in kleur ORANJE - LED waarschuwingslamp voor 12 en 24 volt gebruik - Strands 850420 - EAN: 7350133816638"},{"@type":"BreadcrumbList","@id":"https:\/\/www.oudadl.testontwikkeling.nl\/product\/strands-dark-knight-gloria-led-flitser-helder\/#breadcrumb","itemListElement":[{"@type":"ListItem","position":1,"name":"Home","item":"https:\/\/www.oudadl.testontwikkeling.nl\/"},{"@type":"ListItem","position":2,"name":"Shop","item":"https:\/\/www.oudadl.testontwikkeling.nl\/de\/shop\/"},{"@type":"ListItem","position":3,"name":"Flitsers en zwaailampen","item":"https:\/\/www.oudadl.testontwikkeling.nl\/product-categorie\/flitsers-zwaailampen\/"},{"@type":"ListItem","position":4,"name":"Flitser","item":"https:\/\/www.oudadl.testontwikkeling.nl\/product-categorie\/flitsers-zwaailampen\/flitser\/"},{"@type":"ListItem","position":5,"name":"Strands Dark Knight Gloria LED flitser &#8211; helder"}]},{"@type":"WebSite","@id":"https:\/\/www.oudadl.testontwikkeling.nl\/#website","url":"https:\/\/www.oudadl.testontwikkeling.nl\/","name":"All Day Led","description":"","publisher":{"@id":"https:\/\/www.oudadl.testontwikkeling.nl\/#organization"},"potentialAction":[{"@type":"SearchAction","target":{"@type":"EntryPoint","urlTemplate":"https:\/\/www.oudadl.testontwikkeling.nl\/?s={search_term_string}"},"query-input":{"@type":"PropertyValueSpecification","valueRequired":true,"valueName":"search_term_string"}}],"inLanguage":"de"},{"@type":"Organization","@id":"https:\/\/www.oudadl.testontwikkeling.nl\/#organization","name":"All Day Led","url":"https:\/\/www.oudadl.testontwikkeling.nl\/","logo":{"@type":"ImageObject","inLanguage":"de","@id":"https:\/\/www.oudadl.testontwikkeling.nl\/#\/schema\/logo\/image\/","url":"https:\/\/www.oudadl.testontwikkeling.nl\/wp-content\/uploads\/2022\/08\/Logo-ALL-DAY-LED-800x800-zwart-witte-letters.png","contentUrl":"https:\/\/www.oudadl.testontwikkeling.nl\/wp-content\/uploads\/2022\/08\/Logo-ALL-DAY-LED-800x800-zwart-witte-letters.png","width":800,"height":800,"caption":"All Day Led"},"image":{"@id":"https:\/\/www.oudadl.testontwikkeling.nl\/#\/schema\/logo\/image\/"},"sameAs":["https:\/\/www.facebook.com\/alldayled\/","https:\/\/www.instagram.com\/alldayled\/"],"vatID":"NL863960133B01","taxID":"86416545","hasMerchantReturnPolicy":{"@type":"MerchantReturnPolicy","merchantReturnLink":"https:\/\/www.oudadl.testontwikkeling.nl\/de\/verzenden-retourneren\/"}}]},"product_brand":"Strands","product_price_amount":"44.95","product_price_currency":"EUR","og_availability":"instock","product_availability":"instock","product_retailer_item_id":"ADL850420","product_condition":"new"},"_links":{"self":[{"href":"https:\/\/www.oudadl.testontwikkeling.nl\/de\/wp-json\/wp\/v2\/product\/40462","targetHints":{"allow":["GET"]}}],"collection":[{"href":"https:\/\/www.oudadl.testontwikkeling.nl\/de\/wp-json\/wp\/v2\/product"}],"about":[{"href":"https:\/\/www.oudadl.testontwikkeling.nl\/de\/wp-json\/wp\/v2\/types\/product"}],"replies":[{"embeddable":true,"href":"https:\/\/www.oudadl.testontwikkeling.nl\/de\/wp-json\/wp\/v2\/comments?post=40462"}],"wp:featuredmedia":[{"embeddable":true,"href":"https:\/\/www.oudadl.testontwikkeling.nl\/de\/wp-json\/wp\/v2\/media\/40469"}],"wp:attachment":[{"href":"https:\/\/www.oudadl.testontwikkeling.nl\/de\/wp-json\/wp\/v2\/media?parent=40462"}],"wp:term":[{"taxonomy":"product_brand","embeddable":true,"href":"https:\/\/www.oudadl.testontwikkeling.nl\/de\/wp-json\/wp\/v2\/product_brand?post=40462"},{"taxonomy":"product_cat","embeddable":true,"href":"https:\/\/www.oudadl.testontwikkeling.nl\/de\/wp-json\/wp\/v2\/product_cat?post=40462"},{"taxonomy":"product_tag","embeddable":true,"href":"https:\/\/www.oudadl.testontwikkeling.nl\/de\/wp-json\/wp\/v2\/product_tag?post=40462"}],"curies":[{"name":"wp","href":"https:\/\/api.w.org\/{rel}","templated":true}]}}