{"id":39773,"date":"2023-10-18T15:24:04","date_gmt":"2023-10-18T14:24:04","guid":{"rendered":"https:\/\/www.oudadl.testontwikkeling.nl\/?post_type=product&#038;p=39773"},"modified":"2025-12-02T02:56:51","modified_gmt":"2025-12-02T01:56:51","slug":"strands-dark-knight-fortex-led-lamp-amber","status":"publish","type":"product","link":"https:\/\/www.oudadl.testontwikkeling.nl\/de\/product\/strands-dark-knight-fortex-led-lamp-amber\/","title":{"rendered":"Strands Dark Knight Fortex LED Lampe AMBER"},"content":{"rendered":"<p><span style=\"color: #000000;\"><strong>Strands Dark Knight Fortex Lampe mit Standlicht AMBER, f\u00fcr 12 und 24 Volt.<\/strong><\/span><\/p>\n<p><span style=\"color: #000000;\">Suchen Sie eine kleine Arbeitslampe? M\u00f6chten Sie aber auch eine orangefarbene Standlichtfunktion und eine wechselbare wei\u00dfe Farbe? Dann k\u00f6nnte die Arbeitsleuchte Dark Knight Fortex LED der Marke Strands genau die Lampe sein, nach der Sie suchen. Die LED-Lampe ist mit insgesamt 4 sehr hellen LED-Punkten ausgestattet, die auf 4000 - 5000 und 6000 Kelvin eingestellt werden k\u00f6nnen. Dadurch ist eine gute Sicht bei Schnee, Regen und D\u00e4mmerung gew\u00e4hrleistet. Der Arbeitsscheinwerfer Strands Dark Knight LED kann mit 12 und 24 Volt betrieben werden. Das bedeutet, dass Sie den Arbeitsscheinwerfer LED beispielsweise an Ihrem Auto, LKW, Wohnmobil, Traktor oder einem anderen Fahrzeugtyp verwenden k\u00f6nnen.\u00a0<\/span><\/p>\n<p><span style=\"color: #000000;\">Damit die Arbeitsleuchte Strands Dark Knight Fortex LED mit amber Standlicht und 3 Farben Wei\u00df f\u00fcr Ihr Fahrzeug oder Ihren Anh\u00e4nger geeignet ist. Nachfolgend haben wir einige Spezifikationen aufgeschrieben. All dies, um Ihnen klar zu machen, warum dies m\u00f6glicherweise die LED-Arbeitsleuchte ist, nach der Sie suchen. Die Arbeitsleuchte LED beispielsweise verf\u00fcgt \u00fcber das ECE R10 IP68 und IP69K G\u00fctezeichen. Diese Qualit\u00e4tszeichen weisen darauf hin, dass die LED-Lampe w\u00e4hrend der Aktivierung keine Signalst\u00f6rungen verursacht. Aber auch, dass die Lampe vollst\u00e4ndig ledig staub- und wasserdicht ist. Um das Ganze abzurunden, wird die Arbeitsleuchte LED mit einem DT-4-Anschlusskabel geliefert.\u00a0<\/span><\/p>\n<h5><span style=\"color: #000000;\"><strong>Abmessungen:<\/strong><\/span><\/h5>\n<p><span style=\"color: #000000;\">Damit Sie das Strands Dark Knight Fortex mit amber Standlicht \u00fcberall montieren k\u00f6nnen. Die Ma\u00dfe haben wir unten notiert. Die Abmessungen der LED-Lampe der Marke Strands sind wie folgt:<\/span><\/p>\n<ul>\n<li><span style=\"color: #000000;\">H\u00f6he: 80 mm (90 mm inkl. Montage)<\/span><\/li>\n<li><span style=\"color: #000000;\">Breite: 85 mm<\/span><\/li>\n<li><span style=\"color: #000000;\">Dicke: 64,4 mm<\/span><\/li>\n<\/ul>\n<h5><span style=\"color: #000000;\"><strong>Andere Versionen:\u00a0<\/strong><\/span><\/h5>\n<p><span style=\"color: #000000;\">Sie m\u00f6chten eine Arbeitsleuchte der Marke Strands, aber ist die Strands Dark Knight Fortex AMBER nicht die Lampe, die Sie suchen? Dann werfen Sie einen Blick auf die Fortex-Lampe mit rotem Standlicht. <\/span><\/p>\n<ul>\n<li><span style=\"color: #000000;\"><a style=\"color: #000000;\" href=\"https:\/\/www.oudadl.testontwikkeling.nl\/de\/produkt\/strands-dark-knight-fortex-led-lamp-rood\/\" target=\"_blank\" rel=\"noopener\"><strong>Fortex Lampe ROT<\/strong><\/a><\/span><\/li>\n<\/ul>\n<p><span style=\"color: #000000;\">Denken Sie immer noch, dass die 40-W-Arbeitsleuchte Strands Dark Knight Fortex LED mit amber Standlicht nicht das ist, was Sie suchen? Einfach, weil die Lichtleistung, Wattzahl oder Form nicht Ihren W\u00fcnschen entspricht? Dann sehen Sie sich hier das komplette Sortiment an <a style=\"color: #000000;\" href=\"https:\/\/www.oudadl.testontwikkeling.nl\/de\/merk\/produkt-strands-beleuchtungsabteilung\/\" target=\"_blank\" rel=\"noopener\">Strands<\/a>. Sehen <a style=\"color: #000000;\" href=\"https:\/\/strandseurope.com\/uploads\/2023\/10\/809255809256-manual3i5098.pdf\" target=\"_blank\" rel=\"noopener\">hier<\/a> das Handbuch der Arbeitsleuchte Fortex LED.<\/span><\/p>","protected":false},"excerpt":{"rendered":"<p>Strands Dark Knight Fortex lamp met standlicht AMBER, voor 12 en 24 volt. Bent u opzoek naar een klein formaat werklamp? Maar wilt u er ook een oranje standlicht functie en wisselbare kleur wit op hebben? Dan is de Dark Knight Fortex LED werklamp van merk Strands wellicht d\u00e9 lamp die u zoekt. De LED [&hellip;]<\/p>\n","protected":false},"featured_media":40455,"comment_status":"open","ping_status":"closed","template":"","meta":{"_acf_changed":false,"site-sidebar-layout":"default","site-content-layout":"default","ast-site-content-layout":"default","site-content-style":"default","site-sidebar-style":"default","ast-global-header-display":"","ast-banner-title-visibility":"","ast-main-header-display":"","ast-hfb-above-header-display":"","ast-hfb-below-header-display":"","ast-hfb-mobile-header-display":"","site-post-title":"","ast-breadcrumbs-content":"","ast-featured-img":"","footer-sml-layout":"","ast-disable-related-posts":"","theme-transparent-header-meta":"default","adv-header-id-meta":"","stick-header-meta":"","header-above-stick-meta":"","header-main-stick-meta":"","header-below-stick-meta":"","astra-migrate-meta-layouts":"set","ast-page-background-enabled":"default","ast-page-background-meta":{"desktop":{"background-color":"","background-image":"","background-repeat":"repeat","background-position":"center center","background-size":"auto","background-attachment":"scroll","background-type":"","background-media":"","overlay-type":"","overlay-color":"","overlay-opacity":"","overlay-gradient":""},"tablet":{"background-color":"","background-image":"","background-repeat":"repeat","background-position":"center center","background-size":"auto","background-attachment":"scroll","background-type":"","background-media":"","overlay-type":"","overlay-color":"","overlay-opacity":"","overlay-gradient":""},"mobile":{"background-color":"","background-image":"","background-repeat":"repeat","background-position":"center center","background-size":"auto","background-attachment":"scroll","background-type":"","background-media":"","overlay-type":"","overlay-color":"","overlay-opacity":"","overlay-gradient":""}},"ast-content-background-meta":{"desktop":{"background-color":"var(--ast-global-color-5)","background-image":"","background-repeat":"repeat","background-position":"center center","background-size":"auto","background-attachment":"scroll","background-type":"","background-media":"","overlay-type":"","overlay-color":"","overlay-opacity":"","overlay-gradient":""},"tablet":{"background-color":"var(--ast-global-color-5)","background-image":"","background-repeat":"repeat","background-position":"center center","background-size":"auto","background-attachment":"scroll","background-type":"","background-media":"","overlay-type":"","overlay-color":"","overlay-opacity":"","overlay-gradient":""},"mobile":{"background-color":"var(--ast-global-color-5)","background-image":"","background-repeat":"repeat","background-position":"center center","background-size":"auto","background-attachment":"scroll","background-type":"","background-media":"","overlay-type":"","overlay-color":"","overlay-opacity":"","overlay-gradient":""}}},"product_brand":[],"product_cat":[7330,8150],"product_tag":[7007,373,7006,2426,3787,2427],"class_list":{"0":"post-39773","1":"product","2":"type-product","3":"status-publish","4":"has-post-thumbnail","6":"product_cat-strands-dark-knight","7":"product_cat-werklamp-vierkant","8":"product_tag-dark-knight-verlichting","9":"product_tag-led-werklamp","10":"product_tag-strands-dark-knight","11":"product_tag-strands-led-verlichting","12":"product_tag-strands-werklamp","13":"product_tag-strands-lighting-division","14":"pa_merkk-product-strands-lighting-division","15":"desktop-align-left","16":"tablet-align-left","17":"mobile-align-left","19":"first","20":"instock","21":"taxable","22":"shipping-taxable","23":"purchasable","24":"product-type-simple"},"acf":[],"yoast_head":"<!-- This site is optimized with the Yoast SEO Premium plugin v25.9 (Yoast SEO v27.6) - https:\/\/yoast.com\/product\/yoast-seo-premium-wordpress\/ -->\n<title>Strands Dark Knight Fortex AMBER - werklamp - All Day Led - voor 12&amp;24 Volt<\/title>\n<meta name=\"description\" content=\"Strands Dark Knight Fortex AMBER - LED lamp 40W met standlicht - STRANDS - 3 kleuren werklamp - met donker glas - 3900 Lumen - ECE R10 - uniek design\" \/>\n<meta name=\"robots\" content=\"noindex, follow, max-snippet:-1, max-image-preview:large, max-video-preview:-1\" \/>\n<meta property=\"og:locale\" content=\"de_DE\" \/>\n<meta property=\"og:type\" content=\"article\" \/>\n<meta property=\"og:title\" content=\"Strands Dark Knight Fortex AMBER - werklamp - All Day Led - voor 12&amp;24 Volt\" \/>\n<meta property=\"og:description\" content=\"Strands Dark Knight Fortex AMBER - LED lamp 40W met standlicht - STRANDS - 3 kleuren werklamp - met donker glas - 3900 Lumen - ECE R10 - uniek design\" \/>\n<meta property=\"og:url\" content=\"https:\/\/www.oudadl.testontwikkeling.nl\/de\/produkt\/strands-dark-knight-fortex-led-lamp-amber\/\" \/>\n<meta property=\"og:site_name\" content=\"All Day Led\" \/>\n<meta property=\"article:publisher\" content=\"https:\/\/www.facebook.com\/alldayled\/\" \/>\n<meta property=\"article:modified_time\" content=\"2025-12-02T01:56:51+00:00\" \/>\n<meta property=\"og:image\" content=\"https:\/\/www.oudadl.testontwikkeling.nl\/wp-content\/uploads\/2024\/03\/ADL809256.png\" \/>\n\t<meta property=\"og:image:width\" content=\"800\" \/>\n\t<meta property=\"og:image:height\" content=\"800\" \/>\n\t<meta property=\"og:image:type\" content=\"image\/png\" \/>\n<meta name=\"twitter:label1\" content=\"Preis\" \/>\n\t<meta name=\"twitter:data1\" content=\"&euro;99,00\" \/>\n\t<meta name=\"twitter:label2\" content=\"Verf\u00fcgbarkeit\" \/>\n\t<meta name=\"twitter:data2\" content=\"Auf Lager\" \/>\n<script type=\"application\/ld+json\" class=\"yoast-schema-graph\">{\"@context\":\"https:\\\/\\\/schema.org\",\"@graph\":[{\"@type\":\"WebPage\",\"@id\":\"https:\\\/\\\/www.oudadl.testontwikkeling.nl\\\/product\\\/strands-dark-knight-fortex-led-lamp-amber\\\/\",\"url\":\"https:\\\/\\\/www.oudadl.testontwikkeling.nl\\\/product\\\/strands-dark-knight-fortex-led-lamp-amber\\\/\",\"name\":\"Strands Dark Knight Fortex AMBER - werklamp - All Day Led - voor 12&24 Volt\",\"isPartOf\":{\"@id\":\"https:\\\/\\\/www.oudadl.testontwikkeling.nl\\\/#website\"},\"primaryImageOfPage\":{\"@id\":\"https:\\\/\\\/www.oudadl.testontwikkeling.nl\\\/product\\\/strands-dark-knight-fortex-led-lamp-amber\\\/#primaryimage\"},\"image\":{\"@id\":\"https:\\\/\\\/www.oudadl.testontwikkeling.nl\\\/product\\\/strands-dark-knight-fortex-led-lamp-amber\\\/#primaryimage\"},\"thumbnailUrl\":\"https:\\\/\\\/www.oudadl.testontwikkeling.nl\\\/wp-content\\\/uploads\\\/2023\\\/10\\\/ADL89256.png\",\"datePublished\":\"2023-10-18T14:24:04+00:00\",\"dateModified\":\"2025-12-02T01:56:51+00:00\",\"description\":\"Strands Dark Knight Fortex AMBER - LED lamp 40W met standlicht - STRANDS - 3 kleuren werklamp - met donker glas - 3900 Lumen - ECE R10 - uniek design\",\"breadcrumb\":{\"@id\":\"https:\\\/\\\/www.oudadl.testontwikkeling.nl\\\/product\\\/strands-dark-knight-fortex-led-lamp-amber\\\/#breadcrumb\"},\"inLanguage\":\"de\",\"potentialAction\":[{\"@type\":\"ReadAction\",\"target\":[\"https:\\\/\\\/www.oudadl.testontwikkeling.nl\\\/product\\\/strands-dark-knight-fortex-led-lamp-amber\\\/\"]}]},{\"@type\":\"ImageObject\",\"inLanguage\":\"de\",\"@id\":\"https:\\\/\\\/www.oudadl.testontwikkeling.nl\\\/product\\\/strands-dark-knight-fortex-led-lamp-amber\\\/#primaryimage\",\"url\":\"https:\\\/\\\/www.oudadl.testontwikkeling.nl\\\/wp-content\\\/uploads\\\/2023\\\/10\\\/ADL89256.png\",\"contentUrl\":\"https:\\\/\\\/www.oudadl.testontwikkeling.nl\\\/wp-content\\\/uploads\\\/2023\\\/10\\\/ADL89256.png\",\"width\":800,\"height\":600,\"caption\":\"Strands Dark Knight Fortex LED werklamp met 3 kleuren WIT - Werklamp met AMBER standlicht die geschikt is voor 12 en 24 volt gebruik - EAN: 7323030001131\"},{\"@type\":\"BreadcrumbList\",\"@id\":\"https:\\\/\\\/www.oudadl.testontwikkeling.nl\\\/product\\\/strands-dark-knight-fortex-led-lamp-amber\\\/#breadcrumb\",\"itemListElement\":[{\"@type\":\"ListItem\",\"position\":1,\"name\":\"Home\",\"item\":\"https:\\\/\\\/www.oudadl.testontwikkeling.nl\\\/\"},{\"@type\":\"ListItem\",\"position\":2,\"name\":\"Shop\",\"item\":\"https:\\\/\\\/www.oudadl.testontwikkeling.nl\\\/de\\\/shop\\\/\"},{\"@type\":\"ListItem\",\"position\":3,\"name\":\"Werklampen\",\"item\":\"https:\\\/\\\/www.oudadl.testontwikkeling.nl\\\/product-categorie\\\/werklampen\\\/\"},{\"@type\":\"ListItem\",\"position\":4,\"name\":\"Werklamp vierkant\",\"item\":\"https:\\\/\\\/www.oudadl.testontwikkeling.nl\\\/product-categorie\\\/werklampen\\\/werklamp-vierkant\\\/\"},{\"@type\":\"ListItem\",\"position\":5,\"name\":\"Strands Dark Knight Fortex LED lamp AMBER\"}]},{\"@type\":\"WebSite\",\"@id\":\"https:\\\/\\\/www.oudadl.testontwikkeling.nl\\\/#website\",\"url\":\"https:\\\/\\\/www.oudadl.testontwikkeling.nl\\\/\",\"name\":\"All Day Led\",\"description\":\"\",\"publisher\":{\"@id\":\"https:\\\/\\\/www.oudadl.testontwikkeling.nl\\\/#organization\"},\"potentialAction\":[{\"@type\":\"SearchAction\",\"target\":{\"@type\":\"EntryPoint\",\"urlTemplate\":\"https:\\\/\\\/www.oudadl.testontwikkeling.nl\\\/?s={search_term_string}\"},\"query-input\":{\"@type\":\"PropertyValueSpecification\",\"valueRequired\":true,\"valueName\":\"search_term_string\"}}],\"inLanguage\":\"de\"},{\"@type\":\"Organization\",\"@id\":\"https:\\\/\\\/www.oudadl.testontwikkeling.nl\\\/#organization\",\"name\":\"All Day Led\",\"url\":\"https:\\\/\\\/www.oudadl.testontwikkeling.nl\\\/\",\"logo\":{\"@type\":\"ImageObject\",\"inLanguage\":\"de\",\"@id\":\"https:\\\/\\\/www.oudadl.testontwikkeling.nl\\\/#\\\/schema\\\/logo\\\/image\\\/\",\"url\":\"https:\\\/\\\/www.oudadl.testontwikkeling.nl\\\/wp-content\\\/uploads\\\/2022\\\/08\\\/Logo-ALL-DAY-LED-800x800-zwart-witte-letters.png\",\"contentUrl\":\"https:\\\/\\\/www.oudadl.testontwikkeling.nl\\\/wp-content\\\/uploads\\\/2022\\\/08\\\/Logo-ALL-DAY-LED-800x800-zwart-witte-letters.png\",\"width\":800,\"height\":800,\"caption\":\"All Day Led\"},\"image\":{\"@id\":\"https:\\\/\\\/www.oudadl.testontwikkeling.nl\\\/#\\\/schema\\\/logo\\\/image\\\/\"},\"sameAs\":[\"https:\\\/\\\/www.facebook.com\\\/alldayled\\\/\",\"https:\\\/\\\/www.instagram.com\\\/alldayled\\\/\"],\"vatID\":\"NL863960133B01\",\"taxID\":\"86416545\",\"hasMerchantReturnPolicy\":{\"@type\":\"MerchantReturnPolicy\",\"merchantReturnLink\":\"https:\\\/\\\/www.oudadl.testontwikkeling.nl\\\/de\\\/verzenden-retourneren\\\/\"}}]}<\/script>\n<meta property=\"product:brand\" content=\"Strands\" \/>\n<meta property=\"product:price:amount\" content=\"99.00\" \/>\n<meta property=\"product:price:currency\" content=\"EUR\" \/>\n<meta property=\"og:availability\" content=\"instock\" \/>\n<meta property=\"product:availability\" content=\"instock\" \/>\n<meta property=\"product:retailer_item_id\" content=\"ADL809256\" \/>\n<meta property=\"product:condition\" content=\"new\" \/>\n<!-- \/ Yoast SEO Premium plugin. -->","yoast_head_json":{"title":"Strands Dark Knight Fortex AMBER \u2013 Arbeitsleuchte \u2013 All Day Led \u2013 f\u00fcr 12&amp;24 Volt","description":"Strands Dark Knight Fortex AMBER \u2013 LED Lampe 40 W mit Standlicht \u2013 STRANDS \u2013 3-Farben-Arbeitslampe \u2013 mit dunklem Glas \u2013 3900 Lumen \u2013 ECE R10 \u2013 einzigartiges Design","robots":{"index":"noindex","follow":"follow","max-snippet":"max-snippet:-1","max-image-preview":"max-image-preview:large","max-video-preview":"max-video-preview:-1"},"og_locale":"de_DE","og_type":"article","og_title":"Strands Dark Knight Fortex AMBER - werklamp - All Day Led - voor 12&24 Volt","og_description":"Strands Dark Knight Fortex AMBER - LED lamp 40W met standlicht - STRANDS - 3 kleuren werklamp - met donker glas - 3900 Lumen - ECE R10 - uniek design","og_url":"https:\/\/www.oudadl.testontwikkeling.nl\/de\/produkt\/strands-dark-knight-fortex-led-lamp-amber\/","og_site_name":"All Day Led","article_publisher":"https:\/\/www.facebook.com\/alldayled\/","article_modified_time":"2025-12-02T01:56:51+00:00","og_image":[{"width":800,"height":800,"url":"https:\/\/www.oudadl.testontwikkeling.nl\/wp-content\/uploads\/2024\/03\/ADL809256.png","type":"image\/png"}],"twitter_misc":{"Preis":"&euro;99,00","Verf\u00fcgbarkeit":"Auf Lager"},"schema":{"@context":"https:\/\/schema.org","@graph":[{"@type":"WebPage","@id":"https:\/\/www.oudadl.testontwikkeling.nl\/product\/strands-dark-knight-fortex-led-lamp-amber\/","url":"https:\/\/www.oudadl.testontwikkeling.nl\/product\/strands-dark-knight-fortex-led-lamp-amber\/","name":"Strands Dark Knight Fortex AMBER \u2013 Arbeitsleuchte \u2013 All Day Led \u2013 f\u00fcr 12&amp;24 Volt","isPartOf":{"@id":"https:\/\/www.oudadl.testontwikkeling.nl\/#website"},"primaryImageOfPage":{"@id":"https:\/\/www.oudadl.testontwikkeling.nl\/product\/strands-dark-knight-fortex-led-lamp-amber\/#primaryimage"},"image":{"@id":"https:\/\/www.oudadl.testontwikkeling.nl\/product\/strands-dark-knight-fortex-led-lamp-amber\/#primaryimage"},"thumbnailUrl":"https:\/\/www.oudadl.testontwikkeling.nl\/wp-content\/uploads\/2023\/10\/ADL89256.png","datePublished":"2023-10-18T14:24:04+00:00","dateModified":"2025-12-02T01:56:51+00:00","description":"Strands Dark Knight Fortex AMBER \u2013 LED Lampe 40 W mit Standlicht \u2013 STRANDS \u2013 3-Farben-Arbeitslampe \u2013 mit dunklem Glas \u2013 3900 Lumen \u2013 ECE R10 \u2013 einzigartiges Design","breadcrumb":{"@id":"https:\/\/www.oudadl.testontwikkeling.nl\/product\/strands-dark-knight-fortex-led-lamp-amber\/#breadcrumb"},"inLanguage":"de","potentialAction":[{"@type":"ReadAction","target":["https:\/\/www.oudadl.testontwikkeling.nl\/product\/strands-dark-knight-fortex-led-lamp-amber\/"]}]},{"@type":"ImageObject","inLanguage":"de","@id":"https:\/\/www.oudadl.testontwikkeling.nl\/product\/strands-dark-knight-fortex-led-lamp-amber\/#primaryimage","url":"https:\/\/www.oudadl.testontwikkeling.nl\/wp-content\/uploads\/2023\/10\/ADL89256.png","contentUrl":"https:\/\/www.oudadl.testontwikkeling.nl\/wp-content\/uploads\/2023\/10\/ADL89256.png","width":800,"height":600,"caption":"Strands Dark Knight Fortex LED werklamp met 3 kleuren WIT - Werklamp met AMBER standlicht die geschikt is voor 12 en 24 volt gebruik - EAN: 7323030001131"},{"@type":"BreadcrumbList","@id":"https:\/\/www.oudadl.testontwikkeling.nl\/product\/strands-dark-knight-fortex-led-lamp-amber\/#breadcrumb","itemListElement":[{"@type":"ListItem","position":1,"name":"Home","item":"https:\/\/www.oudadl.testontwikkeling.nl\/"},{"@type":"ListItem","position":2,"name":"Shop","item":"https:\/\/www.oudadl.testontwikkeling.nl\/de\/shop\/"},{"@type":"ListItem","position":3,"name":"Werklampen","item":"https:\/\/www.oudadl.testontwikkeling.nl\/product-categorie\/werklampen\/"},{"@type":"ListItem","position":4,"name":"Werklamp vierkant","item":"https:\/\/www.oudadl.testontwikkeling.nl\/product-categorie\/werklampen\/werklamp-vierkant\/"},{"@type":"ListItem","position":5,"name":"Strands Dark Knight Fortex LED lamp AMBER"}]},{"@type":"WebSite","@id":"https:\/\/www.oudadl.testontwikkeling.nl\/#website","url":"https:\/\/www.oudadl.testontwikkeling.nl\/","name":"All Day Led","description":"","publisher":{"@id":"https:\/\/www.oudadl.testontwikkeling.nl\/#organization"},"potentialAction":[{"@type":"SearchAction","target":{"@type":"EntryPoint","urlTemplate":"https:\/\/www.oudadl.testontwikkeling.nl\/?s={search_term_string}"},"query-input":{"@type":"PropertyValueSpecification","valueRequired":true,"valueName":"search_term_string"}}],"inLanguage":"de"},{"@type":"Organization","@id":"https:\/\/www.oudadl.testontwikkeling.nl\/#organization","name":"All Day Led","url":"https:\/\/www.oudadl.testontwikkeling.nl\/","logo":{"@type":"ImageObject","inLanguage":"de","@id":"https:\/\/www.oudadl.testontwikkeling.nl\/#\/schema\/logo\/image\/","url":"https:\/\/www.oudadl.testontwikkeling.nl\/wp-content\/uploads\/2022\/08\/Logo-ALL-DAY-LED-800x800-zwart-witte-letters.png","contentUrl":"https:\/\/www.oudadl.testontwikkeling.nl\/wp-content\/uploads\/2022\/08\/Logo-ALL-DAY-LED-800x800-zwart-witte-letters.png","width":800,"height":800,"caption":"All Day Led"},"image":{"@id":"https:\/\/www.oudadl.testontwikkeling.nl\/#\/schema\/logo\/image\/"},"sameAs":["https:\/\/www.facebook.com\/alldayled\/","https:\/\/www.instagram.com\/alldayled\/"],"vatID":"NL863960133B01","taxID":"86416545","hasMerchantReturnPolicy":{"@type":"MerchantReturnPolicy","merchantReturnLink":"https:\/\/www.oudadl.testontwikkeling.nl\/de\/verzenden-retourneren\/"}}]},"product_brand":"Strands","product_price_amount":"99.00","product_price_currency":"EUR","og_availability":"instock","product_availability":"instock","product_retailer_item_id":"ADL809256","product_condition":"new"},"_links":{"self":[{"href":"https:\/\/www.oudadl.testontwikkeling.nl\/de\/wp-json\/wp\/v2\/product\/39773","targetHints":{"allow":["GET"]}}],"collection":[{"href":"https:\/\/www.oudadl.testontwikkeling.nl\/de\/wp-json\/wp\/v2\/product"}],"about":[{"href":"https:\/\/www.oudadl.testontwikkeling.nl\/de\/wp-json\/wp\/v2\/types\/product"}],"replies":[{"embeddable":true,"href":"https:\/\/www.oudadl.testontwikkeling.nl\/de\/wp-json\/wp\/v2\/comments?post=39773"}],"wp:featuredmedia":[{"embeddable":true,"href":"https:\/\/www.oudadl.testontwikkeling.nl\/de\/wp-json\/wp\/v2\/media\/40455"}],"wp:attachment":[{"href":"https:\/\/www.oudadl.testontwikkeling.nl\/de\/wp-json\/wp\/v2\/media?parent=39773"}],"wp:term":[{"taxonomy":"product_brand","embeddable":true,"href":"https:\/\/www.oudadl.testontwikkeling.nl\/de\/wp-json\/wp\/v2\/product_brand?post=39773"},{"taxonomy":"product_cat","embeddable":true,"href":"https:\/\/www.oudadl.testontwikkeling.nl\/de\/wp-json\/wp\/v2\/product_cat?post=39773"},{"taxonomy":"product_tag","embeddable":true,"href":"https:\/\/www.oudadl.testontwikkeling.nl\/de\/wp-json\/wp\/v2\/product_tag?post=39773"}],"curies":[{"name":"wp","href":"https:\/\/api.w.org\/{rel}","templated":true}]}}