{"id":39294,"date":"2023-09-29T15:47:44","date_gmt":"2023-09-29T13:47:44","guid":{"rendered":"https:\/\/www.oudadl.testontwikkeling.nl\/?post_type=product&#038;p=39294"},"modified":"2025-11-14T11:54:47","modified_gmt":"2025-11-14T10:54:47","slug":"h4-xtreme-led-lampen-set-wit","status":"publish","type":"product","link":"https:\/\/www.oudadl.testontwikkeling.nl\/de\/product\/h4-xtreme-led-lampen-set-wit\/","title":{"rendered":"H4 Xtreme LED Lampenset - wei\u00df"},"content":{"rendered":"<p><span style=\"color: #000000\"><strong>H4 Xtreme LED Lampenset, f\u00fcr 12 &amp; 24 Volt.\u00a0<\/strong><\/span><\/p>\n<p><span style=\"color: #000000\">Sie m\u00f6chten die urspr\u00fcnglich verbaute H4-Lampe Ihres Fahrzeugs gegen eine LED-Lampe austauschen? Sie wissen aber nicht, welche Lampe Sie ben\u00f6tigen? Vielleicht ist dieses H4 Xtreme LED-Lampenset das Set, das Sie suchen. Die LED-Lampe ist mit 10 LED-Punkten ausgestattet und wird im 2er-Set geliefert! Das H4 xtreme LED Lampenset ist mit einer Abblend- und Fernlichtfunktion ausgestattet und f\u00fcr den 12- und 24-Volt-Betrieb geeignet. Das bedeutet, dass Sie das LED-Lampenset beispielsweise in Ihrem Auto, LKW, Wohnmobil, Traktor oder einem anderen Fahrzeugtyp verwenden k\u00f6nnen.\u00a0<\/span><\/p>\n<h5><span style=\"color: #000000\"><strong>Abmessungen:<\/strong><\/span><\/h5>\n<p><span style=\"color: #000000\">Denn vor dem Kauf m\u00f6chten Sie wissen, ob die Lampe mit ihren Abmessungen dorthin passt, wo Sie sie montieren m\u00f6chten. Nachfolgend haben wir die Abmessungen der H4 Xtreme LED-Lampe notiert. Die Abmessungen der H4 LED Lampe sind wie folgt:<\/span><\/p>\n<ul>\n<li><span style=\"color: #000000\">Einbautiefe: 36,3 mm<\/span><\/li>\n<li><span style=\"color: #000000\">Gesamth\u00f6he: 83,2 mm<\/span><\/li>\n<li><span style=\"color: #000000\">Durchmesser: 16 mm<\/span><\/li>\n<\/ul>\n<p><span style=\"color: #000000\"><em>Bitte beachten Sie, dass diese LED Lampen in den meisten F\u00e4llen CAN-Bus-sicher sind. Dies bedeutet, dass die Lampe keine Meldung auf Ihrem Dashboard ausgibt. Dies gilt vor allem f\u00fcr etwas \u00e4ltere Pkw- und Lkw-Modelle. Neuere Fahrzeuge k\u00f6nnen in einigen F\u00e4llen eine Meldung auf dem Armaturenbrett erhalten. Zus\u00e4tzliche Beleuchtung wie Strahler oder Oberlichter sind von diesem System ausgenommen.<\/em><\/span><\/p>\n<h5><span style=\"color: #000000\"><strong>Andere Versionen:\u00a0<\/strong><\/span><\/h5>\n<p><span style=\"color: #000000\">M\u00f6chten Sie ein xtreme LED Lampenset kaufen? Aber k\u00f6nnen Sie die H4-Variante nicht in Ihr Fahrzeug einbauen, weil Sie einen anderen Anschluss haben? Dann wissen Sie, dass dieses LED-Lampenset auch mit folgenden Anschl\u00fcssen erh\u00e4ltlich ist:<\/span><\/p>\n<ul>\n<li><span style=\"color: #000000\"><a style=\"color: #000000\" href=\"https:\/\/www.oudadl.testontwikkeling.nl\/de\/produkt\/h7-xtreme-led-lampen-set-wit\/\" target=\"_blank\" rel=\"noopener\"><strong>Xtreme H7-Lampenset\u00a0<\/strong><\/a><\/span><\/li>\n<li><span style=\"color: #000000\"><a style=\"color: #000000\" href=\"https:\/\/www.oudadl.testontwikkeling.nl\/de\/produkt\/h11-xtreme-led-lampen-set-wit\/\" target=\"_blank\" rel=\"noopener\"><strong>Xtreme H11-Lampenset\u00a0<\/strong><\/a><\/span><\/li>\n<\/ul>\n<h5><span style=\"color: #000000\"><strong>Warum hat diese LED-Lampe kein E-Pr\u00fcfzeichen:<\/strong><\/span><\/h5>\n<p><span style=\"color: #000000\">Ersatzscheinwerfer m\u00fcssen den europ\u00e4ischen Normen bez\u00fcglich Sicherheit, Wasserdichtheit und Kurzschlusspr\u00e4vention (ECE-R37) entsprechen. Diese Normen basieren auf den Gl\u00fch- und Halogenlampen der Vergangenheit. LED-Ersatzscheinwerfer k\u00f6nnen diese Standards nicht erf\u00fcllen, da sie kein Filament enthalten. Deshalb erhalten sie kein E-Pr\u00fcfzeichen R37 und d\u00fcrfen daher offiziell nicht im \u00f6ffentlichen Stra\u00dfenverkehr verwendet werden. Autofahrer k\u00f6nnen bei einer Kontrolle von der Polizei mit einer Geldstrafe belegt werden, obwohl das Lichtbild der Lampe durch den T\u00dcV kommt. Sie sollten die H4 LED Lampen zum Beispiel im eigenen Gel\u00e4nde oder im Rennsport verwenden d\u00fcrfen.<\/span><\/p>","protected":false},"excerpt":{"rendered":"<p>H4 Xtreme LED lampen set, voor 12 &amp; 24 volt.\u00a0 Wilt u de origineel gemonteerde H4 lamp van uw voertuig omruilen voor een LED lamp? Maar weet u niet welke lamp u nodig hebt? Wellicht is deze H4 Xtreme LED lampen set dan wellicht d\u00e9 set die u zoekt. De LED lamp is voorzien van [&hellip;]<\/p>\n","protected":false},"featured_media":39705,"comment_status":"open","ping_status":"closed","template":"","meta":{"_acf_changed":false,"site-sidebar-layout":"default","site-content-layout":"default","ast-site-content-layout":"default","site-content-style":"default","site-sidebar-style":"default","ast-global-header-display":"","ast-banner-title-visibility":"","ast-main-header-display":"","ast-hfb-above-header-display":"","ast-hfb-below-header-display":"","ast-hfb-mobile-header-display":"","site-post-title":"","ast-breadcrumbs-content":"","ast-featured-img":"","footer-sml-layout":"","ast-disable-related-posts":"","theme-transparent-header-meta":"default","adv-header-id-meta":"","stick-header-meta":"","header-above-stick-meta":"","header-main-stick-meta":"","header-below-stick-meta":"","astra-migrate-meta-layouts":"set","ast-page-background-enabled":"default","ast-page-background-meta":{"desktop":{"background-color":"","background-image":"","background-repeat":"repeat","background-position":"center center","background-size":"auto","background-attachment":"scroll","background-type":"","background-media":"","overlay-type":"","overlay-color":"","overlay-opacity":"","overlay-gradient":""},"tablet":{"background-color":"","background-image":"","background-repeat":"repeat","background-position":"center center","background-size":"auto","background-attachment":"scroll","background-type":"","background-media":"","overlay-type":"","overlay-color":"","overlay-opacity":"","overlay-gradient":""},"mobile":{"background-color":"","background-image":"","background-repeat":"repeat","background-position":"center center","background-size":"auto","background-attachment":"scroll","background-type":"","background-media":"","overlay-type":"","overlay-color":"","overlay-opacity":"","overlay-gradient":""}},"ast-content-background-meta":{"desktop":{"background-color":"var(--ast-global-color-5)","background-image":"","background-repeat":"repeat","background-position":"center center","background-size":"auto","background-attachment":"scroll","background-type":"","background-media":"","overlay-type":"","overlay-color":"","overlay-opacity":"","overlay-gradient":""},"tablet":{"background-color":"var(--ast-global-color-5)","background-image":"","background-repeat":"repeat","background-position":"center center","background-size":"auto","background-attachment":"scroll","background-type":"","background-media":"","overlay-type":"","overlay-color":"","overlay-opacity":"","overlay-gradient":""},"mobile":{"background-color":"var(--ast-global-color-5)","background-image":"","background-repeat":"repeat","background-position":"center center","background-size":"auto","background-attachment":"scroll","background-type":"","background-media":"","overlay-type":"","overlay-color":"","overlay-opacity":"","overlay-gradient":""}}},"product_brand":[],"product_cat":[359],"product_tag":[2035,4228,4229,4227,4230,2036],"class_list":{"0":"post-39294","1":"product","2":"type-product","3":"status-publish","4":"has-post-thumbnail","6":"product_cat-dimlicht-mistlicht","7":"product_tag-led-dimlicht","8":"product_tag-led-dimlicht-auto","9":"product_tag-led-dimlicht-motor","10":"product_tag-led-dimlicht-vrachtwagen","11":"product_tag-led-lamp-tractor","12":"product_tag-led-mistlicht","13":"pa_merkk-mtrs","14":"desktop-align-left","15":"tablet-align-left","16":"mobile-align-left","18":"first","19":"instock","20":"taxable","21":"shipping-taxable","22":"purchasable","23":"product-type-simple"},"acf":[],"yoast_head":"<!-- This site is optimized with the Yoast SEO Premium plugin v25.9 (Yoast SEO v27.6) - https:\/\/yoast.com\/product\/yoast-seo-premium-wordpress\/ -->\n<title>H4 Xtreme LED lampen set - wit - voor 12&amp;24 Volt gebruik<\/title>\n<meta name=\"description\" content=\"H4 Xtreme led lampen set - xenon wit - 12 &amp; 24 volt - auto, motor, vrachtwagen en meer - geweldig lichtbeeld - geleverd als set van 2 lampen\" \/>\n<meta name=\"robots\" content=\"noindex, follow, max-snippet:-1, max-image-preview:large, max-video-preview:-1\" \/>\n<meta property=\"og:locale\" content=\"de_DE\" \/>\n<meta property=\"og:type\" content=\"article\" \/>\n<meta property=\"og:title\" content=\"H4 Xtreme LED lampen set - wit - voor 12&amp;24 Volt gebruik\" \/>\n<meta property=\"og:description\" content=\"H4 Xtreme led lampen set - xenon wit - 12 &amp; 24 volt - auto, motor, vrachtwagen en meer - geweldig lichtbeeld - geleverd als set van 2 lampen\" \/>\n<meta property=\"og:url\" content=\"https:\/\/www.oudadl.testontwikkeling.nl\/de\/produkt\/h4-xtreme-led-lampen-set-wit\/\" \/>\n<meta property=\"og:site_name\" content=\"All Day Led\" \/>\n<meta property=\"article:publisher\" content=\"https:\/\/www.facebook.com\/alldayled\/\" \/>\n<meta property=\"article:modified_time\" content=\"2025-11-14T10:54:47+00:00\" \/>\n<meta property=\"og:image\" content=\"https:\/\/www.oudadl.testontwikkeling.nl\/wp-content\/uploads\/2023\/09\/ADL29072.png\" \/>\n\t<meta property=\"og:image:width\" content=\"800\" \/>\n\t<meta property=\"og:image:height\" content=\"600\" \/>\n\t<meta property=\"og:image:type\" content=\"image\/png\" \/>\n<meta name=\"twitter:label1\" content=\"Preis\" \/>\n\t<meta name=\"twitter:data1\" content=\"&euro;89,00\" \/>\n\t<meta name=\"twitter:label2\" content=\"Verf\u00fcgbarkeit\" \/>\n\t<meta name=\"twitter:data2\" content=\"Auf Lager\" \/>\n<script type=\"application\/ld+json\" class=\"yoast-schema-graph\">{\"@context\":\"https:\\\/\\\/schema.org\",\"@graph\":[{\"@type\":\"WebPage\",\"@id\":\"https:\\\/\\\/www.oudadl.testontwikkeling.nl\\\/nl\\\/product\\\/h4-xtreme-led-lampen-set-wit\\\/\",\"url\":\"https:\\\/\\\/www.oudadl.testontwikkeling.nl\\\/nl\\\/product\\\/h4-xtreme-led-lampen-set-wit\\\/\",\"name\":\"H4 Xtreme LED lampen set - wit - voor 12&24 Volt gebruik\",\"isPartOf\":{\"@id\":\"https:\\\/\\\/www.oudadl.testontwikkeling.nl\\\/#website\"},\"primaryImageOfPage\":{\"@id\":\"https:\\\/\\\/www.oudadl.testontwikkeling.nl\\\/nl\\\/product\\\/h4-xtreme-led-lampen-set-wit\\\/#primaryimage\"},\"image\":{\"@id\":\"https:\\\/\\\/www.oudadl.testontwikkeling.nl\\\/nl\\\/product\\\/h4-xtreme-led-lampen-set-wit\\\/#primaryimage\"},\"thumbnailUrl\":\"https:\\\/\\\/www.oudadl.testontwikkeling.nl\\\/wp-content\\\/uploads\\\/2023\\\/09\\\/ADL29072.png\",\"datePublished\":\"2023-09-29T13:47:44+00:00\",\"dateModified\":\"2025-11-14T10:54:47+00:00\",\"description\":\"H4 Xtreme led lampen set - xenon wit - 12 & 24 volt - auto, motor, vrachtwagen en meer - geweldig lichtbeeld - geleverd als set van 2 lampen\",\"breadcrumb\":{\"@id\":\"https:\\\/\\\/www.oudadl.testontwikkeling.nl\\\/nl\\\/product\\\/h4-xtreme-led-lampen-set-wit\\\/#breadcrumb\"},\"inLanguage\":\"de\",\"potentialAction\":[{\"@type\":\"ReadAction\",\"target\":[\"https:\\\/\\\/www.oudadl.testontwikkeling.nl\\\/nl\\\/product\\\/h4-xtreme-led-lampen-set-wit\\\/\"]}]},{\"@type\":\"ImageObject\",\"inLanguage\":\"de\",\"@id\":\"https:\\\/\\\/www.oudadl.testontwikkeling.nl\\\/nl\\\/product\\\/h4-xtreme-led-lampen-set-wit\\\/#primaryimage\",\"url\":\"https:\\\/\\\/www.oudadl.testontwikkeling.nl\\\/wp-content\\\/uploads\\\/2023\\\/09\\\/ADL29072.png\",\"contentUrl\":\"https:\\\/\\\/www.oudadl.testontwikkeling.nl\\\/wp-content\\\/uploads\\\/2023\\\/09\\\/ADL29072.png\",\"width\":800,\"height\":600,\"caption\":\"H4 Xtreme led lampen set - H4 LED lamp voor auto, motor, camper, vrachtwagen, tractor en meer - werkt op 12 en 24 volt - EAN: 6090537871833\"},{\"@type\":\"BreadcrumbList\",\"@id\":\"https:\\\/\\\/www.oudadl.testontwikkeling.nl\\\/nl\\\/product\\\/h4-xtreme-led-lampen-set-wit\\\/#breadcrumb\",\"itemListElement\":[{\"@type\":\"ListItem\",\"position\":1,\"name\":\"Home\",\"item\":\"https:\\\/\\\/www.oudadl.testontwikkeling.nl\\\/\"},{\"@type\":\"ListItem\",\"position\":2,\"name\":\"Shop\",\"item\":\"https:\\\/\\\/www.oudadl.testontwikkeling.nl\\\/de\\\/shop\\\/\"},{\"@type\":\"ListItem\",\"position\":3,\"name\":\"Dimlicht\\\/ Mistlicht\",\"item\":\"https:\\\/\\\/www.oudadl.testontwikkeling.nl\\\/product-categorie\\\/dimlicht-mistlicht\\\/\"},{\"@type\":\"ListItem\",\"position\":4,\"name\":\"H4 Xtreme LED lampen set &#8211; wit\"}]},{\"@type\":\"WebSite\",\"@id\":\"https:\\\/\\\/www.oudadl.testontwikkeling.nl\\\/#website\",\"url\":\"https:\\\/\\\/www.oudadl.testontwikkeling.nl\\\/\",\"name\":\"All Day Led\",\"description\":\"\",\"publisher\":{\"@id\":\"https:\\\/\\\/www.oudadl.testontwikkeling.nl\\\/#organization\"},\"potentialAction\":[{\"@type\":\"SearchAction\",\"target\":{\"@type\":\"EntryPoint\",\"urlTemplate\":\"https:\\\/\\\/www.oudadl.testontwikkeling.nl\\\/?s={search_term_string}\"},\"query-input\":{\"@type\":\"PropertyValueSpecification\",\"valueRequired\":true,\"valueName\":\"search_term_string\"}}],\"inLanguage\":\"de\"},{\"@type\":\"Organization\",\"@id\":\"https:\\\/\\\/www.oudadl.testontwikkeling.nl\\\/#organization\",\"name\":\"All Day Led\",\"url\":\"https:\\\/\\\/www.oudadl.testontwikkeling.nl\\\/\",\"logo\":{\"@type\":\"ImageObject\",\"inLanguage\":\"de\",\"@id\":\"https:\\\/\\\/www.oudadl.testontwikkeling.nl\\\/#\\\/schema\\\/logo\\\/image\\\/\",\"url\":\"https:\\\/\\\/www.oudadl.testontwikkeling.nl\\\/wp-content\\\/uploads\\\/2022\\\/08\\\/Logo-ALL-DAY-LED-800x800-zwart-witte-letters.png\",\"contentUrl\":\"https:\\\/\\\/www.oudadl.testontwikkeling.nl\\\/wp-content\\\/uploads\\\/2022\\\/08\\\/Logo-ALL-DAY-LED-800x800-zwart-witte-letters.png\",\"width\":800,\"height\":800,\"caption\":\"All Day Led\"},\"image\":{\"@id\":\"https:\\\/\\\/www.oudadl.testontwikkeling.nl\\\/#\\\/schema\\\/logo\\\/image\\\/\"},\"sameAs\":[\"https:\\\/\\\/www.facebook.com\\\/alldayled\\\/\",\"https:\\\/\\\/www.instagram.com\\\/alldayled\\\/\"],\"vatID\":\"NL863960133B01\",\"taxID\":\"86416545\",\"hasMerchantReturnPolicy\":{\"@type\":\"MerchantReturnPolicy\",\"merchantReturnLink\":\"https:\\\/\\\/www.oudadl.testontwikkeling.nl\\\/de\\\/verzenden-retourneren\\\/\"}}]}<\/script>\n<meta property=\"product:brand\" content=\"MTRS\" \/>\n<meta property=\"product:price:amount\" content=\"89.00\" \/>\n<meta property=\"product:price:currency\" content=\"EUR\" \/>\n<meta property=\"og:availability\" content=\"instock\" \/>\n<meta property=\"product:availability\" content=\"instock\" \/>\n<meta property=\"product:retailer_item_id\" content=\"ADL29072\" \/>\n<meta property=\"product:condition\" content=\"new\" \/>\n<!-- \/ Yoast SEO Premium plugin. -->","yoast_head_json":{"title":"H4 Xtreme LED Lampenset - wei\u00df - f\u00fcr 12&amp;24 Volt Einsatz","description":"H4 Xtreme LED Lampenset \u2013 Xenon-Wei\u00df \u2013 12 &amp; 24 Volt \u2013 Auto, Motorrad, LKW und mehr \u2013 tolles Lichtbild \u2013 Lieferung als Set mit 2 Lampen","robots":{"index":"noindex","follow":"follow","max-snippet":"max-snippet:-1","max-image-preview":"max-image-preview:large","max-video-preview":"max-video-preview:-1"},"og_locale":"de_DE","og_type":"article","og_title":"H4 Xtreme LED lampen set - wit - voor 12&24 Volt gebruik","og_description":"H4 Xtreme led lampen set - xenon wit - 12 & 24 volt - auto, motor, vrachtwagen en meer - geweldig lichtbeeld - geleverd als set van 2 lampen","og_url":"https:\/\/www.oudadl.testontwikkeling.nl\/de\/produkt\/h4-xtreme-led-lampen-set-wit\/","og_site_name":"All Day Led","article_publisher":"https:\/\/www.facebook.com\/alldayled\/","article_modified_time":"2025-11-14T10:54:47+00:00","og_image":[{"width":800,"height":600,"url":"https:\/\/www.oudadl.testontwikkeling.nl\/wp-content\/uploads\/2023\/09\/ADL29072.png","type":"image\/png"}],"twitter_misc":{"Preis":"&euro;89,00","Verf\u00fcgbarkeit":"Auf Lager"},"schema":{"@context":"https:\/\/schema.org","@graph":[{"@type":"WebPage","@id":"https:\/\/www.oudadl.testontwikkeling.nl\/nl\/product\/h4-xtreme-led-lampen-set-wit\/","url":"https:\/\/www.oudadl.testontwikkeling.nl\/nl\/product\/h4-xtreme-led-lampen-set-wit\/","name":"H4 Xtreme LED Lampenset - wei\u00df - f\u00fcr 12&amp;24 Volt Einsatz","isPartOf":{"@id":"https:\/\/www.oudadl.testontwikkeling.nl\/#website"},"primaryImageOfPage":{"@id":"https:\/\/www.oudadl.testontwikkeling.nl\/nl\/product\/h4-xtreme-led-lampen-set-wit\/#primaryimage"},"image":{"@id":"https:\/\/www.oudadl.testontwikkeling.nl\/nl\/product\/h4-xtreme-led-lampen-set-wit\/#primaryimage"},"thumbnailUrl":"https:\/\/www.oudadl.testontwikkeling.nl\/wp-content\/uploads\/2023\/09\/ADL29072.png","datePublished":"2023-09-29T13:47:44+00:00","dateModified":"2025-11-14T10:54:47+00:00","description":"H4 Xtreme LED Lampenset \u2013 Xenon-Wei\u00df \u2013 12 &amp; 24 Volt \u2013 Auto, Motorrad, LKW und mehr \u2013 tolles Lichtbild \u2013 Lieferung als Set mit 2 Lampen","breadcrumb":{"@id":"https:\/\/www.oudadl.testontwikkeling.nl\/nl\/product\/h4-xtreme-led-lampen-set-wit\/#breadcrumb"},"inLanguage":"de","potentialAction":[{"@type":"ReadAction","target":["https:\/\/www.oudadl.testontwikkeling.nl\/nl\/product\/h4-xtreme-led-lampen-set-wit\/"]}]},{"@type":"ImageObject","inLanguage":"de","@id":"https:\/\/www.oudadl.testontwikkeling.nl\/nl\/product\/h4-xtreme-led-lampen-set-wit\/#primaryimage","url":"https:\/\/www.oudadl.testontwikkeling.nl\/wp-content\/uploads\/2023\/09\/ADL29072.png","contentUrl":"https:\/\/www.oudadl.testontwikkeling.nl\/wp-content\/uploads\/2023\/09\/ADL29072.png","width":800,"height":600,"caption":"H4 Xtreme led lampen set - H4 LED lamp voor auto, motor, camper, vrachtwagen, tractor en meer - werkt op 12 en 24 volt - EAN: 6090537871833"},{"@type":"BreadcrumbList","@id":"https:\/\/www.oudadl.testontwikkeling.nl\/nl\/product\/h4-xtreme-led-lampen-set-wit\/#breadcrumb","itemListElement":[{"@type":"ListItem","position":1,"name":"Home","item":"https:\/\/www.oudadl.testontwikkeling.nl\/"},{"@type":"ListItem","position":2,"name":"Shop","item":"https:\/\/www.oudadl.testontwikkeling.nl\/de\/shop\/"},{"@type":"ListItem","position":3,"name":"Dimlicht\/ Mistlicht","item":"https:\/\/www.oudadl.testontwikkeling.nl\/product-categorie\/dimlicht-mistlicht\/"},{"@type":"ListItem","position":4,"name":"H4 Xtreme LED lampen set &#8211; wit"}]},{"@type":"WebSite","@id":"https:\/\/www.oudadl.testontwikkeling.nl\/#website","url":"https:\/\/www.oudadl.testontwikkeling.nl\/","name":"All Day Led","description":"","publisher":{"@id":"https:\/\/www.oudadl.testontwikkeling.nl\/#organization"},"potentialAction":[{"@type":"SearchAction","target":{"@type":"EntryPoint","urlTemplate":"https:\/\/www.oudadl.testontwikkeling.nl\/?s={search_term_string}"},"query-input":{"@type":"PropertyValueSpecification","valueRequired":true,"valueName":"search_term_string"}}],"inLanguage":"de"},{"@type":"Organization","@id":"https:\/\/www.oudadl.testontwikkeling.nl\/#organization","name":"All Day Led","url":"https:\/\/www.oudadl.testontwikkeling.nl\/","logo":{"@type":"ImageObject","inLanguage":"de","@id":"https:\/\/www.oudadl.testontwikkeling.nl\/#\/schema\/logo\/image\/","url":"https:\/\/www.oudadl.testontwikkeling.nl\/wp-content\/uploads\/2022\/08\/Logo-ALL-DAY-LED-800x800-zwart-witte-letters.png","contentUrl":"https:\/\/www.oudadl.testontwikkeling.nl\/wp-content\/uploads\/2022\/08\/Logo-ALL-DAY-LED-800x800-zwart-witte-letters.png","width":800,"height":800,"caption":"All Day Led"},"image":{"@id":"https:\/\/www.oudadl.testontwikkeling.nl\/#\/schema\/logo\/image\/"},"sameAs":["https:\/\/www.facebook.com\/alldayled\/","https:\/\/www.instagram.com\/alldayled\/"],"vatID":"NL863960133B01","taxID":"86416545","hasMerchantReturnPolicy":{"@type":"MerchantReturnPolicy","merchantReturnLink":"https:\/\/www.oudadl.testontwikkeling.nl\/de\/verzenden-retourneren\/"}}]},"product_brand":"MTRS","product_price_amount":"89.00","product_price_currency":"EUR","og_availability":"instock","product_availability":"instock","product_retailer_item_id":"ADL29072","product_condition":"new"},"_links":{"self":[{"href":"https:\/\/www.oudadl.testontwikkeling.nl\/de\/wp-json\/wp\/v2\/product\/39294","targetHints":{"allow":["GET"]}}],"collection":[{"href":"https:\/\/www.oudadl.testontwikkeling.nl\/de\/wp-json\/wp\/v2\/product"}],"about":[{"href":"https:\/\/www.oudadl.testontwikkeling.nl\/de\/wp-json\/wp\/v2\/types\/product"}],"replies":[{"embeddable":true,"href":"https:\/\/www.oudadl.testontwikkeling.nl\/de\/wp-json\/wp\/v2\/comments?post=39294"}],"wp:featuredmedia":[{"embeddable":true,"href":"https:\/\/www.oudadl.testontwikkeling.nl\/de\/wp-json\/wp\/v2\/media\/39705"}],"wp:attachment":[{"href":"https:\/\/www.oudadl.testontwikkeling.nl\/de\/wp-json\/wp\/v2\/media?parent=39294"}],"wp:term":[{"taxonomy":"product_brand","embeddable":true,"href":"https:\/\/www.oudadl.testontwikkeling.nl\/de\/wp-json\/wp\/v2\/product_brand?post=39294"},{"taxonomy":"product_cat","embeddable":true,"href":"https:\/\/www.oudadl.testontwikkeling.nl\/de\/wp-json\/wp\/v2\/product_cat?post=39294"},{"taxonomy":"product_tag","embeddable":true,"href":"https:\/\/www.oudadl.testontwikkeling.nl\/de\/wp-json\/wp\/v2\/product_tag?post=39294"}],"curies":[{"name":"wp","href":"https:\/\/api.w.org\/{rel}","templated":true}]}}