{"id":37455,"date":"2022-09-26T11:58:12","date_gmt":"2022-09-26T10:58:12","guid":{"rendered":"https:\/\/www.oudadl.testontwikkeling.nl\/?post_type=product&#038;p=37455"},"modified":"2025-11-17T12:06:56","modified_gmt":"2025-11-17T11:06:56","slug":"strands-cruise-light-afstandsbediening-draadloos","status":"publish","type":"product","link":"https:\/\/www.oudadl.testontwikkeling.nl\/de\/product\/strands-cruise-light-afstandsbediening-draadloos\/","title":{"rendered":"Strands Cruise Light Fernbedienung - kabellos"},"content":{"rendered":"<p><span style=\"color: #000000;\"><strong>Strands Cruise Light Fernbedienung kabellos, passend f\u00fcr die Cruise Light LED Leuchtfeuerstrahlen.<\/strong><\/span><\/p>\n<p><span style=\"color: #000000;\">M\u00f6chten Sie die gesamte Beleuchtung Ihres Fahrzeugs einfach steuern? Die kabellose Cruise Light-Fernbedienung Strands macht es m\u00f6glich. Diese kabellose Fernbedienung ist ideal, wenn Sie eine oder mehrere Rundumleuchten bedienen, aber auch zus\u00e4tzliche Leuchten einschalten m\u00f6chten. Dank der mitgelieferten Relaisbox k\u00f6nnen Sie bis zu 6 Lichtkan\u00e4le mit einer Gesamtleistung von 700 W steuern. Zwei Ausg\u00e4nge mit 150 W (15 A) stehen f\u00fcr die Cruise Light Rundumleuchten zur Verf\u00fcgung, und die restlichen 4 Ausg\u00e4nge mit 100 W (10 A) k\u00f6nnen f\u00fcr Arbeitsscheinwerfer, Blinker oder andere Fahrzeugbeleuchtung verwendet werden. Die Fernbedienung wird au\u00dferdem von einem Lithium-Ionen-Akku betrieben und einfach \u00fcber das mitgelieferte USB-Kabel aufgeladen. So sind Sie immer einsatzbereit.<\/span><\/p>\n<p><span style=\"color: #000000;\">Dar\u00fcber hinaus ist die Strands Cruise Light-Fernbedienung drahtlos mit praktisch allen Fahrzeugen kompatibel. Die Relaisbox ist wasserdicht (IP67) und h\u00e4lt dank ihrer Gummidichtungen auch rauen Bedingungen stand. Die Fernbedienung verf\u00fcgt \u00fcber klare, farbcodierte Tasten: 9 gelbe Tasten f\u00fcr die Cruise Light-Dachtr\u00e4ger, 8 wei\u00dfe Tasten und 1 blaue Taste. Diese schalten Lichter ein oder aus, \u00e4ndern Muster und aktivieren Funktionen wie den Tag- und Nachtmodus. Dank der integrierten Speicherfunktion merkt sich der Controller die zuletzt verwendeten Einstellungen, sodass Sie jederzeit zu Ihrem bevorzugten Setup zur\u00fcckkehren k\u00f6nnen. Kurz gesagt: Mit dieser Cruise Light-Fernbedienung haben Sie die volle Kontrolle und machen Ihr Fahrzeug sofort sichtbarer und flexibler.\u00a0<\/span><\/p>\n<h5><span style=\"color: #000000;\"><strong>Abmessungen:<\/strong><\/span><\/h5>\n<p><span style=\"color: #000000;\">Damit Sie die Funkfernbedienung Strands Cruise Light problemlos installieren k\u00f6nnen, haben wir unten auch die Abmessungen des Empf\u00e4ngers aufgef\u00fchrt. So wissen Sie genau, wie viel Platz Sie ben\u00f6tigen und wo Sie ihn platzieren m\u00fcssen.<\/span><\/p>\n<ul>\n<li><span style=\"color: #000000;\">H\u00f6he: 81 mm\u00a0<\/span><\/li>\n<li><span style=\"color: #000000;\">Breite: 162 mm<\/span><\/li>\n<li><span style=\"color: #000000;\">Dicke: 20 mm<\/span><\/li>\n<\/ul>\n<h5><span style=\"color: #000000;\"><strong>Strands CL Beacon Bars:<\/strong><\/span><\/h5>\n<p><span style=\"color: #000000;\">Sie m\u00f6chten die kabellose Cruise Light-Fernbedienung Strands kaufen, haben aber noch keine Beacon Bar ausgew\u00e4hlt? Kein Problem! Hier finden Sie alle Cruise Light-Dachtr\u00e4ger, die perfekt mit diesem praktischen Zubeh\u00f6r kompatibel sind.<\/span><\/p>\n<ul>\n<li><span style=\"color: #000000;\"><a style=\"color: #000000;\" href=\"https:\/\/www.oudadl.testontwikkeling.nl\/de\/produkt\/strands-cl-led-warnanlage-orange-31cm\/\"><strong>Cruise Light Roof Bar 31 cm<\/strong><\/a><\/span><\/li>\n<li><span style=\"color: #000000;\"><a style=\"color: #000000;\" href=\"https:\/\/www.oudadl.testontwikkeling.nl\/de\/produkt\/strands-cl-led-warnanlage-orange-77cm\/\"><strong>Cruise Light Roof Bar 77 cm<\/strong><\/a><\/span><\/li>\n<li><span style=\"color: #000000;\"><a style=\"color: #000000;\" href=\"https:\/\/www.oudadl.testontwikkeling.nl\/de\/produkt\/strands-cl-led-warnanlage-orange-92cm\/\"><strong>Cruise Light Roof Bar 92 cm<\/strong><\/a><\/span><\/li>\n<li><span style=\"color: #000000;\"><a style=\"color: #000000;\" href=\"https:\/\/www.oudadl.testontwikkeling.nl\/de\/produkt\/strands-cl-led-warnanlage-orange-107cm\/\"><strong>Cruise Light Roof Bar 107 cm<\/strong><\/a><\/span><\/li>\n<li><span style=\"color: #000000;\"><a style=\"color: #000000;\" href=\"https:\/\/www.oudadl.testontwikkeling.nl\/de\/produkt\/strands-cl-led-warnanlage-orange-122cm\/\"><strong>Cruise Light Roof Bar 122 cm<\/strong><\/a><\/span><\/li>\n<li><span style=\"color: #000000;\"><a style=\"color: #000000;\" href=\"https:\/\/www.oudadl.testontwikkeling.nl\/de\/produkt\/strands-cl-led-warnanlage-orange-138cm\/\"><strong>Cruise Light Roof Bar 138 cm<\/strong><\/a><\/span><\/li>\n<li><span style=\"color: #000000;\"><a style=\"color: #000000;\" href=\"https:\/\/www.oudadl.testontwikkeling.nl\/de\/produkt\/strands-cl-led-warnanlage-orange-153cm\/\"><strong>Cruise Light Roof Bar 153 cm<\/strong><\/a><\/span><\/li>\n<li><span style=\"color: #000000;\"><a style=\"color: #000000;\" href=\"https:\/\/www.oudadl.testontwikkeling.nl\/de\/produkt\/strands-cl-led-warnanlage-orange-183cm\/\"><strong>Cruise Light Roof Bar 183 cm<\/strong><\/a><\/span><\/li>\n<\/ul>\n<div class=\"truncated\">\n<p><span style=\"color: #000000;\">Sind Sie noch nicht ganz \u00fcberzeugt, dass die Funkfernbedienung Strands Cruise Light das richtige Modell f\u00fcr Sie ist? Vielleicht entspricht das Design oder die Funktionalit\u00e4t nicht ganz Ihren Vorstellungen. Dann entdecken Sie unser komplettes Sortiment. <a style=\"color: #000000;\" href=\"https:\/\/www.oudadl.testontwikkeling.nl\/de\/merk\/produkt-strands-beleuchtungsabteilung\/\" target=\"_blank\" rel=\"noopener\">Strands<\/a> Reichweite; vielleicht finden Sie hier die Lampe, die am besten zu Ihrem Fahrzeug passt. Sie k\u00f6nnen auch <a style=\"color: #000000;\" href=\"https:\/\/youtu.be\/Xr6a4VoPXTU\" target=\"_blank\" rel=\"noopener\">hier<\/a> Sehen Sie sich das Einf\u00fchrungsvideo zum Strands an, um die Funktionsweise besser zu verstehen.<\/span><\/p>\n<\/div>","protected":false},"excerpt":{"rendered":"<p>Strands Cruise Light afstandsbediening draadloos, geschikt voor o.a. de Cruise Light LED zwaailamp balken. Wil jij eenvoudig al je verlichting op je voertuig bedienen? Met de Strands Cruise Light afstandsbediening draadloos wordt dit werkelijkheid. Deze draadloze afstandsbediening is ideaal als je \u00e9\u00e9n of meerdere zwaailampbalken wilt bedienen, maar daarnaast ook extra lampen wilt schakelen. Dankzij [&hellip;]<\/p>\n","protected":false},"featured_media":37477,"comment_status":"open","ping_status":"closed","template":"","meta":{"_acf_changed":false,"site-sidebar-layout":"default","site-content-layout":"default","ast-site-content-layout":"default","site-content-style":"default","site-sidebar-style":"default","ast-global-header-display":"","ast-banner-title-visibility":"","ast-main-header-display":"","ast-hfb-above-header-display":"","ast-hfb-below-header-display":"","ast-hfb-mobile-header-display":"","site-post-title":"","ast-breadcrumbs-content":"","ast-featured-img":"","footer-sml-layout":"","ast-disable-related-posts":"","theme-transparent-header-meta":"default","adv-header-id-meta":"","stick-header-meta":"","header-above-stick-meta":"","header-main-stick-meta":"","header-below-stick-meta":"","astra-migrate-meta-layouts":"set","ast-page-background-enabled":"default","ast-page-background-meta":{"desktop":{"background-color":"","background-image":"","background-repeat":"repeat","background-position":"center center","background-size":"auto","background-attachment":"scroll","background-type":"","background-media":"","overlay-type":"","overlay-color":"","overlay-opacity":"","overlay-gradient":""},"tablet":{"background-color":"","background-image":"","background-repeat":"repeat","background-position":"center center","background-size":"auto","background-attachment":"scroll","background-type":"","background-media":"","overlay-type":"","overlay-color":"","overlay-opacity":"","overlay-gradient":""},"mobile":{"background-color":"","background-image":"","background-repeat":"repeat","background-position":"center center","background-size":"auto","background-attachment":"scroll","background-type":"","background-media":"","overlay-type":"","overlay-color":"","overlay-opacity":"","overlay-gradient":""}},"ast-content-background-meta":{"desktop":{"background-color":"var(--ast-global-color-5)","background-image":"","background-repeat":"repeat","background-position":"center center","background-size":"auto","background-attachment":"scroll","background-type":"","background-media":"","overlay-type":"","overlay-color":"","overlay-opacity":"","overlay-gradient":""},"tablet":{"background-color":"var(--ast-global-color-5)","background-image":"","background-repeat":"repeat","background-position":"center center","background-size":"auto","background-attachment":"scroll","background-type":"","background-media":"","overlay-type":"","overlay-color":"","overlay-opacity":"","overlay-gradient":""},"mobile":{"background-color":"var(--ast-global-color-5)","background-image":"","background-repeat":"repeat","background-position":"center center","background-size":"auto","background-attachment":"scroll","background-type":"","background-media":"","overlay-type":"","overlay-color":"","overlay-opacity":"","overlay-gradient":""}}},"product_brand":[],"product_cat":[384],"product_tag":[2427],"class_list":{"0":"post-37455","1":"product","2":"type-product","3":"status-publish","4":"has-post-thumbnail","6":"product_cat-fittingen-en-kabels","7":"product_tag-strands-lighting-division","8":"pa_merkk-product-strands-lighting-division","9":"desktop-align-left","10":"tablet-align-left","11":"mobile-align-left","13":"first","14":"instock","15":"taxable","16":"shipping-taxable","17":"purchasable","18":"product-type-simple"},"acf":[],"yoast_head":"<!-- This site is optimized with the Yoast SEO Premium plugin v25.9 (Yoast SEO v27.6) - https:\/\/yoast.com\/product\/yoast-seo-premium-wordpress\/ -->\n<title>Strands Cruise Light afstandsbediening draadloos - All Day Led - voor 12&amp;24V<\/title>\n<meta name=\"description\" content=\"Strands Cruise Light afstandsbediening draadloos - geschikt voor o.a. Cruise Light Roof Bars - past op ieder voertuig - 6 kanalen voor max 700W\" \/>\n<meta name=\"robots\" content=\"noindex, follow, max-snippet:-1, max-image-preview:large, max-video-preview:-1\" \/>\n<meta property=\"og:locale\" content=\"de_DE\" \/>\n<meta property=\"og:type\" content=\"article\" \/>\n<meta property=\"og:title\" content=\"Strands Cruise Light afstandsbediening draadloos - All Day Led - voor 12&amp;24V\" \/>\n<meta property=\"og:description\" content=\"Strands Cruise Light afstandsbediening draadloos, geschikt voor o.a. de Cruise Light LED zwaailamp balken. Wil jij eenvoudig al je verlichting op je\" \/>\n<meta property=\"og:url\" content=\"https:\/\/www.oudadl.testontwikkeling.nl\/de\/produkt\/strands-cruise-light-afstandsbediening-draadloos\/\" \/>\n<meta property=\"og:site_name\" content=\"All Day Led\" \/>\n<meta property=\"article:publisher\" content=\"https:\/\/www.facebook.com\/alldayled\/\" \/>\n<meta property=\"article:modified_time\" content=\"2025-11-17T11:06:56+00:00\" \/>\n<meta property=\"og:image\" content=\"https:\/\/www.oudadl.testontwikkeling.nl\/wp-content\/uploads\/2022\/09\/ADL850208-SM.png\" \/>\n\t<meta property=\"og:image:width\" content=\"800\" \/>\n\t<meta property=\"og:image:height\" content=\"800\" \/>\n\t<meta property=\"og:image:type\" content=\"image\/png\" \/>\n<meta name=\"twitter:label1\" content=\"Preis\" \/>\n\t<meta name=\"twitter:data1\" content=\"&euro;199,00\" \/>\n\t<meta name=\"twitter:label2\" content=\"Verf\u00fcgbarkeit\" \/>\n\t<meta name=\"twitter:data2\" content=\"Auf Lager\" \/>\n<script type=\"application\/ld+json\" class=\"yoast-schema-graph\">{\"@context\":\"https:\\\/\\\/schema.org\",\"@graph\":[{\"@type\":\"WebPage\",\"@id\":\"https:\\\/\\\/www.oudadl.testontwikkeling.nl\\\/product\\\/strands-cruise-light-afstandsbediening-draadloos\\\/\",\"url\":\"https:\\\/\\\/www.oudadl.testontwikkeling.nl\\\/product\\\/strands-cruise-light-afstandsbediening-draadloos\\\/\",\"name\":\"Strands Cruise Light afstandsbediening draadloos - All Day Led - voor 12&24V\",\"isPartOf\":{\"@id\":\"https:\\\/\\\/www.oudadl.testontwikkeling.nl\\\/#website\"},\"primaryImageOfPage\":{\"@id\":\"https:\\\/\\\/www.oudadl.testontwikkeling.nl\\\/product\\\/strands-cruise-light-afstandsbediening-draadloos\\\/#primaryimage\"},\"image\":{\"@id\":\"https:\\\/\\\/www.oudadl.testontwikkeling.nl\\\/product\\\/strands-cruise-light-afstandsbediening-draadloos\\\/#primaryimage\"},\"thumbnailUrl\":\"https:\\\/\\\/www.oudadl.testontwikkeling.nl\\\/wp-content\\\/uploads\\\/2023\\\/07\\\/ADL85208.png\",\"datePublished\":\"2022-09-26T10:58:12+00:00\",\"dateModified\":\"2025-11-17T11:06:56+00:00\",\"description\":\"Strands Cruise Light afstandsbediening draadloos - geschikt voor o.a. Cruise Light Roof Bars - past op ieder voertuig - 6 kanalen voor max 700W\",\"breadcrumb\":{\"@id\":\"https:\\\/\\\/www.oudadl.testontwikkeling.nl\\\/product\\\/strands-cruise-light-afstandsbediening-draadloos\\\/#breadcrumb\"},\"inLanguage\":\"de\",\"potentialAction\":[{\"@type\":\"ReadAction\",\"target\":[\"https:\\\/\\\/www.oudadl.testontwikkeling.nl\\\/product\\\/strands-cruise-light-afstandsbediening-draadloos\\\/\"]}]},{\"@type\":\"ImageObject\",\"inLanguage\":\"de\",\"@id\":\"https:\\\/\\\/www.oudadl.testontwikkeling.nl\\\/product\\\/strands-cruise-light-afstandsbediening-draadloos\\\/#primaryimage\",\"url\":\"https:\\\/\\\/www.oudadl.testontwikkeling.nl\\\/wp-content\\\/uploads\\\/2023\\\/07\\\/ADL85208.png\",\"contentUrl\":\"https:\\\/\\\/www.oudadl.testontwikkeling.nl\\\/wp-content\\\/uploads\\\/2023\\\/07\\\/ADL85208.png\",\"width\":800,\"height\":600,\"caption\":\"Strands Cruise Light afstandsbediening draadloos - remote control die geschikt is voor de CL Beacon bars van Strands - ontvanger heeft 6 inkomende poorten en kan maximaal 700w verdragen - EAN: 7350133815556\"},{\"@type\":\"BreadcrumbList\",\"@id\":\"https:\\\/\\\/www.oudadl.testontwikkeling.nl\\\/product\\\/strands-cruise-light-afstandsbediening-draadloos\\\/#breadcrumb\",\"itemListElement\":[{\"@type\":\"ListItem\",\"position\":1,\"name\":\"Home\",\"item\":\"https:\\\/\\\/www.oudadl.testontwikkeling.nl\\\/\"},{\"@type\":\"ListItem\",\"position\":2,\"name\":\"Shop\",\"item\":\"https:\\\/\\\/www.oudadl.testontwikkeling.nl\\\/de\\\/shop\\\/\"},{\"@type\":\"ListItem\",\"position\":3,\"name\":\"Overige\",\"item\":\"https:\\\/\\\/www.oudadl.testontwikkeling.nl\\\/product-categorie\\\/overige-producten\\\/\"},{\"@type\":\"ListItem\",\"position\":4,\"name\":\"Fittingen en kabels\",\"item\":\"https:\\\/\\\/www.oudadl.testontwikkeling.nl\\\/product-categorie\\\/overige-producten\\\/fittingen-en-kabels\\\/\"},{\"@type\":\"ListItem\",\"position\":5,\"name\":\"Strands Cruise Light afstandsbediening &#8211; draadloos\"}]},{\"@type\":\"WebSite\",\"@id\":\"https:\\\/\\\/www.oudadl.testontwikkeling.nl\\\/#website\",\"url\":\"https:\\\/\\\/www.oudadl.testontwikkeling.nl\\\/\",\"name\":\"All Day Led\",\"description\":\"\",\"publisher\":{\"@id\":\"https:\\\/\\\/www.oudadl.testontwikkeling.nl\\\/#organization\"},\"potentialAction\":[{\"@type\":\"SearchAction\",\"target\":{\"@type\":\"EntryPoint\",\"urlTemplate\":\"https:\\\/\\\/www.oudadl.testontwikkeling.nl\\\/?s={search_term_string}\"},\"query-input\":{\"@type\":\"PropertyValueSpecification\",\"valueRequired\":true,\"valueName\":\"search_term_string\"}}],\"inLanguage\":\"de\"},{\"@type\":\"Organization\",\"@id\":\"https:\\\/\\\/www.oudadl.testontwikkeling.nl\\\/#organization\",\"name\":\"All Day Led\",\"url\":\"https:\\\/\\\/www.oudadl.testontwikkeling.nl\\\/\",\"logo\":{\"@type\":\"ImageObject\",\"inLanguage\":\"de\",\"@id\":\"https:\\\/\\\/www.oudadl.testontwikkeling.nl\\\/#\\\/schema\\\/logo\\\/image\\\/\",\"url\":\"https:\\\/\\\/www.oudadl.testontwikkeling.nl\\\/wp-content\\\/uploads\\\/2022\\\/08\\\/Logo-ALL-DAY-LED-800x800-zwart-witte-letters.png\",\"contentUrl\":\"https:\\\/\\\/www.oudadl.testontwikkeling.nl\\\/wp-content\\\/uploads\\\/2022\\\/08\\\/Logo-ALL-DAY-LED-800x800-zwart-witte-letters.png\",\"width\":800,\"height\":800,\"caption\":\"All Day Led\"},\"image\":{\"@id\":\"https:\\\/\\\/www.oudadl.testontwikkeling.nl\\\/#\\\/schema\\\/logo\\\/image\\\/\"},\"sameAs\":[\"https:\\\/\\\/www.facebook.com\\\/alldayled\\\/\",\"https:\\\/\\\/www.instagram.com\\\/alldayled\\\/\"],\"vatID\":\"NL863960133B01\",\"taxID\":\"86416545\",\"hasMerchantReturnPolicy\":{\"@type\":\"MerchantReturnPolicy\",\"merchantReturnLink\":\"https:\\\/\\\/www.oudadl.testontwikkeling.nl\\\/de\\\/verzenden-retourneren\\\/\"}}]}<\/script>\n<meta property=\"product:brand\" content=\"Strands\" \/>\n<meta property=\"product:price:amount\" content=\"199.00\" \/>\n<meta property=\"product:price:currency\" content=\"EUR\" \/>\n<meta property=\"og:availability\" content=\"instock\" \/>\n<meta property=\"product:availability\" content=\"instock\" \/>\n<meta property=\"product:retailer_item_id\" content=\"ADL850208\" \/>\n<meta property=\"product:condition\" content=\"new\" \/>\n<!-- \/ Yoast SEO Premium plugin. -->","yoast_head_json":{"title":"Strands Cruise Light Fernbedienung kabellos \u2013 All Day Led \u2013 f\u00fcr 12&amp;24V","description":"Strands Cruise Light-Fernbedienung, kabellos \u2013 geeignet f\u00fcr Cruise Light-Dachtr\u00e4ger \u2013 passend f\u00fcr jedes Fahrzeug \u2013 6 Kan\u00e4le f\u00fcr max. 700 W","robots":{"index":"noindex","follow":"follow","max-snippet":"max-snippet:-1","max-image-preview":"max-image-preview:large","max-video-preview":"max-video-preview:-1"},"og_locale":"de_DE","og_type":"article","og_title":"Strands Cruise Light afstandsbediening draadloos - All Day Led - voor 12&24V","og_description":"Strands Cruise Light afstandsbediening draadloos, geschikt voor o.a. de Cruise Light LED zwaailamp balken. Wil jij eenvoudig al je verlichting op je","og_url":"https:\/\/www.oudadl.testontwikkeling.nl\/de\/produkt\/strands-cruise-light-afstandsbediening-draadloos\/","og_site_name":"All Day Led","article_publisher":"https:\/\/www.facebook.com\/alldayled\/","article_modified_time":"2025-11-17T11:06:56+00:00","og_image":[{"width":800,"height":800,"url":"https:\/\/www.oudadl.testontwikkeling.nl\/wp-content\/uploads\/2022\/09\/ADL850208-SM.png","type":"image\/png"}],"twitter_misc":{"Preis":"&euro;199,00","Verf\u00fcgbarkeit":"Auf Lager"},"schema":{"@context":"https:\/\/schema.org","@graph":[{"@type":"WebPage","@id":"https:\/\/www.oudadl.testontwikkeling.nl\/product\/strands-cruise-light-afstandsbediening-draadloos\/","url":"https:\/\/www.oudadl.testontwikkeling.nl\/product\/strands-cruise-light-afstandsbediening-draadloos\/","name":"Strands Cruise Light Fernbedienung kabellos \u2013 All Day Led \u2013 f\u00fcr 12&amp;24V","isPartOf":{"@id":"https:\/\/www.oudadl.testontwikkeling.nl\/#website"},"primaryImageOfPage":{"@id":"https:\/\/www.oudadl.testontwikkeling.nl\/product\/strands-cruise-light-afstandsbediening-draadloos\/#primaryimage"},"image":{"@id":"https:\/\/www.oudadl.testontwikkeling.nl\/product\/strands-cruise-light-afstandsbediening-draadloos\/#primaryimage"},"thumbnailUrl":"https:\/\/www.oudadl.testontwikkeling.nl\/wp-content\/uploads\/2023\/07\/ADL85208.png","datePublished":"2022-09-26T10:58:12+00:00","dateModified":"2025-11-17T11:06:56+00:00","description":"Strands Cruise Light-Fernbedienung, kabellos \u2013 geeignet f\u00fcr Cruise Light-Dachtr\u00e4ger \u2013 passend f\u00fcr jedes Fahrzeug \u2013 6 Kan\u00e4le f\u00fcr max. 700 W","breadcrumb":{"@id":"https:\/\/www.oudadl.testontwikkeling.nl\/product\/strands-cruise-light-afstandsbediening-draadloos\/#breadcrumb"},"inLanguage":"de","potentialAction":[{"@type":"ReadAction","target":["https:\/\/www.oudadl.testontwikkeling.nl\/product\/strands-cruise-light-afstandsbediening-draadloos\/"]}]},{"@type":"ImageObject","inLanguage":"de","@id":"https:\/\/www.oudadl.testontwikkeling.nl\/product\/strands-cruise-light-afstandsbediening-draadloos\/#primaryimage","url":"https:\/\/www.oudadl.testontwikkeling.nl\/wp-content\/uploads\/2023\/07\/ADL85208.png","contentUrl":"https:\/\/www.oudadl.testontwikkeling.nl\/wp-content\/uploads\/2023\/07\/ADL85208.png","width":800,"height":600,"caption":"Strands Cruise Light afstandsbediening draadloos - remote control die geschikt is voor de CL Beacon bars van Strands - ontvanger heeft 6 inkomende poorten en kan maximaal 700w verdragen - EAN: 7350133815556"},{"@type":"BreadcrumbList","@id":"https:\/\/www.oudadl.testontwikkeling.nl\/product\/strands-cruise-light-afstandsbediening-draadloos\/#breadcrumb","itemListElement":[{"@type":"ListItem","position":1,"name":"Home","item":"https:\/\/www.oudadl.testontwikkeling.nl\/"},{"@type":"ListItem","position":2,"name":"Shop","item":"https:\/\/www.oudadl.testontwikkeling.nl\/de\/shop\/"},{"@type":"ListItem","position":3,"name":"Overige","item":"https:\/\/www.oudadl.testontwikkeling.nl\/product-categorie\/overige-producten\/"},{"@type":"ListItem","position":4,"name":"Fittingen en kabels","item":"https:\/\/www.oudadl.testontwikkeling.nl\/product-categorie\/overige-producten\/fittingen-en-kabels\/"},{"@type":"ListItem","position":5,"name":"Strands Cruise Light afstandsbediening &#8211; draadloos"}]},{"@type":"WebSite","@id":"https:\/\/www.oudadl.testontwikkeling.nl\/#website","url":"https:\/\/www.oudadl.testontwikkeling.nl\/","name":"All Day Led","description":"","publisher":{"@id":"https:\/\/www.oudadl.testontwikkeling.nl\/#organization"},"potentialAction":[{"@type":"SearchAction","target":{"@type":"EntryPoint","urlTemplate":"https:\/\/www.oudadl.testontwikkeling.nl\/?s={search_term_string}"},"query-input":{"@type":"PropertyValueSpecification","valueRequired":true,"valueName":"search_term_string"}}],"inLanguage":"de"},{"@type":"Organization","@id":"https:\/\/www.oudadl.testontwikkeling.nl\/#organization","name":"All Day Led","url":"https:\/\/www.oudadl.testontwikkeling.nl\/","logo":{"@type":"ImageObject","inLanguage":"de","@id":"https:\/\/www.oudadl.testontwikkeling.nl\/#\/schema\/logo\/image\/","url":"https:\/\/www.oudadl.testontwikkeling.nl\/wp-content\/uploads\/2022\/08\/Logo-ALL-DAY-LED-800x800-zwart-witte-letters.png","contentUrl":"https:\/\/www.oudadl.testontwikkeling.nl\/wp-content\/uploads\/2022\/08\/Logo-ALL-DAY-LED-800x800-zwart-witte-letters.png","width":800,"height":800,"caption":"All Day Led"},"image":{"@id":"https:\/\/www.oudadl.testontwikkeling.nl\/#\/schema\/logo\/image\/"},"sameAs":["https:\/\/www.facebook.com\/alldayled\/","https:\/\/www.instagram.com\/alldayled\/"],"vatID":"NL863960133B01","taxID":"86416545","hasMerchantReturnPolicy":{"@type":"MerchantReturnPolicy","merchantReturnLink":"https:\/\/www.oudadl.testontwikkeling.nl\/de\/verzenden-retourneren\/"}}]},"product_brand":"Strands","product_price_amount":"199.00","product_price_currency":"EUR","og_availability":"instock","product_availability":"instock","product_retailer_item_id":"ADL850208","product_condition":"new"},"_links":{"self":[{"href":"https:\/\/www.oudadl.testontwikkeling.nl\/de\/wp-json\/wp\/v2\/product\/37455","targetHints":{"allow":["GET"]}}],"collection":[{"href":"https:\/\/www.oudadl.testontwikkeling.nl\/de\/wp-json\/wp\/v2\/product"}],"about":[{"href":"https:\/\/www.oudadl.testontwikkeling.nl\/de\/wp-json\/wp\/v2\/types\/product"}],"replies":[{"embeddable":true,"href":"https:\/\/www.oudadl.testontwikkeling.nl\/de\/wp-json\/wp\/v2\/comments?post=37455"}],"wp:featuredmedia":[{"embeddable":true,"href":"https:\/\/www.oudadl.testontwikkeling.nl\/de\/wp-json\/wp\/v2\/media\/37477"}],"wp:attachment":[{"href":"https:\/\/www.oudadl.testontwikkeling.nl\/de\/wp-json\/wp\/v2\/media?parent=37455"}],"wp:term":[{"taxonomy":"product_brand","embeddable":true,"href":"https:\/\/www.oudadl.testontwikkeling.nl\/de\/wp-json\/wp\/v2\/product_brand?post=37455"},{"taxonomy":"product_cat","embeddable":true,"href":"https:\/\/www.oudadl.testontwikkeling.nl\/de\/wp-json\/wp\/v2\/product_cat?post=37455"},{"taxonomy":"product_tag","embeddable":true,"href":"https:\/\/www.oudadl.testontwikkeling.nl\/de\/wp-json\/wp\/v2\/product_tag?post=37455"}],"curies":[{"name":"wp","href":"https:\/\/api.w.org\/{rel}","templated":true}]}}