{"id":35993,"date":"2023-05-08T11:15:24","date_gmt":"2023-05-08T10:15:24","guid":{"rendered":"https:\/\/www.oudadl.testontwikkeling.nl\/?post_type=product&#038;p=35993"},"modified":"2025-11-13T14:25:36","modified_gmt":"2025-11-13T13:25:36","slug":"strands-siberia-achterlicht-12inch","status":"publish","type":"product","link":"https:\/\/www.oudadl.testontwikkeling.nl\/de\/product\/strands-siberia-achterlicht-12inch\/","title":{"rendered":"Strands Siberia R\u00fccklicht - 12 Zoll"},"content":{"rendered":"<p><span style=\"color: #000000;\"><strong>Strands Siberia Single Row Tail Light 12 Zoll, f\u00fcr 12 und 24 Volt.\u00a0<\/strong><\/span><\/p>\n<p><span style=\"color: #000000;\">Sie suchen ein neues R\u00fccklichtmodell, das mit Standlicht, Bremslicht, R\u00fcckfahrlicht und Blinker ausgestattet ist? Dann ist das Strands Siberia R\u00fccklicht 12 Zoll vielleicht die Lampe, die Sie suchen. Das Strands Siberia R\u00fccklicht 12 Zoll hat 4 Funktionen und ist ECE R148 zugelassen. Das bedeutet, dass Sie das 12- und 24-Volt-R\u00fccklicht an verschiedenen Fahrzeugen montieren k\u00f6nnen. Beispielsweise k\u00f6nnen Sie das R\u00fccklicht Siberia an einem Auto, Wohnmobil, LKW oder einem anderen Fahrzeugtyp montieren.\u00a0<\/span><\/p>\n<p><span style=\"color: #000000;\">So stellen Sie sicher, dass das Strands Siberia R\u00fccklicht 12 Zoll f\u00fcr Ihr Fahrzeug geeignet ist. Nachfolgend haben wir einige wichtige Eigenschaften aufgeschrieben. All dies, um Ihnen klar zu machen, warum dies die LED-Lampe sein k\u00f6nnte, nach der Sie suchen. Das 5-fach R\u00fccklicht LED von Strands ist unter anderem mit dem ECE R10 G\u00fctezeichen versehen. Dieses Qualit\u00e4tszeichen zeigt an, dass die Lampe w\u00e4hrend der Aktivierung beispielsweise Ihr Funksignal nicht st\u00f6rt. Auch das R\u00fccklicht LED tr\u00e4gt das G\u00fctezeichen IP68 und IP69K. Diese Qualit\u00e4tszeichen weisen darauf hin, dass das Strands Siberia Single Row R\u00fccklicht volledig staub- und wasserdicht ist. Das R\u00fccklicht ist ebenfalls mit Befestigungsmaterial aus Edelstahl und schwarz beschichteten Halterungen ausgestattet. Dadurch ist auch das Aussehen der Lampe nach dem Einbau sehr sch\u00f6n.<\/span><\/p>\n<h5><span style=\"color: #000000;\"><strong>Abmessungen:<\/strong><\/span><\/h5>\n<p><span style=\"color: #000000;\">Damit Sie das R\u00fccklicht Siberia \u00fcberall montieren k\u00f6nnen. Die Abmessungen haben wir unten aufgef\u00fchrt. Die Abmessungen des Strands Siberia Single Row R\u00fccklichts 12 Zoll sind wie folgt:<\/span><\/p>\n<ul>\n<li><span style=\"color: #000000;\">H\u00f6he: 45 mm (65 mm einschlie\u00dflich Montage)<\/span><\/li>\n<li><span style=\"color: #000000;\">Breite: 300,6 mm<\/span><\/li>\n<li><span style=\"color: #000000;\">Dicke: 55,5 mm<\/span><\/li>\n<\/ul>\n<p><span style=\"color: #000000;\">Das R\u00fccklicht Strands Siberia Single Row wird mit zwei Arten von Montagehalterungen geliefert. Mit den Montageb\u00fcgeln k\u00f6nnen Sie die Leuchte r\u00fcckseitig oder seitlich montieren.<\/span><\/p>\n<h5><span style=\"color: #000000;\"><strong>Andere Versionen:\u00a0<\/strong><\/span><\/h5>\n<p><span style=\"color: #000000;\">M\u00f6chten Sie ein Strands Siberia R\u00fccklicht? Aber ist die 12-Zoll-Version nicht das Modell, das Sie suchen? Dann wissen Sie, dass das Strands Siberia R\u00fccklicht 12 Zoll auch in verschiedenen anderen Versionen erh\u00e4ltlich ist. Sehen Sie sich unten die verschiedenen Optionen an, die Strands bietet.\u00a0<\/span><\/p>\n<ul>\n<li><span style=\"color: #000000;\"><a style=\"color: #000000;\" href=\"https:\/\/www.oudadl.testontwikkeling.nl\/de\/produkt\/strands-siberia-drt-12-inch\/\" target=\"_blank\" rel=\"noopener\"><strong>Siberia Tail Light Double Row\u00a0<\/strong><\/a><\/span><\/li>\n<li><span style=\"color: #000000;\"><a style=\"color: #000000;\" href=\"https:\/\/www.oudadl.testontwikkeling.nl\/de\/produkt\/strands-siberia-mo-achterlicht-25w\/\" target=\"_blank\" rel=\"noopener\"><strong>Siberia MO 25 Watt<\/strong><\/a><\/span><\/li>\n<li><span style=\"color: #000000;\"><a style=\"color: #000000;\" href=\"https:\/\/www.oudadl.testontwikkeling.nl\/de\/produkt\/strands-siberia-mo-achterlicht-30w\/\" target=\"_blank\" rel=\"noopener\"><strong>Siberia MO 30 Watt<\/strong><\/a><\/span><\/li>\n<\/ul>\n<p><span style=\"color: #000000;\">Immer noch nicht \u00fcberzeugt, dass das Strands Siberia R\u00fccklicht 12 Zoll das ist, wonach Sie suchen? Einfach weil Ihnen die Lichtleistung, Wattzahl oder Form nicht gef\u00e4llt? Sehen Sie sich hier das komplette Sortiment an <a style=\"color: #000000;\" href=\"https:\/\/www.oudadl.testontwikkeling.nl\/de\/merk\/produkt-strands-beleuchtungsabteilung\/\" target=\"_blank\" rel=\"noopener\">Strands<\/a>. Vielleicht finden Sie hier Ihr gesuchtes Lampenmodell. Ansehen <a style=\"color: #000000;\" href=\"https:\/\/youtu.be\/-CrzP3HuLkg\" target=\"_blank\" rel=\"noopener\">hier<\/a> das Einf\u00fchrungsvideo von Strands.<\/span><\/p>","protected":false},"excerpt":{"rendered":"<p>Strands Siberia Single Row Tail Light 12 inch, voor 12 en 24 volt.\u00a0 Bent u opzoek naar een nieuw model achterlicht, die voorzien is van een stadslicht, remlicht, achteruitrijlicht en richtingaanwijzer? Dan is het Strands Siberia achterlicht 12 inch wellicht d\u00e9 lamp die u zoekt. De Strands Siberia Tail Light 12&#8221; heeft 4 functies en [&hellip;]<\/p>\n","protected":false},"featured_media":36002,"comment_status":"open","ping_status":"closed","template":"","meta":{"_acf_changed":false,"site-sidebar-layout":"default","site-content-layout":"default","ast-site-content-layout":"default","site-content-style":"default","site-sidebar-style":"default","ast-global-header-display":"","ast-banner-title-visibility":"","ast-main-header-display":"","ast-hfb-above-header-display":"","ast-hfb-below-header-display":"","ast-hfb-mobile-header-display":"","site-post-title":"","ast-breadcrumbs-content":"","ast-featured-img":"","footer-sml-layout":"","ast-disable-related-posts":"","theme-transparent-header-meta":"default","adv-header-id-meta":"","stick-header-meta":"","header-above-stick-meta":"","header-main-stick-meta":"","header-below-stick-meta":"","astra-migrate-meta-layouts":"set","ast-page-background-enabled":"default","ast-page-background-meta":{"desktop":{"background-color":"","background-image":"","background-repeat":"repeat","background-position":"center center","background-size":"auto","background-attachment":"scroll","background-type":"","background-media":"","overlay-type":"","overlay-color":"","overlay-opacity":"","overlay-gradient":""},"tablet":{"background-color":"","background-image":"","background-repeat":"repeat","background-position":"center center","background-size":"auto","background-attachment":"scroll","background-type":"","background-media":"","overlay-type":"","overlay-color":"","overlay-opacity":"","overlay-gradient":""},"mobile":{"background-color":"","background-image":"","background-repeat":"repeat","background-position":"center center","background-size":"auto","background-attachment":"scroll","background-type":"","background-media":"","overlay-type":"","overlay-color":"","overlay-opacity":"","overlay-gradient":""}},"ast-content-background-meta":{"desktop":{"background-color":"var(--ast-global-color-5)","background-image":"","background-repeat":"repeat","background-position":"center center","background-size":"auto","background-attachment":"scroll","background-type":"","background-media":"","overlay-type":"","overlay-color":"","overlay-opacity":"","overlay-gradient":""},"tablet":{"background-color":"var(--ast-global-color-5)","background-image":"","background-repeat":"repeat","background-position":"center center","background-size":"auto","background-attachment":"scroll","background-type":"","background-media":"","overlay-type":"","overlay-color":"","overlay-opacity":"","overlay-gradient":""},"mobile":{"background-color":"var(--ast-global-color-5)","background-image":"","background-repeat":"repeat","background-position":"center center","background-size":"auto","background-attachment":"scroll","background-type":"","background-media":"","overlay-type":"","overlay-color":"","overlay-opacity":"","overlay-gradient":""}}},"product_brand":[],"product_cat":[309,7964,7258],"product_tag":[373,2426,3787,2427,6550,6551],"class_list":{"0":"post-35993","1":"product","2":"type-product","3":"status-publish","4":"has-post-thumbnail","6":"product_cat-achterlichten","7":"product_cat-led-bar","8":"product_cat-strands-siberia","9":"product_tag-led-werklamp","10":"product_tag-strands-led-verlichting","11":"product_tag-strands-werklamp","12":"product_tag-strands-lighting-division","13":"product_tag-strands-siberia-led-bar","14":"product_tag-strands-siberia-verstraler","15":"pa_merkk-product-strands-lighting-division","16":"desktop-align-left","17":"tablet-align-left","18":"mobile-align-left","20":"first","21":"instock","22":"taxable","23":"shipping-taxable","24":"purchasable","25":"product-type-simple"},"acf":[],"yoast_head":"<!-- This site is optimized with the Yoast SEO Premium plugin v25.9 (Yoast SEO v27.6) - https:\/\/yoast.com\/product\/yoast-seo-premium-wordpress\/ -->\n<title>Strands Siberia achterlicht 12 inch - All Day Led - voor 12&amp;24V<\/title>\n<meta name=\"description\" content=\"Strands Siberia achterlicht 12 inch- voor 12&amp;24 volt gebruik - auto, vrachtwagen en meer - met 4 achterlicht functies en ECE R148 keurmerk - 1900 Lumen\" \/>\n<meta name=\"robots\" content=\"noindex, follow, max-snippet:-1, max-image-preview:large, max-video-preview:-1\" \/>\n<meta property=\"og:locale\" content=\"de_DE\" \/>\n<meta property=\"og:type\" content=\"article\" \/>\n<meta property=\"og:title\" content=\"Strands Siberia achterlicht - 12 inch - All Day Led - 12&amp;24V\" \/>\n<meta property=\"og:description\" content=\"Strands Siberia achterlicht 12 inch- voor 12&amp;24 volt gebruik - auto, vrachtwagen en meer - met 4 achterlicht functies en ECE R148 keurmerk - 1900 Lumen\" \/>\n<meta property=\"og:url\" content=\"https:\/\/www.oudadl.testontwikkeling.nl\/de\/produkt\/strands-siberia-achterlicht-12inch\/\" \/>\n<meta property=\"og:site_name\" content=\"All Day Led\" \/>\n<meta property=\"article:publisher\" content=\"https:\/\/www.facebook.com\/alldayled\/\" \/>\n<meta property=\"article:modified_time\" content=\"2025-11-13T13:25:36+00:00\" \/>\n<meta property=\"og:image\" content=\"https:\/\/www.oudadl.testontwikkeling.nl\/wp-content\/uploads\/2024\/03\/ADL809226.png\" \/>\n\t<meta property=\"og:image:width\" content=\"800\" \/>\n\t<meta property=\"og:image:height\" content=\"800\" \/>\n\t<meta property=\"og:image:type\" content=\"image\/png\" \/>\n<meta name=\"twitter:label1\" content=\"Preis\" \/>\n\t<meta name=\"twitter:data1\" content=\"&euro;169,00\" \/>\n\t<meta name=\"twitter:label2\" content=\"Verf\u00fcgbarkeit\" \/>\n\t<meta name=\"twitter:data2\" content=\"Auf Lager\" \/>\n<script type=\"application\/ld+json\" class=\"yoast-schema-graph\">{\"@context\":\"https:\\\/\\\/schema.org\",\"@graph\":[{\"@type\":\"WebPage\",\"@id\":\"https:\\\/\\\/www.oudadl.testontwikkeling.nl\\\/product\\\/strands-siberia-achterlicht-12inch\\\/\",\"url\":\"https:\\\/\\\/www.oudadl.testontwikkeling.nl\\\/product\\\/strands-siberia-achterlicht-12inch\\\/\",\"name\":\"Strands Siberia achterlicht 12 inch - All Day Led - voor 12&24V\",\"isPartOf\":{\"@id\":\"https:\\\/\\\/www.oudadl.testontwikkeling.nl\\\/#website\"},\"primaryImageOfPage\":{\"@id\":\"https:\\\/\\\/www.oudadl.testontwikkeling.nl\\\/product\\\/strands-siberia-achterlicht-12inch\\\/#primaryimage\"},\"image\":{\"@id\":\"https:\\\/\\\/www.oudadl.testontwikkeling.nl\\\/product\\\/strands-siberia-achterlicht-12inch\\\/#primaryimage\"},\"thumbnailUrl\":\"https:\\\/\\\/www.oudadl.testontwikkeling.nl\\\/wp-content\\\/uploads\\\/2023\\\/05\\\/ADL89226..png\",\"datePublished\":\"2023-05-08T10:15:24+00:00\",\"dateModified\":\"2025-11-13T13:25:36+00:00\",\"description\":\"Strands Siberia achterlicht 12 inch- voor 12&24 volt gebruik - auto, vrachtwagen en meer - met 4 achterlicht functies en ECE R148 keurmerk - 1900 Lumen\",\"breadcrumb\":{\"@id\":\"https:\\\/\\\/www.oudadl.testontwikkeling.nl\\\/product\\\/strands-siberia-achterlicht-12inch\\\/#breadcrumb\"},\"inLanguage\":\"de\",\"potentialAction\":[{\"@type\":\"ReadAction\",\"target\":[\"https:\\\/\\\/www.oudadl.testontwikkeling.nl\\\/product\\\/strands-siberia-achterlicht-12inch\\\/\"]}]},{\"@type\":\"ImageObject\",\"inLanguage\":\"de\",\"@id\":\"https:\\\/\\\/www.oudadl.testontwikkeling.nl\\\/product\\\/strands-siberia-achterlicht-12inch\\\/#primaryimage\",\"url\":\"https:\\\/\\\/www.oudadl.testontwikkeling.nl\\\/wp-content\\\/uploads\\\/2023\\\/05\\\/ADL89226..png\",\"contentUrl\":\"https:\\\/\\\/www.oudadl.testontwikkeling.nl\\\/wp-content\\\/uploads\\\/2023\\\/05\\\/ADL89226..png\",\"width\":800,\"height\":600,\"caption\":\"Strands Siberia LED achterlicht met 4 functies - geschikt voor 12 & 24 volt gebruik - voor auto, vrachtwagen, camper, aanhanger, graafmachine en meer - EAN: 7350133811817\"},{\"@type\":\"BreadcrumbList\",\"@id\":\"https:\\\/\\\/www.oudadl.testontwikkeling.nl\\\/product\\\/strands-siberia-achterlicht-12inch\\\/#breadcrumb\",\"itemListElement\":[{\"@type\":\"ListItem\",\"position\":1,\"name\":\"Home\",\"item\":\"https:\\\/\\\/www.oudadl.testontwikkeling.nl\\\/\"},{\"@type\":\"ListItem\",\"position\":2,\"name\":\"Shop\",\"item\":\"https:\\\/\\\/www.oudadl.testontwikkeling.nl\\\/de\\\/shop\\\/\"},{\"@type\":\"ListItem\",\"position\":3,\"name\":\"Verstralers\",\"item\":\"https:\\\/\\\/www.oudadl.testontwikkeling.nl\\\/product-categorie\\\/verstralers\\\/\"},{\"@type\":\"ListItem\",\"position\":4,\"name\":\"LED bar\",\"item\":\"https:\\\/\\\/www.oudadl.testontwikkeling.nl\\\/product-categorie\\\/verstralers\\\/led-bar\\\/\"},{\"@type\":\"ListItem\",\"position\":5,\"name\":\"Strands Siberia achterlicht &#8211; 12 inch\"}]},{\"@type\":\"WebSite\",\"@id\":\"https:\\\/\\\/www.oudadl.testontwikkeling.nl\\\/#website\",\"url\":\"https:\\\/\\\/www.oudadl.testontwikkeling.nl\\\/\",\"name\":\"All Day Led\",\"description\":\"\",\"publisher\":{\"@id\":\"https:\\\/\\\/www.oudadl.testontwikkeling.nl\\\/#organization\"},\"potentialAction\":[{\"@type\":\"SearchAction\",\"target\":{\"@type\":\"EntryPoint\",\"urlTemplate\":\"https:\\\/\\\/www.oudadl.testontwikkeling.nl\\\/?s={search_term_string}\"},\"query-input\":{\"@type\":\"PropertyValueSpecification\",\"valueRequired\":true,\"valueName\":\"search_term_string\"}}],\"inLanguage\":\"de\"},{\"@type\":\"Organization\",\"@id\":\"https:\\\/\\\/www.oudadl.testontwikkeling.nl\\\/#organization\",\"name\":\"All Day Led\",\"url\":\"https:\\\/\\\/www.oudadl.testontwikkeling.nl\\\/\",\"logo\":{\"@type\":\"ImageObject\",\"inLanguage\":\"de\",\"@id\":\"https:\\\/\\\/www.oudadl.testontwikkeling.nl\\\/#\\\/schema\\\/logo\\\/image\\\/\",\"url\":\"https:\\\/\\\/www.oudadl.testontwikkeling.nl\\\/wp-content\\\/uploads\\\/2022\\\/08\\\/Logo-ALL-DAY-LED-800x800-zwart-witte-letters.png\",\"contentUrl\":\"https:\\\/\\\/www.oudadl.testontwikkeling.nl\\\/wp-content\\\/uploads\\\/2022\\\/08\\\/Logo-ALL-DAY-LED-800x800-zwart-witte-letters.png\",\"width\":800,\"height\":800,\"caption\":\"All Day Led\"},\"image\":{\"@id\":\"https:\\\/\\\/www.oudadl.testontwikkeling.nl\\\/#\\\/schema\\\/logo\\\/image\\\/\"},\"sameAs\":[\"https:\\\/\\\/www.facebook.com\\\/alldayled\\\/\",\"https:\\\/\\\/www.instagram.com\\\/alldayled\\\/\"],\"vatID\":\"NL863960133B01\",\"taxID\":\"86416545\",\"hasMerchantReturnPolicy\":{\"@type\":\"MerchantReturnPolicy\",\"merchantReturnLink\":\"https:\\\/\\\/www.oudadl.testontwikkeling.nl\\\/de\\\/verzenden-retourneren\\\/\"}}]}<\/script>\n<meta property=\"product:brand\" content=\"Strands\" \/>\n<meta property=\"product:price:amount\" content=\"169.00\" \/>\n<meta property=\"product:price:currency\" content=\"EUR\" \/>\n<meta property=\"og:availability\" content=\"instock\" \/>\n<meta property=\"product:availability\" content=\"instock\" \/>\n<meta property=\"product:retailer_item_id\" content=\"ADL809226\" \/>\n<meta property=\"product:condition\" content=\"new\" \/>\n<!-- \/ Yoast SEO Premium plugin. -->","yoast_head_json":{"title":"Strands Siberia R\u00fccklicht 12 Zoll - All Day Led - f\u00fcr 12&amp;24V","description":"Strands Siberia R\u00fccklicht 12 Zoll - f\u00fcr 12&amp;24 volt Einsatz - PKW, LKW und mehr - mit 4 R\u00fccklichtfunktionen &amp; ECE R148 Pr\u00fcfzeichen - 1900 Lumen","robots":{"index":"noindex","follow":"follow","max-snippet":"max-snippet:-1","max-image-preview":"max-image-preview:large","max-video-preview":"max-video-preview:-1"},"og_locale":"de_DE","og_type":"article","og_title":"Strands Siberia achterlicht - 12 inch - All Day Led - 12&24V","og_description":"Strands Siberia achterlicht 12 inch- voor 12&24 volt gebruik - auto, vrachtwagen en meer - met 4 achterlicht functies en ECE R148 keurmerk - 1900 Lumen","og_url":"https:\/\/www.oudadl.testontwikkeling.nl\/de\/produkt\/strands-siberia-achterlicht-12inch\/","og_site_name":"All Day Led","article_publisher":"https:\/\/www.facebook.com\/alldayled\/","article_modified_time":"2025-11-13T13:25:36+00:00","og_image":[{"width":800,"height":800,"url":"https:\/\/www.oudadl.testontwikkeling.nl\/wp-content\/uploads\/2024\/03\/ADL809226.png","type":"image\/png"}],"twitter_misc":{"Preis":"&euro;169,00","Verf\u00fcgbarkeit":"Auf Lager"},"schema":{"@context":"https:\/\/schema.org","@graph":[{"@type":"WebPage","@id":"https:\/\/www.oudadl.testontwikkeling.nl\/product\/strands-siberia-achterlicht-12inch\/","url":"https:\/\/www.oudadl.testontwikkeling.nl\/product\/strands-siberia-achterlicht-12inch\/","name":"Strands Siberia R\u00fccklicht 12 Zoll - All Day Led - f\u00fcr 12&amp;24V","isPartOf":{"@id":"https:\/\/www.oudadl.testontwikkeling.nl\/#website"},"primaryImageOfPage":{"@id":"https:\/\/www.oudadl.testontwikkeling.nl\/product\/strands-siberia-achterlicht-12inch\/#primaryimage"},"image":{"@id":"https:\/\/www.oudadl.testontwikkeling.nl\/product\/strands-siberia-achterlicht-12inch\/#primaryimage"},"thumbnailUrl":"https:\/\/www.oudadl.testontwikkeling.nl\/wp-content\/uploads\/2023\/05\/ADL89226..png","datePublished":"2023-05-08T10:15:24+00:00","dateModified":"2025-11-13T13:25:36+00:00","description":"Strands Siberia R\u00fccklicht 12 Zoll - f\u00fcr 12&amp;24 volt Einsatz - PKW, LKW und mehr - mit 4 R\u00fccklichtfunktionen &amp; ECE R148 Pr\u00fcfzeichen - 1900 Lumen","breadcrumb":{"@id":"https:\/\/www.oudadl.testontwikkeling.nl\/product\/strands-siberia-achterlicht-12inch\/#breadcrumb"},"inLanguage":"de","potentialAction":[{"@type":"ReadAction","target":["https:\/\/www.oudadl.testontwikkeling.nl\/product\/strands-siberia-achterlicht-12inch\/"]}]},{"@type":"ImageObject","inLanguage":"de","@id":"https:\/\/www.oudadl.testontwikkeling.nl\/product\/strands-siberia-achterlicht-12inch\/#primaryimage","url":"https:\/\/www.oudadl.testontwikkeling.nl\/wp-content\/uploads\/2023\/05\/ADL89226..png","contentUrl":"https:\/\/www.oudadl.testontwikkeling.nl\/wp-content\/uploads\/2023\/05\/ADL89226..png","width":800,"height":600,"caption":"Strands Siberia LED achterlicht met 4 functies - geschikt voor 12 & 24 volt gebruik - voor auto, vrachtwagen, camper, aanhanger, graafmachine en meer - EAN: 7350133811817"},{"@type":"BreadcrumbList","@id":"https:\/\/www.oudadl.testontwikkeling.nl\/product\/strands-siberia-achterlicht-12inch\/#breadcrumb","itemListElement":[{"@type":"ListItem","position":1,"name":"Home","item":"https:\/\/www.oudadl.testontwikkeling.nl\/"},{"@type":"ListItem","position":2,"name":"Shop","item":"https:\/\/www.oudadl.testontwikkeling.nl\/de\/shop\/"},{"@type":"ListItem","position":3,"name":"Verstralers","item":"https:\/\/www.oudadl.testontwikkeling.nl\/product-categorie\/verstralers\/"},{"@type":"ListItem","position":4,"name":"LED bar","item":"https:\/\/www.oudadl.testontwikkeling.nl\/product-categorie\/verstralers\/led-bar\/"},{"@type":"ListItem","position":5,"name":"Strands Siberia achterlicht &#8211; 12 inch"}]},{"@type":"WebSite","@id":"https:\/\/www.oudadl.testontwikkeling.nl\/#website","url":"https:\/\/www.oudadl.testontwikkeling.nl\/","name":"All Day Led","description":"","publisher":{"@id":"https:\/\/www.oudadl.testontwikkeling.nl\/#organization"},"potentialAction":[{"@type":"SearchAction","target":{"@type":"EntryPoint","urlTemplate":"https:\/\/www.oudadl.testontwikkeling.nl\/?s={search_term_string}"},"query-input":{"@type":"PropertyValueSpecification","valueRequired":true,"valueName":"search_term_string"}}],"inLanguage":"de"},{"@type":"Organization","@id":"https:\/\/www.oudadl.testontwikkeling.nl\/#organization","name":"All Day Led","url":"https:\/\/www.oudadl.testontwikkeling.nl\/","logo":{"@type":"ImageObject","inLanguage":"de","@id":"https:\/\/www.oudadl.testontwikkeling.nl\/#\/schema\/logo\/image\/","url":"https:\/\/www.oudadl.testontwikkeling.nl\/wp-content\/uploads\/2022\/08\/Logo-ALL-DAY-LED-800x800-zwart-witte-letters.png","contentUrl":"https:\/\/www.oudadl.testontwikkeling.nl\/wp-content\/uploads\/2022\/08\/Logo-ALL-DAY-LED-800x800-zwart-witte-letters.png","width":800,"height":800,"caption":"All Day Led"},"image":{"@id":"https:\/\/www.oudadl.testontwikkeling.nl\/#\/schema\/logo\/image\/"},"sameAs":["https:\/\/www.facebook.com\/alldayled\/","https:\/\/www.instagram.com\/alldayled\/"],"vatID":"NL863960133B01","taxID":"86416545","hasMerchantReturnPolicy":{"@type":"MerchantReturnPolicy","merchantReturnLink":"https:\/\/www.oudadl.testontwikkeling.nl\/de\/verzenden-retourneren\/"}}]},"product_brand":"Strands","product_price_amount":"169.00","product_price_currency":"EUR","og_availability":"instock","product_availability":"instock","product_retailer_item_id":"ADL809226","product_condition":"new"},"_links":{"self":[{"href":"https:\/\/www.oudadl.testontwikkeling.nl\/de\/wp-json\/wp\/v2\/product\/35993","targetHints":{"allow":["GET"]}}],"collection":[{"href":"https:\/\/www.oudadl.testontwikkeling.nl\/de\/wp-json\/wp\/v2\/product"}],"about":[{"href":"https:\/\/www.oudadl.testontwikkeling.nl\/de\/wp-json\/wp\/v2\/types\/product"}],"replies":[{"embeddable":true,"href":"https:\/\/www.oudadl.testontwikkeling.nl\/de\/wp-json\/wp\/v2\/comments?post=35993"}],"wp:featuredmedia":[{"embeddable":true,"href":"https:\/\/www.oudadl.testontwikkeling.nl\/de\/wp-json\/wp\/v2\/media\/36002"}],"wp:attachment":[{"href":"https:\/\/www.oudadl.testontwikkeling.nl\/de\/wp-json\/wp\/v2\/media?parent=35993"}],"wp:term":[{"taxonomy":"product_brand","embeddable":true,"href":"https:\/\/www.oudadl.testontwikkeling.nl\/de\/wp-json\/wp\/v2\/product_brand?post=35993"},{"taxonomy":"product_cat","embeddable":true,"href":"https:\/\/www.oudadl.testontwikkeling.nl\/de\/wp-json\/wp\/v2\/product_cat?post=35993"},{"taxonomy":"product_tag","embeddable":true,"href":"https:\/\/www.oudadl.testontwikkeling.nl\/de\/wp-json\/wp\/v2\/product_tag?post=35993"}],"curies":[{"name":"wp","href":"https:\/\/api.w.org\/{rel}","templated":true}]}}