{"id":35245,"date":"2023-03-05T10:27:05","date_gmt":"2023-03-05T09:27:05","guid":{"rendered":"https:\/\/www.oudadl.testontwikkeling.nl\/?post_type=product&#038;p=35245"},"modified":"2025-11-13T15:30:41","modified_gmt":"2025-11-13T14:30:41","slug":"truckled-led-zwaailamp-plat","status":"publish","type":"product","link":"https:\/\/www.oudadl.testontwikkeling.nl\/de\/product\/truckled-led-zwaailamp-plat\/","title":{"rendered":"TruckLED Rundumleuchte flach 12\/24V"},"content":{"rendered":"<p><span style=\"color: #000000\"><strong>TruckLED Rundumleuchte flach mit Stangenbefestigung, f\u00fcr 12 und 24 Volt.\u00a0<\/strong><\/span><\/p>\n<p><span style=\"color: #000000\">Suchen Sie eine budgetfreundliche LED-Kennleuchte mit DIN-Anschluss? Dann ist die TruckLED Rundumleuchte flach vielleicht die Leuchte, die Sie suchen. Die Bake hat 4 verschiedene Muster und ist mit 12 LED's best\u00fcckt. Die Bake LED kann mit 12 und 24 Volt verwendet werden. Das bedeutet, dass Sie die ECE-R65-zugelassene Kennleuchte LED beispielsweise an einem Auto, Wohnmobil, LKW oder einem anderen Fahrzeugtyp montieren k\u00f6nnen.\u00a0<\/span><\/p>\n<p><span style=\"color: #000000\">So stellen Sie sicher, dass die TruckLED Rundumleuchte flach mit 12 LED f\u00fcr Ihr Fahrzeug oder Ihren Anh\u00e4nger geeignet ist. Nachfolgend haben wir einige wichtige Eigenschaften aufgeschrieben. All dies, um Ihnen klar zu machen, warum dies die LED-Lampe sein k\u00f6nnte, nach der Sie suchen. Die 4-fach Warnleuchte LED von TruckLED ist unter anderem mit dem ECE R10 G\u00fctezeichen versehen. Dieses Qualit\u00e4tszeichen zeigt an, dass die Lampe w\u00e4hrend der Aktivierung beispielsweise Ihr Funksignal nicht st\u00f6rt. Die Warnleuchte tr\u00e4gt au\u00dferdem das ECE R65-G\u00fctezeichen. Dieses G\u00fctezeichen weist darauf hin, dass Sie die Leuchte als Signalleuchte verwenden d\u00fcrfen. <\/span><\/p>\n<h5><span style=\"color: #000000\"><strong>Abmessungen:<\/strong><\/span><\/h5>\n<p><span style=\"color: #000000\">Weil Sie sicher sein m\u00f6chten, dass die Rundumkennleuchte mit Stabmontage dort montiert werden kann, wo Sie es w\u00fcnschen. Die Abmessungen des Ger\u00e4tes haben wir unten aufgef\u00fchrt. Die Abmessungen der TruckLED Rundumleuchte flach sind wie folgt:<\/span><\/p>\n<ul>\n<li><span style=\"color: #000000\">H\u00f6he: 156 mm<\/span><\/li>\n<li><span style=\"color: #000000\">Durchmesser: 120 mm<\/span><\/li>\n<\/ul>\n<h5><span style=\"color: #000000\"><strong>Andere Versionen:\u00a0<\/strong><\/span><\/h5>\n<p><span style=\"color: #000000\">Sie m\u00f6chten eine LED Rundumleuchte mit DIN-Anschluss kaufen, aber die TruckLED Rundumleuchte flach ist nicht die Version, die Sie suchen? Dann wissen Sie, dass die Kennleuchte der Marke TruckLED auch in den folgenden Versionen erh\u00e4ltlich ist:\u00a0<\/span><\/p>\n<ul>\n<li><span style=\"color: #000000\"><a style=\"color: #000000\" href=\"https:\/\/www.oudadl.testontwikkeling.nl\/de\/produkt\/truckled-led-zwaailamp-rond\/\" target=\"_blank\" rel=\"noopener\"><strong>Rundumkennleuchte mit DIN-Montage<\/strong><\/a><\/span><\/li>\n<\/ul>\n<p><span style=\"color: #000000\">Sind Sie immer noch der Meinung, dass die TruckLED Rundumleuchte flach nicht das ist, was Sie suchen? Einfach weil die Lichtleistung oder Wattzahl nicht hoch genug oder sogar zu hoch ist? Schauen Sie sich unbedingt auf unserer Seite um <a style=\"color: #000000\" href=\"https:\/\/www.oudadl.testontwikkeling.nl\/de\/produkt-kategorie\/blitzlichter\/\" target=\"_blank\" rel=\"noopener\">Warnleuchten<\/a>. M\u00f6glicherweise finden Sie hier den gew\u00fcnschten Warnlampentyp.<\/span><\/p>","protected":false},"excerpt":{"rendered":"<p>TruckLED zwaailamp plat met stangmontage, voor 12 en 24 volt.\u00a0 Bent u opzoek naar een budget vriendelijke LED zwaailamp met DIN aansluiting? Dan is de TruckLED zwaailamp plat wellicht d\u00e9 lamp die u zoekt. De zwaailamp heeft 4 verschillende patronen en is voorzien van 12 LED&#8217;s. De LED zwaailamp is te gebruiken op 12 &amp; [&hellip;]<\/p>\n","protected":false},"featured_media":21235,"comment_status":"open","ping_status":"closed","template":"","meta":{"_acf_changed":false,"site-sidebar-layout":"default","site-content-layout":"default","ast-site-content-layout":"default","site-content-style":"default","site-sidebar-style":"default","ast-global-header-display":"","ast-banner-title-visibility":"","ast-main-header-display":"","ast-hfb-above-header-display":"","ast-hfb-below-header-display":"","ast-hfb-mobile-header-display":"","site-post-title":"","ast-breadcrumbs-content":"","ast-featured-img":"","footer-sml-layout":"","ast-disable-related-posts":"","theme-transparent-header-meta":"default","adv-header-id-meta":"","stick-header-meta":"","header-above-stick-meta":"","header-main-stick-meta":"","header-below-stick-meta":"","astra-migrate-meta-layouts":"set","ast-page-background-enabled":"default","ast-page-background-meta":{"desktop":{"background-color":"","background-image":"","background-repeat":"repeat","background-position":"center center","background-size":"auto","background-attachment":"scroll","background-type":"","background-media":"","overlay-type":"","overlay-color":"","overlay-opacity":"","overlay-gradient":""},"tablet":{"background-color":"","background-image":"","background-repeat":"repeat","background-position":"center center","background-size":"auto","background-attachment":"scroll","background-type":"","background-media":"","overlay-type":"","overlay-color":"","overlay-opacity":"","overlay-gradient":""},"mobile":{"background-color":"","background-image":"","background-repeat":"repeat","background-position":"center center","background-size":"auto","background-attachment":"scroll","background-type":"","background-media":"","overlay-type":"","overlay-color":"","overlay-opacity":"","overlay-gradient":""}},"ast-content-background-meta":{"desktop":{"background-color":"var(--ast-global-color-5)","background-image":"","background-repeat":"repeat","background-position":"center center","background-size":"auto","background-attachment":"scroll","background-type":"","background-media":"","overlay-type":"","overlay-color":"","overlay-opacity":"","overlay-gradient":""},"tablet":{"background-color":"var(--ast-global-color-5)","background-image":"","background-repeat":"repeat","background-position":"center center","background-size":"auto","background-attachment":"scroll","background-type":"","background-media":"","overlay-type":"","overlay-color":"","overlay-opacity":"","overlay-gradient":""},"mobile":{"background-color":"var(--ast-global-color-5)","background-image":"","background-repeat":"repeat","background-position":"center center","background-size":"auto","background-attachment":"scroll","background-type":"","background-media":"","overlay-type":"","overlay-color":"","overlay-opacity":"","overlay-gradient":""}}},"product_brand":[],"product_cat":[8147],"product_tag":[4850,4844,4847,4846,4854,4931,4852,4848,4851,4853],"class_list":{"0":"post-35245","1":"product","2":"type-product","3":"status-publish","4":"has-post-thumbnail","6":"product_cat-zwaailamp","7":"product_tag-led-signalisatie","8":"product_tag-led-zwaailamp","9":"product_tag-led-zwaailamp-12-volt","10":"product_tag-led-zwaailamp-24-volt","11":"product_tag-led-zwaailamp-aanhanger","12":"product_tag-led-zwaailamp-auto","13":"product_tag-led-zwaailamp-kooiaap","14":"product_tag-led-zwaailamp-met-ece-r65","15":"product_tag-led-zwaailamp-tractor","16":"product_tag-led-zwaailamp-vrachtwagen","17":"pa_merkk-product-truckled","18":"desktop-align-left","19":"tablet-align-left","20":"mobile-align-left","22":"first","23":"instock","24":"taxable","25":"shipping-taxable","26":"purchasable","27":"product-type-simple"},"acf":[],"yoast_head":"<!-- This site is optimized with the Yoast SEO Premium plugin v25.9 (Yoast SEO v27.6) - https:\/\/yoast.com\/product\/yoast-seo-premium-wordpress\/ -->\n<title>TruckLED zwaailamp plat met DIN - All Day Led - voor 12&amp;24V<\/title>\n<meta name=\"description\" content=\"TruckLED zwaailamp plat met DIN aansluiting - voorzien van ECE R65 keurmerk - met ECE R10 keurmerk - eenvoudige montage - schroefmontage\" \/>\n<meta name=\"robots\" content=\"noindex, follow, max-snippet:-1, max-image-preview:large, max-video-preview:-1\" \/>\n<meta property=\"og:locale\" content=\"de_DE\" \/>\n<meta property=\"og:type\" content=\"article\" \/>\n<meta property=\"og:title\" content=\"TruckLED zwaailamp plat met DIN - All Day Led - voor 12&amp;24V\" \/>\n<meta property=\"og:description\" content=\"TruckLED zwaailamp plat met DIN aansluiting - voorzien van ECE R65 keurmerk - met ECE R10 keurmerk - eenvoudige montage - schroefmontage\" \/>\n<meta property=\"og:url\" content=\"https:\/\/www.oudadl.testontwikkeling.nl\/de\/produkt\/truckled-led-zwaailamp-plat\/\" \/>\n<meta property=\"og:site_name\" content=\"All Day Led\" \/>\n<meta property=\"article:publisher\" content=\"https:\/\/www.facebook.com\/alldayled\/\" \/>\n<meta property=\"article:modified_time\" content=\"2025-11-13T14:30:41+00:00\" \/>\n<meta property=\"og:image\" content=\"https:\/\/www.oudadl.testontwikkeling.nl\/wp-content\/uploads\/2024\/06\/ADL01006.png\" \/>\n\t<meta property=\"og:image:width\" content=\"800\" \/>\n\t<meta property=\"og:image:height\" content=\"800\" \/>\n\t<meta property=\"og:image:type\" content=\"image\/png\" \/>\n<meta name=\"twitter:label1\" content=\"Preis\" \/>\n\t<meta name=\"twitter:data1\" content=\"&euro;35,00\" \/>\n\t<meta name=\"twitter:label2\" content=\"Verf\u00fcgbarkeit\" \/>\n\t<meta name=\"twitter:data2\" content=\"Auf Lager\" \/>\n<script type=\"application\/ld+json\" class=\"yoast-schema-graph\">{\"@context\":\"https:\\\/\\\/schema.org\",\"@graph\":[{\"@type\":\"WebPage\",\"@id\":\"https:\\\/\\\/www.oudadl.testontwikkeling.nl\\\/product\\\/truckled-led-zwaailamp-plat\\\/\",\"url\":\"https:\\\/\\\/www.oudadl.testontwikkeling.nl\\\/product\\\/truckled-led-zwaailamp-plat\\\/\",\"name\":\"TruckLED zwaailamp plat met DIN - All Day Led - voor 12&24V\",\"isPartOf\":{\"@id\":\"https:\\\/\\\/www.oudadl.testontwikkeling.nl\\\/#website\"},\"primaryImageOfPage\":{\"@id\":\"https:\\\/\\\/www.oudadl.testontwikkeling.nl\\\/product\\\/truckled-led-zwaailamp-plat\\\/#primaryimage\"},\"image\":{\"@id\":\"https:\\\/\\\/www.oudadl.testontwikkeling.nl\\\/product\\\/truckled-led-zwaailamp-plat\\\/#primaryimage\"},\"thumbnailUrl\":\"https:\\\/\\\/www.oudadl.testontwikkeling.nl\\\/wp-content\\\/uploads\\\/2020\\\/11\\\/ADLR01006..png\",\"datePublished\":\"2023-03-05T09:27:05+00:00\",\"dateModified\":\"2025-11-13T14:30:41+00:00\",\"description\":\"TruckLED zwaailamp plat met DIN aansluiting - voorzien van ECE R65 keurmerk - met ECE R10 keurmerk - eenvoudige montage - schroefmontage\",\"breadcrumb\":{\"@id\":\"https:\\\/\\\/www.oudadl.testontwikkeling.nl\\\/product\\\/truckled-led-zwaailamp-plat\\\/#breadcrumb\"},\"inLanguage\":\"de\",\"potentialAction\":[{\"@type\":\"ReadAction\",\"target\":[\"https:\\\/\\\/www.oudadl.testontwikkeling.nl\\\/product\\\/truckled-led-zwaailamp-plat\\\/\"]}]},{\"@type\":\"ImageObject\",\"inLanguage\":\"de\",\"@id\":\"https:\\\/\\\/www.oudadl.testontwikkeling.nl\\\/product\\\/truckled-led-zwaailamp-plat\\\/#primaryimage\",\"url\":\"https:\\\/\\\/www.oudadl.testontwikkeling.nl\\\/wp-content\\\/uploads\\\/2020\\\/11\\\/ADLR01006..png\",\"contentUrl\":\"https:\\\/\\\/www.oudadl.testontwikkeling.nl\\\/wp-content\\\/uploads\\\/2020\\\/11\\\/ADLR01006..png\",\"width\":800,\"height\":600,\"caption\":\"TruckLED LED zwaailamp met flexibele stangmontage - geschikt voor 12 & 24 volt gebruik - EAN: 5905358300022\"},{\"@type\":\"BreadcrumbList\",\"@id\":\"https:\\\/\\\/www.oudadl.testontwikkeling.nl\\\/product\\\/truckled-led-zwaailamp-plat\\\/#breadcrumb\",\"itemListElement\":[{\"@type\":\"ListItem\",\"position\":1,\"name\":\"Home\",\"item\":\"https:\\\/\\\/www.oudadl.testontwikkeling.nl\\\/\"},{\"@type\":\"ListItem\",\"position\":2,\"name\":\"Shop\",\"item\":\"https:\\\/\\\/www.oudadl.testontwikkeling.nl\\\/de\\\/shop\\\/\"},{\"@type\":\"ListItem\",\"position\":3,\"name\":\"Flitsers en zwaailampen\",\"item\":\"https:\\\/\\\/www.oudadl.testontwikkeling.nl\\\/product-categorie\\\/flitsers-zwaailampen\\\/\"},{\"@type\":\"ListItem\",\"position\":4,\"name\":\"Zwaailamp\",\"item\":\"https:\\\/\\\/www.oudadl.testontwikkeling.nl\\\/product-categorie\\\/flitsers-zwaailampen\\\/zwaailamp\\\/\"},{\"@type\":\"ListItem\",\"position\":5,\"name\":\"TruckLED zwaailamp plat 12\\\/24V\"}]},{\"@type\":\"WebSite\",\"@id\":\"https:\\\/\\\/www.oudadl.testontwikkeling.nl\\\/#website\",\"url\":\"https:\\\/\\\/www.oudadl.testontwikkeling.nl\\\/\",\"name\":\"All Day Led\",\"description\":\"\",\"publisher\":{\"@id\":\"https:\\\/\\\/www.oudadl.testontwikkeling.nl\\\/#organization\"},\"potentialAction\":[{\"@type\":\"SearchAction\",\"target\":{\"@type\":\"EntryPoint\",\"urlTemplate\":\"https:\\\/\\\/www.oudadl.testontwikkeling.nl\\\/?s={search_term_string}\"},\"query-input\":{\"@type\":\"PropertyValueSpecification\",\"valueRequired\":true,\"valueName\":\"search_term_string\"}}],\"inLanguage\":\"de\"},{\"@type\":\"Organization\",\"@id\":\"https:\\\/\\\/www.oudadl.testontwikkeling.nl\\\/#organization\",\"name\":\"All Day Led\",\"url\":\"https:\\\/\\\/www.oudadl.testontwikkeling.nl\\\/\",\"logo\":{\"@type\":\"ImageObject\",\"inLanguage\":\"de\",\"@id\":\"https:\\\/\\\/www.oudadl.testontwikkeling.nl\\\/#\\\/schema\\\/logo\\\/image\\\/\",\"url\":\"https:\\\/\\\/www.oudadl.testontwikkeling.nl\\\/wp-content\\\/uploads\\\/2022\\\/08\\\/Logo-ALL-DAY-LED-800x800-zwart-witte-letters.png\",\"contentUrl\":\"https:\\\/\\\/www.oudadl.testontwikkeling.nl\\\/wp-content\\\/uploads\\\/2022\\\/08\\\/Logo-ALL-DAY-LED-800x800-zwart-witte-letters.png\",\"width\":800,\"height\":800,\"caption\":\"All Day Led\"},\"image\":{\"@id\":\"https:\\\/\\\/www.oudadl.testontwikkeling.nl\\\/#\\\/schema\\\/logo\\\/image\\\/\"},\"sameAs\":[\"https:\\\/\\\/www.facebook.com\\\/alldayled\\\/\",\"https:\\\/\\\/www.instagram.com\\\/alldayled\\\/\"],\"vatID\":\"NL863960133B01\",\"taxID\":\"86416545\",\"hasMerchantReturnPolicy\":{\"@type\":\"MerchantReturnPolicy\",\"merchantReturnLink\":\"https:\\\/\\\/www.oudadl.testontwikkeling.nl\\\/de\\\/verzenden-retourneren\\\/\"}}]}<\/script>\n<meta property=\"product:brand\" content=\"TruckLED\" \/>\n<meta property=\"product:price:amount\" content=\"35.00\" \/>\n<meta property=\"product:price:currency\" content=\"EUR\" \/>\n<meta property=\"og:availability\" content=\"instock\" \/>\n<meta property=\"product:availability\" content=\"instock\" \/>\n<meta property=\"product:retailer_item_id\" content=\"ADL01006\" \/>\n<meta property=\"product:condition\" content=\"new\" \/>\n<!-- \/ Yoast SEO Premium plugin. -->","yoast_head_json":{"title":"TruckLED Rundumleuchte flach mit DIN - All Day Led - f\u00fcr 12&amp;24V","description":"TruckLED Rundumkennleuchte flach mit DIN-Anschluss - mit ECE R65 G\u00fctezeichen - mit ECE R10 G\u00fctezeichen - einfache Montage - Schraubmontage","robots":{"index":"noindex","follow":"follow","max-snippet":"max-snippet:-1","max-image-preview":"max-image-preview:large","max-video-preview":"max-video-preview:-1"},"og_locale":"de_DE","og_type":"article","og_title":"TruckLED zwaailamp plat met DIN - All Day Led - voor 12&24V","og_description":"TruckLED zwaailamp plat met DIN aansluiting - voorzien van ECE R65 keurmerk - met ECE R10 keurmerk - eenvoudige montage - schroefmontage","og_url":"https:\/\/www.oudadl.testontwikkeling.nl\/de\/produkt\/truckled-led-zwaailamp-plat\/","og_site_name":"All Day Led","article_publisher":"https:\/\/www.facebook.com\/alldayled\/","article_modified_time":"2025-11-13T14:30:41+00:00","og_image":[{"width":800,"height":800,"url":"https:\/\/www.oudadl.testontwikkeling.nl\/wp-content\/uploads\/2024\/06\/ADL01006.png","type":"image\/png"}],"twitter_misc":{"Preis":"&euro;35,00","Verf\u00fcgbarkeit":"Auf Lager"},"schema":{"@context":"https:\/\/schema.org","@graph":[{"@type":"WebPage","@id":"https:\/\/www.oudadl.testontwikkeling.nl\/product\/truckled-led-zwaailamp-plat\/","url":"https:\/\/www.oudadl.testontwikkeling.nl\/product\/truckled-led-zwaailamp-plat\/","name":"TruckLED Rundumleuchte flach mit DIN - All Day Led - f\u00fcr 12&amp;24V","isPartOf":{"@id":"https:\/\/www.oudadl.testontwikkeling.nl\/#website"},"primaryImageOfPage":{"@id":"https:\/\/www.oudadl.testontwikkeling.nl\/product\/truckled-led-zwaailamp-plat\/#primaryimage"},"image":{"@id":"https:\/\/www.oudadl.testontwikkeling.nl\/product\/truckled-led-zwaailamp-plat\/#primaryimage"},"thumbnailUrl":"https:\/\/www.oudadl.testontwikkeling.nl\/wp-content\/uploads\/2020\/11\/ADLR01006..png","datePublished":"2023-03-05T09:27:05+00:00","dateModified":"2025-11-13T14:30:41+00:00","description":"TruckLED Rundumkennleuchte flach mit DIN-Anschluss - mit ECE R65 G\u00fctezeichen - mit ECE R10 G\u00fctezeichen - einfache Montage - Schraubmontage","breadcrumb":{"@id":"https:\/\/www.oudadl.testontwikkeling.nl\/product\/truckled-led-zwaailamp-plat\/#breadcrumb"},"inLanguage":"de","potentialAction":[{"@type":"ReadAction","target":["https:\/\/www.oudadl.testontwikkeling.nl\/product\/truckled-led-zwaailamp-plat\/"]}]},{"@type":"ImageObject","inLanguage":"de","@id":"https:\/\/www.oudadl.testontwikkeling.nl\/product\/truckled-led-zwaailamp-plat\/#primaryimage","url":"https:\/\/www.oudadl.testontwikkeling.nl\/wp-content\/uploads\/2020\/11\/ADLR01006..png","contentUrl":"https:\/\/www.oudadl.testontwikkeling.nl\/wp-content\/uploads\/2020\/11\/ADLR01006..png","width":800,"height":600,"caption":"TruckLED LED zwaailamp met flexibele stangmontage - geschikt voor 12 & 24 volt gebruik - EAN: 5905358300022"},{"@type":"BreadcrumbList","@id":"https:\/\/www.oudadl.testontwikkeling.nl\/product\/truckled-led-zwaailamp-plat\/#breadcrumb","itemListElement":[{"@type":"ListItem","position":1,"name":"Home","item":"https:\/\/www.oudadl.testontwikkeling.nl\/"},{"@type":"ListItem","position":2,"name":"Shop","item":"https:\/\/www.oudadl.testontwikkeling.nl\/de\/shop\/"},{"@type":"ListItem","position":3,"name":"Flitsers en zwaailampen","item":"https:\/\/www.oudadl.testontwikkeling.nl\/product-categorie\/flitsers-zwaailampen\/"},{"@type":"ListItem","position":4,"name":"Zwaailamp","item":"https:\/\/www.oudadl.testontwikkeling.nl\/product-categorie\/flitsers-zwaailampen\/zwaailamp\/"},{"@type":"ListItem","position":5,"name":"TruckLED zwaailamp plat 12\/24V"}]},{"@type":"WebSite","@id":"https:\/\/www.oudadl.testontwikkeling.nl\/#website","url":"https:\/\/www.oudadl.testontwikkeling.nl\/","name":"All Day Led","description":"","publisher":{"@id":"https:\/\/www.oudadl.testontwikkeling.nl\/#organization"},"potentialAction":[{"@type":"SearchAction","target":{"@type":"EntryPoint","urlTemplate":"https:\/\/www.oudadl.testontwikkeling.nl\/?s={search_term_string}"},"query-input":{"@type":"PropertyValueSpecification","valueRequired":true,"valueName":"search_term_string"}}],"inLanguage":"de"},{"@type":"Organization","@id":"https:\/\/www.oudadl.testontwikkeling.nl\/#organization","name":"All Day Led","url":"https:\/\/www.oudadl.testontwikkeling.nl\/","logo":{"@type":"ImageObject","inLanguage":"de","@id":"https:\/\/www.oudadl.testontwikkeling.nl\/#\/schema\/logo\/image\/","url":"https:\/\/www.oudadl.testontwikkeling.nl\/wp-content\/uploads\/2022\/08\/Logo-ALL-DAY-LED-800x800-zwart-witte-letters.png","contentUrl":"https:\/\/www.oudadl.testontwikkeling.nl\/wp-content\/uploads\/2022\/08\/Logo-ALL-DAY-LED-800x800-zwart-witte-letters.png","width":800,"height":800,"caption":"All Day Led"},"image":{"@id":"https:\/\/www.oudadl.testontwikkeling.nl\/#\/schema\/logo\/image\/"},"sameAs":["https:\/\/www.facebook.com\/alldayled\/","https:\/\/www.instagram.com\/alldayled\/"],"vatID":"NL863960133B01","taxID":"86416545","hasMerchantReturnPolicy":{"@type":"MerchantReturnPolicy","merchantReturnLink":"https:\/\/www.oudadl.testontwikkeling.nl\/de\/verzenden-retourneren\/"}}]},"product_brand":"TruckLED","product_price_amount":"35.00","product_price_currency":"EUR","og_availability":"instock","product_availability":"instock","product_retailer_item_id":"ADL01006","product_condition":"new"},"_links":{"self":[{"href":"https:\/\/www.oudadl.testontwikkeling.nl\/de\/wp-json\/wp\/v2\/product\/35245","targetHints":{"allow":["GET"]}}],"collection":[{"href":"https:\/\/www.oudadl.testontwikkeling.nl\/de\/wp-json\/wp\/v2\/product"}],"about":[{"href":"https:\/\/www.oudadl.testontwikkeling.nl\/de\/wp-json\/wp\/v2\/types\/product"}],"replies":[{"embeddable":true,"href":"https:\/\/www.oudadl.testontwikkeling.nl\/de\/wp-json\/wp\/v2\/comments?post=35245"}],"wp:featuredmedia":[{"embeddable":true,"href":"https:\/\/www.oudadl.testontwikkeling.nl\/de\/wp-json\/wp\/v2\/media\/21235"}],"wp:attachment":[{"href":"https:\/\/www.oudadl.testontwikkeling.nl\/de\/wp-json\/wp\/v2\/media?parent=35245"}],"wp:term":[{"taxonomy":"product_brand","embeddable":true,"href":"https:\/\/www.oudadl.testontwikkeling.nl\/de\/wp-json\/wp\/v2\/product_brand?post=35245"},{"taxonomy":"product_cat","embeddable":true,"href":"https:\/\/www.oudadl.testontwikkeling.nl\/de\/wp-json\/wp\/v2\/product_cat?post=35245"},{"taxonomy":"product_tag","embeddable":true,"href":"https:\/\/www.oudadl.testontwikkeling.nl\/de\/wp-json\/wp\/v2\/product_tag?post=35245"}],"curies":[{"name":"wp","href":"https:\/\/api.w.org\/{rel}","templated":true}]}}