{"id":34697,"date":"2023-03-16T16:27:41","date_gmt":"2023-03-16T14:27:41","guid":{"rendered":"https:\/\/www.oudadl.testontwikkeling.nl\/?post_type=product&#038;p=34697"},"modified":"2025-11-14T11:54:31","modified_gmt":"2025-11-14T10:54:31","slug":"daf-drl-unit-warm-wit","status":"publish","type":"product","link":"https:\/\/www.oudadl.testontwikkeling.nl\/de\/product\/daf-drl-unit-warm-wit\/","title":{"rendered":"Tagfahrlicht DAF warm wei\u00df"},"content":{"rendered":"<p><span style=\"color: #000000;\"><strong>DRL unit WARM WEISS, passend f\u00fcr einen DAF CF oder XF 106 ab Baujahr 2016.<\/strong><\/span><\/p>\n<p><span style=\"color: #000000;\">M\u00f6chten Sie das originale wei\u00dfe Tagfahrlicht LED Ihres DAF CF oder XF Euro 6 Modells durch ein warmwei\u00dfes ersetzen? Dann k\u00f6nnte dieses Tagfahrlicht-Set genau das Richtige f\u00fcr Sie sein. Es besteht aus vier LED-Platten, mit denen Sie sowohl das linke als auch das rechte Modul austauschen k\u00f6nnen. Sie k\u00f6nnen die original montierte Beleuchtung ganz einfach durch die warmwei\u00dfe Version ersetzen. Unten auf der Seite finden Sie die erforderlichen Schritte. <\/span><\/p>\n<p><span style=\"color: #000000;\">Damit Sie vor dem Kauf sicher sein k\u00f6nnen, dass das Set zu Ihrem Lkw passt, haben wir hier einige wichtige Punkte aufgelistet. Es ist wichtig, dass die Originaleinheiten genau mit denen in Bild 2 \u00fcbereinstimmen. Wenn die Originaleinheit nicht \u00fcbereinstimmt, passt diese Ersatzlampe nicht. Au\u00dferdem sind die warmwei\u00dfen Tagfahrleuchten des DAF 106 nur f\u00fcr Modelle ab Baujahr 2021 geeignet. Diese Tagfahrlichteinheit ist verkehrssicher, aber bei der Fahrzeuginspektion (APK) kann die Werkstatt den Austausch des Originalmoduls verlangen. Bewahren Sie dieses daher an einem sicheren Ort auf, um Probleme bei der Inspektion zu vermeiden.<\/span><\/p>\n<h5><span style=\"color: #000000;\"><strong>Andere Modelle:\u00a0<\/strong><\/span><\/h5>\n<p><span style=\"color: #000000;\">Besitzen Sie einen DAF 106, m\u00f6chten aber das Tagfahrlicht nicht auf Warmwei\u00df umstellen? Oder entsprechen die Einheiten nicht denen auf dem Foto? Dann wissen Sie, dass dieses DRL-Modul auch in anderen Farben und Modellen erh\u00e4ltlich ist. Sehen Sie sich die weiteren Optionen unten an:<\/span><\/p>\n<ul>\n<li><span style=\"color: #000000;\"><a style=\"color: #000000;\" href=\"https:\/\/www.oudadl.testontwikkeling.nl\/de\/produkt\/daf-drl-unit-oranje\/\" target=\"_blank\" rel=\"noopener\"><strong>DAF 106 DRL orange<\/strong><\/a><\/span><\/li>\n<li><span style=\"color: #000000;\"><a style=\"color: #000000;\" href=\"https:\/\/www.oudadl.testontwikkeling.nl\/de\/produkt\/daf-ng-drl-unit-oranje\/\" target=\"_blank\" rel=\"noopener\"><strong>DAF NG DRL orange\u00a0<\/strong><\/a><\/span><\/li>\n<li><span style=\"color: #000000;\"><a style=\"color: #000000;\" href=\"https:\/\/www.oudadl.testontwikkeling.nl\/de\/produkt\/daf-ng-drl-unit-warm-wit\/\" target=\"_blank\" rel=\"noopener\"><strong>DAF NG DRL w-wei\u00df\u00a0<\/strong><\/a><\/span><\/li>\n<\/ul>\n<h5><span style=\"color: #000000;\"><strong>Montage:<br \/>\n<\/strong><\/span><\/h5>\n<p><span style=\"color: #000000;\">Um das warmwei\u00dfe Tagfahrlicht DAF 106 zu installieren, befolgen Sie diese Schritte. Die Installation der orangefarbenen Tagfahrlichteinheit dauert etwa eine Stunde pro Scheinwerfer. Bild 3 zeigt ein Beispiel, wie das Set nach der Installation letztendlich leuchtet.<\/span><\/p>\n<ul>\n<li><span style=\"color: #000000;\">Sie nehmen den K\u00fchlergrill mit den 4 Schrauben ab, die ihn an seinem Platz halten.<\/span><\/li>\n<li><span style=\"color: #000000;\">Danach k\u00f6nnen Sie auf die 4 Schrauben zugreifen, die den Scheinwerfer an seinem Platz halten.<\/span><\/li>\n<li><span style=\"color: #000000;\">Nehmen Sie den Scheinwerfer aus dem Auto und ziehen Sie die Stecker ab.<\/span><\/li>\n<li><span style=\"color: #000000;\">Jetzt k\u00f6nnen Sie von hinten auf die Originaleinheiten LED zugreifen, diese sind mit 3 Schrauben befestigt.<\/span><\/li>\n<li><span style=\"color: #000000;\">Tauschen Sie das Originalmodul gegen die neu gelieferte Variante aus.\u00a0<\/span><\/li>\n<li><span style=\"color: #000000;\">Legen Sie alles wie zerlegt zur\u00fcck.<\/span><\/li>\n<\/ul>\n<p><span style=\"color: #000000;\">M\u00f6chten Sie nicht nur das warmwei\u00dfe Tagfahrlicht Ihres DAF 106 ersetzen? Suchen Sie weitere LED-Beleuchtung, die Sie in oder um Ihren DAF-Lkw installieren k\u00f6nnen? Dann werfen Sie einen Blick auf die <a style=\"color: #000000;\" href=\"https:\/\/www.oudadl.testontwikkeling.nl\/de\/produkt-kategorie\/beleuchtungswagen\/daf-verlichting\/\" target=\"_blank\" rel=\"noopener\">DAF Beleuchtung<\/a>.<\/span><\/p>","protected":false},"excerpt":{"rendered":"<p>DRL unit WARM WIT, geschikt voor een DAF CF of XF 106 met bouwjaar 2016+. Wil jij de originele witte LED dagrijverlichting van jouw DAF CF of XF euro 6 model vervangen voor een warm witte kleur? Dan is deze DRL set wellicht de set waarnaar je opzoek bent. Deze set bestaat uit vier LED [&hellip;]<\/p>\n","protected":false},"featured_media":20198,"comment_status":"open","ping_status":"closed","template":"","meta":{"_acf_changed":false,"site-sidebar-layout":"default","site-content-layout":"default","ast-site-content-layout":"default","site-content-style":"default","site-sidebar-style":"default","ast-global-header-display":"","ast-banner-title-visibility":"","ast-main-header-display":"","ast-hfb-above-header-display":"","ast-hfb-below-header-display":"","ast-hfb-mobile-header-display":"","site-post-title":"","ast-breadcrumbs-content":"","ast-featured-img":"","footer-sml-layout":"","ast-disable-related-posts":"","theme-transparent-header-meta":"default","adv-header-id-meta":"","stick-header-meta":"","header-above-stick-meta":"","header-main-stick-meta":"","header-below-stick-meta":"","astra-migrate-meta-layouts":"set","ast-page-background-enabled":"default","ast-page-background-meta":{"desktop":{"background-color":"","background-image":"","background-repeat":"repeat","background-position":"center center","background-size":"auto","background-attachment":"scroll","background-type":"","background-media":"","overlay-type":"","overlay-color":"","overlay-opacity":"","overlay-gradient":""},"tablet":{"background-color":"","background-image":"","background-repeat":"repeat","background-position":"center center","background-size":"auto","background-attachment":"scroll","background-type":"","background-media":"","overlay-type":"","overlay-color":"","overlay-opacity":"","overlay-gradient":""},"mobile":{"background-color":"","background-image":"","background-repeat":"repeat","background-position":"center center","background-size":"auto","background-attachment":"scroll","background-type":"","background-media":"","overlay-type":"","overlay-color":"","overlay-opacity":"","overlay-gradient":""}},"ast-content-background-meta":{"desktop":{"background-color":"var(--ast-global-color-5)","background-image":"","background-repeat":"repeat","background-position":"center center","background-size":"auto","background-attachment":"scroll","background-type":"","background-media":"","overlay-type":"","overlay-color":"","overlay-opacity":"","overlay-gradient":""},"tablet":{"background-color":"var(--ast-global-color-5)","background-image":"","background-repeat":"repeat","background-position":"center center","background-size":"auto","background-attachment":"scroll","background-type":"","background-media":"","overlay-type":"","overlay-color":"","overlay-opacity":"","overlay-gradient":""},"mobile":{"background-color":"var(--ast-global-color-5)","background-image":"","background-repeat":"repeat","background-position":"center center","background-size":"auto","background-attachment":"scroll","background-type":"","background-media":"","overlay-type":"","overlay-color":"","overlay-opacity":"","overlay-gradient":""}}},"product_brand":[],"product_cat":[208,210],"product_tag":[6427,6431,6430,6428,6429,1988],"class_list":{"0":"post-34697","1":"product","2":"type-product","3":"status-publish","4":"has-post-thumbnail","6":"product_cat-daf-verlichting","7":"product_cat-dagrijlampen","8":"product_tag-dagrijverlichting-daf","9":"product_tag-dagrijverlichting-daf-cf","10":"product_tag-dagrijverlichting-daf-xf","11":"product_tag-dagrijverlichting-vrachtwagen","12":"product_tag-drl-module","13":"product_tag-led-dagrijverlichting","14":"pa_merkk-mtrs","15":"desktop-align-left","16":"tablet-align-left","17":"mobile-align-left","19":"first","20":"instock","21":"taxable","22":"shipping-taxable","23":"purchasable","24":"product-type-simple"},"acf":[],"yoast_head":"<!-- This site is optimized with the Yoast SEO Premium plugin v25.9 (Yoast SEO v27.6) - https:\/\/yoast.com\/product\/yoast-seo-premium-wordpress\/ -->\n<title>DAF 106 dagrijverlichting WARM WIT - All Day Led - Bj 2017+<\/title>\n<meta name=\"description\" content=\"DAF 106 dagrijverlichting warm wit - bouwjaar 2020+ - voor DAF XF - CF 106 modellen - DRL unit - plug &amp; play - vrachtwagen verlichting\" \/>\n<meta name=\"robots\" content=\"noindex, follow, max-snippet:-1, max-image-preview:large, max-video-preview:-1\" \/>\n<meta property=\"og:locale\" content=\"de_DE\" \/>\n<meta property=\"og:type\" content=\"article\" \/>\n<meta property=\"og:title\" content=\"DAF 106 dagrijverlichting WARM WIT - All Day Led - Bj 2017+\" \/>\n<meta property=\"og:description\" content=\"DAF 106 dagrijverlichting warm wit - bouwjaar 2020+ - voor DAF XF - CF 106 modellen - DRL unit - plug &amp; play - vrachtwagen verlichting\" \/>\n<meta property=\"og:url\" content=\"https:\/\/www.oudadl.testontwikkeling.nl\/de\/produkt\/daf-drl-unit-warm-wit\/\" \/>\n<meta property=\"og:site_name\" content=\"All Day Led\" \/>\n<meta property=\"article:publisher\" content=\"https:\/\/www.facebook.com\/alldayled\/\" \/>\n<meta property=\"article:modified_time\" content=\"2025-11-14T10:54:31+00:00\" \/>\n<meta property=\"og:image\" content=\"https:\/\/www.oudadl.testontwikkeling.nl\/wp-content\/uploads\/2023\/03\/ADL00981-SM-3.png\" \/>\n\t<meta property=\"og:image:width\" content=\"800\" \/>\n\t<meta property=\"og:image:height\" content=\"800\" \/>\n\t<meta property=\"og:image:type\" content=\"image\/png\" \/>\n<meta name=\"twitter:label1\" content=\"Preis\" \/>\n\t<meta name=\"twitter:data1\" content=\"&euro;175,00\" \/>\n\t<meta name=\"twitter:label2\" content=\"Verf\u00fcgbarkeit\" \/>\n\t<meta name=\"twitter:data2\" content=\"Auf Lager\" \/>\n<script type=\"application\/ld+json\" class=\"yoast-schema-graph\">{\"@context\":\"https:\\\/\\\/schema.org\",\"@graph\":[{\"@type\":[\"WebPage\",\"ItemPage\"],\"@id\":\"https:\\\/\\\/www.oudadl.testontwikkeling.nl\\\/product\\\/daf-drl-unit-warm-wit\\\/\",\"url\":\"https:\\\/\\\/www.oudadl.testontwikkeling.nl\\\/product\\\/daf-drl-unit-warm-wit\\\/\",\"name\":\"DAF 106 dagrijverlichting WARM WIT - All Day Led - Bj 2017+\",\"isPartOf\":{\"@id\":\"https:\\\/\\\/www.oudadl.testontwikkeling.nl\\\/#website\"},\"primaryImageOfPage\":{\"@id\":\"https:\\\/\\\/www.oudadl.testontwikkeling.nl\\\/product\\\/daf-drl-unit-warm-wit\\\/#primaryimage\"},\"image\":{\"@id\":\"https:\\\/\\\/www.oudadl.testontwikkeling.nl\\\/product\\\/daf-drl-unit-warm-wit\\\/#primaryimage\"},\"thumbnailUrl\":\"https:\\\/\\\/www.oudadl.testontwikkeling.nl\\\/wp-content\\\/uploads\\\/2020\\\/03\\\/ADL00981-DAF-warm-wit-2016.png\",\"datePublished\":\"2023-03-16T14:27:41+00:00\",\"dateModified\":\"2025-11-14T10:54:31+00:00\",\"description\":\"DAF 106 dagrijverlichting warm wit - bouwjaar 2020+ - voor DAF XF - CF 106 modellen - DRL unit - plug & play - vrachtwagen verlichting\",\"breadcrumb\":{\"@id\":\"https:\\\/\\\/www.oudadl.testontwikkeling.nl\\\/product\\\/daf-drl-unit-warm-wit\\\/#breadcrumb\"},\"inLanguage\":\"de\",\"potentialAction\":[{\"@type\":\"ReadAction\",\"target\":[\"https:\\\/\\\/www.oudadl.testontwikkeling.nl\\\/product\\\/daf-drl-unit-warm-wit\\\/\"]}]},{\"@type\":\"ImageObject\",\"inLanguage\":\"de\",\"@id\":\"https:\\\/\\\/www.oudadl.testontwikkeling.nl\\\/product\\\/daf-drl-unit-warm-wit\\\/#primaryimage\",\"url\":\"https:\\\/\\\/www.oudadl.testontwikkeling.nl\\\/wp-content\\\/uploads\\\/2020\\\/03\\\/ADL00981-DAF-warm-wit-2016.png\",\"contentUrl\":\"https:\\\/\\\/www.oudadl.testontwikkeling.nl\\\/wp-content\\\/uploads\\\/2020\\\/03\\\/ADL00981-DAF-warm-wit-2016.png\",\"width\":800,\"height\":600,\"caption\":\"DAF LED dagrijverlichting warm wit - voor DAF XF en CF 106 model - bouwjaar 2017+ - DAF LED DRL unit - EAN: 6090555383370\"},{\"@type\":\"BreadcrumbList\",\"@id\":\"https:\\\/\\\/www.oudadl.testontwikkeling.nl\\\/product\\\/daf-drl-unit-warm-wit\\\/#breadcrumb\",\"itemListElement\":[{\"@type\":\"ListItem\",\"position\":1,\"name\":\"Home\",\"item\":\"https:\\\/\\\/www.oudadl.testontwikkeling.nl\\\/\"},{\"@type\":\"ListItem\",\"position\":2,\"name\":\"Shop\",\"item\":\"https:\\\/\\\/www.oudadl.testontwikkeling.nl\\\/de\\\/shop\\\/\"},{\"@type\":\"ListItem\",\"position\":3,\"name\":\"Overige\",\"item\":\"https:\\\/\\\/www.oudadl.testontwikkeling.nl\\\/product-categorie\\\/overige-producten\\\/\"},{\"@type\":\"ListItem\",\"position\":4,\"name\":\"Dagrijlampen\",\"item\":\"https:\\\/\\\/www.oudadl.testontwikkeling.nl\\\/product-categorie\\\/overige-producten\\\/dagrijlampen\\\/\"},{\"@type\":\"ListItem\",\"position\":5,\"name\":\"Dagrijverlichting DAF warm wit\"}]},{\"@type\":\"WebSite\",\"@id\":\"https:\\\/\\\/www.oudadl.testontwikkeling.nl\\\/#website\",\"url\":\"https:\\\/\\\/www.oudadl.testontwikkeling.nl\\\/\",\"name\":\"All Day Led\",\"description\":\"\",\"publisher\":{\"@id\":\"https:\\\/\\\/www.oudadl.testontwikkeling.nl\\\/#organization\"},\"potentialAction\":[{\"@type\":\"SearchAction\",\"target\":{\"@type\":\"EntryPoint\",\"urlTemplate\":\"https:\\\/\\\/www.oudadl.testontwikkeling.nl\\\/?s={search_term_string}\"},\"query-input\":{\"@type\":\"PropertyValueSpecification\",\"valueRequired\":true,\"valueName\":\"search_term_string\"}}],\"inLanguage\":\"de\"},{\"@type\":\"Organization\",\"@id\":\"https:\\\/\\\/www.oudadl.testontwikkeling.nl\\\/#organization\",\"name\":\"All Day Led\",\"url\":\"https:\\\/\\\/www.oudadl.testontwikkeling.nl\\\/\",\"logo\":{\"@type\":\"ImageObject\",\"inLanguage\":\"de\",\"@id\":\"https:\\\/\\\/www.oudadl.testontwikkeling.nl\\\/#\\\/schema\\\/logo\\\/image\\\/\",\"url\":\"https:\\\/\\\/www.oudadl.testontwikkeling.nl\\\/wp-content\\\/uploads\\\/2022\\\/08\\\/Logo-ALL-DAY-LED-800x800-zwart-witte-letters.png\",\"contentUrl\":\"https:\\\/\\\/www.oudadl.testontwikkeling.nl\\\/wp-content\\\/uploads\\\/2022\\\/08\\\/Logo-ALL-DAY-LED-800x800-zwart-witte-letters.png\",\"width\":800,\"height\":800,\"caption\":\"All Day Led\"},\"image\":{\"@id\":\"https:\\\/\\\/www.oudadl.testontwikkeling.nl\\\/#\\\/schema\\\/logo\\\/image\\\/\"},\"sameAs\":[\"https:\\\/\\\/www.facebook.com\\\/alldayled\\\/\",\"https:\\\/\\\/www.instagram.com\\\/alldayled\\\/\"],\"vatID\":\"NL863960133B01\",\"taxID\":\"86416545\",\"hasMerchantReturnPolicy\":{\"@type\":\"MerchantReturnPolicy\",\"merchantReturnLink\":\"https:\\\/\\\/www.oudadl.testontwikkeling.nl\\\/de\\\/verzenden-retourneren\\\/\"}}]}<\/script>\n<meta property=\"product:brand\" content=\"MTRS\" \/>\n<meta property=\"product:price:amount\" content=\"175.00\" \/>\n<meta property=\"product:price:currency\" content=\"EUR\" \/>\n<meta property=\"og:availability\" content=\"instock\" \/>\n<meta property=\"product:availability\" content=\"instock\" \/>\n<meta property=\"product:retailer_item_id\" content=\"ADL00981\" \/>\n<meta property=\"product:condition\" content=\"new\" \/>\n<!-- \/ Yoast SEO Premium plugin. -->","yoast_head_json":{"title":"DAF 106 Tagfahrlicht WARMWEISS - All Day Led - Bj 2017+","description":"DAF 106 Tagfahrlicht warmwei\u00df \u2013 Baujahr 2020+ \u2013 f\u00fcr DAF XF \u2013 CF 106 Modelle \u2013 DRL-Einheit \u2013 Plug &amp; Play \u2013 LKW-Beleuchtung","robots":{"index":"noindex","follow":"follow","max-snippet":"max-snippet:-1","max-image-preview":"max-image-preview:large","max-video-preview":"max-video-preview:-1"},"og_locale":"de_DE","og_type":"article","og_title":"DAF 106 dagrijverlichting WARM WIT - All Day Led - Bj 2017+","og_description":"DAF 106 dagrijverlichting warm wit - bouwjaar 2020+ - voor DAF XF - CF 106 modellen - DRL unit - plug & play - vrachtwagen verlichting","og_url":"https:\/\/www.oudadl.testontwikkeling.nl\/de\/produkt\/daf-drl-unit-warm-wit\/","og_site_name":"All Day Led","article_publisher":"https:\/\/www.facebook.com\/alldayled\/","article_modified_time":"2025-11-14T10:54:31+00:00","og_image":[{"width":800,"height":800,"url":"https:\/\/www.oudadl.testontwikkeling.nl\/wp-content\/uploads\/2023\/03\/ADL00981-SM-3.png","type":"image\/png"}],"twitter_misc":{"Preis":"&euro;175,00","Verf\u00fcgbarkeit":"Auf Lager"},"schema":{"@context":"https:\/\/schema.org","@graph":[{"@type":["WebPage","ItemPage"],"@id":"https:\/\/www.oudadl.testontwikkeling.nl\/product\/daf-drl-unit-warm-wit\/","url":"https:\/\/www.oudadl.testontwikkeling.nl\/product\/daf-drl-unit-warm-wit\/","name":"DAF 106 Tagfahrlicht WARMWEISS - All Day Led - Bj 2017+","isPartOf":{"@id":"https:\/\/www.oudadl.testontwikkeling.nl\/#website"},"primaryImageOfPage":{"@id":"https:\/\/www.oudadl.testontwikkeling.nl\/product\/daf-drl-unit-warm-wit\/#primaryimage"},"image":{"@id":"https:\/\/www.oudadl.testontwikkeling.nl\/product\/daf-drl-unit-warm-wit\/#primaryimage"},"thumbnailUrl":"https:\/\/www.oudadl.testontwikkeling.nl\/wp-content\/uploads\/2020\/03\/ADL00981-DAF-warm-wit-2016.png","datePublished":"2023-03-16T14:27:41+00:00","dateModified":"2025-11-14T10:54:31+00:00","description":"DAF 106 Tagfahrlicht warmwei\u00df \u2013 Baujahr 2020+ \u2013 f\u00fcr DAF XF \u2013 CF 106 Modelle \u2013 DRL-Einheit \u2013 Plug &amp; Play \u2013 LKW-Beleuchtung","breadcrumb":{"@id":"https:\/\/www.oudadl.testontwikkeling.nl\/product\/daf-drl-unit-warm-wit\/#breadcrumb"},"inLanguage":"de","potentialAction":[{"@type":"ReadAction","target":["https:\/\/www.oudadl.testontwikkeling.nl\/product\/daf-drl-unit-warm-wit\/"]}]},{"@type":"ImageObject","inLanguage":"de","@id":"https:\/\/www.oudadl.testontwikkeling.nl\/product\/daf-drl-unit-warm-wit\/#primaryimage","url":"https:\/\/www.oudadl.testontwikkeling.nl\/wp-content\/uploads\/2020\/03\/ADL00981-DAF-warm-wit-2016.png","contentUrl":"https:\/\/www.oudadl.testontwikkeling.nl\/wp-content\/uploads\/2020\/03\/ADL00981-DAF-warm-wit-2016.png","width":800,"height":600,"caption":"DAF LED dagrijverlichting warm wit - voor DAF XF en CF 106 model - bouwjaar 2017+ - DAF LED DRL unit - EAN: 6090555383370"},{"@type":"BreadcrumbList","@id":"https:\/\/www.oudadl.testontwikkeling.nl\/product\/daf-drl-unit-warm-wit\/#breadcrumb","itemListElement":[{"@type":"ListItem","position":1,"name":"Home","item":"https:\/\/www.oudadl.testontwikkeling.nl\/"},{"@type":"ListItem","position":2,"name":"Shop","item":"https:\/\/www.oudadl.testontwikkeling.nl\/de\/shop\/"},{"@type":"ListItem","position":3,"name":"Overige","item":"https:\/\/www.oudadl.testontwikkeling.nl\/product-categorie\/overige-producten\/"},{"@type":"ListItem","position":4,"name":"Dagrijlampen","item":"https:\/\/www.oudadl.testontwikkeling.nl\/product-categorie\/overige-producten\/dagrijlampen\/"},{"@type":"ListItem","position":5,"name":"Dagrijverlichting DAF warm wit"}]},{"@type":"WebSite","@id":"https:\/\/www.oudadl.testontwikkeling.nl\/#website","url":"https:\/\/www.oudadl.testontwikkeling.nl\/","name":"All Day Led","description":"","publisher":{"@id":"https:\/\/www.oudadl.testontwikkeling.nl\/#organization"},"potentialAction":[{"@type":"SearchAction","target":{"@type":"EntryPoint","urlTemplate":"https:\/\/www.oudadl.testontwikkeling.nl\/?s={search_term_string}"},"query-input":{"@type":"PropertyValueSpecification","valueRequired":true,"valueName":"search_term_string"}}],"inLanguage":"de"},{"@type":"Organization","@id":"https:\/\/www.oudadl.testontwikkeling.nl\/#organization","name":"All Day Led","url":"https:\/\/www.oudadl.testontwikkeling.nl\/","logo":{"@type":"ImageObject","inLanguage":"de","@id":"https:\/\/www.oudadl.testontwikkeling.nl\/#\/schema\/logo\/image\/","url":"https:\/\/www.oudadl.testontwikkeling.nl\/wp-content\/uploads\/2022\/08\/Logo-ALL-DAY-LED-800x800-zwart-witte-letters.png","contentUrl":"https:\/\/www.oudadl.testontwikkeling.nl\/wp-content\/uploads\/2022\/08\/Logo-ALL-DAY-LED-800x800-zwart-witte-letters.png","width":800,"height":800,"caption":"All Day Led"},"image":{"@id":"https:\/\/www.oudadl.testontwikkeling.nl\/#\/schema\/logo\/image\/"},"sameAs":["https:\/\/www.facebook.com\/alldayled\/","https:\/\/www.instagram.com\/alldayled\/"],"vatID":"NL863960133B01","taxID":"86416545","hasMerchantReturnPolicy":{"@type":"MerchantReturnPolicy","merchantReturnLink":"https:\/\/www.oudadl.testontwikkeling.nl\/de\/verzenden-retourneren\/"}}]},"product_brand":"MTRS","product_price_amount":"175.00","product_price_currency":"EUR","og_availability":"instock","product_availability":"instock","product_retailer_item_id":"ADL00981","product_condition":"new"},"_links":{"self":[{"href":"https:\/\/www.oudadl.testontwikkeling.nl\/de\/wp-json\/wp\/v2\/product\/34697","targetHints":{"allow":["GET"]}}],"collection":[{"href":"https:\/\/www.oudadl.testontwikkeling.nl\/de\/wp-json\/wp\/v2\/product"}],"about":[{"href":"https:\/\/www.oudadl.testontwikkeling.nl\/de\/wp-json\/wp\/v2\/types\/product"}],"replies":[{"embeddable":true,"href":"https:\/\/www.oudadl.testontwikkeling.nl\/de\/wp-json\/wp\/v2\/comments?post=34697"}],"wp:featuredmedia":[{"embeddable":true,"href":"https:\/\/www.oudadl.testontwikkeling.nl\/de\/wp-json\/wp\/v2\/media\/20198"}],"wp:attachment":[{"href":"https:\/\/www.oudadl.testontwikkeling.nl\/de\/wp-json\/wp\/v2\/media?parent=34697"}],"wp:term":[{"taxonomy":"product_brand","embeddable":true,"href":"https:\/\/www.oudadl.testontwikkeling.nl\/de\/wp-json\/wp\/v2\/product_brand?post=34697"},{"taxonomy":"product_cat","embeddable":true,"href":"https:\/\/www.oudadl.testontwikkeling.nl\/de\/wp-json\/wp\/v2\/product_cat?post=34697"},{"taxonomy":"product_tag","embeddable":true,"href":"https:\/\/www.oudadl.testontwikkeling.nl\/de\/wp-json\/wp\/v2\/product_tag?post=34697"}],"curies":[{"name":"wp","href":"https:\/\/api.w.org\/{rel}","templated":true}]}}