{"id":34650,"date":"2023-03-15T15:37:47","date_gmt":"2023-03-15T13:37:47","guid":{"rendered":"https:\/\/www.oudadl.testontwikkeling.nl\/?post_type=product&#038;p=34650"},"modified":"2025-11-14T11:54:32","modified_gmt":"2025-11-14T10:54:32","slug":"man-tg2-drl-unit-oranje","status":"publish","type":"product","link":"https:\/\/www.oudadl.testontwikkeling.nl\/de\/product\/man-tg2-drl-unit-oranje\/","title":{"rendered":"Tagfahrlicht MAN 2017+ orange"},"content":{"rendered":"<p><span style=\"color: #000000;\"><strong>Tagfahrlicht ORANGE, passend f\u00fcr einen MAN TG2.<\/strong><\/span><\/p>\n<p><span style=\"color: #000000;\">M\u00f6chten Sie Ihr originales wei\u00dfes LED-Tagfahrlicht Ihres MAN TG2 durch ein orangefarbenes ersetzen? Dann ist dieses DRL-Set m\u00f6glicherweise das Set, das Sie suchen. Dieses Set besteht aus zwei LED-Platten, mit denen Sie sowohl das linke als auch das rechte Modul wechseln k\u00f6nnen. Sie k\u00f6nnen die urspr\u00fcnglich verbaute Beleuchtung problemlos durch die orange Variante ersetzen. Unten auf der Seite finden Sie die Schritte, die Sie befolgen m\u00fcssen. <\/span><\/p>\n<p><span style=\"color: #000000;\">Da Sie vor dem Kauf wissen m\u00f6chten, ob das Set f\u00fcr Ihren Lkw geeignet ist, haben wir hier einige wichtige Punkte aufgeschrieben. Es ist wichtig, dass die urspr\u00fcnglich eingebauten Einheiten genau mit denen in Bild zwei \u00fcbereinstimmen. Sollte die urspr\u00fcnglich verbaute Einheit nicht passen, passt diese Ersatzlampe nicht. Dar\u00fcber hinaus ist das MAN TG2 Tagfahrlicht Orange nur f\u00fcr Modelle ab Baujahr 2017+ geeignet. Bitte beachten Sie, dass die DRL-Einheit kein E-Pr\u00fcfzeichen hat, was bedeutet, dass Sie die Originaleinheit f\u00fcr den T\u00dcV wieder zusammenbauen m\u00fcssen.\u00a0<\/span><\/p>\n<h5><span style=\"color: #000000;\"><strong>Andere Modelle:\u00a0<\/strong><\/span><\/h5>\n<p><span style=\"color: #000000;\">Sie haben einen MAN TGS-, TGA- oder TGX-Lkw, m\u00f6chten aber das Tagfahrlicht nicht auf Orange umstellen? Oder stimmen die Einheiten nicht mit denen auf dem Foto \u00fcberein? Bitte beachten Sie, dass dieses DRL-Modul auch in anderen Farben und Modellen erh\u00e4ltlich ist. Sehen Sie sich die anderen Optionen unten an:<\/span><\/p>\n<ul>\n<li><span style=\"color: #000000;\"><a style=\"color: #000000;\" href=\"https:\/\/www.oudadl.testontwikkeling.nl\/de\/produkt\/man-tg1-drl-unit-oranje\/\" target=\"_blank\" rel=\"noopener\"><strong>MAN TG1 LED DRL orange 2012+<\/strong><\/a><\/span><\/li>\n<li><span style=\"color: #000000;\"><strong><a style=\"color: #000000;\" href=\"https:\/\/www.oudadl.testontwikkeling.nl\/de\/produkt\/man-tg3-drl-unit-oranje\/\" target=\"_blank\" rel=\"noopener\">MAN TG3 LED DRL orange 2021+<\/a><br \/>\n<\/strong><\/span><\/li>\n<li><span style=\"color: #000000;\"><a style=\"color: #000000;\" href=\"https:\/\/www.oudadl.testontwikkeling.nl\/de\/produkt\/man-tg3-drl-unit-warm-wit\/\" target=\"_blank\" rel=\"noopener\"><strong>MAN TG3 LED DRL w-wei\u00df 2021+<\/strong><\/a><\/span><\/li>\n<\/ul>\n<h5><span style=\"color: #000000;\"><strong>Installation:<\/strong><\/span><\/h5>\n<p><span style=\"color: #000000;\">Befolgen Sie die nachstehenden Schritte, um die MAN TG2-Tagfahrlichter zu installieren. Die Installation der orangefarbenen DRL-Einheit dauert pro Scheinwerfer etwa eine halbe Stunde. Abbildung 4 zeigt ein Beispiel daf\u00fcr, wie das Set nach der Installation schlie\u00dflich aufleuchtet.<\/span><\/p>\n<ol>\n<li><span style=\"color: #000000;\">Entfernen Sie den Stecker von der vorhandenen Beleuchtung.<\/span><\/li>\n<li><span style=\"color: #000000;\">Entfernen Sie die Schrauben, mit denen die Originaldiodenhalter befestigt sind.<\/span><\/li>\n<li><span style=\"color: #000000;\">Entfernen Sie die Diodenhalter von den K\u00fchlplatten.<\/span><\/li>\n<li><span style=\"color: #000000;\">Entfernen Sie die W\u00e4rmeleitpaste und reinigen Sie die Oberfl\u00e4che gut.<\/span><\/li>\n<li><span style=\"color: #000000;\">Bringen Sie das Gelieferte mit <a style=\"color: #000000;\" href=\"https:\/\/www.oudadl.testontwikkeling.nl\/de\/produkt\/gd900-warmeleitpaste-fur-drl-unit\/\">W\u00e4rmeleitpaste<\/a> in einer d\u00fcnnen, gleichm\u00e4\u00dfigen Schicht auf die K\u00fchlplatten, wo die Lampe montiert wird.<\/span><\/li>\n<li><span style=\"color: #000000;\">Schieben Sie den Diodenhalter in die W\u00e4rmeleitpaste und befestigen Sie ihn vorsichtig mit der Originalschraube.<\/span><\/li>\n<li><span style=\"color: #000000;\">Stecken Sie den Stecker in den neuen Diodenhalter.<\/span><\/li>\n<li><span style=\"color: #000000;\">Die Beleuchtung Ihres MAN TG2 ist einsatzbereit.<\/span><\/li>\n<\/ol>\n<p><span style=\"color: #000000;\">Sie m\u00f6chten nicht einfach nur die orangefarbenen Tagfahrlichter Ihres MAN TG2 austauschen? Sind Sie aber auf der Suche nach weiteren LED-Beleuchtungen, die Sie in oder um Ihren MAN-Lkw herum installieren k\u00f6nnen? Dann werfen Sie einen Blick auf die Seite <a style=\"color: #000000;\" href=\"https:\/\/www.oudadl.testontwikkeling.nl\/de\/produkt-kategorie\/beleuchtungswagen\/man-verlichting\/\" target=\"_blank\" rel=\"noopener\">MAN Beleuchtung<\/a>.<\/span><\/p>","protected":false},"excerpt":{"rendered":"<p>Dagrijverlichting ORANJE, geschikt voor een MAN TG2. Wilt u uw originele witte LED dagrijverlichting van uw MAN TG2 vervangen voor een oranje kleur? Dan is deze DRL set wellicht de set waarnaar u opzoek bent. Deze set bestaat uit twee LED plaatjes waarmee u zowel de linker als rechter module kunt veranderen. De origineel gemonteerde [&hellip;]<\/p>\n","protected":false},"featured_media":20171,"comment_status":"open","ping_status":"closed","template":"","meta":{"_acf_changed":false,"site-sidebar-layout":"default","site-content-layout":"default","ast-site-content-layout":"default","site-content-style":"default","site-sidebar-style":"default","ast-global-header-display":"","ast-banner-title-visibility":"","ast-main-header-display":"","ast-hfb-above-header-display":"","ast-hfb-below-header-display":"","ast-hfb-mobile-header-display":"","site-post-title":"","ast-breadcrumbs-content":"","ast-featured-img":"","footer-sml-layout":"","ast-disable-related-posts":"","theme-transparent-header-meta":"default","adv-header-id-meta":"","stick-header-meta":"","header-above-stick-meta":"","header-main-stick-meta":"","header-below-stick-meta":"","astra-migrate-meta-layouts":"set","ast-page-background-enabled":"default","ast-page-background-meta":{"desktop":{"background-color":"","background-image":"","background-repeat":"repeat","background-position":"center center","background-size":"auto","background-attachment":"scroll","background-type":"","background-media":"","overlay-type":"","overlay-color":"","overlay-opacity":"","overlay-gradient":""},"tablet":{"background-color":"","background-image":"","background-repeat":"repeat","background-position":"center center","background-size":"auto","background-attachment":"scroll","background-type":"","background-media":"","overlay-type":"","overlay-color":"","overlay-opacity":"","overlay-gradient":""},"mobile":{"background-color":"","background-image":"","background-repeat":"repeat","background-position":"center center","background-size":"auto","background-attachment":"scroll","background-type":"","background-media":"","overlay-type":"","overlay-color":"","overlay-opacity":"","overlay-gradient":""}},"ast-content-background-meta":{"desktop":{"background-color":"var(--ast-global-color-5)","background-image":"","background-repeat":"repeat","background-position":"center center","background-size":"auto","background-attachment":"scroll","background-type":"","background-media":"","overlay-type":"","overlay-color":"","overlay-opacity":"","overlay-gradient":""},"tablet":{"background-color":"var(--ast-global-color-5)","background-image":"","background-repeat":"repeat","background-position":"center center","background-size":"auto","background-attachment":"scroll","background-type":"","background-media":"","overlay-type":"","overlay-color":"","overlay-opacity":"","overlay-gradient":""},"mobile":{"background-color":"var(--ast-global-color-5)","background-image":"","background-repeat":"repeat","background-position":"center center","background-size":"auto","background-attachment":"scroll","background-type":"","background-media":"","overlay-type":"","overlay-color":"","overlay-opacity":"","overlay-gradient":""}}},"product_brand":[],"product_cat":[210,216],"product_tag":[6436,6437,6438,6439,6428,6429,1988],"class_list":{"0":"post-34650","1":"product","2":"type-product","3":"status-publish","4":"has-post-thumbnail","6":"product_cat-dagrijlampen","7":"product_cat-man-verlichting","8":"product_tag-dagrijverlichting-man","9":"product_tag-dagrijverlichting-man-tga","10":"product_tag-dagrijverlichting-man-tgs","11":"product_tag-dagrijverlichting-man-tgx","12":"product_tag-dagrijverlichting-vrachtwagen","13":"product_tag-drl-module","14":"product_tag-led-dagrijverlichting","15":"pa_merkk-mtrs","16":"desktop-align-left","17":"tablet-align-left","18":"mobile-align-left","20":"first","21":"instock","22":"taxable","23":"shipping-taxable","24":"purchasable","25":"product-type-simple"},"acf":[],"yoast_head":"<!-- This site is optimized with the Yoast SEO Premium plugin v25.9 (Yoast SEO v27.6) - https:\/\/yoast.com\/product\/yoast-seo-premium-wordpress\/ -->\n<title>MAN TG2 dagrijverlichting ORANJE - All Day Led - Bj 2017+<\/title>\n<meta name=\"description\" content=\"MAN TG2 dagrijverlichting oranje - bouwjaar 2017+ - voor alle MAN TG2 modellen - oranje DRL unit - plug &amp; play - oranje vrachtwagen verlichting\" \/>\n<meta name=\"robots\" content=\"noindex, follow, max-snippet:-1, max-image-preview:large, max-video-preview:-1\" \/>\n<meta property=\"og:locale\" content=\"de_DE\" \/>\n<meta property=\"og:type\" content=\"article\" \/>\n<meta property=\"og:title\" content=\"MAN TG2 dagrijverlichting ORANJE - All Day Led - Bj 2017+\" \/>\n<meta property=\"og:description\" content=\"MAN TG2 dagrijverlichting oranje - bouwjaar 2017+ - voor alle MAN TG2 modellen - oranje DRL unit - plug &amp; play - oranje vrachtwagen verlichting\" \/>\n<meta property=\"og:url\" content=\"https:\/\/www.oudadl.testontwikkeling.nl\/de\/produkt\/man-tg2-drl-unit-oranje\/\" \/>\n<meta property=\"og:site_name\" content=\"All Day Led\" \/>\n<meta property=\"article:publisher\" content=\"https:\/\/www.facebook.com\/alldayled\/\" \/>\n<meta property=\"article:modified_time\" content=\"2025-11-14T10:54:32+00:00\" \/>\n<meta property=\"og:image\" content=\"https:\/\/www.oudadl.testontwikkeling.nl\/wp-content\/uploads\/2025\/05\/ADL00941-S-M-3.png\" \/>\n\t<meta property=\"og:image:width\" content=\"800\" \/>\n\t<meta property=\"og:image:height\" content=\"800\" \/>\n\t<meta property=\"og:image:type\" content=\"image\/png\" \/>\n<meta name=\"twitter:label1\" content=\"Preis\" \/>\n\t<meta name=\"twitter:data1\" content=\"&euro;150,00\" \/>\n\t<meta name=\"twitter:label2\" content=\"Verf\u00fcgbarkeit\" \/>\n\t<meta name=\"twitter:data2\" content=\"Auf Lager\" \/>\n<script type=\"application\/ld+json\" class=\"yoast-schema-graph\">{\"@context\":\"https:\\\/\\\/schema.org\",\"@graph\":[{\"@type\":\"WebPage\",\"@id\":\"https:\\\/\\\/www.oudadl.testontwikkeling.nl\\\/product\\\/man-tg2-drl-unit-oranje\\\/\",\"url\":\"https:\\\/\\\/www.oudadl.testontwikkeling.nl\\\/product\\\/man-tg2-drl-unit-oranje\\\/\",\"name\":\"MAN TG2 dagrijverlichting ORANJE - All Day Led - Bj 2017+\",\"isPartOf\":{\"@id\":\"https:\\\/\\\/www.oudadl.testontwikkeling.nl\\\/#website\"},\"primaryImageOfPage\":{\"@id\":\"https:\\\/\\\/www.oudadl.testontwikkeling.nl\\\/product\\\/man-tg2-drl-unit-oranje\\\/#primaryimage\"},\"image\":{\"@id\":\"https:\\\/\\\/www.oudadl.testontwikkeling.nl\\\/product\\\/man-tg2-drl-unit-oranje\\\/#primaryimage\"},\"thumbnailUrl\":\"https:\\\/\\\/www.oudadl.testontwikkeling.nl\\\/wp-content\\\/uploads\\\/2020\\\/07\\\/ADL00941-MAN-2017.png\",\"datePublished\":\"2023-03-15T13:37:47+00:00\",\"dateModified\":\"2025-11-14T10:54:32+00:00\",\"description\":\"MAN TG2 dagrijverlichting oranje - bouwjaar 2017+ - voor alle MAN TG2 modellen - oranje DRL unit - plug & play - oranje vrachtwagen verlichting\",\"breadcrumb\":{\"@id\":\"https:\\\/\\\/www.oudadl.testontwikkeling.nl\\\/product\\\/man-tg2-drl-unit-oranje\\\/#breadcrumb\"},\"inLanguage\":\"de\",\"potentialAction\":[{\"@type\":\"ReadAction\",\"target\":[\"https:\\\/\\\/www.oudadl.testontwikkeling.nl\\\/product\\\/man-tg2-drl-unit-oranje\\\/\"]}]},{\"@type\":\"ImageObject\",\"inLanguage\":\"de\",\"@id\":\"https:\\\/\\\/www.oudadl.testontwikkeling.nl\\\/product\\\/man-tg2-drl-unit-oranje\\\/#primaryimage\",\"url\":\"https:\\\/\\\/www.oudadl.testontwikkeling.nl\\\/wp-content\\\/uploads\\\/2020\\\/07\\\/ADL00941-MAN-2017.png\",\"contentUrl\":\"https:\\\/\\\/www.oudadl.testontwikkeling.nl\\\/wp-content\\\/uploads\\\/2020\\\/07\\\/ADL00941-MAN-2017.png\",\"width\":800,\"height\":600,\"caption\":\"MAN LED dagrijverlichting oranje - voor MAN TGS, TGA, TGX - bouwjaar 2017+ - MAN TG2 LED DRL unit - EAN: 6090536033027\"},{\"@type\":\"BreadcrumbList\",\"@id\":\"https:\\\/\\\/www.oudadl.testontwikkeling.nl\\\/product\\\/man-tg2-drl-unit-oranje\\\/#breadcrumb\",\"itemListElement\":[{\"@type\":\"ListItem\",\"position\":1,\"name\":\"Home\",\"item\":\"https:\\\/\\\/www.oudadl.testontwikkeling.nl\\\/\"},{\"@type\":\"ListItem\",\"position\":2,\"name\":\"Shop\",\"item\":\"https:\\\/\\\/www.oudadl.testontwikkeling.nl\\\/de\\\/shop\\\/\"},{\"@type\":\"ListItem\",\"position\":3,\"name\":\"Overige\",\"item\":\"https:\\\/\\\/www.oudadl.testontwikkeling.nl\\\/product-categorie\\\/overige-producten\\\/\"},{\"@type\":\"ListItem\",\"position\":4,\"name\":\"Dagrijlampen\",\"item\":\"https:\\\/\\\/www.oudadl.testontwikkeling.nl\\\/product-categorie\\\/overige-producten\\\/dagrijlampen\\\/\"},{\"@type\":\"ListItem\",\"position\":5,\"name\":\"Dagrijverlichting MAN 2017+ oranje\"}]},{\"@type\":\"WebSite\",\"@id\":\"https:\\\/\\\/www.oudadl.testontwikkeling.nl\\\/#website\",\"url\":\"https:\\\/\\\/www.oudadl.testontwikkeling.nl\\\/\",\"name\":\"All Day Led\",\"description\":\"\",\"publisher\":{\"@id\":\"https:\\\/\\\/www.oudadl.testontwikkeling.nl\\\/#organization\"},\"potentialAction\":[{\"@type\":\"SearchAction\",\"target\":{\"@type\":\"EntryPoint\",\"urlTemplate\":\"https:\\\/\\\/www.oudadl.testontwikkeling.nl\\\/?s={search_term_string}\"},\"query-input\":{\"@type\":\"PropertyValueSpecification\",\"valueRequired\":true,\"valueName\":\"search_term_string\"}}],\"inLanguage\":\"de\"},{\"@type\":\"Organization\",\"@id\":\"https:\\\/\\\/www.oudadl.testontwikkeling.nl\\\/#organization\",\"name\":\"All Day Led\",\"url\":\"https:\\\/\\\/www.oudadl.testontwikkeling.nl\\\/\",\"logo\":{\"@type\":\"ImageObject\",\"inLanguage\":\"de\",\"@id\":\"https:\\\/\\\/www.oudadl.testontwikkeling.nl\\\/#\\\/schema\\\/logo\\\/image\\\/\",\"url\":\"https:\\\/\\\/www.oudadl.testontwikkeling.nl\\\/wp-content\\\/uploads\\\/2022\\\/08\\\/Logo-ALL-DAY-LED-800x800-zwart-witte-letters.png\",\"contentUrl\":\"https:\\\/\\\/www.oudadl.testontwikkeling.nl\\\/wp-content\\\/uploads\\\/2022\\\/08\\\/Logo-ALL-DAY-LED-800x800-zwart-witte-letters.png\",\"width\":800,\"height\":800,\"caption\":\"All Day Led\"},\"image\":{\"@id\":\"https:\\\/\\\/www.oudadl.testontwikkeling.nl\\\/#\\\/schema\\\/logo\\\/image\\\/\"},\"sameAs\":[\"https:\\\/\\\/www.facebook.com\\\/alldayled\\\/\",\"https:\\\/\\\/www.instagram.com\\\/alldayled\\\/\"],\"vatID\":\"NL863960133B01\",\"taxID\":\"86416545\",\"hasMerchantReturnPolicy\":{\"@type\":\"MerchantReturnPolicy\",\"merchantReturnLink\":\"https:\\\/\\\/www.oudadl.testontwikkeling.nl\\\/de\\\/verzenden-retourneren\\\/\"}}]}<\/script>\n<meta property=\"product:brand\" content=\"MTRS\" \/>\n<meta property=\"product:price:amount\" content=\"150.00\" \/>\n<meta property=\"product:price:currency\" content=\"EUR\" \/>\n<meta property=\"og:availability\" content=\"instock\" \/>\n<meta property=\"product:availability\" content=\"instock\" \/>\n<meta property=\"product:retailer_item_id\" content=\"ADL00941\" \/>\n<meta property=\"product:condition\" content=\"new\" \/>\n<!-- \/ Yoast SEO Premium plugin. -->","yoast_head_json":{"title":"MAN TG2 Tagfahrlicht ORANGE - All Day Led - Bj 2017+","description":"MAN TG2 Tagfahrlicht orange \u2013 Baujahr 2017+ \u2013 f\u00fcr alle MAN TG2 Modelle \u2013 orange Tagfahrlichteinheit \u2013 Plug &amp; Play \u2013 orange LKW-Beleuchtung","robots":{"index":"noindex","follow":"follow","max-snippet":"max-snippet:-1","max-image-preview":"max-image-preview:large","max-video-preview":"max-video-preview:-1"},"og_locale":"de_DE","og_type":"article","og_title":"MAN TG2 dagrijverlichting ORANJE - All Day Led - Bj 2017+","og_description":"MAN TG2 dagrijverlichting oranje - bouwjaar 2017+ - voor alle MAN TG2 modellen - oranje DRL unit - plug & play - oranje vrachtwagen verlichting","og_url":"https:\/\/www.oudadl.testontwikkeling.nl\/de\/produkt\/man-tg2-drl-unit-oranje\/","og_site_name":"All Day Led","article_publisher":"https:\/\/www.facebook.com\/alldayled\/","article_modified_time":"2025-11-14T10:54:32+00:00","og_image":[{"width":800,"height":800,"url":"https:\/\/www.oudadl.testontwikkeling.nl\/wp-content\/uploads\/2025\/05\/ADL00941-S-M-3.png","type":"image\/png"}],"twitter_misc":{"Preis":"&euro;150,00","Verf\u00fcgbarkeit":"Auf Lager"},"schema":{"@context":"https:\/\/schema.org","@graph":[{"@type":"WebPage","@id":"https:\/\/www.oudadl.testontwikkeling.nl\/product\/man-tg2-drl-unit-oranje\/","url":"https:\/\/www.oudadl.testontwikkeling.nl\/product\/man-tg2-drl-unit-oranje\/","name":"MAN TG2 Tagfahrlicht ORANGE - All Day Led - Bj 2017+","isPartOf":{"@id":"https:\/\/www.oudadl.testontwikkeling.nl\/#website"},"primaryImageOfPage":{"@id":"https:\/\/www.oudadl.testontwikkeling.nl\/product\/man-tg2-drl-unit-oranje\/#primaryimage"},"image":{"@id":"https:\/\/www.oudadl.testontwikkeling.nl\/product\/man-tg2-drl-unit-oranje\/#primaryimage"},"thumbnailUrl":"https:\/\/www.oudadl.testontwikkeling.nl\/wp-content\/uploads\/2020\/07\/ADL00941-MAN-2017.png","datePublished":"2023-03-15T13:37:47+00:00","dateModified":"2025-11-14T10:54:32+00:00","description":"MAN TG2 Tagfahrlicht orange \u2013 Baujahr 2017+ \u2013 f\u00fcr alle MAN TG2 Modelle \u2013 orange Tagfahrlichteinheit \u2013 Plug &amp; Play \u2013 orange LKW-Beleuchtung","breadcrumb":{"@id":"https:\/\/www.oudadl.testontwikkeling.nl\/product\/man-tg2-drl-unit-oranje\/#breadcrumb"},"inLanguage":"de","potentialAction":[{"@type":"ReadAction","target":["https:\/\/www.oudadl.testontwikkeling.nl\/product\/man-tg2-drl-unit-oranje\/"]}]},{"@type":"ImageObject","inLanguage":"de","@id":"https:\/\/www.oudadl.testontwikkeling.nl\/product\/man-tg2-drl-unit-oranje\/#primaryimage","url":"https:\/\/www.oudadl.testontwikkeling.nl\/wp-content\/uploads\/2020\/07\/ADL00941-MAN-2017.png","contentUrl":"https:\/\/www.oudadl.testontwikkeling.nl\/wp-content\/uploads\/2020\/07\/ADL00941-MAN-2017.png","width":800,"height":600,"caption":"MAN LED dagrijverlichting oranje - voor MAN TGS, TGA, TGX - bouwjaar 2017+ - MAN TG2 LED DRL unit - EAN: 6090536033027"},{"@type":"BreadcrumbList","@id":"https:\/\/www.oudadl.testontwikkeling.nl\/product\/man-tg2-drl-unit-oranje\/#breadcrumb","itemListElement":[{"@type":"ListItem","position":1,"name":"Home","item":"https:\/\/www.oudadl.testontwikkeling.nl\/"},{"@type":"ListItem","position":2,"name":"Shop","item":"https:\/\/www.oudadl.testontwikkeling.nl\/de\/shop\/"},{"@type":"ListItem","position":3,"name":"Overige","item":"https:\/\/www.oudadl.testontwikkeling.nl\/product-categorie\/overige-producten\/"},{"@type":"ListItem","position":4,"name":"Dagrijlampen","item":"https:\/\/www.oudadl.testontwikkeling.nl\/product-categorie\/overige-producten\/dagrijlampen\/"},{"@type":"ListItem","position":5,"name":"Dagrijverlichting MAN 2017+ oranje"}]},{"@type":"WebSite","@id":"https:\/\/www.oudadl.testontwikkeling.nl\/#website","url":"https:\/\/www.oudadl.testontwikkeling.nl\/","name":"All Day Led","description":"","publisher":{"@id":"https:\/\/www.oudadl.testontwikkeling.nl\/#organization"},"potentialAction":[{"@type":"SearchAction","target":{"@type":"EntryPoint","urlTemplate":"https:\/\/www.oudadl.testontwikkeling.nl\/?s={search_term_string}"},"query-input":{"@type":"PropertyValueSpecification","valueRequired":true,"valueName":"search_term_string"}}],"inLanguage":"de"},{"@type":"Organization","@id":"https:\/\/www.oudadl.testontwikkeling.nl\/#organization","name":"All Day Led","url":"https:\/\/www.oudadl.testontwikkeling.nl\/","logo":{"@type":"ImageObject","inLanguage":"de","@id":"https:\/\/www.oudadl.testontwikkeling.nl\/#\/schema\/logo\/image\/","url":"https:\/\/www.oudadl.testontwikkeling.nl\/wp-content\/uploads\/2022\/08\/Logo-ALL-DAY-LED-800x800-zwart-witte-letters.png","contentUrl":"https:\/\/www.oudadl.testontwikkeling.nl\/wp-content\/uploads\/2022\/08\/Logo-ALL-DAY-LED-800x800-zwart-witte-letters.png","width":800,"height":800,"caption":"All Day Led"},"image":{"@id":"https:\/\/www.oudadl.testontwikkeling.nl\/#\/schema\/logo\/image\/"},"sameAs":["https:\/\/www.facebook.com\/alldayled\/","https:\/\/www.instagram.com\/alldayled\/"],"vatID":"NL863960133B01","taxID":"86416545","hasMerchantReturnPolicy":{"@type":"MerchantReturnPolicy","merchantReturnLink":"https:\/\/www.oudadl.testontwikkeling.nl\/de\/verzenden-retourneren\/"}}]},"product_brand":"MTRS","product_price_amount":"150.00","product_price_currency":"EUR","og_availability":"instock","product_availability":"instock","product_retailer_item_id":"ADL00941","product_condition":"new"},"_links":{"self":[{"href":"https:\/\/www.oudadl.testontwikkeling.nl\/de\/wp-json\/wp\/v2\/product\/34650","targetHints":{"allow":["GET"]}}],"collection":[{"href":"https:\/\/www.oudadl.testontwikkeling.nl\/de\/wp-json\/wp\/v2\/product"}],"about":[{"href":"https:\/\/www.oudadl.testontwikkeling.nl\/de\/wp-json\/wp\/v2\/types\/product"}],"replies":[{"embeddable":true,"href":"https:\/\/www.oudadl.testontwikkeling.nl\/de\/wp-json\/wp\/v2\/comments?post=34650"}],"wp:featuredmedia":[{"embeddable":true,"href":"https:\/\/www.oudadl.testontwikkeling.nl\/de\/wp-json\/wp\/v2\/media\/20171"}],"wp:attachment":[{"href":"https:\/\/www.oudadl.testontwikkeling.nl\/de\/wp-json\/wp\/v2\/media?parent=34650"}],"wp:term":[{"taxonomy":"product_brand","embeddable":true,"href":"https:\/\/www.oudadl.testontwikkeling.nl\/de\/wp-json\/wp\/v2\/product_brand?post=34650"},{"taxonomy":"product_cat","embeddable":true,"href":"https:\/\/www.oudadl.testontwikkeling.nl\/de\/wp-json\/wp\/v2\/product_cat?post=34650"},{"taxonomy":"product_tag","embeddable":true,"href":"https:\/\/www.oudadl.testontwikkeling.nl\/de\/wp-json\/wp\/v2\/product_tag?post=34650"}],"curies":[{"name":"wp","href":"https:\/\/api.w.org\/{rel}","templated":true}]}}