{"id":34498,"date":"2023-03-10T15:42:12","date_gmt":"2023-03-10T13:42:12","guid":{"rendered":"https:\/\/www.oudadl.testontwikkeling.nl\/?post_type=product&#038;p=34498"},"modified":"2025-11-03T22:29:35","modified_gmt":"2025-11-03T21:29:35","slug":"volvo-drl-unit-warm-wit-2021","status":"publish","type":"product","link":"https:\/\/www.oudadl.testontwikkeling.nl\/de\/product\/volvo-drl-unit-warm-wit-2021\/","title":{"rendered":"Tagfahrlicht Volvo 2021+ warm wei\u00df"},"content":{"rendered":"<p><span style=\"color: #000000;\"><strong>DRL unit WARM WEISS, passend f\u00fcr den Volvo FH5 Baujahr 2021+.<\/strong><\/span><\/p>\n<p><span style=\"color: #000000;\">M\u00f6chten Sie das originale Tagfahrlicht LED Ihres Volvo FH5 durch warmwei\u00dfes ersetzen? Dann k\u00f6nnte dieses DRL-Set genau das Richtige f\u00fcr Sie sein. Es enth\u00e4lt zwei LED-Platten, sodass Sie sowohl das linke als auch das rechte Modul austauschen k\u00f6nnen. Sie k\u00f6nnen das Originallicht ganz einfach durch die warmwei\u00dfe Variante ersetzen. Die dazu n\u00f6tigen Schritte finden Sie unten auf der Seite. <\/span><\/p>\n<p><span style=\"color: #000000;\">Damit Sie vor dem Kauf sicher sein k\u00f6nnen, dass das Set zu Ihrem Lkw passt, haben wir hier einige wichtige Punkte aufgelistet. Es ist wichtig, dass die Originaleinheiten genau mit denen in Bild 2 \u00fcbereinstimmen. Wenn die Originaleinheit nicht \u00fcbereinstimmt, passt diese Ersatzlampe nicht. Au\u00dferdem sind die warmwei\u00dfen Tagfahrleuchten des Volvo FH5 nur f\u00fcr Modelle ab Baujahr 2021 geeignet. Dieses Tagfahrlicht ist verkehrssicher, aber bei der Hauptuntersuchung (HU) kann die Werkstatt den Austausch des Originalmoduls verlangen. Bewahren Sie dieses daher an einem sicheren Ort auf, um Probleme bei der Inspektion zu vermeiden.<\/span><\/p>\n<h5><span style=\"color: #000000;\"><strong>Andere Modelle:\u00a0<\/strong><\/span><\/h5>\n<p><span style=\"color: #000000;\">Besitzen Sie einen Volvo FH5, m\u00f6chten aber das Tagfahrlicht nicht auf Warmwei\u00df umstellen? Dann wissen Sie, dass dieses DRL-Modul auch in anderen Farben erh\u00e4ltlich ist. Sehen Sie sich unten die anderen Farboptionen an:<\/span><\/p>\n<ul>\n<li><span style=\"color: #000000;\"><a style=\"color: #000000;\" href=\"https:\/\/www.oudadl.testontwikkeling.nl\/de\/produkt\/dagrijverlichting-volvo-2021-wit-oranje\/\"><strong>DRL FH5 wei\u00df \/ orange 2021+<\/strong><\/a><\/span><\/li>\n<li><span style=\"color: #000000;\"><a style=\"color: #000000;\" href=\"https:\/\/www.oudadl.testontwikkeling.nl\/de\/produkt\/volvo-drl-unit-oranje-2021\/\" target=\"_blank\" rel=\"noopener\"><strong>DRL FH5 orange 2021+<\/strong><\/a><\/span><\/li>\n<\/ul>\n<h5><span style=\"color: #000000;\"><strong>Montage:<br \/>\n<\/strong><\/span><\/h5>\n<p><span style=\"color: #000000;\">Befolgen Sie diese Schritte, um das Tagfahrlicht des Volvo FH5 zu installieren. Die Installation des kompletten DRL-Moduls dauert pro Scheinwerfer etwa eine halbe Stunde.<\/span><\/p>\n<ol>\n<li><span style=\"color: #000000;\">Entfernen Sie den Stecker von der vorhandenen Beleuchtung.<\/span><\/li>\n<li><span style=\"color: #000000;\">Entfernen Sie die Schrauben, mit denen die Originaldiodenhalter befestigt sind.<\/span><\/li>\n<li><span style=\"color: #000000;\">Entfernen Sie die Diodenhalter von den K\u00fchlplatten.<\/span><\/li>\n<li><span style=\"color: #000000;\">Entfernen Sie die W\u00e4rmeleitpaste und reinigen Sie die Oberfl\u00e4che gut.<\/span><\/li>\n<li><span style=\"color: #000000;\">Bringen Sie das Gelieferte mit <a style=\"color: #000000;\" href=\"https:\/\/www.oudadl.testontwikkeling.nl\/de\/produkt\/gd900-warmeleitpaste-fur-drl-unit\/\">W\u00e4rmeleitpaste<\/a> in einer d\u00fcnnen, gleichm\u00e4\u00dfigen Schicht auf die K\u00fchlplatten, wo die Lampe montiert wird.<\/span><\/li>\n<li><span style=\"color: #000000;\">Schieben Sie den Diodenhalter in die W\u00e4rmeleitpaste und befestigen Sie ihn vorsichtig mit der Originalschraube.<\/span><\/li>\n<li><span style=\"color: #000000;\">Stecken Sie den Stecker in den neuen Diodenhalter.<\/span><\/li>\n<li><span style=\"color: #000000;\">Die Tagfahrleuchten des Volvo FH5 sind einsatzbereit.<\/span><\/li>\n<\/ol>\n<p><span style=\"color: #000000;\">M\u00f6chten Sie nicht nur das warmwei\u00dfe Tagfahrlicht des Volvo FH5 installieren? Suchen Sie nach weiteren Beleuchtungsoptionen f\u00fcr Ihren Volvo? Dann schauen Sie sich die Seite an <a style=\"font-size: 16px; background-color: #ffffff; color: #000000;\" href=\"https:\/\/www.oudadl.testontwikkeling.nl\/de\/produkt-kategorie\/beleuchtungswagen\/volvo-beleuchtung\/\" target=\"_blank\" rel=\"noopener\">Volvo Beleuchtung<\/a>.<\/span><\/p>","protected":false},"excerpt":{"rendered":"<p>DRL unit WARM WIT, geschikt voor de Volvo FH5 met bouwjaar 2021+. Wil je de originele LED dagrijverlichting van jouw Volvo FH5 vervangen voor een warm witte kleur? Dan is deze DRL set wellicht de set waarnaar je opzoek bent. Deze set bestaat uit twee LED plaatjes waarmee je zowel de linker als rechter module [&hellip;]<\/p>\n","protected":false},"featured_media":34681,"comment_status":"open","ping_status":"closed","template":"","meta":{"_acf_changed":false,"site-sidebar-layout":"default","site-content-layout":"default","ast-site-content-layout":"default","site-content-style":"default","site-sidebar-style":"default","ast-global-header-display":"","ast-banner-title-visibility":"","ast-main-header-display":"","ast-hfb-above-header-display":"","ast-hfb-below-header-display":"","ast-hfb-mobile-header-display":"","site-post-title":"","ast-breadcrumbs-content":"","ast-featured-img":"","footer-sml-layout":"","ast-disable-related-posts":"","theme-transparent-header-meta":"default","adv-header-id-meta":"","stick-header-meta":"","header-above-stick-meta":"","header-main-stick-meta":"","header-below-stick-meta":"","astra-migrate-meta-layouts":"set","ast-page-background-enabled":"default","ast-page-background-meta":{"desktop":{"background-color":"","background-image":"","background-repeat":"repeat","background-position":"center center","background-size":"auto","background-attachment":"scroll","background-type":"","background-media":"","overlay-type":"","overlay-color":"","overlay-opacity":"","overlay-gradient":""},"tablet":{"background-color":"","background-image":"","background-repeat":"repeat","background-position":"center center","background-size":"auto","background-attachment":"scroll","background-type":"","background-media":"","overlay-type":"","overlay-color":"","overlay-opacity":"","overlay-gradient":""},"mobile":{"background-color":"","background-image":"","background-repeat":"repeat","background-position":"center center","background-size":"auto","background-attachment":"scroll","background-type":"","background-media":"","overlay-type":"","overlay-color":"","overlay-opacity":"","overlay-gradient":""}},"ast-content-background-meta":{"desktop":{"background-color":"var(--ast-global-color-5)","background-image":"","background-repeat":"repeat","background-position":"center center","background-size":"auto","background-attachment":"scroll","background-type":"","background-media":"","overlay-type":"","overlay-color":"","overlay-opacity":"","overlay-gradient":""},"tablet":{"background-color":"var(--ast-global-color-5)","background-image":"","background-repeat":"repeat","background-position":"center center","background-size":"auto","background-attachment":"scroll","background-type":"","background-media":"","overlay-type":"","overlay-color":"","overlay-opacity":"","overlay-gradient":""},"mobile":{"background-color":"var(--ast-global-color-5)","background-image":"","background-repeat":"repeat","background-position":"center center","background-size":"auto","background-attachment":"scroll","background-type":"","background-media":"","overlay-type":"","overlay-color":"","overlay-opacity":"","overlay-gradient":""}}},"product_brand":[],"product_cat":[210,222],"product_tag":[6432,6981,6982,6435,6428,6429,1988],"class_list":{"0":"post-34498","1":"product","2":"type-product","3":"status-publish","4":"has-post-thumbnail","6":"product_cat-dagrijlampen","7":"product_cat-volvo-verlichting","8":"product_tag-dagrijverlichting-volvo","9":"product_tag-dagrijverlichting-volvo-fh4b","10":"product_tag-dagrijverlichting-volvo-fh5","11":"product_tag-dagrijverlichting-volvo-fm","12":"product_tag-dagrijverlichting-vrachtwagen","13":"product_tag-drl-module","14":"product_tag-led-dagrijverlichting","15":"pa_merkk-mtrs","16":"desktop-align-left","17":"tablet-align-left","18":"mobile-align-left","20":"first","21":"instock","22":"taxable","23":"shipping-taxable","24":"purchasable","25":"product-type-simple"},"acf":[],"yoast_head":"<!-- This site is optimized with the Yoast SEO Premium plugin v25.9 (Yoast SEO v27.6) - https:\/\/yoast.com\/product\/yoast-seo-premium-wordpress\/ -->\n<title>Volvo FH5 dagrijverlichting warm wit - All Day Led - model 2021+<\/title>\n<meta name=\"description\" content=\"Volvo FH5 dagrijverlichting warm wit 2021+ - snelle verzending - snel leverbaar - LED dagrijverlichting halogeen kleur - FH4B, FH5 - DRL unit\" \/>\n<meta name=\"robots\" content=\"noindex, follow, max-snippet:-1, max-image-preview:large, max-video-preview:-1\" \/>\n<meta property=\"og:locale\" content=\"de_DE\" \/>\n<meta property=\"og:type\" content=\"article\" \/>\n<meta property=\"og:title\" content=\"Volvo FH5 dagrijverlichting warm wit - All Day Led - model 2021+\" \/>\n<meta property=\"og:description\" content=\"Volvo FH5 dagrijverlichting warm wit 2021+ - snelle verzending - snel leverbaar - LED dagrijverlichting halogeen kleur - FH4B, FH5 - DRL unit\" \/>\n<meta property=\"og:url\" content=\"https:\/\/www.oudadl.testontwikkeling.nl\/de\/produkt\/volvo-drl-unit-warm-wit-2021\/\" \/>\n<meta property=\"og:site_name\" content=\"All Day Led\" \/>\n<meta property=\"article:publisher\" content=\"https:\/\/www.facebook.com\/alldayled\/\" \/>\n<meta property=\"article:modified_time\" content=\"2025-11-03T21:29:35+00:00\" \/>\n<meta property=\"og:image\" content=\"https:\/\/www.oudadl.testontwikkeling.nl\/wp-content\/uploads\/2025\/05\/ADL00802-S-M-4.png\" \/>\n\t<meta property=\"og:image:width\" content=\"800\" \/>\n\t<meta property=\"og:image:height\" content=\"800\" \/>\n\t<meta property=\"og:image:type\" content=\"image\/png\" \/>\n<meta name=\"twitter:label1\" content=\"Preis\" \/>\n\t<meta name=\"twitter:data1\" content=\"&euro;175,00\" \/>\n\t<meta name=\"twitter:label2\" content=\"Verf\u00fcgbarkeit\" \/>\n\t<meta name=\"twitter:data2\" content=\"Auf Lager\" \/>\n<script type=\"application\/ld+json\" class=\"yoast-schema-graph\">{\"@context\":\"https:\\\/\\\/schema.org\",\"@graph\":[{\"@type\":\"WebPage\",\"@id\":\"https:\\\/\\\/www.oudadl.testontwikkeling.nl\\\/product\\\/volvo-drl-unit-warm-wit-2021\\\/\",\"url\":\"https:\\\/\\\/www.oudadl.testontwikkeling.nl\\\/product\\\/volvo-drl-unit-warm-wit-2021\\\/\",\"name\":\"Volvo FH5 dagrijverlichting warm wit - All Day Led - model 2021+\",\"isPartOf\":{\"@id\":\"https:\\\/\\\/www.oudadl.testontwikkeling.nl\\\/#website\"},\"primaryImageOfPage\":{\"@id\":\"https:\\\/\\\/www.oudadl.testontwikkeling.nl\\\/product\\\/volvo-drl-unit-warm-wit-2021\\\/#primaryimage\"},\"image\":{\"@id\":\"https:\\\/\\\/www.oudadl.testontwikkeling.nl\\\/product\\\/volvo-drl-unit-warm-wit-2021\\\/#primaryimage\"},\"thumbnailUrl\":\"https:\\\/\\\/www.oudadl.testontwikkeling.nl\\\/wp-content\\\/uploads\\\/2023\\\/03\\\/ADL00802.png\",\"datePublished\":\"2023-03-10T13:42:12+00:00\",\"dateModified\":\"2025-11-03T21:29:35+00:00\",\"description\":\"Volvo FH5 dagrijverlichting warm wit 2021+ - snelle verzending - snel leverbaar - LED dagrijverlichting halogeen kleur - FH4B, FH5 - DRL unit\",\"breadcrumb\":{\"@id\":\"https:\\\/\\\/www.oudadl.testontwikkeling.nl\\\/product\\\/volvo-drl-unit-warm-wit-2021\\\/#breadcrumb\"},\"inLanguage\":\"de\",\"potentialAction\":[{\"@type\":\"ReadAction\",\"target\":[\"https:\\\/\\\/www.oudadl.testontwikkeling.nl\\\/product\\\/volvo-drl-unit-warm-wit-2021\\\/\"]}]},{\"@type\":\"ImageObject\",\"inLanguage\":\"de\",\"@id\":\"https:\\\/\\\/www.oudadl.testontwikkeling.nl\\\/product\\\/volvo-drl-unit-warm-wit-2021\\\/#primaryimage\",\"url\":\"https:\\\/\\\/www.oudadl.testontwikkeling.nl\\\/wp-content\\\/uploads\\\/2023\\\/03\\\/ADL00802.png\",\"contentUrl\":\"https:\\\/\\\/www.oudadl.testontwikkeling.nl\\\/wp-content\\\/uploads\\\/2023\\\/03\\\/ADL00802.png\",\"width\":800,\"height\":600,\"caption\":\"Volvo FH5 LED dagrijverlichting warm wit - bouwjaar 2021+ - Volvo LED DRL unit - EAN: 6090553634627\"},{\"@type\":\"BreadcrumbList\",\"@id\":\"https:\\\/\\\/www.oudadl.testontwikkeling.nl\\\/product\\\/volvo-drl-unit-warm-wit-2021\\\/#breadcrumb\",\"itemListElement\":[{\"@type\":\"ListItem\",\"position\":1,\"name\":\"Home\",\"item\":\"https:\\\/\\\/www.oudadl.testontwikkeling.nl\\\/\"},{\"@type\":\"ListItem\",\"position\":2,\"name\":\"Shop\",\"item\":\"https:\\\/\\\/www.oudadl.testontwikkeling.nl\\\/de\\\/shop\\\/\"},{\"@type\":\"ListItem\",\"position\":3,\"name\":\"Overige\",\"item\":\"https:\\\/\\\/www.oudadl.testontwikkeling.nl\\\/product-categorie\\\/overige-producten\\\/\"},{\"@type\":\"ListItem\",\"position\":4,\"name\":\"Dagrijlampen\",\"item\":\"https:\\\/\\\/www.oudadl.testontwikkeling.nl\\\/product-categorie\\\/overige-producten\\\/dagrijlampen\\\/\"},{\"@type\":\"ListItem\",\"position\":5,\"name\":\"Dagrijverlichting Volvo 2021+ warm wit\"}]},{\"@type\":\"WebSite\",\"@id\":\"https:\\\/\\\/www.oudadl.testontwikkeling.nl\\\/#website\",\"url\":\"https:\\\/\\\/www.oudadl.testontwikkeling.nl\\\/\",\"name\":\"All Day Led\",\"description\":\"\",\"publisher\":{\"@id\":\"https:\\\/\\\/www.oudadl.testontwikkeling.nl\\\/#organization\"},\"potentialAction\":[{\"@type\":\"SearchAction\",\"target\":{\"@type\":\"EntryPoint\",\"urlTemplate\":\"https:\\\/\\\/www.oudadl.testontwikkeling.nl\\\/?s={search_term_string}\"},\"query-input\":{\"@type\":\"PropertyValueSpecification\",\"valueRequired\":true,\"valueName\":\"search_term_string\"}}],\"inLanguage\":\"de\"},{\"@type\":\"Organization\",\"@id\":\"https:\\\/\\\/www.oudadl.testontwikkeling.nl\\\/#organization\",\"name\":\"All Day Led\",\"url\":\"https:\\\/\\\/www.oudadl.testontwikkeling.nl\\\/\",\"logo\":{\"@type\":\"ImageObject\",\"inLanguage\":\"de\",\"@id\":\"https:\\\/\\\/www.oudadl.testontwikkeling.nl\\\/#\\\/schema\\\/logo\\\/image\\\/\",\"url\":\"https:\\\/\\\/www.oudadl.testontwikkeling.nl\\\/wp-content\\\/uploads\\\/2022\\\/08\\\/Logo-ALL-DAY-LED-800x800-zwart-witte-letters.png\",\"contentUrl\":\"https:\\\/\\\/www.oudadl.testontwikkeling.nl\\\/wp-content\\\/uploads\\\/2022\\\/08\\\/Logo-ALL-DAY-LED-800x800-zwart-witte-letters.png\",\"width\":800,\"height\":800,\"caption\":\"All Day Led\"},\"image\":{\"@id\":\"https:\\\/\\\/www.oudadl.testontwikkeling.nl\\\/#\\\/schema\\\/logo\\\/image\\\/\"},\"sameAs\":[\"https:\\\/\\\/www.facebook.com\\\/alldayled\\\/\",\"https:\\\/\\\/www.instagram.com\\\/alldayled\\\/\"],\"vatID\":\"NL863960133B01\",\"taxID\":\"86416545\",\"hasMerchantReturnPolicy\":{\"@type\":\"MerchantReturnPolicy\",\"merchantReturnLink\":\"https:\\\/\\\/www.oudadl.testontwikkeling.nl\\\/de\\\/verzenden-retourneren\\\/\"}}]}<\/script>\n<meta property=\"product:brand\" content=\"MTRS\" \/>\n<meta property=\"product:price:amount\" content=\"175.00\" \/>\n<meta property=\"product:price:currency\" content=\"EUR\" \/>\n<meta property=\"og:availability\" content=\"instock\" \/>\n<meta property=\"product:availability\" content=\"instock\" \/>\n<meta property=\"product:retailer_item_id\" content=\"ADL00802\" \/>\n<meta property=\"product:condition\" content=\"new\" \/>\n<!-- \/ Yoast SEO Premium plugin. -->","yoast_head_json":{"title":"Volvo FH5 Tagfahrlicht warmwei\u00df - All Day Led - Modell 2021+","description":"Volvo FH5 Tagfahrlicht warmwei\u00df 2021+ - schneller Versand - bald verf\u00fcgbar - LED Tagfahrlicht Halogenfarbe - FH4B, FH5 - DRL Einheit","robots":{"index":"noindex","follow":"follow","max-snippet":"max-snippet:-1","max-image-preview":"max-image-preview:large","max-video-preview":"max-video-preview:-1"},"og_locale":"de_DE","og_type":"article","og_title":"Volvo FH5 dagrijverlichting warm wit - All Day Led - model 2021+","og_description":"Volvo FH5 dagrijverlichting warm wit 2021+ - snelle verzending - snel leverbaar - LED dagrijverlichting halogeen kleur - FH4B, FH5 - DRL unit","og_url":"https:\/\/www.oudadl.testontwikkeling.nl\/de\/produkt\/volvo-drl-unit-warm-wit-2021\/","og_site_name":"All Day Led","article_publisher":"https:\/\/www.facebook.com\/alldayled\/","article_modified_time":"2025-11-03T21:29:35+00:00","og_image":[{"width":800,"height":800,"url":"https:\/\/www.oudadl.testontwikkeling.nl\/wp-content\/uploads\/2025\/05\/ADL00802-S-M-4.png","type":"image\/png"}],"twitter_misc":{"Preis":"&euro;175,00","Verf\u00fcgbarkeit":"Auf Lager"},"schema":{"@context":"https:\/\/schema.org","@graph":[{"@type":"WebPage","@id":"https:\/\/www.oudadl.testontwikkeling.nl\/product\/volvo-drl-unit-warm-wit-2021\/","url":"https:\/\/www.oudadl.testontwikkeling.nl\/product\/volvo-drl-unit-warm-wit-2021\/","name":"Volvo FH5 Tagfahrlicht warmwei\u00df - All Day Led - Modell 2021+","isPartOf":{"@id":"https:\/\/www.oudadl.testontwikkeling.nl\/#website"},"primaryImageOfPage":{"@id":"https:\/\/www.oudadl.testontwikkeling.nl\/product\/volvo-drl-unit-warm-wit-2021\/#primaryimage"},"image":{"@id":"https:\/\/www.oudadl.testontwikkeling.nl\/product\/volvo-drl-unit-warm-wit-2021\/#primaryimage"},"thumbnailUrl":"https:\/\/www.oudadl.testontwikkeling.nl\/wp-content\/uploads\/2023\/03\/ADL00802.png","datePublished":"2023-03-10T13:42:12+00:00","dateModified":"2025-11-03T21:29:35+00:00","description":"Volvo FH5 Tagfahrlicht warmwei\u00df 2021+ - schneller Versand - bald verf\u00fcgbar - LED Tagfahrlicht Halogenfarbe - FH4B, FH5 - DRL Einheit","breadcrumb":{"@id":"https:\/\/www.oudadl.testontwikkeling.nl\/product\/volvo-drl-unit-warm-wit-2021\/#breadcrumb"},"inLanguage":"de","potentialAction":[{"@type":"ReadAction","target":["https:\/\/www.oudadl.testontwikkeling.nl\/product\/volvo-drl-unit-warm-wit-2021\/"]}]},{"@type":"ImageObject","inLanguage":"de","@id":"https:\/\/www.oudadl.testontwikkeling.nl\/product\/volvo-drl-unit-warm-wit-2021\/#primaryimage","url":"https:\/\/www.oudadl.testontwikkeling.nl\/wp-content\/uploads\/2023\/03\/ADL00802.png","contentUrl":"https:\/\/www.oudadl.testontwikkeling.nl\/wp-content\/uploads\/2023\/03\/ADL00802.png","width":800,"height":600,"caption":"Volvo FH5 LED dagrijverlichting warm wit - bouwjaar 2021+ - Volvo LED DRL unit - EAN: 6090553634627"},{"@type":"BreadcrumbList","@id":"https:\/\/www.oudadl.testontwikkeling.nl\/product\/volvo-drl-unit-warm-wit-2021\/#breadcrumb","itemListElement":[{"@type":"ListItem","position":1,"name":"Home","item":"https:\/\/www.oudadl.testontwikkeling.nl\/"},{"@type":"ListItem","position":2,"name":"Shop","item":"https:\/\/www.oudadl.testontwikkeling.nl\/de\/shop\/"},{"@type":"ListItem","position":3,"name":"Overige","item":"https:\/\/www.oudadl.testontwikkeling.nl\/product-categorie\/overige-producten\/"},{"@type":"ListItem","position":4,"name":"Dagrijlampen","item":"https:\/\/www.oudadl.testontwikkeling.nl\/product-categorie\/overige-producten\/dagrijlampen\/"},{"@type":"ListItem","position":5,"name":"Dagrijverlichting Volvo 2021+ warm wit"}]},{"@type":"WebSite","@id":"https:\/\/www.oudadl.testontwikkeling.nl\/#website","url":"https:\/\/www.oudadl.testontwikkeling.nl\/","name":"All Day Led","description":"","publisher":{"@id":"https:\/\/www.oudadl.testontwikkeling.nl\/#organization"},"potentialAction":[{"@type":"SearchAction","target":{"@type":"EntryPoint","urlTemplate":"https:\/\/www.oudadl.testontwikkeling.nl\/?s={search_term_string}"},"query-input":{"@type":"PropertyValueSpecification","valueRequired":true,"valueName":"search_term_string"}}],"inLanguage":"de"},{"@type":"Organization","@id":"https:\/\/www.oudadl.testontwikkeling.nl\/#organization","name":"All Day Led","url":"https:\/\/www.oudadl.testontwikkeling.nl\/","logo":{"@type":"ImageObject","inLanguage":"de","@id":"https:\/\/www.oudadl.testontwikkeling.nl\/#\/schema\/logo\/image\/","url":"https:\/\/www.oudadl.testontwikkeling.nl\/wp-content\/uploads\/2022\/08\/Logo-ALL-DAY-LED-800x800-zwart-witte-letters.png","contentUrl":"https:\/\/www.oudadl.testontwikkeling.nl\/wp-content\/uploads\/2022\/08\/Logo-ALL-DAY-LED-800x800-zwart-witte-letters.png","width":800,"height":800,"caption":"All Day Led"},"image":{"@id":"https:\/\/www.oudadl.testontwikkeling.nl\/#\/schema\/logo\/image\/"},"sameAs":["https:\/\/www.facebook.com\/alldayled\/","https:\/\/www.instagram.com\/alldayled\/"],"vatID":"NL863960133B01","taxID":"86416545","hasMerchantReturnPolicy":{"@type":"MerchantReturnPolicy","merchantReturnLink":"https:\/\/www.oudadl.testontwikkeling.nl\/de\/verzenden-retourneren\/"}}]},"product_brand":"MTRS","product_price_amount":"175.00","product_price_currency":"EUR","og_availability":"instock","product_availability":"instock","product_retailer_item_id":"ADL00802","product_condition":"new"},"_links":{"self":[{"href":"https:\/\/www.oudadl.testontwikkeling.nl\/de\/wp-json\/wp\/v2\/product\/34498","targetHints":{"allow":["GET"]}}],"collection":[{"href":"https:\/\/www.oudadl.testontwikkeling.nl\/de\/wp-json\/wp\/v2\/product"}],"about":[{"href":"https:\/\/www.oudadl.testontwikkeling.nl\/de\/wp-json\/wp\/v2\/types\/product"}],"replies":[{"embeddable":true,"href":"https:\/\/www.oudadl.testontwikkeling.nl\/de\/wp-json\/wp\/v2\/comments?post=34498"}],"wp:featuredmedia":[{"embeddable":true,"href":"https:\/\/www.oudadl.testontwikkeling.nl\/de\/wp-json\/wp\/v2\/media\/34681"}],"wp:attachment":[{"href":"https:\/\/www.oudadl.testontwikkeling.nl\/de\/wp-json\/wp\/v2\/media?parent=34498"}],"wp:term":[{"taxonomy":"product_brand","embeddable":true,"href":"https:\/\/www.oudadl.testontwikkeling.nl\/de\/wp-json\/wp\/v2\/product_brand?post=34498"},{"taxonomy":"product_cat","embeddable":true,"href":"https:\/\/www.oudadl.testontwikkeling.nl\/de\/wp-json\/wp\/v2\/product_cat?post=34498"},{"taxonomy":"product_tag","embeddable":true,"href":"https:\/\/www.oudadl.testontwikkeling.nl\/de\/wp-json\/wp\/v2\/product_tag?post=34498"}],"curies":[{"name":"wp","href":"https:\/\/api.w.org\/{rel}","templated":true}]}}