{"id":33686,"date":"2023-04-04T15:33:38","date_gmt":"2023-04-04T14:33:38","guid":{"rendered":"https:\/\/www.oudadl.testontwikkeling.nl\/?post_type=product&#038;p=33686"},"modified":"2025-11-13T14:26:59","modified_gmt":"2025-11-13T13:26:59","slug":"strands-siberia-mo-achterlicht-25w","status":"publish","type":"product","link":"https:\/\/www.oudadl.testontwikkeling.nl\/de\/product\/strands-siberia-mo-achterlicht-25w\/","title":{"rendered":"Strands Siberia MO R\u00fccklicht 25W"},"content":{"rendered":"<p><span style=\"color: #000000;\"><strong>Strands Siberia MO R\u00fccklicht 25w, f\u00fcr 12 und 24 Volt.\u00a0<\/strong><\/span><\/p>\n<p><span style=\"color: #000000;\">Sie suchen ein neues R\u00fccklichtmodell, das mit Standlicht, Bremslicht, R\u00fcckfahrlicht und Blinklicht ausgestattet ist? Dann ist das R\u00fccklicht Strands Siberia mit mehreren Optionen m\u00f6glicherweise die Lampe, nach der Sie suchen. Das Siberia MO R\u00fccklicht 25w hat 57 LED&#039;s und kann mit 12 &amp; 24 Volt betrieben werden. Das bedeutet, dass Sie die ECE R148-zugelassene LED-Lampe beispielsweise an einem Auto, Wohnmobil, LKW oder einem anderen Fahrzeugtyp montieren k\u00f6nnen.\u00a0<\/span><\/p>\n<p><span style=\"color: #000000;\">Um sicherzustellen, dass das Strands Siberia MO R\u00fccklicht 25w f\u00fcr Ihr Fahrzeug oder Ihren Anh\u00e4nger geeignet ist. Nachfolgend haben wir einige wichtige Eigenschaften aufgeschrieben. All dies, um Ihnen klar zu machen, warum dies die LED-Lampe sein k\u00f6nnte, nach der Sie suchen. Das 4-fach LED R\u00fccklicht des Strands ist unter anderem mit dem ECE R10 G\u00fctezeichen versehen. Dieses Qualit\u00e4tszeichen zeigt an, dass die Lampe w\u00e4hrend der Aktivierung beispielsweise Ihr Funksignal nicht st\u00f6rt. Auch das R\u00fccklicht LED tr\u00e4gt das G\u00fctezeichen IP67 und IP69K. Diese G\u00fctezeichen weisen darauf hin, dass das Strands Siberia R\u00fccklicht volledig staub- und wasserdicht ist. Der Rahmen, der die Lampe umgibt, kann auch von der Lampe gel\u00f6st werden, sodass Sie w\u00e4hlen k\u00f6nnen, ob Sie den Rahmen verwenden m\u00f6chten oder nicht. Au\u00dferdem ist das mitgelieferte Edelstahl-Befestigungsmaterial schwarz beschichtet, sodass die Sicht sehr sch\u00f6n ist.\u00a0<\/span><\/p>\n<h5><span style=\"color: #000000;\"><strong>Abmessungen:<\/strong><\/span><\/h5>\n<p><span style=\"color: #000000;\">Damit Sie das Strands Siberia R\u00fccklicht mit Blinker \u00fcberall dort montieren k\u00f6nnen, wo Sie es w\u00fcnschen. Die Abmessungen haben wir unten aufgelistet. Die Abmessungen des R\u00fccklichts Strands Siberia MO 25w sind wie folgt:<\/span><\/p>\n<ul>\n<li><span style=\"color: #000000;\">H\u00f6he: 50 mm (77 mm inkl. Rahmen)<\/span><\/li>\n<li><span style=\"color: #000000;\">Breite: 172 mm (214 mm inkl. Rahmen)<\/span><\/li>\n<li><span style=\"color: #000000;\">Dicke: 69.5 mm (71.5 mm inkl. Rahmen)<\/span><\/li>\n<\/ul>\n<h5><span style=\"color: #000000;\"><strong>Andere Versionen:\u00a0<\/strong><\/span><\/h5>\n<p><span style=\"color: #000000;\">M\u00f6chten Sie ein Strands Siberia R\u00fccklicht? Aber ist die Multiple Options-Version mit Blinklicht nicht das Modell, das Sie suchen? Dann wissen Sie, dass das Strands Siberia MO R\u00fccklicht 25w Van auch in verschiedenen anderen Versionen erh\u00e4ltlich ist. Sehen Sie sich unten die verschiedenen Optionen an, die Strands bietet.\u00a0<\/span><\/p>\n<ul>\n<li><span style=\"color: #000000;\"><a style=\"color: #000000;\" href=\"https:\/\/www.oudadl.testontwikkeling.nl\/de\/produkt\/strands-siberia-drt-12-inch\/\" target=\"_blank\" rel=\"noopener\"><strong>Siberia Tail Light Double Row\u00a0<\/strong><\/a><\/span><\/li>\n<li><span style=\"color: #000000;\"><a style=\"color: #000000;\" href=\"https:\/\/www.oudadl.testontwikkeling.nl\/de\/produkt\/strands-siberia-achterlicht-12inch\/\" target=\"_blank\" rel=\"noopener\"><strong>Siberia Tail Light Single Row<\/strong><\/a><\/span><\/li>\n<li><span style=\"color: #000000;\"><a style=\"color: #000000;\" href=\"https:\/\/www.oudadl.testontwikkeling.nl\/de\/produkt\/strands-siberia-mo-achterlicht-30w\/\" target=\"_blank\" rel=\"noopener\"><strong>Siberia MO 30 Watt<\/strong><\/a><\/span><\/li>\n<\/ul>\n<p><span style=\"color: #000000;\">Immer noch nicht \u00fcberzeugt, dass das Strands Siberia MO R\u00fccklicht 25w das ist, wonach Sie suchen? Einfach weil Ihnen die Lichtleistung, Wattzahl oder Form nicht gef\u00e4llt? Sehen Sie sich hier das komplette Sortiment an <a style=\"color: #000000;\" href=\"https:\/\/www.oudadl.testontwikkeling.nl\/de\/merk\/produkt-strands-beleuchtungsabteilung\/\" target=\"_blank\" rel=\"noopener\">Strands<\/a>. Vielleicht finden Sie hier Ihr gesuchtes Lampenmodell. Ansehen <a style=\"color: #000000;\" href=\"https:\/\/youtu.be\/6Qc0cB2aXQ4\" target=\"_blank\" rel=\"noopener\">hier<\/a> das Einf\u00fchrungsvideo von Strands.<\/span><\/p>","protected":false},"excerpt":{"rendered":"<p>Strands Siberia MO achterlicht 25w, voor 12 en 24 volt.\u00a0 Bent u opzoek naar een nieuw model achterlicht, die voorzien is van een stadslicht, remlicht, achteruitrijlicht en knipperlicht? Dan is de Strands Siberia Multiple Options Tail Light wellicht d\u00e9 lamp die u zoekt. Het Siberia MO achterlicht 25w heeft 57 LED&#8217;s en is te gebruiken [&hellip;]<\/p>\n","protected":false},"featured_media":33756,"comment_status":"open","ping_status":"closed","template":"","meta":{"_acf_changed":false,"site-sidebar-layout":"default","site-content-layout":"default","ast-site-content-layout":"default","site-content-style":"default","site-sidebar-style":"default","ast-global-header-display":"","ast-banner-title-visibility":"","ast-main-header-display":"","ast-hfb-above-header-display":"","ast-hfb-below-header-display":"","ast-hfb-mobile-header-display":"","site-post-title":"","ast-breadcrumbs-content":"","ast-featured-img":"","footer-sml-layout":"","ast-disable-related-posts":"","theme-transparent-header-meta":"default","adv-header-id-meta":"","stick-header-meta":"","header-above-stick-meta":"","header-main-stick-meta":"","header-below-stick-meta":"","astra-migrate-meta-layouts":"set","ast-page-background-enabled":"default","ast-page-background-meta":{"desktop":{"background-color":"","background-image":"","background-repeat":"repeat","background-position":"center center","background-size":"auto","background-attachment":"scroll","background-type":"","background-media":"","overlay-type":"","overlay-color":"","overlay-opacity":"","overlay-gradient":""},"tablet":{"background-color":"","background-image":"","background-repeat":"repeat","background-position":"center center","background-size":"auto","background-attachment":"scroll","background-type":"","background-media":"","overlay-type":"","overlay-color":"","overlay-opacity":"","overlay-gradient":""},"mobile":{"background-color":"","background-image":"","background-repeat":"repeat","background-position":"center center","background-size":"auto","background-attachment":"scroll","background-type":"","background-media":"","overlay-type":"","overlay-color":"","overlay-opacity":"","overlay-gradient":""}},"ast-content-background-meta":{"desktop":{"background-color":"var(--ast-global-color-5)","background-image":"","background-repeat":"repeat","background-position":"center center","background-size":"auto","background-attachment":"scroll","background-type":"","background-media":"","overlay-type":"","overlay-color":"","overlay-opacity":"","overlay-gradient":""},"tablet":{"background-color":"var(--ast-global-color-5)","background-image":"","background-repeat":"repeat","background-position":"center center","background-size":"auto","background-attachment":"scroll","background-type":"","background-media":"","overlay-type":"","overlay-color":"","overlay-opacity":"","overlay-gradient":""},"mobile":{"background-color":"var(--ast-global-color-5)","background-image":"","background-repeat":"repeat","background-position":"center center","background-size":"auto","background-attachment":"scroll","background-type":"","background-media":"","overlay-type":"","overlay-color":"","overlay-opacity":"","overlay-gradient":""}}},"product_brand":[],"product_cat":[309,7258],"product_tag":[2426,3787,2427,6550,6551],"class_list":{"0":"post-33686","1":"product","2":"type-product","3":"status-publish","4":"has-post-thumbnail","6":"product_cat-achterlichten","7":"product_cat-strands-siberia","8":"product_tag-strands-led-verlichting","9":"product_tag-strands-werklamp","10":"product_tag-strands-lighting-division","11":"product_tag-strands-siberia-led-bar","12":"product_tag-strands-siberia-verstraler","13":"pa_merkk-product-strands-lighting-division","14":"desktop-align-left","15":"tablet-align-left","16":"mobile-align-left","18":"first","19":"instock","20":"taxable","21":"shipping-taxable","22":"purchasable","23":"product-type-simple"},"acf":[],"yoast_head":"<!-- This site is optimized with the Yoast SEO Premium plugin v25.9 (Yoast SEO v27.6) - https:\/\/yoast.com\/product\/yoast-seo-premium-wordpress\/ -->\n<title>Strands Siberia MO achterlicht 25W - All Day Led - voor 12&amp;24 Volt<\/title>\n<meta name=\"description\" content=\"Strands Siberia MO achterlicht 25W - voor 12&amp;24 volt - auto, camper, aanhanger vrachtwagen en meer - achterlicht met 4 functies + ECE R148 keurmerk\" \/>\n<meta name=\"robots\" content=\"noindex, follow, max-snippet:-1, max-image-preview:large, max-video-preview:-1\" \/>\n<meta property=\"og:locale\" content=\"de_DE\" \/>\n<meta property=\"og:type\" content=\"article\" \/>\n<meta property=\"og:title\" content=\"Strands Siberia MO achterlicht 25W - All Day Led - voor 12&amp;24 Volt\" \/>\n<meta property=\"og:description\" content=\"Strands Siberia MO achterlicht 25W - voor 12&amp;24 volt - auto, camper, aanhanger vrachtwagen en meer - achterlicht met 4 functies + ECE R148 keurmerk\" \/>\n<meta property=\"og:url\" content=\"https:\/\/www.oudadl.testontwikkeling.nl\/de\/produkt\/strands-siberia-mo-achterlicht-25w\/\" \/>\n<meta property=\"og:site_name\" content=\"All Day Led\" \/>\n<meta property=\"article:publisher\" content=\"https:\/\/www.facebook.com\/alldayled\/\" \/>\n<meta property=\"article:modified_time\" content=\"2025-11-13T13:26:59+00:00\" \/>\n<meta property=\"og:image\" content=\"https:\/\/www.oudadl.testontwikkeling.nl\/wp-content\/uploads\/2024\/04\/ADL809224.png\" \/>\n\t<meta property=\"og:image:width\" content=\"800\" \/>\n\t<meta property=\"og:image:height\" content=\"800\" \/>\n\t<meta property=\"og:image:type\" content=\"image\/png\" \/>\n<meta name=\"twitter:label1\" content=\"Preis\" \/>\n\t<meta name=\"twitter:data1\" content=\"&euro;95,00\" \/>\n\t<meta name=\"twitter:label2\" content=\"Verf\u00fcgbarkeit\" \/>\n\t<meta name=\"twitter:data2\" content=\"Auf Lager\" \/>\n<script type=\"application\/ld+json\" class=\"yoast-schema-graph\">{\"@context\":\"https:\\\/\\\/schema.org\",\"@graph\":[{\"@type\":\"WebPage\",\"@id\":\"https:\\\/\\\/www.oudadl.testontwikkeling.nl\\\/product\\\/strands-siberia-mo-achterlicht-25w\\\/\",\"url\":\"https:\\\/\\\/www.oudadl.testontwikkeling.nl\\\/product\\\/strands-siberia-mo-achterlicht-25w\\\/\",\"name\":\"Strands Siberia MO achterlicht 25W - All Day Led - voor 12&24 Volt\",\"isPartOf\":{\"@id\":\"https:\\\/\\\/www.oudadl.testontwikkeling.nl\\\/#website\"},\"primaryImageOfPage\":{\"@id\":\"https:\\\/\\\/www.oudadl.testontwikkeling.nl\\\/product\\\/strands-siberia-mo-achterlicht-25w\\\/#primaryimage\"},\"image\":{\"@id\":\"https:\\\/\\\/www.oudadl.testontwikkeling.nl\\\/product\\\/strands-siberia-mo-achterlicht-25w\\\/#primaryimage\"},\"thumbnailUrl\":\"https:\\\/\\\/www.oudadl.testontwikkeling.nl\\\/wp-content\\\/uploads\\\/2023\\\/02\\\/ADL89224.png\",\"datePublished\":\"2023-04-04T14:33:38+00:00\",\"dateModified\":\"2025-11-13T13:26:59+00:00\",\"description\":\"Strands Siberia MO achterlicht 25W - voor 12&24 volt - auto, camper, aanhanger vrachtwagen en meer - achterlicht met 4 functies + ECE R148 keurmerk\",\"breadcrumb\":{\"@id\":\"https:\\\/\\\/www.oudadl.testontwikkeling.nl\\\/product\\\/strands-siberia-mo-achterlicht-25w\\\/#breadcrumb\"},\"inLanguage\":\"de\",\"potentialAction\":[{\"@type\":\"ReadAction\",\"target\":[\"https:\\\/\\\/www.oudadl.testontwikkeling.nl\\\/product\\\/strands-siberia-mo-achterlicht-25w\\\/\"]}]},{\"@type\":\"ImageObject\",\"inLanguage\":\"de\",\"@id\":\"https:\\\/\\\/www.oudadl.testontwikkeling.nl\\\/product\\\/strands-siberia-mo-achterlicht-25w\\\/#primaryimage\",\"url\":\"https:\\\/\\\/www.oudadl.testontwikkeling.nl\\\/wp-content\\\/uploads\\\/2023\\\/02\\\/ADL89224.png\",\"contentUrl\":\"https:\\\/\\\/www.oudadl.testontwikkeling.nl\\\/wp-content\\\/uploads\\\/2023\\\/02\\\/ADL89224.png\",\"width\":800,\"height\":600,\"caption\":\"Strands Siberia MO achterlicht 25w met richtingaanwijzer - LED 4 kamer achterlicht voor 12&24 volt gebruik - met los inbouwframe - EAN: 7350133814610\"},{\"@type\":\"BreadcrumbList\",\"@id\":\"https:\\\/\\\/www.oudadl.testontwikkeling.nl\\\/product\\\/strands-siberia-mo-achterlicht-25w\\\/#breadcrumb\",\"itemListElement\":[{\"@type\":\"ListItem\",\"position\":1,\"name\":\"Home\",\"item\":\"https:\\\/\\\/www.oudadl.testontwikkeling.nl\\\/\"},{\"@type\":\"ListItem\",\"position\":2,\"name\":\"Shop\",\"item\":\"https:\\\/\\\/www.oudadl.testontwikkeling.nl\\\/de\\\/shop\\\/\"},{\"@type\":\"ListItem\",\"position\":3,\"name\":\"Achterlichten\",\"item\":\"https:\\\/\\\/www.oudadl.testontwikkeling.nl\\\/product-categorie\\\/achterlichten\\\/\"},{\"@type\":\"ListItem\",\"position\":4,\"name\":\"Strands Siberia MO achterlicht 25W\"}]},{\"@type\":\"WebSite\",\"@id\":\"https:\\\/\\\/www.oudadl.testontwikkeling.nl\\\/#website\",\"url\":\"https:\\\/\\\/www.oudadl.testontwikkeling.nl\\\/\",\"name\":\"All Day Led\",\"description\":\"\",\"publisher\":{\"@id\":\"https:\\\/\\\/www.oudadl.testontwikkeling.nl\\\/#organization\"},\"potentialAction\":[{\"@type\":\"SearchAction\",\"target\":{\"@type\":\"EntryPoint\",\"urlTemplate\":\"https:\\\/\\\/www.oudadl.testontwikkeling.nl\\\/?s={search_term_string}\"},\"query-input\":{\"@type\":\"PropertyValueSpecification\",\"valueRequired\":true,\"valueName\":\"search_term_string\"}}],\"inLanguage\":\"de\"},{\"@type\":\"Organization\",\"@id\":\"https:\\\/\\\/www.oudadl.testontwikkeling.nl\\\/#organization\",\"name\":\"All Day Led\",\"url\":\"https:\\\/\\\/www.oudadl.testontwikkeling.nl\\\/\",\"logo\":{\"@type\":\"ImageObject\",\"inLanguage\":\"de\",\"@id\":\"https:\\\/\\\/www.oudadl.testontwikkeling.nl\\\/#\\\/schema\\\/logo\\\/image\\\/\",\"url\":\"https:\\\/\\\/www.oudadl.testontwikkeling.nl\\\/wp-content\\\/uploads\\\/2022\\\/08\\\/Logo-ALL-DAY-LED-800x800-zwart-witte-letters.png\",\"contentUrl\":\"https:\\\/\\\/www.oudadl.testontwikkeling.nl\\\/wp-content\\\/uploads\\\/2022\\\/08\\\/Logo-ALL-DAY-LED-800x800-zwart-witte-letters.png\",\"width\":800,\"height\":800,\"caption\":\"All Day Led\"},\"image\":{\"@id\":\"https:\\\/\\\/www.oudadl.testontwikkeling.nl\\\/#\\\/schema\\\/logo\\\/image\\\/\"},\"sameAs\":[\"https:\\\/\\\/www.facebook.com\\\/alldayled\\\/\",\"https:\\\/\\\/www.instagram.com\\\/alldayled\\\/\"],\"vatID\":\"NL863960133B01\",\"taxID\":\"86416545\",\"hasMerchantReturnPolicy\":{\"@type\":\"MerchantReturnPolicy\",\"merchantReturnLink\":\"https:\\\/\\\/www.oudadl.testontwikkeling.nl\\\/de\\\/verzenden-retourneren\\\/\"}}]}<\/script>\n<meta property=\"product:brand\" content=\"Strands\" \/>\n<meta property=\"product:price:amount\" content=\"95.00\" \/>\n<meta property=\"product:price:currency\" content=\"EUR\" \/>\n<meta property=\"og:availability\" content=\"instock\" \/>\n<meta property=\"product:availability\" content=\"instock\" \/>\n<meta property=\"product:retailer_item_id\" content=\"ADL809224\" \/>\n<meta property=\"product:condition\" content=\"new\" \/>\n<!-- \/ Yoast SEO Premium plugin. -->","yoast_head_json":{"title":"Strands Siberia MO R\u00fccklicht 25W - All Day Led - f\u00fcr 12&amp;24 Volt","description":"Strands Siberia MO R\u00fccklicht 25W - f\u00fcr 12&amp;24 volt - PKW, Wohnmobil, Anh\u00e4nger LKW und mehr - R\u00fccklicht mit 4 Funktionen + ECE R148 Zulassung","robots":{"index":"noindex","follow":"follow","max-snippet":"max-snippet:-1","max-image-preview":"max-image-preview:large","max-video-preview":"max-video-preview:-1"},"og_locale":"de_DE","og_type":"article","og_title":"Strands Siberia MO achterlicht 25W - All Day Led - voor 12&24 Volt","og_description":"Strands Siberia MO achterlicht 25W - voor 12&24 volt - auto, camper, aanhanger vrachtwagen en meer - achterlicht met 4 functies + ECE R148 keurmerk","og_url":"https:\/\/www.oudadl.testontwikkeling.nl\/de\/produkt\/strands-siberia-mo-achterlicht-25w\/","og_site_name":"All Day Led","article_publisher":"https:\/\/www.facebook.com\/alldayled\/","article_modified_time":"2025-11-13T13:26:59+00:00","og_image":[{"width":800,"height":800,"url":"https:\/\/www.oudadl.testontwikkeling.nl\/wp-content\/uploads\/2024\/04\/ADL809224.png","type":"image\/png"}],"twitter_misc":{"Preis":"&euro;95,00","Verf\u00fcgbarkeit":"Auf Lager"},"schema":{"@context":"https:\/\/schema.org","@graph":[{"@type":"WebPage","@id":"https:\/\/www.oudadl.testontwikkeling.nl\/product\/strands-siberia-mo-achterlicht-25w\/","url":"https:\/\/www.oudadl.testontwikkeling.nl\/product\/strands-siberia-mo-achterlicht-25w\/","name":"Strands Siberia MO R\u00fccklicht 25W - All Day Led - f\u00fcr 12&amp;24 Volt","isPartOf":{"@id":"https:\/\/www.oudadl.testontwikkeling.nl\/#website"},"primaryImageOfPage":{"@id":"https:\/\/www.oudadl.testontwikkeling.nl\/product\/strands-siberia-mo-achterlicht-25w\/#primaryimage"},"image":{"@id":"https:\/\/www.oudadl.testontwikkeling.nl\/product\/strands-siberia-mo-achterlicht-25w\/#primaryimage"},"thumbnailUrl":"https:\/\/www.oudadl.testontwikkeling.nl\/wp-content\/uploads\/2023\/02\/ADL89224.png","datePublished":"2023-04-04T14:33:38+00:00","dateModified":"2025-11-13T13:26:59+00:00","description":"Strands Siberia MO R\u00fccklicht 25W - f\u00fcr 12&amp;24 volt - PKW, Wohnmobil, Anh\u00e4nger LKW und mehr - R\u00fccklicht mit 4 Funktionen + ECE R148 Zulassung","breadcrumb":{"@id":"https:\/\/www.oudadl.testontwikkeling.nl\/product\/strands-siberia-mo-achterlicht-25w\/#breadcrumb"},"inLanguage":"de","potentialAction":[{"@type":"ReadAction","target":["https:\/\/www.oudadl.testontwikkeling.nl\/product\/strands-siberia-mo-achterlicht-25w\/"]}]},{"@type":"ImageObject","inLanguage":"de","@id":"https:\/\/www.oudadl.testontwikkeling.nl\/product\/strands-siberia-mo-achterlicht-25w\/#primaryimage","url":"https:\/\/www.oudadl.testontwikkeling.nl\/wp-content\/uploads\/2023\/02\/ADL89224.png","contentUrl":"https:\/\/www.oudadl.testontwikkeling.nl\/wp-content\/uploads\/2023\/02\/ADL89224.png","width":800,"height":600,"caption":"Strands Siberia MO achterlicht 25w met richtingaanwijzer - LED 4 kamer achterlicht voor 12&24 volt gebruik - met los inbouwframe - EAN: 7350133814610"},{"@type":"BreadcrumbList","@id":"https:\/\/www.oudadl.testontwikkeling.nl\/product\/strands-siberia-mo-achterlicht-25w\/#breadcrumb","itemListElement":[{"@type":"ListItem","position":1,"name":"Home","item":"https:\/\/www.oudadl.testontwikkeling.nl\/"},{"@type":"ListItem","position":2,"name":"Shop","item":"https:\/\/www.oudadl.testontwikkeling.nl\/de\/shop\/"},{"@type":"ListItem","position":3,"name":"Achterlichten","item":"https:\/\/www.oudadl.testontwikkeling.nl\/product-categorie\/achterlichten\/"},{"@type":"ListItem","position":4,"name":"Strands Siberia MO achterlicht 25W"}]},{"@type":"WebSite","@id":"https:\/\/www.oudadl.testontwikkeling.nl\/#website","url":"https:\/\/www.oudadl.testontwikkeling.nl\/","name":"All Day Led","description":"","publisher":{"@id":"https:\/\/www.oudadl.testontwikkeling.nl\/#organization"},"potentialAction":[{"@type":"SearchAction","target":{"@type":"EntryPoint","urlTemplate":"https:\/\/www.oudadl.testontwikkeling.nl\/?s={search_term_string}"},"query-input":{"@type":"PropertyValueSpecification","valueRequired":true,"valueName":"search_term_string"}}],"inLanguage":"de"},{"@type":"Organization","@id":"https:\/\/www.oudadl.testontwikkeling.nl\/#organization","name":"All Day Led","url":"https:\/\/www.oudadl.testontwikkeling.nl\/","logo":{"@type":"ImageObject","inLanguage":"de","@id":"https:\/\/www.oudadl.testontwikkeling.nl\/#\/schema\/logo\/image\/","url":"https:\/\/www.oudadl.testontwikkeling.nl\/wp-content\/uploads\/2022\/08\/Logo-ALL-DAY-LED-800x800-zwart-witte-letters.png","contentUrl":"https:\/\/www.oudadl.testontwikkeling.nl\/wp-content\/uploads\/2022\/08\/Logo-ALL-DAY-LED-800x800-zwart-witte-letters.png","width":800,"height":800,"caption":"All Day Led"},"image":{"@id":"https:\/\/www.oudadl.testontwikkeling.nl\/#\/schema\/logo\/image\/"},"sameAs":["https:\/\/www.facebook.com\/alldayled\/","https:\/\/www.instagram.com\/alldayled\/"],"vatID":"NL863960133B01","taxID":"86416545","hasMerchantReturnPolicy":{"@type":"MerchantReturnPolicy","merchantReturnLink":"https:\/\/www.oudadl.testontwikkeling.nl\/de\/verzenden-retourneren\/"}}]},"product_brand":"Strands","product_price_amount":"95.00","product_price_currency":"EUR","og_availability":"instock","product_availability":"instock","product_retailer_item_id":"ADL809224","product_condition":"new"},"_links":{"self":[{"href":"https:\/\/www.oudadl.testontwikkeling.nl\/de\/wp-json\/wp\/v2\/product\/33686","targetHints":{"allow":["GET"]}}],"collection":[{"href":"https:\/\/www.oudadl.testontwikkeling.nl\/de\/wp-json\/wp\/v2\/product"}],"about":[{"href":"https:\/\/www.oudadl.testontwikkeling.nl\/de\/wp-json\/wp\/v2\/types\/product"}],"replies":[{"embeddable":true,"href":"https:\/\/www.oudadl.testontwikkeling.nl\/de\/wp-json\/wp\/v2\/comments?post=33686"}],"wp:featuredmedia":[{"embeddable":true,"href":"https:\/\/www.oudadl.testontwikkeling.nl\/de\/wp-json\/wp\/v2\/media\/33756"}],"wp:attachment":[{"href":"https:\/\/www.oudadl.testontwikkeling.nl\/de\/wp-json\/wp\/v2\/media?parent=33686"}],"wp:term":[{"taxonomy":"product_brand","embeddable":true,"href":"https:\/\/www.oudadl.testontwikkeling.nl\/de\/wp-json\/wp\/v2\/product_brand?post=33686"},{"taxonomy":"product_cat","embeddable":true,"href":"https:\/\/www.oudadl.testontwikkeling.nl\/de\/wp-json\/wp\/v2\/product_cat?post=33686"},{"taxonomy":"product_tag","embeddable":true,"href":"https:\/\/www.oudadl.testontwikkeling.nl\/de\/wp-json\/wp\/v2\/product_tag?post=33686"}],"curies":[{"name":"wp","href":"https:\/\/api.w.org\/{rel}","templated":true}]}}