{"id":32563,"date":"2023-03-26T15:43:41","date_gmt":"2023-03-26T13:43:41","guid":{"rendered":"https:\/\/www.oudadl.testontwikkeling.nl\/?post_type=product&#038;p=32563"},"modified":"2025-12-08T14:24:25","modified_gmt":"2025-12-08T13:24:25","slug":"aeb-led-achteruitrijlicht-9-33v","status":"publish","type":"product","link":"https:\/\/www.oudadl.testontwikkeling.nl\/de\/product\/aeb-led-achteruitrijlicht-9-33v\/","title":{"rendered":"AEB LED R\u00fcckfahrscheinwerfer 9\/33V"},"content":{"rendered":"<p><span style=\"color: #000000\"><strong>AEB LED R\u00fcckfahrscheinwerfer, f\u00fcr 12 und 24 Volt.<\/strong><\/span><\/p>\n<p><span style=\"color: #000000\">Suchen Sie einen einfach zu montierenden 1-Kammer-R\u00fcckfahrscheinwerfer LED, der zu den bekannten Hamburgerlampen passt? Dann ist dieser AEB LED R\u00fcckfahrscheinwerfer m\u00f6glicherweise die Lampe, die Sie suchen. Dies ist ein LED-R\u00fcckfahrscheinwerfer, der tut, was von ihm erwartet wird. Dieser LED R\u00fcckfahrscheinwerfer der Marke AEB ist mit 20 LED's best\u00fcckt. So sind Sie auch bei schlechter Sicht f\u00fcr andere Verkehrsteilnehmer gut sichtbar. Die R\u00fcckfahrleuchte LED kann mit 12 und 24 Volt betrieben werden. Dies bedeutet, dass dieser AEB LED R\u00fcckfahrscheinwerfer an Ihrem Anh\u00e4nger, LKW, Traktor oder einem anderen Fahrzeugtyp montiert werden kann.<\/span><\/p>\n<p><span style=\"color: #000000\">Um sicherzustellen, dass dieser R\u00fcckfahrscheinwerfer LED f\u00fcr Ihr Fahrzeug oder Ihren Anh\u00e4nger geeignet ist. Wir haben unten eine Reihe von Spezifikationen aufgeschrieben. All dies, um Ihnen klar zu machen, warum dies der LED-R\u00fcckfahrscheinwerfer sein k\u00f6nnte, den Sie suchen. Dieser AEB LED R\u00fcckfahrscheinwerfer ist unter anderem mit dem ECE R10 G\u00fctezeichen versehen. Dieses Qualit\u00e4tszeichen bedeutet, dass die Lampe w\u00e4hrend der Aktivierung keine St\u00f6rungen verursacht, beispielsweise auf Ihrem Funksignal. Auch dieser R\u00fcckfahrscheinwerfer LED hat das ECE R23 G\u00fctezeichen. Dieses G\u00fctezeichen weist darauf hin, dass Sie die runde Lampe LED als R\u00fcckfahrscheinwerfer verwenden d\u00fcrfen.<\/span><\/p>\n<h5><span style=\"color: #000000\"><strong>Abmessungen:<\/strong><\/span><\/h5>\n<p><span style=\"color: #000000\">Um sicherzustellen, dass Sie den R\u00fcckfahrscheinwerfer LED montieren k\u00f6nnen, haben wir die Abmessungen unten aufgef\u00fchrt. Die Abmessungen dieses runden R\u00fcckfahrscheinwerfers LED der Marke AEB sind wie folgt:<\/span><\/p>\n<ul>\n<li><span style=\"color: #000000\">Durchmesser: 140 mm<\/span><\/li>\n<li><span style=\"color: #000000\">H\u00f6he: 58mm<\/span><\/li>\n<\/ul>\n<h5><span style=\"color: #000000\"><strong>Andere Versionen:\u00a0<\/strong><\/span><\/h5>\n<p><span style=\"color: #000000\">M\u00f6chten Sie ein rundes R\u00fcckfahrlicht? Aber ist die Version mit R\u00fcckfahrfunktion nicht das, wonach Sie suchen? Dann wissen Sie, dass die runde LED-Lampe auch als Nebelschlusslicht oder R\u00fccklicht erh\u00e4ltlich ist. Die passenden runden R\u00fcckleuchten und Montagering der Marke AEB finden Sie hier:<\/span><\/p>\n<ul>\n<li><span style=\"color: #000000\"><a style=\"color: #000000\" href=\"https:\/\/www.oudadl.testontwikkeling.nl\/de\/produkt\/aeb-led-hamburger-achterlicht-9-33v\/\"><strong>AEB 3-Kammer-R\u00fccklicht\u00a0<\/strong><\/a><\/span><\/li>\n<li><span style=\"color: #000000\"><a style=\"color: #000000\" href=\"https:\/\/www.oudadl.testontwikkeling.nl\/de\/produkt\/aeb-led-mistachterlicht-9-33v\/\"><strong>AEB Nebelscheinwerfer\u00a0<\/strong><\/a><\/span><\/li>\n<li><span style=\"color: #000000\"><a style=\"color: #000000\" href=\"https:\/\/www.oudadl.testontwikkeling.nl\/de\/produkt\/aeb-chrome-ring-voor-achterlichten\/\"><strong>Chromring\u00a0<\/strong><\/a><\/span><\/li>\n<\/ul>\n<p><span style=\"color: #000000\">Sind Sie immer noch der Meinung, dass dieser runde R\u00fcckfahrscheinwerfer AEB LED nicht das ist, was Sie suchen? Einfach weil die Lichtleistung oder Wattzahl nicht hoch genug oder sogar zu hoch ist? Schauen Sie sich unbedingt auf unserer Seite um <a style=\"color: #000000\" href=\"https:\/\/www.oudadl.testontwikkeling.nl\/de\/produkt-kategorie\/rucklichter\/\">R\u00fccklichter<\/a>. Vielleicht finden Sie hier Ihr gesuchtes R\u00fccklichtmodell.<\/span><\/p>","protected":false},"excerpt":{"rendered":"<p>AEB LED achteruitrijlicht, voor 12 en 24 volt. Bent u opzoek naar een eenvoudig te monteren 1 kamer LED achteruitrijlamp die past bij de bekende hamburger lampen? Dan is deze AEB LED achteruitrijlamp wellicht d\u00e9 lamp die u zoekt. Dit is een LED achteruitrijlamp dat doet wat ervan word verwacht. Deze LED achteruitrijlamp van het [&hellip;]<\/p>\n","protected":false},"featured_media":32736,"comment_status":"open","ping_status":"closed","template":"","meta":{"_acf_changed":false,"site-sidebar-layout":"default","site-content-layout":"default","ast-site-content-layout":"default","site-content-style":"default","site-sidebar-style":"default","ast-global-header-display":"","ast-banner-title-visibility":"","ast-main-header-display":"","ast-hfb-above-header-display":"","ast-hfb-below-header-display":"","ast-hfb-mobile-header-display":"","site-post-title":"","ast-breadcrumbs-content":"","ast-featured-img":"","footer-sml-layout":"","ast-disable-related-posts":"","theme-transparent-header-meta":"default","adv-header-id-meta":"","stick-header-meta":"","header-above-stick-meta":"","header-main-stick-meta":"","header-below-stick-meta":"","astra-migrate-meta-layouts":"set","ast-page-background-enabled":"default","ast-page-background-meta":{"desktop":{"background-color":"","background-image":"","background-repeat":"repeat","background-position":"center center","background-size":"auto","background-attachment":"scroll","background-type":"","background-media":"","overlay-type":"","overlay-color":"","overlay-opacity":"","overlay-gradient":""},"tablet":{"background-color":"","background-image":"","background-repeat":"repeat","background-position":"center center","background-size":"auto","background-attachment":"scroll","background-type":"","background-media":"","overlay-type":"","overlay-color":"","overlay-opacity":"","overlay-gradient":""},"mobile":{"background-color":"","background-image":"","background-repeat":"repeat","background-position":"center center","background-size":"auto","background-attachment":"scroll","background-type":"","background-media":"","overlay-type":"","overlay-color":"","overlay-opacity":"","overlay-gradient":""}},"ast-content-background-meta":{"desktop":{"background-color":"var(--ast-global-color-5)","background-image":"","background-repeat":"repeat","background-position":"center center","background-size":"auto","background-attachment":"scroll","background-type":"","background-media":"","overlay-type":"","overlay-color":"","overlay-opacity":"","overlay-gradient":""},"tablet":{"background-color":"var(--ast-global-color-5)","background-image":"","background-repeat":"repeat","background-position":"center center","background-size":"auto","background-attachment":"scroll","background-type":"","background-media":"","overlay-type":"","overlay-color":"","overlay-opacity":"","overlay-gradient":""},"mobile":{"background-color":"var(--ast-global-color-5)","background-image":"","background-repeat":"repeat","background-position":"center center","background-size":"auto","background-attachment":"scroll","background-type":"","background-media":"","overlay-type":"","overlay-color":"","overlay-opacity":"","overlay-gradient":""}}},"product_brand":[],"product_cat":[8134],"product_tag":[319,7375,4219,2505,252],"class_list":{"0":"post-32563","1":"product","2":"type-product","3":"status-publish","4":"has-post-thumbnail","6":"product_cat-achterlicht-rond","7":"product_tag-achteruitrijlamp","8":"product_tag-aeb-verlichting","9":"product_tag-deense-achterbumper","10":"product_tag-led-achterlicht","11":"product_tag-truckstyling","12":"pa_merkk-aeb","13":"desktop-align-left","14":"tablet-align-left","15":"mobile-align-left","17":"first","18":"instock","19":"taxable","20":"shipping-taxable","21":"purchasable","22":"product-type-simple"},"acf":[],"yoast_head":"<!-- This site is optimized with the Yoast SEO Premium plugin v25.9 (Yoast SEO v27.6) - https:\/\/yoast.com\/product\/yoast-seo-premium-wordpress\/ -->\n<title>AEB LED achteruitrijlicht 9\/33V - All Day Led - voor 12&amp;24 Volt<\/title>\n<meta name=\"description\" content=\"AEB LED achteruitrijlicht rond - voor 12&amp;24 volt - LED achterlicht 140mm - E-keur - LED bumper \/ aanhanger verlichting - AEB LED achteruitrijlamp - EMC\" \/>\n<meta name=\"robots\" content=\"noindex, follow, max-snippet:-1, max-image-preview:large, max-video-preview:-1\" \/>\n<meta property=\"og:locale\" content=\"de_DE\" \/>\n<meta property=\"og:type\" content=\"article\" \/>\n<meta property=\"og:title\" content=\"AEB LED achteruitrijlicht 9\/33V - All Day Led - voor 12&amp;24 Volt\" \/>\n<meta property=\"og:description\" content=\"AEB LED achteruitrijlicht rond - voor 12&amp;24 volt - LED achterlicht 140mm - E-keur - LED bumper \/ aanhanger verlichting - AEB LED achteruitrijlamp - EMC\" \/>\n<meta property=\"og:url\" content=\"https:\/\/www.oudadl.testontwikkeling.nl\/de\/produkt\/aeb-led-achteruitrijlicht-9-33v\/\" \/>\n<meta property=\"og:site_name\" content=\"All Day Led\" \/>\n<meta property=\"article:publisher\" content=\"https:\/\/www.facebook.com\/alldayled\/\" \/>\n<meta property=\"article:modified_time\" content=\"2025-12-08T13:24:25+00:00\" \/>\n<meta property=\"og:image\" content=\"https:\/\/www.oudadl.testontwikkeling.nl\/wp-content\/uploads\/2024\/05\/ADL45114.png\" \/>\n\t<meta property=\"og:image:width\" content=\"800\" \/>\n\t<meta property=\"og:image:height\" content=\"800\" \/>\n\t<meta property=\"og:image:type\" content=\"image\/png\" \/>\n<meta name=\"twitter:label1\" content=\"Preis\" \/>\n\t<meta name=\"twitter:data1\" content=\"&euro;39,00\" \/>\n\t<meta name=\"twitter:label2\" content=\"Verf\u00fcgbarkeit\" \/>\n\t<meta name=\"twitter:data2\" content=\"Auf Lager\" \/>\n<script type=\"application\/ld+json\" class=\"yoast-schema-graph\">{\"@context\":\"https:\\\/\\\/schema.org\",\"@graph\":[{\"@type\":\"WebPage\",\"@id\":\"https:\\\/\\\/www.oudadl.testontwikkeling.nl\\\/product\\\/aeb-led-achteruitrijlicht-9-33v\\\/\",\"url\":\"https:\\\/\\\/www.oudadl.testontwikkeling.nl\\\/product\\\/aeb-led-achteruitrijlicht-9-33v\\\/\",\"name\":\"AEB LED achteruitrijlicht 9\\\/33V - All Day Led - voor 12&24 Volt\",\"isPartOf\":{\"@id\":\"https:\\\/\\\/www.oudadl.testontwikkeling.nl\\\/#website\"},\"primaryImageOfPage\":{\"@id\":\"https:\\\/\\\/www.oudadl.testontwikkeling.nl\\\/product\\\/aeb-led-achteruitrijlicht-9-33v\\\/#primaryimage\"},\"image\":{\"@id\":\"https:\\\/\\\/www.oudadl.testontwikkeling.nl\\\/product\\\/aeb-led-achteruitrijlicht-9-33v\\\/#primaryimage\"},\"thumbnailUrl\":\"https:\\\/\\\/www.oudadl.testontwikkeling.nl\\\/wp-content\\\/uploads\\\/2023\\\/01\\\/ADL45114.png\",\"datePublished\":\"2023-03-26T13:43:41+00:00\",\"dateModified\":\"2025-12-08T13:24:25+00:00\",\"description\":\"AEB LED achteruitrijlicht rond - voor 12&24 volt - LED achterlicht 140mm - E-keur - LED bumper \\\/ aanhanger verlichting - AEB LED achteruitrijlamp - EMC\",\"breadcrumb\":{\"@id\":\"https:\\\/\\\/www.oudadl.testontwikkeling.nl\\\/product\\\/aeb-led-achteruitrijlicht-9-33v\\\/#breadcrumb\"},\"inLanguage\":\"de\",\"potentialAction\":[{\"@type\":\"ReadAction\",\"target\":[\"https:\\\/\\\/www.oudadl.testontwikkeling.nl\\\/product\\\/aeb-led-achteruitrijlicht-9-33v\\\/\"]}]},{\"@type\":\"ImageObject\",\"inLanguage\":\"de\",\"@id\":\"https:\\\/\\\/www.oudadl.testontwikkeling.nl\\\/product\\\/aeb-led-achteruitrijlicht-9-33v\\\/#primaryimage\",\"url\":\"https:\\\/\\\/www.oudadl.testontwikkeling.nl\\\/wp-content\\\/uploads\\\/2023\\\/01\\\/ADL45114.png\",\"contentUrl\":\"https:\\\/\\\/www.oudadl.testontwikkeling.nl\\\/wp-content\\\/uploads\\\/2023\\\/01\\\/ADL45114.png\",\"width\":800,\"height\":600,\"caption\":\"AEB LED achteruitrijlicht - geschikt voor 12 & 24 volt gebruik - geleverd met montagebouten - EAN: 5414184270053\"},{\"@type\":\"BreadcrumbList\",\"@id\":\"https:\\\/\\\/www.oudadl.testontwikkeling.nl\\\/product\\\/aeb-led-achteruitrijlicht-9-33v\\\/#breadcrumb\",\"itemListElement\":[{\"@type\":\"ListItem\",\"position\":1,\"name\":\"Home\",\"item\":\"https:\\\/\\\/www.oudadl.testontwikkeling.nl\\\/\"},{\"@type\":\"ListItem\",\"position\":2,\"name\":\"Shop\",\"item\":\"https:\\\/\\\/www.oudadl.testontwikkeling.nl\\\/de\\\/shop\\\/\"},{\"@type\":\"ListItem\",\"position\":3,\"name\":\"Achterlichten\",\"item\":\"https:\\\/\\\/www.oudadl.testontwikkeling.nl\\\/product-categorie\\\/achterlichten\\\/\"},{\"@type\":\"ListItem\",\"position\":4,\"name\":\"Achterlicht rond\",\"item\":\"https:\\\/\\\/www.oudadl.testontwikkeling.nl\\\/product-categorie\\\/achterlichten\\\/achterlicht-rond\\\/\"},{\"@type\":\"ListItem\",\"position\":5,\"name\":\"AEB LED achteruitrijlicht 9\\\/33V\"}]},{\"@type\":\"WebSite\",\"@id\":\"https:\\\/\\\/www.oudadl.testontwikkeling.nl\\\/#website\",\"url\":\"https:\\\/\\\/www.oudadl.testontwikkeling.nl\\\/\",\"name\":\"All Day Led\",\"description\":\"\",\"publisher\":{\"@id\":\"https:\\\/\\\/www.oudadl.testontwikkeling.nl\\\/#organization\"},\"potentialAction\":[{\"@type\":\"SearchAction\",\"target\":{\"@type\":\"EntryPoint\",\"urlTemplate\":\"https:\\\/\\\/www.oudadl.testontwikkeling.nl\\\/?s={search_term_string}\"},\"query-input\":{\"@type\":\"PropertyValueSpecification\",\"valueRequired\":true,\"valueName\":\"search_term_string\"}}],\"inLanguage\":\"de\"},{\"@type\":\"Organization\",\"@id\":\"https:\\\/\\\/www.oudadl.testontwikkeling.nl\\\/#organization\",\"name\":\"All Day Led\",\"url\":\"https:\\\/\\\/www.oudadl.testontwikkeling.nl\\\/\",\"logo\":{\"@type\":\"ImageObject\",\"inLanguage\":\"de\",\"@id\":\"https:\\\/\\\/www.oudadl.testontwikkeling.nl\\\/#\\\/schema\\\/logo\\\/image\\\/\",\"url\":\"https:\\\/\\\/www.oudadl.testontwikkeling.nl\\\/wp-content\\\/uploads\\\/2022\\\/08\\\/Logo-ALL-DAY-LED-800x800-zwart-witte-letters.png\",\"contentUrl\":\"https:\\\/\\\/www.oudadl.testontwikkeling.nl\\\/wp-content\\\/uploads\\\/2022\\\/08\\\/Logo-ALL-DAY-LED-800x800-zwart-witte-letters.png\",\"width\":800,\"height\":800,\"caption\":\"All Day Led\"},\"image\":{\"@id\":\"https:\\\/\\\/www.oudadl.testontwikkeling.nl\\\/#\\\/schema\\\/logo\\\/image\\\/\"},\"sameAs\":[\"https:\\\/\\\/www.facebook.com\\\/alldayled\\\/\",\"https:\\\/\\\/www.instagram.com\\\/alldayled\\\/\"],\"vatID\":\"NL863960133B01\",\"taxID\":\"86416545\",\"hasMerchantReturnPolicy\":{\"@type\":\"MerchantReturnPolicy\",\"merchantReturnLink\":\"https:\\\/\\\/www.oudadl.testontwikkeling.nl\\\/de\\\/verzenden-retourneren\\\/\"}}]}<\/script>\n<meta property=\"product:brand\" content=\"AEB\" \/>\n<meta property=\"product:price:amount\" content=\"39.00\" \/>\n<meta property=\"product:price:currency\" content=\"EUR\" \/>\n<meta property=\"og:availability\" content=\"instock\" \/>\n<meta property=\"product:availability\" content=\"instock\" \/>\n<meta property=\"product:retailer_item_id\" content=\"ADL45114\" \/>\n<meta property=\"product:condition\" content=\"new\" \/>\n<!-- \/ Yoast SEO Premium plugin. -->","yoast_head_json":{"title":"AEB LED R\u00fcckfahrscheinwerfer 9\/33V - All Day Led - f\u00fcr 12&amp;24 Volt","description":"AEB LED R\u00fcckfahrleuchte rund - f\u00fcr 12&amp;24 volt - LED R\u00fccklicht 140mm - E-Pr\u00fcfzeichen - LED Sto\u00dff\u00e4nger-\/Anh\u00e4ngerbeleuchtung - AEB LED R\u00fcckfahrleuchte - EMV","robots":{"index":"noindex","follow":"follow","max-snippet":"max-snippet:-1","max-image-preview":"max-image-preview:large","max-video-preview":"max-video-preview:-1"},"og_locale":"de_DE","og_type":"article","og_title":"AEB LED achteruitrijlicht 9\/33V - All Day Led - voor 12&24 Volt","og_description":"AEB LED achteruitrijlicht rond - voor 12&24 volt - LED achterlicht 140mm - E-keur - LED bumper \/ aanhanger verlichting - AEB LED achteruitrijlamp - EMC","og_url":"https:\/\/www.oudadl.testontwikkeling.nl\/de\/produkt\/aeb-led-achteruitrijlicht-9-33v\/","og_site_name":"All Day Led","article_publisher":"https:\/\/www.facebook.com\/alldayled\/","article_modified_time":"2025-12-08T13:24:25+00:00","og_image":[{"width":800,"height":800,"url":"https:\/\/www.oudadl.testontwikkeling.nl\/wp-content\/uploads\/2024\/05\/ADL45114.png","type":"image\/png"}],"twitter_misc":{"Preis":"&euro;39,00","Verf\u00fcgbarkeit":"Auf Lager"},"schema":{"@context":"https:\/\/schema.org","@graph":[{"@type":"WebPage","@id":"https:\/\/www.oudadl.testontwikkeling.nl\/product\/aeb-led-achteruitrijlicht-9-33v\/","url":"https:\/\/www.oudadl.testontwikkeling.nl\/product\/aeb-led-achteruitrijlicht-9-33v\/","name":"AEB LED R\u00fcckfahrscheinwerfer 9\/33V - All Day Led - f\u00fcr 12&amp;24 Volt","isPartOf":{"@id":"https:\/\/www.oudadl.testontwikkeling.nl\/#website"},"primaryImageOfPage":{"@id":"https:\/\/www.oudadl.testontwikkeling.nl\/product\/aeb-led-achteruitrijlicht-9-33v\/#primaryimage"},"image":{"@id":"https:\/\/www.oudadl.testontwikkeling.nl\/product\/aeb-led-achteruitrijlicht-9-33v\/#primaryimage"},"thumbnailUrl":"https:\/\/www.oudadl.testontwikkeling.nl\/wp-content\/uploads\/2023\/01\/ADL45114.png","datePublished":"2023-03-26T13:43:41+00:00","dateModified":"2025-12-08T13:24:25+00:00","description":"AEB LED R\u00fcckfahrleuchte rund - f\u00fcr 12&amp;24 volt - LED R\u00fccklicht 140mm - E-Pr\u00fcfzeichen - LED Sto\u00dff\u00e4nger-\/Anh\u00e4ngerbeleuchtung - AEB LED R\u00fcckfahrleuchte - EMV","breadcrumb":{"@id":"https:\/\/www.oudadl.testontwikkeling.nl\/product\/aeb-led-achteruitrijlicht-9-33v\/#breadcrumb"},"inLanguage":"de","potentialAction":[{"@type":"ReadAction","target":["https:\/\/www.oudadl.testontwikkeling.nl\/product\/aeb-led-achteruitrijlicht-9-33v\/"]}]},{"@type":"ImageObject","inLanguage":"de","@id":"https:\/\/www.oudadl.testontwikkeling.nl\/product\/aeb-led-achteruitrijlicht-9-33v\/#primaryimage","url":"https:\/\/www.oudadl.testontwikkeling.nl\/wp-content\/uploads\/2023\/01\/ADL45114.png","contentUrl":"https:\/\/www.oudadl.testontwikkeling.nl\/wp-content\/uploads\/2023\/01\/ADL45114.png","width":800,"height":600,"caption":"AEB LED achteruitrijlicht - geschikt voor 12 & 24 volt gebruik - geleverd met montagebouten - EAN: 5414184270053"},{"@type":"BreadcrumbList","@id":"https:\/\/www.oudadl.testontwikkeling.nl\/product\/aeb-led-achteruitrijlicht-9-33v\/#breadcrumb","itemListElement":[{"@type":"ListItem","position":1,"name":"Home","item":"https:\/\/www.oudadl.testontwikkeling.nl\/"},{"@type":"ListItem","position":2,"name":"Shop","item":"https:\/\/www.oudadl.testontwikkeling.nl\/de\/shop\/"},{"@type":"ListItem","position":3,"name":"Achterlichten","item":"https:\/\/www.oudadl.testontwikkeling.nl\/product-categorie\/achterlichten\/"},{"@type":"ListItem","position":4,"name":"Achterlicht rond","item":"https:\/\/www.oudadl.testontwikkeling.nl\/product-categorie\/achterlichten\/achterlicht-rond\/"},{"@type":"ListItem","position":5,"name":"AEB LED achteruitrijlicht 9\/33V"}]},{"@type":"WebSite","@id":"https:\/\/www.oudadl.testontwikkeling.nl\/#website","url":"https:\/\/www.oudadl.testontwikkeling.nl\/","name":"All Day Led","description":"","publisher":{"@id":"https:\/\/www.oudadl.testontwikkeling.nl\/#organization"},"potentialAction":[{"@type":"SearchAction","target":{"@type":"EntryPoint","urlTemplate":"https:\/\/www.oudadl.testontwikkeling.nl\/?s={search_term_string}"},"query-input":{"@type":"PropertyValueSpecification","valueRequired":true,"valueName":"search_term_string"}}],"inLanguage":"de"},{"@type":"Organization","@id":"https:\/\/www.oudadl.testontwikkeling.nl\/#organization","name":"All Day Led","url":"https:\/\/www.oudadl.testontwikkeling.nl\/","logo":{"@type":"ImageObject","inLanguage":"de","@id":"https:\/\/www.oudadl.testontwikkeling.nl\/#\/schema\/logo\/image\/","url":"https:\/\/www.oudadl.testontwikkeling.nl\/wp-content\/uploads\/2022\/08\/Logo-ALL-DAY-LED-800x800-zwart-witte-letters.png","contentUrl":"https:\/\/www.oudadl.testontwikkeling.nl\/wp-content\/uploads\/2022\/08\/Logo-ALL-DAY-LED-800x800-zwart-witte-letters.png","width":800,"height":800,"caption":"All Day Led"},"image":{"@id":"https:\/\/www.oudadl.testontwikkeling.nl\/#\/schema\/logo\/image\/"},"sameAs":["https:\/\/www.facebook.com\/alldayled\/","https:\/\/www.instagram.com\/alldayled\/"],"vatID":"NL863960133B01","taxID":"86416545","hasMerchantReturnPolicy":{"@type":"MerchantReturnPolicy","merchantReturnLink":"https:\/\/www.oudadl.testontwikkeling.nl\/de\/verzenden-retourneren\/"}}]},"product_brand":"AEB","product_price_amount":"39.00","product_price_currency":"EUR","og_availability":"instock","product_availability":"instock","product_retailer_item_id":"ADL45114","product_condition":"new"},"_links":{"self":[{"href":"https:\/\/www.oudadl.testontwikkeling.nl\/de\/wp-json\/wp\/v2\/product\/32563","targetHints":{"allow":["GET"]}}],"collection":[{"href":"https:\/\/www.oudadl.testontwikkeling.nl\/de\/wp-json\/wp\/v2\/product"}],"about":[{"href":"https:\/\/www.oudadl.testontwikkeling.nl\/de\/wp-json\/wp\/v2\/types\/product"}],"replies":[{"embeddable":true,"href":"https:\/\/www.oudadl.testontwikkeling.nl\/de\/wp-json\/wp\/v2\/comments?post=32563"}],"wp:featuredmedia":[{"embeddable":true,"href":"https:\/\/www.oudadl.testontwikkeling.nl\/de\/wp-json\/wp\/v2\/media\/32736"}],"wp:attachment":[{"href":"https:\/\/www.oudadl.testontwikkeling.nl\/de\/wp-json\/wp\/v2\/media?parent=32563"}],"wp:term":[{"taxonomy":"product_brand","embeddable":true,"href":"https:\/\/www.oudadl.testontwikkeling.nl\/de\/wp-json\/wp\/v2\/product_brand?post=32563"},{"taxonomy":"product_cat","embeddable":true,"href":"https:\/\/www.oudadl.testontwikkeling.nl\/de\/wp-json\/wp\/v2\/product_cat?post=32563"},{"taxonomy":"product_tag","embeddable":true,"href":"https:\/\/www.oudadl.testontwikkeling.nl\/de\/wp-json\/wp\/v2\/product_tag?post=32563"}],"curies":[{"name":"wp","href":"https:\/\/api.w.org\/{rel}","templated":true}]}}