{"id":32451,"date":"2023-01-10T12:30:35","date_gmt":"2023-01-10T11:30:35","guid":{"rendered":"https:\/\/www.oudadl.testontwikkeling.nl\/?post_type=product&#038;p=32451"},"modified":"2025-12-08T12:28:42","modified_gmt":"2025-12-08T11:28:42","slug":"t10-led-rood-24-volt-2stuks","status":"publish","type":"product","link":"https:\/\/www.oudadl.testontwikkeling.nl\/de\/product\/t10-led-rood-24-volt-2stuks\/","title":{"rendered":"T10 LED rot 24 Volt - 2 St\u00fcck"},"content":{"rendered":"<p><span style=\"color: #000000;\"><strong>T10 LED Lampe rot, f\u00fcr 24 Volt Betrieb.\u00a0<\/strong><\/span><\/p>\n<p><span style=\"color: #000000;\">Suchen Sie eine gute LED-Lampe, die Sie gegen Ihre original montierte T10-Halogenlampe austauschen k\u00f6nnen? Dann ist diese rote T10 LED-Lampe m\u00f6glicherweise die Lampe, nach der Sie suchen. Die LED Leuchte ist mit 4 LED best\u00fcckt und wird pro Set zu 2 St\u00fcck geliefert. Die LED-Lampe hat eine Lichtleistung, die Sie mit einer 5-Watt-Halogenlampe vergleichen k\u00f6nnen. Die T10 LED Lampe rot ist nur f\u00fcr 24 Volt geeignet. Das bedeutet, dass Sie die Lampe LED beispielsweise in Ihrem LKW oder Anh\u00e4nger verwenden k\u00f6nnen. Damit die rote Lampe LED passt, muss die urspr\u00fcnglich verbaute Lampe der in Bild 3 gezeigten entsprechen. Wenn diese nicht \u00fcbereinstimmt, passt die Lampe nicht.<\/span><\/p>\n<p><span style=\"color: #000000;\">Damit die Lampe T10 LED rot 24 Volt f\u00fcr Ihr Fahrzeug oder Ihren Anh\u00e4nger geeignet ist, haben wir nachfolgend einige Spezifikationen aufgeschrieben. All dies, um Ihnen klar zu machen, warum dies die gesuchte T10 LED-Lampe sein k\u00f6nnte. Diese LED Lampe ist unter anderem mit dem ECE R10 G\u00fctezeichen versehen. Dieses Qualit\u00e4tszeichen bedeutet, dass die Lampe w\u00e4hrend der Aktivierung keine St\u00f6rungen verursacht, beispielsweise auf Ihrem Funksignal. Die LED-Lampe kann auch bis zu 32 Volt verwendet werden, was bedeutet, dass die LED-Lampe gegen Spannungsspitzen gesch\u00fctzt ist, die beim Starten Ihres Fahrzeugs auftreten k\u00f6nnen. Die T10 LED Lampe rot 24 Volt k\u00f6nnen Sie beispielsweise als Innenbeleuchtung f\u00fcr Ihren LKW oder Anh\u00e4nger verwenden.\u00a0<\/span><\/p>\n<h5><span style=\"color: #000000;\"><strong>Installation der T10 LED Lampe:<\/strong><\/span><\/h5>\n<p><span style=\"color: #000000;\">Um die T10 LED Gl\u00fchlampe Rot 24 Volt in Ihr Fahrzeug einzubauen, m\u00fcssen Sie folgende Schritte befolgen:<\/span><\/p>\n<ol>\n<li><span style=\"color: #000000;\">Schalten Sie die Beleuchtung Ihres Fahrzeugs aus.<\/span><\/li>\n<li><span style=\"color: #000000;\">Entfernen Sie die alte Halogenlampe aus der Fassung.<\/span><\/li>\n<li><span style=\"color: #000000;\">Setzen Sie die T10 LED Lampe in die Halterung ein.<\/span><\/li>\n<li><span style=\"color: #000000;\">Schalten Sie die Lichter Ihres Fahrzeugs ein und pr\u00fcfen Sie, ob die LED-Gl\u00fchlampe funktioniert. Wenn die Lampe nicht funktioniert, drehen Sie die Lampe um eine Vierteldrehung.<\/span><\/li>\n<li><span style=\"color: #000000;\">Die Beleuchtung ist jetzt betriebsbereit.<\/span><\/li>\n<\/ol>\n<p><span style=\"color: #000000;\"><em>Bitte beachten Sie, dass diese LED-Lampen nicht CAN-Bus-sicher sind. Dies bedeutet, dass diese Lampe eine defekte Lampe auf Ihrem Armaturenbrett melden kann. Dies gilt haupts\u00e4chlich f\u00fcr neuere Pkw-Modelle, LKWs werden h\u00e4ufig ausgeschlossen. Zus\u00e4tzliche Lampen wie Scheinwerfer oder Oberlichter sind ebenfalls vom CAN-Bus-System ausgeschlossen.\u00a0<\/em><\/span><\/p>\n<h5><span style=\"color: #000000;\"><strong>Andere Farben:<\/strong><\/span><\/h5>\n<p><span style=\"color: #000000;\">Suchen Sie eine w5w LED Lampe, aber ist die T10 LED Lampe rot f\u00fcr 24 Volt LKW nicht die Farbe, die Sie suchen? Dann wissen Sie, dass die T10 LED Lampe mit 4 LEDs auch in den folgenden Farben erh\u00e4ltlich ist:<\/span><\/p>\n<ul>\n<li><span style=\"color: #000000;\"><a style=\"color: #000000;\" href=\"https:\/\/www.oudadl.testontwikkeling.nl\/de\/produkt\/t10-led-oranje-24-volt-2stuks\/\"><strong>T10 LED Lampe orange 24 Volt<\/strong><\/a><\/span><\/li>\n<li><span style=\"color: #000000;\"><a style=\"color: #000000;\" href=\"https:\/\/www.oudadl.testontwikkeling.nl\/de\/produkt\/t10-led-blauw-24-volt-2stuks\/\"><strong>T10 LED Lampe blau 24 Volt\u00a0<\/strong><\/a><\/span><\/li>\n<li><span style=\"color: #000000;\"><a style=\"color: #000000;\" href=\"https:\/\/www.oudadl.testontwikkeling.nl\/de\/produkt\/t10-led-groen-24-volt-2stuks\/\"><strong>T10 LED Lampe gr\u00fcn 24 Volt<\/strong><\/a><\/span><\/li>\n<li><span style=\"color: #000000;\"><a style=\"color: #000000;\" href=\"https:\/\/www.oudadl.testontwikkeling.nl\/de\/produkt\/t10-led-wit-24-volt-2stuks\/\"><strong>T10 LED Lampe wei\u00df 24 Volt\u00a0<\/strong><\/a><\/span><\/li>\n<\/ul>\n<h5><span style=\"color: #000000;\"><strong>Warum hat diese T10 LED-Lampe kein E-Zeichen:<\/strong><\/span><\/h5>\n<p><span style=\"color: #000000;\">Ersatzlampen m\u00fcssen den europ\u00e4ischen Normen f\u00fcr Sicherheit, Wasserdichtigkeit und Kurzschlussverh\u00fctung (ECE-R37) entsprechen. Diese Standards basieren auf der Gl\u00fchlampe und der Halogenlampe der Vergangenheit. LED-Ersatzlampen k\u00f6nnen diese Standards nicht erf\u00fcllen. Der Grund ist, dass kein Filament darin ist. Infolgedessen erh\u00e4lt diese LED-Lampe nicht das ECE R37-Qualit\u00e4tszeichen und darf daher nicht offiziell auf \u00f6ffentlichen Stra\u00dfen verwendet werden. Sie k\u00f6nnen diese T10 LED Lampe rot 24 Volt verwenden, zum Beispiel in Ihrem eigenen Gel\u00e4nde oder im Rennsport.<\/span><\/p>","protected":false},"excerpt":{"rendered":"<p>T10 LED lamp rood, voor 24 volt gebruik.\u00a0 Bent u opzoek naar een goede LED lamp die u kunt wisselen voor uw origineel gemonteerde T10 halogeen lamp? Dan is deze rode T10 LED lamp wellicht d\u00e9 lamp waar u naar op zoek bent. De LED lamp is voorzien van 4 LED&#8217;s en word geleverd per [&hellip;]<\/p>\n","protected":false},"featured_media":33036,"comment_status":"open","ping_status":"closed","template":"","meta":{"_acf_changed":false,"site-sidebar-layout":"default","site-content-layout":"default","ast-site-content-layout":"default","site-content-style":"default","site-sidebar-style":"default","ast-global-header-display":"","ast-banner-title-visibility":"","ast-main-header-display":"","ast-hfb-above-header-display":"","ast-hfb-below-header-display":"","ast-hfb-mobile-header-display":"","site-post-title":"","ast-breadcrumbs-content":"","ast-featured-img":"","footer-sml-layout":"","ast-disable-related-posts":"","theme-transparent-header-meta":"default","adv-header-id-meta":"","stick-header-meta":"","header-above-stick-meta":"","header-main-stick-meta":"","header-below-stick-meta":"","astra-migrate-meta-layouts":"set","ast-page-background-enabled":"default","ast-page-background-meta":{"desktop":{"background-color":"","background-image":"","background-repeat":"repeat","background-position":"center center","background-size":"auto","background-attachment":"scroll","background-type":"","background-media":"","overlay-type":"","overlay-color":"","overlay-opacity":"","overlay-gradient":""},"tablet":{"background-color":"","background-image":"","background-repeat":"repeat","background-position":"center center","background-size":"auto","background-attachment":"scroll","background-type":"","background-media":"","overlay-type":"","overlay-color":"","overlay-opacity":"","overlay-gradient":""},"mobile":{"background-color":"","background-image":"","background-repeat":"repeat","background-position":"center center","background-size":"auto","background-attachment":"scroll","background-type":"","background-media":"","overlay-type":"","overlay-color":"","overlay-opacity":"","overlay-gradient":""}},"ast-content-background-meta":{"desktop":{"background-color":"var(--ast-global-color-5)","background-image":"","background-repeat":"repeat","background-position":"center center","background-size":"auto","background-attachment":"scroll","background-type":"","background-media":"","overlay-type":"","overlay-color":"","overlay-opacity":"","overlay-gradient":""},"tablet":{"background-color":"var(--ast-global-color-5)","background-image":"","background-repeat":"repeat","background-position":"center center","background-size":"auto","background-attachment":"scroll","background-type":"","background-media":"","overlay-type":"","overlay-color":"","overlay-opacity":"","overlay-gradient":""},"mobile":{"background-color":"var(--ast-global-color-5)","background-image":"","background-repeat":"repeat","background-position":"center center","background-size":"auto","background-attachment":"scroll","background-type":"","background-media":"","overlay-type":"","overlay-color":"","overlay-opacity":"","overlay-gradient":""}}},"product_brand":[],"product_cat":[208,7209,216,217,221,220,222],"product_tag":[1961,3827,2397,3838,3837,2298,3810],"class_list":{"0":"post-32451","1":"product","2":"type-product","3":"status-publish","4":"has-post-thumbnail","6":"product_cat-daf-verlichting","7":"product_cat-iveco-verlichting","8":"product_cat-man-verlichting","9":"product_cat-scania-verlichting","10":"product_cat-t10-led-24v","11":"product_cat-verlichting-24-volt","12":"product_cat-volvo-verlichting","13":"product_tag-cabine-verlichting","14":"product_tag-interieurverlichting-vrachtwagen","15":"product_tag-nedking","16":"product_tag-t10-led-lamp-24-volt-rood","17":"product_tag-t10-led-rood-24-volt","18":"product_tag-vrachtwagen-verlichting","19":"product_tag-vrachtwagen-verlichting-24-volt","20":"pa_merkk-product-all-day-led","21":"desktop-align-left","22":"tablet-align-left","23":"mobile-align-left","25":"first","26":"instock","27":"taxable","28":"shipping-taxable","29":"purchasable","30":"product-type-simple"},"acf":[],"yoast_head":"<!-- This site is optimized with the Yoast SEO Premium plugin v25.9 (Yoast SEO v27.6) - https:\/\/yoast.com\/product\/yoast-seo-premium-wordpress\/ -->\n<title>T10 LED rood 24 volt - 2 stuks - All Day Led - verlichting en meer<\/title>\n<meta name=\"description\" content=\"T10 LED lamp - 2 stuks - interieurverlichting - rood - voor vrachtwagen, camper en meer - enkel voor 24 volt gebruik - T10 5W5 LED lamp\" \/>\n<meta name=\"robots\" content=\"noindex, follow, max-snippet:-1, max-image-preview:large, max-video-preview:-1\" \/>\n<meta property=\"og:locale\" content=\"de_DE\" \/>\n<meta property=\"og:type\" content=\"article\" \/>\n<meta property=\"og:title\" content=\"T10 LED rood 24 volt - 2 stuks - All Day Led - verlichting en meer\" \/>\n<meta property=\"og:description\" content=\"T10 LED lamp - 2 stuks - interieurverlichting - rood - voor vrachtwagen, camper en meer - enkel voor 24 volt gebruik - T10 5W5 LED lamp\" \/>\n<meta property=\"og:url\" content=\"https:\/\/www.oudadl.testontwikkeling.nl\/de\/produkt\/t10-led-rood-24-volt-2stuks\/\" \/>\n<meta property=\"og:site_name\" content=\"All Day Led\" \/>\n<meta property=\"article:publisher\" content=\"https:\/\/www.facebook.com\/alldayled\/\" \/>\n<meta property=\"article:modified_time\" content=\"2025-12-08T11:28:42+00:00\" \/>\n<meta property=\"og:image\" content=\"https:\/\/www.oudadl.testontwikkeling.nl\/wp-content\/uploads\/2025\/01\/ADL40106-R.02.png\" \/>\n\t<meta property=\"og:image:width\" content=\"800\" \/>\n\t<meta property=\"og:image:height\" content=\"800\" \/>\n\t<meta property=\"og:image:type\" content=\"image\/png\" \/>\n<meta name=\"twitter:label1\" content=\"Preis\" \/>\n\t<meta name=\"twitter:data1\" content=\"&euro;7,95\" \/>\n\t<meta name=\"twitter:label2\" content=\"Verf\u00fcgbarkeit\" \/>\n\t<meta name=\"twitter:data2\" content=\"Auf Lager\" \/>\n<script type=\"application\/ld+json\" class=\"yoast-schema-graph\">{\"@context\":\"https:\\\/\\\/schema.org\",\"@graph\":[{\"@type\":[\"WebPage\",\"ItemPage\"],\"@id\":\"https:\\\/\\\/www.oudadl.testontwikkeling.nl\\\/product\\\/t10-led-rood-24-volt-2stuks\\\/\",\"url\":\"https:\\\/\\\/www.oudadl.testontwikkeling.nl\\\/product\\\/t10-led-rood-24-volt-2stuks\\\/\",\"name\":\"T10 LED rood 24 volt - 2 stuks - All Day Led - verlichting en meer\",\"isPartOf\":{\"@id\":\"https:\\\/\\\/www.oudadl.testontwikkeling.nl\\\/#website\"},\"primaryImageOfPage\":{\"@id\":\"https:\\\/\\\/www.oudadl.testontwikkeling.nl\\\/product\\\/t10-led-rood-24-volt-2stuks\\\/#primaryimage\"},\"image\":{\"@id\":\"https:\\\/\\\/www.oudadl.testontwikkeling.nl\\\/product\\\/t10-led-rood-24-volt-2stuks\\\/#primaryimage\"},\"thumbnailUrl\":\"https:\\\/\\\/www.oudadl.testontwikkeling.nl\\\/wp-content\\\/uploads\\\/2023\\\/01\\\/ADL40106-R.png\",\"datePublished\":\"2023-01-10T11:30:35+00:00\",\"dateModified\":\"2025-12-08T11:28:42+00:00\",\"description\":\"T10 LED lamp - 2 stuks - interieurverlichting - rood - voor vrachtwagen, camper en meer - enkel voor 24 volt gebruik - T10 5W5 LED lamp\",\"breadcrumb\":{\"@id\":\"https:\\\/\\\/www.oudadl.testontwikkeling.nl\\\/product\\\/t10-led-rood-24-volt-2stuks\\\/#breadcrumb\"},\"inLanguage\":\"de\",\"potentialAction\":[{\"@type\":\"ReadAction\",\"target\":[\"https:\\\/\\\/www.oudadl.testontwikkeling.nl\\\/product\\\/t10-led-rood-24-volt-2stuks\\\/\"]}]},{\"@type\":\"ImageObject\",\"inLanguage\":\"de\",\"@id\":\"https:\\\/\\\/www.oudadl.testontwikkeling.nl\\\/product\\\/t10-led-rood-24-volt-2stuks\\\/#primaryimage\",\"url\":\"https:\\\/\\\/www.oudadl.testontwikkeling.nl\\\/wp-content\\\/uploads\\\/2023\\\/01\\\/ADL40106-R.png\",\"contentUrl\":\"https:\\\/\\\/www.oudadl.testontwikkeling.nl\\\/wp-content\\\/uploads\\\/2023\\\/01\\\/ADL40106-R.png\",\"width\":800,\"height\":600,\"caption\":\"T10 LED lamp ROOD - geschikt voor 24 volt gebruik - te gebruiken als interieurlicht voor de vrachtwagen - set van 2 stuks - EAN: 6090449458436\"},{\"@type\":\"BreadcrumbList\",\"@id\":\"https:\\\/\\\/www.oudadl.testontwikkeling.nl\\\/product\\\/t10-led-rood-24-volt-2stuks\\\/#breadcrumb\",\"itemListElement\":[{\"@type\":\"ListItem\",\"position\":1,\"name\":\"Home\",\"item\":\"https:\\\/\\\/www.oudadl.testontwikkeling.nl\\\/\"},{\"@type\":\"ListItem\",\"position\":2,\"name\":\"Shop\",\"item\":\"https:\\\/\\\/www.oudadl.testontwikkeling.nl\\\/de\\\/shop\\\/\"},{\"@type\":\"ListItem\",\"position\":3,\"name\":\"Verlichting\",\"item\":\"https:\\\/\\\/www.oudadl.testontwikkeling.nl\\\/product-categorie\\\/verlichting\\\/\"},{\"@type\":\"ListItem\",\"position\":4,\"name\":\"Verlichting 24 Volt\",\"item\":\"https:\\\/\\\/www.oudadl.testontwikkeling.nl\\\/product-categorie\\\/verlichting\\\/verlichting-24-volt\\\/\"},{\"@type\":\"ListItem\",\"position\":5,\"name\":\"T10 LED rood 24 volt &#8211; 2 stuks\"}]},{\"@type\":\"WebSite\",\"@id\":\"https:\\\/\\\/www.oudadl.testontwikkeling.nl\\\/#website\",\"url\":\"https:\\\/\\\/www.oudadl.testontwikkeling.nl\\\/\",\"name\":\"All Day Led\",\"description\":\"\",\"publisher\":{\"@id\":\"https:\\\/\\\/www.oudadl.testontwikkeling.nl\\\/#organization\"},\"potentialAction\":[{\"@type\":\"SearchAction\",\"target\":{\"@type\":\"EntryPoint\",\"urlTemplate\":\"https:\\\/\\\/www.oudadl.testontwikkeling.nl\\\/?s={search_term_string}\"},\"query-input\":{\"@type\":\"PropertyValueSpecification\",\"valueRequired\":true,\"valueName\":\"search_term_string\"}}],\"inLanguage\":\"de\"},{\"@type\":\"Organization\",\"@id\":\"https:\\\/\\\/www.oudadl.testontwikkeling.nl\\\/#organization\",\"name\":\"All Day Led\",\"url\":\"https:\\\/\\\/www.oudadl.testontwikkeling.nl\\\/\",\"logo\":{\"@type\":\"ImageObject\",\"inLanguage\":\"de\",\"@id\":\"https:\\\/\\\/www.oudadl.testontwikkeling.nl\\\/#\\\/schema\\\/logo\\\/image\\\/\",\"url\":\"https:\\\/\\\/www.oudadl.testontwikkeling.nl\\\/wp-content\\\/uploads\\\/2022\\\/08\\\/Logo-ALL-DAY-LED-800x800-zwart-witte-letters.png\",\"contentUrl\":\"https:\\\/\\\/www.oudadl.testontwikkeling.nl\\\/wp-content\\\/uploads\\\/2022\\\/08\\\/Logo-ALL-DAY-LED-800x800-zwart-witte-letters.png\",\"width\":800,\"height\":800,\"caption\":\"All Day Led\"},\"image\":{\"@id\":\"https:\\\/\\\/www.oudadl.testontwikkeling.nl\\\/#\\\/schema\\\/logo\\\/image\\\/\"},\"sameAs\":[\"https:\\\/\\\/www.facebook.com\\\/alldayled\\\/\",\"https:\\\/\\\/www.instagram.com\\\/alldayled\\\/\"],\"vatID\":\"NL863960133B01\",\"taxID\":\"86416545\",\"hasMerchantReturnPolicy\":{\"@type\":\"MerchantReturnPolicy\",\"merchantReturnLink\":\"https:\\\/\\\/www.oudadl.testontwikkeling.nl\\\/de\\\/verzenden-retourneren\\\/\"}}]}<\/script>\n<meta property=\"product:brand\" content=\"All Day Led\" \/>\n<meta property=\"product:price:amount\" content=\"7.95\" \/>\n<meta property=\"product:price:currency\" content=\"EUR\" \/>\n<meta property=\"og:availability\" content=\"instock\" \/>\n<meta property=\"product:availability\" content=\"instock\" \/>\n<meta property=\"product:retailer_item_id\" content=\"ADL40106-R\" \/>\n<meta property=\"product:condition\" content=\"new\" \/>\n<!-- \/ Yoast SEO Premium plugin. -->","yoast_head_json":{"title":"T10 LED rot 24 Volt - 2 St\u00fcck - All Day LED - Beleuchtung und mehr","description":"T10 LED Lampe - 2 St\u00fcck - Innenbeleuchtung - rot - f\u00fcr LKW, Wohnmobil und mehr - nur f\u00fcr 24 Volt - T10 5W5 LED Lampe","robots":{"index":"noindex","follow":"follow","max-snippet":"max-snippet:-1","max-image-preview":"max-image-preview:large","max-video-preview":"max-video-preview:-1"},"og_locale":"de_DE","og_type":"article","og_title":"T10 LED rood 24 volt - 2 stuks - All Day Led - verlichting en meer","og_description":"T10 LED lamp - 2 stuks - interieurverlichting - rood - voor vrachtwagen, camper en meer - enkel voor 24 volt gebruik - T10 5W5 LED lamp","og_url":"https:\/\/www.oudadl.testontwikkeling.nl\/de\/produkt\/t10-led-rood-24-volt-2stuks\/","og_site_name":"All Day Led","article_publisher":"https:\/\/www.facebook.com\/alldayled\/","article_modified_time":"2025-12-08T11:28:42+00:00","og_image":[{"width":800,"height":800,"url":"https:\/\/www.oudadl.testontwikkeling.nl\/wp-content\/uploads\/2025\/01\/ADL40106-R.02.png","type":"image\/png"}],"twitter_misc":{"Preis":"&euro;7,95","Verf\u00fcgbarkeit":"Auf Lager"},"schema":{"@context":"https:\/\/schema.org","@graph":[{"@type":["WebPage","ItemPage"],"@id":"https:\/\/www.oudadl.testontwikkeling.nl\/product\/t10-led-rood-24-volt-2stuks\/","url":"https:\/\/www.oudadl.testontwikkeling.nl\/product\/t10-led-rood-24-volt-2stuks\/","name":"T10 LED rot 24 Volt - 2 St\u00fcck - All Day LED - Beleuchtung und mehr","isPartOf":{"@id":"https:\/\/www.oudadl.testontwikkeling.nl\/#website"},"primaryImageOfPage":{"@id":"https:\/\/www.oudadl.testontwikkeling.nl\/product\/t10-led-rood-24-volt-2stuks\/#primaryimage"},"image":{"@id":"https:\/\/www.oudadl.testontwikkeling.nl\/product\/t10-led-rood-24-volt-2stuks\/#primaryimage"},"thumbnailUrl":"https:\/\/www.oudadl.testontwikkeling.nl\/wp-content\/uploads\/2023\/01\/ADL40106-R.png","datePublished":"2023-01-10T11:30:35+00:00","dateModified":"2025-12-08T11:28:42+00:00","description":"T10 LED Lampe - 2 St\u00fcck - Innenbeleuchtung - rot - f\u00fcr LKW, Wohnmobil und mehr - nur f\u00fcr 24 Volt - T10 5W5 LED Lampe","breadcrumb":{"@id":"https:\/\/www.oudadl.testontwikkeling.nl\/product\/t10-led-rood-24-volt-2stuks\/#breadcrumb"},"inLanguage":"de","potentialAction":[{"@type":"ReadAction","target":["https:\/\/www.oudadl.testontwikkeling.nl\/product\/t10-led-rood-24-volt-2stuks\/"]}]},{"@type":"ImageObject","inLanguage":"de","@id":"https:\/\/www.oudadl.testontwikkeling.nl\/product\/t10-led-rood-24-volt-2stuks\/#primaryimage","url":"https:\/\/www.oudadl.testontwikkeling.nl\/wp-content\/uploads\/2023\/01\/ADL40106-R.png","contentUrl":"https:\/\/www.oudadl.testontwikkeling.nl\/wp-content\/uploads\/2023\/01\/ADL40106-R.png","width":800,"height":600,"caption":"T10 LED lamp ROOD - geschikt voor 24 volt gebruik - te gebruiken als interieurlicht voor de vrachtwagen - set van 2 stuks - EAN: 6090449458436"},{"@type":"BreadcrumbList","@id":"https:\/\/www.oudadl.testontwikkeling.nl\/product\/t10-led-rood-24-volt-2stuks\/#breadcrumb","itemListElement":[{"@type":"ListItem","position":1,"name":"Home","item":"https:\/\/www.oudadl.testontwikkeling.nl\/"},{"@type":"ListItem","position":2,"name":"Shop","item":"https:\/\/www.oudadl.testontwikkeling.nl\/de\/shop\/"},{"@type":"ListItem","position":3,"name":"Verlichting","item":"https:\/\/www.oudadl.testontwikkeling.nl\/product-categorie\/verlichting\/"},{"@type":"ListItem","position":4,"name":"Verlichting 24 Volt","item":"https:\/\/www.oudadl.testontwikkeling.nl\/product-categorie\/verlichting\/verlichting-24-volt\/"},{"@type":"ListItem","position":5,"name":"T10 LED rood 24 volt &#8211; 2 stuks"}]},{"@type":"WebSite","@id":"https:\/\/www.oudadl.testontwikkeling.nl\/#website","url":"https:\/\/www.oudadl.testontwikkeling.nl\/","name":"All Day Led","description":"","publisher":{"@id":"https:\/\/www.oudadl.testontwikkeling.nl\/#organization"},"potentialAction":[{"@type":"SearchAction","target":{"@type":"EntryPoint","urlTemplate":"https:\/\/www.oudadl.testontwikkeling.nl\/?s={search_term_string}"},"query-input":{"@type":"PropertyValueSpecification","valueRequired":true,"valueName":"search_term_string"}}],"inLanguage":"de"},{"@type":"Organization","@id":"https:\/\/www.oudadl.testontwikkeling.nl\/#organization","name":"All Day Led","url":"https:\/\/www.oudadl.testontwikkeling.nl\/","logo":{"@type":"ImageObject","inLanguage":"de","@id":"https:\/\/www.oudadl.testontwikkeling.nl\/#\/schema\/logo\/image\/","url":"https:\/\/www.oudadl.testontwikkeling.nl\/wp-content\/uploads\/2022\/08\/Logo-ALL-DAY-LED-800x800-zwart-witte-letters.png","contentUrl":"https:\/\/www.oudadl.testontwikkeling.nl\/wp-content\/uploads\/2022\/08\/Logo-ALL-DAY-LED-800x800-zwart-witte-letters.png","width":800,"height":800,"caption":"All Day Led"},"image":{"@id":"https:\/\/www.oudadl.testontwikkeling.nl\/#\/schema\/logo\/image\/"},"sameAs":["https:\/\/www.facebook.com\/alldayled\/","https:\/\/www.instagram.com\/alldayled\/"],"vatID":"NL863960133B01","taxID":"86416545","hasMerchantReturnPolicy":{"@type":"MerchantReturnPolicy","merchantReturnLink":"https:\/\/www.oudadl.testontwikkeling.nl\/de\/verzenden-retourneren\/"}}]},"product_brand":"All Day Led","product_price_amount":"7.95","product_price_currency":"EUR","og_availability":"instock","product_availability":"instock","product_retailer_item_id":"ADL40106-R","product_condition":"new"},"_links":{"self":[{"href":"https:\/\/www.oudadl.testontwikkeling.nl\/de\/wp-json\/wp\/v2\/product\/32451","targetHints":{"allow":["GET"]}}],"collection":[{"href":"https:\/\/www.oudadl.testontwikkeling.nl\/de\/wp-json\/wp\/v2\/product"}],"about":[{"href":"https:\/\/www.oudadl.testontwikkeling.nl\/de\/wp-json\/wp\/v2\/types\/product"}],"replies":[{"embeddable":true,"href":"https:\/\/www.oudadl.testontwikkeling.nl\/de\/wp-json\/wp\/v2\/comments?post=32451"}],"wp:featuredmedia":[{"embeddable":true,"href":"https:\/\/www.oudadl.testontwikkeling.nl\/de\/wp-json\/wp\/v2\/media\/33036"}],"wp:attachment":[{"href":"https:\/\/www.oudadl.testontwikkeling.nl\/de\/wp-json\/wp\/v2\/media?parent=32451"}],"wp:term":[{"taxonomy":"product_brand","embeddable":true,"href":"https:\/\/www.oudadl.testontwikkeling.nl\/de\/wp-json\/wp\/v2\/product_brand?post=32451"},{"taxonomy":"product_cat","embeddable":true,"href":"https:\/\/www.oudadl.testontwikkeling.nl\/de\/wp-json\/wp\/v2\/product_cat?post=32451"},{"taxonomy":"product_tag","embeddable":true,"href":"https:\/\/www.oudadl.testontwikkeling.nl\/de\/wp-json\/wp\/v2\/product_tag?post=32451"}],"curies":[{"name":"wp","href":"https:\/\/api.w.org\/{rel}","templated":true}]}}