{"id":31955,"date":"2022-12-27T20:35:46","date_gmt":"2022-12-27T19:35:46","guid":{"rendered":"https:\/\/www.oudadl.testontwikkeling.nl\/?post_type=product&#038;p=31955"},"modified":"2025-10-22T13:09:24","modified_gmt":"2025-10-22T11:09:24","slug":"strands-kabel-kit-met-1x-dt2-stekker-12v","status":"publish","type":"product","link":"https:\/\/www.oudadl.testontwikkeling.nl\/de\/product\/strands-kabel-kit-met-1x-dt2-stekker-12v\/","title":{"rendered":"Strands Kabelsatz mit 1x DT2 Stecker 12V"},"content":{"rendered":"<p><span style=\"color: #000000;\"><strong>Strands Kabelsatz mit 1x DT2 Stecker, geeignet f\u00fcr 12 Volt.\u00a0<\/strong><\/span><\/p>\n<p><span style=\"color: #000000;\">Sie haben eine Lampe mit DT2-Anschluss gekauft und m\u00f6chten diese mit einem vorverdrahteten Schalter verwenden? Dann ist das Kabelkit Strands mit 1x DT2-Stecker vielleicht genau das Richtige f\u00fcr Sie. Das VDE-Kabel wird mit 3 Metern Kabel geliefert und hat am Ende einen DT2-Stecker. Der volledig wasserdichte Strands Kabelsatz ist mit einem 12V - 40A Relais ausgestattet und daher nur f\u00fcr 12 Volt geeignet. Das bedeutet, dass Sie den Kabelsatz Strands beispielsweise an Ihrem Auto, Anh\u00e4nger, Traktor oder anderen Fahrzeugtypen verwenden k\u00f6nnen. Bitte beachten Sie, dass Sie das Relais auch gegen eine 24-V-Variante austauschen k\u00f6nnen, sodass Sie den Kabelsatz Strands beispielsweise auch f\u00fcr Ihren LKW verwenden k\u00f6nnen.\u00a0 <\/span><\/p>\n<p><span style=\"color: #000000;\">Damit der Strands Kabelsatz mit 1x DT2 Stecker f\u00fcr Ihr Fahrzeug oder Anh\u00e4nger geeignet ist. Wir haben unten eine Reihe von Spezifikationen aufgeschrieben. All dies, um Ihnen klar zu machen, warum dies der Kabelsatz sein k\u00f6nnte, nach dem Sie suchen. Das Anschlusskabel enth\u00e4lt ein 1,5 mm\u00b2 Kabel. Die Kabelst\u00e4rke stellt sicher, dass Sie eine Lampe anschlie\u00dfen k\u00f6nnen, die maximal 145 W verbraucht. Wenn Sie den DT2-Stecker entfernen, k\u00f6nnen Sie maximal 360 W daran anschlie\u00dfen.<\/span><\/p>\n<h5><span style=\"color: #000000;\"><strong>Andere Kabel:\u00a0<\/strong><\/span><\/h5>\n<p><span style=\"color: #000000;\">Suchen Sie ein Verbindungskabel der Marke Strands? Aber ist das Kabelset mit 1x DT2-Stecker nicht das, was Sie suchen? Dann sehen Sie sich hier die anderen Kabel an, die Strands anbietet:\u00a0<\/span><\/p>\n<ul>\n<li><span style=\"color: #000000;\"><a style=\"color: #000000;\" href=\"https:\/\/www.oudadl.testontwikkeling.nl\/de\/produkt\/strands-kabel-kit-met-2x-dt2-stekker-12v\/\"><strong>Kabel kit mit 2* DT Stecker<\/strong><\/a><\/span><\/li>\n<li><span style=\"color: #000000;\"><a style=\"color: #000000;\" href=\"https:\/\/www.oudadl.testontwikkeling.nl\/de\/produkt\/strands-dt2-splitter-kabel\/\"><strong>DT2 Splitterkabel<\/strong><\/a><\/span><\/li>\n<\/ul>\n<p><span style=\"color: #000000;\">Sind Sie immer noch der Meinung, dass der Kabelsatz Strands mit 1x DT 2 Stecker nicht das ist, was Sie suchen? Einfach weil Ihnen Stecker, Spannung oder Kabell\u00e4nge nicht gefallen? Schauen Sie sich unbedingt auf unserer Seite um <a style=\"color: #000000;\" href=\"https:\/\/www.oudadl.testontwikkeling.nl\/de\/produkt-kategorie\/andere-produkte\/fittingen-en-kabels\/\">Beschl\u00e4ge und Kabel<\/a>\u2020 Vielleicht finden Sie hier die Armatur oder das Kabel, die Sie suchen.\u00a0<\/span><\/p>","protected":false},"excerpt":{"rendered":"<p>Strands kabel kit met 1x DT2 stekker, geschikt voor 12 volt.\u00a0 Heeft u een lamp gekocht met een DT2 aansluiting en wilt u deze middels een voor bekabelde schakelaar gebruiken? Dan is de Strands kabel kit met 1x DT2 stekker wellicht de kit waarnaar u opzoek bent. De VDE kabel is voorzien van 3 meter [&hellip;]<\/p>\n","protected":false},"featured_media":33097,"comment_status":"open","ping_status":"closed","template":"","meta":{"_acf_changed":false,"site-sidebar-layout":"default","site-content-layout":"default","ast-site-content-layout":"default","site-content-style":"default","site-sidebar-style":"default","ast-global-header-display":"","ast-banner-title-visibility":"","ast-main-header-display":"","ast-hfb-above-header-display":"","ast-hfb-below-header-display":"","ast-hfb-mobile-header-display":"","site-post-title":"","ast-breadcrumbs-content":"","ast-featured-img":"","footer-sml-layout":"","ast-disable-related-posts":"","theme-transparent-header-meta":"default","adv-header-id-meta":"","stick-header-meta":"","header-above-stick-meta":"","header-main-stick-meta":"","header-below-stick-meta":"","astra-migrate-meta-layouts":"set","ast-page-background-enabled":"default","ast-page-background-meta":{"desktop":{"background-color":"","background-image":"","background-repeat":"repeat","background-position":"center center","background-size":"auto","background-attachment":"scroll","background-type":"","background-media":"","overlay-type":"","overlay-color":"","overlay-opacity":"","overlay-gradient":""},"tablet":{"background-color":"","background-image":"","background-repeat":"repeat","background-position":"center center","background-size":"auto","background-attachment":"scroll","background-type":"","background-media":"","overlay-type":"","overlay-color":"","overlay-opacity":"","overlay-gradient":""},"mobile":{"background-color":"","background-image":"","background-repeat":"repeat","background-position":"center center","background-size":"auto","background-attachment":"scroll","background-type":"","background-media":"","overlay-type":"","overlay-color":"","overlay-opacity":"","overlay-gradient":""}},"ast-content-background-meta":{"desktop":{"background-color":"var(--ast-global-color-5)","background-image":"","background-repeat":"repeat","background-position":"center center","background-size":"auto","background-attachment":"scroll","background-type":"","background-media":"","overlay-type":"","overlay-color":"","overlay-opacity":"","overlay-gradient":""},"tablet":{"background-color":"var(--ast-global-color-5)","background-image":"","background-repeat":"repeat","background-position":"center center","background-size":"auto","background-attachment":"scroll","background-type":"","background-media":"","overlay-type":"","overlay-color":"","overlay-opacity":"","overlay-gradient":""},"mobile":{"background-color":"var(--ast-global-color-5)","background-image":"","background-repeat":"repeat","background-position":"center center","background-size":"auto","background-attachment":"scroll","background-type":"","background-media":"","overlay-type":"","overlay-color":"","overlay-opacity":"","overlay-gradient":""}}},"product_brand":[],"product_cat":[384,8152],"product_tag":[2427],"class_list":{"0":"post-31955","1":"product","2":"type-product","3":"status-publish","4":"has-post-thumbnail","6":"product_cat-fittingen-en-kabels","7":"product_cat-werklamp-toebehoren","8":"product_tag-strands-lighting-division","9":"pa_merkk-product-strands-lighting-division","10":"desktop-align-left","11":"tablet-align-left","12":"mobile-align-left","14":"first","15":"instock","16":"taxable","17":"shipping-taxable","18":"purchasable","19":"product-type-simple"},"acf":[],"yoast_head":"<!-- This site is optimized with the Yoast SEO Premium plugin v25.9 (Yoast SEO v27.6) - https:\/\/yoast.com\/product\/yoast-seo-premium-wordpress\/ -->\n<title>Strands kabel kit 1x DT2 stekker - All Day Led - voor 12 Volt<\/title>\n<meta name=\"description\" content=\"Strands kabel kit 1x DT2 stekker - vrouwelijke aansluiting - met aan\/uit schakelaar - 2 x 1,5MM\u00b2 kabel - voor 12 volt relais - 3 meter kabel\" \/>\n<meta name=\"robots\" content=\"noindex, follow, max-snippet:-1, max-image-preview:large, max-video-preview:-1\" \/>\n<meta property=\"og:locale\" content=\"de_DE\" \/>\n<meta property=\"og:type\" content=\"article\" \/>\n<meta property=\"og:title\" content=\"Strands kabel kit 1x DT2 stekker - All Day Led - voor 12 Volt\" \/>\n<meta property=\"og:description\" content=\"Strands kabel kit 1x DT2 stekker - vrouwelijke aansluiting - met aan\/uit schakelaar - 2 x 1,5MM\u00b2 kabel - voor 12 volt - 3 meter kabel\" \/>\n<meta property=\"og:url\" content=\"https:\/\/www.oudadl.testontwikkeling.nl\/de\/produkt\/strands-kabel-kit-met-1x-dt2-stekker-12v\/\" \/>\n<meta property=\"og:site_name\" content=\"All Day Led\" \/>\n<meta property=\"article:publisher\" content=\"https:\/\/www.facebook.com\/alldayled\/\" \/>\n<meta property=\"article:modified_time\" content=\"2025-10-22T11:09:24+00:00\" \/>\n<meta property=\"og:image\" content=\"https:\/\/www.oudadl.testontwikkeling.nl\/wp-content\/uploads\/2024\/11\/ADL270440.01.png\" \/>\n\t<meta property=\"og:image:width\" content=\"800\" \/>\n\t<meta property=\"og:image:height\" content=\"800\" \/>\n\t<meta property=\"og:image:type\" content=\"image\/png\" \/>\n<meta name=\"twitter:label1\" content=\"Preis\" \/>\n\t<meta name=\"twitter:data1\" content=\"&euro;24,95\" \/>\n\t<meta name=\"twitter:label2\" content=\"Verf\u00fcgbarkeit\" \/>\n\t<meta name=\"twitter:data2\" content=\"Auf Lager\" \/>\n<script type=\"application\/ld+json\" class=\"yoast-schema-graph\">{\"@context\":\"https:\\\/\\\/schema.org\",\"@graph\":[{\"@type\":\"WebPage\",\"@id\":\"https:\\\/\\\/www.oudadl.testontwikkeling.nl\\\/product\\\/strands-kabel-kit-met-1x-dt2-stekker-12v\\\/\",\"url\":\"https:\\\/\\\/www.oudadl.testontwikkeling.nl\\\/product\\\/strands-kabel-kit-met-1x-dt2-stekker-12v\\\/\",\"name\":\"Strands kabel kit 1x DT2 stekker - All Day Led - voor 12 Volt\",\"isPartOf\":{\"@id\":\"https:\\\/\\\/www.oudadl.testontwikkeling.nl\\\/#website\"},\"primaryImageOfPage\":{\"@id\":\"https:\\\/\\\/www.oudadl.testontwikkeling.nl\\\/product\\\/strands-kabel-kit-met-1x-dt2-stekker-12v\\\/#primaryimage\"},\"image\":{\"@id\":\"https:\\\/\\\/www.oudadl.testontwikkeling.nl\\\/product\\\/strands-kabel-kit-met-1x-dt2-stekker-12v\\\/#primaryimage\"},\"thumbnailUrl\":\"https:\\\/\\\/www.oudadl.testontwikkeling.nl\\\/wp-content\\\/uploads\\\/2022\\\/12\\\/ADL70440.png\",\"datePublished\":\"2022-12-27T19:35:46+00:00\",\"dateModified\":\"2025-10-22T11:09:24+00:00\",\"description\":\"Strands kabel kit 1x DT2 stekker - vrouwelijke aansluiting - met aan\\\/uit schakelaar - 2 x 1,5MM\u00b2 kabel - voor 12 volt relais - 3 meter kabel\",\"breadcrumb\":{\"@id\":\"https:\\\/\\\/www.oudadl.testontwikkeling.nl\\\/product\\\/strands-kabel-kit-met-1x-dt2-stekker-12v\\\/#breadcrumb\"},\"inLanguage\":\"de\",\"potentialAction\":[{\"@type\":\"ReadAction\",\"target\":[\"https:\\\/\\\/www.oudadl.testontwikkeling.nl\\\/product\\\/strands-kabel-kit-met-1x-dt2-stekker-12v\\\/\"]}]},{\"@type\":\"ImageObject\",\"inLanguage\":\"de\",\"@id\":\"https:\\\/\\\/www.oudadl.testontwikkeling.nl\\\/product\\\/strands-kabel-kit-met-1x-dt2-stekker-12v\\\/#primaryimage\",\"url\":\"https:\\\/\\\/www.oudadl.testontwikkeling.nl\\\/wp-content\\\/uploads\\\/2022\\\/12\\\/ADL70440.png\",\"contentUrl\":\"https:\\\/\\\/www.oudadl.testontwikkeling.nl\\\/wp-content\\\/uploads\\\/2022\\\/12\\\/ADL70440.png\",\"width\":800,\"height\":600,\"caption\":\"Strands kabel kit met 1x DT2 stekker - met 12V relais voor 40 Amp\u00e8re- EAN: 7323030180089\"},{\"@type\":\"BreadcrumbList\",\"@id\":\"https:\\\/\\\/www.oudadl.testontwikkeling.nl\\\/product\\\/strands-kabel-kit-met-1x-dt2-stekker-12v\\\/#breadcrumb\",\"itemListElement\":[{\"@type\":\"ListItem\",\"position\":1,\"name\":\"Home\",\"item\":\"https:\\\/\\\/www.oudadl.testontwikkeling.nl\\\/\"},{\"@type\":\"ListItem\",\"position\":2,\"name\":\"Shop\",\"item\":\"https:\\\/\\\/www.oudadl.testontwikkeling.nl\\\/de\\\/shop\\\/\"},{\"@type\":\"ListItem\",\"position\":3,\"name\":\"Overige\",\"item\":\"https:\\\/\\\/www.oudadl.testontwikkeling.nl\\\/product-categorie\\\/overige-producten\\\/\"},{\"@type\":\"ListItem\",\"position\":4,\"name\":\"Fittingen en kabels\",\"item\":\"https:\\\/\\\/www.oudadl.testontwikkeling.nl\\\/product-categorie\\\/overige-producten\\\/fittingen-en-kabels\\\/\"},{\"@type\":\"ListItem\",\"position\":5,\"name\":\"Strands kabel kit met 1x DT2 stekker 12V\"}]},{\"@type\":\"WebSite\",\"@id\":\"https:\\\/\\\/www.oudadl.testontwikkeling.nl\\\/#website\",\"url\":\"https:\\\/\\\/www.oudadl.testontwikkeling.nl\\\/\",\"name\":\"All Day Led\",\"description\":\"\",\"publisher\":{\"@id\":\"https:\\\/\\\/www.oudadl.testontwikkeling.nl\\\/#organization\"},\"potentialAction\":[{\"@type\":\"SearchAction\",\"target\":{\"@type\":\"EntryPoint\",\"urlTemplate\":\"https:\\\/\\\/www.oudadl.testontwikkeling.nl\\\/?s={search_term_string}\"},\"query-input\":{\"@type\":\"PropertyValueSpecification\",\"valueRequired\":true,\"valueName\":\"search_term_string\"}}],\"inLanguage\":\"de\"},{\"@type\":\"Organization\",\"@id\":\"https:\\\/\\\/www.oudadl.testontwikkeling.nl\\\/#organization\",\"name\":\"All Day Led\",\"url\":\"https:\\\/\\\/www.oudadl.testontwikkeling.nl\\\/\",\"logo\":{\"@type\":\"ImageObject\",\"inLanguage\":\"de\",\"@id\":\"https:\\\/\\\/www.oudadl.testontwikkeling.nl\\\/#\\\/schema\\\/logo\\\/image\\\/\",\"url\":\"https:\\\/\\\/www.oudadl.testontwikkeling.nl\\\/wp-content\\\/uploads\\\/2022\\\/08\\\/Logo-ALL-DAY-LED-800x800-zwart-witte-letters.png\",\"contentUrl\":\"https:\\\/\\\/www.oudadl.testontwikkeling.nl\\\/wp-content\\\/uploads\\\/2022\\\/08\\\/Logo-ALL-DAY-LED-800x800-zwart-witte-letters.png\",\"width\":800,\"height\":800,\"caption\":\"All Day Led\"},\"image\":{\"@id\":\"https:\\\/\\\/www.oudadl.testontwikkeling.nl\\\/#\\\/schema\\\/logo\\\/image\\\/\"},\"sameAs\":[\"https:\\\/\\\/www.facebook.com\\\/alldayled\\\/\",\"https:\\\/\\\/www.instagram.com\\\/alldayled\\\/\"],\"vatID\":\"NL863960133B01\",\"taxID\":\"86416545\",\"hasMerchantReturnPolicy\":{\"@type\":\"MerchantReturnPolicy\",\"merchantReturnLink\":\"https:\\\/\\\/www.oudadl.testontwikkeling.nl\\\/de\\\/verzenden-retourneren\\\/\"}}]}<\/script>\n<meta property=\"product:brand\" content=\"Strands\" \/>\n<meta property=\"product:price:amount\" content=\"24.95\" \/>\n<meta property=\"product:price:currency\" content=\"EUR\" \/>\n<meta property=\"og:availability\" content=\"instock\" \/>\n<meta property=\"product:availability\" content=\"instock\" \/>\n<meta property=\"product:retailer_item_id\" content=\"ADL270440\" \/>\n<meta property=\"product:condition\" content=\"new\" \/>\n<!-- \/ Yoast SEO Premium plugin. -->","yoast_head_json":{"title":"Strands Kabelsatz 1x DT2 Stecker - All Day Led - f\u00fcr 12 Volt","description":"Strands Kabelsatz 1x DT2 Stecker - Buchse - mit Ein-\/Ausschalter - 2 x 1,5MM\u00b2 Kabel - f\u00fcr 12 Volt Relais - 3 Meter Kabel","robots":{"index":"noindex","follow":"follow","max-snippet":"max-snippet:-1","max-image-preview":"max-image-preview:large","max-video-preview":"max-video-preview:-1"},"og_locale":"de_DE","og_type":"article","og_title":"Strands kabel kit 1x DT2 stekker - All Day Led - voor 12 Volt","og_description":"Strands kabel kit 1x DT2 stekker - vrouwelijke aansluiting - met aan\/uit schakelaar - 2 x 1,5MM\u00b2 kabel - voor 12 volt - 3 meter kabel","og_url":"https:\/\/www.oudadl.testontwikkeling.nl\/de\/produkt\/strands-kabel-kit-met-1x-dt2-stekker-12v\/","og_site_name":"All Day Led","article_publisher":"https:\/\/www.facebook.com\/alldayled\/","article_modified_time":"2025-10-22T11:09:24+00:00","og_image":[{"width":800,"height":800,"url":"https:\/\/www.oudadl.testontwikkeling.nl\/wp-content\/uploads\/2024\/11\/ADL270440.01.png","type":"image\/png"}],"twitter_misc":{"Preis":"&euro;24,95","Verf\u00fcgbarkeit":"Auf Lager"},"schema":{"@context":"https:\/\/schema.org","@graph":[{"@type":"WebPage","@id":"https:\/\/www.oudadl.testontwikkeling.nl\/product\/strands-kabel-kit-met-1x-dt2-stekker-12v\/","url":"https:\/\/www.oudadl.testontwikkeling.nl\/product\/strands-kabel-kit-met-1x-dt2-stekker-12v\/","name":"Strands Kabelsatz 1x DT2 Stecker - All Day Led - f\u00fcr 12 Volt","isPartOf":{"@id":"https:\/\/www.oudadl.testontwikkeling.nl\/#website"},"primaryImageOfPage":{"@id":"https:\/\/www.oudadl.testontwikkeling.nl\/product\/strands-kabel-kit-met-1x-dt2-stekker-12v\/#primaryimage"},"image":{"@id":"https:\/\/www.oudadl.testontwikkeling.nl\/product\/strands-kabel-kit-met-1x-dt2-stekker-12v\/#primaryimage"},"thumbnailUrl":"https:\/\/www.oudadl.testontwikkeling.nl\/wp-content\/uploads\/2022\/12\/ADL70440.png","datePublished":"2022-12-27T19:35:46+00:00","dateModified":"2025-10-22T11:09:24+00:00","description":"Strands Kabelsatz 1x DT2 Stecker - Buchse - mit Ein-\/Ausschalter - 2 x 1,5MM\u00b2 Kabel - f\u00fcr 12 Volt Relais - 3 Meter Kabel","breadcrumb":{"@id":"https:\/\/www.oudadl.testontwikkeling.nl\/product\/strands-kabel-kit-met-1x-dt2-stekker-12v\/#breadcrumb"},"inLanguage":"de","potentialAction":[{"@type":"ReadAction","target":["https:\/\/www.oudadl.testontwikkeling.nl\/product\/strands-kabel-kit-met-1x-dt2-stekker-12v\/"]}]},{"@type":"ImageObject","inLanguage":"de","@id":"https:\/\/www.oudadl.testontwikkeling.nl\/product\/strands-kabel-kit-met-1x-dt2-stekker-12v\/#primaryimage","url":"https:\/\/www.oudadl.testontwikkeling.nl\/wp-content\/uploads\/2022\/12\/ADL70440.png","contentUrl":"https:\/\/www.oudadl.testontwikkeling.nl\/wp-content\/uploads\/2022\/12\/ADL70440.png","width":800,"height":600,"caption":"Strands kabel kit met 1x DT2 stekker - met 12V relais voor 40 Amp\u00e8re- EAN: 7323030180089"},{"@type":"BreadcrumbList","@id":"https:\/\/www.oudadl.testontwikkeling.nl\/product\/strands-kabel-kit-met-1x-dt2-stekker-12v\/#breadcrumb","itemListElement":[{"@type":"ListItem","position":1,"name":"Home","item":"https:\/\/www.oudadl.testontwikkeling.nl\/"},{"@type":"ListItem","position":2,"name":"Shop","item":"https:\/\/www.oudadl.testontwikkeling.nl\/de\/shop\/"},{"@type":"ListItem","position":3,"name":"Overige","item":"https:\/\/www.oudadl.testontwikkeling.nl\/product-categorie\/overige-producten\/"},{"@type":"ListItem","position":4,"name":"Fittingen en kabels","item":"https:\/\/www.oudadl.testontwikkeling.nl\/product-categorie\/overige-producten\/fittingen-en-kabels\/"},{"@type":"ListItem","position":5,"name":"Strands kabel kit met 1x DT2 stekker 12V"}]},{"@type":"WebSite","@id":"https:\/\/www.oudadl.testontwikkeling.nl\/#website","url":"https:\/\/www.oudadl.testontwikkeling.nl\/","name":"All Day Led","description":"","publisher":{"@id":"https:\/\/www.oudadl.testontwikkeling.nl\/#organization"},"potentialAction":[{"@type":"SearchAction","target":{"@type":"EntryPoint","urlTemplate":"https:\/\/www.oudadl.testontwikkeling.nl\/?s={search_term_string}"},"query-input":{"@type":"PropertyValueSpecification","valueRequired":true,"valueName":"search_term_string"}}],"inLanguage":"de"},{"@type":"Organization","@id":"https:\/\/www.oudadl.testontwikkeling.nl\/#organization","name":"All Day Led","url":"https:\/\/www.oudadl.testontwikkeling.nl\/","logo":{"@type":"ImageObject","inLanguage":"de","@id":"https:\/\/www.oudadl.testontwikkeling.nl\/#\/schema\/logo\/image\/","url":"https:\/\/www.oudadl.testontwikkeling.nl\/wp-content\/uploads\/2022\/08\/Logo-ALL-DAY-LED-800x800-zwart-witte-letters.png","contentUrl":"https:\/\/www.oudadl.testontwikkeling.nl\/wp-content\/uploads\/2022\/08\/Logo-ALL-DAY-LED-800x800-zwart-witte-letters.png","width":800,"height":800,"caption":"All Day Led"},"image":{"@id":"https:\/\/www.oudadl.testontwikkeling.nl\/#\/schema\/logo\/image\/"},"sameAs":["https:\/\/www.facebook.com\/alldayled\/","https:\/\/www.instagram.com\/alldayled\/"],"vatID":"NL863960133B01","taxID":"86416545","hasMerchantReturnPolicy":{"@type":"MerchantReturnPolicy","merchantReturnLink":"https:\/\/www.oudadl.testontwikkeling.nl\/de\/verzenden-retourneren\/"}}]},"product_brand":"Strands","product_price_amount":"24.95","product_price_currency":"EUR","og_availability":"instock","product_availability":"instock","product_retailer_item_id":"ADL270440","product_condition":"new"},"_links":{"self":[{"href":"https:\/\/www.oudadl.testontwikkeling.nl\/de\/wp-json\/wp\/v2\/product\/31955","targetHints":{"allow":["GET"]}}],"collection":[{"href":"https:\/\/www.oudadl.testontwikkeling.nl\/de\/wp-json\/wp\/v2\/product"}],"about":[{"href":"https:\/\/www.oudadl.testontwikkeling.nl\/de\/wp-json\/wp\/v2\/types\/product"}],"replies":[{"embeddable":true,"href":"https:\/\/www.oudadl.testontwikkeling.nl\/de\/wp-json\/wp\/v2\/comments?post=31955"}],"wp:featuredmedia":[{"embeddable":true,"href":"https:\/\/www.oudadl.testontwikkeling.nl\/de\/wp-json\/wp\/v2\/media\/33097"}],"wp:attachment":[{"href":"https:\/\/www.oudadl.testontwikkeling.nl\/de\/wp-json\/wp\/v2\/media?parent=31955"}],"wp:term":[{"taxonomy":"product_brand","embeddable":true,"href":"https:\/\/www.oudadl.testontwikkeling.nl\/de\/wp-json\/wp\/v2\/product_brand?post=31955"},{"taxonomy":"product_cat","embeddable":true,"href":"https:\/\/www.oudadl.testontwikkeling.nl\/de\/wp-json\/wp\/v2\/product_cat?post=31955"},{"taxonomy":"product_tag","embeddable":true,"href":"https:\/\/www.oudadl.testontwikkeling.nl\/de\/wp-json\/wp\/v2\/product_tag?post=31955"}],"curies":[{"name":"wp","href":"https:\/\/api.w.org\/{rel}","templated":true}]}}