{"id":30405,"date":"2022-11-17T11:50:38","date_gmt":"2022-11-17T10:50:38","guid":{"rendered":"https:\/\/www.oudadl.testontwikkeling.nl\/?post_type=product&#038;p=30405"},"modified":"2025-11-28T10:39:39","modified_gmt":"2025-11-28T09:39:39","slug":"strands-led-werklamp-18w","status":"publish","type":"product","link":"https:\/\/www.oudadl.testontwikkeling.nl\/de\/product\/strands-led-werklamp-18w\/","title":{"rendered":"Strands LED Arbeitsscheinwerfer 18W"},"content":{"rendered":"<p><span style=\"color: #000000;\"><strong>Strands LED Arbeitsscheinwerfer 18w, f\u00fcr 12 und 24 Volt.<\/strong><\/span><\/p>\n<p><span style=\"color: #000000;\">Suchen Sie eine hochwertige Arbeitslampe LED, die ausreichend Licht spendet? Dann ist die Arbeitslampe LED der Marke Strands m\u00f6glicherweise die Lampe, nach der Sie suchen. Die LED Lampe ist mit insgesamt 6 LED best\u00fcckt und hat eine Lichtleistung von nicht weniger als 1080 Lumen! So sind Sie sowohl tags\u00fcber als auch abends gut sichtbar. Die Arbeitslampe Strands LED 18w kann mit 12 und 24 Volt verwendet werden. Dies bedeutet, dass Sie die Arbeitslampe LED beispielsweise an Ihrem Auto, LKW, Traktor, Wohnmobil oder anderen Fahrzeugtypen verwenden k\u00f6nnen.\u00a0<\/span><\/p>\n<p><span style=\"color: #000000;\">Um sicherzustellen, dass der Strands LED Arbeitsscheinwerfer 18W f\u00fcr Ihr Fahrzeug oder Ihren Anh\u00e4nger geeignet ist. Wir haben unten eine Reihe von Spezifikationen aufgeschrieben. All dies, um Ihnen klar zu machen, warum dies der LED-Arbeitsscheinwerfer sein k\u00f6nnte, nach dem Sie suchen. So hat beispielsweise der Arbeitsscheinwerfer LED das G\u00fctezeichen ECE R10 und IP67. Diese Qualit\u00e4tszeichen weisen darauf hin, dass die LED-Lampe w\u00e4hrend der Aktivierung keine Signalst\u00f6rungen verursacht und dass sie volledig staub- und wasserdicht ist. Zu allem \u00dcberfluss wird der Arbeitsscheinwerfer LED mit Befestigungsmaterial aus Edelstahl und einem 30 Zentimeter langen Anschlusskabel geliefert.<\/span><\/p>\n<h5><span style=\"color: #000000;\"><strong>Abmessungen:<\/strong><\/span><\/h5>\n<p><span style=\"color: #000000;\">Damit Sie die LED-Lampe \u00fcberall montieren k\u00f6nnen, haben wir die Abmessungen unten aufgef\u00fchrt. Die Abmessungen des LED Arbeitsscheinwerfers 18w der Marke Strands sind wie folgt:<\/span><\/p>\n<ul>\n<li><span style=\"color: #000000;\">H\u00f6he: 49 mm (71 mm inkl. Halterung)<\/span><\/li>\n<li><span style=\"color: #000000;\">Breite: 160 mm<\/span><\/li>\n<li><span style=\"color: #000000;\">Tiefe: 58 mm<\/span><\/li>\n<\/ul>\n<h5><span style=\"color: #000000;\"><strong>Andere Versionen:\u00a0<\/strong><\/span><\/h5>\n<p><span style=\"color: #000000;\">M\u00f6chten Sie eine LED Arbeitslampe der Marke Strands? Aber ist der ovale Arbeitsscheinwerfer Strands LED 18w nicht das Modell, das Sie suchen? Dann wissen Sie, dass die Arbeitslampe LED von Strands auch in verschiedenen anderen Versionen erh\u00e4ltlich ist. Sehen Sie sich unten die verschiedenen Optionen an, die Strands bietet.\u00a0<\/span><\/p>\n<ul>\n<li><span style=\"color: #000000;\"><a style=\"color: #000000;\" href=\"https:\/\/www.oudadl.testontwikkeling.nl\/de\/produkt\/strands-led-werklamp-12w\/\"><strong>Strands LED Arbeitsscheinwerfer 12w\u00a0<\/strong><\/a><\/span><\/li>\n<li><span style=\"color: #000000;\"><a style=\"color: #000000;\" href=\"https:\/\/www.oudadl.testontwikkeling.nl\/de\/produkt\/strands-led-werklamp-15w\/\"><strong>Strands LED Arbeitsscheinwerfer 15w\u00a0<\/strong><\/a><\/span><\/li>\n<li><span style=\"color: #000000;\"><a style=\"color: #000000;\" href=\"https:\/\/www.oudadl.testontwikkeling.nl\/de\/produkt\/strands-led-arbeitsscheinwerfer-25w\/\"><strong>Strands LED Arbeitsscheinwerfer 25W<\/strong><\/a><\/span><\/li>\n<li><span style=\"color: #000000;\"><a style=\"color: #000000;\" href=\"https:\/\/www.oudadl.testontwikkeling.nl\/de\/produkt\/strands-led-arbeitsscheinwerfer-29w\/\"><strong>Strands LED Arbeitsscheinwerfer 29w<\/strong><\/a><\/span><\/li>\n<\/ul>\n<p><span style=\"color: #000000;\">Sind Sie immer noch der Meinung, dass die Arbeitslampe Strands LED 18W nicht das ist, was Sie suchen? Einfach weil die Lichtleistung oder Wattzahl nicht hoch genug oder sogar zu hoch ist? Schauen Sie sich unbedingt auf unserer Seite um <a style=\"color: #000000;\" href=\"https:\/\/www.oudadl.testontwikkeling.nl\/de\/produkt-kategorie\/arbeitsscheinwerfer\/\">Arbeitsscheinwerfer<\/a>. M\u00f6glicherweise finden Sie hier das gesuchte Arbeitsscheinwerfer.\u00a0\u00a0<\/span><\/p>","protected":false},"excerpt":{"rendered":"<p>Strands LED werklamp 18w, voor 12 &amp; 24 volt gebruik. Bent u opzoek naar een goede kwaliteit LED werklamp die voldoende licht geeft? Dan is de LED werklamp van merk Strands wellicht d\u00e9 lamp die u zoekt. De LED lamp is voorzien van totaal 6 LED\u2019s en heeft een lichtopbrengst van maar liefst 1080 Lumen! [&hellip;]<\/p>\n","protected":false},"featured_media":30426,"comment_status":"open","ping_status":"closed","template":"","meta":{"_acf_changed":false,"site-sidebar-layout":"default","site-content-layout":"default","ast-site-content-layout":"default","site-content-style":"default","site-sidebar-style":"default","ast-global-header-display":"","ast-banner-title-visibility":"","ast-main-header-display":"","ast-hfb-above-header-display":"","ast-hfb-below-header-display":"","ast-hfb-mobile-header-display":"","site-post-title":"","ast-breadcrumbs-content":"","ast-featured-img":"","footer-sml-layout":"","ast-disable-related-posts":"","theme-transparent-header-meta":"default","adv-header-id-meta":"","stick-header-meta":"","header-above-stick-meta":"","header-main-stick-meta":"","header-below-stick-meta":"","astra-migrate-meta-layouts":"set","ast-page-background-enabled":"default","ast-page-background-meta":{"desktop":{"background-color":"","background-image":"","background-repeat":"repeat","background-position":"center center","background-size":"auto","background-attachment":"scroll","background-type":"","background-media":"","overlay-type":"","overlay-color":"","overlay-opacity":"","overlay-gradient":""},"tablet":{"background-color":"","background-image":"","background-repeat":"repeat","background-position":"center center","background-size":"auto","background-attachment":"scroll","background-type":"","background-media":"","overlay-type":"","overlay-color":"","overlay-opacity":"","overlay-gradient":""},"mobile":{"background-color":"","background-image":"","background-repeat":"repeat","background-position":"center center","background-size":"auto","background-attachment":"scroll","background-type":"","background-media":"","overlay-type":"","overlay-color":"","overlay-opacity":"","overlay-gradient":""}},"ast-content-background-meta":{"desktop":{"background-color":"var(--ast-global-color-5)","background-image":"","background-repeat":"repeat","background-position":"center center","background-size":"auto","background-attachment":"scroll","background-type":"","background-media":"","overlay-type":"","overlay-color":"","overlay-opacity":"","overlay-gradient":""},"tablet":{"background-color":"var(--ast-global-color-5)","background-image":"","background-repeat":"repeat","background-position":"center center","background-size":"auto","background-attachment":"scroll","background-type":"","background-media":"","overlay-type":"","overlay-color":"","overlay-opacity":"","overlay-gradient":""},"mobile":{"background-color":"var(--ast-global-color-5)","background-image":"","background-repeat":"repeat","background-position":"center center","background-size":"auto","background-attachment":"scroll","background-type":"","background-media":"","overlay-type":"","overlay-color":"","overlay-opacity":"","overlay-gradient":""}}},"product_brand":[],"product_cat":[8151],"product_tag":[373,2426,3787,2427,2419,2421,2422,2423,2420,2418],"class_list":{"0":"post-30405","1":"product","2":"type-product","3":"status-publish","4":"has-post-thumbnail","6":"product_cat-werklamp-overig","7":"product_tag-led-werklamp","8":"product_tag-strands-led-verlichting","9":"product_tag-strands-werklamp","10":"product_tag-strands-lighting-division","11":"product_tag-werklamp-aanhanger","12":"product_tag-werklamp-heftruck","13":"product_tag-werklamp-kooiaap","14":"product_tag-werklamp-tractor","15":"product_tag-werklamp-trailer","16":"product_tag-werklamp-vrachtwagen","17":"pa_merkk-product-strands-lighting-division","18":"desktop-align-left","19":"tablet-align-left","20":"mobile-align-left","22":"first","23":"instock","24":"taxable","25":"shipping-taxable","26":"purchasable","27":"product-type-simple"},"acf":[],"yoast_head":"<!-- This site is optimized with the Yoast SEO Premium plugin v25.9 (Yoast SEO v27.6) - https:\/\/yoast.com\/product\/yoast-seo-premium-wordpress\/ -->\n<title>LED werklamp Strands 18w - All Day Led - voor 12&amp;24 volt<\/title>\n<meta name=\"description\" content=\"Strands LED werklamp 18w - IP67 waterproof - radio ontstoord - 1080 Lumen - met 2 jaar volledige garantie - voor auto, vrachtwagen, aanhanger en meer\" \/>\n<meta name=\"robots\" content=\"noindex, follow, max-snippet:-1, max-image-preview:large, max-video-preview:-1\" \/>\n<meta property=\"og:locale\" content=\"de_DE\" \/>\n<meta property=\"og:type\" content=\"article\" \/>\n<meta property=\"og:title\" content=\"LED werklamp Strands 18w - All Day Led - voor 12&amp;24 volt\" \/>\n<meta property=\"og:description\" content=\"Strands LED werklamp 18w - IP67 waterproof - radio ontstoord - 1080 Lumen - met 2 jaar volledige garantie - voor auto, vrachtwagen, aanhanger en meer\" \/>\n<meta property=\"og:url\" content=\"https:\/\/www.oudadl.testontwikkeling.nl\/de\/produkt\/strands-led-werklamp-18w\/\" \/>\n<meta property=\"og:site_name\" content=\"All Day Led\" \/>\n<meta property=\"article:publisher\" content=\"https:\/\/www.facebook.com\/alldayled\/\" \/>\n<meta property=\"article:modified_time\" content=\"2025-11-28T09:39:39+00:00\" \/>\n<meta property=\"og:image\" content=\"https:\/\/www.oudadl.testontwikkeling.nl\/wp-content\/uploads\/2024\/08\/ADL809026.01.png\" \/>\n\t<meta property=\"og:image:width\" content=\"800\" \/>\n\t<meta property=\"og:image:height\" content=\"800\" \/>\n\t<meta property=\"og:image:type\" content=\"image\/png\" \/>\n<meta name=\"twitter:label1\" content=\"Preis\" \/>\n\t<meta name=\"twitter:data1\" content=\"&euro;44,95\" \/>\n\t<meta name=\"twitter:label2\" content=\"Verf\u00fcgbarkeit\" \/>\n\t<meta name=\"twitter:data2\" content=\"Auf Lager\" \/>\n<script type=\"application\/ld+json\" class=\"yoast-schema-graph\">{\"@context\":\"https:\\\/\\\/schema.org\",\"@graph\":[{\"@type\":[\"WebPage\",\"ItemPage\"],\"@id\":\"https:\\\/\\\/www.oudadl.testontwikkeling.nl\\\/product\\\/strands-led-werklamp-18w\\\/\",\"url\":\"https:\\\/\\\/www.oudadl.testontwikkeling.nl\\\/product\\\/strands-led-werklamp-18w\\\/\",\"name\":\"LED werklamp Strands 18w - All Day Led - voor 12&24 volt\",\"isPartOf\":{\"@id\":\"https:\\\/\\\/www.oudadl.testontwikkeling.nl\\\/#website\"},\"primaryImageOfPage\":{\"@id\":\"https:\\\/\\\/www.oudadl.testontwikkeling.nl\\\/product\\\/strands-led-werklamp-18w\\\/#primaryimage\"},\"image\":{\"@id\":\"https:\\\/\\\/www.oudadl.testontwikkeling.nl\\\/product\\\/strands-led-werklamp-18w\\\/#primaryimage\"},\"thumbnailUrl\":\"https:\\\/\\\/www.oudadl.testontwikkeling.nl\\\/wp-content\\\/uploads\\\/2022\\\/11\\\/ADL89026..png\",\"datePublished\":\"2022-11-17T10:50:38+00:00\",\"dateModified\":\"2025-11-28T09:39:39+00:00\",\"description\":\"Strands LED werklamp 18w - IP67 waterproof - radio ontstoord - 1080 Lumen - met 2 jaar volledige garantie - voor auto, vrachtwagen, aanhanger en meer\",\"breadcrumb\":{\"@id\":\"https:\\\/\\\/www.oudadl.testontwikkeling.nl\\\/product\\\/strands-led-werklamp-18w\\\/#breadcrumb\"},\"inLanguage\":\"de\",\"potentialAction\":[{\"@type\":\"ReadAction\",\"target\":[\"https:\\\/\\\/www.oudadl.testontwikkeling.nl\\\/product\\\/strands-led-werklamp-18w\\\/\"]}]},{\"@type\":\"ImageObject\",\"inLanguage\":\"de\",\"@id\":\"https:\\\/\\\/www.oudadl.testontwikkeling.nl\\\/product\\\/strands-led-werklamp-18w\\\/#primaryimage\",\"url\":\"https:\\\/\\\/www.oudadl.testontwikkeling.nl\\\/wp-content\\\/uploads\\\/2022\\\/11\\\/ADL89026..png\",\"contentUrl\":\"https:\\\/\\\/www.oudadl.testontwikkeling.nl\\\/wp-content\\\/uploads\\\/2022\\\/11\\\/ADL89026..png\",\"width\":800,\"height\":600,\"caption\":\"Strands LED werklamp 18w - geschikt voor 12&24 volt gebruik - eenvoudige montage - dagrijverlichting - LED werklamp met RVS beugel - EAN: 7323030000370\"},{\"@type\":\"BreadcrumbList\",\"@id\":\"https:\\\/\\\/www.oudadl.testontwikkeling.nl\\\/product\\\/strands-led-werklamp-18w\\\/#breadcrumb\",\"itemListElement\":[{\"@type\":\"ListItem\",\"position\":1,\"name\":\"Home\",\"item\":\"https:\\\/\\\/www.oudadl.testontwikkeling.nl\\\/\"},{\"@type\":\"ListItem\",\"position\":2,\"name\":\"Shop\",\"item\":\"https:\\\/\\\/www.oudadl.testontwikkeling.nl\\\/de\\\/shop\\\/\"},{\"@type\":\"ListItem\",\"position\":3,\"name\":\"Werklampen\",\"item\":\"https:\\\/\\\/www.oudadl.testontwikkeling.nl\\\/product-categorie\\\/werklampen\\\/\"},{\"@type\":\"ListItem\",\"position\":4,\"name\":\"Werklamp overig\",\"item\":\"https:\\\/\\\/www.oudadl.testontwikkeling.nl\\\/product-categorie\\\/werklampen\\\/werklamp-overig\\\/\"},{\"@type\":\"ListItem\",\"position\":5,\"name\":\"Strands LED werklamp 18W\"}]},{\"@type\":\"WebSite\",\"@id\":\"https:\\\/\\\/www.oudadl.testontwikkeling.nl\\\/#website\",\"url\":\"https:\\\/\\\/www.oudadl.testontwikkeling.nl\\\/\",\"name\":\"All Day Led\",\"description\":\"\",\"publisher\":{\"@id\":\"https:\\\/\\\/www.oudadl.testontwikkeling.nl\\\/#organization\"},\"potentialAction\":[{\"@type\":\"SearchAction\",\"target\":{\"@type\":\"EntryPoint\",\"urlTemplate\":\"https:\\\/\\\/www.oudadl.testontwikkeling.nl\\\/?s={search_term_string}\"},\"query-input\":{\"@type\":\"PropertyValueSpecification\",\"valueRequired\":true,\"valueName\":\"search_term_string\"}}],\"inLanguage\":\"de\"},{\"@type\":\"Organization\",\"@id\":\"https:\\\/\\\/www.oudadl.testontwikkeling.nl\\\/#organization\",\"name\":\"All Day Led\",\"url\":\"https:\\\/\\\/www.oudadl.testontwikkeling.nl\\\/\",\"logo\":{\"@type\":\"ImageObject\",\"inLanguage\":\"de\",\"@id\":\"https:\\\/\\\/www.oudadl.testontwikkeling.nl\\\/#\\\/schema\\\/logo\\\/image\\\/\",\"url\":\"https:\\\/\\\/www.oudadl.testontwikkeling.nl\\\/wp-content\\\/uploads\\\/2022\\\/08\\\/Logo-ALL-DAY-LED-800x800-zwart-witte-letters.png\",\"contentUrl\":\"https:\\\/\\\/www.oudadl.testontwikkeling.nl\\\/wp-content\\\/uploads\\\/2022\\\/08\\\/Logo-ALL-DAY-LED-800x800-zwart-witte-letters.png\",\"width\":800,\"height\":800,\"caption\":\"All Day Led\"},\"image\":{\"@id\":\"https:\\\/\\\/www.oudadl.testontwikkeling.nl\\\/#\\\/schema\\\/logo\\\/image\\\/\"},\"sameAs\":[\"https:\\\/\\\/www.facebook.com\\\/alldayled\\\/\",\"https:\\\/\\\/www.instagram.com\\\/alldayled\\\/\"],\"vatID\":\"NL863960133B01\",\"taxID\":\"86416545\",\"hasMerchantReturnPolicy\":{\"@type\":\"MerchantReturnPolicy\",\"merchantReturnLink\":\"https:\\\/\\\/www.oudadl.testontwikkeling.nl\\\/de\\\/verzenden-retourneren\\\/\"}}]}<\/script>\n<meta property=\"product:brand\" content=\"Strands\" \/>\n<meta property=\"product:price:amount\" content=\"44.95\" \/>\n<meta property=\"product:price:currency\" content=\"EUR\" \/>\n<meta property=\"og:availability\" content=\"instock\" \/>\n<meta property=\"product:availability\" content=\"instock\" \/>\n<meta property=\"product:retailer_item_id\" content=\"ADL809026\" \/>\n<meta property=\"product:condition\" content=\"new\" \/>\n<!-- \/ Yoast SEO Premium plugin. -->","yoast_head_json":{"title":"LED Arbeitsscheinwerfer Strands 18W - All Day Led - f\u00fcr 12&amp;24 volt","description":"Strands LED Arbeitslampe 18W - IP67 wasserdicht - Funkentst\u00f6rt - 1080 Lumen - mit 2 Jahren volledige Garantie - f\u00fcr PKW, LKW, Anh\u00e4nger und mehr","robots":{"index":"noindex","follow":"follow","max-snippet":"max-snippet:-1","max-image-preview":"max-image-preview:large","max-video-preview":"max-video-preview:-1"},"og_locale":"de_DE","og_type":"article","og_title":"LED werklamp Strands 18w - All Day Led - voor 12&24 volt","og_description":"Strands LED werklamp 18w - IP67 waterproof - radio ontstoord - 1080 Lumen - met 2 jaar volledige garantie - voor auto, vrachtwagen, aanhanger en meer","og_url":"https:\/\/www.oudadl.testontwikkeling.nl\/de\/produkt\/strands-led-werklamp-18w\/","og_site_name":"All Day Led","article_publisher":"https:\/\/www.facebook.com\/alldayled\/","article_modified_time":"2025-11-28T09:39:39+00:00","og_image":[{"width":800,"height":800,"url":"https:\/\/www.oudadl.testontwikkeling.nl\/wp-content\/uploads\/2024\/08\/ADL809026.01.png","type":"image\/png"}],"twitter_misc":{"Preis":"&euro;44,95","Verf\u00fcgbarkeit":"Auf Lager"},"schema":{"@context":"https:\/\/schema.org","@graph":[{"@type":["WebPage","ItemPage"],"@id":"https:\/\/www.oudadl.testontwikkeling.nl\/product\/strands-led-werklamp-18w\/","url":"https:\/\/www.oudadl.testontwikkeling.nl\/product\/strands-led-werklamp-18w\/","name":"LED Arbeitsscheinwerfer Strands 18W - All Day Led - f\u00fcr 12&amp;24 volt","isPartOf":{"@id":"https:\/\/www.oudadl.testontwikkeling.nl\/#website"},"primaryImageOfPage":{"@id":"https:\/\/www.oudadl.testontwikkeling.nl\/product\/strands-led-werklamp-18w\/#primaryimage"},"image":{"@id":"https:\/\/www.oudadl.testontwikkeling.nl\/product\/strands-led-werklamp-18w\/#primaryimage"},"thumbnailUrl":"https:\/\/www.oudadl.testontwikkeling.nl\/wp-content\/uploads\/2022\/11\/ADL89026..png","datePublished":"2022-11-17T10:50:38+00:00","dateModified":"2025-11-28T09:39:39+00:00","description":"Strands LED Arbeitslampe 18W - IP67 wasserdicht - Funkentst\u00f6rt - 1080 Lumen - mit 2 Jahren volledige Garantie - f\u00fcr PKW, LKW, Anh\u00e4nger und mehr","breadcrumb":{"@id":"https:\/\/www.oudadl.testontwikkeling.nl\/product\/strands-led-werklamp-18w\/#breadcrumb"},"inLanguage":"de","potentialAction":[{"@type":"ReadAction","target":["https:\/\/www.oudadl.testontwikkeling.nl\/product\/strands-led-werklamp-18w\/"]}]},{"@type":"ImageObject","inLanguage":"de","@id":"https:\/\/www.oudadl.testontwikkeling.nl\/product\/strands-led-werklamp-18w\/#primaryimage","url":"https:\/\/www.oudadl.testontwikkeling.nl\/wp-content\/uploads\/2022\/11\/ADL89026..png","contentUrl":"https:\/\/www.oudadl.testontwikkeling.nl\/wp-content\/uploads\/2022\/11\/ADL89026..png","width":800,"height":600,"caption":"Strands LED werklamp 18w - geschikt voor 12&24 volt gebruik - eenvoudige montage - dagrijverlichting - LED werklamp met RVS beugel - EAN: 7323030000370"},{"@type":"BreadcrumbList","@id":"https:\/\/www.oudadl.testontwikkeling.nl\/product\/strands-led-werklamp-18w\/#breadcrumb","itemListElement":[{"@type":"ListItem","position":1,"name":"Home","item":"https:\/\/www.oudadl.testontwikkeling.nl\/"},{"@type":"ListItem","position":2,"name":"Shop","item":"https:\/\/www.oudadl.testontwikkeling.nl\/de\/shop\/"},{"@type":"ListItem","position":3,"name":"Werklampen","item":"https:\/\/www.oudadl.testontwikkeling.nl\/product-categorie\/werklampen\/"},{"@type":"ListItem","position":4,"name":"Werklamp overig","item":"https:\/\/www.oudadl.testontwikkeling.nl\/product-categorie\/werklampen\/werklamp-overig\/"},{"@type":"ListItem","position":5,"name":"Strands LED werklamp 18W"}]},{"@type":"WebSite","@id":"https:\/\/www.oudadl.testontwikkeling.nl\/#website","url":"https:\/\/www.oudadl.testontwikkeling.nl\/","name":"All Day Led","description":"","publisher":{"@id":"https:\/\/www.oudadl.testontwikkeling.nl\/#organization"},"potentialAction":[{"@type":"SearchAction","target":{"@type":"EntryPoint","urlTemplate":"https:\/\/www.oudadl.testontwikkeling.nl\/?s={search_term_string}"},"query-input":{"@type":"PropertyValueSpecification","valueRequired":true,"valueName":"search_term_string"}}],"inLanguage":"de"},{"@type":"Organization","@id":"https:\/\/www.oudadl.testontwikkeling.nl\/#organization","name":"All Day Led","url":"https:\/\/www.oudadl.testontwikkeling.nl\/","logo":{"@type":"ImageObject","inLanguage":"de","@id":"https:\/\/www.oudadl.testontwikkeling.nl\/#\/schema\/logo\/image\/","url":"https:\/\/www.oudadl.testontwikkeling.nl\/wp-content\/uploads\/2022\/08\/Logo-ALL-DAY-LED-800x800-zwart-witte-letters.png","contentUrl":"https:\/\/www.oudadl.testontwikkeling.nl\/wp-content\/uploads\/2022\/08\/Logo-ALL-DAY-LED-800x800-zwart-witte-letters.png","width":800,"height":800,"caption":"All Day Led"},"image":{"@id":"https:\/\/www.oudadl.testontwikkeling.nl\/#\/schema\/logo\/image\/"},"sameAs":["https:\/\/www.facebook.com\/alldayled\/","https:\/\/www.instagram.com\/alldayled\/"],"vatID":"NL863960133B01","taxID":"86416545","hasMerchantReturnPolicy":{"@type":"MerchantReturnPolicy","merchantReturnLink":"https:\/\/www.oudadl.testontwikkeling.nl\/de\/verzenden-retourneren\/"}}]},"product_brand":"Strands","product_price_amount":"44.95","product_price_currency":"EUR","og_availability":"instock","product_availability":"instock","product_retailer_item_id":"ADL809026","product_condition":"new"},"_links":{"self":[{"href":"https:\/\/www.oudadl.testontwikkeling.nl\/de\/wp-json\/wp\/v2\/product\/30405","targetHints":{"allow":["GET"]}}],"collection":[{"href":"https:\/\/www.oudadl.testontwikkeling.nl\/de\/wp-json\/wp\/v2\/product"}],"about":[{"href":"https:\/\/www.oudadl.testontwikkeling.nl\/de\/wp-json\/wp\/v2\/types\/product"}],"replies":[{"embeddable":true,"href":"https:\/\/www.oudadl.testontwikkeling.nl\/de\/wp-json\/wp\/v2\/comments?post=30405"}],"wp:featuredmedia":[{"embeddable":true,"href":"https:\/\/www.oudadl.testontwikkeling.nl\/de\/wp-json\/wp\/v2\/media\/30426"}],"wp:attachment":[{"href":"https:\/\/www.oudadl.testontwikkeling.nl\/de\/wp-json\/wp\/v2\/media?parent=30405"}],"wp:term":[{"taxonomy":"product_brand","embeddable":true,"href":"https:\/\/www.oudadl.testontwikkeling.nl\/de\/wp-json\/wp\/v2\/product_brand?post=30405"},{"taxonomy":"product_cat","embeddable":true,"href":"https:\/\/www.oudadl.testontwikkeling.nl\/de\/wp-json\/wp\/v2\/product_cat?post=30405"},{"taxonomy":"product_tag","embeddable":true,"href":"https:\/\/www.oudadl.testontwikkeling.nl\/de\/wp-json\/wp\/v2\/product_tag?post=30405"}],"curies":[{"name":"wp","href":"https:\/\/api.w.org\/{rel}","templated":true}]}}