{"id":30216,"date":"2022-12-30T16:44:29","date_gmt":"2022-12-30T15:44:29","guid":{"rendered":"https:\/\/www.oudadl.testontwikkeling.nl\/?post_type=product&#038;p=30216"},"modified":"2025-12-10T08:54:59","modified_gmt":"2025-12-10T07:54:59","slug":"gylle-led-modul-xenon-weiss-black-line","status":"publish","type":"product","link":"https:\/\/www.oudadl.testontwikkeling.nl\/de\/product\/gylle-led-unit-xenon-wit-black-line\/","title":{"rendered":"Gylle LED Modul Xenon wei\u00df Black-Line"},"content":{"rendered":"<p><span style=\"color: #000000\"><strong>Gylle LED Modul Xenon wei\u00df Black-Line, f\u00fcr 12 &amp; 24 Volt.<\/strong><\/span><\/p>\n<p><span style=\"color: #000000\">M\u00f6chten Sie eine D\u00e4nische Umrissleuchte mit dunklem Glas selbst zusammenstellen? Dann ist das LED Modul von Gylle m\u00f6glicherweise das Teil, das Sie suchen. Die LED-Lampe ist mit 6 SMD-LED's ausgestattet, sodass Sie sicher sein k\u00f6nnen, dass Sie mit geringem Stromverbrauch gut beleuchtet unterwegs sind. Das Black-Line Modul Xenon wei\u00df - 6000k von Gylle kann an 12 und 24 Volt betrieben werden. Das bedeutet, dass Sie die breite Lampeneinheit LED mit dunklem Glas beispielsweise f\u00fcr Ihr Auto, Ihren LKW, Ihren Traktor, Ihren Anh\u00e4nger oder andere Fahrzeuge verwenden k\u00f6nnen.<\/span><\/p>\n<p><span style=\"color: #000000\">Damit die Gylle LED Modul Xenon wei\u00df in Black-Line-Ausf\u00fchrung f\u00fcr Ihr Fahrzeug oder Ihren Anh\u00e4nger geeignet ist. Wir haben unten eine Reihe von Eigenschaften aufgeschrieben. All dies, um Ihnen klar zu machen, warum dies das LED-Modul sein k\u00f6nnte, nach dem Sie suchen. Die klarwei\u00dfe Einheit LED mit dunklem Glas ist unter anderem mit dem ECE-R10-G\u00fctezeichen versehen. Dieses Qualit\u00e4tszeichen bedeutet, dass die Lampe w\u00e4hrend der Aktivierung keine St\u00f6rungen verursacht, beispielsweise auf Ihrem Funksignal. Um eine einfache Installation zu gew\u00e4hrleisten, ist die Leuchte mit 5 Metern Kabel ausgestattet. Dadurch k\u00f6nnen Sie das LED Modul an verschiedenen Stellen montieren und anschlie\u00dfen. Alle Gylle Umrissleuchte Teile werden Ihnen jederzeit separat geliefert. Sie m\u00fcssen die Umrissleuchte selbst montieren, dies geschieht, damit Sie die Kabell\u00e4nge selbst bestimmen k\u00f6nnen.\u00a0<\/span><\/p>\n<h5><span style=\"color: #000000\"><strong>Andere Farben:<\/strong><\/span><\/h5>\n<p><span style=\"color: #000000\">Sie m\u00f6chten ein LED Modul der Marke Gylle erwerben? Aber ist die Gylle LED Modul Xenon wei\u00df in Black-Line-Ausf\u00fchrung nicht das, was Sie suchen? Dann wissen Sie, dass das LED Modul mit dunklem Glas auch in den folgenden Versionen erh\u00e4ltlich ist:<\/span><\/p>\n<ul>\n<li><span style=\"color: #000000\"><a style=\"color: #000000\" href=\"https:\/\/www.oudadl.testontwikkeling.nl\/de\/produkt\/gylle-led-modul-orange-black-line\/\"><strong>Gylle B-L ORANGE\u00a0<\/strong><\/a><\/span><\/li>\n<li><span style=\"color: #000000\"><a style=\"color: #000000\" href=\"https:\/\/www.oudadl.testontwikkeling.nl\/de\/produkt\/gylle-led-modul-rot-black-line\/\"><strong>Gylle B-L ROT<\/strong><\/a><\/span><\/li>\n<\/ul>\n<p><span style=\"color: #000000\">Sind Sie immer noch der Meinung, dass das Gylle LED Modul Xenon wei\u00df in Black-Line-Ausf\u00fchrung nicht das ist, was Sie suchen? Einfach weil Ihnen die Farbe oder Form nicht gef\u00e4llt? Sehen Sie sich hier das komplette Sortiment an <a style=\"color: #000000\" href=\"https:\/\/www.oudadl.testontwikkeling.nl\/de\/merk\/product-gylle-mec\/\">Gylle<\/a>.<\/span><\/p>","protected":false},"excerpt":{"rendered":"<p>Gylle LED unit xenon wit Black-Line, voor 12 &amp; 24 volt gebruik. Wilt u zelf een Deense breedtelamp met donker glas samenstellen? Dan is de LED unit van Gylle wellicht het onderdeel waar u naar op zoek bent. De LED lamp is voorzien van 6 SMD LED&#8217;s, hierdoor bent u ervan verzekerd dat u met [&hellip;]<\/p>\n","protected":false},"featured_media":31672,"comment_status":"open","ping_status":"closed","template":"","meta":{"_acf_changed":false,"site-sidebar-layout":"default","site-content-layout":"default","ast-site-content-layout":"default","site-content-style":"default","site-sidebar-style":"default","ast-global-header-display":"","ast-banner-title-visibility":"","ast-main-header-display":"","ast-hfb-above-header-display":"","ast-hfb-below-header-display":"","ast-hfb-mobile-header-display":"","site-post-title":"","ast-breadcrumbs-content":"","ast-featured-img":"","footer-sml-layout":"","ast-disable-related-posts":"","theme-transparent-header-meta":"default","adv-header-id-meta":"","stick-header-meta":"","header-above-stick-meta":"","header-main-stick-meta":"","header-below-stick-meta":"","astra-migrate-meta-layouts":"set","ast-page-background-enabled":"default","ast-page-background-meta":{"desktop":{"background-color":"","background-image":"","background-repeat":"repeat","background-position":"center center","background-size":"auto","background-attachment":"scroll","background-type":"","background-media":"","overlay-type":"","overlay-color":"","overlay-opacity":"","overlay-gradient":""},"tablet":{"background-color":"","background-image":"","background-repeat":"repeat","background-position":"center center","background-size":"auto","background-attachment":"scroll","background-type":"","background-media":"","overlay-type":"","overlay-color":"","overlay-opacity":"","overlay-gradient":""},"mobile":{"background-color":"","background-image":"","background-repeat":"repeat","background-position":"center center","background-size":"auto","background-attachment":"scroll","background-type":"","background-media":"","overlay-type":"","overlay-color":"","overlay-opacity":"","overlay-gradient":""}},"ast-content-background-meta":{"desktop":{"background-color":"var(--ast-global-color-5)","background-image":"","background-repeat":"repeat","background-position":"center center","background-size":"auto","background-attachment":"scroll","background-type":"","background-media":"","overlay-type":"","overlay-color":"","overlay-opacity":"","overlay-gradient":""},"tablet":{"background-color":"var(--ast-global-color-5)","background-image":"","background-repeat":"repeat","background-position":"center center","background-size":"auto","background-attachment":"scroll","background-type":"","background-media":"","overlay-type":"","overlay-color":"","overlay-opacity":"","overlay-gradient":""},"mobile":{"background-color":"var(--ast-global-color-5)","background-image":"","background-repeat":"repeat","background-position":"center center","background-size":"auto","background-attachment":"scroll","background-type":"","background-media":"","overlay-type":"","overlay-color":"","overlay-opacity":"","overlay-gradient":""}}},"product_brand":[],"product_cat":[295],"product_tag":[6605,1806,6607,6606],"class_list":{"0":"post-30216","1":"product","2":"type-product","3":"status-publish","4":"has-post-thumbnail","6":"product_cat-breedtelampen","7":"product_tag-deense-breedtelamp","8":"product_tag-deense-breedtepaal","9":"product_tag-gylle-led-breedtelamp","10":"product_tag-gylle-verlichting","11":"pa_merkk-product-gylle-mec","12":"desktop-align-left","13":"tablet-align-left","14":"mobile-align-left","16":"first","17":"instock","18":"taxable","19":"shipping-taxable","20":"purchasable","21":"product-type-simple"},"acf":[],"yoast_head":"<!-- This site is optimized with the Yoast SEO Premium plugin v25.9 (Yoast SEO v27.6) - https:\/\/yoast.com\/product\/yoast-seo-premium-wordpress\/ -->\n<title>Gylle unit xenon wit Black-Line - Deense breedtelamp - 12&amp;24 Volt<\/title>\n<meta name=\"description\" content=\"Gylle LED unit xenon wit Black-Line - 6000K LED wit - Deense breedtelamp - voor 12&amp;24 Volt - voor vrachtwagen, bestelwagen, aanhanger, camper en meer!\" \/>\n<meta name=\"robots\" content=\"noindex, follow, max-snippet:-1, max-image-preview:large, max-video-preview:-1\" \/>\n<meta property=\"og:locale\" content=\"de_DE\" \/>\n<meta property=\"og:type\" content=\"article\" \/>\n<meta property=\"og:title\" content=\"Gylle unit xenon wit Black-Line - Deense breedtelamp - 12&amp;24 Volt\" \/>\n<meta property=\"og:description\" content=\"Gylle LED unit xenon wit Black-Line - 6000K LED wit - Deense breedtelamp - voor 12&amp;24 Volt - voor vrachtwagen, bestelwagen, aanhanger, camper en meer!\" \/>\n<meta property=\"og:url\" content=\"https:\/\/www.oudadl.testontwikkeling.nl\/de\/produkt\/gylle-led-modul-xenon-weiss-black-line\/\" \/>\n<meta property=\"og:site_name\" content=\"All Day Led\" \/>\n<meta property=\"article:publisher\" content=\"https:\/\/www.facebook.com\/alldayled\/\" \/>\n<meta property=\"article:modified_time\" content=\"2025-12-10T07:54:59+00:00\" \/>\n<meta property=\"og:image\" content=\"https:\/\/www.oudadl.testontwikkeling.nl\/wp-content\/uploads\/2024\/07\/ADL63192.0.png\" \/>\n\t<meta property=\"og:image:width\" content=\"800\" \/>\n\t<meta property=\"og:image:height\" content=\"800\" \/>\n\t<meta property=\"og:image:type\" content=\"image\/png\" \/>\n<meta name=\"twitter:label1\" content=\"Preis\" \/>\n\t<meta name=\"twitter:data1\" content=\"&euro;20,00\" \/>\n\t<meta name=\"twitter:label2\" content=\"Verf\u00fcgbarkeit\" \/>\n\t<meta name=\"twitter:data2\" content=\"Auf Lager\" \/>\n<script type=\"application\/ld+json\" class=\"yoast-schema-graph\">{\"@context\":\"https:\\\/\\\/schema.org\",\"@graph\":[{\"@type\":\"WebPage\",\"@id\":\"https:\\\/\\\/www.oudadl.testontwikkeling.nl\\\/product\\\/gylle-led-unit-xenon-wit-black-line\\\/\",\"url\":\"https:\\\/\\\/www.oudadl.testontwikkeling.nl\\\/product\\\/gylle-led-unit-xenon-wit-black-line\\\/\",\"name\":\"Gylle unit xenon wit Black-Line - Deense breedtelamp - 12&24 Volt\",\"isPartOf\":{\"@id\":\"https:\\\/\\\/www.oudadl.testontwikkeling.nl\\\/#website\"},\"primaryImageOfPage\":{\"@id\":\"https:\\\/\\\/www.oudadl.testontwikkeling.nl\\\/product\\\/gylle-led-unit-xenon-wit-black-line\\\/#primaryimage\"},\"image\":{\"@id\":\"https:\\\/\\\/www.oudadl.testontwikkeling.nl\\\/product\\\/gylle-led-unit-xenon-wit-black-line\\\/#primaryimage\"},\"thumbnailUrl\":\"https:\\\/\\\/www.oudadl.testontwikkeling.nl\\\/wp-content\\\/uploads\\\/2022\\\/11\\\/ADL63192..png\",\"datePublished\":\"2022-12-30T15:44:29+00:00\",\"dateModified\":\"2025-12-10T07:54:59+00:00\",\"description\":\"Gylle LED unit xenon wit Black-Line - 6000K LED wit - Deense breedtelamp - voor 12&24 Volt - voor vrachtwagen, bestelwagen, aanhanger, camper en meer!\",\"breadcrumb\":{\"@id\":\"https:\\\/\\\/www.oudadl.testontwikkeling.nl\\\/product\\\/gylle-led-unit-xenon-wit-black-line\\\/#breadcrumb\"},\"inLanguage\":\"de\",\"potentialAction\":[{\"@type\":\"ReadAction\",\"target\":[\"https:\\\/\\\/www.oudadl.testontwikkeling.nl\\\/product\\\/gylle-led-unit-xenon-wit-black-line\\\/\"]}]},{\"@type\":\"ImageObject\",\"inLanguage\":\"de\",\"@id\":\"https:\\\/\\\/www.oudadl.testontwikkeling.nl\\\/product\\\/gylle-led-unit-xenon-wit-black-line\\\/#primaryimage\",\"url\":\"https:\\\/\\\/www.oudadl.testontwikkeling.nl\\\/wp-content\\\/uploads\\\/2022\\\/11\\\/ADL63192..png\",\"contentUrl\":\"https:\\\/\\\/www.oudadl.testontwikkeling.nl\\\/wp-content\\\/uploads\\\/2022\\\/11\\\/ADL63192..png\",\"width\":800,\"height\":600,\"caption\":\"Gylle LED unit Black Line XENON WIT 6000K - LED module geschikt voor Deense breedtelamp - werkt op 12 en 24 volt - EAN: 7392843179719\"},{\"@type\":\"BreadcrumbList\",\"@id\":\"https:\\\/\\\/www.oudadl.testontwikkeling.nl\\\/product\\\/gylle-led-unit-xenon-wit-black-line\\\/#breadcrumb\",\"itemListElement\":[{\"@type\":\"ListItem\",\"position\":1,\"name\":\"Home\",\"item\":\"https:\\\/\\\/www.oudadl.testontwikkeling.nl\\\/\"},{\"@type\":\"ListItem\",\"position\":2,\"name\":\"Shop\",\"item\":\"https:\\\/\\\/www.oudadl.testontwikkeling.nl\\\/de\\\/shop\\\/\"},{\"@type\":\"ListItem\",\"position\":3,\"name\":\"Positielampen\",\"item\":\"https:\\\/\\\/www.oudadl.testontwikkeling.nl\\\/product-categorie\\\/positielampen\\\/\"},{\"@type\":\"ListItem\",\"position\":4,\"name\":\"Breedtelampen\",\"item\":\"https:\\\/\\\/www.oudadl.testontwikkeling.nl\\\/product-categorie\\\/positielampen\\\/breedtelampen\\\/\"},{\"@type\":\"ListItem\",\"position\":5,\"name\":\"Gylle LED unit xenon wit Black-Line\"}]},{\"@type\":\"WebSite\",\"@id\":\"https:\\\/\\\/www.oudadl.testontwikkeling.nl\\\/#website\",\"url\":\"https:\\\/\\\/www.oudadl.testontwikkeling.nl\\\/\",\"name\":\"All Day Led\",\"description\":\"\",\"publisher\":{\"@id\":\"https:\\\/\\\/www.oudadl.testontwikkeling.nl\\\/#organization\"},\"potentialAction\":[{\"@type\":\"SearchAction\",\"target\":{\"@type\":\"EntryPoint\",\"urlTemplate\":\"https:\\\/\\\/www.oudadl.testontwikkeling.nl\\\/?s={search_term_string}\"},\"query-input\":{\"@type\":\"PropertyValueSpecification\",\"valueRequired\":true,\"valueName\":\"search_term_string\"}}],\"inLanguage\":\"de\"},{\"@type\":\"Organization\",\"@id\":\"https:\\\/\\\/www.oudadl.testontwikkeling.nl\\\/#organization\",\"name\":\"All Day Led\",\"url\":\"https:\\\/\\\/www.oudadl.testontwikkeling.nl\\\/\",\"logo\":{\"@type\":\"ImageObject\",\"inLanguage\":\"de\",\"@id\":\"https:\\\/\\\/www.oudadl.testontwikkeling.nl\\\/#\\\/schema\\\/logo\\\/image\\\/\",\"url\":\"https:\\\/\\\/www.oudadl.testontwikkeling.nl\\\/wp-content\\\/uploads\\\/2022\\\/08\\\/Logo-ALL-DAY-LED-800x800-zwart-witte-letters.png\",\"contentUrl\":\"https:\\\/\\\/www.oudadl.testontwikkeling.nl\\\/wp-content\\\/uploads\\\/2022\\\/08\\\/Logo-ALL-DAY-LED-800x800-zwart-witte-letters.png\",\"width\":800,\"height\":800,\"caption\":\"All Day Led\"},\"image\":{\"@id\":\"https:\\\/\\\/www.oudadl.testontwikkeling.nl\\\/#\\\/schema\\\/logo\\\/image\\\/\"},\"sameAs\":[\"https:\\\/\\\/www.facebook.com\\\/alldayled\\\/\",\"https:\\\/\\\/www.instagram.com\\\/alldayled\\\/\"],\"vatID\":\"NL863960133B01\",\"taxID\":\"86416545\",\"hasMerchantReturnPolicy\":{\"@type\":\"MerchantReturnPolicy\",\"merchantReturnLink\":\"https:\\\/\\\/www.oudadl.testontwikkeling.nl\\\/de\\\/verzenden-retourneren\\\/\"}}]}<\/script>\n<meta property=\"product:brand\" content=\"Gylle\" \/>\n<meta property=\"product:price:amount\" content=\"20.00\" \/>\n<meta property=\"product:price:currency\" content=\"EUR\" \/>\n<meta property=\"og:availability\" content=\"instock\" \/>\n<meta property=\"product:availability\" content=\"instock\" \/>\n<meta property=\"product:retailer_item_id\" content=\"ADL63192\" \/>\n<meta property=\"product:condition\" content=\"new\" \/>\n<!-- \/ Yoast SEO Premium plugin. -->","yoast_head_json":{"title":"Gylle Modul Xenon wei\u00df Black-Line - D\u00e4nische Umrissleuchte - 12&amp;24 Volt","description":"Gylle LED Modul Xenon wei\u00df Black-Line - 6000K LED Wei\u00df - D\u00e4nisches Umrissleuchte - f\u00fcr 12&amp;24 Volt - f\u00fcr LKW, Transporter, Anh\u00e4nger, Wohnmobil und mehr!","robots":{"index":"noindex","follow":"follow","max-snippet":"max-snippet:-1","max-image-preview":"max-image-preview:large","max-video-preview":"max-video-preview:-1"},"og_locale":"de_DE","og_type":"article","og_title":"Gylle unit xenon wit Black-Line - Deense breedtelamp - 12&24 Volt","og_description":"Gylle LED unit xenon wit Black-Line - 6000K LED wit - Deense breedtelamp - voor 12&24 Volt - voor vrachtwagen, bestelwagen, aanhanger, camper en meer!","og_url":"https:\/\/www.oudadl.testontwikkeling.nl\/de\/produkt\/gylle-led-modul-xenon-weiss-black-line\/","og_site_name":"All Day Led","article_publisher":"https:\/\/www.facebook.com\/alldayled\/","article_modified_time":"2025-12-10T07:54:59+00:00","og_image":[{"width":800,"height":800,"url":"https:\/\/www.oudadl.testontwikkeling.nl\/wp-content\/uploads\/2024\/07\/ADL63192.0.png","type":"image\/png"}],"twitter_misc":{"Preis":"&euro;20,00","Verf\u00fcgbarkeit":"Auf Lager"},"schema":{"@context":"https:\/\/schema.org","@graph":[{"@type":"WebPage","@id":"https:\/\/www.oudadl.testontwikkeling.nl\/product\/gylle-led-unit-xenon-wit-black-line\/","url":"https:\/\/www.oudadl.testontwikkeling.nl\/product\/gylle-led-unit-xenon-wit-black-line\/","name":"Gylle Modul Xenon wei\u00df Black-Line - D\u00e4nische Umrissleuchte - 12&amp;24 Volt","isPartOf":{"@id":"https:\/\/www.oudadl.testontwikkeling.nl\/#website"},"primaryImageOfPage":{"@id":"https:\/\/www.oudadl.testontwikkeling.nl\/product\/gylle-led-unit-xenon-wit-black-line\/#primaryimage"},"image":{"@id":"https:\/\/www.oudadl.testontwikkeling.nl\/product\/gylle-led-unit-xenon-wit-black-line\/#primaryimage"},"thumbnailUrl":"https:\/\/www.oudadl.testontwikkeling.nl\/wp-content\/uploads\/2022\/11\/ADL63192..png","datePublished":"2022-12-30T15:44:29+00:00","dateModified":"2025-12-10T07:54:59+00:00","description":"Gylle LED Modul Xenon wei\u00df Black-Line - 6000K LED Wei\u00df - D\u00e4nisches Umrissleuchte - f\u00fcr 12&amp;24 Volt - f\u00fcr LKW, Transporter, Anh\u00e4nger, Wohnmobil und mehr!","breadcrumb":{"@id":"https:\/\/www.oudadl.testontwikkeling.nl\/product\/gylle-led-unit-xenon-wit-black-line\/#breadcrumb"},"inLanguage":"de","potentialAction":[{"@type":"ReadAction","target":["https:\/\/www.oudadl.testontwikkeling.nl\/product\/gylle-led-unit-xenon-wit-black-line\/"]}]},{"@type":"ImageObject","inLanguage":"de","@id":"https:\/\/www.oudadl.testontwikkeling.nl\/product\/gylle-led-unit-xenon-wit-black-line\/#primaryimage","url":"https:\/\/www.oudadl.testontwikkeling.nl\/wp-content\/uploads\/2022\/11\/ADL63192..png","contentUrl":"https:\/\/www.oudadl.testontwikkeling.nl\/wp-content\/uploads\/2022\/11\/ADL63192..png","width":800,"height":600,"caption":"Gylle LED unit Black Line XENON WIT 6000K - LED module geschikt voor Deense breedtelamp - werkt op 12 en 24 volt - EAN: 7392843179719"},{"@type":"BreadcrumbList","@id":"https:\/\/www.oudadl.testontwikkeling.nl\/product\/gylle-led-unit-xenon-wit-black-line\/#breadcrumb","itemListElement":[{"@type":"ListItem","position":1,"name":"Home","item":"https:\/\/www.oudadl.testontwikkeling.nl\/"},{"@type":"ListItem","position":2,"name":"Shop","item":"https:\/\/www.oudadl.testontwikkeling.nl\/de\/shop\/"},{"@type":"ListItem","position":3,"name":"Positielampen","item":"https:\/\/www.oudadl.testontwikkeling.nl\/product-categorie\/positielampen\/"},{"@type":"ListItem","position":4,"name":"Breedtelampen","item":"https:\/\/www.oudadl.testontwikkeling.nl\/product-categorie\/positielampen\/breedtelampen\/"},{"@type":"ListItem","position":5,"name":"Gylle LED unit xenon wit Black-Line"}]},{"@type":"WebSite","@id":"https:\/\/www.oudadl.testontwikkeling.nl\/#website","url":"https:\/\/www.oudadl.testontwikkeling.nl\/","name":"All Day Led","description":"","publisher":{"@id":"https:\/\/www.oudadl.testontwikkeling.nl\/#organization"},"potentialAction":[{"@type":"SearchAction","target":{"@type":"EntryPoint","urlTemplate":"https:\/\/www.oudadl.testontwikkeling.nl\/?s={search_term_string}"},"query-input":{"@type":"PropertyValueSpecification","valueRequired":true,"valueName":"search_term_string"}}],"inLanguage":"de"},{"@type":"Organization","@id":"https:\/\/www.oudadl.testontwikkeling.nl\/#organization","name":"All Day Led","url":"https:\/\/www.oudadl.testontwikkeling.nl\/","logo":{"@type":"ImageObject","inLanguage":"de","@id":"https:\/\/www.oudadl.testontwikkeling.nl\/#\/schema\/logo\/image\/","url":"https:\/\/www.oudadl.testontwikkeling.nl\/wp-content\/uploads\/2022\/08\/Logo-ALL-DAY-LED-800x800-zwart-witte-letters.png","contentUrl":"https:\/\/www.oudadl.testontwikkeling.nl\/wp-content\/uploads\/2022\/08\/Logo-ALL-DAY-LED-800x800-zwart-witte-letters.png","width":800,"height":800,"caption":"All Day Led"},"image":{"@id":"https:\/\/www.oudadl.testontwikkeling.nl\/#\/schema\/logo\/image\/"},"sameAs":["https:\/\/www.facebook.com\/alldayled\/","https:\/\/www.instagram.com\/alldayled\/"],"vatID":"NL863960133B01","taxID":"86416545","hasMerchantReturnPolicy":{"@type":"MerchantReturnPolicy","merchantReturnLink":"https:\/\/www.oudadl.testontwikkeling.nl\/de\/verzenden-retourneren\/"}}]},"product_brand":"Gylle","product_price_amount":"20.00","product_price_currency":"EUR","og_availability":"instock","product_availability":"instock","product_retailer_item_id":"ADL63192","product_condition":"new"},"_links":{"self":[{"href":"https:\/\/www.oudadl.testontwikkeling.nl\/de\/wp-json\/wp\/v2\/product\/30216","targetHints":{"allow":["GET"]}}],"collection":[{"href":"https:\/\/www.oudadl.testontwikkeling.nl\/de\/wp-json\/wp\/v2\/product"}],"about":[{"href":"https:\/\/www.oudadl.testontwikkeling.nl\/de\/wp-json\/wp\/v2\/types\/product"}],"replies":[{"embeddable":true,"href":"https:\/\/www.oudadl.testontwikkeling.nl\/de\/wp-json\/wp\/v2\/comments?post=30216"}],"wp:featuredmedia":[{"embeddable":true,"href":"https:\/\/www.oudadl.testontwikkeling.nl\/de\/wp-json\/wp\/v2\/media\/31672"}],"wp:attachment":[{"href":"https:\/\/www.oudadl.testontwikkeling.nl\/de\/wp-json\/wp\/v2\/media?parent=30216"}],"wp:term":[{"taxonomy":"product_brand","embeddable":true,"href":"https:\/\/www.oudadl.testontwikkeling.nl\/de\/wp-json\/wp\/v2\/product_brand?post=30216"},{"taxonomy":"product_cat","embeddable":true,"href":"https:\/\/www.oudadl.testontwikkeling.nl\/de\/wp-json\/wp\/v2\/product_cat?post=30216"},{"taxonomy":"product_tag","embeddable":true,"href":"https:\/\/www.oudadl.testontwikkeling.nl\/de\/wp-json\/wp\/v2\/product_tag?post=30216"}],"curies":[{"name":"wp","href":"https:\/\/api.w.org\/{rel}","templated":true}]}}