{"id":29850,"date":"2022-10-28T15:21:45","date_gmt":"2022-10-28T14:21:45","guid":{"rendered":"https:\/\/www.oudadl.testontwikkeling.nl\/?post_type=product&#038;p=29850"},"modified":"2025-12-09T05:44:08","modified_gmt":"2025-12-09T04:44:08","slug":"t10-led-lampe-orange-9-32-volt","status":"publish","type":"product","link":"https:\/\/www.oudadl.testontwikkeling.nl\/de\/product\/t10-led-lamp-oranje-9-32v-2-stuks\/","title":{"rendered":"T10 LED Lampe orange 9\/32V - 2 St\u00fcck"},"content":{"rendered":"<p><span style=\"color: #000000;\"><strong>T10 LED Lampe orange, geeignet f\u00fcr 12 &amp; 24 Volt.\u00a0<\/strong><\/span><\/p>\n<p><span style=\"color: #000000;\">Suchen Sie eine helle und gute orangefarbene LED-Lampe, die Sie gegen Ihre original montierte T10-Halogenlampe austauschen k\u00f6nnen? Dann ist diese T10 LED Lampe orange vielleicht die Lampe, die Sie suchen. Die LED Leuchte ist mit 5 LED best\u00fcckt und wird pro Set zu 2 St\u00fcck geliefert. Aufgrund der 5 LED&#039;s k\u00f6nnen Sie sicher sein, dass die Lampe rundum leuchten wird. Die LED-Lampe hat eine Lichtleistung, die mit einer 10-W-Halogenlampe vergleichbar ist. Die T10 LED Lampe orange kann mit 12 &amp; 24 Volt verwendet werden. Das bedeutet, dass die orange LED-Lampe zum Beispiel f\u00fcr Ihr Auto, Ihren LKW oder andere Fahrzeugtypen geeignet ist. Um sicherzustellen, dass die T10 LED Lampe orange passt, muss die eingebaute Originallampe der in Bild 4 gezeigten entsprechen. Wenn sie nicht \u00fcbereinstimmt, passt die LED Lampe nicht<em>.<\/em><\/span><\/p>\n<p><span style=\"color: #000000;\">Um sicherzustellen, dass diese T10 LED-Lampe orange f\u00fcr Ihr Fahrzeug oder Ihren Anh\u00e4nger geeignet ist, haben wir unten eine Reihe von Spezifikationen zusammengestellt. All dies, um Ihnen klar zu machen, warum dies die gesuchte T10 LED-Lampe sein k\u00f6nnte. Diese LED Lampe hat unter anderem das ECE R10 G\u00fctezeichen. Dieses Qualit\u00e4tszeichen bedeutet, dass die Lampe w\u00e4hrend der Aktivierung keine St\u00f6rungen verursacht, beispielsweise auf Ihrem Funksignal. Die LED-Lampe kann auch bis zu 32 Volt verwendet werden, wodurch die LED-Lampe gegen Spannungsspitzen gesch\u00fctzt ist, die beim Starten Ihres Fahrzeugs auftreten k\u00f6nnen. Kurz gesagt, die LED-Lampe eignet sich perfekt als Standlicht oder Innenbeleuchtung Ihres Autos oder LKWs.<\/span><\/p>\n<h5><span style=\"color: #000000;\"><strong>Installation der T10 LED Lampe:<\/strong><\/span><\/h5>\n<p><span style=\"color: #000000;\">Um die T10 LED Lampe orange in Ihr Fahrzeug einzubauen, gehen Sie bitte wie folgt vor:<\/span><\/p>\n<ol>\n<li><span style=\"color: #000000;\">Schalten Sie die Beleuchtung Ihres Fahrzeugs aus.<\/span><\/li>\n<li><span style=\"color: #000000;\">Entfernen Sie die alte Halogenlampe aus der Fassung.<\/span><\/li>\n<li><span style=\"color: #000000;\">Setzen Sie die T10 LED Lampe in die Halterung ein.<\/span><\/li>\n<li><span style=\"color: #000000;\">Schalten Sie die Lichter Ihres Fahrzeugs ein und pr\u00fcfen Sie, ob die LED-Gl\u00fchlampe funktioniert. Wenn die Lampe nicht funktioniert, drehen Sie die Lampe um eine Vierteldrehung.<\/span><\/li>\n<li><span style=\"color: #000000;\">Die Beleuchtung ist jetzt betriebsbereit.<\/span><\/li>\n<\/ol>\n<p><span style=\"color: #000000;\"><em>Bitte beachten Sie, dass diese LED-Lampen nicht CAN-Bus-sicher sind. Dies bedeutet, dass diese Lampe eine defekte Lampe auf Ihrem Armaturenbrett melden kann. Dies gilt haupts\u00e4chlich f\u00fcr neuere Pkw-Modelle, LKWs werden h\u00e4ufig ausgeschlossen. Zus\u00e4tzliche Lampen wie Scheinwerfer oder Oberlichter sind ebenfalls vom CAN-Bus-System ausgeschlossen.\u00a0<\/em><\/span><\/p>\n<h5><span style=\"color: #000000;\"><strong>Andere Farben:<\/strong><\/span><\/h5>\n<p><span style=\"color: #000000;\">Suchen Sie eine w5w LED Lampe, aber die T10 LED Lampe orange f\u00fcr 12 &amp; 24 Volt ist nicht die Farbe, die Sie suchen? Dann wissen Sie, dass die Plug-in-Lampe LED auch in den folgenden Farben erh\u00e4ltlich ist:<\/span><\/p>\n<ul>\n<li><span style=\"color: #000000;\"><a style=\"color: #000000;\" href=\"https:\/\/www.oudadl.testontwikkeling.nl\/de\/produkt\/t10-led-lampe-weis-9-32-volt\/\"><strong>Plug-in LED Lampe Xenon wei\u00df 12\/24v<\/strong><\/a><\/span><\/li>\n<li><span style=\"color: #000000;\"><a style=\"color: #000000;\" href=\"https:\/\/www.oudadl.testontwikkeling.nl\/de\/produkt\/t10-led-lampe-warm-weis-9-32-volt\/\"><strong>Plug-in LED Lampe warmwei\u00df 12\/24v<\/strong><\/a><\/span><\/li>\n<li><span style=\"color: #000000;\"><a style=\"color: #000000;\" href=\"https:\/\/www.oudadl.testontwikkeling.nl\/de\/produkt\/t10-led-lampe-blau-9-32-volt\/\"><strong>Plug-in LED Lampe blau 12\/24v<\/strong><\/a><\/span><\/li>\n<li><span style=\"color: #000000;\"><a style=\"color: #000000;\" href=\"https:\/\/www.oudadl.testontwikkeling.nl\/de\/produkt\/t10-led-lampe-rot-9-32-volt\/\"><strong>Plug-in LED Lampe rot 12\/24v<\/strong><\/a><\/span><\/li>\n<\/ul>\n<h5><span style=\"color: #000000;\"><strong>Warum hat diese T10 LED-Lampe kein E-Zeichen:<\/strong><\/span><\/h5>\n<p><span style=\"color: #000000;\">Ersatzlampen m\u00fcssen den europ\u00e4ischen Normen hinsichtlich Sicherheit, Wasserdichtigkeit und Kurzschlussschutz (ECE-R37) entsprechen. Diese Standards basieren auf den Gl\u00fch- und Halogenlampen der Vergangenheit. LED-Ersatzlampen k\u00f6nnen diese Standards nicht erf\u00fcllen. Der Grund daf\u00fcr ist, dass kein Filament darin enthalten ist. Dies bedeutet, dass diese LED-Lampe nicht das ECE R37-G\u00fctezeichen erh\u00e4lt und daher nicht offiziell im \u00f6ffentlichen Stra\u00dfenverkehr verwendet werden darf. Diese T10 LED Stecklampe orange 12\/24 Volt k\u00f6nnen Sie auf Ihrem eigenen Gel\u00e4nde oder im Rennsport einsetzen.<\/span><\/p>","protected":false},"excerpt":{"rendered":"<p>T10 LED lamp oranje, geschikt voor 12 &amp; 24 volt gebruik.\u00a0 Bent u opzoek naar een felle en goede oranje LED lamp die u kunt wisselen voor uw origineel gemonteerde T10 halogeen lamp? Dan is deze T10 LED lamp oranje wellicht d\u00e9 lamp waar u naar op zoek bent. De LED lamp is voorzien van [&hellip;]<\/p>\n","protected":false},"featured_media":29959,"comment_status":"open","ping_status":"closed","template":"","meta":{"_acf_changed":false,"site-sidebar-layout":"default","site-content-layout":"default","ast-site-content-layout":"default","site-content-style":"default","site-sidebar-style":"default","ast-global-header-display":"","ast-banner-title-visibility":"","ast-main-header-display":"","ast-hfb-above-header-display":"","ast-hfb-below-header-display":"","ast-hfb-mobile-header-display":"","site-post-title":"","ast-breadcrumbs-content":"","ast-featured-img":"","footer-sml-layout":"","ast-disable-related-posts":"","theme-transparent-header-meta":"default","adv-header-id-meta":"","stick-header-meta":"","header-above-stick-meta":"","header-main-stick-meta":"","header-below-stick-meta":"","astra-migrate-meta-layouts":"set","ast-page-background-enabled":"default","ast-page-background-meta":{"desktop":{"background-color":"","background-image":"","background-repeat":"repeat","background-position":"center center","background-size":"auto","background-attachment":"scroll","background-type":"","background-media":"","overlay-type":"","overlay-color":"","overlay-opacity":"","overlay-gradient":""},"tablet":{"background-color":"","background-image":"","background-repeat":"repeat","background-position":"center center","background-size":"auto","background-attachment":"scroll","background-type":"","background-media":"","overlay-type":"","overlay-color":"","overlay-opacity":"","overlay-gradient":""},"mobile":{"background-color":"","background-image":"","background-repeat":"repeat","background-position":"center center","background-size":"auto","background-attachment":"scroll","background-type":"","background-media":"","overlay-type":"","overlay-color":"","overlay-opacity":"","overlay-gradient":""}},"ast-content-background-meta":{"desktop":{"background-color":"var(--ast-global-color-5)","background-image":"","background-repeat":"repeat","background-position":"center center","background-size":"auto","background-attachment":"scroll","background-type":"","background-media":"","overlay-type":"","overlay-color":"","overlay-opacity":"","overlay-gradient":""},"tablet":{"background-color":"var(--ast-global-color-5)","background-image":"","background-repeat":"repeat","background-position":"center center","background-size":"auto","background-attachment":"scroll","background-type":"","background-media":"","overlay-type":"","overlay-color":"","overlay-opacity":"","overlay-gradient":""},"mobile":{"background-color":"var(--ast-global-color-5)","background-image":"","background-repeat":"repeat","background-position":"center center","background-size":"auto","background-attachment":"scroll","background-type":"","background-media":"","overlay-type":"","overlay-color":"","overlay-opacity":"","overlay-gradient":""}}},"product_brand":[],"product_cat":[208,7209,216,7494,217,219,221,389,222],"product_tag":[1961,1962,2296,3825,3823,3824,1959,3819,3820,3821,3818,3822,2298],"class_list":{"0":"post-29850","1":"product","2":"type-product","3":"status-publish","4":"has-post-thumbnail","6":"product_cat-daf-verlichting","7":"product_cat-iveco-verlichting","8":"product_cat-man-verlichting","9":"product_cat-mercedes-verlichting","10":"product_cat-scania-verlichting","11":"product_cat-t10-led-12-volt","12":"product_cat-t10-led-24v","13":"product_cat-verlichting","14":"product_cat-volvo-verlichting","15":"product_tag-cabine-verlichting","16":"product_tag-led-stadslicht-oranje","17":"product_tag-stadslicht-auto","18":"product_tag-stadslicht-camper","19":"product_tag-stadslicht-motor","20":"product_tag-stadslicht-tractor","21":"product_tag-stadslicht-vrachtwagen","22":"product_tag-t10-led-lamp-auto","23":"product_tag-t10-led-lamp-camper","24":"product_tag-t10-led-lamp-tractor","25":"product_tag-t10-led-lamp-vrachtwagen","26":"product_tag-t10-w5w-led-lamp","27":"product_tag-vrachtwagen-verlichting","28":"pa_merkk-product-all-day-led","29":"desktop-align-left","30":"tablet-align-left","31":"mobile-align-left","33":"first","34":"instock","35":"taxable","36":"shipping-taxable","37":"purchasable","38":"product-type-simple"},"acf":[],"yoast_head":"<!-- This site is optimized with the Yoast SEO Premium plugin v25.9 (Yoast SEO v27.6) - https:\/\/yoast.com\/product\/yoast-seo-premium-wordpress\/ -->\n<title>T10 LED lamp oranje - 2 stuks - All Day Led - voor 12&amp;24 Volt<\/title>\n<meta name=\"description\" content=\"T10 LED lamp oranje - 2 stuks - stadslicht, interieurverlichting - oranje - 12&amp;24 Volt - voor auto, vrachtwagen, motor, tractor en meer - T10 5W5\" \/>\n<meta name=\"robots\" content=\"noindex, follow, max-snippet:-1, max-image-preview:large, max-video-preview:-1\" \/>\n<meta property=\"og:locale\" content=\"de_DE\" \/>\n<meta property=\"og:type\" content=\"article\" \/>\n<meta property=\"og:title\" content=\"T10 LED lamp oranje - 2 stuks - All Day Led - voor 12&amp;24 Volt\" \/>\n<meta property=\"og:description\" content=\"T10 LED lamp - 2 stuks - stadslicht, interieurverlichting - oranje - 12&amp;24 Volt - voor auto, vrachtwagen, motor, tractor en meer - T10 5W5\" \/>\n<meta property=\"og:url\" content=\"https:\/\/www.oudadl.testontwikkeling.nl\/de\/produkt\/t10-led-lampe-orange-9-32-volt\/\" \/>\n<meta property=\"og:site_name\" content=\"All Day Led\" \/>\n<meta property=\"article:publisher\" content=\"https:\/\/www.facebook.com\/alldayled\/\" \/>\n<meta property=\"article:modified_time\" content=\"2025-12-09T04:44:08+00:00\" \/>\n<meta property=\"og:image\" content=\"https:\/\/www.oudadl.testontwikkeling.nl\/wp-content\/uploads\/2022\/10\/ADL00105-O.png\" \/>\n\t<meta property=\"og:image:width\" content=\"800\" \/>\n\t<meta property=\"og:image:height\" content=\"600\" \/>\n\t<meta property=\"og:image:type\" content=\"image\/png\" \/>\n<meta name=\"twitter:label1\" content=\"Preis\" \/>\n\t<meta name=\"twitter:data1\" content=\"&euro;12,60\" \/>\n\t<meta name=\"twitter:label2\" content=\"Verf\u00fcgbarkeit\" \/>\n\t<meta name=\"twitter:data2\" content=\"Auf Lager\" \/>\n<script type=\"application\/ld+json\" class=\"yoast-schema-graph\">{\"@context\":\"https:\\\/\\\/schema.org\",\"@graph\":[{\"@type\":[\"WebPage\",\"ItemPage\"],\"@id\":\"https:\\\/\\\/www.oudadl.testontwikkeling.nl\\\/product\\\/t10-led-lamp-oranje-9-32v-2-stuks\\\/\",\"url\":\"https:\\\/\\\/www.oudadl.testontwikkeling.nl\\\/product\\\/t10-led-lamp-oranje-9-32v-2-stuks\\\/\",\"name\":\"T10 LED lamp oranje - 2 stuks - All Day Led - voor 12&24 Volt\",\"isPartOf\":{\"@id\":\"https:\\\/\\\/www.oudadl.testontwikkeling.nl\\\/#website\"},\"primaryImageOfPage\":{\"@id\":\"https:\\\/\\\/www.oudadl.testontwikkeling.nl\\\/product\\\/t10-led-lamp-oranje-9-32v-2-stuks\\\/#primaryimage\"},\"image\":{\"@id\":\"https:\\\/\\\/www.oudadl.testontwikkeling.nl\\\/product\\\/t10-led-lamp-oranje-9-32v-2-stuks\\\/#primaryimage\"},\"thumbnailUrl\":\"https:\\\/\\\/www.oudadl.testontwikkeling.nl\\\/wp-content\\\/uploads\\\/2022\\\/10\\\/ADL00105-O.png\",\"datePublished\":\"2022-10-28T14:21:45+00:00\",\"dateModified\":\"2025-12-09T04:44:08+00:00\",\"description\":\"T10 LED lamp oranje - 2 stuks - stadslicht, interieurverlichting - oranje - 12&24 Volt - voor auto, vrachtwagen, motor, tractor en meer - T10 5W5\",\"breadcrumb\":{\"@id\":\"https:\\\/\\\/www.oudadl.testontwikkeling.nl\\\/product\\\/t10-led-lamp-oranje-9-32v-2-stuks\\\/#breadcrumb\"},\"inLanguage\":\"de\",\"potentialAction\":[{\"@type\":\"ReadAction\",\"target\":[\"https:\\\/\\\/www.oudadl.testontwikkeling.nl\\\/product\\\/t10-led-lamp-oranje-9-32v-2-stuks\\\/\"]}]},{\"@type\":\"ImageObject\",\"inLanguage\":\"de\",\"@id\":\"https:\\\/\\\/www.oudadl.testontwikkeling.nl\\\/product\\\/t10-led-lamp-oranje-9-32v-2-stuks\\\/#primaryimage\",\"url\":\"https:\\\/\\\/www.oudadl.testontwikkeling.nl\\\/wp-content\\\/uploads\\\/2022\\\/10\\\/ADL00105-O.png\",\"contentUrl\":\"https:\\\/\\\/www.oudadl.testontwikkeling.nl\\\/wp-content\\\/uploads\\\/2022\\\/10\\\/ADL00105-O.png\",\"width\":800,\"height\":600,\"caption\":\"T10 LED lamp oranje - geschikt voor 12 en 24 volt gebruikt - stadslicht interieurverlichting voor auto, vrachtwagen, camper, motor, caravan en meer EAN: 6090545094088\"},{\"@type\":\"BreadcrumbList\",\"@id\":\"https:\\\/\\\/www.oudadl.testontwikkeling.nl\\\/product\\\/t10-led-lamp-oranje-9-32v-2-stuks\\\/#breadcrumb\",\"itemListElement\":[{\"@type\":\"ListItem\",\"position\":1,\"name\":\"Home\",\"item\":\"https:\\\/\\\/www.oudadl.testontwikkeling.nl\\\/\"},{\"@type\":\"ListItem\",\"position\":2,\"name\":\"Shop\",\"item\":\"https:\\\/\\\/www.oudadl.testontwikkeling.nl\\\/de\\\/shop\\\/\"},{\"@type\":\"ListItem\",\"position\":3,\"name\":\"Verlichting\",\"item\":\"https:\\\/\\\/www.oudadl.testontwikkeling.nl\\\/product-categorie\\\/verlichting\\\/\"},{\"@type\":\"ListItem\",\"position\":4,\"name\":\"T10 LED lamp oranje 9\\\/32V &#8211; 2 stuks\"}]},{\"@type\":\"WebSite\",\"@id\":\"https:\\\/\\\/www.oudadl.testontwikkeling.nl\\\/#website\",\"url\":\"https:\\\/\\\/www.oudadl.testontwikkeling.nl\\\/\",\"name\":\"All Day Led\",\"description\":\"\",\"publisher\":{\"@id\":\"https:\\\/\\\/www.oudadl.testontwikkeling.nl\\\/#organization\"},\"potentialAction\":[{\"@type\":\"SearchAction\",\"target\":{\"@type\":\"EntryPoint\",\"urlTemplate\":\"https:\\\/\\\/www.oudadl.testontwikkeling.nl\\\/?s={search_term_string}\"},\"query-input\":{\"@type\":\"PropertyValueSpecification\",\"valueRequired\":true,\"valueName\":\"search_term_string\"}}],\"inLanguage\":\"de\"},{\"@type\":\"Organization\",\"@id\":\"https:\\\/\\\/www.oudadl.testontwikkeling.nl\\\/#organization\",\"name\":\"All Day Led\",\"url\":\"https:\\\/\\\/www.oudadl.testontwikkeling.nl\\\/\",\"logo\":{\"@type\":\"ImageObject\",\"inLanguage\":\"de\",\"@id\":\"https:\\\/\\\/www.oudadl.testontwikkeling.nl\\\/#\\\/schema\\\/logo\\\/image\\\/\",\"url\":\"https:\\\/\\\/www.oudadl.testontwikkeling.nl\\\/wp-content\\\/uploads\\\/2022\\\/08\\\/Logo-ALL-DAY-LED-800x800-zwart-witte-letters.png\",\"contentUrl\":\"https:\\\/\\\/www.oudadl.testontwikkeling.nl\\\/wp-content\\\/uploads\\\/2022\\\/08\\\/Logo-ALL-DAY-LED-800x800-zwart-witte-letters.png\",\"width\":800,\"height\":800,\"caption\":\"All Day Led\"},\"image\":{\"@id\":\"https:\\\/\\\/www.oudadl.testontwikkeling.nl\\\/#\\\/schema\\\/logo\\\/image\\\/\"},\"sameAs\":[\"https:\\\/\\\/www.facebook.com\\\/alldayled\\\/\",\"https:\\\/\\\/www.instagram.com\\\/alldayled\\\/\"],\"vatID\":\"NL863960133B01\",\"taxID\":\"86416545\",\"hasMerchantReturnPolicy\":{\"@type\":\"MerchantReturnPolicy\",\"merchantReturnLink\":\"https:\\\/\\\/www.oudadl.testontwikkeling.nl\\\/de\\\/verzenden-retourneren\\\/\"}}]}<\/script>\n<meta property=\"product:brand\" content=\"All Day Led\" \/>\n<meta property=\"product:price:amount\" content=\"12.60\" \/>\n<meta property=\"product:price:currency\" content=\"EUR\" \/>\n<meta property=\"og:availability\" content=\"instock\" \/>\n<meta property=\"product:availability\" content=\"instock\" \/>\n<meta property=\"product:retailer_item_id\" content=\"ADL00105-O\" \/>\n<meta property=\"product:condition\" content=\"new\" \/>\n<!-- \/ Yoast SEO Premium plugin. -->","yoast_head_json":{"title":"T10 LED Lampe orange - 2 St\u00fcck - All Day LED - f\u00fcr 12&amp;24 Volt","description":"T10 LED Lampe orange - 2 St\u00fcck - Standlicht, Innenbeleuchtung - orange - 12&amp;24 Volt - f\u00fcr PKW, LKW, Motorrad, Traktor und mehr - T10 5W5","robots":{"index":"noindex","follow":"follow","max-snippet":"max-snippet:-1","max-image-preview":"max-image-preview:large","max-video-preview":"max-video-preview:-1"},"og_locale":"de_DE","og_type":"article","og_title":"T10 LED lamp oranje - 2 stuks - All Day Led - voor 12&24 Volt","og_description":"T10 LED lamp - 2 stuks - stadslicht, interieurverlichting - oranje - 12&24 Volt - voor auto, vrachtwagen, motor, tractor en meer - T10 5W5","og_url":"https:\/\/www.oudadl.testontwikkeling.nl\/de\/produkt\/t10-led-lampe-orange-9-32-volt\/","og_site_name":"All Day Led","article_publisher":"https:\/\/www.facebook.com\/alldayled\/","article_modified_time":"2025-12-09T04:44:08+00:00","og_image":[{"width":800,"height":600,"url":"https:\/\/www.oudadl.testontwikkeling.nl\/wp-content\/uploads\/2022\/10\/ADL00105-O.png","type":"image\/png"}],"twitter_misc":{"Preis":"&euro;12,60","Verf\u00fcgbarkeit":"Auf Lager"},"schema":{"@context":"https:\/\/schema.org","@graph":[{"@type":["WebPage","ItemPage"],"@id":"https:\/\/www.oudadl.testontwikkeling.nl\/product\/t10-led-lamp-oranje-9-32v-2-stuks\/","url":"https:\/\/www.oudadl.testontwikkeling.nl\/product\/t10-led-lamp-oranje-9-32v-2-stuks\/","name":"T10 LED Lampe orange - 2 St\u00fcck - All Day LED - f\u00fcr 12&amp;24 Volt","isPartOf":{"@id":"https:\/\/www.oudadl.testontwikkeling.nl\/#website"},"primaryImageOfPage":{"@id":"https:\/\/www.oudadl.testontwikkeling.nl\/product\/t10-led-lamp-oranje-9-32v-2-stuks\/#primaryimage"},"image":{"@id":"https:\/\/www.oudadl.testontwikkeling.nl\/product\/t10-led-lamp-oranje-9-32v-2-stuks\/#primaryimage"},"thumbnailUrl":"https:\/\/www.oudadl.testontwikkeling.nl\/wp-content\/uploads\/2022\/10\/ADL00105-O.png","datePublished":"2022-10-28T14:21:45+00:00","dateModified":"2025-12-09T04:44:08+00:00","description":"T10 LED Lampe orange - 2 St\u00fcck - Standlicht, Innenbeleuchtung - orange - 12&amp;24 Volt - f\u00fcr PKW, LKW, Motorrad, Traktor und mehr - T10 5W5","breadcrumb":{"@id":"https:\/\/www.oudadl.testontwikkeling.nl\/product\/t10-led-lamp-oranje-9-32v-2-stuks\/#breadcrumb"},"inLanguage":"de","potentialAction":[{"@type":"ReadAction","target":["https:\/\/www.oudadl.testontwikkeling.nl\/product\/t10-led-lamp-oranje-9-32v-2-stuks\/"]}]},{"@type":"ImageObject","inLanguage":"de","@id":"https:\/\/www.oudadl.testontwikkeling.nl\/product\/t10-led-lamp-oranje-9-32v-2-stuks\/#primaryimage","url":"https:\/\/www.oudadl.testontwikkeling.nl\/wp-content\/uploads\/2022\/10\/ADL00105-O.png","contentUrl":"https:\/\/www.oudadl.testontwikkeling.nl\/wp-content\/uploads\/2022\/10\/ADL00105-O.png","width":800,"height":600,"caption":"T10 LED lamp oranje - geschikt voor 12 en 24 volt gebruikt - stadslicht interieurverlichting voor auto, vrachtwagen, camper, motor, caravan en meer EAN: 6090545094088"},{"@type":"BreadcrumbList","@id":"https:\/\/www.oudadl.testontwikkeling.nl\/product\/t10-led-lamp-oranje-9-32v-2-stuks\/#breadcrumb","itemListElement":[{"@type":"ListItem","position":1,"name":"Home","item":"https:\/\/www.oudadl.testontwikkeling.nl\/"},{"@type":"ListItem","position":2,"name":"Shop","item":"https:\/\/www.oudadl.testontwikkeling.nl\/de\/shop\/"},{"@type":"ListItem","position":3,"name":"Verlichting","item":"https:\/\/www.oudadl.testontwikkeling.nl\/product-categorie\/verlichting\/"},{"@type":"ListItem","position":4,"name":"T10 LED lamp oranje 9\/32V &#8211; 2 stuks"}]},{"@type":"WebSite","@id":"https:\/\/www.oudadl.testontwikkeling.nl\/#website","url":"https:\/\/www.oudadl.testontwikkeling.nl\/","name":"All Day Led","description":"","publisher":{"@id":"https:\/\/www.oudadl.testontwikkeling.nl\/#organization"},"potentialAction":[{"@type":"SearchAction","target":{"@type":"EntryPoint","urlTemplate":"https:\/\/www.oudadl.testontwikkeling.nl\/?s={search_term_string}"},"query-input":{"@type":"PropertyValueSpecification","valueRequired":true,"valueName":"search_term_string"}}],"inLanguage":"de"},{"@type":"Organization","@id":"https:\/\/www.oudadl.testontwikkeling.nl\/#organization","name":"All Day Led","url":"https:\/\/www.oudadl.testontwikkeling.nl\/","logo":{"@type":"ImageObject","inLanguage":"de","@id":"https:\/\/www.oudadl.testontwikkeling.nl\/#\/schema\/logo\/image\/","url":"https:\/\/www.oudadl.testontwikkeling.nl\/wp-content\/uploads\/2022\/08\/Logo-ALL-DAY-LED-800x800-zwart-witte-letters.png","contentUrl":"https:\/\/www.oudadl.testontwikkeling.nl\/wp-content\/uploads\/2022\/08\/Logo-ALL-DAY-LED-800x800-zwart-witte-letters.png","width":800,"height":800,"caption":"All Day Led"},"image":{"@id":"https:\/\/www.oudadl.testontwikkeling.nl\/#\/schema\/logo\/image\/"},"sameAs":["https:\/\/www.facebook.com\/alldayled\/","https:\/\/www.instagram.com\/alldayled\/"],"vatID":"NL863960133B01","taxID":"86416545","hasMerchantReturnPolicy":{"@type":"MerchantReturnPolicy","merchantReturnLink":"https:\/\/www.oudadl.testontwikkeling.nl\/de\/verzenden-retourneren\/"}}]},"product_brand":"All Day Led","product_price_amount":"12.60","product_price_currency":"EUR","og_availability":"instock","product_availability":"instock","product_retailer_item_id":"ADL00105-O","product_condition":"new"},"_links":{"self":[{"href":"https:\/\/www.oudadl.testontwikkeling.nl\/de\/wp-json\/wp\/v2\/product\/29850","targetHints":{"allow":["GET"]}}],"collection":[{"href":"https:\/\/www.oudadl.testontwikkeling.nl\/de\/wp-json\/wp\/v2\/product"}],"about":[{"href":"https:\/\/www.oudadl.testontwikkeling.nl\/de\/wp-json\/wp\/v2\/types\/product"}],"replies":[{"embeddable":true,"href":"https:\/\/www.oudadl.testontwikkeling.nl\/de\/wp-json\/wp\/v2\/comments?post=29850"}],"wp:featuredmedia":[{"embeddable":true,"href":"https:\/\/www.oudadl.testontwikkeling.nl\/de\/wp-json\/wp\/v2\/media\/29959"}],"wp:attachment":[{"href":"https:\/\/www.oudadl.testontwikkeling.nl\/de\/wp-json\/wp\/v2\/media?parent=29850"}],"wp:term":[{"taxonomy":"product_brand","embeddable":true,"href":"https:\/\/www.oudadl.testontwikkeling.nl\/de\/wp-json\/wp\/v2\/product_brand?post=29850"},{"taxonomy":"product_cat","embeddable":true,"href":"https:\/\/www.oudadl.testontwikkeling.nl\/de\/wp-json\/wp\/v2\/product_cat?post=29850"},{"taxonomy":"product_tag","embeddable":true,"href":"https:\/\/www.oudadl.testontwikkeling.nl\/de\/wp-json\/wp\/v2\/product_tag?post=29850"}],"curies":[{"name":"wp","href":"https:\/\/api.w.org\/{rel}","templated":true}]}}