{"id":28956,"date":"2022-09-26T11:30:37","date_gmt":"2022-09-26T09:30:37","guid":{"rendered":"https:\/\/www.oudadl.testontwikkeling.nl\/?post_type=product&#038;p=28956"},"modified":"2025-09-11T13:54:59","modified_gmt":"2025-09-11T11:54:59","slug":"strands-cl-led-warnanlage-orange-138cm","status":"publish","type":"product","link":"https:\/\/www.oudadl.testontwikkeling.nl\/de\/product\/strands-cl-led-zwaailampbalk-138cm\/","title":{"rendered":"Strands CL LED-Warnanlage - 138 cm"},"content":{"rendered":"<p><span style=\"color: #000000\"><strong>Strands Cruise Light LED-Warnanlage 138cm, geeignet f\u00fcr 12 &amp; 24 Volt.\u00a0<\/strong><\/span><\/p>\n<p><span style=\"color: #000000\">Sie suchen eine etwas gr\u00f6\u00dfere LED Bakenstange mit verschiedenen Mustern und Schraubbefestigung? Dann ist diese LED Bakenleiste mit klarem Glas und 13 verschiedenen Mustern vielleicht die Lampe, die Sie suchen. Dies ist eine Signallampe, die Sie einfach an verschiedenen Stellen montieren k\u00f6nnen. Die LED-Leuchte ist mit 392 LED best\u00fcckt, sodass Sie sicher sein k\u00f6nnen, Ihre Arbeit gut sichtbar zu verrichten. Die Strands Cruise Light LED Bakenstange 138cm kann mit 12 und 24 Volt verwendet werden. So k\u00f6nnen Sie die Signallampe beispielsweise f\u00fcr Ihr Auto, Ihren LKW, Ihren Traktor, Ihren Anh\u00e4nger oder andere Fahrzeuge verwenden.<\/span><\/p>\n<p><span style=\"color: #000000\">Damit Sie sichergehen k\u00f6nnen, dass der etwas gr\u00f6\u00dfere Strands CL LED-Warnanlage  138cm f\u00fcr Ihr Fahrzeug oder Ihren Anh\u00e4nger geeignet ist. Nachfolgend haben wir einige Spezifikationen aufgeschrieben. All dies, um Ihnen klar zu machen, warum dies die LED-Lampe sein k\u00f6nnte, nach der Sie suchen. Der Cruise Light Roof Bar 138cm ist unter anderem mit dem ECE R10 G\u00fctezeichen versehen. Das ECE R10-G\u00fctezeichen bedeutet, dass die Lampe w\u00e4hrend der Aktivierung keine St\u00f6rungen verursacht, beispielsweise auf Ihrem Funksignal. Die Strands Cruise Light Warnanlage 138cm ist ebenfalls mit dem ECE R65 Klasse 1 (Nacht) und Klasse 2 (Tag) G\u00fctezeichen versehen. Dieses Qualit\u00e4tszeichen weist darauf hin, dass die Lampe LED als Warnlampe verwendet werden darf. Um Sie davon zu \u00fcberzeugen, dass dies die gesuchte Warnlampe sein k\u00f6nnte. Du kannst <a style=\"color: #000000\" href=\"https:\/\/youtu.be\/gC96fBOlRrE\">hier\u00a0<\/a>Sehen Sie sich das Einf\u00fchrungsvideo von Strands an.\u00a0<\/span><\/p>\n<h5><span style=\"color: #000000\"><strong>Abmessungen:<\/strong><\/span><\/h5>\n<p><span style=\"color: #000000\">Weil Sie sicher sein m\u00f6chten, dass der Cruise Light Dachtr\u00e4ger 138 cm \u00fcberall montiert werden kann. Die Abmessungen haben wir unten aufgelistet. Die Abmessungen der Strands CL LED Bakenstange 138cm mit Klarglas sind wie folgt:<\/span><\/p>\n<ul>\n<li><span style=\"color: #000000\">H\u00f6he: 36 mm (66 mm inkl. Halter)<\/span><\/li>\n<li><span style=\"color: #000000\">Breite: 1229,2 mm<\/span><\/li>\n<li><span style=\"color: #000000\">Tiefe: 120 mm<\/span><\/li>\n<\/ul>\n<h5><span style=\"color: #000000\"><strong>Andere Versionen:\u00a0<\/strong><\/span><\/h5>\n<p><span style=\"color: #000000\">M\u00f6chten Sie eine Strands Cruise Light LED Leuchtfeuerleiste kaufen, aber die 138-cm-Version ist nicht das, was Sie suchen? Dann wissen Sie, dass Strands dieses Modell auch in verschiedenen anderen Versionen anbietet. <span style=\"font-size: 16px\">Nachfolgend finden Sie eine \u00dcbersicht \u00fcber die weiteren Ausf\u00fchrungen und Anschlussm\u00f6glichkeiten:<\/span><\/span><\/p>\n<ul>\n<li><span style=\"color: #000000\"><a style=\"color: #000000\" href=\"https:\/\/www.oudadl.testontwikkeling.nl\/de\/produkt\/strands-cruise-light-afstands-bediening\/\" target=\"_blank\" rel=\"noopener\"><strong>Cruise Light Ferngesteuerte Warnanlage\u00a0<\/strong><\/a><\/span><\/li>\n<li><span style=\"color: #000000\"><a style=\"color: #000000\" href=\"https:\/\/www.oudadl.testontwikkeling.nl\/de\/produkt\/strands-cruise-light-afstandsbediening-draadloos\/\" target=\"_blank\" rel=\"noopener\"><strong>Cruise Light Fernbedienung kabellos<\/strong><\/a><\/span><\/li>\n<li><span style=\"color: #000000\"><a style=\"color: #000000\" href=\"https:\/\/www.oudadl.testontwikkeling.nl\/de\/produkt\/strands-cl-led-warnanlage-orange-31cm\/\"><strong>Cruise Light LED-Warnanlage 31 cm<\/strong><\/a><\/span><\/li>\n<li><span style=\"color: #000000\"><a style=\"color: #000000\" href=\"https:\/\/www.oudadl.testontwikkeling.nl\/de\/produkt\/strands-cl-led-warnanlage-orange-77cm\/\"><strong>Cruise Light LED-Warnanlage 77 cm<\/strong><\/a><\/span><\/li>\n<li><span style=\"color: #000000\"><a style=\"color: #000000\" href=\"https:\/\/www.oudadl.testontwikkeling.nl\/de\/produkt\/strands-cl-led-warnanlage-orange-92cm\/\"><strong>Cruise Light LED-Warnanlage 92 cm<\/strong><\/a><\/span><\/li>\n<li><span style=\"color: #000000\"><a style=\"color: #000000\" href=\"https:\/\/www.oudadl.testontwikkeling.nl\/de\/produkt\/strands-cl-led-warnanlage-orange-107cm\/\"><strong>Cruise Light LED-Warnanlage 107 cm<\/strong><\/a><\/span><\/li>\n<li><span style=\"color: #000000\"><a style=\"color: #000000\" href=\"https:\/\/www.oudadl.testontwikkeling.nl\/de\/produkt\/strands-cl-led-warnanlage-orange-122cm\/\"><strong>Cruise Light LED-Warnanlage 122 cm<\/strong><\/a><\/span><\/li>\n<li><span style=\"color: #000000\"><a style=\"color: #000000\" href=\"https:\/\/www.oudadl.testontwikkeling.nl\/de\/produkt\/strands-cl-led-warnanlage-orange-153cm\/\"><strong>Cruise Light LED-Warnanlage 153 cm<\/strong><\/a><\/span><\/li>\n<li><span style=\"color: #000000\"><a style=\"color: #000000\" href=\"https:\/\/www.oudadl.testontwikkeling.nl\/de\/produkt\/strands-cl-led-warnanlage-orange-183cm\/\"><strong>Cruise Light LED-Warnanlage 183 cm<\/strong><\/a><\/span><\/li>\n<\/ul>\n<p><span style=\"color: #000000\">Immer noch nicht \u00fcberzeugt, dass Strands CL LED Bakenstange 138 cm das ist, wonach Sie suchen? Einfach weil Ihnen die Lichtleistung, Wattzahl oder Form nicht gef\u00e4llt? Sehen Sie sich hier das komplette Sortiment an <a style=\"color: #000000\" href=\"https:\/\/www.oudadl.testontwikkeling.nl\/de\/merk\/produkt-strands-beleuchtungsabteilung\/\" target=\"_blank\" rel=\"noopener\">Strands<\/a>. Vielleicht finden Sie hier Ihr gesuchtes Lampenmodell. Ansehen\u00a0<a style=\"color: #000000\" href=\"https:\/\/strandseurope.com\/uploads\/2023\/03\/850216-manual.pdf\" target=\"_blank\" rel=\"noopener\">hier<\/a> das Handbuch des Bakenstrahls.<\/span><\/p>","protected":false},"excerpt":{"rendered":"<p>Strands Cruise Light LED zwaailampbalk 138cm, geschikt voor 12 &amp; 24 volt gebruik.\u00a0 Bent u opzoek naar een wat grotere LED zwaailampbalk met diverse patronen en schroefmontage? Dan is deze LED zwaailampbalk met helder glas en 13 verschillende patronen, wellicht d\u00e9 lamp die u zoekt. Dit is een signalisatie lamp die u eenvoudig op diverse [&hellip;]<\/p>\n","protected":false},"featured_media":28957,"comment_status":"open","ping_status":"closed","template":"","meta":{"_acf_changed":false,"site-sidebar-layout":"default","site-content-layout":"default","ast-site-content-layout":"default","site-content-style":"default","site-sidebar-style":"default","ast-global-header-display":"","ast-banner-title-visibility":"","ast-main-header-display":"","ast-hfb-above-header-display":"","ast-hfb-below-header-display":"","ast-hfb-mobile-header-display":"","site-post-title":"","ast-breadcrumbs-content":"","ast-featured-img":"","footer-sml-layout":"","ast-disable-related-posts":"","theme-transparent-header-meta":"default","adv-header-id-meta":"","stick-header-meta":"","header-above-stick-meta":"","header-main-stick-meta":"","header-below-stick-meta":"","astra-migrate-meta-layouts":"set","ast-page-background-enabled":"default","ast-page-background-meta":{"desktop":{"background-color":"","background-image":"","background-repeat":"repeat","background-position":"center center","background-size":"auto","background-attachment":"scroll","background-type":"","background-media":"","overlay-type":"","overlay-color":"","overlay-opacity":"","overlay-gradient":""},"tablet":{"background-color":"","background-image":"","background-repeat":"repeat","background-position":"center center","background-size":"auto","background-attachment":"scroll","background-type":"","background-media":"","overlay-type":"","overlay-color":"","overlay-opacity":"","overlay-gradient":""},"mobile":{"background-color":"","background-image":"","background-repeat":"repeat","background-position":"center center","background-size":"auto","background-attachment":"scroll","background-type":"","background-media":"","overlay-type":"","overlay-color":"","overlay-opacity":"","overlay-gradient":""}},"ast-content-background-meta":{"desktop":{"background-color":"var(--ast-global-color-5)","background-image":"","background-repeat":"repeat","background-position":"center center","background-size":"auto","background-attachment":"scroll","background-type":"","background-media":"","overlay-type":"","overlay-color":"","overlay-opacity":"","overlay-gradient":""},"tablet":{"background-color":"var(--ast-global-color-5)","background-image":"","background-repeat":"repeat","background-position":"center center","background-size":"auto","background-attachment":"scroll","background-type":"","background-media":"","overlay-type":"","overlay-color":"","overlay-opacity":"","overlay-gradient":""},"mobile":{"background-color":"var(--ast-global-color-5)","background-image":"","background-repeat":"repeat","background-position":"center center","background-size":"auto","background-attachment":"scroll","background-type":"","background-media":"","overlay-type":"","overlay-color":"","overlay-opacity":"","overlay-gradient":""}}},"product_brand":[],"product_cat":[8148],"product_tag":[4844,4847,4846,4854,4931,4852,4848,4851,4853,4845],"class_list":{"0":"post-28956","1":"product","2":"type-product","3":"status-publish","4":"has-post-thumbnail","6":"product_cat-zwaailampbalk","7":"product_tag-led-zwaailamp","8":"product_tag-led-zwaailamp-12-volt","9":"product_tag-led-zwaailamp-24-volt","10":"product_tag-led-zwaailamp-aanhanger","11":"product_tag-led-zwaailamp-auto","12":"product_tag-led-zwaailamp-kooiaap","13":"product_tag-led-zwaailamp-met-ece-r65","14":"product_tag-led-zwaailamp-tractor","15":"product_tag-led-zwaailamp-vrachtwagen","16":"product_tag-strands-led-zwaailamp","17":"pa_merkk-product-strands-lighting-division","18":"desktop-align-left","19":"tablet-align-left","20":"mobile-align-left","22":"first","23":"instock","24":"taxable","25":"shipping-taxable","26":"purchasable","27":"product-type-simple"},"acf":[],"yoast_head":"<!-- This site is optimized with the Yoast SEO Premium plugin v25.9 (Yoast SEO v27.6) - https:\/\/yoast.com\/product\/yoast-seo-premium-wordpress\/ -->\n<title>Strands CL LED zwaailampbalk 138cm - All Day Led - 12&amp;24V<\/title>\n<meta name=\"description\" content=\"Strands CL LED zwaailampbalk 138cm - 108W - 12&amp;24 volt - 392 LED&#039;s - grote LED zwaailamp vrachtwagen, tractor en meer - ECE R65 (klasse 1 &amp; 2) keurmerk\" \/>\n<meta name=\"robots\" content=\"noindex, follow, max-snippet:-1, max-image-preview:large, max-video-preview:-1\" \/>\n<meta property=\"og:locale\" content=\"de_DE\" \/>\n<meta property=\"og:type\" content=\"article\" \/>\n<meta property=\"og:title\" content=\"Strands CL LED zwaailampbalk 138cm - All Day Led - 12&amp;24V\" \/>\n<meta property=\"og:description\" content=\"Strands CL LED zwaailampbalk 138cm - 108W - 12&amp;24 volt - 392 LED&#039;s - grote LED zwaailamp vrachtwagen, tractor en meer - ECE R65 (klasse 1 &amp; 2) keurmerk\" \/>\n<meta property=\"og:url\" content=\"https:\/\/www.oudadl.testontwikkeling.nl\/de\/produkt\/strands-cl-led-warnanlage-orange-138cm\/\" \/>\n<meta property=\"og:site_name\" content=\"All Day Led\" \/>\n<meta property=\"article:publisher\" content=\"https:\/\/www.facebook.com\/alldayled\/\" \/>\n<meta property=\"article:modified_time\" content=\"2025-09-11T11:54:59+00:00\" \/>\n<meta property=\"og:image\" content=\"https:\/\/www.oudadl.testontwikkeling.nl\/wp-content\/uploads\/2024\/10\/ADL850218.01.png\" \/>\n\t<meta property=\"og:image:width\" content=\"800\" \/>\n\t<meta property=\"og:image:height\" content=\"800\" \/>\n\t<meta property=\"og:image:type\" content=\"image\/png\" \/>\n<meta name=\"twitter:label1\" content=\"Preis\" \/>\n\t<meta name=\"twitter:data1\" content=\"&euro;669,00\" \/>\n\t<meta name=\"twitter:label2\" content=\"Verf\u00fcgbarkeit\" \/>\n\t<meta name=\"twitter:data2\" content=\"Auf Lager\" \/>\n<script type=\"application\/ld+json\" class=\"yoast-schema-graph\">{\"@context\":\"https:\\\/\\\/schema.org\",\"@graph\":[{\"@type\":\"WebPage\",\"@id\":\"https:\\\/\\\/www.oudadl.testontwikkeling.nl\\\/product\\\/strands-cl-led-zwaailampbalk-138cm\\\/\",\"url\":\"https:\\\/\\\/www.oudadl.testontwikkeling.nl\\\/product\\\/strands-cl-led-zwaailampbalk-138cm\\\/\",\"name\":\"Strands CL LED zwaailampbalk 138cm - All Day Led - 12&24V\",\"isPartOf\":{\"@id\":\"https:\\\/\\\/www.oudadl.testontwikkeling.nl\\\/#website\"},\"primaryImageOfPage\":{\"@id\":\"https:\\\/\\\/www.oudadl.testontwikkeling.nl\\\/product\\\/strands-cl-led-zwaailampbalk-138cm\\\/#primaryimage\"},\"image\":{\"@id\":\"https:\\\/\\\/www.oudadl.testontwikkeling.nl\\\/product\\\/strands-cl-led-zwaailampbalk-138cm\\\/#primaryimage\"},\"thumbnailUrl\":\"https:\\\/\\\/www.oudadl.testontwikkeling.nl\\\/wp-content\\\/uploads\\\/2022\\\/09\\\/ADL85218.png\",\"datePublished\":\"2022-09-26T09:30:37+00:00\",\"dateModified\":\"2025-09-11T11:54:59+00:00\",\"description\":\"Strands CL LED zwaailampbalk 138cm - 108W - 12&24 volt - 392 LED's - grote LED zwaailamp vrachtwagen, tractor en meer - ECE R65 (klasse 1 & 2) keurmerk\",\"breadcrumb\":{\"@id\":\"https:\\\/\\\/www.oudadl.testontwikkeling.nl\\\/product\\\/strands-cl-led-zwaailampbalk-138cm\\\/#breadcrumb\"},\"inLanguage\":\"de\",\"potentialAction\":[{\"@type\":\"ReadAction\",\"target\":[\"https:\\\/\\\/www.oudadl.testontwikkeling.nl\\\/product\\\/strands-cl-led-zwaailampbalk-138cm\\\/\"]}]},{\"@type\":\"ImageObject\",\"inLanguage\":\"de\",\"@id\":\"https:\\\/\\\/www.oudadl.testontwikkeling.nl\\\/product\\\/strands-cl-led-zwaailampbalk-138cm\\\/#primaryimage\",\"url\":\"https:\\\/\\\/www.oudadl.testontwikkeling.nl\\\/wp-content\\\/uploads\\\/2022\\\/09\\\/ADL85218.png\",\"contentUrl\":\"https:\\\/\\\/www.oudadl.testontwikkeling.nl\\\/wp-content\\\/uploads\\\/2022\\\/09\\\/ADL85218.png\",\"width\":800,\"height\":600,\"caption\":\"Strands Cruise Light LED zwaailampbalk 138cm - 114Watt - LED Roof Bar voor 12 & 24 volt gebruikt - EAN: 7350133811244\"},{\"@type\":\"BreadcrumbList\",\"@id\":\"https:\\\/\\\/www.oudadl.testontwikkeling.nl\\\/product\\\/strands-cl-led-zwaailampbalk-138cm\\\/#breadcrumb\",\"itemListElement\":[{\"@type\":\"ListItem\",\"position\":1,\"name\":\"Home\",\"item\":\"https:\\\/\\\/www.oudadl.testontwikkeling.nl\\\/\"},{\"@type\":\"ListItem\",\"position\":2,\"name\":\"Shop\",\"item\":\"https:\\\/\\\/www.oudadl.testontwikkeling.nl\\\/de\\\/shop\\\/\"},{\"@type\":\"ListItem\",\"position\":3,\"name\":\"Flitsers en zwaailampen\",\"item\":\"https:\\\/\\\/www.oudadl.testontwikkeling.nl\\\/product-categorie\\\/flitsers-zwaailampen\\\/\"},{\"@type\":\"ListItem\",\"position\":4,\"name\":\"Zwaailampbalk\",\"item\":\"https:\\\/\\\/www.oudadl.testontwikkeling.nl\\\/product-categorie\\\/flitsers-zwaailampen\\\/zwaailampbalk\\\/\"},{\"@type\":\"ListItem\",\"position\":5,\"name\":\"Strands CL LED zwaailampbalk &#8211; 138cm\"}]},{\"@type\":\"WebSite\",\"@id\":\"https:\\\/\\\/www.oudadl.testontwikkeling.nl\\\/#website\",\"url\":\"https:\\\/\\\/www.oudadl.testontwikkeling.nl\\\/\",\"name\":\"All Day Led\",\"description\":\"\",\"publisher\":{\"@id\":\"https:\\\/\\\/www.oudadl.testontwikkeling.nl\\\/#organization\"},\"potentialAction\":[{\"@type\":\"SearchAction\",\"target\":{\"@type\":\"EntryPoint\",\"urlTemplate\":\"https:\\\/\\\/www.oudadl.testontwikkeling.nl\\\/?s={search_term_string}\"},\"query-input\":{\"@type\":\"PropertyValueSpecification\",\"valueRequired\":true,\"valueName\":\"search_term_string\"}}],\"inLanguage\":\"de\"},{\"@type\":\"Organization\",\"@id\":\"https:\\\/\\\/www.oudadl.testontwikkeling.nl\\\/#organization\",\"name\":\"All Day Led\",\"url\":\"https:\\\/\\\/www.oudadl.testontwikkeling.nl\\\/\",\"logo\":{\"@type\":\"ImageObject\",\"inLanguage\":\"de\",\"@id\":\"https:\\\/\\\/www.oudadl.testontwikkeling.nl\\\/#\\\/schema\\\/logo\\\/image\\\/\",\"url\":\"https:\\\/\\\/www.oudadl.testontwikkeling.nl\\\/wp-content\\\/uploads\\\/2022\\\/08\\\/Logo-ALL-DAY-LED-800x800-zwart-witte-letters.png\",\"contentUrl\":\"https:\\\/\\\/www.oudadl.testontwikkeling.nl\\\/wp-content\\\/uploads\\\/2022\\\/08\\\/Logo-ALL-DAY-LED-800x800-zwart-witte-letters.png\",\"width\":800,\"height\":800,\"caption\":\"All Day Led\"},\"image\":{\"@id\":\"https:\\\/\\\/www.oudadl.testontwikkeling.nl\\\/#\\\/schema\\\/logo\\\/image\\\/\"},\"sameAs\":[\"https:\\\/\\\/www.facebook.com\\\/alldayled\\\/\",\"https:\\\/\\\/www.instagram.com\\\/alldayled\\\/\"],\"vatID\":\"NL863960133B01\",\"taxID\":\"86416545\",\"hasMerchantReturnPolicy\":{\"@type\":\"MerchantReturnPolicy\",\"merchantReturnLink\":\"https:\\\/\\\/www.oudadl.testontwikkeling.nl\\\/de\\\/verzenden-retourneren\\\/\"}}]}<\/script>\n<meta property=\"product:brand\" content=\"Strands\" \/>\n<meta property=\"product:price:amount\" content=\"669.00\" \/>\n<meta property=\"product:price:currency\" content=\"EUR\" \/>\n<meta property=\"og:availability\" content=\"instock\" \/>\n<meta property=\"product:availability\" content=\"instock\" \/>\n<meta property=\"product:retailer_item_id\" content=\"ADL850218\" \/>\n<meta property=\"product:condition\" content=\"new\" \/>\n<!-- \/ Yoast SEO Premium plugin. -->","yoast_head_json":{"title":"Strands CL LED-Warnanlage 138 cm - All Day Led - 12&amp;24V","description":"Strands CL LED Rundumleuchte 138 cm \u2013 108 W \u2013 12&amp;24 volt \u2013 392 LED's \u2013 gro\u00df LED Rundumleuchte f\u00fcr LKW, Traktor und mehr \u2013 ECE R65 (Klasse 1 &amp; 2) Zulassung","robots":{"index":"noindex","follow":"follow","max-snippet":"max-snippet:-1","max-image-preview":"max-image-preview:large","max-video-preview":"max-video-preview:-1"},"og_locale":"de_DE","og_type":"article","og_title":"Strands CL LED zwaailampbalk 138cm - All Day Led - 12&24V","og_description":"Strands CL LED zwaailampbalk 138cm - 108W - 12&24 volt - 392 LED's - grote LED zwaailamp vrachtwagen, tractor en meer - ECE R65 (klasse 1 & 2) keurmerk","og_url":"https:\/\/www.oudadl.testontwikkeling.nl\/de\/produkt\/strands-cl-led-warnanlage-orange-138cm\/","og_site_name":"All Day Led","article_publisher":"https:\/\/www.facebook.com\/alldayled\/","article_modified_time":"2025-09-11T11:54:59+00:00","og_image":[{"width":800,"height":800,"url":"https:\/\/www.oudadl.testontwikkeling.nl\/wp-content\/uploads\/2024\/10\/ADL850218.01.png","type":"image\/png"}],"twitter_misc":{"Preis":"&euro;669,00","Verf\u00fcgbarkeit":"Auf Lager"},"schema":{"@context":"https:\/\/schema.org","@graph":[{"@type":"WebPage","@id":"https:\/\/www.oudadl.testontwikkeling.nl\/product\/strands-cl-led-zwaailampbalk-138cm\/","url":"https:\/\/www.oudadl.testontwikkeling.nl\/product\/strands-cl-led-zwaailampbalk-138cm\/","name":"Strands CL LED-Warnanlage 138 cm - All Day Led - 12&amp;24V","isPartOf":{"@id":"https:\/\/www.oudadl.testontwikkeling.nl\/#website"},"primaryImageOfPage":{"@id":"https:\/\/www.oudadl.testontwikkeling.nl\/product\/strands-cl-led-zwaailampbalk-138cm\/#primaryimage"},"image":{"@id":"https:\/\/www.oudadl.testontwikkeling.nl\/product\/strands-cl-led-zwaailampbalk-138cm\/#primaryimage"},"thumbnailUrl":"https:\/\/www.oudadl.testontwikkeling.nl\/wp-content\/uploads\/2022\/09\/ADL85218.png","datePublished":"2022-09-26T09:30:37+00:00","dateModified":"2025-09-11T11:54:59+00:00","description":"Strands CL LED Rundumleuchte 138 cm \u2013 108 W \u2013 12&amp;24 volt \u2013 392 LED's \u2013 gro\u00df LED Rundumleuchte f\u00fcr LKW, Traktor und mehr \u2013 ECE R65 (Klasse 1 &amp; 2) Zulassung","breadcrumb":{"@id":"https:\/\/www.oudadl.testontwikkeling.nl\/product\/strands-cl-led-zwaailampbalk-138cm\/#breadcrumb"},"inLanguage":"de","potentialAction":[{"@type":"ReadAction","target":["https:\/\/www.oudadl.testontwikkeling.nl\/product\/strands-cl-led-zwaailampbalk-138cm\/"]}]},{"@type":"ImageObject","inLanguage":"de","@id":"https:\/\/www.oudadl.testontwikkeling.nl\/product\/strands-cl-led-zwaailampbalk-138cm\/#primaryimage","url":"https:\/\/www.oudadl.testontwikkeling.nl\/wp-content\/uploads\/2022\/09\/ADL85218.png","contentUrl":"https:\/\/www.oudadl.testontwikkeling.nl\/wp-content\/uploads\/2022\/09\/ADL85218.png","width":800,"height":600,"caption":"Strands Cruise Light LED zwaailampbalk 138cm - 114Watt - LED Roof Bar voor 12 & 24 volt gebruikt - EAN: 7350133811244"},{"@type":"BreadcrumbList","@id":"https:\/\/www.oudadl.testontwikkeling.nl\/product\/strands-cl-led-zwaailampbalk-138cm\/#breadcrumb","itemListElement":[{"@type":"ListItem","position":1,"name":"Home","item":"https:\/\/www.oudadl.testontwikkeling.nl\/"},{"@type":"ListItem","position":2,"name":"Shop","item":"https:\/\/www.oudadl.testontwikkeling.nl\/de\/shop\/"},{"@type":"ListItem","position":3,"name":"Flitsers en zwaailampen","item":"https:\/\/www.oudadl.testontwikkeling.nl\/product-categorie\/flitsers-zwaailampen\/"},{"@type":"ListItem","position":4,"name":"Zwaailampbalk","item":"https:\/\/www.oudadl.testontwikkeling.nl\/product-categorie\/flitsers-zwaailampen\/zwaailampbalk\/"},{"@type":"ListItem","position":5,"name":"Strands CL LED zwaailampbalk &#8211; 138cm"}]},{"@type":"WebSite","@id":"https:\/\/www.oudadl.testontwikkeling.nl\/#website","url":"https:\/\/www.oudadl.testontwikkeling.nl\/","name":"All Day Led","description":"","publisher":{"@id":"https:\/\/www.oudadl.testontwikkeling.nl\/#organization"},"potentialAction":[{"@type":"SearchAction","target":{"@type":"EntryPoint","urlTemplate":"https:\/\/www.oudadl.testontwikkeling.nl\/?s={search_term_string}"},"query-input":{"@type":"PropertyValueSpecification","valueRequired":true,"valueName":"search_term_string"}}],"inLanguage":"de"},{"@type":"Organization","@id":"https:\/\/www.oudadl.testontwikkeling.nl\/#organization","name":"All Day Led","url":"https:\/\/www.oudadl.testontwikkeling.nl\/","logo":{"@type":"ImageObject","inLanguage":"de","@id":"https:\/\/www.oudadl.testontwikkeling.nl\/#\/schema\/logo\/image\/","url":"https:\/\/www.oudadl.testontwikkeling.nl\/wp-content\/uploads\/2022\/08\/Logo-ALL-DAY-LED-800x800-zwart-witte-letters.png","contentUrl":"https:\/\/www.oudadl.testontwikkeling.nl\/wp-content\/uploads\/2022\/08\/Logo-ALL-DAY-LED-800x800-zwart-witte-letters.png","width":800,"height":800,"caption":"All Day Led"},"image":{"@id":"https:\/\/www.oudadl.testontwikkeling.nl\/#\/schema\/logo\/image\/"},"sameAs":["https:\/\/www.facebook.com\/alldayled\/","https:\/\/www.instagram.com\/alldayled\/"],"vatID":"NL863960133B01","taxID":"86416545","hasMerchantReturnPolicy":{"@type":"MerchantReturnPolicy","merchantReturnLink":"https:\/\/www.oudadl.testontwikkeling.nl\/de\/verzenden-retourneren\/"}}]},"product_brand":"Strands","product_price_amount":"669.00","product_price_currency":"EUR","og_availability":"instock","product_availability":"instock","product_retailer_item_id":"ADL850218","product_condition":"new"},"_links":{"self":[{"href":"https:\/\/www.oudadl.testontwikkeling.nl\/de\/wp-json\/wp\/v2\/product\/28956","targetHints":{"allow":["GET"]}}],"collection":[{"href":"https:\/\/www.oudadl.testontwikkeling.nl\/de\/wp-json\/wp\/v2\/product"}],"about":[{"href":"https:\/\/www.oudadl.testontwikkeling.nl\/de\/wp-json\/wp\/v2\/types\/product"}],"replies":[{"embeddable":true,"href":"https:\/\/www.oudadl.testontwikkeling.nl\/de\/wp-json\/wp\/v2\/comments?post=28956"}],"wp:featuredmedia":[{"embeddable":true,"href":"https:\/\/www.oudadl.testontwikkeling.nl\/de\/wp-json\/wp\/v2\/media\/28957"}],"wp:attachment":[{"href":"https:\/\/www.oudadl.testontwikkeling.nl\/de\/wp-json\/wp\/v2\/media?parent=28956"}],"wp:term":[{"taxonomy":"product_brand","embeddable":true,"href":"https:\/\/www.oudadl.testontwikkeling.nl\/de\/wp-json\/wp\/v2\/product_brand?post=28956"},{"taxonomy":"product_cat","embeddable":true,"href":"https:\/\/www.oudadl.testontwikkeling.nl\/de\/wp-json\/wp\/v2\/product_cat?post=28956"},{"taxonomy":"product_tag","embeddable":true,"href":"https:\/\/www.oudadl.testontwikkeling.nl\/de\/wp-json\/wp\/v2\/product_tag?post=28956"}],"curies":[{"name":"wp","href":"https:\/\/api.w.org\/{rel}","templated":true}]}}