{"id":27511,"date":"2020-01-01T09:00:13","date_gmt":"2020-01-01T07:00:13","guid":{"rendered":"https:\/\/www.oudadl.testontwikkeling.nl\/?post_type=product&#038;p=27511"},"modified":"2025-11-28T16:35:14","modified_gmt":"2025-11-28T15:35:14","slug":"gd900-warmeleitpaste-fur-drl-unit","status":"publish","type":"product","link":"https:\/\/www.oudadl.testontwikkeling.nl\/de\/product\/gd900-koelpasta-voor-drl-unit\/","title":{"rendered":"W\u00e4rmeleitpaste f\u00fcr DRL Unit"},"content":{"rendered":"<p><span style=\"color: #000000;\"><strong>GD900 W\u00e4rmeleitpaste f\u00fcr DRL Unit 0,5 Gramm.<\/strong><\/span><\/p>\n<p><span style=\"color: #000000;\">Du hast ein DRL-Set gekauft und musstest es zum Beispiel gegen die APK tauschen und dir fehlt jetzt die W\u00e4rmeleitpaste? Dann ist die W\u00e4rmeleitpaste GD900 m\u00f6glicherweise die Paste, nach der Sie suchen. Ein Beutel enth\u00e4lt 05.gr GD900 W\u00e4rmeleitpaste. Mit der 0,5gr W\u00e4rmeleitpaste k\u00f6nnen Sie ein komplettes Set mit neuer Paste versorgen, wenn Sie die Paste nach und nach auftragen. Die W\u00e4rmeleitpaste ist f\u00fcr die erh\u00e4ltlichen DRL-Sets gemacht, kann aber auch f\u00fcr diverse andere Zwecke verwendet werden. Denken Sie zum Beispiel an eine CPU, GPU oder einen anderen Elementtyp.\u00a0<\/span><\/p>\n<p><span style=\"color: #000000;\">Eine Packung enth\u00e4lt 0,5 g W\u00e4rmeleitpaste. Die W\u00e4rmeleitpaste soll zum Beispiel verhindern, dass die DRL-Einheit im LKW \u00fcberhitzt. Die W\u00e4rmeleitpaste GD900 sollte nach und nach auf das Ger\u00e4t aufgetragen werden. Dies schafft einen optimalen Betrieb und das Ger\u00e4t wird nicht schnell \u00fcberhitzen. Wenn das Modul oder die Einheit noch Reste von Paste von der vorherigen Montage hat, entfernen Sie diese immer, bevor Sie die neue W\u00e4rmeleitpaste auftragen. Die W\u00e4rmeleitf\u00e4higkeit dieser Paste betr\u00e4gt 4,8 W\/mk.\u00a0<\/span><\/p>\n<h5><span style=\"color: #000000;\"><strong>Verwendung f\u00fcr:\u00a0<\/strong><\/span><\/h5>\n<p><span style=\"color: #000000;\">Diese kleine T\u00fcte W\u00e4rmeleitpaste GD900 kann unter anderem f\u00fcr folgende DRL-Sets verwendet werden. Um eine optimale K\u00fchlung zu gew\u00e4hrleisten, empfehlen wir immer die Verwendung der W\u00e4rmeleitpaste GD900. Verf\u00fcgbare Baus\u00e4tze:\u00a0<\/span><\/p>\n<ul>\n<li><span style=\"color: #000000;\"><strong><a style=\"color: #000000;\" href=\"https:\/\/www.oudadl.testontwikkeling.nl\/de\/produkt\/scania-drl-unit-oranje-led-koplamp\/\" target=\"_blank\" rel=\"noopener\">Scania DRL orange 2016+ (LED Scheinwerfer)<\/a><br \/>\n<\/strong><\/span><\/li>\n<li><span style=\"color: #000000;\"><strong><a style=\"color: #000000;\" href=\"https:\/\/www.oudadl.testontwikkeling.nl\/de\/produkt\/scania-drl-unit-warm-wit-led-koplamp\/\">Scania DRL w-wei\u00df 2016+ (LED Scheinwerfer)<\/a><br \/>\n<\/strong><\/span><\/li>\n<li><span style=\"color: #000000;\"><a style=\"color: #000000;\" href=\"https:\/\/www.oudadl.testontwikkeling.nl\/de\/produkt\/dagrijverlichting-scania-led-xenon-wit\/\"><strong>Scania DRL x-wei\u00df 2016+ (LED Scheinwerfer)<\/strong><\/a><\/span><\/li>\n<li><span style=\"color: #000000;\"><strong><a style=\"color: #000000;\" href=\"https:\/\/www.oudadl.testontwikkeling.nl\/de\/produkt\/mercedes-actros-drl-unit-oranje\/\" target=\"_blank\" rel=\"noopener\">Mercedes Actros DRL orange 2020+<\/a><br \/>\n<\/strong><\/span><\/li>\n<li><span style=\"color: #000000;\"><strong><a style=\"color: #000000;\" href=\"https:\/\/www.oudadl.testontwikkeling.nl\/de\/produkt\/mercedes-arocs-drl-unit-oranje\/\" target=\"_blank\" rel=\"noopener\">Mercedes Arocs DRL orange 2020+<\/a><\/strong><\/span><\/li>\n<li><span style=\"color: #000000;\"><strong><a style=\"color: #000000;\" href=\"https:\/\/www.oudadl.testontwikkeling.nl\/de\/produkt\/mercedes-actros-drl-unit-warm-wit\/\" target=\"_blank\" rel=\"noopener\">Mercedes Actros DRL wei\u00df 2020+<\/a><\/strong><\/span><\/li>\n<li><a href=\"https:\/\/www.oudadl.testontwikkeling.nl\/de\/produkt\/dagrijverlichting-mercedes-actros-2020-xenon-wit\/\"><span style=\"color: #000000;\"><strong>Mercedes Actros DRL x-wei\u00df 2020+<\/strong><\/span><\/a><\/li>\n<li><span style=\"color: #000000;\"><strong><a style=\"color: #000000;\" href=\"https:\/\/www.oudadl.testontwikkeling.nl\/de\/produkt\/mercedes-arocs-drl-unit-warm-wit\/\" target=\"_blank\" rel=\"noopener\">Mercedes Arocs DRL wei\u00df 2020+<\/a><\/strong><\/span><\/li>\n<li><span style=\"color: #000000;\"><strong><a style=\"color: #000000;\" href=\"https:\/\/www.oudadl.testontwikkeling.nl\/de\/produkt\/man-tg1-drl-unit-oranje\/\" target=\"_blank\" rel=\"noopener\">MAN Tagfahrlicht orange 2014\/2017<\/a><\/strong><\/span><\/li>\n<li><span style=\"color: #000000;\"><strong><a style=\"color: #000000;\" href=\"https:\/\/www.oudadl.testontwikkeling.nl\/de\/produkt\/man-tg2-drl-unit-oranje\/\" target=\"_blank\" rel=\"noopener\">MAN Tagfahrlicht orange 2017\/2021<\/a><\/strong><\/span><\/li>\n<li><span style=\"color: #000000;\"><strong><a style=\"color: #000000;\" href=\"https:\/\/www.oudadl.testontwikkeling.nl\/de\/produkt\/man-tg3-drl-unit-oranje\/\" target=\"_blank\" rel=\"noopener\">MAN Tagfahrlicht orange 2021+<\/a><\/strong><\/span><\/li>\n<li><span style=\"color: #000000;\"><strong><a style=\"color: #000000;\" href=\"https:\/\/www.oudadl.testontwikkeling.nl\/de\/produkt\/man-tg3-drl-unit-warm-wit\/\" target=\"_blank\" rel=\"noopener\">MAN DRL w-wei\u00df 2021+<\/a><\/strong><\/span><\/li>\n<li><span style=\"color: #000000;\"><strong><a style=\"color: #000000;\" href=\"https:\/\/www.oudadl.testontwikkeling.nl\/de\/produkt\/iveco-s-way-drl-unit-oranje\/\">Iveco Tagfahrlicht orange 2020+<\/a><\/strong><\/span><\/li>\n<li><span style=\"color: #000000;\"><strong><a style=\"color: #000000;\" href=\"https:\/\/www.oudadl.testontwikkeling.nl\/de\/produkt\/iveco-s-way-drl-unit-warm-wit\/\">Iveco DRL w-wei\u00df 2020+<\/a><\/strong><\/span><\/li>\n<li><span style=\"color: #000000;\"><strong><a style=\"color: #000000;\" href=\"https:\/\/www.oudadl.testontwikkeling.nl\/de\/produkt\/volvo-drl-unit-oranje-2012-2015\/\" target=\"_blank\" rel=\"noopener\">Volvo Tagfahrlicht orange 2012\/2015<\/a><\/strong><\/span><\/li>\n<li><span style=\"color: #000000;\"><strong><a style=\"color: #000000;\" href=\"https:\/\/www.oudadl.testontwikkeling.nl\/de\/produkt\/volvo-drl-unit-oranje-2015\/\" target=\"_blank\" rel=\"noopener\">Volvo Tagfahrlicht orange 2015\/2021<\/a><\/strong><\/span><\/li>\n<li><span style=\"color: #000000;\"><strong><a style=\"color: #000000;\" href=\"https:\/\/www.oudadl.testontwikkeling.nl\/de\/produkt\/volvo-drl-unit-warm-wit-2015\/\" target=\"_blank\" rel=\"noopener\">Volvo DRL w-wei\u00df 2012\/2015<\/a><\/strong><\/span><\/li>\n<li><span style=\"color: #000000;\"><a style=\"color: #000000;\" href=\"https:\/\/www.oudadl.testontwikkeling.nl\/de\/produkt\/dagrijverlichting-volvo-2021-wit-oranje\/\"><strong>Volvo DRL DUAL Farbe 2021+<\/strong><\/a><\/span><\/li>\n<li><span style=\"color: #000000;\"><strong><a style=\"color: #000000;\" href=\"https:\/\/www.oudadl.testontwikkeling.nl\/de\/produkt\/volvo-drl-unit-oranje-2021\/\" target=\"_blank\" rel=\"noopener\">Volvo Tagfahrlicht orange 2021+<\/a><br \/>\n<\/strong><\/span><\/li>\n<li><span style=\"color: #000000;\"><strong><a style=\"color: #000000;\" href=\"https:\/\/www.oudadl.testontwikkeling.nl\/de\/produkt\/volvo-drl-unit-warm-wit-2021\/\" target=\"_blank\" rel=\"noopener\">Volvo DRL w-wei\u00df 2021+<\/a><\/strong><\/span><\/li>\n<\/ul>","protected":false},"excerpt":{"rendered":"<p>GD900 koelpasta voor DRL unit 0.5 gram. Heeft u een DRL set gekocht en heeft u deze bijvoorbeeld voor de APK moeten wisselen en komt u nu koelpasta te kort? Dan is de GD900 koelpasta wellicht d\u00e9 pasta die u zoekt. Een zakje bevat 05.gr GD900 koelpasta. Met de 0.5gr koelpasta kunt u als u [&hellip;]<\/p>\n","protected":false},"featured_media":27512,"comment_status":"open","ping_status":"closed","template":"","meta":{"_acf_changed":false,"site-sidebar-layout":"default","site-content-layout":"default","ast-site-content-layout":"default","site-content-style":"default","site-sidebar-style":"default","ast-global-header-display":"","ast-banner-title-visibility":"","ast-main-header-display":"","ast-hfb-above-header-display":"","ast-hfb-below-header-display":"","ast-hfb-mobile-header-display":"","site-post-title":"","ast-breadcrumbs-content":"","ast-featured-img":"","footer-sml-layout":"","ast-disable-related-posts":"","theme-transparent-header-meta":"default","adv-header-id-meta":"","stick-header-meta":"","header-above-stick-meta":"","header-main-stick-meta":"","header-below-stick-meta":"","astra-migrate-meta-layouts":"set","ast-page-background-enabled":"default","ast-page-background-meta":{"desktop":{"background-color":"","background-image":"","background-repeat":"repeat","background-position":"center center","background-size":"auto","background-attachment":"scroll","background-type":"","background-media":"","overlay-type":"","overlay-color":"","overlay-opacity":"","overlay-gradient":""},"tablet":{"background-color":"","background-image":"","background-repeat":"repeat","background-position":"center center","background-size":"auto","background-attachment":"scroll","background-type":"","background-media":"","overlay-type":"","overlay-color":"","overlay-opacity":"","overlay-gradient":""},"mobile":{"background-color":"","background-image":"","background-repeat":"repeat","background-position":"center center","background-size":"auto","background-attachment":"scroll","background-type":"","background-media":"","overlay-type":"","overlay-color":"","overlay-opacity":"","overlay-gradient":""}},"ast-content-background-meta":{"desktop":{"background-color":"var(--ast-global-color-5)","background-image":"","background-repeat":"repeat","background-position":"center center","background-size":"auto","background-attachment":"scroll","background-type":"","background-media":"","overlay-type":"","overlay-color":"","overlay-opacity":"","overlay-gradient":""},"tablet":{"background-color":"var(--ast-global-color-5)","background-image":"","background-repeat":"repeat","background-position":"center center","background-size":"auto","background-attachment":"scroll","background-type":"","background-media":"","overlay-type":"","overlay-color":"","overlay-opacity":"","overlay-gradient":""},"mobile":{"background-color":"var(--ast-global-color-5)","background-image":"","background-repeat":"repeat","background-position":"center center","background-size":"auto","background-attachment":"scroll","background-type":"","background-media":"","overlay-type":"","overlay-color":"","overlay-opacity":"","overlay-gradient":""}}},"product_brand":[],"product_cat":[210,7209,216,217,222],"product_tag":[],"class_list":{"0":"post-27511","1":"product","2":"type-product","3":"status-publish","4":"has-post-thumbnail","6":"product_cat-dagrijlampen","7":"product_cat-iveco-verlichting","8":"product_cat-man-verlichting","9":"product_cat-scania-verlichting","10":"product_cat-volvo-verlichting","11":"desktop-align-left","12":"tablet-align-left","13":"mobile-align-left","15":"first","16":"instock","17":"taxable","18":"shipping-taxable","19":"purchasable","20":"product-type-simple"},"acf":[],"yoast_head":"<!-- This site is optimized with the Yoast SEO Premium plugin v25.9 (Yoast SEO v27.6) - https:\/\/yoast.com\/product\/yoast-seo-premium-wordpress\/ -->\n<title>Koelpasta voor DRL unit - All Day Led - geschikt voor DRL - CPU - GPU<\/title>\n<meta name=\"description\" content=\"Koelpasta voor DRL unit - 0.5 gram GD900 koelpasta - ook geschikt voor CPU, GPU koeling - warmtegeleidbaarheid 4.8 W\/mk.\u00a0- direct leverbaar\" \/>\n<meta name=\"robots\" content=\"noindex, follow, max-snippet:-1, max-image-preview:large, max-video-preview:-1\" \/>\n<meta property=\"og:locale\" content=\"de_DE\" \/>\n<meta property=\"og:type\" content=\"article\" \/>\n<meta property=\"og:title\" content=\"Koelpasta voor DRL unit\" \/>\n<meta property=\"og:description\" content=\"GD900 koelpasta voor DRL unit 0.5 gram. Heeft u een DRL set gekocht en heeft u deze bijvoorbeeld voor de APK moeten wisselen en komt u nu koelpasta te\" \/>\n<meta property=\"og:url\" content=\"https:\/\/www.oudadl.testontwikkeling.nl\/de\/produkt\/gd900-warmeleitpaste-fur-drl-unit\/\" \/>\n<meta property=\"og:site_name\" content=\"All Day Led\" \/>\n<meta property=\"article:publisher\" content=\"https:\/\/www.facebook.com\/alldayled\/\" \/>\n<meta property=\"article:modified_time\" content=\"2025-11-28T15:35:14+00:00\" \/>\n<meta property=\"og:image\" content=\"https:\/\/www.oudadl.testontwikkeling.nl\/wp-content\/uploads\/2022\/07\/ADL03635.png\" \/>\n\t<meta property=\"og:image:width\" content=\"800\" \/>\n\t<meta property=\"og:image:height\" content=\"600\" \/>\n\t<meta property=\"og:image:type\" content=\"image\/png\" \/>\n<meta name=\"twitter:label1\" content=\"Preis\" \/>\n\t<meta name=\"twitter:data1\" content=\"&euro;1,00\" \/>\n\t<meta name=\"twitter:label2\" content=\"Verf\u00fcgbarkeit\" \/>\n\t<meta name=\"twitter:data2\" content=\"Auf Lager\" \/>\n<script type=\"application\/ld+json\" class=\"yoast-schema-graph\">{\"@context\":\"https:\\\/\\\/schema.org\",\"@graph\":[{\"@type\":\"WebPage\",\"@id\":\"https:\\\/\\\/www.oudadl.testontwikkeling.nl\\\/product\\\/gd900-koelpasta-voor-drl-unit\\\/\",\"url\":\"https:\\\/\\\/www.oudadl.testontwikkeling.nl\\\/product\\\/gd900-koelpasta-voor-drl-unit\\\/\",\"name\":\"Koelpasta voor DRL unit - All Day Led - geschikt voor DRL - CPU - GPU\",\"isPartOf\":{\"@id\":\"https:\\\/\\\/www.oudadl.testontwikkeling.nl\\\/#website\"},\"primaryImageOfPage\":{\"@id\":\"https:\\\/\\\/www.oudadl.testontwikkeling.nl\\\/product\\\/gd900-koelpasta-voor-drl-unit\\\/#primaryimage\"},\"image\":{\"@id\":\"https:\\\/\\\/www.oudadl.testontwikkeling.nl\\\/product\\\/gd900-koelpasta-voor-drl-unit\\\/#primaryimage\"},\"thumbnailUrl\":\"https:\\\/\\\/www.oudadl.testontwikkeling.nl\\\/wp-content\\\/uploads\\\/2022\\\/07\\\/ADL03635.png\",\"datePublished\":\"2020-01-01T07:00:13+00:00\",\"dateModified\":\"2025-11-28T15:35:14+00:00\",\"description\":\"Koelpasta voor DRL unit - 0.5 gram GD900 koelpasta - ook geschikt voor CPU, GPU koeling - warmtegeleidbaarheid 4.8 W\\\/mk.\u00a0- direct leverbaar\",\"breadcrumb\":{\"@id\":\"https:\\\/\\\/www.oudadl.testontwikkeling.nl\\\/product\\\/gd900-koelpasta-voor-drl-unit\\\/#breadcrumb\"},\"inLanguage\":\"de\",\"potentialAction\":[{\"@type\":\"ReadAction\",\"target\":[\"https:\\\/\\\/www.oudadl.testontwikkeling.nl\\\/product\\\/gd900-koelpasta-voor-drl-unit\\\/\"]}]},{\"@type\":\"ImageObject\",\"inLanguage\":\"de\",\"@id\":\"https:\\\/\\\/www.oudadl.testontwikkeling.nl\\\/product\\\/gd900-koelpasta-voor-drl-unit\\\/#primaryimage\",\"url\":\"https:\\\/\\\/www.oudadl.testontwikkeling.nl\\\/wp-content\\\/uploads\\\/2022\\\/07\\\/ADL03635.png\",\"contentUrl\":\"https:\\\/\\\/www.oudadl.testontwikkeling.nl\\\/wp-content\\\/uploads\\\/2022\\\/07\\\/ADL03635.png\",\"width\":800,\"height\":600,\"caption\":\"GD900 koelpasta voor DRL unit, CPU, GPU en meer - zakje van 05. gram\"},{\"@type\":\"BreadcrumbList\",\"@id\":\"https:\\\/\\\/www.oudadl.testontwikkeling.nl\\\/product\\\/gd900-koelpasta-voor-drl-unit\\\/#breadcrumb\",\"itemListElement\":[{\"@type\":\"ListItem\",\"position\":1,\"name\":\"Home\",\"item\":\"https:\\\/\\\/www.oudadl.testontwikkeling.nl\\\/\"},{\"@type\":\"ListItem\",\"position\":2,\"name\":\"Shop\",\"item\":\"https:\\\/\\\/www.oudadl.testontwikkeling.nl\\\/de\\\/shop\\\/\"},{\"@type\":\"ListItem\",\"position\":3,\"name\":\"Overige\",\"item\":\"https:\\\/\\\/www.oudadl.testontwikkeling.nl\\\/product-categorie\\\/overige-producten\\\/\"},{\"@type\":\"ListItem\",\"position\":4,\"name\":\"Dagrijlampen\",\"item\":\"https:\\\/\\\/www.oudadl.testontwikkeling.nl\\\/product-categorie\\\/overige-producten\\\/dagrijlampen\\\/\"},{\"@type\":\"ListItem\",\"position\":5,\"name\":\"Koelpasta voor DRL unit\"}]},{\"@type\":\"WebSite\",\"@id\":\"https:\\\/\\\/www.oudadl.testontwikkeling.nl\\\/#website\",\"url\":\"https:\\\/\\\/www.oudadl.testontwikkeling.nl\\\/\",\"name\":\"All Day Led\",\"description\":\"\",\"publisher\":{\"@id\":\"https:\\\/\\\/www.oudadl.testontwikkeling.nl\\\/#organization\"},\"potentialAction\":[{\"@type\":\"SearchAction\",\"target\":{\"@type\":\"EntryPoint\",\"urlTemplate\":\"https:\\\/\\\/www.oudadl.testontwikkeling.nl\\\/?s={search_term_string}\"},\"query-input\":{\"@type\":\"PropertyValueSpecification\",\"valueRequired\":true,\"valueName\":\"search_term_string\"}}],\"inLanguage\":\"de\"},{\"@type\":\"Organization\",\"@id\":\"https:\\\/\\\/www.oudadl.testontwikkeling.nl\\\/#organization\",\"name\":\"All Day Led\",\"url\":\"https:\\\/\\\/www.oudadl.testontwikkeling.nl\\\/\",\"logo\":{\"@type\":\"ImageObject\",\"inLanguage\":\"de\",\"@id\":\"https:\\\/\\\/www.oudadl.testontwikkeling.nl\\\/#\\\/schema\\\/logo\\\/image\\\/\",\"url\":\"https:\\\/\\\/www.oudadl.testontwikkeling.nl\\\/wp-content\\\/uploads\\\/2022\\\/08\\\/Logo-ALL-DAY-LED-800x800-zwart-witte-letters.png\",\"contentUrl\":\"https:\\\/\\\/www.oudadl.testontwikkeling.nl\\\/wp-content\\\/uploads\\\/2022\\\/08\\\/Logo-ALL-DAY-LED-800x800-zwart-witte-letters.png\",\"width\":800,\"height\":800,\"caption\":\"All Day Led\"},\"image\":{\"@id\":\"https:\\\/\\\/www.oudadl.testontwikkeling.nl\\\/#\\\/schema\\\/logo\\\/image\\\/\"},\"sameAs\":[\"https:\\\/\\\/www.facebook.com\\\/alldayled\\\/\",\"https:\\\/\\\/www.instagram.com\\\/alldayled\\\/\"],\"vatID\":\"NL863960133B01\",\"taxID\":\"86416545\",\"hasMerchantReturnPolicy\":{\"@type\":\"MerchantReturnPolicy\",\"merchantReturnLink\":\"https:\\\/\\\/www.oudadl.testontwikkeling.nl\\\/de\\\/verzenden-retourneren\\\/\"}}]}<\/script>\n<meta property=\"product:price:amount\" content=\"1.00\" \/>\n<meta property=\"product:price:currency\" content=\"EUR\" \/>\n<meta property=\"og:availability\" content=\"instock\" \/>\n<meta property=\"product:availability\" content=\"instock\" \/>\n<meta property=\"product:retailer_item_id\" content=\"ADL03635\" \/>\n<meta property=\"product:condition\" content=\"new\" \/>\n<!-- \/ Yoast SEO Premium plugin. -->","yoast_head_json":{"title":"W\u00e4rmeleitpaste f\u00fcr DRL-Einheit - All Day Led - geeignet f\u00fcr DRL - CPU - GPU","description":"W\u00e4rmeleitpaste f\u00fcr DRL-Einheit - 0,5 Gramm GD900-W\u00e4rmeleitpaste - auch geeignet f\u00fcr CPU-, GPU-K\u00fchlung - W\u00e4rmeleitf\u00e4higkeit 4,8 W\/mk. - direkt verf\u00fcgbar","robots":{"index":"noindex","follow":"follow","max-snippet":"max-snippet:-1","max-image-preview":"max-image-preview:large","max-video-preview":"max-video-preview:-1"},"og_locale":"de_DE","og_type":"article","og_title":"Koelpasta voor DRL unit","og_description":"GD900 koelpasta voor DRL unit 0.5 gram. Heeft u een DRL set gekocht en heeft u deze bijvoorbeeld voor de APK moeten wisselen en komt u nu koelpasta te","og_url":"https:\/\/www.oudadl.testontwikkeling.nl\/de\/produkt\/gd900-warmeleitpaste-fur-drl-unit\/","og_site_name":"All Day Led","article_publisher":"https:\/\/www.facebook.com\/alldayled\/","article_modified_time":"2025-11-28T15:35:14+00:00","og_image":[{"width":800,"height":600,"url":"https:\/\/www.oudadl.testontwikkeling.nl\/wp-content\/uploads\/2022\/07\/ADL03635.png","type":"image\/png"}],"twitter_misc":{"Preis":"&euro;1,00","Verf\u00fcgbarkeit":"Auf Lager"},"schema":{"@context":"https:\/\/schema.org","@graph":[{"@type":"WebPage","@id":"https:\/\/www.oudadl.testontwikkeling.nl\/product\/gd900-koelpasta-voor-drl-unit\/","url":"https:\/\/www.oudadl.testontwikkeling.nl\/product\/gd900-koelpasta-voor-drl-unit\/","name":"W\u00e4rmeleitpaste f\u00fcr DRL-Einheit - All Day Led - geeignet f\u00fcr DRL - CPU - GPU","isPartOf":{"@id":"https:\/\/www.oudadl.testontwikkeling.nl\/#website"},"primaryImageOfPage":{"@id":"https:\/\/www.oudadl.testontwikkeling.nl\/product\/gd900-koelpasta-voor-drl-unit\/#primaryimage"},"image":{"@id":"https:\/\/www.oudadl.testontwikkeling.nl\/product\/gd900-koelpasta-voor-drl-unit\/#primaryimage"},"thumbnailUrl":"https:\/\/www.oudadl.testontwikkeling.nl\/wp-content\/uploads\/2022\/07\/ADL03635.png","datePublished":"2020-01-01T07:00:13+00:00","dateModified":"2025-11-28T15:35:14+00:00","description":"W\u00e4rmeleitpaste f\u00fcr DRL-Einheit - 0,5 Gramm GD900-W\u00e4rmeleitpaste - auch geeignet f\u00fcr CPU-, GPU-K\u00fchlung - W\u00e4rmeleitf\u00e4higkeit 4,8 W\/mk. - direkt verf\u00fcgbar","breadcrumb":{"@id":"https:\/\/www.oudadl.testontwikkeling.nl\/product\/gd900-koelpasta-voor-drl-unit\/#breadcrumb"},"inLanguage":"de","potentialAction":[{"@type":"ReadAction","target":["https:\/\/www.oudadl.testontwikkeling.nl\/product\/gd900-koelpasta-voor-drl-unit\/"]}]},{"@type":"ImageObject","inLanguage":"de","@id":"https:\/\/www.oudadl.testontwikkeling.nl\/product\/gd900-koelpasta-voor-drl-unit\/#primaryimage","url":"https:\/\/www.oudadl.testontwikkeling.nl\/wp-content\/uploads\/2022\/07\/ADL03635.png","contentUrl":"https:\/\/www.oudadl.testontwikkeling.nl\/wp-content\/uploads\/2022\/07\/ADL03635.png","width":800,"height":600,"caption":"GD900 koelpasta voor DRL unit, CPU, GPU en meer - zakje van 05. gram"},{"@type":"BreadcrumbList","@id":"https:\/\/www.oudadl.testontwikkeling.nl\/product\/gd900-koelpasta-voor-drl-unit\/#breadcrumb","itemListElement":[{"@type":"ListItem","position":1,"name":"Home","item":"https:\/\/www.oudadl.testontwikkeling.nl\/"},{"@type":"ListItem","position":2,"name":"Shop","item":"https:\/\/www.oudadl.testontwikkeling.nl\/de\/shop\/"},{"@type":"ListItem","position":3,"name":"Overige","item":"https:\/\/www.oudadl.testontwikkeling.nl\/product-categorie\/overige-producten\/"},{"@type":"ListItem","position":4,"name":"Dagrijlampen","item":"https:\/\/www.oudadl.testontwikkeling.nl\/product-categorie\/overige-producten\/dagrijlampen\/"},{"@type":"ListItem","position":5,"name":"Koelpasta voor DRL unit"}]},{"@type":"WebSite","@id":"https:\/\/www.oudadl.testontwikkeling.nl\/#website","url":"https:\/\/www.oudadl.testontwikkeling.nl\/","name":"All Day Led","description":"","publisher":{"@id":"https:\/\/www.oudadl.testontwikkeling.nl\/#organization"},"potentialAction":[{"@type":"SearchAction","target":{"@type":"EntryPoint","urlTemplate":"https:\/\/www.oudadl.testontwikkeling.nl\/?s={search_term_string}"},"query-input":{"@type":"PropertyValueSpecification","valueRequired":true,"valueName":"search_term_string"}}],"inLanguage":"de"},{"@type":"Organization","@id":"https:\/\/www.oudadl.testontwikkeling.nl\/#organization","name":"All Day Led","url":"https:\/\/www.oudadl.testontwikkeling.nl\/","logo":{"@type":"ImageObject","inLanguage":"de","@id":"https:\/\/www.oudadl.testontwikkeling.nl\/#\/schema\/logo\/image\/","url":"https:\/\/www.oudadl.testontwikkeling.nl\/wp-content\/uploads\/2022\/08\/Logo-ALL-DAY-LED-800x800-zwart-witte-letters.png","contentUrl":"https:\/\/www.oudadl.testontwikkeling.nl\/wp-content\/uploads\/2022\/08\/Logo-ALL-DAY-LED-800x800-zwart-witte-letters.png","width":800,"height":800,"caption":"All Day Led"},"image":{"@id":"https:\/\/www.oudadl.testontwikkeling.nl\/#\/schema\/logo\/image\/"},"sameAs":["https:\/\/www.facebook.com\/alldayled\/","https:\/\/www.instagram.com\/alldayled\/"],"vatID":"NL863960133B01","taxID":"86416545","hasMerchantReturnPolicy":{"@type":"MerchantReturnPolicy","merchantReturnLink":"https:\/\/www.oudadl.testontwikkeling.nl\/de\/verzenden-retourneren\/"}}]},"product_price_amount":"1.00","product_price_currency":"EUR","og_availability":"instock","product_availability":"instock","product_retailer_item_id":"ADL03635","product_condition":"new"},"_links":{"self":[{"href":"https:\/\/www.oudadl.testontwikkeling.nl\/de\/wp-json\/wp\/v2\/product\/27511","targetHints":{"allow":["GET"]}}],"collection":[{"href":"https:\/\/www.oudadl.testontwikkeling.nl\/de\/wp-json\/wp\/v2\/product"}],"about":[{"href":"https:\/\/www.oudadl.testontwikkeling.nl\/de\/wp-json\/wp\/v2\/types\/product"}],"replies":[{"embeddable":true,"href":"https:\/\/www.oudadl.testontwikkeling.nl\/de\/wp-json\/wp\/v2\/comments?post=27511"}],"wp:featuredmedia":[{"embeddable":true,"href":"https:\/\/www.oudadl.testontwikkeling.nl\/de\/wp-json\/wp\/v2\/media\/27512"}],"wp:attachment":[{"href":"https:\/\/www.oudadl.testontwikkeling.nl\/de\/wp-json\/wp\/v2\/media?parent=27511"}],"wp:term":[{"taxonomy":"product_brand","embeddable":true,"href":"https:\/\/www.oudadl.testontwikkeling.nl\/de\/wp-json\/wp\/v2\/product_brand?post=27511"},{"taxonomy":"product_cat","embeddable":true,"href":"https:\/\/www.oudadl.testontwikkeling.nl\/de\/wp-json\/wp\/v2\/product_cat?post=27511"},{"taxonomy":"product_tag","embeddable":true,"href":"https:\/\/www.oudadl.testontwikkeling.nl\/de\/wp-json\/wp\/v2\/product_tag?post=27511"}],"curies":[{"name":"wp","href":"https:\/\/api.w.org\/{rel}","templated":true}]}}