{"id":26913,"date":"2022-06-22T13:07:23","date_gmt":"2022-06-22T11:07:23","guid":{"rendered":"https:\/\/www.oudadl.testontwikkeling.nl\/?post_type=product&#038;p=26913"},"modified":"2025-11-16T18:21:49","modified_gmt":"2025-11-16T17:21:49","slug":"boreman-led-markierungsleuchte-rot-klarglas","status":"publish","type":"product","link":"https:\/\/www.oudadl.testontwikkeling.nl\/de\/product\/boreman-led-markeringslamp-rood-helder-glas\/","title":{"rendered":"Boreman LED Markierungsleuchte klar - ROT"},"content":{"rendered":"<p><span style=\"color: #000000\"><strong>Boreman LED Markierungsleuchte rot easy fit mit klar Glas, f\u00fcr 12 und 24 Volt Betrieb.\u00a0<\/strong><\/span><\/p>\n<p><span style=\"color: #000000\">M\u00f6chten Sie Ihr Fahrzeug oder Ihren Anh\u00e4nger mit einer zus\u00e4tzlichen oder neuen Begrenzungsleuchte ausr\u00fcsten, die in der Farbe ROT leuchtet? Sie wissen aber nicht genau, welche Art von Lampe Sie m\u00f6chten? Vielleicht ist die Easy Fit Markierungsleuchte der Marke Boreman die Lampe, die Sie suchen. Die kompakte Umrissleuchte ist mit 2 LED-Punkten ausgestattet und funktioniert mit 12 und 24 Volt. Dadurch eignet sich die rot leuchtende Lampe LED beispielsweise f\u00fcr ein Auto, einen Traktor, einen LKW, einen Anh\u00e4nger, ein Wohnmobil oder einen anderen Fahrzeugtyp.\u00a0<\/span><\/p>\n<p><span style=\"color: #000000\">Denn vor dem Kauf m\u00f6chten Sie sicher sein, dass die Boreman LED Markierungsleuchte ROT in der Easy-Fit-Version die Lampe ist, die Sie suchen. Nachfolgend haben wir einige Spezifikationen aufgeschrieben. Die Lampe Boreman 1001-4500-R LED verf\u00fcgt unter anderem \u00fcber das ECE R10-G\u00fctezeichen. Dieses G\u00fctesiegel bedeutet, dass die Lampe beim Einschalten keine St\u00f6rungen, beispielsweise bei Ihrem Funksignal, verursacht. Auch die rote Begrenzungsleuchte LED tr\u00e4gt das ECE-R7-G\u00fctezeichen. Dieses G\u00fctezeichen weist darauf hin, dass die Lampe LED als Positionsleuchte verwendet werden darf.<\/span><\/p>\n<h5><span style=\"color: #000000\"><strong>Abmessungen:<\/strong><\/span><\/h5>\n<p><span style=\"color: #000000\">Damit Sie die Boreman Easy Fit LED Markierungsleuchte rot dort montieren k\u00f6nnen, wo Sie es w\u00fcnschen, haben wir unten die Ma\u00dfe notiert. Die Abmessungen der roten LED Lampe der Marke Boreman sind wie folgt:<\/span><\/p>\n<ul>\n<li><span style=\"color: #000000\">L\u00e4nge: 77 mm<\/span><\/li>\n<li><span style=\"color: #000000\">H\u00f6he: 24 mm<\/span><\/li>\n<li><span style=\"color: #000000\">Dicke: 9 mm<\/span><\/li>\n<li><span style=\"color: #000000\">HH: 58 mm<\/span><\/li>\n<\/ul>\n<h5><span style=\"color: #000000\"><strong>Andere Farben:<\/strong><\/span><\/h5>\n<p><span style=\"color: #000000\">M\u00f6chten Sie einen Boreman Easy Fit LED lamp kaufen, aber ist der Boreman 1001-4500-R nicht die Farbe, die Sie suchen? Dann wissen Sie, dass die Markierungsleuchte mit Klarglas auch in verschiedenen anderen Farben erh\u00e4ltlich ist. Sehen Sie sich unten einige der anderen Farben an:<\/span><\/p>\n<ul>\n<li><span style=\"color: #000000\"><a style=\"color: #000000\" href=\"https:\/\/www.oudadl.testontwikkeling.nl\/de\/produkt\/boreman-led-markierungsleuchte-orange-klarglas\/\"><strong>Easy Fit LED Begrenzungsleuchte orange<\/strong><\/a><\/span><\/li>\n<li><span style=\"color: #000000\"><a style=\"color: #000000\" href=\"https:\/\/www.oudadl.testontwikkeling.nl\/de\/produkt\/boreman-led-markierungsleuchte-weis-klarglas\/\"><strong>Easy Fit LED Markierungsleuchte wei\u00df<\/strong><\/a><\/span><\/li>\n<\/ul>\n<div class=\"truncated\">\n<div class=\"truncated\">\n<p><span style=\"color: #000000\">Denken Sie immer noch, dass die Boreman Easy Fit LED Markierungsleuchte rot nicht das ist, was Sie suchen? Einfach, weil die Lichtleistung, Wattzahl oder Form nicht Ihren W\u00fcnschen entspricht? Dann sehen Sie sich hier das komplette Sortiment an <a style=\"color: #000000\" href=\"https:\/\/www.oudadl.testontwikkeling.nl\/de\/merk\/product-boreman\/\">Boreman.<\/a> M\u00f6glicherweise finden Sie hier die LED-Lampe, die Sie suchen.<\/span><\/p>\n<\/div>\n<\/div>","protected":false},"excerpt":{"rendered":"<p>Boreman LED markeringslamp rood easy fit met helder glas, voor 12 en 24 volt gebruik.\u00a0 Wilt u uw voertuig of aanhanger voorzien van een extra of nieuwe markeringslamp die oplicht in de kleur ROOD? Maar weet u niet precies wat voor lamp u wilt? Wellicht is de Easy Fit markeringslamp van het merk Boreman dan [&hellip;]<\/p>\n","protected":false},"featured_media":27036,"comment_status":"open","ping_status":"closed","template":"","meta":{"_acf_changed":false,"site-sidebar-layout":"default","site-content-layout":"default","ast-site-content-layout":"default","site-content-style":"default","site-sidebar-style":"default","ast-global-header-display":"","ast-banner-title-visibility":"","ast-main-header-display":"","ast-hfb-above-header-display":"","ast-hfb-below-header-display":"","ast-hfb-mobile-header-display":"","site-post-title":"","ast-breadcrumbs-content":"","ast-featured-img":"","footer-sml-layout":"","ast-disable-related-posts":"","theme-transparent-header-meta":"default","adv-header-id-meta":"","stick-header-meta":"","header-above-stick-meta":"","header-main-stick-meta":"","header-below-stick-meta":"","astra-migrate-meta-layouts":"set","ast-page-background-enabled":"default","ast-page-background-meta":{"desktop":{"background-color":"","background-image":"","background-repeat":"repeat","background-position":"center center","background-size":"auto","background-attachment":"scroll","background-type":"","background-media":"","overlay-type":"","overlay-color":"","overlay-opacity":"","overlay-gradient":""},"tablet":{"background-color":"","background-image":"","background-repeat":"repeat","background-position":"center center","background-size":"auto","background-attachment":"scroll","background-type":"","background-media":"","overlay-type":"","overlay-color":"","overlay-opacity":"","overlay-gradient":""},"mobile":{"background-color":"","background-image":"","background-repeat":"repeat","background-position":"center center","background-size":"auto","background-attachment":"scroll","background-type":"","background-media":"","overlay-type":"","overlay-color":"","overlay-opacity":"","overlay-gradient":""}},"ast-content-background-meta":{"desktop":{"background-color":"var(--ast-global-color-5)","background-image":"","background-repeat":"repeat","background-position":"center center","background-size":"auto","background-attachment":"scroll","background-type":"","background-media":"","overlay-type":"","overlay-color":"","overlay-opacity":"","overlay-gradient":""},"tablet":{"background-color":"var(--ast-global-color-5)","background-image":"","background-repeat":"repeat","background-position":"center center","background-size":"auto","background-attachment":"scroll","background-type":"","background-media":"","overlay-type":"","overlay-color":"","overlay-opacity":"","overlay-gradient":""},"mobile":{"background-color":"var(--ast-global-color-5)","background-image":"","background-repeat":"repeat","background-position":"center center","background-size":"auto","background-attachment":"scroll","background-type":"","background-media":"","overlay-type":"","overlay-color":"","overlay-opacity":"","overlay-gradient":""}}},"product_brand":[],"product_cat":[262],"product_tag":[263,2478,2476,5486,5485,2555,2473,2477,2474,2475],"class_list":{"0":"post-26913","1":"product","2":"type-product","3":"status-publish","4":"has-post-thumbnail","6":"product_cat-markeringslampen","7":"product_tag-contourverlichting","8":"product_tag-led-markering-rood","9":"product_tag-led-markeringslamp","10":"product_tag-led-markeringslamp-12-volt","11":"product_tag-led-markeringslamp-24-volt","12":"product_tag-led-markeringslamp-rood","13":"product_tag-markeringslamp-aanhanger","14":"product_tag-markeringslamp-camper","15":"product_tag-markeringslamp-trailer","16":"product_tag-markeringslamp-vrachtwagen","17":"pa_merkk-product-boreman","18":"desktop-align-left","19":"tablet-align-left","20":"mobile-align-left","22":"first","23":"instock","24":"taxable","25":"shipping-taxable","26":"purchasable","27":"product-type-simple"},"acf":[],"yoast_head":"<!-- This site is optimized with the Yoast SEO Premium plugin v25.9 (Yoast SEO v27.6) - https:\/\/yoast.com\/product\/yoast-seo-premium-wordpress\/ -->\n<title>Boreman LED markeringslamp rood - All Day Led - 12&amp;24 Volt<\/title>\n<meta name=\"description\" content=\"Boreman LED markeringslamp rood - voor 12 &amp; 24 volt - ECE R7 - Easy Fit Flush - auto, vrachtwagen, tractor en meer - Boreman 1001-4500-R\" \/>\n<meta name=\"robots\" content=\"noindex, follow, max-snippet:-1, max-image-preview:large, max-video-preview:-1\" \/>\n<meta property=\"og:locale\" content=\"de_DE\" \/>\n<meta property=\"og:type\" content=\"article\" \/>\n<meta property=\"og:title\" content=\"Boreman LED markeringslamp rood - All Day Led - 12&amp;24 Volt\" \/>\n<meta property=\"og:description\" content=\"Boreman LED markeringslamp rood - voor 12 &amp; 24 volt - ECE R7 - Easy Fit Flush - auto, vrachtwagen, tractor en meer - Boreman 1001-4500-R\" \/>\n<meta property=\"og:url\" content=\"https:\/\/www.oudadl.testontwikkeling.nl\/de\/produkt\/boreman-led-markierungsleuchte-rot-klarglas\/\" \/>\n<meta property=\"og:site_name\" content=\"All Day Led\" \/>\n<meta property=\"article:publisher\" content=\"https:\/\/www.facebook.com\/alldayled\/\" \/>\n<meta property=\"article:modified_time\" content=\"2025-11-16T17:21:49+00:00\" \/>\n<meta property=\"og:image\" content=\"https:\/\/www.oudadl.testontwikkeling.nl\/wp-content\/uploads\/2022\/06\/ADL35500-R-5.png\" \/>\n\t<meta property=\"og:image:width\" content=\"800\" \/>\n\t<meta property=\"og:image:height\" content=\"600\" \/>\n\t<meta property=\"og:image:type\" content=\"image\/png\" \/>\n<meta name=\"twitter:label1\" content=\"Preis\" \/>\n\t<meta name=\"twitter:data1\" content=\"&euro;14,75\" \/>\n\t<meta name=\"twitter:label2\" content=\"Verf\u00fcgbarkeit\" \/>\n\t<meta name=\"twitter:data2\" content=\"Auf Lager\" \/>\n<script type=\"application\/ld+json\" class=\"yoast-schema-graph\">{\"@context\":\"https:\\\/\\\/schema.org\",\"@graph\":[{\"@type\":\"WebPage\",\"@id\":\"https:\\\/\\\/www.oudadl.testontwikkeling.nl\\\/product\\\/boreman-led-markeringslamp-rood-helder-glas\\\/\",\"url\":\"https:\\\/\\\/www.oudadl.testontwikkeling.nl\\\/product\\\/boreman-led-markeringslamp-rood-helder-glas\\\/\",\"name\":\"Boreman LED markeringslamp rood - All Day Led - 12&24 Volt\",\"isPartOf\":{\"@id\":\"https:\\\/\\\/www.oudadl.testontwikkeling.nl\\\/#website\"},\"primaryImageOfPage\":{\"@id\":\"https:\\\/\\\/www.oudadl.testontwikkeling.nl\\\/product\\\/boreman-led-markeringslamp-rood-helder-glas\\\/#primaryimage\"},\"image\":{\"@id\":\"https:\\\/\\\/www.oudadl.testontwikkeling.nl\\\/product\\\/boreman-led-markeringslamp-rood-helder-glas\\\/#primaryimage\"},\"thumbnailUrl\":\"https:\\\/\\\/www.oudadl.testontwikkeling.nl\\\/wp-content\\\/uploads\\\/2022\\\/06\\\/ADL35500-R.png\",\"datePublished\":\"2022-06-22T11:07:23+00:00\",\"dateModified\":\"2025-11-16T17:21:49+00:00\",\"description\":\"Boreman LED markeringslamp rood - voor 12 & 24 volt - ECE R7 - Easy Fit Flush - auto, vrachtwagen, tractor en meer - Boreman 1001-4500-R\",\"breadcrumb\":{\"@id\":\"https:\\\/\\\/www.oudadl.testontwikkeling.nl\\\/product\\\/boreman-led-markeringslamp-rood-helder-glas\\\/#breadcrumb\"},\"inLanguage\":\"de\",\"potentialAction\":[{\"@type\":\"ReadAction\",\"target\":[\"https:\\\/\\\/www.oudadl.testontwikkeling.nl\\\/product\\\/boreman-led-markeringslamp-rood-helder-glas\\\/\"]}]},{\"@type\":\"ImageObject\",\"inLanguage\":\"de\",\"@id\":\"https:\\\/\\\/www.oudadl.testontwikkeling.nl\\\/product\\\/boreman-led-markeringslamp-rood-helder-glas\\\/#primaryimage\",\"url\":\"https:\\\/\\\/www.oudadl.testontwikkeling.nl\\\/wp-content\\\/uploads\\\/2022\\\/06\\\/ADL35500-R.png\",\"contentUrl\":\"https:\\\/\\\/www.oudadl.testontwikkeling.nl\\\/wp-content\\\/uploads\\\/2022\\\/06\\\/ADL35500-R.png\",\"width\":800,\"height\":600,\"caption\":\"Boreman Easy Fit LED markeringslamp ROOD - geschikt voor 12 & 24 volt gebruik - EAN: 5391528111169\"},{\"@type\":\"BreadcrumbList\",\"@id\":\"https:\\\/\\\/www.oudadl.testontwikkeling.nl\\\/product\\\/boreman-led-markeringslamp-rood-helder-glas\\\/#breadcrumb\",\"itemListElement\":[{\"@type\":\"ListItem\",\"position\":1,\"name\":\"Home\",\"item\":\"https:\\\/\\\/www.oudadl.testontwikkeling.nl\\\/\"},{\"@type\":\"ListItem\",\"position\":2,\"name\":\"Shop\",\"item\":\"https:\\\/\\\/www.oudadl.testontwikkeling.nl\\\/de\\\/shop\\\/\"},{\"@type\":\"ListItem\",\"position\":3,\"name\":\"Positielampen\",\"item\":\"https:\\\/\\\/www.oudadl.testontwikkeling.nl\\\/product-categorie\\\/positielampen\\\/\"},{\"@type\":\"ListItem\",\"position\":4,\"name\":\"Markeringslampen\",\"item\":\"https:\\\/\\\/www.oudadl.testontwikkeling.nl\\\/product-categorie\\\/positielampen\\\/markeringslampen\\\/\"},{\"@type\":\"ListItem\",\"position\":5,\"name\":\"Boreman LED markeringslamp helder &#8211; ROOD\"}]},{\"@type\":\"WebSite\",\"@id\":\"https:\\\/\\\/www.oudadl.testontwikkeling.nl\\\/#website\",\"url\":\"https:\\\/\\\/www.oudadl.testontwikkeling.nl\\\/\",\"name\":\"All Day Led\",\"description\":\"\",\"publisher\":{\"@id\":\"https:\\\/\\\/www.oudadl.testontwikkeling.nl\\\/#organization\"},\"potentialAction\":[{\"@type\":\"SearchAction\",\"target\":{\"@type\":\"EntryPoint\",\"urlTemplate\":\"https:\\\/\\\/www.oudadl.testontwikkeling.nl\\\/?s={search_term_string}\"},\"query-input\":{\"@type\":\"PropertyValueSpecification\",\"valueRequired\":true,\"valueName\":\"search_term_string\"}}],\"inLanguage\":\"de\"},{\"@type\":\"Organization\",\"@id\":\"https:\\\/\\\/www.oudadl.testontwikkeling.nl\\\/#organization\",\"name\":\"All Day Led\",\"url\":\"https:\\\/\\\/www.oudadl.testontwikkeling.nl\\\/\",\"logo\":{\"@type\":\"ImageObject\",\"inLanguage\":\"de\",\"@id\":\"https:\\\/\\\/www.oudadl.testontwikkeling.nl\\\/#\\\/schema\\\/logo\\\/image\\\/\",\"url\":\"https:\\\/\\\/www.oudadl.testontwikkeling.nl\\\/wp-content\\\/uploads\\\/2022\\\/08\\\/Logo-ALL-DAY-LED-800x800-zwart-witte-letters.png\",\"contentUrl\":\"https:\\\/\\\/www.oudadl.testontwikkeling.nl\\\/wp-content\\\/uploads\\\/2022\\\/08\\\/Logo-ALL-DAY-LED-800x800-zwart-witte-letters.png\",\"width\":800,\"height\":800,\"caption\":\"All Day Led\"},\"image\":{\"@id\":\"https:\\\/\\\/www.oudadl.testontwikkeling.nl\\\/#\\\/schema\\\/logo\\\/image\\\/\"},\"sameAs\":[\"https:\\\/\\\/www.facebook.com\\\/alldayled\\\/\",\"https:\\\/\\\/www.instagram.com\\\/alldayled\\\/\"],\"vatID\":\"NL863960133B01\",\"taxID\":\"86416545\",\"hasMerchantReturnPolicy\":{\"@type\":\"MerchantReturnPolicy\",\"merchantReturnLink\":\"https:\\\/\\\/www.oudadl.testontwikkeling.nl\\\/de\\\/verzenden-retourneren\\\/\"}}]}<\/script>\n<meta property=\"product:brand\" content=\"Boreman\" \/>\n<meta property=\"product:price:amount\" content=\"14.75\" \/>\n<meta property=\"product:price:currency\" content=\"EUR\" \/>\n<meta property=\"og:availability\" content=\"instock\" \/>\n<meta property=\"product:availability\" content=\"instock\" \/>\n<meta property=\"product:retailer_item_id\" content=\"ADL35500-R\" \/>\n<meta property=\"product:condition\" content=\"new\" \/>\n<!-- \/ Yoast SEO Premium plugin. -->","yoast_head_json":{"title":"Boreman LED Markierungsleuchte rot - All Day Led - 12&amp;24 Volt","description":"Boreman LED Markierungsleuchte rot \u2013 f\u00fcr 12 und 24 Volt \u2013 ECE R7 \u2013 Easy Fit Flush \u2013 PKW, LKW, Traktor und mehr \u2013 Boreman 1001-4500-R","robots":{"index":"noindex","follow":"follow","max-snippet":"max-snippet:-1","max-image-preview":"max-image-preview:large","max-video-preview":"max-video-preview:-1"},"og_locale":"de_DE","og_type":"article","og_title":"Boreman LED markeringslamp rood - All Day Led - 12&24 Volt","og_description":"Boreman LED markeringslamp rood - voor 12 & 24 volt - ECE R7 - Easy Fit Flush - auto, vrachtwagen, tractor en meer - Boreman 1001-4500-R","og_url":"https:\/\/www.oudadl.testontwikkeling.nl\/de\/produkt\/boreman-led-markierungsleuchte-rot-klarglas\/","og_site_name":"All Day Led","article_publisher":"https:\/\/www.facebook.com\/alldayled\/","article_modified_time":"2025-11-16T17:21:49+00:00","og_image":[{"width":800,"height":600,"url":"https:\/\/www.oudadl.testontwikkeling.nl\/wp-content\/uploads\/2022\/06\/ADL35500-R-5.png","type":"image\/png"}],"twitter_misc":{"Preis":"&euro;14,75","Verf\u00fcgbarkeit":"Auf Lager"},"schema":{"@context":"https:\/\/schema.org","@graph":[{"@type":"WebPage","@id":"https:\/\/www.oudadl.testontwikkeling.nl\/product\/boreman-led-markeringslamp-rood-helder-glas\/","url":"https:\/\/www.oudadl.testontwikkeling.nl\/product\/boreman-led-markeringslamp-rood-helder-glas\/","name":"Boreman LED Markierungsleuchte rot - All Day Led - 12&amp;24 Volt","isPartOf":{"@id":"https:\/\/www.oudadl.testontwikkeling.nl\/#website"},"primaryImageOfPage":{"@id":"https:\/\/www.oudadl.testontwikkeling.nl\/product\/boreman-led-markeringslamp-rood-helder-glas\/#primaryimage"},"image":{"@id":"https:\/\/www.oudadl.testontwikkeling.nl\/product\/boreman-led-markeringslamp-rood-helder-glas\/#primaryimage"},"thumbnailUrl":"https:\/\/www.oudadl.testontwikkeling.nl\/wp-content\/uploads\/2022\/06\/ADL35500-R.png","datePublished":"2022-06-22T11:07:23+00:00","dateModified":"2025-11-16T17:21:49+00:00","description":"Boreman LED Markierungsleuchte rot \u2013 f\u00fcr 12 und 24 Volt \u2013 ECE R7 \u2013 Easy Fit Flush \u2013 PKW, LKW, Traktor und mehr \u2013 Boreman 1001-4500-R","breadcrumb":{"@id":"https:\/\/www.oudadl.testontwikkeling.nl\/product\/boreman-led-markeringslamp-rood-helder-glas\/#breadcrumb"},"inLanguage":"de","potentialAction":[{"@type":"ReadAction","target":["https:\/\/www.oudadl.testontwikkeling.nl\/product\/boreman-led-markeringslamp-rood-helder-glas\/"]}]},{"@type":"ImageObject","inLanguage":"de","@id":"https:\/\/www.oudadl.testontwikkeling.nl\/product\/boreman-led-markeringslamp-rood-helder-glas\/#primaryimage","url":"https:\/\/www.oudadl.testontwikkeling.nl\/wp-content\/uploads\/2022\/06\/ADL35500-R.png","contentUrl":"https:\/\/www.oudadl.testontwikkeling.nl\/wp-content\/uploads\/2022\/06\/ADL35500-R.png","width":800,"height":600,"caption":"Boreman Easy Fit LED markeringslamp ROOD - geschikt voor 12 & 24 volt gebruik - EAN: 5391528111169"},{"@type":"BreadcrumbList","@id":"https:\/\/www.oudadl.testontwikkeling.nl\/product\/boreman-led-markeringslamp-rood-helder-glas\/#breadcrumb","itemListElement":[{"@type":"ListItem","position":1,"name":"Home","item":"https:\/\/www.oudadl.testontwikkeling.nl\/"},{"@type":"ListItem","position":2,"name":"Shop","item":"https:\/\/www.oudadl.testontwikkeling.nl\/de\/shop\/"},{"@type":"ListItem","position":3,"name":"Positielampen","item":"https:\/\/www.oudadl.testontwikkeling.nl\/product-categorie\/positielampen\/"},{"@type":"ListItem","position":4,"name":"Markeringslampen","item":"https:\/\/www.oudadl.testontwikkeling.nl\/product-categorie\/positielampen\/markeringslampen\/"},{"@type":"ListItem","position":5,"name":"Boreman LED markeringslamp helder &#8211; ROOD"}]},{"@type":"WebSite","@id":"https:\/\/www.oudadl.testontwikkeling.nl\/#website","url":"https:\/\/www.oudadl.testontwikkeling.nl\/","name":"All Day Led","description":"","publisher":{"@id":"https:\/\/www.oudadl.testontwikkeling.nl\/#organization"},"potentialAction":[{"@type":"SearchAction","target":{"@type":"EntryPoint","urlTemplate":"https:\/\/www.oudadl.testontwikkeling.nl\/?s={search_term_string}"},"query-input":{"@type":"PropertyValueSpecification","valueRequired":true,"valueName":"search_term_string"}}],"inLanguage":"de"},{"@type":"Organization","@id":"https:\/\/www.oudadl.testontwikkeling.nl\/#organization","name":"All Day Led","url":"https:\/\/www.oudadl.testontwikkeling.nl\/","logo":{"@type":"ImageObject","inLanguage":"de","@id":"https:\/\/www.oudadl.testontwikkeling.nl\/#\/schema\/logo\/image\/","url":"https:\/\/www.oudadl.testontwikkeling.nl\/wp-content\/uploads\/2022\/08\/Logo-ALL-DAY-LED-800x800-zwart-witte-letters.png","contentUrl":"https:\/\/www.oudadl.testontwikkeling.nl\/wp-content\/uploads\/2022\/08\/Logo-ALL-DAY-LED-800x800-zwart-witte-letters.png","width":800,"height":800,"caption":"All Day Led"},"image":{"@id":"https:\/\/www.oudadl.testontwikkeling.nl\/#\/schema\/logo\/image\/"},"sameAs":["https:\/\/www.facebook.com\/alldayled\/","https:\/\/www.instagram.com\/alldayled\/"],"vatID":"NL863960133B01","taxID":"86416545","hasMerchantReturnPolicy":{"@type":"MerchantReturnPolicy","merchantReturnLink":"https:\/\/www.oudadl.testontwikkeling.nl\/de\/verzenden-retourneren\/"}}]},"product_brand":"Boreman","product_price_amount":"14.75","product_price_currency":"EUR","og_availability":"instock","product_availability":"instock","product_retailer_item_id":"ADL35500-R","product_condition":"new"},"_links":{"self":[{"href":"https:\/\/www.oudadl.testontwikkeling.nl\/de\/wp-json\/wp\/v2\/product\/26913","targetHints":{"allow":["GET"]}}],"collection":[{"href":"https:\/\/www.oudadl.testontwikkeling.nl\/de\/wp-json\/wp\/v2\/product"}],"about":[{"href":"https:\/\/www.oudadl.testontwikkeling.nl\/de\/wp-json\/wp\/v2\/types\/product"}],"replies":[{"embeddable":true,"href":"https:\/\/www.oudadl.testontwikkeling.nl\/de\/wp-json\/wp\/v2\/comments?post=26913"}],"wp:featuredmedia":[{"embeddable":true,"href":"https:\/\/www.oudadl.testontwikkeling.nl\/de\/wp-json\/wp\/v2\/media\/27036"}],"wp:attachment":[{"href":"https:\/\/www.oudadl.testontwikkeling.nl\/de\/wp-json\/wp\/v2\/media?parent=26913"}],"wp:term":[{"taxonomy":"product_brand","embeddable":true,"href":"https:\/\/www.oudadl.testontwikkeling.nl\/de\/wp-json\/wp\/v2\/product_brand?post=26913"},{"taxonomy":"product_cat","embeddable":true,"href":"https:\/\/www.oudadl.testontwikkeling.nl\/de\/wp-json\/wp\/v2\/product_cat?post=26913"},{"taxonomy":"product_tag","embeddable":true,"href":"https:\/\/www.oudadl.testontwikkeling.nl\/de\/wp-json\/wp\/v2\/product_tag?post=26913"}],"curies":[{"name":"wp","href":"https:\/\/api.w.org\/{rel}","templated":true}]}}