{"id":25275,"date":"2022-04-16T09:55:15","date_gmt":"2022-04-16T08:55:15","guid":{"rendered":"https:\/\/www.oudadl.testontwikkeling.nl\/?post_type=product&#038;p=25275"},"modified":"2025-11-18T13:48:38","modified_gmt":"2025-11-18T12:48:38","slug":"strands-siberia-bush-ranger-7-inch-de","status":"publish","type":"product","link":"https:\/\/www.oudadl.testontwikkeling.nl\/de\/product\/strands-siberia-bush-ranger-7-inch\/","title":{"rendered":"Strands Siberia Bush Ranger - 7 Zoll"},"content":{"rendered":"<p><span style=\"color: #000000;\"><strong>Strands Siberia Bush Ranger \u2013 7 Zoll, f\u00fcr 12 und 24 Volt.\u00a0<\/strong><\/span><\/p>\n<p><span style=\"color: #000000;\">Sie suchen einen kleinen Fernscheinwerfer LED mit gelbem Glas, der zus\u00e4tzlich mit einem farbwechselbaren Positionslicht (gelb \u2013 wei\u00df) ausgestattet ist? Dann ist diese LED-Lampe der Marke Strands m\u00f6glicherweise die Lampe, die Sie suchen. Der Siberia Bush Ranger 7-Zoll-Scheinwerfer ist mit insgesamt 16 LED ausgestattet und hat eine Lichtleistung von nicht weniger als 9600 Lumen! So sind Sie sowohl tags\u00fcber als auch abends gut sichtbar. Der Siberia Bush Ranger 7 Zoll kann mit 12 und 24 Volt betrieben werden. Das bedeutet, dass Sie die LED-Fernscheinwerfer zum Beispiel an Ihrem Auto, LKW, Traktor, Wohnmobil oder anderen Fahrzeugtypen verwenden k\u00f6nnen.\u00a0<\/span><\/p>\n<p><span style=\"color: #000000;\">Um sicherzustellen, dass das Siberia Bush Ranger 7 Zoll Fernlicht mit gelbem Glas f\u00fcr Ihr Fahrzeug geeignet ist. Nachfolgend haben wir einige Spezifikationen aufgeschrieben. All dies, um Ihnen klar zu machen, warum dies der LED-Scheinwerfer sein k\u00f6nnte, den Sie suchen. So tr\u00e4gt beispielsweise der Fernscheinwerfer LED das ECE-R10-G\u00fctezeichen. Dieses Qualit\u00e4tszeichen zeigt an, dass die Lampe w\u00e4hrend der Aktivierung beispielsweise Ihr Funksignal nicht st\u00f6rt. Die Lampe LED ist au\u00dferdem mit dem Qualit\u00e4tszeichen IP68 und IP69K versehen. Diese Qualit\u00e4tszeichen weisen darauf hin, dass der Strands Siberia Bush Ranger 7-Zoll-Scheinwerfer vollst\u00e4ndig ledig staub- und wasserdicht ist. Abschlie\u00dfend wird der Fernscheinwerfer LED mit Edelstahl-Befestigungsmaterial und einem DT-4-Anschlusskabel geliefert.\u00a0<\/span><\/p>\n<h5><span style=\"color: #000000;\"><strong>Abmessungen:<\/strong><\/span><\/h5>\n<p><span style=\"color: #000000;\">Damit Sie den Strahler LED dort montieren k\u00f6nnen, wo Sie es w\u00fcnschen, haben wir die Ma\u00dfe unten notiert. Die Abmessungen des Strands Siberia Bush Ranger 7\u201d sind wie folgt:<\/span><\/p>\n<ul>\n<li><span style=\"color: #000000;\">H\u00f6he: 178 mm (194,7 mm inkl. Halterung)<\/span><\/li>\n<li><span style=\"color: #000000;\">Durchmesser: 178 mm<\/span><\/li>\n<li><span style=\"color: #000000;\">Dicke: 78,2 mm<\/span><\/li>\n<\/ul>\n<h5><span style=\"color: #000000;\"><strong>Andere Versionen:\u00a0<\/strong><\/span><\/h5>\n<p><span style=\"color: #000000;\">Sie m\u00f6chten einen LED Fernscheinwerfer der Marke Strands kaufen? Aber ist der 7-Zoll-Scheinwerfer Strands Siberia Bush Ranger nicht das, wonach Sie suchen? Dann wissen Sie, dass Strands auch mehrere andere Modelle hat, unten finden Sie einige davon:\u00a0<\/span><\/p>\n<ul>\n<li><span style=\"color: #000000;\"><a style=\"color: #000000;\" href=\"https:\/\/www.oudadl.testontwikkeling.nl\/de\/produkt\/strands-siberia-bush-ranger-9-inch-de\/\"><b>Busch Ranger 9&quot;<\/b><\/a><\/span><\/li>\n<\/ul>\n<p><span style=\"color: #000000;\">Sind Sie immer noch der Meinung, dass der 7-Zoll-Scheinwerfer Strands Siberia Bush Ranger nicht das ist, wonach Sie suchen? Einfach weil Ihnen die Lichtleistung, Wattzahl oder Form nicht gef\u00e4llt? Sehen Sie sich hier das komplette Sortiment an <a style=\"color: #000000;\" href=\"https:\/\/www.oudadl.testontwikkeling.nl\/de\/merk\/produkt-strands-beleuchtungsabteilung\/\" target=\"_blank\" rel=\"noopener\">Strands<\/a>. Aussicht <a style=\"color: #000000;\" href=\"https:\/\/www.strandseurope.com\/wp-content\/uploads\/2020\/09\/Manual-809187-809188-809189-809190-1.pdf\">hier<\/a> das Handbuch des Scheinwerfers.\u00a0<\/span><\/p>","protected":false},"excerpt":{"rendered":"<p>Strands Siberia Bush Ranger &#8211; 7 inch, voor 12 en 24 volt gebruik.\u00a0 Bent u opzoek naar een kleine LED verstraler met geel glas, die ook is uitgerust met een van kleur te wisselen positielicht (geel \u2013 wit)? Dan is deze LED lamp van merk Strands wellicht d\u00e9 lamp die u zoekt. De Siberia Bush [&hellip;]<\/p>\n","protected":false},"featured_media":31151,"comment_status":"open","ping_status":"closed","template":"","meta":{"_acf_changed":false,"site-sidebar-layout":"default","site-content-layout":"default","ast-site-content-layout":"default","site-content-style":"default","site-sidebar-style":"default","ast-global-header-display":"","ast-banner-title-visibility":"","ast-main-header-display":"","ast-hfb-above-header-display":"","ast-hfb-below-header-display":"","ast-hfb-mobile-header-display":"","site-post-title":"","ast-breadcrumbs-content":"","ast-featured-img":"","footer-sml-layout":"","ast-disable-related-posts":"","theme-transparent-header-meta":"default","adv-header-id-meta":"","stick-header-meta":"","header-above-stick-meta":"","header-main-stick-meta":"","header-below-stick-meta":"","astra-migrate-meta-layouts":"set","ast-page-background-enabled":"default","ast-page-background-meta":{"desktop":{"background-color":"","background-image":"","background-repeat":"repeat","background-position":"center center","background-size":"auto","background-attachment":"scroll","background-type":"","background-media":"","overlay-type":"","overlay-color":"","overlay-opacity":"","overlay-gradient":""},"tablet":{"background-color":"","background-image":"","background-repeat":"repeat","background-position":"center center","background-size":"auto","background-attachment":"scroll","background-type":"","background-media":"","overlay-type":"","overlay-color":"","overlay-opacity":"","overlay-gradient":""},"mobile":{"background-color":"","background-image":"","background-repeat":"repeat","background-position":"center center","background-size":"auto","background-attachment":"scroll","background-type":"","background-media":"","overlay-type":"","overlay-color":"","overlay-opacity":"","overlay-gradient":""}},"ast-content-background-meta":{"desktop":{"background-color":"var(--ast-global-color-5)","background-image":"","background-repeat":"repeat","background-position":"center center","background-size":"auto","background-attachment":"scroll","background-type":"","background-media":"","overlay-type":"","overlay-color":"","overlay-opacity":"","overlay-gradient":""},"tablet":{"background-color":"var(--ast-global-color-5)","background-image":"","background-repeat":"repeat","background-position":"center center","background-size":"auto","background-attachment":"scroll","background-type":"","background-media":"","overlay-type":"","overlay-color":"","overlay-opacity":"","overlay-gradient":""},"mobile":{"background-color":"var(--ast-global-color-5)","background-image":"","background-repeat":"repeat","background-position":"center center","background-size":"auto","background-attachment":"scroll","background-type":"","background-media":"","overlay-type":"","overlay-color":"","overlay-opacity":"","overlay-gradient":""}}},"product_brand":[],"product_cat":[7258,7962],"product_tag":[5822,5823,5824,5825,5821,2426,2427,6551,2465],"class_list":{"0":"post-25275","1":"product","2":"type-product","3":"status-publish","4":"has-post-thumbnail","6":"product_cat-strands-siberia","7":"product_cat-verstraler-rond","8":"product_tag-led-verstraler-auto","9":"product_tag-led-verstraler-camper","10":"product_tag-led-verstraler-pickup","11":"product_tag-led-verstraler-tractor","12":"product_tag-led-verstraler-vrachtwagen","13":"product_tag-strands-led-verlichting","14":"product_tag-strands-lighting-division","15":"product_tag-strands-siberia-verstraler","16":"product_tag-verstraler-met-stadslicht","17":"pa_merkk-product-strands-lighting-division","18":"desktop-align-left","19":"tablet-align-left","20":"mobile-align-left","22":"first","23":"outofstock","24":"taxable","25":"shipping-taxable","26":"purchasable","27":"product-type-simple"},"acf":[],"yoast_head":"<!-- This site is optimized with the Yoast SEO Premium plugin v25.9 (Yoast SEO v27.6) - https:\/\/yoast.com\/product\/yoast-seo-premium-wordpress\/ -->\n<title>Siberia Bush Ranger 7 inch - Strands - All Day Led - 12&amp;24V<\/title>\n<meta name=\"description\" content=\"Siberia Bush Ranger 7 inch - Strands - voor 12&amp;24 volt - 9600 Lumen! - verstraler met geel licht - Siberia BR 7&#039;&#039; - 1 LUX @ 346 meter\" \/>\n<meta name=\"robots\" content=\"noindex, follow, max-snippet:-1, max-image-preview:large, max-video-preview:-1\" \/>\n<meta property=\"og:locale\" content=\"de_DE\" \/>\n<meta property=\"og:type\" content=\"article\" \/>\n<meta property=\"og:title\" content=\"Siberia Bush Ranger 7 inch - Strands - All Day Led - 12&amp;24V\" \/>\n<meta property=\"og:description\" content=\"Siberia Bush Ranger 7 inch - Strands - voor 12&amp;24 volt - 9600 Lumen! - verstraler met geel licht - Siberia BR 7&#039;&#039; - 1 LUX @ 346 meter\" \/>\n<meta property=\"og:url\" content=\"https:\/\/www.oudadl.testontwikkeling.nl\/de\/produkt\/strands-siberia-bush-ranger-7-inch-de\/\" \/>\n<meta property=\"og:site_name\" content=\"All Day Led\" \/>\n<meta property=\"article:publisher\" content=\"https:\/\/www.facebook.com\/alldayled\/\" \/>\n<meta property=\"article:modified_time\" content=\"2025-11-18T12:48:38+00:00\" \/>\n<meta property=\"og:image\" content=\"https:\/\/www.oudadl.testontwikkeling.nl\/wp-content\/uploads\/2024\/06\/ADL809189.png\" \/>\n\t<meta property=\"og:image:width\" content=\"800\" \/>\n\t<meta property=\"og:image:height\" content=\"800\" \/>\n\t<meta property=\"og:image:type\" content=\"image\/png\" \/>\n<meta name=\"twitter:label1\" content=\"Preis\" \/>\n\t<meta name=\"twitter:data1\" content=\"&euro;169,00\" \/>\n\t<meta name=\"twitter:label2\" content=\"Verf\u00fcgbarkeit\" \/>\n\t<meta name=\"twitter:data2\" content=\"ausverkauft\" \/>\n<script type=\"application\/ld+json\" class=\"yoast-schema-graph\">{\"@context\":\"https:\\\/\\\/schema.org\",\"@graph\":[{\"@type\":[\"WebPage\",\"ItemPage\"],\"@id\":\"https:\\\/\\\/www.oudadl.testontwikkeling.nl\\\/product\\\/strands-siberia-bush-ranger-7-inch\\\/\",\"url\":\"https:\\\/\\\/www.oudadl.testontwikkeling.nl\\\/product\\\/strands-siberia-bush-ranger-7-inch\\\/\",\"name\":\"Siberia Bush Ranger 7 inch - Strands - All Day Led - 12&24V\",\"isPartOf\":{\"@id\":\"https:\\\/\\\/www.oudadl.testontwikkeling.nl\\\/#website\"},\"primaryImageOfPage\":{\"@id\":\"https:\\\/\\\/www.oudadl.testontwikkeling.nl\\\/product\\\/strands-siberia-bush-ranger-7-inch\\\/#primaryimage\"},\"image\":{\"@id\":\"https:\\\/\\\/www.oudadl.testontwikkeling.nl\\\/product\\\/strands-siberia-bush-ranger-7-inch\\\/#primaryimage\"},\"thumbnailUrl\":\"https:\\\/\\\/www.oudadl.testontwikkeling.nl\\\/wp-content\\\/uploads\\\/2022\\\/04\\\/ADL89189..png\",\"datePublished\":\"2022-04-16T08:55:15+00:00\",\"dateModified\":\"2025-11-18T12:48:38+00:00\",\"description\":\"Siberia Bush Ranger 7 inch - Strands - voor 12&24 volt - 9600 Lumen! - verstraler met geel licht - Siberia BR 7'' - 1 LUX @ 346 meter\",\"breadcrumb\":{\"@id\":\"https:\\\/\\\/www.oudadl.testontwikkeling.nl\\\/product\\\/strands-siberia-bush-ranger-7-inch\\\/#breadcrumb\"},\"inLanguage\":\"de\",\"potentialAction\":[{\"@type\":\"ReadAction\",\"target\":[\"https:\\\/\\\/www.oudadl.testontwikkeling.nl\\\/product\\\/strands-siberia-bush-ranger-7-inch\\\/\"]}]},{\"@type\":\"ImageObject\",\"inLanguage\":\"de\",\"@id\":\"https:\\\/\\\/www.oudadl.testontwikkeling.nl\\\/product\\\/strands-siberia-bush-ranger-7-inch\\\/#primaryimage\",\"url\":\"https:\\\/\\\/www.oudadl.testontwikkeling.nl\\\/wp-content\\\/uploads\\\/2022\\\/04\\\/ADL89189..png\",\"contentUrl\":\"https:\\\/\\\/www.oudadl.testontwikkeling.nl\\\/wp-content\\\/uploads\\\/2022\\\/04\\\/ADL89189..png\",\"width\":800,\"height\":600,\"caption\":\"Strands Siberia Bush Ranger 7 inch - verstraler voor 12 en 24 volt gebruik met GEEL glas - EAN: 7323030185336\"},{\"@type\":\"BreadcrumbList\",\"@id\":\"https:\\\/\\\/www.oudadl.testontwikkeling.nl\\\/product\\\/strands-siberia-bush-ranger-7-inch\\\/#breadcrumb\",\"itemListElement\":[{\"@type\":\"ListItem\",\"position\":1,\"name\":\"Home\",\"item\":\"https:\\\/\\\/www.oudadl.testontwikkeling.nl\\\/\"},{\"@type\":\"ListItem\",\"position\":2,\"name\":\"Shop\",\"item\":\"https:\\\/\\\/www.oudadl.testontwikkeling.nl\\\/de\\\/shop\\\/\"},{\"@type\":\"ListItem\",\"position\":3,\"name\":\"Verstralers\",\"item\":\"https:\\\/\\\/www.oudadl.testontwikkeling.nl\\\/product-categorie\\\/verstralers\\\/\"},{\"@type\":\"ListItem\",\"position\":4,\"name\":\"Verstraler rond\",\"item\":\"https:\\\/\\\/www.oudadl.testontwikkeling.nl\\\/product-categorie\\\/verstralers\\\/verstraler-rond\\\/\"},{\"@type\":\"ListItem\",\"position\":5,\"name\":\"Strands Siberia Bush Ranger &#8211; 7 inch\"}]},{\"@type\":\"WebSite\",\"@id\":\"https:\\\/\\\/www.oudadl.testontwikkeling.nl\\\/#website\",\"url\":\"https:\\\/\\\/www.oudadl.testontwikkeling.nl\\\/\",\"name\":\"All Day Led\",\"description\":\"\",\"publisher\":{\"@id\":\"https:\\\/\\\/www.oudadl.testontwikkeling.nl\\\/#organization\"},\"potentialAction\":[{\"@type\":\"SearchAction\",\"target\":{\"@type\":\"EntryPoint\",\"urlTemplate\":\"https:\\\/\\\/www.oudadl.testontwikkeling.nl\\\/?s={search_term_string}\"},\"query-input\":{\"@type\":\"PropertyValueSpecification\",\"valueRequired\":true,\"valueName\":\"search_term_string\"}}],\"inLanguage\":\"de\"},{\"@type\":\"Organization\",\"@id\":\"https:\\\/\\\/www.oudadl.testontwikkeling.nl\\\/#organization\",\"name\":\"All Day Led\",\"url\":\"https:\\\/\\\/www.oudadl.testontwikkeling.nl\\\/\",\"logo\":{\"@type\":\"ImageObject\",\"inLanguage\":\"de\",\"@id\":\"https:\\\/\\\/www.oudadl.testontwikkeling.nl\\\/#\\\/schema\\\/logo\\\/image\\\/\",\"url\":\"https:\\\/\\\/www.oudadl.testontwikkeling.nl\\\/wp-content\\\/uploads\\\/2022\\\/08\\\/Logo-ALL-DAY-LED-800x800-zwart-witte-letters.png\",\"contentUrl\":\"https:\\\/\\\/www.oudadl.testontwikkeling.nl\\\/wp-content\\\/uploads\\\/2022\\\/08\\\/Logo-ALL-DAY-LED-800x800-zwart-witte-letters.png\",\"width\":800,\"height\":800,\"caption\":\"All Day Led\"},\"image\":{\"@id\":\"https:\\\/\\\/www.oudadl.testontwikkeling.nl\\\/#\\\/schema\\\/logo\\\/image\\\/\"},\"sameAs\":[\"https:\\\/\\\/www.facebook.com\\\/alldayled\\\/\",\"https:\\\/\\\/www.instagram.com\\\/alldayled\\\/\"],\"vatID\":\"NL863960133B01\",\"taxID\":\"86416545\",\"hasMerchantReturnPolicy\":{\"@type\":\"MerchantReturnPolicy\",\"merchantReturnLink\":\"https:\\\/\\\/www.oudadl.testontwikkeling.nl\\\/de\\\/verzenden-retourneren\\\/\"}}]}<\/script>\n<meta property=\"product:brand\" content=\"Strands\" \/>\n<meta property=\"product:price:amount\" content=\"169.00\" \/>\n<meta property=\"product:price:currency\" content=\"EUR\" \/>\n<meta property=\"og:availability\" content=\"out of stock\" \/>\n<meta property=\"product:availability\" content=\"out of stock\" \/>\n<meta property=\"product:retailer_item_id\" content=\"ADL809189\" \/>\n<meta property=\"product:condition\" content=\"new\" \/>\n<!-- \/ Yoast SEO Premium plugin. -->","yoast_head_json":{"title":"Siberia Bush Ranger 7 Zoll - Strands - All Day Led - 12&amp;24V","description":"Siberia Bush Ranger 7 Zoll - Strands - f\u00fcr 12&amp;24 volt - 9600 Lumen! - Scheinwerfer mit gelbem Licht - Siberia BR 7&#039;&#039; - 1 LUX @ 346 Meter","robots":{"index":"noindex","follow":"follow","max-snippet":"max-snippet:-1","max-image-preview":"max-image-preview:large","max-video-preview":"max-video-preview:-1"},"og_locale":"de_DE","og_type":"article","og_title":"Siberia Bush Ranger 7 inch - Strands - All Day Led - 12&24V","og_description":"Siberia Bush Ranger 7 inch - Strands - voor 12&24 volt - 9600 Lumen! - verstraler met geel licht - Siberia BR 7'' - 1 LUX @ 346 meter","og_url":"https:\/\/www.oudadl.testontwikkeling.nl\/de\/produkt\/strands-siberia-bush-ranger-7-inch-de\/","og_site_name":"All Day Led","article_publisher":"https:\/\/www.facebook.com\/alldayled\/","article_modified_time":"2025-11-18T12:48:38+00:00","og_image":[{"width":800,"height":800,"url":"https:\/\/www.oudadl.testontwikkeling.nl\/wp-content\/uploads\/2024\/06\/ADL809189.png","type":"image\/png"}],"twitter_misc":{"Preis":"&euro;169,00","Verf\u00fcgbarkeit":"ausverkauft"},"schema":{"@context":"https:\/\/schema.org","@graph":[{"@type":["WebPage","ItemPage"],"@id":"https:\/\/www.oudadl.testontwikkeling.nl\/product\/strands-siberia-bush-ranger-7-inch\/","url":"https:\/\/www.oudadl.testontwikkeling.nl\/product\/strands-siberia-bush-ranger-7-inch\/","name":"Siberia Bush Ranger 7 Zoll - Strands - All Day Led - 12&amp;24V","isPartOf":{"@id":"https:\/\/www.oudadl.testontwikkeling.nl\/#website"},"primaryImageOfPage":{"@id":"https:\/\/www.oudadl.testontwikkeling.nl\/product\/strands-siberia-bush-ranger-7-inch\/#primaryimage"},"image":{"@id":"https:\/\/www.oudadl.testontwikkeling.nl\/product\/strands-siberia-bush-ranger-7-inch\/#primaryimage"},"thumbnailUrl":"https:\/\/www.oudadl.testontwikkeling.nl\/wp-content\/uploads\/2022\/04\/ADL89189..png","datePublished":"2022-04-16T08:55:15+00:00","dateModified":"2025-11-18T12:48:38+00:00","description":"Siberia Bush Ranger 7 Zoll - Strands - f\u00fcr 12&amp;24 volt - 9600 Lumen! - Scheinwerfer mit gelbem Licht - Siberia BR 7&#039;&#039; - 1 LUX @ 346 Meter","breadcrumb":{"@id":"https:\/\/www.oudadl.testontwikkeling.nl\/product\/strands-siberia-bush-ranger-7-inch\/#breadcrumb"},"inLanguage":"de","potentialAction":[{"@type":"ReadAction","target":["https:\/\/www.oudadl.testontwikkeling.nl\/product\/strands-siberia-bush-ranger-7-inch\/"]}]},{"@type":"ImageObject","inLanguage":"de","@id":"https:\/\/www.oudadl.testontwikkeling.nl\/product\/strands-siberia-bush-ranger-7-inch\/#primaryimage","url":"https:\/\/www.oudadl.testontwikkeling.nl\/wp-content\/uploads\/2022\/04\/ADL89189..png","contentUrl":"https:\/\/www.oudadl.testontwikkeling.nl\/wp-content\/uploads\/2022\/04\/ADL89189..png","width":800,"height":600,"caption":"Strands Siberia Bush Ranger 7 inch - verstraler voor 12 en 24 volt gebruik met GEEL glas - EAN: 7323030185336"},{"@type":"BreadcrumbList","@id":"https:\/\/www.oudadl.testontwikkeling.nl\/product\/strands-siberia-bush-ranger-7-inch\/#breadcrumb","itemListElement":[{"@type":"ListItem","position":1,"name":"Home","item":"https:\/\/www.oudadl.testontwikkeling.nl\/"},{"@type":"ListItem","position":2,"name":"Shop","item":"https:\/\/www.oudadl.testontwikkeling.nl\/de\/shop\/"},{"@type":"ListItem","position":3,"name":"Verstralers","item":"https:\/\/www.oudadl.testontwikkeling.nl\/product-categorie\/verstralers\/"},{"@type":"ListItem","position":4,"name":"Verstraler rond","item":"https:\/\/www.oudadl.testontwikkeling.nl\/product-categorie\/verstralers\/verstraler-rond\/"},{"@type":"ListItem","position":5,"name":"Strands Siberia Bush Ranger &#8211; 7 inch"}]},{"@type":"WebSite","@id":"https:\/\/www.oudadl.testontwikkeling.nl\/#website","url":"https:\/\/www.oudadl.testontwikkeling.nl\/","name":"All Day Led","description":"","publisher":{"@id":"https:\/\/www.oudadl.testontwikkeling.nl\/#organization"},"potentialAction":[{"@type":"SearchAction","target":{"@type":"EntryPoint","urlTemplate":"https:\/\/www.oudadl.testontwikkeling.nl\/?s={search_term_string}"},"query-input":{"@type":"PropertyValueSpecification","valueRequired":true,"valueName":"search_term_string"}}],"inLanguage":"de"},{"@type":"Organization","@id":"https:\/\/www.oudadl.testontwikkeling.nl\/#organization","name":"All Day Led","url":"https:\/\/www.oudadl.testontwikkeling.nl\/","logo":{"@type":"ImageObject","inLanguage":"de","@id":"https:\/\/www.oudadl.testontwikkeling.nl\/#\/schema\/logo\/image\/","url":"https:\/\/www.oudadl.testontwikkeling.nl\/wp-content\/uploads\/2022\/08\/Logo-ALL-DAY-LED-800x800-zwart-witte-letters.png","contentUrl":"https:\/\/www.oudadl.testontwikkeling.nl\/wp-content\/uploads\/2022\/08\/Logo-ALL-DAY-LED-800x800-zwart-witte-letters.png","width":800,"height":800,"caption":"All Day Led"},"image":{"@id":"https:\/\/www.oudadl.testontwikkeling.nl\/#\/schema\/logo\/image\/"},"sameAs":["https:\/\/www.facebook.com\/alldayled\/","https:\/\/www.instagram.com\/alldayled\/"],"vatID":"NL863960133B01","taxID":"86416545","hasMerchantReturnPolicy":{"@type":"MerchantReturnPolicy","merchantReturnLink":"https:\/\/www.oudadl.testontwikkeling.nl\/de\/verzenden-retourneren\/"}}]},"product_brand":"Strands","product_price_amount":"169.00","product_price_currency":"EUR","og_availability":"out of stock","product_availability":"out of stock","product_retailer_item_id":"ADL809189","product_condition":"new"},"_links":{"self":[{"href":"https:\/\/www.oudadl.testontwikkeling.nl\/de\/wp-json\/wp\/v2\/product\/25275","targetHints":{"allow":["GET"]}}],"collection":[{"href":"https:\/\/www.oudadl.testontwikkeling.nl\/de\/wp-json\/wp\/v2\/product"}],"about":[{"href":"https:\/\/www.oudadl.testontwikkeling.nl\/de\/wp-json\/wp\/v2\/types\/product"}],"replies":[{"embeddable":true,"href":"https:\/\/www.oudadl.testontwikkeling.nl\/de\/wp-json\/wp\/v2\/comments?post=25275"}],"wp:featuredmedia":[{"embeddable":true,"href":"https:\/\/www.oudadl.testontwikkeling.nl\/de\/wp-json\/wp\/v2\/media\/31151"}],"wp:attachment":[{"href":"https:\/\/www.oudadl.testontwikkeling.nl\/de\/wp-json\/wp\/v2\/media?parent=25275"}],"wp:term":[{"taxonomy":"product_brand","embeddable":true,"href":"https:\/\/www.oudadl.testontwikkeling.nl\/de\/wp-json\/wp\/v2\/product_brand?post=25275"},{"taxonomy":"product_cat","embeddable":true,"href":"https:\/\/www.oudadl.testontwikkeling.nl\/de\/wp-json\/wp\/v2\/product_cat?post=25275"},{"taxonomy":"product_tag","embeddable":true,"href":"https:\/\/www.oudadl.testontwikkeling.nl\/de\/wp-json\/wp\/v2\/product_tag?post=25275"}],"curies":[{"name":"wp","href":"https:\/\/api.w.org\/{rel}","templated":true}]}}