{"id":24197,"date":"2022-02-25T15:10:47","date_gmt":"2022-02-25T13:10:47","guid":{"rendered":"https:\/\/www.oudadl.testontwikkeling.nl\/?post_type=product&#038;p=24197"},"modified":"2025-11-18T14:04:02","modified_gmt":"2025-11-18T13:04:02","slug":"strands-siberia-outlaw-22-zoll","status":"publish","type":"product","link":"https:\/\/www.oudadl.testontwikkeling.nl\/de\/product\/strands-siberia-outlaw-22-inch\/","title":{"rendered":"Strands Siberia Outlaw - 22 Zoll"},"content":{"rendered":"<p><span style=\"color: #000000;\"><strong>Strands Siberia Outlaw double row 22 Zoll, geeignet f\u00fcr 12 und 24 Volt.\u00a0<\/strong><\/span><\/p>\n<p><span style=\"color: #000000;\">Suchen Sie eine neue Bar des Modells LED, die viel Licht spendet und mit einem farbwechselbaren Positionslicht (Orange \u2013 Wei\u00df) ausgestattet ist? Dann ist die Outlaw LED Bar der Marke Strands vielleicht die Lampe, die Sie suchen. Der Strands Siberia Outlaw 22 Zoll ist mit insgesamt 40 LED best\u00fcckt und hat eine Lichtleistung von nicht weniger als 29.600 Lumen! So sind Sie sowohl tags\u00fcber als auch abends gut sichtbar. Der Siberia Outlaw 22\u2033 kann mit 12 und 24 Volt verwendet werden. Das bedeutet, dass Sie die LED-Leiste beispielsweise an Ihrem Auto, LKW, Traktor, Wohnmobil oder anderen Fahrzeugtypen verwenden k\u00f6nnen.\u00a0<\/span><\/p>\n<p><span style=\"color: #000000;\">Damit der Siberia Outlaw 22 Zoll f\u00fcr Ihr Fahrzeug geeignet ist. Nachfolgend haben wir einige Spezifikationen aufgeschrieben. All dies, um Ihnen klar zu machen, warum dies die LED-Lampe sein k\u00f6nnte, nach der Sie suchen. Der Lenker LED beispielsweise tr\u00e4gt das ECE-R10-G\u00fctezeichen. Dieses Qualit\u00e4tszeichen zeigt an, dass die Lampe LED w\u00e4hrend der Aktivierung beispielsweise Ihr Funksignal nicht st\u00f6rt. Die Lampe LED ist au\u00dferdem mit dem Qualit\u00e4tszeichen IP68 und IP69K versehen. Die Qualit\u00e4tszeichen weisen darauf hin, dass der Siberia Outlaw LED Bar 22\u201c volledig staub- und wasserdicht ist. Um Sie davon zu \u00fcberzeugen, dass dies der Fernscheinwerfer sein k\u00f6nnte, den Sie suchen, k\u00f6nnen Sie: <a style=\"color: #000000;\" href=\"https:\/\/youtu.be\/l4e95xmaT48\" target=\"_blank\" rel=\"noopener\">hier<\/a>\u00a0Sehen Sie sich das Lichtleistungsvideo von Strands an.<\/span><\/p>\n<h5><span style=\"color: #000000;\"><strong>Abmessungen:<\/strong><\/span><\/h5>\n<p><span style=\"color: #000000;\">Damit Sie den Strahler LED \u00fcberall montieren k\u00f6nnen. Die Abmessungen haben wir unten notiert. Die Abmessungen der 22 Zoll Siberia Outlaw LED Lampe der Marke Strands sind wie folgt:<\/span><\/p>\n<ul>\n<li><span style=\"color: #000000;\">H\u00f6he: 76 mm (89 mm einschlie\u00dflich Montage)<\/span><\/li>\n<li><span style=\"color: #000000;\">Breite: 562 mm<\/span><\/li>\n<li><span style=\"color: #000000;\">Dicke: 71,6 mm<\/span><\/li>\n<\/ul>\n<p><span style=\"color: #000000;\">Die Siberia Outlaw 22\u201d LED Lampe wird mit zwei Arten von Montagehalterungen geliefert. Um Ihnen ein klares Bild davon zu geben, was das bedeutet, bitten wir Sie, sich Bild 4 anzusehen. M\u00f6chten Sie die Lampe LED auf einem Lampenb\u00fcgel montieren? Verwenden Sie dann das Strands <a style=\"color: #000000;\" href=\"https:\/\/www.oudadl.testontwikkeling.nl\/de\/produkt\/lampenhalterung-klemme-siberia-led-bar-double-row\/\">Siberia Lampenhalterungsklemme<\/a>.<\/span><\/p>\n<h5><span style=\"color: #000000;\"><strong>Andere Abmessungen:\u00a0<\/strong><\/span><\/h5>\n<p><span style=\"color: #000000;\">Ist der Strands Siberia Outlaw LED Lenker 22 Zoll nicht die Gr\u00f6\u00dfe, die Sie suchen? Dann wissen Sie, dass die LED-Lampe auch in den folgenden Abmessungen erh\u00e4ltlich ist:<\/span><\/p>\n<ul>\n<li><span style=\"color: #000000;\"><a style=\"color: #000000;\" href=\"https:\/\/www.oudadl.testontwikkeling.nl\/de\/produkt\/strands-siberia-outlaw-32-zoll\/\"><strong>Siberia Outlaw 32-Zoll<\/strong><\/a><\/span><\/li>\n<\/ul>\n<p><span style=\"color: #000000;\">Immer noch nicht \u00fcberzeugt, dass die LED-Lampe das ist, wonach Sie suchen? Einfach weil die Lichtleistung, Wattzahl oder Form nicht Ihren Vorstellungen entspricht? Schaut unbedingt auf unserer Seite vorbei <a style=\"color: #000000;\" href=\"https:\/\/www.oudadl.testontwikkeling.nl\/de\/produkt-kategorie\/scheinwerfer\/\">Scheinwerfer<\/a>. M\u00f6glicherweise finden Sie hier das Lampenmodell, das Sie suchen.<\/span><\/p>","protected":false},"excerpt":{"rendered":"<p>Strands Siberia Outlaw double row 22 inch, geschikt voor 12 en 24 volt gebruik.\u00a0 Bent u opzoek naar een nieuw model LED bar die v\u00e9\u00e9l licht geeft en met een van kleur te wisselen positielicht (oranje &#8211; wit) is uitgerust? Dan is de Outlaw LED bar van merk Strands wellicht d\u00e9 lamp die u zoekt. [&hellip;]<\/p>\n","protected":false},"featured_media":30751,"comment_status":"open","ping_status":"closed","template":"","meta":{"_acf_changed":false,"site-sidebar-layout":"default","site-content-layout":"default","ast-site-content-layout":"default","site-content-style":"default","site-sidebar-style":"default","ast-global-header-display":"","ast-banner-title-visibility":"","ast-main-header-display":"","ast-hfb-above-header-display":"","ast-hfb-below-header-display":"","ast-hfb-mobile-header-display":"","site-post-title":"","ast-breadcrumbs-content":"","ast-featured-img":"","footer-sml-layout":"","ast-disable-related-posts":"","theme-transparent-header-meta":"default","adv-header-id-meta":"","stick-header-meta":"","header-above-stick-meta":"","header-main-stick-meta":"","header-below-stick-meta":"","astra-migrate-meta-layouts":"set","ast-page-background-enabled":"default","ast-page-background-meta":{"desktop":{"background-color":"","background-image":"","background-repeat":"repeat","background-position":"center center","background-size":"auto","background-attachment":"scroll","background-type":"","background-media":"","overlay-type":"","overlay-color":"","overlay-opacity":"","overlay-gradient":""},"tablet":{"background-color":"","background-image":"","background-repeat":"repeat","background-position":"center center","background-size":"auto","background-attachment":"scroll","background-type":"","background-media":"","overlay-type":"","overlay-color":"","overlay-opacity":"","overlay-gradient":""},"mobile":{"background-color":"","background-image":"","background-repeat":"repeat","background-position":"center center","background-size":"auto","background-attachment":"scroll","background-type":"","background-media":"","overlay-type":"","overlay-color":"","overlay-opacity":"","overlay-gradient":""}},"ast-content-background-meta":{"desktop":{"background-color":"var(--ast-global-color-5)","background-image":"","background-repeat":"repeat","background-position":"center center","background-size":"auto","background-attachment":"scroll","background-type":"","background-media":"","overlay-type":"","overlay-color":"","overlay-opacity":"","overlay-gradient":""},"tablet":{"background-color":"var(--ast-global-color-5)","background-image":"","background-repeat":"repeat","background-position":"center center","background-size":"auto","background-attachment":"scroll","background-type":"","background-media":"","overlay-type":"","overlay-color":"","overlay-opacity":"","overlay-gradient":""},"mobile":{"background-color":"var(--ast-global-color-5)","background-image":"","background-repeat":"repeat","background-position":"center center","background-size":"auto","background-attachment":"scroll","background-type":"","background-media":"","overlay-type":"","overlay-color":"","overlay-opacity":"","overlay-gradient":""}}},"product_brand":[],"product_cat":[7964,7258],"product_tag":[3786,3789,3788,5817,5822,5823,5824,5825,5821,373,6388,2426,3787,2427,6550,6551],"class_list":{"0":"post-24197","1":"product","2":"type-product","3":"status-publish","4":"has-post-thumbnail","6":"product_cat-led-bar","7":"product_cat-strands-siberia","8":"product_tag-led-bar","9":"product_tag-led-bar-auto","10":"product_tag-led-bar-vrachtwagen","11":"product_tag-led-verstraler","12":"product_tag-led-verstraler-auto","13":"product_tag-led-verstraler-camper","14":"product_tag-led-verstraler-pickup","15":"product_tag-led-verstraler-tractor","16":"product_tag-led-verstraler-vrachtwagen","17":"product_tag-led-werklamp","18":"product_tag-sale","19":"product_tag-strands-led-verlichting","20":"product_tag-strands-werklamp","21":"product_tag-strands-lighting-division","22":"product_tag-strands-siberia-led-bar","23":"product_tag-strands-siberia-verstraler","24":"pa_merkk-product-strands-lighting-division","25":"desktop-align-left","26":"tablet-align-left","27":"mobile-align-left","29":"first","30":"instock","31":"sale","32":"taxable","33":"shipping-taxable","34":"purchasable","35":"product-type-simple"},"acf":[],"yoast_head":"<!-- This site is optimized with the Yoast SEO Premium plugin v25.9 (Yoast SEO v27.6) - https:\/\/yoast.com\/product\/yoast-seo-premium-wordpress\/ -->\n<title>Siberia Outlaw 22 inch - Strands LED bar - All Day Led - 12&amp;24V<\/title>\n<meta name=\"description\" content=\"Siberia Outlaw 22 inch - STRANDS - voor 12&amp;24 volt gebruik - auto, vrachtwagen en meer - met LED standlicht - 29.600 Lumen\" \/>\n<meta name=\"robots\" content=\"noindex, follow, max-snippet:-1, max-image-preview:large, max-video-preview:-1\" \/>\n<meta property=\"og:locale\" content=\"de_DE\" \/>\n<meta property=\"og:type\" content=\"article\" \/>\n<meta property=\"og:title\" content=\"Siberia Outlaw 22 inch - Strands LED bar - All Day Led - 12&amp;24V\" \/>\n<meta property=\"og:description\" content=\"Siberia Outlaw 22 inch - STRANDS - voor 12&amp;24 volt gebruik - auto, vrachtwagen en meer - met LED standlicht - 29.600 Lumen\" \/>\n<meta property=\"og:url\" content=\"https:\/\/www.oudadl.testontwikkeling.nl\/de\/produkt\/strands-siberia-outlaw-22-zoll\/\" \/>\n<meta property=\"og:site_name\" content=\"All Day Led\" \/>\n<meta property=\"article:publisher\" content=\"https:\/\/www.facebook.com\/alldayled\/\" \/>\n<meta property=\"article:modified_time\" content=\"2025-11-18T13:04:02+00:00\" \/>\n<meta property=\"og:image\" content=\"https:\/\/www.oudadl.testontwikkeling.nl\/wp-content\/uploads\/2024\/08\/ADL809167.01.png\" \/>\n\t<meta property=\"og:image:width\" content=\"800\" \/>\n\t<meta property=\"og:image:height\" content=\"800\" \/>\n\t<meta property=\"og:image:type\" content=\"image\/png\" \/>\n<meta name=\"twitter:label1\" content=\"Preis\" \/>\n\t<meta name=\"twitter:data1\" content=\"&euro;534,65\" \/>\n\t<meta name=\"twitter:label2\" content=\"Verf\u00fcgbarkeit\" \/>\n\t<meta name=\"twitter:data2\" content=\"Auf Lager\" \/>\n<script type=\"application\/ld+json\" class=\"yoast-schema-graph\">{\"@context\":\"https:\\\/\\\/schema.org\",\"@graph\":[{\"@type\":\"WebPage\",\"@id\":\"https:\\\/\\\/www.oudadl.testontwikkeling.nl\\\/product\\\/strands-siberia-outlaw-22-inch\\\/\",\"url\":\"https:\\\/\\\/www.oudadl.testontwikkeling.nl\\\/product\\\/strands-siberia-outlaw-22-inch\\\/\",\"name\":\"Siberia Outlaw 22 inch - Strands LED bar - All Day Led - 12&24V\",\"isPartOf\":{\"@id\":\"https:\\\/\\\/www.oudadl.testontwikkeling.nl\\\/#website\"},\"primaryImageOfPage\":{\"@id\":\"https:\\\/\\\/www.oudadl.testontwikkeling.nl\\\/product\\\/strands-siberia-outlaw-22-inch\\\/#primaryimage\"},\"image\":{\"@id\":\"https:\\\/\\\/www.oudadl.testontwikkeling.nl\\\/product\\\/strands-siberia-outlaw-22-inch\\\/#primaryimage\"},\"thumbnailUrl\":\"https:\\\/\\\/www.oudadl.testontwikkeling.nl\\\/wp-content\\\/uploads\\\/2022\\\/02\\\/ADL89167-.png\",\"datePublished\":\"2022-02-25T13:10:47+00:00\",\"dateModified\":\"2025-11-18T13:04:02+00:00\",\"description\":\"Siberia Outlaw 22 inch - STRANDS - voor 12&24 volt gebruik - auto, vrachtwagen en meer - met LED standlicht - 29.600 Lumen\",\"breadcrumb\":{\"@id\":\"https:\\\/\\\/www.oudadl.testontwikkeling.nl\\\/product\\\/strands-siberia-outlaw-22-inch\\\/#breadcrumb\"},\"inLanguage\":\"de\",\"potentialAction\":[{\"@type\":\"ReadAction\",\"target\":[\"https:\\\/\\\/www.oudadl.testontwikkeling.nl\\\/product\\\/strands-siberia-outlaw-22-inch\\\/\"]}]},{\"@type\":\"ImageObject\",\"inLanguage\":\"de\",\"@id\":\"https:\\\/\\\/www.oudadl.testontwikkeling.nl\\\/product\\\/strands-siberia-outlaw-22-inch\\\/#primaryimage\",\"url\":\"https:\\\/\\\/www.oudadl.testontwikkeling.nl\\\/wp-content\\\/uploads\\\/2022\\\/02\\\/ADL89167-.png\",\"contentUrl\":\"https:\\\/\\\/www.oudadl.testontwikkeling.nl\\\/wp-content\\\/uploads\\\/2022\\\/02\\\/ADL89167-.png\",\"width\":800,\"height\":600,\"caption\":\"Strands Siberia Outlaw LED bar 22 inch - 22'' LED bar met double row - geschikt voor 12&24 volt gebruik - EAN: 7350133810216\"},{\"@type\":\"BreadcrumbList\",\"@id\":\"https:\\\/\\\/www.oudadl.testontwikkeling.nl\\\/product\\\/strands-siberia-outlaw-22-inch\\\/#breadcrumb\",\"itemListElement\":[{\"@type\":\"ListItem\",\"position\":1,\"name\":\"Home\",\"item\":\"https:\\\/\\\/www.oudadl.testontwikkeling.nl\\\/\"},{\"@type\":\"ListItem\",\"position\":2,\"name\":\"Shop\",\"item\":\"https:\\\/\\\/www.oudadl.testontwikkeling.nl\\\/de\\\/shop\\\/\"},{\"@type\":\"ListItem\",\"position\":3,\"name\":\"Verstralers\",\"item\":\"https:\\\/\\\/www.oudadl.testontwikkeling.nl\\\/product-categorie\\\/verstralers\\\/\"},{\"@type\":\"ListItem\",\"position\":4,\"name\":\"LED bar\",\"item\":\"https:\\\/\\\/www.oudadl.testontwikkeling.nl\\\/product-categorie\\\/verstralers\\\/led-bar\\\/\"},{\"@type\":\"ListItem\",\"position\":5,\"name\":\"Strands Siberia Outlaw &#8211; 22 inch\"}]},{\"@type\":\"WebSite\",\"@id\":\"https:\\\/\\\/www.oudadl.testontwikkeling.nl\\\/#website\",\"url\":\"https:\\\/\\\/www.oudadl.testontwikkeling.nl\\\/\",\"name\":\"All Day Led\",\"description\":\"\",\"publisher\":{\"@id\":\"https:\\\/\\\/www.oudadl.testontwikkeling.nl\\\/#organization\"},\"potentialAction\":[{\"@type\":\"SearchAction\",\"target\":{\"@type\":\"EntryPoint\",\"urlTemplate\":\"https:\\\/\\\/www.oudadl.testontwikkeling.nl\\\/?s={search_term_string}\"},\"query-input\":{\"@type\":\"PropertyValueSpecification\",\"valueRequired\":true,\"valueName\":\"search_term_string\"}}],\"inLanguage\":\"de\"},{\"@type\":\"Organization\",\"@id\":\"https:\\\/\\\/www.oudadl.testontwikkeling.nl\\\/#organization\",\"name\":\"All Day Led\",\"url\":\"https:\\\/\\\/www.oudadl.testontwikkeling.nl\\\/\",\"logo\":{\"@type\":\"ImageObject\",\"inLanguage\":\"de\",\"@id\":\"https:\\\/\\\/www.oudadl.testontwikkeling.nl\\\/#\\\/schema\\\/logo\\\/image\\\/\",\"url\":\"https:\\\/\\\/www.oudadl.testontwikkeling.nl\\\/wp-content\\\/uploads\\\/2022\\\/08\\\/Logo-ALL-DAY-LED-800x800-zwart-witte-letters.png\",\"contentUrl\":\"https:\\\/\\\/www.oudadl.testontwikkeling.nl\\\/wp-content\\\/uploads\\\/2022\\\/08\\\/Logo-ALL-DAY-LED-800x800-zwart-witte-letters.png\",\"width\":800,\"height\":800,\"caption\":\"All Day Led\"},\"image\":{\"@id\":\"https:\\\/\\\/www.oudadl.testontwikkeling.nl\\\/#\\\/schema\\\/logo\\\/image\\\/\"},\"sameAs\":[\"https:\\\/\\\/www.facebook.com\\\/alldayled\\\/\",\"https:\\\/\\\/www.instagram.com\\\/alldayled\\\/\"],\"vatID\":\"NL863960133B01\",\"taxID\":\"86416545\",\"hasMerchantReturnPolicy\":{\"@type\":\"MerchantReturnPolicy\",\"merchantReturnLink\":\"https:\\\/\\\/www.oudadl.testontwikkeling.nl\\\/de\\\/verzenden-retourneren\\\/\"}}]}<\/script>\n<meta property=\"product:brand\" content=\"Strands\" \/>\n<meta property=\"product:price:amount\" content=\"534.65\" \/>\n<meta property=\"product:price:currency\" content=\"EUR\" \/>\n<meta property=\"og:availability\" content=\"instock\" \/>\n<meta property=\"product:availability\" content=\"instock\" \/>\n<meta property=\"product:retailer_item_id\" content=\"ADL809167\" \/>\n<meta property=\"product:condition\" content=\"new\" \/>\n<!-- \/ Yoast SEO Premium plugin. -->","yoast_head_json":{"title":"Siberia Outlaw 22 Zoll - Strands LED Stange - All Day Led - 12&amp;24V","description":"Siberia Outlaw 22 Zoll - STRANDS - f\u00fcr 12&amp;24 volt-Nutzung - PKW, LKW und mehr - mit LED Standlicht - 29.600 Lumen","robots":{"index":"noindex","follow":"follow","max-snippet":"max-snippet:-1","max-image-preview":"max-image-preview:large","max-video-preview":"max-video-preview:-1"},"og_locale":"de_DE","og_type":"article","og_title":"Siberia Outlaw 22 inch - Strands LED bar - All Day Led - 12&24V","og_description":"Siberia Outlaw 22 inch - STRANDS - voor 12&24 volt gebruik - auto, vrachtwagen en meer - met LED standlicht - 29.600 Lumen","og_url":"https:\/\/www.oudadl.testontwikkeling.nl\/de\/produkt\/strands-siberia-outlaw-22-zoll\/","og_site_name":"All Day Led","article_publisher":"https:\/\/www.facebook.com\/alldayled\/","article_modified_time":"2025-11-18T13:04:02+00:00","og_image":[{"width":800,"height":800,"url":"https:\/\/www.oudadl.testontwikkeling.nl\/wp-content\/uploads\/2024\/08\/ADL809167.01.png","type":"image\/png"}],"twitter_misc":{"Preis":"&euro;534,65","Verf\u00fcgbarkeit":"Auf Lager"},"schema":{"@context":"https:\/\/schema.org","@graph":[{"@type":"WebPage","@id":"https:\/\/www.oudadl.testontwikkeling.nl\/product\/strands-siberia-outlaw-22-inch\/","url":"https:\/\/www.oudadl.testontwikkeling.nl\/product\/strands-siberia-outlaw-22-inch\/","name":"Siberia Outlaw 22 Zoll - Strands LED Stange - All Day Led - 12&amp;24V","isPartOf":{"@id":"https:\/\/www.oudadl.testontwikkeling.nl\/#website"},"primaryImageOfPage":{"@id":"https:\/\/www.oudadl.testontwikkeling.nl\/product\/strands-siberia-outlaw-22-inch\/#primaryimage"},"image":{"@id":"https:\/\/www.oudadl.testontwikkeling.nl\/product\/strands-siberia-outlaw-22-inch\/#primaryimage"},"thumbnailUrl":"https:\/\/www.oudadl.testontwikkeling.nl\/wp-content\/uploads\/2022\/02\/ADL89167-.png","datePublished":"2022-02-25T13:10:47+00:00","dateModified":"2025-11-18T13:04:02+00:00","description":"Siberia Outlaw 22 Zoll - STRANDS - f\u00fcr 12&amp;24 volt-Nutzung - PKW, LKW und mehr - mit LED Standlicht - 29.600 Lumen","breadcrumb":{"@id":"https:\/\/www.oudadl.testontwikkeling.nl\/product\/strands-siberia-outlaw-22-inch\/#breadcrumb"},"inLanguage":"de","potentialAction":[{"@type":"ReadAction","target":["https:\/\/www.oudadl.testontwikkeling.nl\/product\/strands-siberia-outlaw-22-inch\/"]}]},{"@type":"ImageObject","inLanguage":"de","@id":"https:\/\/www.oudadl.testontwikkeling.nl\/product\/strands-siberia-outlaw-22-inch\/#primaryimage","url":"https:\/\/www.oudadl.testontwikkeling.nl\/wp-content\/uploads\/2022\/02\/ADL89167-.png","contentUrl":"https:\/\/www.oudadl.testontwikkeling.nl\/wp-content\/uploads\/2022\/02\/ADL89167-.png","width":800,"height":600,"caption":"Strands Siberia Outlaw LED bar 22 inch - 22'' LED bar met double row - geschikt voor 12&24 volt gebruik - EAN: 7350133810216"},{"@type":"BreadcrumbList","@id":"https:\/\/www.oudadl.testontwikkeling.nl\/product\/strands-siberia-outlaw-22-inch\/#breadcrumb","itemListElement":[{"@type":"ListItem","position":1,"name":"Home","item":"https:\/\/www.oudadl.testontwikkeling.nl\/"},{"@type":"ListItem","position":2,"name":"Shop","item":"https:\/\/www.oudadl.testontwikkeling.nl\/de\/shop\/"},{"@type":"ListItem","position":3,"name":"Verstralers","item":"https:\/\/www.oudadl.testontwikkeling.nl\/product-categorie\/verstralers\/"},{"@type":"ListItem","position":4,"name":"LED bar","item":"https:\/\/www.oudadl.testontwikkeling.nl\/product-categorie\/verstralers\/led-bar\/"},{"@type":"ListItem","position":5,"name":"Strands Siberia Outlaw &#8211; 22 inch"}]},{"@type":"WebSite","@id":"https:\/\/www.oudadl.testontwikkeling.nl\/#website","url":"https:\/\/www.oudadl.testontwikkeling.nl\/","name":"All Day Led","description":"","publisher":{"@id":"https:\/\/www.oudadl.testontwikkeling.nl\/#organization"},"potentialAction":[{"@type":"SearchAction","target":{"@type":"EntryPoint","urlTemplate":"https:\/\/www.oudadl.testontwikkeling.nl\/?s={search_term_string}"},"query-input":{"@type":"PropertyValueSpecification","valueRequired":true,"valueName":"search_term_string"}}],"inLanguage":"de"},{"@type":"Organization","@id":"https:\/\/www.oudadl.testontwikkeling.nl\/#organization","name":"All Day Led","url":"https:\/\/www.oudadl.testontwikkeling.nl\/","logo":{"@type":"ImageObject","inLanguage":"de","@id":"https:\/\/www.oudadl.testontwikkeling.nl\/#\/schema\/logo\/image\/","url":"https:\/\/www.oudadl.testontwikkeling.nl\/wp-content\/uploads\/2022\/08\/Logo-ALL-DAY-LED-800x800-zwart-witte-letters.png","contentUrl":"https:\/\/www.oudadl.testontwikkeling.nl\/wp-content\/uploads\/2022\/08\/Logo-ALL-DAY-LED-800x800-zwart-witte-letters.png","width":800,"height":800,"caption":"All Day Led"},"image":{"@id":"https:\/\/www.oudadl.testontwikkeling.nl\/#\/schema\/logo\/image\/"},"sameAs":["https:\/\/www.facebook.com\/alldayled\/","https:\/\/www.instagram.com\/alldayled\/"],"vatID":"NL863960133B01","taxID":"86416545","hasMerchantReturnPolicy":{"@type":"MerchantReturnPolicy","merchantReturnLink":"https:\/\/www.oudadl.testontwikkeling.nl\/de\/verzenden-retourneren\/"}}]},"product_brand":"Strands","product_price_amount":"534.65","product_price_currency":"EUR","og_availability":"instock","product_availability":"instock","product_retailer_item_id":"ADL809167","product_condition":"new"},"_links":{"self":[{"href":"https:\/\/www.oudadl.testontwikkeling.nl\/de\/wp-json\/wp\/v2\/product\/24197","targetHints":{"allow":["GET"]}}],"collection":[{"href":"https:\/\/www.oudadl.testontwikkeling.nl\/de\/wp-json\/wp\/v2\/product"}],"about":[{"href":"https:\/\/www.oudadl.testontwikkeling.nl\/de\/wp-json\/wp\/v2\/types\/product"}],"replies":[{"embeddable":true,"href":"https:\/\/www.oudadl.testontwikkeling.nl\/de\/wp-json\/wp\/v2\/comments?post=24197"}],"wp:featuredmedia":[{"embeddable":true,"href":"https:\/\/www.oudadl.testontwikkeling.nl\/de\/wp-json\/wp\/v2\/media\/30751"}],"wp:attachment":[{"href":"https:\/\/www.oudadl.testontwikkeling.nl\/de\/wp-json\/wp\/v2\/media?parent=24197"}],"wp:term":[{"taxonomy":"product_brand","embeddable":true,"href":"https:\/\/www.oudadl.testontwikkeling.nl\/de\/wp-json\/wp\/v2\/product_brand?post=24197"},{"taxonomy":"product_cat","embeddable":true,"href":"https:\/\/www.oudadl.testontwikkeling.nl\/de\/wp-json\/wp\/v2\/product_cat?post=24197"},{"taxonomy":"product_tag","embeddable":true,"href":"https:\/\/www.oudadl.testontwikkeling.nl\/de\/wp-json\/wp\/v2\/product_tag?post=24197"}],"curies":[{"name":"wp","href":"https:\/\/api.w.org\/{rel}","templated":true}]}}