{"id":17229,"date":"2021-08-27T13:08:58","date_gmt":"2021-08-27T12:08:58","guid":{"rendered":"https:\/\/www.oudadl.testontwikkeling.nl\/?post_type=product&#038;p=17229"},"modified":"2025-11-17T12:07:20","modified_gmt":"2025-11-17T11:07:20","slug":"strands-siberia-rv-led-arbeitsscheinwerfer","status":"publish","type":"product","link":"https:\/\/www.oudadl.testontwikkeling.nl\/de\/product\/strands-siberia-rv-led-werklamp\/","title":{"rendered":"Strands Siberia RV LED Lampe"},"content":{"rendered":"<p><span style=\"color: #000000;\"><strong>Strands Siberia Right View LED Lampe 30 W, f\u00fcr 12 und 24 Volt.<\/strong><\/span><\/p>\n<p><span style=\"color: #000000;\">Suchen Sie einen LED Arbeitsscheinwerfer aus der Siberia Linie? Und muss die Lampe kein farbwechselndes Standlicht haben? Dann k\u00f6nnte die Siberia right view LED Arbeitsleuchte der Marke Strands die Lampe sein, die Sie suchen. Die LED Lampe ist mit 6 LEDs best\u00fcckt, die zusammen eine Lichtleistung von 2880 Lumen liefern. Durch die Montage der LED Lampe an Ihrem Fahrzeug oder Anh\u00e4nger k\u00f6nnen Sie sicher sein, dass Sie eine hohe Lichtleistung bei geringem Stromverbrauch haben. So wird sichergestellt, dass Sie nicht im Dunkeln stehen. Die Lampe LED kann mit 12 und 24 Volt betrieben werden. Dies bedeutet, dass Sie diese LED-Lampe zum Beispiel an Ihrem Auto, LKW, Anh\u00e4nger oder anderen Fahrzeugtyp verwenden k\u00f6nnen.\u00a0<\/span><\/p>\n<p><span style=\"color: #000000;\">Um sicherzustellen, dass der Strands Siberia Right View LED Arbeitsscheinwerfer f\u00fcr Ihr Fahrzeug oder Ihren Anh\u00e4nger geeignet ist, haben wir unten eine Reihe von Spezifikationen geschrieben. All dies, um Ihnen zu verdeutlichen, warum dies die LED-Arbeitsleuchte sein k\u00f6nnte, die Sie suchen. Der Arbeitsscheinwerfer LED beispielsweise tr\u00e4gt das G\u00fctezeichen ECE R10. Dieses G\u00fctezeichen weist darauf hin, dass die Lampe beim Einschalten beispielsweise Ihr Funksignal nicht st\u00f6rt. Die Arbeitsleuchte LED ist zudem mit dem G\u00fctezeichen IP67 und IP69K versehen. Diese Qualit\u00e4tszeichen weisen darauf hin, dass die Siberia LED Arbeitsleuchte vollledig staub- und wasserdicht ist. Zum Abschluss wird die Arbeitsscheinwerfer LED mit Edelstahl-Befestigungsmaterial und einem DT-Stecker geliefert. Aussicht <a style=\"color: #000000;\" href=\"https:\/\/youtu.be\/amYkL2AYzmg\">hier<\/a> das Einf\u00fchrungsvideo von Strands.<\/span><\/p>\n<h5><span style=\"color: #000000;\"><strong>Abmessungen:<\/strong><\/span><\/h5>\n<p><span style=\"color: #000000;\">Um sicherzustellen, dass Sie die Arbeitsleuchte Strands Siberia RV LED dort montieren k\u00f6nnen, wo Sie m\u00f6chten, haben wir die folgenden Abmessungen notiert. Die Abmessungen der Siberia right view LED Lampe der Marke Strands sind wie folgt:<\/span><\/p>\n<ul>\n<li><span style=\"color: #000000;\">H\u00f6he: 43,7 mm (49,7 mm inkl. Halterung)<\/span><\/li>\n<li><span style=\"color: #000000;\">Breite: 157 mm<\/span><\/li>\n<li><span style=\"color: #000000;\">Dicke: 60 mm<\/span><\/li>\n<\/ul>\n<h5><span style=\"color: #000000;\"><strong>Andere Versionen:\u00a0<\/strong><\/span><\/h5>\n<p><span style=\"color: #000000;\">M\u00f6chten Sie eine Siberia LED Lampe der Marke Strands? Aber ist die Strands Siberia Right View LED Lampe nicht das Modell, das Sie suchen? Dann wissen Sie, dass die Siberia-Lampe von Strands auch in verschiedenen anderen Versionen erh\u00e4ltlich ist. Sehen Sie sich unten die verschiedenen Optionen an, die Strands bietet.\u00a0<\/span><\/p>\n<ul>\n<li><span style=\"color: #000000;\"><a style=\"color: #000000;\" href=\"https:\/\/www.oudadl.testontwikkeling.nl\/de\/produkt\/strands-siberia-red-panda-lamp\/\" target=\"_blank\" rel=\"noopener\"><strong>Siberia Red Panda Lampe<\/strong><\/a><\/span><\/li>\n<li><span style=\"color: #000000;\"><a style=\"color: #000000;\" href=\"https:\/\/www.oudadl.testontwikkeling.nl\/de\/produkt\/strands-siberia-red-fox-lamp\/\" target=\"_blank\" rel=\"noopener\"><strong>Siberia Red Fox Lampe<\/strong><\/a><\/span><\/li>\n<li><span style=\"color: #000000;\"><a style=\"color: #000000;\" href=\"https:\/\/www.oudadl.testontwikkeling.nl\/de\/produkt\/strands-siberia-qube-lamp\/\" target=\"_blank\" rel=\"noopener\"><strong>Siberia Qube Lampe<\/strong><\/a><\/span><\/li>\n<li><span style=\"color: #000000;\"><a style=\"color: #000000;\" href=\"https:\/\/www.oudadl.testontwikkeling.nl\/de\/produkt\/strands-siberia-sl-led-lampe\/\"><strong>Siberia SL Lampe<\/strong><\/a><\/span><\/li>\n<\/ul>\n<p><span style=\"color: #000000;\">Denken Sie immer noch, dass der Siberia Right View LED Arbeitsscheinwerfer nicht das ist, was Sie suchen? Einfach weil die Lichtleistung oder Wattzahl nicht hoch genug oder sogar zu hoch ist? Bitte schauen Sie auf unsere Seite <a style=\"color: #000000;\" href=\"https:\/\/www.oudadl.testontwikkeling.nl\/de\/produkt-kategorie\/arbeitsscheinwerfer\/\">Arbeitsscheinwerfer<\/a>. Vielleicht finden Sie hier das von Ihnen gesuchte Lampenmodell.\u00a0<\/span><\/p>","protected":false},"excerpt":{"rendered":"<p>Strands Siberia Right View LED lamp 30w, voor 12 en 24 volt gebruik. Bent u opzoek naar een LED werklamp uit de Siberia lijn? En hoeft de lamp geen van kleur te wisselen standlicht te hebben? Dan is de Siberia right view LED werklamp van merk Strands wellicht d\u00e9 lamp waar u naar op zoek [&hellip;]<\/p>\n","protected":false},"featured_media":19486,"comment_status":"open","ping_status":"closed","template":"","meta":{"_acf_changed":false,"site-sidebar-layout":"default","site-content-layout":"default","ast-site-content-layout":"default","site-content-style":"default","site-sidebar-style":"default","ast-global-header-display":"","ast-banner-title-visibility":"","ast-main-header-display":"","ast-hfb-above-header-display":"","ast-hfb-below-header-display":"","ast-hfb-mobile-header-display":"","site-post-title":"","ast-breadcrumbs-content":"","ast-featured-img":"","footer-sml-layout":"","ast-disable-related-posts":"","theme-transparent-header-meta":"default","adv-header-id-meta":"","stick-header-meta":"","header-above-stick-meta":"","header-main-stick-meta":"","header-below-stick-meta":"","astra-migrate-meta-layouts":"set","ast-page-background-enabled":"default","ast-page-background-meta":{"desktop":{"background-color":"","background-image":"","background-repeat":"repeat","background-position":"center center","background-size":"auto","background-attachment":"scroll","background-type":"","background-media":"","overlay-type":"","overlay-color":"","overlay-opacity":"","overlay-gradient":""},"tablet":{"background-color":"","background-image":"","background-repeat":"repeat","background-position":"center center","background-size":"auto","background-attachment":"scroll","background-type":"","background-media":"","overlay-type":"","overlay-color":"","overlay-opacity":"","overlay-gradient":""},"mobile":{"background-color":"","background-image":"","background-repeat":"repeat","background-position":"center center","background-size":"auto","background-attachment":"scroll","background-type":"","background-media":"","overlay-type":"","overlay-color":"","overlay-opacity":"","overlay-gradient":""}},"ast-content-background-meta":{"desktop":{"background-color":"var(--ast-global-color-5)","background-image":"","background-repeat":"repeat","background-position":"center center","background-size":"auto","background-attachment":"scroll","background-type":"","background-media":"","overlay-type":"","overlay-color":"","overlay-opacity":"","overlay-gradient":""},"tablet":{"background-color":"var(--ast-global-color-5)","background-image":"","background-repeat":"repeat","background-position":"center center","background-size":"auto","background-attachment":"scroll","background-type":"","background-media":"","overlay-type":"","overlay-color":"","overlay-opacity":"","overlay-gradient":""},"mobile":{"background-color":"var(--ast-global-color-5)","background-image":"","background-repeat":"repeat","background-position":"center center","background-size":"auto","background-attachment":"scroll","background-type":"","background-media":"","overlay-type":"","overlay-color":"","overlay-opacity":"","overlay-gradient":""}}},"product_brand":[],"product_cat":[7258,8151],"product_tag":[373,2426,3787,2427,6551,2419,2421,2422,2423,2420,2418],"class_list":{"0":"post-17229","1":"product","2":"type-product","3":"status-publish","4":"has-post-thumbnail","6":"product_cat-strands-siberia","7":"product_cat-werklamp-overig","8":"product_tag-led-werklamp","9":"product_tag-strands-led-verlichting","10":"product_tag-strands-werklamp","11":"product_tag-strands-lighting-division","12":"product_tag-strands-siberia-verstraler","13":"product_tag-werklamp-aanhanger","14":"product_tag-werklamp-heftruck","15":"product_tag-werklamp-kooiaap","16":"product_tag-werklamp-tractor","17":"product_tag-werklamp-trailer","18":"product_tag-werklamp-vrachtwagen","19":"pa_merkk-product-strands-lighting-division","20":"desktop-align-left","21":"tablet-align-left","22":"mobile-align-left","24":"first","25":"instock","26":"taxable","27":"shipping-taxable","28":"purchasable","29":"product-type-simple"},"acf":[],"yoast_head":"<!-- This site is optimized with the Yoast SEO Premium plugin v25.9 (Yoast SEO v27.6) - https:\/\/yoast.com\/product\/yoast-seo-premium-wordpress\/ -->\n<title>Strands Siberia right view LED lamp - 30W - All Day Led - 12&amp;24V<\/title>\n<meta name=\"description\" content=\"Strands Siberia right view LED lamp - 12&amp;24 volt - met DT stekker - auto, vrachtwagen en meer - 2880 Lumen - 1 LUX op 256 meter!\" \/>\n<meta name=\"robots\" content=\"noindex, follow, max-snippet:-1, max-image-preview:large, max-video-preview:-1\" \/>\n<meta property=\"og:locale\" content=\"de_DE\" \/>\n<meta property=\"og:type\" content=\"article\" \/>\n<meta property=\"og:title\" content=\"Strands Siberia right view LED lamp - 30W - All Day Led - 12&amp;24V\" \/>\n<meta property=\"og:description\" content=\"Strands Siberia right view LED werklamp - 12&amp;24 volt - met DT stekker - auto, vrachtwagen en meer - 2880 Lumen - 1 LUX op 256 meter!\" \/>\n<meta property=\"og:url\" content=\"https:\/\/www.oudadl.testontwikkeling.nl\/de\/produkt\/strands-siberia-rv-led-arbeitsscheinwerfer\/\" \/>\n<meta property=\"og:site_name\" content=\"All Day Led\" \/>\n<meta property=\"article:publisher\" content=\"https:\/\/www.facebook.com\/alldayled\/\" \/>\n<meta property=\"article:modified_time\" content=\"2025-11-17T11:07:20+00:00\" \/>\n<meta property=\"og:image\" content=\"https:\/\/www.oudadl.testontwikkeling.nl\/wp-content\/uploads\/2024\/04\/ADL809124.png\" \/>\n\t<meta property=\"og:image:width\" content=\"800\" \/>\n\t<meta property=\"og:image:height\" content=\"800\" \/>\n\t<meta property=\"og:image:type\" content=\"image\/png\" \/>\n<meta name=\"twitter:label1\" content=\"Preis\" \/>\n\t<meta name=\"twitter:data1\" content=\"&euro;49,00\" \/>\n\t<meta name=\"twitter:label2\" content=\"Verf\u00fcgbarkeit\" \/>\n\t<meta name=\"twitter:data2\" content=\"Auf Lager\" \/>\n<script type=\"application\/ld+json\" class=\"yoast-schema-graph\">{\"@context\":\"https:\\\/\\\/schema.org\",\"@graph\":[{\"@type\":\"WebPage\",\"@id\":\"https:\\\/\\\/www.oudadl.testontwikkeling.nl\\\/product\\\/strands-siberia-rv-led-werklamp\\\/\",\"url\":\"https:\\\/\\\/www.oudadl.testontwikkeling.nl\\\/product\\\/strands-siberia-rv-led-werklamp\\\/\",\"name\":\"Strands Siberia right view LED lamp - 30W - All Day Led - 12&24V\",\"isPartOf\":{\"@id\":\"https:\\\/\\\/www.oudadl.testontwikkeling.nl\\\/#website\"},\"primaryImageOfPage\":{\"@id\":\"https:\\\/\\\/www.oudadl.testontwikkeling.nl\\\/product\\\/strands-siberia-rv-led-werklamp\\\/#primaryimage\"},\"image\":{\"@id\":\"https:\\\/\\\/www.oudadl.testontwikkeling.nl\\\/product\\\/strands-siberia-rv-led-werklamp\\\/#primaryimage\"},\"thumbnailUrl\":\"https:\\\/\\\/www.oudadl.testontwikkeling.nl\\\/wp-content\\\/uploads\\\/2021\\\/08\\\/ADL89124.-Siberia-RV.png\",\"datePublished\":\"2021-08-27T12:08:58+00:00\",\"dateModified\":\"2025-11-17T11:07:20+00:00\",\"description\":\"Strands Siberia right view LED lamp - 12&24 volt - met DT stekker - auto, vrachtwagen en meer - 2880 Lumen - 1 LUX op 256 meter!\",\"breadcrumb\":{\"@id\":\"https:\\\/\\\/www.oudadl.testontwikkeling.nl\\\/product\\\/strands-siberia-rv-led-werklamp\\\/#breadcrumb\"},\"inLanguage\":\"de\",\"potentialAction\":[{\"@type\":\"ReadAction\",\"target\":[\"https:\\\/\\\/www.oudadl.testontwikkeling.nl\\\/product\\\/strands-siberia-rv-led-werklamp\\\/\"]}]},{\"@type\":\"ImageObject\",\"inLanguage\":\"de\",\"@id\":\"https:\\\/\\\/www.oudadl.testontwikkeling.nl\\\/product\\\/strands-siberia-rv-led-werklamp\\\/#primaryimage\",\"url\":\"https:\\\/\\\/www.oudadl.testontwikkeling.nl\\\/wp-content\\\/uploads\\\/2021\\\/08\\\/ADL89124.-Siberia-RV.png\",\"contentUrl\":\"https:\\\/\\\/www.oudadl.testontwikkeling.nl\\\/wp-content\\\/uploads\\\/2021\\\/08\\\/ADL89124.-Siberia-RV.png\",\"width\":800,\"height\":600,\"caption\":\"Strands Siberia RV LED werklamp - voor 12 & 24 Volt gebruik - EAN: 7323030185176\"},{\"@type\":\"BreadcrumbList\",\"@id\":\"https:\\\/\\\/www.oudadl.testontwikkeling.nl\\\/product\\\/strands-siberia-rv-led-werklamp\\\/#breadcrumb\",\"itemListElement\":[{\"@type\":\"ListItem\",\"position\":1,\"name\":\"Home\",\"item\":\"https:\\\/\\\/www.oudadl.testontwikkeling.nl\\\/\"},{\"@type\":\"ListItem\",\"position\":2,\"name\":\"Shop\",\"item\":\"https:\\\/\\\/www.oudadl.testontwikkeling.nl\\\/de\\\/shop\\\/\"},{\"@type\":\"ListItem\",\"position\":3,\"name\":\"Werklampen\",\"item\":\"https:\\\/\\\/www.oudadl.testontwikkeling.nl\\\/product-categorie\\\/werklampen\\\/\"},{\"@type\":\"ListItem\",\"position\":4,\"name\":\"Werklamp overig\",\"item\":\"https:\\\/\\\/www.oudadl.testontwikkeling.nl\\\/product-categorie\\\/werklampen\\\/werklamp-overig\\\/\"},{\"@type\":\"ListItem\",\"position\":5,\"name\":\"Strands Siberia RV LED lamp\"}]},{\"@type\":\"WebSite\",\"@id\":\"https:\\\/\\\/www.oudadl.testontwikkeling.nl\\\/#website\",\"url\":\"https:\\\/\\\/www.oudadl.testontwikkeling.nl\\\/\",\"name\":\"All Day Led\",\"description\":\"\",\"publisher\":{\"@id\":\"https:\\\/\\\/www.oudadl.testontwikkeling.nl\\\/#organization\"},\"potentialAction\":[{\"@type\":\"SearchAction\",\"target\":{\"@type\":\"EntryPoint\",\"urlTemplate\":\"https:\\\/\\\/www.oudadl.testontwikkeling.nl\\\/?s={search_term_string}\"},\"query-input\":{\"@type\":\"PropertyValueSpecification\",\"valueRequired\":true,\"valueName\":\"search_term_string\"}}],\"inLanguage\":\"de\"},{\"@type\":\"Organization\",\"@id\":\"https:\\\/\\\/www.oudadl.testontwikkeling.nl\\\/#organization\",\"name\":\"All Day Led\",\"url\":\"https:\\\/\\\/www.oudadl.testontwikkeling.nl\\\/\",\"logo\":{\"@type\":\"ImageObject\",\"inLanguage\":\"de\",\"@id\":\"https:\\\/\\\/www.oudadl.testontwikkeling.nl\\\/#\\\/schema\\\/logo\\\/image\\\/\",\"url\":\"https:\\\/\\\/www.oudadl.testontwikkeling.nl\\\/wp-content\\\/uploads\\\/2022\\\/08\\\/Logo-ALL-DAY-LED-800x800-zwart-witte-letters.png\",\"contentUrl\":\"https:\\\/\\\/www.oudadl.testontwikkeling.nl\\\/wp-content\\\/uploads\\\/2022\\\/08\\\/Logo-ALL-DAY-LED-800x800-zwart-witte-letters.png\",\"width\":800,\"height\":800,\"caption\":\"All Day Led\"},\"image\":{\"@id\":\"https:\\\/\\\/www.oudadl.testontwikkeling.nl\\\/#\\\/schema\\\/logo\\\/image\\\/\"},\"sameAs\":[\"https:\\\/\\\/www.facebook.com\\\/alldayled\\\/\",\"https:\\\/\\\/www.instagram.com\\\/alldayled\\\/\"],\"vatID\":\"NL863960133B01\",\"taxID\":\"86416545\",\"hasMerchantReturnPolicy\":{\"@type\":\"MerchantReturnPolicy\",\"merchantReturnLink\":\"https:\\\/\\\/www.oudadl.testontwikkeling.nl\\\/de\\\/verzenden-retourneren\\\/\"}}]}<\/script>\n<meta property=\"product:brand\" content=\"Strands\" \/>\n<meta property=\"product:price:amount\" content=\"49.00\" \/>\n<meta property=\"product:price:currency\" content=\"EUR\" \/>\n<meta property=\"og:availability\" content=\"instock\" \/>\n<meta property=\"product:availability\" content=\"instock\" \/>\n<meta property=\"product:retailer_item_id\" content=\"ADL809124\" \/>\n<meta property=\"product:condition\" content=\"new\" \/>\n<!-- \/ Yoast SEO Premium plugin. -->","yoast_head_json":{"title":"Strands Siberia right view LED Lampe - 30W - All Day LED - 12&amp;24V","description":"Strands Siberia right view LED Lampe - 12&amp;24 volt - mit DT-Stecker - Auto, LKW und mehr - 2880 Lumen - 1 LUX auf 256 Meter!","robots":{"index":"noindex","follow":"follow","max-snippet":"max-snippet:-1","max-image-preview":"max-image-preview:large","max-video-preview":"max-video-preview:-1"},"og_locale":"de_DE","og_type":"article","og_title":"Strands Siberia right view LED lamp - 30W - All Day Led - 12&24V","og_description":"Strands Siberia right view LED werklamp - 12&24 volt - met DT stekker - auto, vrachtwagen en meer - 2880 Lumen - 1 LUX op 256 meter!","og_url":"https:\/\/www.oudadl.testontwikkeling.nl\/de\/produkt\/strands-siberia-rv-led-arbeitsscheinwerfer\/","og_site_name":"All Day Led","article_publisher":"https:\/\/www.facebook.com\/alldayled\/","article_modified_time":"2025-11-17T11:07:20+00:00","og_image":[{"width":800,"height":800,"url":"https:\/\/www.oudadl.testontwikkeling.nl\/wp-content\/uploads\/2024\/04\/ADL809124.png","type":"image\/png"}],"twitter_misc":{"Preis":"&euro;49,00","Verf\u00fcgbarkeit":"Auf Lager"},"schema":{"@context":"https:\/\/schema.org","@graph":[{"@type":"WebPage","@id":"https:\/\/www.oudadl.testontwikkeling.nl\/product\/strands-siberia-rv-led-werklamp\/","url":"https:\/\/www.oudadl.testontwikkeling.nl\/product\/strands-siberia-rv-led-werklamp\/","name":"Strands Siberia right view LED Lampe - 30W - All Day LED - 12&amp;24V","isPartOf":{"@id":"https:\/\/www.oudadl.testontwikkeling.nl\/#website"},"primaryImageOfPage":{"@id":"https:\/\/www.oudadl.testontwikkeling.nl\/product\/strands-siberia-rv-led-werklamp\/#primaryimage"},"image":{"@id":"https:\/\/www.oudadl.testontwikkeling.nl\/product\/strands-siberia-rv-led-werklamp\/#primaryimage"},"thumbnailUrl":"https:\/\/www.oudadl.testontwikkeling.nl\/wp-content\/uploads\/2021\/08\/ADL89124.-Siberia-RV.png","datePublished":"2021-08-27T12:08:58+00:00","dateModified":"2025-11-17T11:07:20+00:00","description":"Strands Siberia right view LED Lampe - 12&amp;24 volt - mit DT-Stecker - Auto, LKW und mehr - 2880 Lumen - 1 LUX auf 256 Meter!","breadcrumb":{"@id":"https:\/\/www.oudadl.testontwikkeling.nl\/product\/strands-siberia-rv-led-werklamp\/#breadcrumb"},"inLanguage":"de","potentialAction":[{"@type":"ReadAction","target":["https:\/\/www.oudadl.testontwikkeling.nl\/product\/strands-siberia-rv-led-werklamp\/"]}]},{"@type":"ImageObject","inLanguage":"de","@id":"https:\/\/www.oudadl.testontwikkeling.nl\/product\/strands-siberia-rv-led-werklamp\/#primaryimage","url":"https:\/\/www.oudadl.testontwikkeling.nl\/wp-content\/uploads\/2021\/08\/ADL89124.-Siberia-RV.png","contentUrl":"https:\/\/www.oudadl.testontwikkeling.nl\/wp-content\/uploads\/2021\/08\/ADL89124.-Siberia-RV.png","width":800,"height":600,"caption":"Strands Siberia RV LED werklamp - voor 12 & 24 Volt gebruik - EAN: 7323030185176"},{"@type":"BreadcrumbList","@id":"https:\/\/www.oudadl.testontwikkeling.nl\/product\/strands-siberia-rv-led-werklamp\/#breadcrumb","itemListElement":[{"@type":"ListItem","position":1,"name":"Home","item":"https:\/\/www.oudadl.testontwikkeling.nl\/"},{"@type":"ListItem","position":2,"name":"Shop","item":"https:\/\/www.oudadl.testontwikkeling.nl\/de\/shop\/"},{"@type":"ListItem","position":3,"name":"Werklampen","item":"https:\/\/www.oudadl.testontwikkeling.nl\/product-categorie\/werklampen\/"},{"@type":"ListItem","position":4,"name":"Werklamp overig","item":"https:\/\/www.oudadl.testontwikkeling.nl\/product-categorie\/werklampen\/werklamp-overig\/"},{"@type":"ListItem","position":5,"name":"Strands Siberia RV LED lamp"}]},{"@type":"WebSite","@id":"https:\/\/www.oudadl.testontwikkeling.nl\/#website","url":"https:\/\/www.oudadl.testontwikkeling.nl\/","name":"All Day Led","description":"","publisher":{"@id":"https:\/\/www.oudadl.testontwikkeling.nl\/#organization"},"potentialAction":[{"@type":"SearchAction","target":{"@type":"EntryPoint","urlTemplate":"https:\/\/www.oudadl.testontwikkeling.nl\/?s={search_term_string}"},"query-input":{"@type":"PropertyValueSpecification","valueRequired":true,"valueName":"search_term_string"}}],"inLanguage":"de"},{"@type":"Organization","@id":"https:\/\/www.oudadl.testontwikkeling.nl\/#organization","name":"All Day Led","url":"https:\/\/www.oudadl.testontwikkeling.nl\/","logo":{"@type":"ImageObject","inLanguage":"de","@id":"https:\/\/www.oudadl.testontwikkeling.nl\/#\/schema\/logo\/image\/","url":"https:\/\/www.oudadl.testontwikkeling.nl\/wp-content\/uploads\/2022\/08\/Logo-ALL-DAY-LED-800x800-zwart-witte-letters.png","contentUrl":"https:\/\/www.oudadl.testontwikkeling.nl\/wp-content\/uploads\/2022\/08\/Logo-ALL-DAY-LED-800x800-zwart-witte-letters.png","width":800,"height":800,"caption":"All Day Led"},"image":{"@id":"https:\/\/www.oudadl.testontwikkeling.nl\/#\/schema\/logo\/image\/"},"sameAs":["https:\/\/www.facebook.com\/alldayled\/","https:\/\/www.instagram.com\/alldayled\/"],"vatID":"NL863960133B01","taxID":"86416545","hasMerchantReturnPolicy":{"@type":"MerchantReturnPolicy","merchantReturnLink":"https:\/\/www.oudadl.testontwikkeling.nl\/de\/verzenden-retourneren\/"}}]},"product_brand":"Strands","product_price_amount":"49.00","product_price_currency":"EUR","og_availability":"instock","product_availability":"instock","product_retailer_item_id":"ADL809124","product_condition":"new"},"_links":{"self":[{"href":"https:\/\/www.oudadl.testontwikkeling.nl\/de\/wp-json\/wp\/v2\/product\/17229","targetHints":{"allow":["GET"]}}],"collection":[{"href":"https:\/\/www.oudadl.testontwikkeling.nl\/de\/wp-json\/wp\/v2\/product"}],"about":[{"href":"https:\/\/www.oudadl.testontwikkeling.nl\/de\/wp-json\/wp\/v2\/types\/product"}],"replies":[{"embeddable":true,"href":"https:\/\/www.oudadl.testontwikkeling.nl\/de\/wp-json\/wp\/v2\/comments?post=17229"}],"wp:featuredmedia":[{"embeddable":true,"href":"https:\/\/www.oudadl.testontwikkeling.nl\/de\/wp-json\/wp\/v2\/media\/19486"}],"wp:attachment":[{"href":"https:\/\/www.oudadl.testontwikkeling.nl\/de\/wp-json\/wp\/v2\/media?parent=17229"}],"wp:term":[{"taxonomy":"product_brand","embeddable":true,"href":"https:\/\/www.oudadl.testontwikkeling.nl\/de\/wp-json\/wp\/v2\/product_brand?post=17229"},{"taxonomy":"product_cat","embeddable":true,"href":"https:\/\/www.oudadl.testontwikkeling.nl\/de\/wp-json\/wp\/v2\/product_cat?post=17229"},{"taxonomy":"product_tag","embeddable":true,"href":"https:\/\/www.oudadl.testontwikkeling.nl\/de\/wp-json\/wp\/v2\/product_tag?post=17229"}],"curies":[{"name":"wp","href":"https:\/\/api.w.org\/{rel}","templated":true}]}}