{"id":16279,"date":"2021-05-26T14:21:59","date_gmt":"2021-05-26T12:21:59","guid":{"rendered":"https:\/\/www.oudadl.testontwikkeling.nl\/?post_type=product&#038;p=16279"},"modified":"2025-09-25T22:00:14","modified_gmt":"2025-09-25T20:00:14","slug":"horpol-ld359-markeringslamp-rood","status":"publish","type":"product","link":"https:\/\/www.oudadl.testontwikkeling.nl\/de\/product\/horpol-ld359-markeringslamp-rood\/","title":{"rendered":"Horpol LD359 Umrissleuchte rot"},"content":{"rendered":"<p><span style=\"color: #000000;\"><strong>Horpol LD359 LED Umrissleuchte rot, f\u00fcr 12 und 24 Volt.<\/strong><\/span><\/p>\n<p><span style=\"color: #000000;\">Suchen Sie eine kleine LED Umrissleuchte, die rot leuchtet? Dann k\u00f6nnte diese rote LED Umrissleuchte der Marke Horpol die Lampe sein, nach der Sie suchen. Dies ist eine Konturlampe, die das tut, was von ihr erwartet wird. Die LED-Lampe ist mit 1 Hochleistungs-LED ausgestattet. Dank des leistungsstarken LED k\u00f6nnen Sie sicher sein, dass Sie mit geringem Stromverbrauch gut beleuchtet unterwegs sind. So sind Sie sowohl tags\u00fcber als auch abends gut sichtbar. Die rote LED Umrissleuchte der Marke Horpol kann mit 12 und 24 Volt betrieben werden. Dies bedeutet, dass Sie mit der Lampe LED beispielsweise Ihr Auto, Ihren LKW, Ihr Wohnmobil, Ihren Anh\u00e4nger oder einen anderen Fahrzeugtyp beleuchten k\u00f6nnen.<\/span><\/p>\n<p><span style=\"color: #000000;\">Um sicherzustellen, dass dieser rote LED Umrissleuchte der Marke Horpol f\u00fcr Ihr Fahrzeug oder Ihren Anh\u00e4nger geeignet ist, haben wir nachfolgend eine Reihe von Spezifikationen aufgef\u00fchrt. All dies, um zu verdeutlichen, warum dies m\u00f6glicherweise die LED-Lampe ist, nach der Sie suchen. Diese LED Umrissleuchte tr\u00e4gt unter anderem das ECE R10-Qualit\u00e4tszeichen. Dieses Qualit\u00e4tszeichen bedeutet, dass die Lampe w\u00e4hrend der Aktivierung, z. B. an Ihrem Funksignal, keine Fehlfunktion aufweist. Diese rote LED Umrissleuchte ist auch mit dem ECE R7-Qualit\u00e4tszeichen versehen. Dieses Qualit\u00e4tszeichen zeigt an, dass die LED-Lampe als Positionslampe verwendet werden kann.<\/span><\/p>\n<h5><span style=\"color: #000000;\"><strong>Abmessungen:<\/strong><\/span><\/h5>\n<p><span style=\"color: #000000;\">Um sicherzustellen, dass Sie die Horpol LED Umrissleuchte rot an der gew\u00fcnschten Stelle montieren k\u00f6nnen, haben wir die folgenden Abmessungen angegeben. Die Abmessungen dieser roten LED-Lampe der Marke Horpol sind wie folgt:<\/span><\/p>\n<ul>\n<li><span style=\"color: #000000;\">L\u00e4nge: 57 mm<\/span><\/li>\n<li><span style=\"color: #000000;\">H\u00f6he: 42 mm<\/span><\/li>\n<li><span style=\"color: #000000;\">Dicke: 27 mm\u00a0<\/span><\/li>\n<li><span style=\"color: #000000;\">Mitte zu Mitte: 47 mm<\/span><\/li>\n<\/ul>\n<h5><span style=\"color: #000000;\"><strong>Andere Farben:<\/strong><\/span><\/h5>\n<p><span style=\"color: #000000;\">Suchen Sie eine LED Umrissleuchte, aber nicht die Farbe Rot? Dann wissen Sie, dass dieses Modell von der Marke ist <a style=\"color: #000000;\" href=\"https:\/\/www.oudadl.testontwikkeling.nl\/de\/merk\/product-horpol\/\">Horpol<\/a> auch in folgenden Farben erh\u00e4ltlich:<\/span><\/p>\n<ul>\n<li><span style=\"color: #000000;\"><a style=\"color: #000000;\" href=\"https:\/\/www.oudadl.testontwikkeling.nl\/de\/produkt\/horpol-ld358-markeringslamp-wit\/\"><strong>Horpol LED Umrissleuchte wei\u00df<\/strong><\/a><\/span><\/li>\n<li><span style=\"color: #000000;\"><a style=\"color: #000000;\" href=\"https:\/\/www.oudadl.testontwikkeling.nl\/de\/produkt\/horpol-ld508-markeringslamp-oranje\/\"><strong>Horpol LED Umrissleuchte orange<\/strong><\/a><\/span><\/li>\n<\/ul>\n<p><span style=\"color: #000000;\">Glauben Sie immer noch, dass diese LED-Lampe nicht das ist, wonach Sie suchen? Einfach weil die Farbe oder Form nicht das ist, was Sie wollen? Schauen Sie sich unbedingt unsere Seite an <a style=\"color: #000000;\" href=\"https:\/\/www.oudadl.testontwikkeling.nl\/de\/produkt-kategorie\/positionslichter\/markeringslampen\/\">Markierungsleuchten<\/a>. M\u00f6glicherweise finden Sie hier das Lampenmodell, das Sie suchen.\u00a0<\/span><\/p>","protected":false},"excerpt":{"rendered":"<p>Horpol LD359 LED markeringslamp rood, voor 12 en 24 volt. Bent u opzoek naar een kleine LED markeringslamp die oplicht in de kleur rood? Dan is deze rode LED markeringslamp van merk Horpol wellicht d\u00e9 lamp waar u naar op zoek bent. Dit is een contourlamp die doet wat ervan word verwacht. De LED lamp [&hellip;]<\/p>\n","protected":false},"featured_media":19027,"comment_status":"open","ping_status":"closed","template":"","meta":{"_acf_changed":false,"site-sidebar-layout":"default","site-content-layout":"default","ast-site-content-layout":"default","site-content-style":"default","site-sidebar-style":"default","ast-global-header-display":"","ast-banner-title-visibility":"","ast-main-header-display":"","ast-hfb-above-header-display":"","ast-hfb-below-header-display":"","ast-hfb-mobile-header-display":"","site-post-title":"","ast-breadcrumbs-content":"","ast-featured-img":"","footer-sml-layout":"","ast-disable-related-posts":"","theme-transparent-header-meta":"default","adv-header-id-meta":"","stick-header-meta":"","header-above-stick-meta":"","header-main-stick-meta":"","header-below-stick-meta":"","astra-migrate-meta-layouts":"set","ast-page-background-enabled":"default","ast-page-background-meta":{"desktop":{"background-color":"","background-image":"","background-repeat":"repeat","background-position":"center center","background-size":"auto","background-attachment":"scroll","background-type":"","background-media":"","overlay-type":"","overlay-color":"","overlay-opacity":"","overlay-gradient":""},"tablet":{"background-color":"","background-image":"","background-repeat":"repeat","background-position":"center center","background-size":"auto","background-attachment":"scroll","background-type":"","background-media":"","overlay-type":"","overlay-color":"","overlay-opacity":"","overlay-gradient":""},"mobile":{"background-color":"","background-image":"","background-repeat":"repeat","background-position":"center center","background-size":"auto","background-attachment":"scroll","background-type":"","background-media":"","overlay-type":"","overlay-color":"","overlay-opacity":"","overlay-gradient":""}},"ast-content-background-meta":{"desktop":{"background-color":"var(--ast-global-color-5)","background-image":"","background-repeat":"repeat","background-position":"center center","background-size":"auto","background-attachment":"scroll","background-type":"","background-media":"","overlay-type":"","overlay-color":"","overlay-opacity":"","overlay-gradient":""},"tablet":{"background-color":"var(--ast-global-color-5)","background-image":"","background-repeat":"repeat","background-position":"center center","background-size":"auto","background-attachment":"scroll","background-type":"","background-media":"","overlay-type":"","overlay-color":"","overlay-opacity":"","overlay-gradient":""},"mobile":{"background-color":"var(--ast-global-color-5)","background-image":"","background-repeat":"repeat","background-position":"center center","background-size":"auto","background-attachment":"scroll","background-type":"","background-media":"","overlay-type":"","overlay-color":"","overlay-opacity":"","overlay-gradient":""}}},"product_brand":[],"product_cat":[262],"product_tag":[263,2515,2478,2476,2555,2473,2477,2474,2475],"class_list":{"0":"post-16279","1":"product","2":"type-product","3":"status-publish","4":"has-post-thumbnail","6":"product_cat-markeringslampen","7":"product_tag-contourverlichting","8":"product_tag-horpol-led-verlichting","9":"product_tag-led-markering-rood","10":"product_tag-led-markeringslamp","11":"product_tag-led-markeringslamp-rood","12":"product_tag-markeringslamp-aanhanger","13":"product_tag-markeringslamp-camper","14":"product_tag-markeringslamp-trailer","15":"product_tag-markeringslamp-vrachtwagen","16":"pa_merkk-product-horpol","17":"desktop-align-left","18":"tablet-align-left","19":"mobile-align-left","21":"first","22":"instock","23":"taxable","24":"shipping-taxable","25":"purchasable","26":"product-type-simple"},"acf":[],"yoast_head":"<!-- This site is optimized with the Yoast SEO Premium plugin v25.9 (Yoast SEO v27.6) - https:\/\/yoast.com\/product\/yoast-seo-premium-wordpress\/ -->\n<title>Horpol LD359 markeringslamp rood - All Day Led - voor 12&amp;24V gebruik<\/title>\n<meta name=\"description\" content=\"Horpol LD359 markeringslamp ROOD - voor auto, vrachtwagen, camper, tractor en meer - voor 12 &amp; 24 volt - opbouw montage - HOR 51 product groep\" \/>\n<meta name=\"robots\" content=\"noindex, follow, max-snippet:-1, max-image-preview:large, max-video-preview:-1\" \/>\n<meta property=\"og:locale\" content=\"de_DE\" \/>\n<meta property=\"og:type\" content=\"article\" \/>\n<meta property=\"og:title\" content=\"Horpol LD359 markeringslamp rood - All Day Led - voor 12&amp;24V gebruik\" \/>\n<meta property=\"og:description\" content=\"Horpol LD359 markeringslamp ROOD - voor auto, vrachtwagen, camper, tractor en meer - voor 12 &amp; 24 volt - opbouw montage - HOR 51 product groep\" \/>\n<meta property=\"og:url\" content=\"https:\/\/www.oudadl.testontwikkeling.nl\/de\/produkt\/horpol-ld359-markeringslamp-rood\/\" \/>\n<meta property=\"og:site_name\" content=\"All Day Led\" \/>\n<meta property=\"article:publisher\" content=\"https:\/\/www.facebook.com\/alldayled\/\" \/>\n<meta property=\"article:modified_time\" content=\"2025-09-25T20:00:14+00:00\" \/>\n<meta property=\"og:image\" content=\"https:\/\/www.oudadl.testontwikkeling.nl\/wp-content\/uploads\/2021\/05\/ADL08027.png\" \/>\n\t<meta property=\"og:image:width\" content=\"800\" \/>\n\t<meta property=\"og:image:height\" content=\"600\" \/>\n\t<meta property=\"og:image:type\" content=\"image\/png\" \/>\n<meta name=\"twitter:label1\" content=\"Preis\" \/>\n\t<meta name=\"twitter:data1\" content=\"&euro;6,95\" \/>\n\t<meta name=\"twitter:label2\" content=\"Verf\u00fcgbarkeit\" \/>\n\t<meta name=\"twitter:data2\" content=\"Auf Lager\" \/>\n<script type=\"application\/ld+json\" class=\"yoast-schema-graph\">{\"@context\":\"https:\\\/\\\/schema.org\",\"@graph\":[{\"@type\":\"WebPage\",\"@id\":\"https:\\\/\\\/www.oudadl.testontwikkeling.nl\\\/product\\\/horpol-ld359-markeringslamp-rood\\\/\",\"url\":\"https:\\\/\\\/www.oudadl.testontwikkeling.nl\\\/product\\\/horpol-ld359-markeringslamp-rood\\\/\",\"name\":\"Horpol LD359 markeringslamp rood - All Day Led - voor 12&24V gebruik\",\"isPartOf\":{\"@id\":\"https:\\\/\\\/www.oudadl.testontwikkeling.nl\\\/#website\"},\"primaryImageOfPage\":{\"@id\":\"https:\\\/\\\/www.oudadl.testontwikkeling.nl\\\/product\\\/horpol-ld359-markeringslamp-rood\\\/#primaryimage\"},\"image\":{\"@id\":\"https:\\\/\\\/www.oudadl.testontwikkeling.nl\\\/product\\\/horpol-ld359-markeringslamp-rood\\\/#primaryimage\"},\"thumbnailUrl\":\"https:\\\/\\\/www.oudadl.testontwikkeling.nl\\\/wp-content\\\/uploads\\\/2021\\\/05\\\/ADL08027.png\",\"datePublished\":\"2021-05-26T12:21:59+00:00\",\"dateModified\":\"2025-09-25T20:00:14+00:00\",\"description\":\"Horpol LD359 markeringslamp ROOD - voor auto, vrachtwagen, camper, tractor en meer - voor 12 & 24 volt - opbouw montage - HOR 51 product groep\",\"breadcrumb\":{\"@id\":\"https:\\\/\\\/www.oudadl.testontwikkeling.nl\\\/product\\\/horpol-ld359-markeringslamp-rood\\\/#breadcrumb\"},\"inLanguage\":\"de\",\"potentialAction\":[{\"@type\":\"ReadAction\",\"target\":[\"https:\\\/\\\/www.oudadl.testontwikkeling.nl\\\/product\\\/horpol-ld359-markeringslamp-rood\\\/\"]}]},{\"@type\":\"ImageObject\",\"inLanguage\":\"de\",\"@id\":\"https:\\\/\\\/www.oudadl.testontwikkeling.nl\\\/product\\\/horpol-ld359-markeringslamp-rood\\\/#primaryimage\",\"url\":\"https:\\\/\\\/www.oudadl.testontwikkeling.nl\\\/wp-content\\\/uploads\\\/2021\\\/05\\\/ADL08027.png\",\"contentUrl\":\"https:\\\/\\\/www.oudadl.testontwikkeling.nl\\\/wp-content\\\/uploads\\\/2021\\\/05\\\/ADL08027.png\",\"width\":800,\"height\":600,\"caption\":\"Horpol LED markeringslamp rood - opbouw montage - geschikt voor 12 & 24 volt - auto, aanhanger, vrachtwagen, tractor en meer - EAN: 5903116343595\"},{\"@type\":\"BreadcrumbList\",\"@id\":\"https:\\\/\\\/www.oudadl.testontwikkeling.nl\\\/product\\\/horpol-ld359-markeringslamp-rood\\\/#breadcrumb\",\"itemListElement\":[{\"@type\":\"ListItem\",\"position\":1,\"name\":\"Home\",\"item\":\"https:\\\/\\\/www.oudadl.testontwikkeling.nl\\\/\"},{\"@type\":\"ListItem\",\"position\":2,\"name\":\"Shop\",\"item\":\"https:\\\/\\\/www.oudadl.testontwikkeling.nl\\\/de\\\/shop\\\/\"},{\"@type\":\"ListItem\",\"position\":3,\"name\":\"Positielampen\",\"item\":\"https:\\\/\\\/www.oudadl.testontwikkeling.nl\\\/product-categorie\\\/positielampen\\\/\"},{\"@type\":\"ListItem\",\"position\":4,\"name\":\"Markeringslampen\",\"item\":\"https:\\\/\\\/www.oudadl.testontwikkeling.nl\\\/product-categorie\\\/positielampen\\\/markeringslampen\\\/\"},{\"@type\":\"ListItem\",\"position\":5,\"name\":\"Horpol LD359 markeringslamp rood\"}]},{\"@type\":\"WebSite\",\"@id\":\"https:\\\/\\\/www.oudadl.testontwikkeling.nl\\\/#website\",\"url\":\"https:\\\/\\\/www.oudadl.testontwikkeling.nl\\\/\",\"name\":\"All Day Led\",\"description\":\"\",\"publisher\":{\"@id\":\"https:\\\/\\\/www.oudadl.testontwikkeling.nl\\\/#organization\"},\"potentialAction\":[{\"@type\":\"SearchAction\",\"target\":{\"@type\":\"EntryPoint\",\"urlTemplate\":\"https:\\\/\\\/www.oudadl.testontwikkeling.nl\\\/?s={search_term_string}\"},\"query-input\":{\"@type\":\"PropertyValueSpecification\",\"valueRequired\":true,\"valueName\":\"search_term_string\"}}],\"inLanguage\":\"de\"},{\"@type\":\"Organization\",\"@id\":\"https:\\\/\\\/www.oudadl.testontwikkeling.nl\\\/#organization\",\"name\":\"All Day Led\",\"url\":\"https:\\\/\\\/www.oudadl.testontwikkeling.nl\\\/\",\"logo\":{\"@type\":\"ImageObject\",\"inLanguage\":\"de\",\"@id\":\"https:\\\/\\\/www.oudadl.testontwikkeling.nl\\\/#\\\/schema\\\/logo\\\/image\\\/\",\"url\":\"https:\\\/\\\/www.oudadl.testontwikkeling.nl\\\/wp-content\\\/uploads\\\/2022\\\/08\\\/Logo-ALL-DAY-LED-800x800-zwart-witte-letters.png\",\"contentUrl\":\"https:\\\/\\\/www.oudadl.testontwikkeling.nl\\\/wp-content\\\/uploads\\\/2022\\\/08\\\/Logo-ALL-DAY-LED-800x800-zwart-witte-letters.png\",\"width\":800,\"height\":800,\"caption\":\"All Day Led\"},\"image\":{\"@id\":\"https:\\\/\\\/www.oudadl.testontwikkeling.nl\\\/#\\\/schema\\\/logo\\\/image\\\/\"},\"sameAs\":[\"https:\\\/\\\/www.facebook.com\\\/alldayled\\\/\",\"https:\\\/\\\/www.instagram.com\\\/alldayled\\\/\"],\"vatID\":\"NL863960133B01\",\"taxID\":\"86416545\",\"hasMerchantReturnPolicy\":{\"@type\":\"MerchantReturnPolicy\",\"merchantReturnLink\":\"https:\\\/\\\/www.oudadl.testontwikkeling.nl\\\/de\\\/verzenden-retourneren\\\/\"}}]}<\/script>\n<meta property=\"product:brand\" content=\"Horpol\" \/>\n<meta property=\"product:price:amount\" content=\"6.95\" \/>\n<meta property=\"product:price:currency\" content=\"EUR\" \/>\n<meta property=\"og:availability\" content=\"instock\" \/>\n<meta property=\"product:availability\" content=\"instock\" \/>\n<meta property=\"product:retailer_item_id\" content=\"ADL08027\" \/>\n<meta property=\"product:condition\" content=\"new\" \/>\n<!-- \/ Yoast SEO Premium plugin. -->","yoast_head_json":{"title":"Horpol LD359 Umrissleuchte rot - All Day Led - f\u00fcr 12&amp;24V Einsatz","description":"Horpol LD359 Umrissleuchte ROT - f\u00fcr PKW, LKW, Wohnmobil, Traktor und mehr - f\u00fcr 12 &amp; 24 Volt - Anbaumontage - Produktgruppe HOR 51","robots":{"index":"noindex","follow":"follow","max-snippet":"max-snippet:-1","max-image-preview":"max-image-preview:large","max-video-preview":"max-video-preview:-1"},"og_locale":"de_DE","og_type":"article","og_title":"Horpol LD359 markeringslamp rood - All Day Led - voor 12&24V gebruik","og_description":"Horpol LD359 markeringslamp ROOD - voor auto, vrachtwagen, camper, tractor en meer - voor 12 & 24 volt - opbouw montage - HOR 51 product groep","og_url":"https:\/\/www.oudadl.testontwikkeling.nl\/de\/produkt\/horpol-ld359-markeringslamp-rood\/","og_site_name":"All Day Led","article_publisher":"https:\/\/www.facebook.com\/alldayled\/","article_modified_time":"2025-09-25T20:00:14+00:00","og_image":[{"width":800,"height":600,"url":"https:\/\/www.oudadl.testontwikkeling.nl\/wp-content\/uploads\/2021\/05\/ADL08027.png","type":"image\/png"}],"twitter_misc":{"Preis":"&euro;6,95","Verf\u00fcgbarkeit":"Auf Lager"},"schema":{"@context":"https:\/\/schema.org","@graph":[{"@type":"WebPage","@id":"https:\/\/www.oudadl.testontwikkeling.nl\/product\/horpol-ld359-markeringslamp-rood\/","url":"https:\/\/www.oudadl.testontwikkeling.nl\/product\/horpol-ld359-markeringslamp-rood\/","name":"Horpol LD359 Umrissleuchte rot - All Day Led - f\u00fcr 12&amp;24V Einsatz","isPartOf":{"@id":"https:\/\/www.oudadl.testontwikkeling.nl\/#website"},"primaryImageOfPage":{"@id":"https:\/\/www.oudadl.testontwikkeling.nl\/product\/horpol-ld359-markeringslamp-rood\/#primaryimage"},"image":{"@id":"https:\/\/www.oudadl.testontwikkeling.nl\/product\/horpol-ld359-markeringslamp-rood\/#primaryimage"},"thumbnailUrl":"https:\/\/www.oudadl.testontwikkeling.nl\/wp-content\/uploads\/2021\/05\/ADL08027.png","datePublished":"2021-05-26T12:21:59+00:00","dateModified":"2025-09-25T20:00:14+00:00","description":"Horpol LD359 Umrissleuchte ROT - f\u00fcr PKW, LKW, Wohnmobil, Traktor und mehr - f\u00fcr 12 &amp; 24 Volt - Anbaumontage - Produktgruppe HOR 51","breadcrumb":{"@id":"https:\/\/www.oudadl.testontwikkeling.nl\/product\/horpol-ld359-markeringslamp-rood\/#breadcrumb"},"inLanguage":"de","potentialAction":[{"@type":"ReadAction","target":["https:\/\/www.oudadl.testontwikkeling.nl\/product\/horpol-ld359-markeringslamp-rood\/"]}]},{"@type":"ImageObject","inLanguage":"de","@id":"https:\/\/www.oudadl.testontwikkeling.nl\/product\/horpol-ld359-markeringslamp-rood\/#primaryimage","url":"https:\/\/www.oudadl.testontwikkeling.nl\/wp-content\/uploads\/2021\/05\/ADL08027.png","contentUrl":"https:\/\/www.oudadl.testontwikkeling.nl\/wp-content\/uploads\/2021\/05\/ADL08027.png","width":800,"height":600,"caption":"Horpol LED markeringslamp rood - opbouw montage - geschikt voor 12 & 24 volt - auto, aanhanger, vrachtwagen, tractor en meer - EAN: 5903116343595"},{"@type":"BreadcrumbList","@id":"https:\/\/www.oudadl.testontwikkeling.nl\/product\/horpol-ld359-markeringslamp-rood\/#breadcrumb","itemListElement":[{"@type":"ListItem","position":1,"name":"Home","item":"https:\/\/www.oudadl.testontwikkeling.nl\/"},{"@type":"ListItem","position":2,"name":"Shop","item":"https:\/\/www.oudadl.testontwikkeling.nl\/de\/shop\/"},{"@type":"ListItem","position":3,"name":"Positielampen","item":"https:\/\/www.oudadl.testontwikkeling.nl\/product-categorie\/positielampen\/"},{"@type":"ListItem","position":4,"name":"Markeringslampen","item":"https:\/\/www.oudadl.testontwikkeling.nl\/product-categorie\/positielampen\/markeringslampen\/"},{"@type":"ListItem","position":5,"name":"Horpol LD359 markeringslamp rood"}]},{"@type":"WebSite","@id":"https:\/\/www.oudadl.testontwikkeling.nl\/#website","url":"https:\/\/www.oudadl.testontwikkeling.nl\/","name":"All Day Led","description":"","publisher":{"@id":"https:\/\/www.oudadl.testontwikkeling.nl\/#organization"},"potentialAction":[{"@type":"SearchAction","target":{"@type":"EntryPoint","urlTemplate":"https:\/\/www.oudadl.testontwikkeling.nl\/?s={search_term_string}"},"query-input":{"@type":"PropertyValueSpecification","valueRequired":true,"valueName":"search_term_string"}}],"inLanguage":"de"},{"@type":"Organization","@id":"https:\/\/www.oudadl.testontwikkeling.nl\/#organization","name":"All Day Led","url":"https:\/\/www.oudadl.testontwikkeling.nl\/","logo":{"@type":"ImageObject","inLanguage":"de","@id":"https:\/\/www.oudadl.testontwikkeling.nl\/#\/schema\/logo\/image\/","url":"https:\/\/www.oudadl.testontwikkeling.nl\/wp-content\/uploads\/2022\/08\/Logo-ALL-DAY-LED-800x800-zwart-witte-letters.png","contentUrl":"https:\/\/www.oudadl.testontwikkeling.nl\/wp-content\/uploads\/2022\/08\/Logo-ALL-DAY-LED-800x800-zwart-witte-letters.png","width":800,"height":800,"caption":"All Day Led"},"image":{"@id":"https:\/\/www.oudadl.testontwikkeling.nl\/#\/schema\/logo\/image\/"},"sameAs":["https:\/\/www.facebook.com\/alldayled\/","https:\/\/www.instagram.com\/alldayled\/"],"vatID":"NL863960133B01","taxID":"86416545","hasMerchantReturnPolicy":{"@type":"MerchantReturnPolicy","merchantReturnLink":"https:\/\/www.oudadl.testontwikkeling.nl\/de\/verzenden-retourneren\/"}}]},"product_brand":"Horpol","product_price_amount":"6.95","product_price_currency":"EUR","og_availability":"instock","product_availability":"instock","product_retailer_item_id":"ADL08027","product_condition":"new"},"_links":{"self":[{"href":"https:\/\/www.oudadl.testontwikkeling.nl\/de\/wp-json\/wp\/v2\/product\/16279","targetHints":{"allow":["GET"]}}],"collection":[{"href":"https:\/\/www.oudadl.testontwikkeling.nl\/de\/wp-json\/wp\/v2\/product"}],"about":[{"href":"https:\/\/www.oudadl.testontwikkeling.nl\/de\/wp-json\/wp\/v2\/types\/product"}],"replies":[{"embeddable":true,"href":"https:\/\/www.oudadl.testontwikkeling.nl\/de\/wp-json\/wp\/v2\/comments?post=16279"}],"wp:featuredmedia":[{"embeddable":true,"href":"https:\/\/www.oudadl.testontwikkeling.nl\/de\/wp-json\/wp\/v2\/media\/19027"}],"wp:attachment":[{"href":"https:\/\/www.oudadl.testontwikkeling.nl\/de\/wp-json\/wp\/v2\/media?parent=16279"}],"wp:term":[{"taxonomy":"product_brand","embeddable":true,"href":"https:\/\/www.oudadl.testontwikkeling.nl\/de\/wp-json\/wp\/v2\/product_brand?post=16279"},{"taxonomy":"product_cat","embeddable":true,"href":"https:\/\/www.oudadl.testontwikkeling.nl\/de\/wp-json\/wp\/v2\/product_cat?post=16279"},{"taxonomy":"product_tag","embeddable":true,"href":"https:\/\/www.oudadl.testontwikkeling.nl\/de\/wp-json\/wp\/v2\/product_tag?post=16279"}],"curies":[{"name":"wp","href":"https:\/\/api.w.org\/{rel}","templated":true}]}}