{"id":14069,"date":"2021-02-09T15:17:59","date_gmt":"2021-02-09T13:17:59","guid":{"rendered":"https:\/\/www.oudadl.testontwikkeling.nl\/?post_type=product&#038;p=14069"},"modified":"2025-04-08T13:23:23","modified_gmt":"2025-04-08T11:23:23","slug":"hella-luminator-full-led-spotlight-chrom","status":"publish","type":"product","link":"https:\/\/www.oudadl.testontwikkeling.nl\/de\/product\/hella-luminator-full-led-verstraler-chroom\/","title":{"rendered":"Hella Luminator Scheinwerfer - Chrom"},"content":{"rendered":"<p><span style=\"color: #000000;\"><strong>Hella Luminator Full LED Strahler mit Chromgeh\u00e4use, f\u00fcr 12 &amp; 24 Volt Betrieb.\u00a0<\/strong><\/span><\/p>\n<p><span style=\"color: #000000;\">Sie m\u00f6chten einen vollwertigen LED Strahler verbauen, der Ihrem Fahrzeug einen einzigartigen Look verleiht? Und kann man es auch als Standlicht und Fernlicht nutzen? Dann ist dieser Vollstrahler LED von Hella m\u00f6glicherweise die Lampe, die Sie suchen. Dieser runde Hella Luminator Strahler ist mit dem ECE R112 und R7 G\u00fctezeichen versehen. Diese Qualit\u00e4tszeichen bedeuten, dass Sie die Lampe LED als Fern- und Positionslicht verwenden k\u00f6nnen. Dieser runde Strahler zeichnet sich durch ein verchromtes Geh\u00e4use und eine besondere Form des Stadtlichts aus. Damit ist dieser LED Strahler einzigartig in seinem Segment. Der Vollstrahler LED der Marke Hella kann sowohl mit 12 als auch mit 24 Volt betrieben werden. Dadurch eignet sich der Scheinwerfer f\u00fcr die Montage beispielsweise an Ihrem LKW, Wohnmobil oder einem anderen Fahrzeugtyp.<\/span><\/p>\n<p><span style=\"color: #000000;\">Um Sie davon zu \u00fcberzeugen, dass dies das Hauptaugenmerk Ihres Fahrzeugs ist, haben wir nachfolgend eine Reihe von Spezifikationen aufgef\u00fchrt. All dies, um Ihnen klar zu machen, warum dies m\u00f6glicherweise das von Ihnen gesuchte LED-Rampenlicht ist. Dieser vollst\u00e4ndige LED-Strahler der Marke Hella ist eine einzigartige Lampe in seinem Segment. Dies wird durch sein Erscheinungsbild und verschiedene Qualit\u00e4tsmerkmale best\u00e4tigt. Dieser LED-Scheinwerfer ist beispielsweise mit dem ECE R10-Qualit\u00e4tszeichen versehen. Dieses Qualit\u00e4tszeichen bedeutet, dass die Lampe beispielsweise Ihr Funksignal w\u00e4hrend der Aktivierung nicht st\u00f6rt. Der Hella Luminator Full LED-Scheinwerfer ist au\u00dferdem mit dem IP68- und IP69K-Qualit\u00e4tszeichen versehen. Diese Qualit\u00e4tszeichen zeigen an, dass die LED-Lampe vollledig staub- und wasserdicht ist. Um Ihnen eine Vorstellung davon zu geben, wie dieser Scheinwerfer auf einem LKW aussieht, k\u00f6nnen Sie dies tun <a style=\"color: #000000;\" href=\"https:\/\/youtu.be\/IbwTWKF0Wyg\">hier<\/a> Sehen Sie sich das Einf\u00fchrungsvideo von Hella an.<\/span><\/p>\n<h5><span style=\"color: #000000;\"><strong>Abmessungen:<\/strong><\/span><\/h5>\n<p><span style=\"color: #000000;\">Um sicherzustellen, dass Sie diesen runden LED-Scheinwerfer der Marke Hella an Ihrem Auto oder LKW montieren k\u00f6nnen, haben wir die Abmessungen hier notiert:<\/span><\/p>\n<ul>\n<li><span style=\"color: #000000;\">H\u00f6he: 232,5 mm (einschlie\u00dflich Halter)<\/span><\/li>\n<li><span style=\"color: #000000;\">Durchmesser: 224,4 mm<\/span><\/li>\n<li><span style=\"color: #000000;\">Dicke: 129,6 mm<\/span><\/li>\n<\/ul>\n<p><span style=\"color: #000000;\"><em>Hella Artikelnummer: 1F8 016 560-031<\/em><\/span><\/p>\n<p><span style=\"color: #000000;\">Sind Sie der Meinung, dass dieser LED Strahler nicht das ist, was Sie suchen? Einfach weil Form, Farbe oder Lichtleistung nicht stimmen? Dann wissen Sie, dass dieser Hella Luminator Full LED Strahler - Chrome auch mit schwarzem Geh\u00e4use erh\u00e4ltlich ist. Hier finden Sie den Hella Luminator ref.50 Full LED Strahler mit schwarzem Geh\u00e4use <a style=\"color: #000000;\" href=\"https:\/\/www.oudadl.testontwikkeling.nl\/de\/produkt\/hella-luminator-full-led-spotlight-schwarz\/\">hier<\/a>.<\/span><\/p>","protected":false},"excerpt":{"rendered":"<p>Hella Luminator full LED verstraler met Chrome behuizing, voor 12 &amp; 24 volt gebruik.\u00a0 Wilt u een full LED verstraler monteren die uw voertuig een unieke uitstraling geeft? En u ook nog eens als stadslicht en groot licht mag gebruiken? Dan is deze full LED verstraler van Hella wellicht d\u00e9 lamp waar u naar op [&hellip;]<\/p>\n","protected":false},"featured_media":19039,"comment_status":"open","ping_status":"closed","template":"","meta":{"_acf_changed":false,"site-sidebar-layout":"default","site-content-layout":"default","ast-site-content-layout":"default","site-content-style":"default","site-sidebar-style":"default","ast-global-header-display":"","ast-banner-title-visibility":"","ast-main-header-display":"","ast-hfb-above-header-display":"","ast-hfb-below-header-display":"","ast-hfb-mobile-header-display":"","site-post-title":"","ast-breadcrumbs-content":"","ast-featured-img":"","footer-sml-layout":"","ast-disable-related-posts":"","theme-transparent-header-meta":"default","adv-header-id-meta":"","stick-header-meta":"","header-above-stick-meta":"","header-main-stick-meta":"","header-below-stick-meta":"","astra-migrate-meta-layouts":"set","ast-page-background-enabled":"default","ast-page-background-meta":{"desktop":{"background-color":"","background-image":"","background-repeat":"repeat","background-position":"center center","background-size":"auto","background-attachment":"scroll","background-type":"","background-media":"","overlay-type":"","overlay-color":"","overlay-opacity":"","overlay-gradient":""},"tablet":{"background-color":"","background-image":"","background-repeat":"repeat","background-position":"center center","background-size":"auto","background-attachment":"scroll","background-type":"","background-media":"","overlay-type":"","overlay-color":"","overlay-opacity":"","overlay-gradient":""},"mobile":{"background-color":"","background-image":"","background-repeat":"repeat","background-position":"center center","background-size":"auto","background-attachment":"scroll","background-type":"","background-media":"","overlay-type":"","overlay-color":"","overlay-opacity":"","overlay-gradient":""}},"ast-content-background-meta":{"desktop":{"background-color":"var(--ast-global-color-5)","background-image":"","background-repeat":"repeat","background-position":"center center","background-size":"auto","background-attachment":"scroll","background-type":"","background-media":"","overlay-type":"","overlay-color":"","overlay-opacity":"","overlay-gradient":""},"tablet":{"background-color":"var(--ast-global-color-5)","background-image":"","background-repeat":"repeat","background-position":"center center","background-size":"auto","background-attachment":"scroll","background-type":"","background-media":"","overlay-type":"","overlay-color":"","overlay-opacity":"","overlay-gradient":""},"mobile":{"background-color":"var(--ast-global-color-5)","background-image":"","background-repeat":"repeat","background-position":"center center","background-size":"auto","background-attachment":"scroll","background-type":"","background-media":"","overlay-type":"","overlay-color":"","overlay-opacity":"","overlay-gradient":""}}},"product_brand":[],"product_cat":[7962],"product_tag":[2466,5823,5824,5825,5821,2465],"class_list":{"0":"post-14069","1":"product","2":"type-product","3":"status-publish","4":"has-post-thumbnail","6":"product_cat-verstraler-rond","7":"product_tag-verstraler-hella","8":"product_tag-led-verstraler-camper","9":"product_tag-led-verstraler-pickup","10":"product_tag-led-verstraler-tractor","11":"product_tag-led-verstraler-vrachtwagen","12":"product_tag-verstraler-met-stadslicht","13":"pa_merkk-product-hella","14":"desktop-align-left","15":"tablet-align-left","16":"mobile-align-left","18":"first","19":"instock","20":"taxable","21":"shipping-taxable","22":"purchasable","23":"product-type-simple"},"acf":[],"yoast_head":"<!-- This site is optimized with the Yoast SEO Premium plugin v25.9 (Yoast SEO v27.6) - https:\/\/yoast.com\/product\/yoast-seo-premium-wordpress\/ -->\n<title>Hella Luminator Chrome - LED verstraler - All Day Led - 12&amp;24v<\/title>\n<meta name=\"description\" content=\"Hella Luminator Chrome - voor 12&amp;24 volt - 1F8 016 560-031 - full LED verstraler - met ECE R112 &amp; R7 keurmerk - voor vrachtwagen en meer\" \/>\n<meta name=\"robots\" content=\"noindex, follow, max-snippet:-1, max-image-preview:large, max-video-preview:-1\" \/>\n<meta property=\"og:locale\" content=\"de_DE\" \/>\n<meta property=\"og:type\" content=\"article\" \/>\n<meta property=\"og:title\" content=\"Hella Luminator Chrome - LED verstraler - All Day Led - 12&amp;24v\" \/>\n<meta property=\"og:description\" content=\"Hella Luminator Chrome - voor 12&amp;24 volt - 1F8 016 560-031 - full LED verstraler - met ECE R112 &amp; R7 keurmerk - voor vrachtwagen en meer\" \/>\n<meta property=\"og:url\" content=\"https:\/\/www.oudadl.testontwikkeling.nl\/de\/produkt\/hella-luminator-full-led-spotlight-chrom\/\" \/>\n<meta property=\"og:site_name\" content=\"All Day Led\" \/>\n<meta property=\"article:publisher\" content=\"https:\/\/www.facebook.com\/alldayled\/\" \/>\n<meta property=\"article:modified_time\" content=\"2025-04-08T11:23:23+00:00\" \/>\n<meta property=\"og:image\" content=\"https:\/\/www.oudadl.testontwikkeling.nl\/wp-content\/uploads\/2021\/02\/ADL50292.png\" \/>\n\t<meta property=\"og:image:width\" content=\"800\" \/>\n\t<meta property=\"og:image:height\" content=\"600\" \/>\n\t<meta property=\"og:image:type\" content=\"image\/png\" \/>\n<meta name=\"twitter:label1\" content=\"Preis\" \/>\n\t<meta name=\"twitter:data1\" content=\"&euro;449,00\" \/>\n\t<meta name=\"twitter:label2\" content=\"Verf\u00fcgbarkeit\" \/>\n\t<meta name=\"twitter:data2\" content=\"Auf Lager\" \/>\n<script type=\"application\/ld+json\" class=\"yoast-schema-graph\">{\"@context\":\"https:\\\/\\\/schema.org\",\"@graph\":[{\"@type\":\"WebPage\",\"@id\":\"https:\\\/\\\/www.oudadl.testontwikkeling.nl\\\/product\\\/hella-luminator-full-led-verstraler-chroom\\\/\",\"url\":\"https:\\\/\\\/www.oudadl.testontwikkeling.nl\\\/product\\\/hella-luminator-full-led-verstraler-chroom\\\/\",\"name\":\"Hella Luminator Chrome - LED verstraler - All Day Led - 12&24v\",\"isPartOf\":{\"@id\":\"https:\\\/\\\/www.oudadl.testontwikkeling.nl\\\/#website\"},\"primaryImageOfPage\":{\"@id\":\"https:\\\/\\\/www.oudadl.testontwikkeling.nl\\\/product\\\/hella-luminator-full-led-verstraler-chroom\\\/#primaryimage\"},\"image\":{\"@id\":\"https:\\\/\\\/www.oudadl.testontwikkeling.nl\\\/product\\\/hella-luminator-full-led-verstraler-chroom\\\/#primaryimage\"},\"thumbnailUrl\":\"https:\\\/\\\/www.oudadl.testontwikkeling.nl\\\/wp-content\\\/uploads\\\/2021\\\/02\\\/ADL50292.png\",\"datePublished\":\"2021-02-09T13:17:59+00:00\",\"dateModified\":\"2025-04-08T11:23:23+00:00\",\"description\":\"Hella Luminator Chrome - voor 12&24 volt - 1F8 016 560-031 - full LED verstraler - met ECE R112 & R7 keurmerk - voor vrachtwagen en meer\",\"breadcrumb\":{\"@id\":\"https:\\\/\\\/www.oudadl.testontwikkeling.nl\\\/product\\\/hella-luminator-full-led-verstraler-chroom\\\/#breadcrumb\"},\"inLanguage\":\"de\",\"potentialAction\":[{\"@type\":\"ReadAction\",\"target\":[\"https:\\\/\\\/www.oudadl.testontwikkeling.nl\\\/product\\\/hella-luminator-full-led-verstraler-chroom\\\/\"]}]},{\"@type\":\"ImageObject\",\"inLanguage\":\"de\",\"@id\":\"https:\\\/\\\/www.oudadl.testontwikkeling.nl\\\/product\\\/hella-luminator-full-led-verstraler-chroom\\\/#primaryimage\",\"url\":\"https:\\\/\\\/www.oudadl.testontwikkeling.nl\\\/wp-content\\\/uploads\\\/2021\\\/02\\\/ADL50292.png\",\"contentUrl\":\"https:\\\/\\\/www.oudadl.testontwikkeling.nl\\\/wp-content\\\/uploads\\\/2021\\\/02\\\/ADL50292.png\",\"width\":800,\"height\":600,\"caption\":\"Hella Luminator full LED verstraler met LED stadslicht - voor 12&24 volt - artikelnummer Hella: 1F8 016 560-031 - behuizing: Chroom\"},{\"@type\":\"BreadcrumbList\",\"@id\":\"https:\\\/\\\/www.oudadl.testontwikkeling.nl\\\/product\\\/hella-luminator-full-led-verstraler-chroom\\\/#breadcrumb\",\"itemListElement\":[{\"@type\":\"ListItem\",\"position\":1,\"name\":\"Home\",\"item\":\"https:\\\/\\\/www.oudadl.testontwikkeling.nl\\\/\"},{\"@type\":\"ListItem\",\"position\":2,\"name\":\"Shop\",\"item\":\"https:\\\/\\\/www.oudadl.testontwikkeling.nl\\\/de\\\/shop\\\/\"},{\"@type\":\"ListItem\",\"position\":3,\"name\":\"Verstralers\",\"item\":\"https:\\\/\\\/www.oudadl.testontwikkeling.nl\\\/product-categorie\\\/verstralers\\\/\"},{\"@type\":\"ListItem\",\"position\":4,\"name\":\"Verstraler rond\",\"item\":\"https:\\\/\\\/www.oudadl.testontwikkeling.nl\\\/product-categorie\\\/verstralers\\\/verstraler-rond\\\/\"},{\"@type\":\"ListItem\",\"position\":5,\"name\":\"Hella Luminator verstraler &#8211; Chrome\"}]},{\"@type\":\"WebSite\",\"@id\":\"https:\\\/\\\/www.oudadl.testontwikkeling.nl\\\/#website\",\"url\":\"https:\\\/\\\/www.oudadl.testontwikkeling.nl\\\/\",\"name\":\"All Day Led\",\"description\":\"\",\"publisher\":{\"@id\":\"https:\\\/\\\/www.oudadl.testontwikkeling.nl\\\/#organization\"},\"potentialAction\":[{\"@type\":\"SearchAction\",\"target\":{\"@type\":\"EntryPoint\",\"urlTemplate\":\"https:\\\/\\\/www.oudadl.testontwikkeling.nl\\\/?s={search_term_string}\"},\"query-input\":{\"@type\":\"PropertyValueSpecification\",\"valueRequired\":true,\"valueName\":\"search_term_string\"}}],\"inLanguage\":\"de\"},{\"@type\":\"Organization\",\"@id\":\"https:\\\/\\\/www.oudadl.testontwikkeling.nl\\\/#organization\",\"name\":\"All Day Led\",\"url\":\"https:\\\/\\\/www.oudadl.testontwikkeling.nl\\\/\",\"logo\":{\"@type\":\"ImageObject\",\"inLanguage\":\"de\",\"@id\":\"https:\\\/\\\/www.oudadl.testontwikkeling.nl\\\/#\\\/schema\\\/logo\\\/image\\\/\",\"url\":\"https:\\\/\\\/www.oudadl.testontwikkeling.nl\\\/wp-content\\\/uploads\\\/2022\\\/08\\\/Logo-ALL-DAY-LED-800x800-zwart-witte-letters.png\",\"contentUrl\":\"https:\\\/\\\/www.oudadl.testontwikkeling.nl\\\/wp-content\\\/uploads\\\/2022\\\/08\\\/Logo-ALL-DAY-LED-800x800-zwart-witte-letters.png\",\"width\":800,\"height\":800,\"caption\":\"All Day Led\"},\"image\":{\"@id\":\"https:\\\/\\\/www.oudadl.testontwikkeling.nl\\\/#\\\/schema\\\/logo\\\/image\\\/\"},\"sameAs\":[\"https:\\\/\\\/www.facebook.com\\\/alldayled\\\/\",\"https:\\\/\\\/www.instagram.com\\\/alldayled\\\/\"],\"vatID\":\"NL863960133B01\",\"taxID\":\"86416545\",\"hasMerchantReturnPolicy\":{\"@type\":\"MerchantReturnPolicy\",\"merchantReturnLink\":\"https:\\\/\\\/www.oudadl.testontwikkeling.nl\\\/de\\\/verzenden-retourneren\\\/\"}}]}<\/script>\n<meta property=\"product:brand\" content=\"Hella\" \/>\n<meta property=\"product:price:amount\" content=\"449.00\" \/>\n<meta property=\"product:price:currency\" content=\"EUR\" \/>\n<meta property=\"og:availability\" content=\"instock\" \/>\n<meta property=\"product:availability\" content=\"instock\" \/>\n<meta property=\"product:retailer_item_id\" content=\"ADL50292\" \/>\n<meta property=\"product:condition\" content=\"new\" \/>\n<!-- \/ Yoast SEO Premium plugin. -->","yoast_head_json":{"title":"Hella Luminator Chrom - LED Strahler - All Day Led - 12&amp;24v","description":"Hella Luminator Chrom - f\u00fcr 12&amp;24 volt - 1F8 016 560-031 - LED Vollscheinwerfer - mit ECE R112 &amp; R7 G\u00fctezeichen - f\u00fcr LKW und mehr","robots":{"index":"noindex","follow":"follow","max-snippet":"max-snippet:-1","max-image-preview":"max-image-preview:large","max-video-preview":"max-video-preview:-1"},"og_locale":"de_DE","og_type":"article","og_title":"Hella Luminator Chrome - LED verstraler - All Day Led - 12&24v","og_description":"Hella Luminator Chrome - voor 12&24 volt - 1F8 016 560-031 - full LED verstraler - met ECE R112 & R7 keurmerk - voor vrachtwagen en meer","og_url":"https:\/\/www.oudadl.testontwikkeling.nl\/de\/produkt\/hella-luminator-full-led-spotlight-chrom\/","og_site_name":"All Day Led","article_publisher":"https:\/\/www.facebook.com\/alldayled\/","article_modified_time":"2025-04-08T11:23:23+00:00","og_image":[{"width":800,"height":600,"url":"https:\/\/www.oudadl.testontwikkeling.nl\/wp-content\/uploads\/2021\/02\/ADL50292.png","type":"image\/png"}],"twitter_misc":{"Preis":"&euro;449,00","Verf\u00fcgbarkeit":"Auf Lager"},"schema":{"@context":"https:\/\/schema.org","@graph":[{"@type":"WebPage","@id":"https:\/\/www.oudadl.testontwikkeling.nl\/product\/hella-luminator-full-led-verstraler-chroom\/","url":"https:\/\/www.oudadl.testontwikkeling.nl\/product\/hella-luminator-full-led-verstraler-chroom\/","name":"Hella Luminator Chrom - LED Strahler - All Day Led - 12&amp;24v","isPartOf":{"@id":"https:\/\/www.oudadl.testontwikkeling.nl\/#website"},"primaryImageOfPage":{"@id":"https:\/\/www.oudadl.testontwikkeling.nl\/product\/hella-luminator-full-led-verstraler-chroom\/#primaryimage"},"image":{"@id":"https:\/\/www.oudadl.testontwikkeling.nl\/product\/hella-luminator-full-led-verstraler-chroom\/#primaryimage"},"thumbnailUrl":"https:\/\/www.oudadl.testontwikkeling.nl\/wp-content\/uploads\/2021\/02\/ADL50292.png","datePublished":"2021-02-09T13:17:59+00:00","dateModified":"2025-04-08T11:23:23+00:00","description":"Hella Luminator Chrom - f\u00fcr 12&amp;24 volt - 1F8 016 560-031 - LED Vollscheinwerfer - mit ECE R112 &amp; R7 G\u00fctezeichen - f\u00fcr LKW und mehr","breadcrumb":{"@id":"https:\/\/www.oudadl.testontwikkeling.nl\/product\/hella-luminator-full-led-verstraler-chroom\/#breadcrumb"},"inLanguage":"de","potentialAction":[{"@type":"ReadAction","target":["https:\/\/www.oudadl.testontwikkeling.nl\/product\/hella-luminator-full-led-verstraler-chroom\/"]}]},{"@type":"ImageObject","inLanguage":"de","@id":"https:\/\/www.oudadl.testontwikkeling.nl\/product\/hella-luminator-full-led-verstraler-chroom\/#primaryimage","url":"https:\/\/www.oudadl.testontwikkeling.nl\/wp-content\/uploads\/2021\/02\/ADL50292.png","contentUrl":"https:\/\/www.oudadl.testontwikkeling.nl\/wp-content\/uploads\/2021\/02\/ADL50292.png","width":800,"height":600,"caption":"Hella Luminator full LED verstraler met LED stadslicht - voor 12&24 volt - artikelnummer Hella: 1F8 016 560-031 - behuizing: Chroom"},{"@type":"BreadcrumbList","@id":"https:\/\/www.oudadl.testontwikkeling.nl\/product\/hella-luminator-full-led-verstraler-chroom\/#breadcrumb","itemListElement":[{"@type":"ListItem","position":1,"name":"Home","item":"https:\/\/www.oudadl.testontwikkeling.nl\/"},{"@type":"ListItem","position":2,"name":"Shop","item":"https:\/\/www.oudadl.testontwikkeling.nl\/de\/shop\/"},{"@type":"ListItem","position":3,"name":"Verstralers","item":"https:\/\/www.oudadl.testontwikkeling.nl\/product-categorie\/verstralers\/"},{"@type":"ListItem","position":4,"name":"Verstraler rond","item":"https:\/\/www.oudadl.testontwikkeling.nl\/product-categorie\/verstralers\/verstraler-rond\/"},{"@type":"ListItem","position":5,"name":"Hella Luminator verstraler &#8211; Chrome"}]},{"@type":"WebSite","@id":"https:\/\/www.oudadl.testontwikkeling.nl\/#website","url":"https:\/\/www.oudadl.testontwikkeling.nl\/","name":"All Day Led","description":"","publisher":{"@id":"https:\/\/www.oudadl.testontwikkeling.nl\/#organization"},"potentialAction":[{"@type":"SearchAction","target":{"@type":"EntryPoint","urlTemplate":"https:\/\/www.oudadl.testontwikkeling.nl\/?s={search_term_string}"},"query-input":{"@type":"PropertyValueSpecification","valueRequired":true,"valueName":"search_term_string"}}],"inLanguage":"de"},{"@type":"Organization","@id":"https:\/\/www.oudadl.testontwikkeling.nl\/#organization","name":"All Day Led","url":"https:\/\/www.oudadl.testontwikkeling.nl\/","logo":{"@type":"ImageObject","inLanguage":"de","@id":"https:\/\/www.oudadl.testontwikkeling.nl\/#\/schema\/logo\/image\/","url":"https:\/\/www.oudadl.testontwikkeling.nl\/wp-content\/uploads\/2022\/08\/Logo-ALL-DAY-LED-800x800-zwart-witte-letters.png","contentUrl":"https:\/\/www.oudadl.testontwikkeling.nl\/wp-content\/uploads\/2022\/08\/Logo-ALL-DAY-LED-800x800-zwart-witte-letters.png","width":800,"height":800,"caption":"All Day Led"},"image":{"@id":"https:\/\/www.oudadl.testontwikkeling.nl\/#\/schema\/logo\/image\/"},"sameAs":["https:\/\/www.facebook.com\/alldayled\/","https:\/\/www.instagram.com\/alldayled\/"],"vatID":"NL863960133B01","taxID":"86416545","hasMerchantReturnPolicy":{"@type":"MerchantReturnPolicy","merchantReturnLink":"https:\/\/www.oudadl.testontwikkeling.nl\/de\/verzenden-retourneren\/"}}]},"product_brand":"Hella","product_price_amount":"449.00","product_price_currency":"EUR","og_availability":"instock","product_availability":"instock","product_retailer_item_id":"ADL50292","product_condition":"new"},"_links":{"self":[{"href":"https:\/\/www.oudadl.testontwikkeling.nl\/de\/wp-json\/wp\/v2\/product\/14069","targetHints":{"allow":["GET"]}}],"collection":[{"href":"https:\/\/www.oudadl.testontwikkeling.nl\/de\/wp-json\/wp\/v2\/product"}],"about":[{"href":"https:\/\/www.oudadl.testontwikkeling.nl\/de\/wp-json\/wp\/v2\/types\/product"}],"replies":[{"embeddable":true,"href":"https:\/\/www.oudadl.testontwikkeling.nl\/de\/wp-json\/wp\/v2\/comments?post=14069"}],"wp:featuredmedia":[{"embeddable":true,"href":"https:\/\/www.oudadl.testontwikkeling.nl\/de\/wp-json\/wp\/v2\/media\/19039"}],"wp:attachment":[{"href":"https:\/\/www.oudadl.testontwikkeling.nl\/de\/wp-json\/wp\/v2\/media?parent=14069"}],"wp:term":[{"taxonomy":"product_brand","embeddable":true,"href":"https:\/\/www.oudadl.testontwikkeling.nl\/de\/wp-json\/wp\/v2\/product_brand?post=14069"},{"taxonomy":"product_cat","embeddable":true,"href":"https:\/\/www.oudadl.testontwikkeling.nl\/de\/wp-json\/wp\/v2\/product_cat?post=14069"},{"taxonomy":"product_tag","embeddable":true,"href":"https:\/\/www.oudadl.testontwikkeling.nl\/de\/wp-json\/wp\/v2\/product_tag?post=14069"}],"curies":[{"name":"wp","href":"https:\/\/api.w.org\/{rel}","templated":true}]}}