{"id":13525,"date":"2021-01-23T10:35:57","date_gmt":"2021-01-23T09:35:57","guid":{"rendered":"https:\/\/www.oudadl.testontwikkeling.nl\/?post_type=product&#038;p=13525"},"modified":"2025-11-27T06:03:36","modified_gmt":"2025-11-27T05:03:36","slug":"strands-siberia-led-bar-dr-194w-22-zoll","status":"publish","type":"product","link":"https:\/\/www.oudadl.testontwikkeling.nl\/de\/product\/strands-siberia-led-bar-dr-194w-22-inch\/","title":{"rendered":"Strands Siberia LED bar DR - 22 Zoll"},"content":{"rendered":"<p><span style=\"color: #000000;\"><strong>Strands Siberia LED bar double row 22 Zoll, f\u00fcr 12 und 24 Volt.<\/strong><\/span><\/p>\n<p><span style=\"color: #000000;\">Sie m\u00f6chten Ihr Fahrzeug mit einem neuen oder zus\u00e4tzlichen LED Scheinwerfer ausstatten, wissen aber nicht genau was Sie suchen? Vielleicht ist die Strands Siberia DR LED bar 22 Zoll die Lampe, die Sie suchen. Die 22\u201c LED bar mit farbwechselbarem Stadtlicht ist mit 40 lichtstarken LED's best\u00fcckt und hat eine Lichtleistung von 16.000 Lumen. Das Siberia LED bar kann mit 12 und 24 Volt verwendet werden. Das bedeutet, dass Sie die ECE-zugelassene LED-Lampe zum Beispiel an einem PKW, LKW, Wohnmobil oder einem anderen Fahrzeugtyp montieren k\u00f6nnen.\u00a0<\/span><\/p>\n<p><span style=\"color: #000000;\">Um sicherzustellen, dass der Strands Siberia DR 22 Zoll LED Scheinwerfer f\u00fcr Ihr Fahrzeug geeignet ist. Nachfolgend haben wir einige wichtige Eigenschaften aufgeschrieben. All dies, um Ihnen klar zu machen, warum dies die LED-Lampe sein k\u00f6nnte, nach der Sie suchen. Der 22\u201c LED Scheinwerfer mit farblich ver\u00e4nderbarem Stadtlicht ist unter anderem mit dem ECE R10-G\u00fctezeichen versehen. Dieses Qualit\u00e4tszeichen zeigt an, dass die Lampe w\u00e4hrend der Aktivierung beispielsweise Ihr Funksignal nicht st\u00f6rt. Die LED-Lampe hat auch das ECE R112-G\u00fctezeichen. Dieses G\u00fctezeichen weist darauf hin, dass Sie die Lampe LED als Strahler verwenden d\u00fcrfen. Um das Ganze abzurunden, wird die LED-Leuchte mit schwarz beschichtetem Edelstahl-Montagematerial geliefert.<\/span><\/p>\n<h5><span style=\"color: #000000;\"><strong>Abmessungen:<\/strong><\/span><\/h5>\n<p><span style=\"color: #000000;\">Weil Sie sicher sein m\u00f6chten, dass der Strahler \u00fcberall dort montiert werden kann, wo Sie m\u00f6chten. Die Abmessungen der Lampe haben wir unten notiert. Die Abmessungen des Strands Siberia DR 22Zoll Scheinwerfer sind wie folgt:<\/span><\/p>\n<ul>\n<li><span style=\"color: #000000;\">H\u00f6he: 76 mm (89 mm einschlie\u00dflich Montage)<\/span><\/li>\n<li><span style=\"color: #000000;\">Breite: 562 mm<\/span><\/li>\n<li><span style=\"color: #000000;\">Dicke: 71,6 mm<\/span><\/li>\n<\/ul>\n<p><span style=\"color: #000000;\">Der Strands Siberia DR 22 Zoll LED Scheinwerfer wird mit zwei Arten von Montagehalterungen geliefert. Um Ihnen ein klares Bild davon zu geben, was das bedeutet, bitten wir Sie, sich Bild 5 anzusehen. M\u00f6chten Sie die Lampe Siberia LED an einem Lampenb\u00fcgel montieren? Dann verwenden Sie das Strands <a style=\"color: #000000;\" href=\"https:\/\/www.oudadl.testontwikkeling.nl\/de\/produkt\/lampenhalterung-klemme-siberia-led-bar-double-row\/\" target=\"_blank\" rel=\"noopener\">Siberia Lampenhalterungsklemme<\/a>.<\/span><\/p>\n<h5><span style=\"color: #000000;\"><strong>Andere Abmessungen:\u00a0<\/strong><\/span><\/h5>\n<p><span style=\"color: #000000;\">Ist das 22 Zoll LED bar von Strands nicht die Gr\u00f6\u00dfe, die Sie suchen? Dann wissen Sie, dass dieser double row LED Scheinwerfer auch in den folgenden Abmessungen erh\u00e4ltlich ist:<\/span><\/p>\n<ul>\n<li><span style=\"color: #000000;\"><a style=\"color: #000000;\" href=\"https:\/\/www.oudadl.testontwikkeling.nl\/de\/produkt\/strands-siberia-led-bar-dr-60w-8-zoll\/\" target=\"_blank\" rel=\"noopener\"><strong>8 Zoll Strands LED Bar double row<\/strong><\/a><\/span><\/li>\n<li><span style=\"color: #000000;\"><a style=\"color: #000000;\" href=\"https:\/\/www.oudadl.testontwikkeling.nl\/de\/produkt\/strands-siberia-led-bar-dr-47w-12-zoll\/\" target=\"_blank\" rel=\"noopener\"><strong>12 Zoll Strands LED Bar double row\u00a0<\/strong><\/a><strong><br \/>\n<\/strong><\/span><\/li>\n<li><span style=\"color: #000000;\"><a style=\"color: #000000;\" href=\"https:\/\/www.oudadl.testontwikkeling.nl\/de\/produkt\/strands-siberia-led-bar-dr-288w-32-zoll\/\" target=\"_blank\" rel=\"noopener\"><strong>32 Zoll Strands LED Bar double row<\/strong><\/a><strong><br \/>\n<\/strong><\/span><\/li>\n<li><span style=\"color: #000000;\"><a style=\"color: #000000;\" href=\"https:\/\/www.oudadl.testontwikkeling.nl\/de\/produkt\/strands-siberia-led-bar-dr-412w-42-zoll\/\" target=\"_blank\" rel=\"noopener\"><strong>42 Zoll Strands LED Bar double row<\/strong><\/a><strong><br \/>\n<\/strong><\/span><\/li>\n<li><span style=\"color: #000000;\"><a style=\"color: #000000;\" href=\"https:\/\/www.oudadl.testontwikkeling.nl\/de\/produkt\/strands-siberia-led-bar-dr-498w-50-zoll\/\" target=\"_blank\" rel=\"noopener\"><strong>50 Zoll Strands LED Bar double row<\/strong><\/a><\/span><\/li>\n<\/ul>\n<p><span style=\"color: #000000;\">Immer noch nicht \u00fcberzeugt, dass das Strands Siberia LED bar double row 22 Zoll das ist, wonach Sie suchen? Einfach weil Ihnen die Lichtleistung, Wattzahl oder Form nicht gef\u00e4llt? Sehen Sie sich hier das komplette Sortiment an <a style=\"color: #000000;\" href=\"https:\/\/www.oudadl.testontwikkeling.nl\/de\/merk\/produkt-strands-beleuchtungsabteilung\/\" target=\"_blank\" rel=\"noopener\">Strands<\/a>. M\u00f6glicherweise finden Sie hier das Lampenmodell, das Sie suchen.\u00a0<\/span><\/p>","protected":false},"excerpt":{"rendered":"<p>Strands Siberia LED bar double row 22 inch, voor 12 en 24 volt gebruik. Wilt u uw voertuig voorzien van een nieuwe of extra LED verstraler, maar weet u niet wat u precies zoekt? Wellicht is de Strands Siberia DR LED bar 22inch dan wellicht d\u00e9 lamp waar naar u op zoek bent. De 22\u201d [&hellip;]<\/p>\n","protected":false},"featured_media":19771,"comment_status":"open","ping_status":"closed","template":"","meta":{"_acf_changed":false,"site-sidebar-layout":"default","site-content-layout":"default","ast-site-content-layout":"default","site-content-style":"default","site-sidebar-style":"default","ast-global-header-display":"","ast-banner-title-visibility":"","ast-main-header-display":"","ast-hfb-above-header-display":"","ast-hfb-below-header-display":"","ast-hfb-mobile-header-display":"","site-post-title":"","ast-breadcrumbs-content":"","ast-featured-img":"","footer-sml-layout":"","ast-disable-related-posts":"","theme-transparent-header-meta":"default","adv-header-id-meta":"","stick-header-meta":"","header-above-stick-meta":"","header-main-stick-meta":"","header-below-stick-meta":"","astra-migrate-meta-layouts":"set","ast-page-background-enabled":"default","ast-page-background-meta":{"desktop":{"background-color":"","background-image":"","background-repeat":"repeat","background-position":"center center","background-size":"auto","background-attachment":"scroll","background-type":"","background-media":"","overlay-type":"","overlay-color":"","overlay-opacity":"","overlay-gradient":""},"tablet":{"background-color":"","background-image":"","background-repeat":"repeat","background-position":"center center","background-size":"auto","background-attachment":"scroll","background-type":"","background-media":"","overlay-type":"","overlay-color":"","overlay-opacity":"","overlay-gradient":""},"mobile":{"background-color":"","background-image":"","background-repeat":"repeat","background-position":"center center","background-size":"auto","background-attachment":"scroll","background-type":"","background-media":"","overlay-type":"","overlay-color":"","overlay-opacity":"","overlay-gradient":""}},"ast-content-background-meta":{"desktop":{"background-color":"var(--ast-global-color-5)","background-image":"","background-repeat":"repeat","background-position":"center center","background-size":"auto","background-attachment":"scroll","background-type":"","background-media":"","overlay-type":"","overlay-color":"","overlay-opacity":"","overlay-gradient":""},"tablet":{"background-color":"var(--ast-global-color-5)","background-image":"","background-repeat":"repeat","background-position":"center center","background-size":"auto","background-attachment":"scroll","background-type":"","background-media":"","overlay-type":"","overlay-color":"","overlay-opacity":"","overlay-gradient":""},"mobile":{"background-color":"var(--ast-global-color-5)","background-image":"","background-repeat":"repeat","background-position":"center center","background-size":"auto","background-attachment":"scroll","background-type":"","background-media":"","overlay-type":"","overlay-color":"","overlay-opacity":"","overlay-gradient":""}}},"product_brand":[],"product_cat":[7964,7258],"product_tag":[3786,3789,3788,5817,5822,5823,5824,5825,5821,373,6388,2426,3787,2427,6550,6551,2465],"class_list":{"0":"post-13525","1":"product","2":"type-product","3":"status-publish","4":"has-post-thumbnail","6":"product_cat-led-bar","7":"product_cat-strands-siberia","8":"product_tag-led-bar","9":"product_tag-led-bar-auto","10":"product_tag-led-bar-vrachtwagen","11":"product_tag-led-verstraler","12":"product_tag-led-verstraler-auto","13":"product_tag-led-verstraler-camper","14":"product_tag-led-verstraler-pickup","15":"product_tag-led-verstraler-tractor","16":"product_tag-led-verstraler-vrachtwagen","17":"product_tag-led-werklamp","18":"product_tag-sale","19":"product_tag-strands-led-verlichting","20":"product_tag-strands-werklamp","21":"product_tag-strands-lighting-division","22":"product_tag-strands-siberia-led-bar","23":"product_tag-strands-siberia-verstraler","24":"product_tag-verstraler-met-stadslicht","25":"pa_merkk-product-strands-lighting-division","26":"desktop-align-left","27":"tablet-align-left","28":"mobile-align-left","30":"first","31":"instock","32":"sale","33":"taxable","34":"shipping-taxable","35":"purchasable","36":"product-type-simple"},"acf":[],"yoast_head":"<!-- This site is optimized with the Yoast SEO Premium plugin v25.9 (Yoast SEO v27.6) - https:\/\/yoast.com\/product\/yoast-seo-premium-wordpress\/ -->\n<title>Strands Siberia DR 22inch - LED bar - All Day Led - 12&amp;24 volt<\/title>\n<meta name=\"description\" content=\"Strands Siberia DR 22inch LED bar - 1 LUX @ 450 meter - ECE R112 keurmerk - auto, vrachtwagen, tractor, camper en meer - voor 12&amp;24 volt gebruik - IP67\/69K\" \/>\n<meta name=\"robots\" content=\"noindex, follow, max-snippet:-1, max-image-preview:large, max-video-preview:-1\" \/>\n<meta property=\"og:locale\" content=\"de_DE\" \/>\n<meta property=\"og:type\" content=\"article\" \/>\n<meta property=\"og:title\" content=\"Siberia LED bar 194W - Strands - 22 inch - All Day Led - 12&amp;24V\" \/>\n<meta property=\"og:description\" content=\"Siberia LED bar 194W verstraler 22 inch van Strands - 12&amp;24 volt - ECE R112 - auto, vrachtwagen en meer - met LED stadslicht - 16.000 Lumen\" \/>\n<meta property=\"og:url\" content=\"https:\/\/www.oudadl.testontwikkeling.nl\/de\/produkt\/strands-siberia-led-bar-dr-194w-22-zoll\/\" \/>\n<meta property=\"og:site_name\" content=\"All Day Led\" \/>\n<meta property=\"article:publisher\" content=\"https:\/\/www.facebook.com\/alldayled\/\" \/>\n<meta property=\"article:modified_time\" content=\"2025-11-27T05:03:36+00:00\" \/>\n<meta property=\"og:image\" content=\"https:\/\/www.oudadl.testontwikkeling.nl\/wp-content\/uploads\/2024\/08\/ADL809181.01.png\" \/>\n\t<meta property=\"og:image:width\" content=\"800\" \/>\n\t<meta property=\"og:image:height\" content=\"800\" \/>\n\t<meta property=\"og:image:type\" content=\"image\/png\" \/>\n<meta name=\"twitter:label1\" content=\"Preis\" \/>\n\t<meta name=\"twitter:data1\" content=\"&euro;271,20\" \/>\n\t<meta name=\"twitter:label2\" content=\"Verf\u00fcgbarkeit\" \/>\n\t<meta name=\"twitter:data2\" content=\"Auf Lager\" \/>\n<script type=\"application\/ld+json\" class=\"yoast-schema-graph\">{\"@context\":\"https:\\\/\\\/schema.org\",\"@graph\":[{\"@type\":[\"WebPage\",\"ItemPage\"],\"@id\":\"https:\\\/\\\/www.oudadl.testontwikkeling.nl\\\/product\\\/strands-siberia-led-bar-dr-194w-22-inch\\\/\",\"url\":\"https:\\\/\\\/www.oudadl.testontwikkeling.nl\\\/product\\\/strands-siberia-led-bar-dr-194w-22-inch\\\/\",\"name\":\"Strands Siberia DR 22inch - LED bar - All Day Led - 12&24 volt\",\"isPartOf\":{\"@id\":\"https:\\\/\\\/www.oudadl.testontwikkeling.nl\\\/#website\"},\"primaryImageOfPage\":{\"@id\":\"https:\\\/\\\/www.oudadl.testontwikkeling.nl\\\/product\\\/strands-siberia-led-bar-dr-194w-22-inch\\\/#primaryimage\"},\"image\":{\"@id\":\"https:\\\/\\\/www.oudadl.testontwikkeling.nl\\\/product\\\/strands-siberia-led-bar-dr-194w-22-inch\\\/#primaryimage\"},\"thumbnailUrl\":\"https:\\\/\\\/www.oudadl.testontwikkeling.nl\\\/wp-content\\\/uploads\\\/2021\\\/01\\\/ADL89181.-Siberia-DR22inch.png\",\"datePublished\":\"2021-01-23T09:35:57+00:00\",\"dateModified\":\"2025-11-27T05:03:36+00:00\",\"description\":\"Strands Siberia DR 22inch LED bar - 1 LUX @ 450 meter - ECE R112 keurmerk - auto, vrachtwagen, tractor, camper en meer - voor 12&24 volt gebruik - IP67\\\/69K\",\"breadcrumb\":{\"@id\":\"https:\\\/\\\/www.oudadl.testontwikkeling.nl\\\/product\\\/strands-siberia-led-bar-dr-194w-22-inch\\\/#breadcrumb\"},\"inLanguage\":\"de\",\"potentialAction\":[{\"@type\":\"ReadAction\",\"target\":[\"https:\\\/\\\/www.oudadl.testontwikkeling.nl\\\/product\\\/strands-siberia-led-bar-dr-194w-22-inch\\\/\"]}]},{\"@type\":\"ImageObject\",\"inLanguage\":\"de\",\"@id\":\"https:\\\/\\\/www.oudadl.testontwikkeling.nl\\\/product\\\/strands-siberia-led-bar-dr-194w-22-inch\\\/#primaryimage\",\"url\":\"https:\\\/\\\/www.oudadl.testontwikkeling.nl\\\/wp-content\\\/uploads\\\/2021\\\/01\\\/ADL89181.-Siberia-DR22inch.png\",\"contentUrl\":\"https:\\\/\\\/www.oudadl.testontwikkeling.nl\\\/wp-content\\\/uploads\\\/2021\\\/01\\\/ADL89181.-Siberia-DR22inch.png\",\"width\":800,\"height\":600,\"caption\":\"Strands Siberia LED bar 194W double row 22 inch - LED balk voor 12 en 24 volt - EAN: 7323030183790\"},{\"@type\":\"BreadcrumbList\",\"@id\":\"https:\\\/\\\/www.oudadl.testontwikkeling.nl\\\/product\\\/strands-siberia-led-bar-dr-194w-22-inch\\\/#breadcrumb\",\"itemListElement\":[{\"@type\":\"ListItem\",\"position\":1,\"name\":\"Home\",\"item\":\"https:\\\/\\\/www.oudadl.testontwikkeling.nl\\\/\"},{\"@type\":\"ListItem\",\"position\":2,\"name\":\"Shop\",\"item\":\"https:\\\/\\\/www.oudadl.testontwikkeling.nl\\\/de\\\/shop\\\/\"},{\"@type\":\"ListItem\",\"position\":3,\"name\":\"Verstralers\",\"item\":\"https:\\\/\\\/www.oudadl.testontwikkeling.nl\\\/product-categorie\\\/verstralers\\\/\"},{\"@type\":\"ListItem\",\"position\":4,\"name\":\"LED bar\",\"item\":\"https:\\\/\\\/www.oudadl.testontwikkeling.nl\\\/product-categorie\\\/verstralers\\\/led-bar\\\/\"},{\"@type\":\"ListItem\",\"position\":5,\"name\":\"Strands Siberia LED bar DR &#8211; 22 inch\"}]},{\"@type\":\"WebSite\",\"@id\":\"https:\\\/\\\/www.oudadl.testontwikkeling.nl\\\/#website\",\"url\":\"https:\\\/\\\/www.oudadl.testontwikkeling.nl\\\/\",\"name\":\"All Day Led\",\"description\":\"\",\"publisher\":{\"@id\":\"https:\\\/\\\/www.oudadl.testontwikkeling.nl\\\/#organization\"},\"potentialAction\":[{\"@type\":\"SearchAction\",\"target\":{\"@type\":\"EntryPoint\",\"urlTemplate\":\"https:\\\/\\\/www.oudadl.testontwikkeling.nl\\\/?s={search_term_string}\"},\"query-input\":{\"@type\":\"PropertyValueSpecification\",\"valueRequired\":true,\"valueName\":\"search_term_string\"}}],\"inLanguage\":\"de\"},{\"@type\":\"Organization\",\"@id\":\"https:\\\/\\\/www.oudadl.testontwikkeling.nl\\\/#organization\",\"name\":\"All Day Led\",\"url\":\"https:\\\/\\\/www.oudadl.testontwikkeling.nl\\\/\",\"logo\":{\"@type\":\"ImageObject\",\"inLanguage\":\"de\",\"@id\":\"https:\\\/\\\/www.oudadl.testontwikkeling.nl\\\/#\\\/schema\\\/logo\\\/image\\\/\",\"url\":\"https:\\\/\\\/www.oudadl.testontwikkeling.nl\\\/wp-content\\\/uploads\\\/2022\\\/08\\\/Logo-ALL-DAY-LED-800x800-zwart-witte-letters.png\",\"contentUrl\":\"https:\\\/\\\/www.oudadl.testontwikkeling.nl\\\/wp-content\\\/uploads\\\/2022\\\/08\\\/Logo-ALL-DAY-LED-800x800-zwart-witte-letters.png\",\"width\":800,\"height\":800,\"caption\":\"All Day Led\"},\"image\":{\"@id\":\"https:\\\/\\\/www.oudadl.testontwikkeling.nl\\\/#\\\/schema\\\/logo\\\/image\\\/\"},\"sameAs\":[\"https:\\\/\\\/www.facebook.com\\\/alldayled\\\/\",\"https:\\\/\\\/www.instagram.com\\\/alldayled\\\/\"],\"vatID\":\"NL863960133B01\",\"taxID\":\"86416545\",\"hasMerchantReturnPolicy\":{\"@type\":\"MerchantReturnPolicy\",\"merchantReturnLink\":\"https:\\\/\\\/www.oudadl.testontwikkeling.nl\\\/de\\\/verzenden-retourneren\\\/\"}}]}<\/script>\n<meta property=\"product:brand\" content=\"Strands\" \/>\n<meta property=\"product:price:amount\" content=\"271.20\" \/>\n<meta property=\"product:price:currency\" content=\"EUR\" \/>\n<meta property=\"og:availability\" content=\"instock\" \/>\n<meta property=\"product:availability\" content=\"instock\" \/>\n<meta property=\"product:retailer_item_id\" content=\"ADL809181\" \/>\n<meta property=\"product:condition\" content=\"new\" \/>\n<!-- \/ Yoast SEO Premium plugin. -->","yoast_head_json":{"title":"Strands Siberia DR 22 Zoll - LED bar - All Day Led - 12&amp;24 volt","description":"Strands Siberia DR 22 Zoll LED bar \u2013 1 LUX @ 450 Meter \u2013 ECE R112 zugelassen \u2013 PKW, LKW, Traktor, Wohnmobil und mehr \u2013 f\u00fcr 12&amp;24 volt \u2013 IP67\/69K","robots":{"index":"noindex","follow":"follow","max-snippet":"max-snippet:-1","max-image-preview":"max-image-preview:large","max-video-preview":"max-video-preview:-1"},"og_locale":"de_DE","og_type":"article","og_title":"Siberia LED bar 194W - Strands - 22 inch - All Day Led - 12&24V","og_description":"Siberia LED bar 194W verstraler 22 inch van Strands - 12&24 volt - ECE R112 - auto, vrachtwagen en meer - met LED stadslicht - 16.000 Lumen","og_url":"https:\/\/www.oudadl.testontwikkeling.nl\/de\/produkt\/strands-siberia-led-bar-dr-194w-22-zoll\/","og_site_name":"All Day Led","article_publisher":"https:\/\/www.facebook.com\/alldayled\/","article_modified_time":"2025-11-27T05:03:36+00:00","og_image":[{"width":800,"height":800,"url":"https:\/\/www.oudadl.testontwikkeling.nl\/wp-content\/uploads\/2024\/08\/ADL809181.01.png","type":"image\/png"}],"twitter_misc":{"Preis":"&euro;271,20","Verf\u00fcgbarkeit":"Auf Lager"},"schema":{"@context":"https:\/\/schema.org","@graph":[{"@type":["WebPage","ItemPage"],"@id":"https:\/\/www.oudadl.testontwikkeling.nl\/product\/strands-siberia-led-bar-dr-194w-22-inch\/","url":"https:\/\/www.oudadl.testontwikkeling.nl\/product\/strands-siberia-led-bar-dr-194w-22-inch\/","name":"Strands Siberia DR 22 Zoll - LED bar - All Day Led - 12&amp;24 volt","isPartOf":{"@id":"https:\/\/www.oudadl.testontwikkeling.nl\/#website"},"primaryImageOfPage":{"@id":"https:\/\/www.oudadl.testontwikkeling.nl\/product\/strands-siberia-led-bar-dr-194w-22-inch\/#primaryimage"},"image":{"@id":"https:\/\/www.oudadl.testontwikkeling.nl\/product\/strands-siberia-led-bar-dr-194w-22-inch\/#primaryimage"},"thumbnailUrl":"https:\/\/www.oudadl.testontwikkeling.nl\/wp-content\/uploads\/2021\/01\/ADL89181.-Siberia-DR22inch.png","datePublished":"2021-01-23T09:35:57+00:00","dateModified":"2025-11-27T05:03:36+00:00","description":"Strands Siberia DR 22 Zoll LED bar \u2013 1 LUX @ 450 Meter \u2013 ECE R112 zugelassen \u2013 PKW, LKW, Traktor, Wohnmobil und mehr \u2013 f\u00fcr 12&amp;24 volt \u2013 IP67\/69K","breadcrumb":{"@id":"https:\/\/www.oudadl.testontwikkeling.nl\/product\/strands-siberia-led-bar-dr-194w-22-inch\/#breadcrumb"},"inLanguage":"de","potentialAction":[{"@type":"ReadAction","target":["https:\/\/www.oudadl.testontwikkeling.nl\/product\/strands-siberia-led-bar-dr-194w-22-inch\/"]}]},{"@type":"ImageObject","inLanguage":"de","@id":"https:\/\/www.oudadl.testontwikkeling.nl\/product\/strands-siberia-led-bar-dr-194w-22-inch\/#primaryimage","url":"https:\/\/www.oudadl.testontwikkeling.nl\/wp-content\/uploads\/2021\/01\/ADL89181.-Siberia-DR22inch.png","contentUrl":"https:\/\/www.oudadl.testontwikkeling.nl\/wp-content\/uploads\/2021\/01\/ADL89181.-Siberia-DR22inch.png","width":800,"height":600,"caption":"Strands Siberia LED bar 194W double row 22 inch - LED balk voor 12 en 24 volt - EAN: 7323030183790"},{"@type":"BreadcrumbList","@id":"https:\/\/www.oudadl.testontwikkeling.nl\/product\/strands-siberia-led-bar-dr-194w-22-inch\/#breadcrumb","itemListElement":[{"@type":"ListItem","position":1,"name":"Home","item":"https:\/\/www.oudadl.testontwikkeling.nl\/"},{"@type":"ListItem","position":2,"name":"Shop","item":"https:\/\/www.oudadl.testontwikkeling.nl\/de\/shop\/"},{"@type":"ListItem","position":3,"name":"Verstralers","item":"https:\/\/www.oudadl.testontwikkeling.nl\/product-categorie\/verstralers\/"},{"@type":"ListItem","position":4,"name":"LED bar","item":"https:\/\/www.oudadl.testontwikkeling.nl\/product-categorie\/verstralers\/led-bar\/"},{"@type":"ListItem","position":5,"name":"Strands Siberia LED bar DR &#8211; 22 inch"}]},{"@type":"WebSite","@id":"https:\/\/www.oudadl.testontwikkeling.nl\/#website","url":"https:\/\/www.oudadl.testontwikkeling.nl\/","name":"All Day Led","description":"","publisher":{"@id":"https:\/\/www.oudadl.testontwikkeling.nl\/#organization"},"potentialAction":[{"@type":"SearchAction","target":{"@type":"EntryPoint","urlTemplate":"https:\/\/www.oudadl.testontwikkeling.nl\/?s={search_term_string}"},"query-input":{"@type":"PropertyValueSpecification","valueRequired":true,"valueName":"search_term_string"}}],"inLanguage":"de"},{"@type":"Organization","@id":"https:\/\/www.oudadl.testontwikkeling.nl\/#organization","name":"All Day Led","url":"https:\/\/www.oudadl.testontwikkeling.nl\/","logo":{"@type":"ImageObject","inLanguage":"de","@id":"https:\/\/www.oudadl.testontwikkeling.nl\/#\/schema\/logo\/image\/","url":"https:\/\/www.oudadl.testontwikkeling.nl\/wp-content\/uploads\/2022\/08\/Logo-ALL-DAY-LED-800x800-zwart-witte-letters.png","contentUrl":"https:\/\/www.oudadl.testontwikkeling.nl\/wp-content\/uploads\/2022\/08\/Logo-ALL-DAY-LED-800x800-zwart-witte-letters.png","width":800,"height":800,"caption":"All Day Led"},"image":{"@id":"https:\/\/www.oudadl.testontwikkeling.nl\/#\/schema\/logo\/image\/"},"sameAs":["https:\/\/www.facebook.com\/alldayled\/","https:\/\/www.instagram.com\/alldayled\/"],"vatID":"NL863960133B01","taxID":"86416545","hasMerchantReturnPolicy":{"@type":"MerchantReturnPolicy","merchantReturnLink":"https:\/\/www.oudadl.testontwikkeling.nl\/de\/verzenden-retourneren\/"}}]},"product_brand":"Strands","product_price_amount":"271.20","product_price_currency":"EUR","og_availability":"instock","product_availability":"instock","product_retailer_item_id":"ADL809181","product_condition":"new"},"_links":{"self":[{"href":"https:\/\/www.oudadl.testontwikkeling.nl\/de\/wp-json\/wp\/v2\/product\/13525","targetHints":{"allow":["GET"]}}],"collection":[{"href":"https:\/\/www.oudadl.testontwikkeling.nl\/de\/wp-json\/wp\/v2\/product"}],"about":[{"href":"https:\/\/www.oudadl.testontwikkeling.nl\/de\/wp-json\/wp\/v2\/types\/product"}],"replies":[{"embeddable":true,"href":"https:\/\/www.oudadl.testontwikkeling.nl\/de\/wp-json\/wp\/v2\/comments?post=13525"}],"wp:featuredmedia":[{"embeddable":true,"href":"https:\/\/www.oudadl.testontwikkeling.nl\/de\/wp-json\/wp\/v2\/media\/19771"}],"wp:attachment":[{"href":"https:\/\/www.oudadl.testontwikkeling.nl\/de\/wp-json\/wp\/v2\/media?parent=13525"}],"wp:term":[{"taxonomy":"product_brand","embeddable":true,"href":"https:\/\/www.oudadl.testontwikkeling.nl\/de\/wp-json\/wp\/v2\/product_brand?post=13525"},{"taxonomy":"product_cat","embeddable":true,"href":"https:\/\/www.oudadl.testontwikkeling.nl\/de\/wp-json\/wp\/v2\/product_cat?post=13525"},{"taxonomy":"product_tag","embeddable":true,"href":"https:\/\/www.oudadl.testontwikkeling.nl\/de\/wp-json\/wp\/v2\/product_tag?post=13525"}],"curies":[{"name":"wp","href":"https:\/\/api.w.org\/{rel}","templated":true}]}}